{"id":27567,"date":"2025-03-11T07:43:54","date_gmt":"2025-03-11T06:43:54","guid":{"rendered":"https:\/\/viggobendz.dk\/butik\/uncategorized\/250x25x3000\/"},"modified":"2025-03-11T07:43:54","modified_gmt":"2025-03-11T06:43:54","slug":"250x25x3000","status":"publish","type":"product","link":"https:\/\/viggobendz.dk\/en\/butik\/wear-parts\/steel\/cutting-steel\/250x25x3000\/","title":{"rendered":"250x25x3000"},"content":{"rendered":"<p data-start=\"0\" data-end=\"53\"><strong data-start=\"0\" data-end=\"51\">HB500 Cutting steel &#8211; Hardened for maximum wear resistance<\/strong><\/p>\n<p data-start=\"55\" data-end=\"335\">When you work with excavators and loaders, you know that wear and tear is inevitable &#8211; but that doesn&#8217;t mean you have to accept rapid deterioration. HB500 cutting steel is designed to withstand extreme stress and wear, so you can keep your machine running longer without expensive replacements. <\/p>\n<p data-start=\"337\" data-end=\"580\">  <strong data-start=\"340\" data-end=\"358\">High wear resistance<\/strong> &#8211; Hardened to 500 HB for maximum durability.<br data-start=\"403\" data-end=\"406\"> <strong data-start=\"409\" data-end=\"434\">Reduced maintenance<\/strong> &#8211; Less downtime, fewer replacements.<br data-start=\"473\" data-end=\"476\"> <strong data-start=\"479\" data-end=\"509\">Perfect for buckets<\/strong> &#8211; Ideal for excavators and loaders working in harsh environments.<\/p>\n<p data-start=\"582\" data-end=\"661\" data-is-last-node=\"&gt;V\u00e6lg HB500 sk\u00e6rst\u00e5l, og f\u00e5 en l\u00f8sning, der kan modst\u00e5 selv de h\u00e5rdeste opgaver.&lt;\/p&gt; &lt;a href=\" https:=\"\"><span style=\"color: #bf8c2f;\"><strong>Data sheet<\/strong><\/span><\/p>\n","protected":false},"excerpt":{"rendered":"<p>HB500 Cutting Steel &#8211; Hardened for maximum wear resistance!<\/p>\n","protected":false},"featured_media":16414,"template":"","meta":{"_acf_changed":false},"product_brand":[],"product_cat":[9553,9552,2654],"product_tag":[],"class_list":{"0":"post-27567","1":"product","2":"type-product","3":"status-publish","4":"has-post-thumbnail","6":"product_cat-cutting-steel","7":"product_cat-steel","8":"product_cat-wear-parts","10":"first","11":"instock","12":"taxable","13":"shipping-taxable","14":"purchasable","15":"product-type-simple"},"acf":[],"yoast_head":"<title>250x25x3000 - Viggo Bendz<\/title>\n<meta name=\"robots\" content=\"index, follow, max-snippet:-1, max-image-preview:large, max-video-preview:-1\" \/>\n<link rel=\"canonical\" href=\"https:\/\/viggobendz.dk\/en\/butik\/wear-parts\/steel\/cutting-steel\/250x25x3000\/\" \/>\n<meta property=\"og:locale\" content=\"en_US\" \/>\n<meta property=\"og:type\" content=\"article\" \/>\n<meta property=\"og:title\" content=\"250x25x3000 - Viggo Bendz\" \/>\n<meta property=\"og:description\" content=\"HB500 Cutting Steel - Hardened for maximum wear resistance!\" \/>\n<meta property=\"og:url\" content=\"https:\/\/viggobendz.dk\/en\/butik\/wear-parts\/steel\/cutting-steel\/250x25x3000\/\" \/>\n<meta property=\"og:site_name\" content=\"Viggo Bendz\" \/>\n<meta property=\"og:image\" content=\"https:\/\/viggobendz.dk\/wp-content\/uploads\/2020\/09\/hb500-skaerstaal-viggo-bendz-1-scaled.jpg\" \/>\n\t<meta property=\"og:image:width\" content=\"2560\" \/>\n\t<meta property=\"og:image:height\" content=\"1440\" \/>\n\t<meta property=\"og:image:type\" content=\"image\/jpeg\" \/>\n<meta name=\"twitter:card\" content=\"summary_large_image\" \/>\n<script type=\"application\/ld+json\" class=\"yoast-schema-graph\">{\"@context\":\"https:\/\/schema.org\",\"@graph\":[{\"@type\":\"WebPage\",\"@id\":\"https:\/\/viggobendz.dk\/en\/butik\/wear-parts\/steel\/cutting-steel\/250x25x3000\/\",\"url\":\"https:\/\/viggobendz.dk\/en\/butik\/wear-parts\/steel\/cutting-steel\/250x25x3000\/\",\"name\":\"250x25x3000 - Viggo Bendz\",\"isPartOf\":{\"@id\":\"https:\/\/viggobendz.dk\/en\/#website\"},\"primaryImageOfPage\":{\"@id\":\"https:\/\/viggobendz.dk\/en\/butik\/wear-parts\/steel\/cutting-steel\/250x25x3000\/#primaryimage\"},\"image\":{\"@id\":\"https:\/\/viggobendz.dk\/en\/butik\/wear-parts\/steel\/cutting-steel\/250x25x3000\/#primaryimage\"},\"thumbnailUrl\":\"https:\/\/viggobendz.dk\/wp-content\/uploads\/2020\/09\/hb500-skaerstaal-viggo-bendz-1-scaled.jpg\",\"datePublished\":\"2025-03-11T06:43:54+00:00\",\"breadcrumb\":{\"@id\":\"https:\/\/viggobendz.dk\/en\/butik\/wear-parts\/steel\/cutting-steel\/250x25x3000\/#breadcrumb\"},\"inLanguage\":\"en-US\",\"potentialAction\":[{\"@type\":\"ReadAction\",\"target\":[\"https:\/\/viggobendz.dk\/en\/butik\/wear-parts\/steel\/cutting-steel\/250x25x3000\/\"]}]},{\"@type\":\"ImageObject\",\"inLanguage\":\"en-US\",\"@id\":\"https:\/\/viggobendz.dk\/en\/butik\/wear-parts\/steel\/cutting-steel\/250x25x3000\/#primaryimage\",\"url\":\"https:\/\/viggobendz.dk\/wp-content\/uploads\/2020\/09\/hb500-skaerstaal-viggo-bendz-1-scaled.jpg\",\"contentUrl\":\"https:\/\/viggobendz.dk\/wp-content\/uploads\/2020\/09\/hb500-skaerstaal-viggo-bendz-1-scaled.jpg\",\"width\":2560,\"height\":1440},{\"@type\":\"BreadcrumbList\",\"@id\":\"https:\/\/viggobendz.dk\/en\/butik\/wear-parts\/steel\/cutting-steel\/250x25x3000\/#breadcrumb\",\"itemListElement\":[{\"@type\":\"ListItem\",\"position\":1,\"name\":\"Hjem\",\"item\":\"https:\/\/viggobendz.dk\/en\/home-page\/\"},{\"@type\":\"ListItem\",\"position\":2,\"name\":\"Shop\",\"item\":\"https:\/\/viggobendz.dk\/butik\/\"},{\"@type\":\"ListItem\",\"position\":3,\"name\":\"Wear parts\",\"item\":\"https:\/\/viggobendz.dk\/en\/vare-kategori\/wear-parts\/\"},{\"@type\":\"ListItem\",\"position\":4,\"name\":\"Steel\",\"item\":\"https:\/\/viggobendz.dk\/en\/vare-kategori\/wear-parts\/steel\/\"},{\"@type\":\"ListItem\",\"position\":5,\"name\":\"Cutting steel\",\"item\":\"https:\/\/viggobendz.dk\/en\/vare-kategori\/wear-parts\/steel\/cutting-steel\/\"},{\"@type\":\"ListItem\",\"position\":6,\"name\":\"250x25x3000\"}]},{\"@type\":\"WebSite\",\"@id\":\"https:\/\/viggobendz.dk\/en\/#website\",\"url\":\"https:\/\/viggobendz.dk\/en\/\",\"name\":\"Viggo Bendz\",\"description\":\"Det ansvarlige valg\",\"publisher\":{\"@id\":\"https:\/\/viggobendz.dk\/en\/#organization\"},\"potentialAction\":[{\"@type\":\"SearchAction\",\"target\":{\"@type\":\"EntryPoint\",\"urlTemplate\":\"https:\/\/viggobendz.dk\/en\/?s={search_term_string}\"},\"query-input\":{\"@type\":\"PropertyValueSpecification\",\"valueRequired\":true,\"valueName\":\"search_term_string\"}}],\"inLanguage\":\"en-US\"},{\"@type\":\"Organization\",\"@id\":\"https:\/\/viggobendz.dk\/en\/#organization\",\"name\":\"Viggo Bendz A\/S\",\"url\":\"https:\/\/viggobendz.dk\/en\/\",\"logo\":{\"@type\":\"ImageObject\",\"inLanguage\":\"en-US\",\"@id\":\"https:\/\/viggobendz.dk\/en\/#\/schema\/logo\/image\/\",\"url\":\"https:\/\/viggobendz.dk\/wp-content\/uploads\/2020\/03\/VB-Logo.png\",\"contentUrl\":\"https:\/\/viggobendz.dk\/wp-content\/uploads\/2020\/03\/VB-Logo.png\",\"width\":735,\"height\":776,\"caption\":\"Viggo Bendz A\/S\"},\"image\":{\"@id\":\"https:\/\/viggobendz.dk\/en\/#\/schema\/logo\/image\/\"}}]}<\/script>","yoast_head_json":{"title":"250x25x3000 - Viggo Bendz","robots":{"index":"index","follow":"follow","max-snippet":"max-snippet:-1","max-image-preview":"max-image-preview:large","max-video-preview":"max-video-preview:-1"},"canonical":"https:\/\/viggobendz.dk\/en\/butik\/wear-parts\/steel\/cutting-steel\/250x25x3000\/","og_locale":"en_US","og_type":"article","og_title":"250x25x3000 - Viggo Bendz","og_description":"HB500 Cutting Steel - Hardened for maximum wear resistance!","og_url":"https:\/\/viggobendz.dk\/en\/butik\/wear-parts\/steel\/cutting-steel\/250x25x3000\/","og_site_name":"Viggo Bendz","og_image":[{"width":2560,"height":1440,"url":"https:\/\/viggobendz.dk\/wp-content\/uploads\/2020\/09\/hb500-skaerstaal-viggo-bendz-1-scaled.jpg","type":"image\/jpeg"}],"twitter_card":"summary_large_image","schema":{"@context":"https:\/\/schema.org","@graph":[{"@type":"WebPage","@id":"https:\/\/viggobendz.dk\/en\/butik\/wear-parts\/steel\/cutting-steel\/250x25x3000\/","url":"https:\/\/viggobendz.dk\/en\/butik\/wear-parts\/steel\/cutting-steel\/250x25x3000\/","name":"250x25x3000 - Viggo Bendz","isPartOf":{"@id":"https:\/\/viggobendz.dk\/en\/#website"},"primaryImageOfPage":{"@id":"https:\/\/viggobendz.dk\/en\/butik\/wear-parts\/steel\/cutting-steel\/250x25x3000\/#primaryimage"},"image":{"@id":"https:\/\/viggobendz.dk\/en\/butik\/wear-parts\/steel\/cutting-steel\/250x25x3000\/#primaryimage"},"thumbnailUrl":"https:\/\/viggobendz.dk\/wp-content\/uploads\/2020\/09\/hb500-skaerstaal-viggo-bendz-1-scaled.jpg","datePublished":"2025-03-11T06:43:54+00:00","breadcrumb":{"@id":"https:\/\/viggobendz.dk\/en\/butik\/wear-parts\/steel\/cutting-steel\/250x25x3000\/#breadcrumb"},"inLanguage":"en-US","potentialAction":[{"@type":"ReadAction","target":["https:\/\/viggobendz.dk\/en\/butik\/wear-parts\/steel\/cutting-steel\/250x25x3000\/"]}]},{"@type":"ImageObject","inLanguage":"en-US","@id":"https:\/\/viggobendz.dk\/en\/butik\/wear-parts\/steel\/cutting-steel\/250x25x3000\/#primaryimage","url":"https:\/\/viggobendz.dk\/wp-content\/uploads\/2020\/09\/hb500-skaerstaal-viggo-bendz-1-scaled.jpg","contentUrl":"https:\/\/viggobendz.dk\/wp-content\/uploads\/2020\/09\/hb500-skaerstaal-viggo-bendz-1-scaled.jpg","width":2560,"height":1440},{"@type":"BreadcrumbList","@id":"https:\/\/viggobendz.dk\/en\/butik\/wear-parts\/steel\/cutting-steel\/250x25x3000\/#breadcrumb","itemListElement":[{"@type":"ListItem","position":1,"name":"Hjem","item":"https:\/\/viggobendz.dk\/en\/home-page\/"},{"@type":"ListItem","position":2,"name":"Shop","item":"https:\/\/viggobendz.dk\/butik\/"},{"@type":"ListItem","position":3,"name":"Wear parts","item":"https:\/\/viggobendz.dk\/en\/vare-kategori\/wear-parts\/"},{"@type":"ListItem","position":4,"name":"Steel","item":"https:\/\/viggobendz.dk\/en\/vare-kategori\/wear-parts\/steel\/"},{"@type":"ListItem","position":5,"name":"Cutting steel","item":"https:\/\/viggobendz.dk\/en\/vare-kategori\/wear-parts\/steel\/cutting-steel\/"},{"@type":"ListItem","position":6,"name":"250x25x3000"}]},{"@type":"WebSite","@id":"https:\/\/viggobendz.dk\/en\/#website","url":"https:\/\/viggobendz.dk\/en\/","name":"Viggo Bendz","description":"Det ansvarlige valg","publisher":{"@id":"https:\/\/viggobendz.dk\/en\/#organization"},"potentialAction":[{"@type":"SearchAction","target":{"@type":"EntryPoint","urlTemplate":"https:\/\/viggobendz.dk\/en\/?s={search_term_string}"},"query-input":{"@type":"PropertyValueSpecification","valueRequired":true,"valueName":"search_term_string"}}],"inLanguage":"en-US"},{"@type":"Organization","@id":"https:\/\/viggobendz.dk\/en\/#organization","name":"Viggo Bendz A\/S","url":"https:\/\/viggobendz.dk\/en\/","logo":{"@type":"ImageObject","inLanguage":"en-US","@id":"https:\/\/viggobendz.dk\/en\/#\/schema\/logo\/image\/","url":"https:\/\/viggobendz.dk\/wp-content\/uploads\/2020\/03\/VB-Logo.png","contentUrl":"https:\/\/viggobendz.dk\/wp-content\/uploads\/2020\/03\/VB-Logo.png","width":735,"height":776,"caption":"Viggo Bendz A\/S"},"image":{"@id":"https:\/\/viggobendz.dk\/en\/#\/schema\/logo\/image\/"}}]}},"_links":{"self":[{"href":"https:\/\/viggobendz.dk\/en\/wp-json\/wp\/v2\/product\/27567","targetHints":{"allow":["GET"]}}],"collection":[{"href":"https:\/\/viggobendz.dk\/en\/wp-json\/wp\/v2\/product"}],"about":[{"href":"https:\/\/viggobendz.dk\/en\/wp-json\/wp\/v2\/types\/product"}],"wp:featuredmedia":[{"embeddable":true,"href":"https:\/\/viggobendz.dk\/en\/wp-json\/wp\/v2\/media\/16414"}],"wp:attachment":[{"href":"https:\/\/viggobendz.dk\/en\/wp-json\/wp\/v2\/media?parent=27567"}],"wp:term":[{"taxonomy":"product_brand","embeddable":true,"href":"https:\/\/viggobendz.dk\/en\/wp-json\/wp\/v2\/product_brand?post=27567"},{"taxonomy":"product_cat","embeddable":true,"href":"https:\/\/viggobendz.dk\/en\/wp-json\/wp\/v2\/product_cat?post=27567"},{"taxonomy":"product_tag","embeddable":true,"href":"https:\/\/viggobendz.dk\/en\/wp-json\/wp\/v2\/product_tag?post=27567"}],"curies":[{"name":"wp","href":"https:\/\/api.w.org\/{rel}","templated":true}]}}