{"id":27621,"date":"2025-03-11T07:44:06","date_gmt":"2025-03-11T06:44:06","guid":{"rendered":"https:\/\/viggobendz.dk\/butik\/uncategorized\/120x20x3000\/"},"modified":"2025-03-11T07:44:06","modified_gmt":"2025-03-11T06:44:06","slug":"120x20x3000","status":"publish","type":"product","link":"https:\/\/viggobendz.dk\/en\/butik\/wear-parts\/steel\/wear-steel\/120x20x3000\/","title":{"rendered":"120x20x3000"},"content":{"rendered":"<p data-start=\"0\" data-end=\"58\"><strong data-start=\"0\" data-end=\"56\">Wear steel &#8211; Effective protection for demanding applications<\/strong><\/p>\n<p data-start=\"60\" data-end=\"337\">Wear steel is used to extend the lifetime of exposed machine parts and minimize wear in demanding working environments. It is often welded to the underside of excavator and loader buckets to protect against wear, but can also be used for other applications where durability is essential. <\/p>\n<p data-start=\"339\" data-end=\"586\">  <strong data-start=\"342\" data-end=\"364\">Extreme durability<\/strong> &#8211; Resists abrasion, impact and hard ground.<br data-start=\"404\" data-end=\"407\"> <strong data-start=\"410\" data-end=\"434\">Flexible application<\/strong> &#8211; Ideal for bucket protection, but can also be used on other wear surfaces.<br data-start=\"506\" data-end=\"509\"> <strong data-start=\"512\" data-end=\"530\">Increased uptime<\/strong> &#8211; Reduces the need for repairs and replacements.<\/p>\n<p data-start=\"588\" data-end=\"727\" data-is-last-node=\"&gt;Uanset om du skal beskytte undersiden af en skovl eller en anden kritisk komponent, giver slidst\u00e5l en p\u00e5lidelig og langtidsholdbar l\u00f8sning.&lt;\/p&gt; &lt;p data-start=\" https:=\"\"><span style=\"color: #bf8c2f;\"><strong>Data sheet<\/strong><\/span><\/p>\n","protected":false},"excerpt":{"rendered":"<p>Wear steel &#8211; Effective protection for demanding applications!<\/p>\n","protected":false},"featured_media":16330,"template":"","meta":{"_acf_changed":false},"product_brand":[],"product_cat":[9552,2654,9561],"product_tag":[],"class_list":{"0":"post-27621","1":"product","2":"type-product","3":"status-publish","4":"has-post-thumbnail","6":"product_cat-steel","7":"product_cat-wear-parts","8":"product_cat-wear-steel","10":"first","11":"instock","12":"taxable","13":"shipping-taxable","14":"purchasable","15":"product-type-simple"},"acf":[],"yoast_head":"<title>120x20x3000 - Viggo Bendz<\/title>\n<meta name=\"robots\" content=\"index, follow, max-snippet:-1, max-image-preview:large, max-video-preview:-1\" \/>\n<link rel=\"canonical\" href=\"https:\/\/viggobendz.dk\/en\/butik\/wear-parts\/steel\/wear-steel\/120x20x3000\/\" \/>\n<meta property=\"og:locale\" content=\"en_US\" \/>\n<meta property=\"og:type\" content=\"article\" \/>\n<meta property=\"og:title\" content=\"120x20x3000 - Viggo Bendz\" \/>\n<meta property=\"og:description\" content=\"Wear steel - Effective protection for demanding applications!\" \/>\n<meta property=\"og:url\" content=\"https:\/\/viggobendz.dk\/en\/butik\/wear-parts\/steel\/wear-steel\/120x20x3000\/\" \/>\n<meta property=\"og:site_name\" content=\"Viggo Bendz\" \/>\n<meta property=\"og:image\" content=\"https:\/\/viggobendz.dk\/wp-content\/uploads\/2020\/09\/hb500-slidstaal-viggo-bendz-scaled.jpg\" \/>\n\t<meta property=\"og:image:width\" content=\"2560\" \/>\n\t<meta property=\"og:image:height\" content=\"1440\" \/>\n\t<meta property=\"og:image:type\" content=\"image\/jpeg\" \/>\n<meta name=\"twitter:card\" content=\"summary_large_image\" \/>\n<script type=\"application\/ld+json\" class=\"yoast-schema-graph\">{\"@context\":\"https:\/\/schema.org\",\"@graph\":[{\"@type\":\"WebPage\",\"@id\":\"https:\/\/viggobendz.dk\/en\/butik\/wear-parts\/steel\/wear-steel\/120x20x3000\/\",\"url\":\"https:\/\/viggobendz.dk\/en\/butik\/wear-parts\/steel\/wear-steel\/120x20x3000\/\",\"name\":\"120x20x3000 - Viggo Bendz\",\"isPartOf\":{\"@id\":\"https:\/\/viggobendz.dk\/en\/#website\"},\"primaryImageOfPage\":{\"@id\":\"https:\/\/viggobendz.dk\/en\/butik\/wear-parts\/steel\/wear-steel\/120x20x3000\/#primaryimage\"},\"image\":{\"@id\":\"https:\/\/viggobendz.dk\/en\/butik\/wear-parts\/steel\/wear-steel\/120x20x3000\/#primaryimage\"},\"thumbnailUrl\":\"https:\/\/viggobendz.dk\/wp-content\/uploads\/2020\/09\/hb500-slidstaal-viggo-bendz-scaled.jpg\",\"datePublished\":\"2025-03-11T06:44:06+00:00\",\"breadcrumb\":{\"@id\":\"https:\/\/viggobendz.dk\/en\/butik\/wear-parts\/steel\/wear-steel\/120x20x3000\/#breadcrumb\"},\"inLanguage\":\"en-US\",\"potentialAction\":[{\"@type\":\"ReadAction\",\"target\":[\"https:\/\/viggobendz.dk\/en\/butik\/wear-parts\/steel\/wear-steel\/120x20x3000\/\"]}]},{\"@type\":\"ImageObject\",\"inLanguage\":\"en-US\",\"@id\":\"https:\/\/viggobendz.dk\/en\/butik\/wear-parts\/steel\/wear-steel\/120x20x3000\/#primaryimage\",\"url\":\"https:\/\/viggobendz.dk\/wp-content\/uploads\/2020\/09\/hb500-slidstaal-viggo-bendz-scaled.jpg\",\"contentUrl\":\"https:\/\/viggobendz.dk\/wp-content\/uploads\/2020\/09\/hb500-slidstaal-viggo-bendz-scaled.jpg\",\"width\":2560,\"height\":1440,\"caption\":\"hb500-abrasive steel-viggo-bendz\"},{\"@type\":\"BreadcrumbList\",\"@id\":\"https:\/\/viggobendz.dk\/en\/butik\/wear-parts\/steel\/wear-steel\/120x20x3000\/#breadcrumb\",\"itemListElement\":[{\"@type\":\"ListItem\",\"position\":1,\"name\":\"Hjem\",\"item\":\"https:\/\/viggobendz.dk\/en\/home-page\/\"},{\"@type\":\"ListItem\",\"position\":2,\"name\":\"Shop\",\"item\":\"https:\/\/viggobendz.dk\/butik\/\"},{\"@type\":\"ListItem\",\"position\":3,\"name\":\"Wear parts\",\"item\":\"https:\/\/viggobendz.dk\/en\/vare-kategori\/wear-parts\/\"},{\"@type\":\"ListItem\",\"position\":4,\"name\":\"Steel\",\"item\":\"https:\/\/viggobendz.dk\/en\/vare-kategori\/wear-parts\/steel\/\"},{\"@type\":\"ListItem\",\"position\":5,\"name\":\"Wear steel\",\"item\":\"https:\/\/viggobendz.dk\/en\/vare-kategori\/wear-parts\/steel\/wear-steel\/\"},{\"@type\":\"ListItem\",\"position\":6,\"name\":\"120x20x3000\"}]},{\"@type\":\"WebSite\",\"@id\":\"https:\/\/viggobendz.dk\/en\/#website\",\"url\":\"https:\/\/viggobendz.dk\/en\/\",\"name\":\"Viggo Bendz\",\"description\":\"Det ansvarlige valg\",\"publisher\":{\"@id\":\"https:\/\/viggobendz.dk\/en\/#organization\"},\"potentialAction\":[{\"@type\":\"SearchAction\",\"target\":{\"@type\":\"EntryPoint\",\"urlTemplate\":\"https:\/\/viggobendz.dk\/en\/?s={search_term_string}\"},\"query-input\":{\"@type\":\"PropertyValueSpecification\",\"valueRequired\":true,\"valueName\":\"search_term_string\"}}],\"inLanguage\":\"en-US\"},{\"@type\":\"Organization\",\"@id\":\"https:\/\/viggobendz.dk\/en\/#organization\",\"name\":\"Viggo Bendz A\/S\",\"url\":\"https:\/\/viggobendz.dk\/en\/\",\"logo\":{\"@type\":\"ImageObject\",\"inLanguage\":\"en-US\",\"@id\":\"https:\/\/viggobendz.dk\/en\/#\/schema\/logo\/image\/\",\"url\":\"https:\/\/viggobendz.dk\/wp-content\/uploads\/2020\/03\/VB-Logo.png\",\"contentUrl\":\"https:\/\/viggobendz.dk\/wp-content\/uploads\/2020\/03\/VB-Logo.png\",\"width\":735,\"height\":776,\"caption\":\"Viggo Bendz A\/S\"},\"image\":{\"@id\":\"https:\/\/viggobendz.dk\/en\/#\/schema\/logo\/image\/\"}}]}<\/script>","yoast_head_json":{"title":"120x20x3000 - Viggo Bendz","robots":{"index":"index","follow":"follow","max-snippet":"max-snippet:-1","max-image-preview":"max-image-preview:large","max-video-preview":"max-video-preview:-1"},"canonical":"https:\/\/viggobendz.dk\/en\/butik\/wear-parts\/steel\/wear-steel\/120x20x3000\/","og_locale":"en_US","og_type":"article","og_title":"120x20x3000 - Viggo Bendz","og_description":"Wear steel - Effective protection for demanding applications!","og_url":"https:\/\/viggobendz.dk\/en\/butik\/wear-parts\/steel\/wear-steel\/120x20x3000\/","og_site_name":"Viggo Bendz","og_image":[{"width":2560,"height":1440,"url":"https:\/\/viggobendz.dk\/wp-content\/uploads\/2020\/09\/hb500-slidstaal-viggo-bendz-scaled.jpg","type":"image\/jpeg"}],"twitter_card":"summary_large_image","schema":{"@context":"https:\/\/schema.org","@graph":[{"@type":"WebPage","@id":"https:\/\/viggobendz.dk\/en\/butik\/wear-parts\/steel\/wear-steel\/120x20x3000\/","url":"https:\/\/viggobendz.dk\/en\/butik\/wear-parts\/steel\/wear-steel\/120x20x3000\/","name":"120x20x3000 - Viggo Bendz","isPartOf":{"@id":"https:\/\/viggobendz.dk\/en\/#website"},"primaryImageOfPage":{"@id":"https:\/\/viggobendz.dk\/en\/butik\/wear-parts\/steel\/wear-steel\/120x20x3000\/#primaryimage"},"image":{"@id":"https:\/\/viggobendz.dk\/en\/butik\/wear-parts\/steel\/wear-steel\/120x20x3000\/#primaryimage"},"thumbnailUrl":"https:\/\/viggobendz.dk\/wp-content\/uploads\/2020\/09\/hb500-slidstaal-viggo-bendz-scaled.jpg","datePublished":"2025-03-11T06:44:06+00:00","breadcrumb":{"@id":"https:\/\/viggobendz.dk\/en\/butik\/wear-parts\/steel\/wear-steel\/120x20x3000\/#breadcrumb"},"inLanguage":"en-US","potentialAction":[{"@type":"ReadAction","target":["https:\/\/viggobendz.dk\/en\/butik\/wear-parts\/steel\/wear-steel\/120x20x3000\/"]}]},{"@type":"ImageObject","inLanguage":"en-US","@id":"https:\/\/viggobendz.dk\/en\/butik\/wear-parts\/steel\/wear-steel\/120x20x3000\/#primaryimage","url":"https:\/\/viggobendz.dk\/wp-content\/uploads\/2020\/09\/hb500-slidstaal-viggo-bendz-scaled.jpg","contentUrl":"https:\/\/viggobendz.dk\/wp-content\/uploads\/2020\/09\/hb500-slidstaal-viggo-bendz-scaled.jpg","width":2560,"height":1440,"caption":"hb500-abrasive steel-viggo-bendz"},{"@type":"BreadcrumbList","@id":"https:\/\/viggobendz.dk\/en\/butik\/wear-parts\/steel\/wear-steel\/120x20x3000\/#breadcrumb","itemListElement":[{"@type":"ListItem","position":1,"name":"Hjem","item":"https:\/\/viggobendz.dk\/en\/home-page\/"},{"@type":"ListItem","position":2,"name":"Shop","item":"https:\/\/viggobendz.dk\/butik\/"},{"@type":"ListItem","position":3,"name":"Wear parts","item":"https:\/\/viggobendz.dk\/en\/vare-kategori\/wear-parts\/"},{"@type":"ListItem","position":4,"name":"Steel","item":"https:\/\/viggobendz.dk\/en\/vare-kategori\/wear-parts\/steel\/"},{"@type":"ListItem","position":5,"name":"Wear steel","item":"https:\/\/viggobendz.dk\/en\/vare-kategori\/wear-parts\/steel\/wear-steel\/"},{"@type":"ListItem","position":6,"name":"120x20x3000"}]},{"@type":"WebSite","@id":"https:\/\/viggobendz.dk\/en\/#website","url":"https:\/\/viggobendz.dk\/en\/","name":"Viggo Bendz","description":"Det ansvarlige valg","publisher":{"@id":"https:\/\/viggobendz.dk\/en\/#organization"},"potentialAction":[{"@type":"SearchAction","target":{"@type":"EntryPoint","urlTemplate":"https:\/\/viggobendz.dk\/en\/?s={search_term_string}"},"query-input":{"@type":"PropertyValueSpecification","valueRequired":true,"valueName":"search_term_string"}}],"inLanguage":"en-US"},{"@type":"Organization","@id":"https:\/\/viggobendz.dk\/en\/#organization","name":"Viggo Bendz A\/S","url":"https:\/\/viggobendz.dk\/en\/","logo":{"@type":"ImageObject","inLanguage":"en-US","@id":"https:\/\/viggobendz.dk\/en\/#\/schema\/logo\/image\/","url":"https:\/\/viggobendz.dk\/wp-content\/uploads\/2020\/03\/VB-Logo.png","contentUrl":"https:\/\/viggobendz.dk\/wp-content\/uploads\/2020\/03\/VB-Logo.png","width":735,"height":776,"caption":"Viggo Bendz A\/S"},"image":{"@id":"https:\/\/viggobendz.dk\/en\/#\/schema\/logo\/image\/"}}]}},"_links":{"self":[{"href":"https:\/\/viggobendz.dk\/en\/wp-json\/wp\/v2\/product\/27621","targetHints":{"allow":["GET"]}}],"collection":[{"href":"https:\/\/viggobendz.dk\/en\/wp-json\/wp\/v2\/product"}],"about":[{"href":"https:\/\/viggobendz.dk\/en\/wp-json\/wp\/v2\/types\/product"}],"wp:featuredmedia":[{"embeddable":true,"href":"https:\/\/viggobendz.dk\/en\/wp-json\/wp\/v2\/media\/16330"}],"wp:attachment":[{"href":"https:\/\/viggobendz.dk\/en\/wp-json\/wp\/v2\/media?parent=27621"}],"wp:term":[{"taxonomy":"product_brand","embeddable":true,"href":"https:\/\/viggobendz.dk\/en\/wp-json\/wp\/v2\/product_brand?post=27621"},{"taxonomy":"product_cat","embeddable":true,"href":"https:\/\/viggobendz.dk\/en\/wp-json\/wp\/v2\/product_cat?post=27621"},{"taxonomy":"product_tag","embeddable":true,"href":"https:\/\/viggobendz.dk\/en\/wp-json\/wp\/v2\/product_tag?post=27621"}],"curies":[{"name":"wp","href":"https:\/\/api.w.org\/{rel}","templated":true}]}}