{"id":27638,"date":"2025-03-11T07:44:06","date_gmt":"2025-03-11T06:44:06","guid":{"rendered":"https:\/\/viggobendz.dk\/butik\/uncategorized\/254\/"},"modified":"2025-03-11T07:44:06","modified_gmt":"2025-03-11T06:44:06","slug":"254","status":"publish","type":"product","link":"https:\/\/viggobendz.dk\/en\/butik\/wear-parts\/steel\/willow-shear\/254\/","title":{"rendered":"254"},"content":{"rendered":"<p data-start=\"69\" data-end=\"343\">The arrow blade is designed to ensure optimal penetration in hard materials and protect the front of the bucket from wear. It is welded directly to the bucket and is typically used for excavators and loaders working in harsh environments with compact soil, rock or other heavy material. <\/p>\n<p data-start=\"345\" data-end=\"609\">  <strong data-start=\"348\" data-end=\"376\">Effective penetration<\/strong> &#8211; Cuts through hard surfaces more easily.<br data-start=\"418\" data-end=\"421\"> <strong data-start=\"424\" data-end=\"462\">Welded on for maximum durability<\/strong> &#8211; A solid solution for long-term protection.<br data-start=\"508\" data-end=\"511\"> <strong data-start=\"514\" data-end=\"543\">Reduces bucket wear<\/strong> &#8211; Extends lifetime and reduces maintenance costs.<\/p>\n<p data-start=\"611\" data-end=\"708\" data-is-last-node=\"&gt;Med pilesk\u00e6r sikrer du bedre ydeevne og mindre slid p\u00e5 din skovl, selv under de h\u00e5rdeste forhold.&lt;\/p&gt; &lt;p data-start=\" https:=\"\"><span style=\"color: #bf8c2f;\"><strong>Data sheet<\/strong><\/span><\/p>\n","protected":false},"excerpt":{"rendered":"<p>The arrow blade is designed to ensure optimal penetration in hard materials and protect the front of the bucket from wear. It is welded directly to the bucket and is typically used for excavators and loaders working in harsh environments with compact soil, rock or other heavy material. <\/p>\n","protected":false},"featured_media":16490,"template":"","meta":{"_acf_changed":false},"product_brand":[],"product_cat":[9552,2654,9565],"product_tag":[],"class_list":{"0":"post-27638","1":"product","2":"type-product","3":"status-publish","4":"has-post-thumbnail","6":"product_cat-steel","7":"product_cat-wear-parts","8":"product_cat-willow-shear","10":"first","11":"instock","12":"taxable","13":"shipping-taxable","14":"purchasable","15":"product-type-simple"},"acf":[],"yoast_head":"<title>254 - Viggo Bendz<\/title>\n<meta name=\"robots\" content=\"index, follow, max-snippet:-1, max-image-preview:large, max-video-preview:-1\" \/>\n<link rel=\"canonical\" href=\"https:\/\/viggobendz.dk\/en\/butik\/wear-parts\/steel\/willow-shear\/254\/\" \/>\n<meta property=\"og:locale\" content=\"en_US\" \/>\n<meta property=\"og:type\" content=\"article\" \/>\n<meta property=\"og:title\" content=\"254 - Viggo Bendz\" \/>\n<meta property=\"og:description\" content=\"The arrow blade is designed to ensure optimal penetration in hard materials and protect the front of the bucket from wear. It is welded directly to the bucket and is typically used for excavators and loaders working in harsh environments with compact soil, rock or other heavy material.\" \/>\n<meta property=\"og:url\" content=\"https:\/\/viggobendz.dk\/en\/butik\/wear-parts\/steel\/willow-shear\/254\/\" \/>\n<meta property=\"og:site_name\" content=\"Viggo Bendz\" \/>\n<meta property=\"og:image\" content=\"https:\/\/viggobendz.dk\/wp-content\/uploads\/2020\/10\/hb500-pileskaer-viggo-bendz-scaled.jpg\" \/>\n\t<meta property=\"og:image:width\" content=\"2560\" \/>\n\t<meta property=\"og:image:height\" content=\"1440\" \/>\n\t<meta property=\"og:image:type\" content=\"image\/jpeg\" \/>\n<meta name=\"twitter:card\" content=\"summary_large_image\" \/>\n<script type=\"application\/ld+json\" class=\"yoast-schema-graph\">{\"@context\":\"https:\/\/schema.org\",\"@graph\":[{\"@type\":\"WebPage\",\"@id\":\"https:\/\/viggobendz.dk\/en\/butik\/wear-parts\/steel\/willow-shear\/254\/\",\"url\":\"https:\/\/viggobendz.dk\/en\/butik\/wear-parts\/steel\/willow-shear\/254\/\",\"name\":\"254 - Viggo Bendz\",\"isPartOf\":{\"@id\":\"https:\/\/viggobendz.dk\/en\/#website\"},\"primaryImageOfPage\":{\"@id\":\"https:\/\/viggobendz.dk\/en\/butik\/wear-parts\/steel\/willow-shear\/254\/#primaryimage\"},\"image\":{\"@id\":\"https:\/\/viggobendz.dk\/en\/butik\/wear-parts\/steel\/willow-shear\/254\/#primaryimage\"},\"thumbnailUrl\":\"https:\/\/viggobendz.dk\/wp-content\/uploads\/2020\/10\/hb500-pileskaer-viggo-bendz-scaled.jpg\",\"datePublished\":\"2025-03-11T06:44:06+00:00\",\"breadcrumb\":{\"@id\":\"https:\/\/viggobendz.dk\/en\/butik\/wear-parts\/steel\/willow-shear\/254\/#breadcrumb\"},\"inLanguage\":\"en-US\",\"potentialAction\":[{\"@type\":\"ReadAction\",\"target\":[\"https:\/\/viggobendz.dk\/en\/butik\/wear-parts\/steel\/willow-shear\/254\/\"]}]},{\"@type\":\"ImageObject\",\"inLanguage\":\"en-US\",\"@id\":\"https:\/\/viggobendz.dk\/en\/butik\/wear-parts\/steel\/willow-shear\/254\/#primaryimage\",\"url\":\"https:\/\/viggobendz.dk\/wp-content\/uploads\/2020\/10\/hb500-pileskaer-viggo-bendz-scaled.jpg\",\"contentUrl\":\"https:\/\/viggobendz.dk\/wp-content\/uploads\/2020\/10\/hb500-pileskaer-viggo-bendz-scaled.jpg\",\"width\":2560,\"height\":1440,\"caption\":\"hb500-pileskaer-viggo-bendz\"},{\"@type\":\"BreadcrumbList\",\"@id\":\"https:\/\/viggobendz.dk\/en\/butik\/wear-parts\/steel\/willow-shear\/254\/#breadcrumb\",\"itemListElement\":[{\"@type\":\"ListItem\",\"position\":1,\"name\":\"Hjem\",\"item\":\"https:\/\/viggobendz.dk\/en\/home-page\/\"},{\"@type\":\"ListItem\",\"position\":2,\"name\":\"Shop\",\"item\":\"https:\/\/viggobendz.dk\/butik\/\"},{\"@type\":\"ListItem\",\"position\":3,\"name\":\"Wear parts\",\"item\":\"https:\/\/viggobendz.dk\/en\/vare-kategori\/wear-parts\/\"},{\"@type\":\"ListItem\",\"position\":4,\"name\":\"Steel\",\"item\":\"https:\/\/viggobendz.dk\/en\/vare-kategori\/wear-parts\/steel\/\"},{\"@type\":\"ListItem\",\"position\":5,\"name\":\"Willow shear\",\"item\":\"https:\/\/viggobendz.dk\/en\/vare-kategori\/wear-parts\/steel\/willow-shear\/\"},{\"@type\":\"ListItem\",\"position\":6,\"name\":\"254\"}]},{\"@type\":\"WebSite\",\"@id\":\"https:\/\/viggobendz.dk\/en\/#website\",\"url\":\"https:\/\/viggobendz.dk\/en\/\",\"name\":\"Viggo Bendz\",\"description\":\"Det ansvarlige valg\",\"publisher\":{\"@id\":\"https:\/\/viggobendz.dk\/en\/#organization\"},\"potentialAction\":[{\"@type\":\"SearchAction\",\"target\":{\"@type\":\"EntryPoint\",\"urlTemplate\":\"https:\/\/viggobendz.dk\/en\/?s={search_term_string}\"},\"query-input\":{\"@type\":\"PropertyValueSpecification\",\"valueRequired\":true,\"valueName\":\"search_term_string\"}}],\"inLanguage\":\"en-US\"},{\"@type\":\"Organization\",\"@id\":\"https:\/\/viggobendz.dk\/en\/#organization\",\"name\":\"Viggo Bendz A\/S\",\"url\":\"https:\/\/viggobendz.dk\/en\/\",\"logo\":{\"@type\":\"ImageObject\",\"inLanguage\":\"en-US\",\"@id\":\"https:\/\/viggobendz.dk\/en\/#\/schema\/logo\/image\/\",\"url\":\"https:\/\/viggobendz.dk\/wp-content\/uploads\/2020\/03\/VB-Logo.png\",\"contentUrl\":\"https:\/\/viggobendz.dk\/wp-content\/uploads\/2020\/03\/VB-Logo.png\",\"width\":735,\"height\":776,\"caption\":\"Viggo Bendz A\/S\"},\"image\":{\"@id\":\"https:\/\/viggobendz.dk\/en\/#\/schema\/logo\/image\/\"}}]}<\/script>","yoast_head_json":{"title":"254 - Viggo Bendz","robots":{"index":"index","follow":"follow","max-snippet":"max-snippet:-1","max-image-preview":"max-image-preview:large","max-video-preview":"max-video-preview:-1"},"canonical":"https:\/\/viggobendz.dk\/en\/butik\/wear-parts\/steel\/willow-shear\/254\/","og_locale":"en_US","og_type":"article","og_title":"254 - Viggo Bendz","og_description":"The arrow blade is designed to ensure optimal penetration in hard materials and protect the front of the bucket from wear. It is welded directly to the bucket and is typically used for excavators and loaders working in harsh environments with compact soil, rock or other heavy material.","og_url":"https:\/\/viggobendz.dk\/en\/butik\/wear-parts\/steel\/willow-shear\/254\/","og_site_name":"Viggo Bendz","og_image":[{"width":2560,"height":1440,"url":"https:\/\/viggobendz.dk\/wp-content\/uploads\/2020\/10\/hb500-pileskaer-viggo-bendz-scaled.jpg","type":"image\/jpeg"}],"twitter_card":"summary_large_image","schema":{"@context":"https:\/\/schema.org","@graph":[{"@type":"WebPage","@id":"https:\/\/viggobendz.dk\/en\/butik\/wear-parts\/steel\/willow-shear\/254\/","url":"https:\/\/viggobendz.dk\/en\/butik\/wear-parts\/steel\/willow-shear\/254\/","name":"254 - Viggo Bendz","isPartOf":{"@id":"https:\/\/viggobendz.dk\/en\/#website"},"primaryImageOfPage":{"@id":"https:\/\/viggobendz.dk\/en\/butik\/wear-parts\/steel\/willow-shear\/254\/#primaryimage"},"image":{"@id":"https:\/\/viggobendz.dk\/en\/butik\/wear-parts\/steel\/willow-shear\/254\/#primaryimage"},"thumbnailUrl":"https:\/\/viggobendz.dk\/wp-content\/uploads\/2020\/10\/hb500-pileskaer-viggo-bendz-scaled.jpg","datePublished":"2025-03-11T06:44:06+00:00","breadcrumb":{"@id":"https:\/\/viggobendz.dk\/en\/butik\/wear-parts\/steel\/willow-shear\/254\/#breadcrumb"},"inLanguage":"en-US","potentialAction":[{"@type":"ReadAction","target":["https:\/\/viggobendz.dk\/en\/butik\/wear-parts\/steel\/willow-shear\/254\/"]}]},{"@type":"ImageObject","inLanguage":"en-US","@id":"https:\/\/viggobendz.dk\/en\/butik\/wear-parts\/steel\/willow-shear\/254\/#primaryimage","url":"https:\/\/viggobendz.dk\/wp-content\/uploads\/2020\/10\/hb500-pileskaer-viggo-bendz-scaled.jpg","contentUrl":"https:\/\/viggobendz.dk\/wp-content\/uploads\/2020\/10\/hb500-pileskaer-viggo-bendz-scaled.jpg","width":2560,"height":1440,"caption":"hb500-pileskaer-viggo-bendz"},{"@type":"BreadcrumbList","@id":"https:\/\/viggobendz.dk\/en\/butik\/wear-parts\/steel\/willow-shear\/254\/#breadcrumb","itemListElement":[{"@type":"ListItem","position":1,"name":"Hjem","item":"https:\/\/viggobendz.dk\/en\/home-page\/"},{"@type":"ListItem","position":2,"name":"Shop","item":"https:\/\/viggobendz.dk\/butik\/"},{"@type":"ListItem","position":3,"name":"Wear parts","item":"https:\/\/viggobendz.dk\/en\/vare-kategori\/wear-parts\/"},{"@type":"ListItem","position":4,"name":"Steel","item":"https:\/\/viggobendz.dk\/en\/vare-kategori\/wear-parts\/steel\/"},{"@type":"ListItem","position":5,"name":"Willow shear","item":"https:\/\/viggobendz.dk\/en\/vare-kategori\/wear-parts\/steel\/willow-shear\/"},{"@type":"ListItem","position":6,"name":"254"}]},{"@type":"WebSite","@id":"https:\/\/viggobendz.dk\/en\/#website","url":"https:\/\/viggobendz.dk\/en\/","name":"Viggo Bendz","description":"Det ansvarlige valg","publisher":{"@id":"https:\/\/viggobendz.dk\/en\/#organization"},"potentialAction":[{"@type":"SearchAction","target":{"@type":"EntryPoint","urlTemplate":"https:\/\/viggobendz.dk\/en\/?s={search_term_string}"},"query-input":{"@type":"PropertyValueSpecification","valueRequired":true,"valueName":"search_term_string"}}],"inLanguage":"en-US"},{"@type":"Organization","@id":"https:\/\/viggobendz.dk\/en\/#organization","name":"Viggo Bendz A\/S","url":"https:\/\/viggobendz.dk\/en\/","logo":{"@type":"ImageObject","inLanguage":"en-US","@id":"https:\/\/viggobendz.dk\/en\/#\/schema\/logo\/image\/","url":"https:\/\/viggobendz.dk\/wp-content\/uploads\/2020\/03\/VB-Logo.png","contentUrl":"https:\/\/viggobendz.dk\/wp-content\/uploads\/2020\/03\/VB-Logo.png","width":735,"height":776,"caption":"Viggo Bendz A\/S"},"image":{"@id":"https:\/\/viggobendz.dk\/en\/#\/schema\/logo\/image\/"}}]}},"_links":{"self":[{"href":"https:\/\/viggobendz.dk\/en\/wp-json\/wp\/v2\/product\/27638","targetHints":{"allow":["GET"]}}],"collection":[{"href":"https:\/\/viggobendz.dk\/en\/wp-json\/wp\/v2\/product"}],"about":[{"href":"https:\/\/viggobendz.dk\/en\/wp-json\/wp\/v2\/types\/product"}],"wp:featuredmedia":[{"embeddable":true,"href":"https:\/\/viggobendz.dk\/en\/wp-json\/wp\/v2\/media\/16490"}],"wp:attachment":[{"href":"https:\/\/viggobendz.dk\/en\/wp-json\/wp\/v2\/media?parent=27638"}],"wp:term":[{"taxonomy":"product_brand","embeddable":true,"href":"https:\/\/viggobendz.dk\/en\/wp-json\/wp\/v2\/product_brand?post=27638"},{"taxonomy":"product_cat","embeddable":true,"href":"https:\/\/viggobendz.dk\/en\/wp-json\/wp\/v2\/product_cat?post=27638"},{"taxonomy":"product_tag","embeddable":true,"href":"https:\/\/viggobendz.dk\/en\/wp-json\/wp\/v2\/product_tag?post=27638"}],"curies":[{"name":"wp","href":"https:\/\/api.w.org\/{rel}","templated":true}]}}