{"id":27741,"date":"2025-03-11T07:44:36","date_gmt":"2025-03-11T06:44:36","guid":{"rendered":"https:\/\/viggobendz.dk\/butik\/uncategorized\/4-5-tooth-holder-e326-1\/"},"modified":"2025-03-11T07:44:36","modified_gmt":"2025-03-11T06:44:36","slug":"4-5-tooth-holder-e326-1","status":"publish","type":"product","link":"https:\/\/viggobendz.dk\/en\/butik\/wear-parts\/teeth\/cat\/tine-holder-for-excavators\/4-5-tooth-holder-e326-1\/","title":{"rendered":"4.5&#8243; Tooth holder (E326.1)"},"content":{"rendered":"<p data-start=\"0\" data-end=\"58\"><strong data-start=\"0\" data-end=\"56\">CAT Tine holder &#8211; For excavation work<\/strong><\/p>\n<p data-start=\"60\" data-end=\"353\">The CAT tooth holder ensures a solid and reliable attachment of tooth caps to the bucket. Designed to withstand heavy loads, it provides an optimal connection between the bucket and tines for the best possible performance during excavation work. <\/p>\n<p data-start=\"355\" data-end=\"604\">  <strong data-start=\"358\" data-end=\"380\">Secure attachment<\/strong> &#8211; Keeps the tooth cap firmly in place during hard work.<br data-start=\"438\" data-end=\"441\"> <strong data-start=\"444\" data-end=\"468\">Durable and long-lasting<\/strong> &#8211; Designed to withstand heavy loads.<br data-start=\"519\" data-end=\"522\"> <strong data-start=\"525\" data-end=\"552\">Fits the CAT system<\/strong> &#8211; Ensures optimal compatibility and easy installation.<\/p>\n<p data-start=\"606\" data-end=\"728\" data-is-last-node=\"&gt;Med en CAT tandholder f\u00e5r du en st\u00e6rk og driftssikker l\u00f8sning til gravearbejde, der forl\u00e6nger udstyrets levetid og ydeevne.&lt;\/p&gt; &lt;p data-start=\" https:=\"\"><span style=\"color: #bf8c2f;\"><strong>Data sheet<\/strong><\/span><\/p>\n","protected":false},"excerpt":{"rendered":"<p>CAT Tine holder &#8211; For digging<\/p>\n<p>Fits 50 mm blades.<\/p>\n","protected":false},"featured_media":3155,"template":"","meta":{"_acf_changed":false},"product_brand":[],"product_cat":[8749,2647,9581,2654],"product_tag":[],"class_list":{"0":"post-27741","1":"product","2":"type-product","3":"status-publish","4":"has-post-thumbnail","6":"product_cat-cat","7":"product_cat-teeth","8":"product_cat-tine-holder-for-excavators","9":"product_cat-wear-parts","11":"first","12":"instock","13":"taxable","14":"shipping-taxable","15":"purchasable","16":"product-type-simple"},"acf":[],"yoast_head":"<title>4.5&quot; Tooth holder (E326.1) - Viggo Bendz<\/title>\n<meta name=\"robots\" content=\"index, follow, max-snippet:-1, max-image-preview:large, max-video-preview:-1\" \/>\n<link rel=\"canonical\" href=\"https:\/\/viggobendz.dk\/en\/butik\/wear-parts\/teeth\/cat\/tine-holder-for-excavators\/4-5-tooth-holder-e326-1\/\" \/>\n<meta property=\"og:locale\" content=\"en_US\" \/>\n<meta property=\"og:type\" content=\"article\" \/>\n<meta property=\"og:title\" content=\"4.5&quot; Tooth holder (E326.1) - Viggo Bendz\" \/>\n<meta property=\"og:description\" content=\"CAT Tine holder - For digging Fits 50 mm blades.\" \/>\n<meta property=\"og:url\" content=\"https:\/\/viggobendz.dk\/en\/butik\/wear-parts\/teeth\/cat\/tine-holder-for-excavators\/4-5-tooth-holder-e326-1\/\" \/>\n<meta property=\"og:site_name\" content=\"Viggo Bendz\" \/>\n<meta property=\"og:image\" content=\"https:\/\/viggobendz.dk\/wp-content\/uploads\/2021\/04\/tandholder-cat-system-3G8354-2_google-shopping-scaled-e1639061993480.jpg\" \/>\n\t<meta property=\"og:image:width\" content=\"750\" \/>\n\t<meta property=\"og:image:height\" content=\"500\" \/>\n\t<meta property=\"og:image:type\" content=\"image\/jpeg\" \/>\n<meta name=\"twitter:card\" content=\"summary_large_image\" \/>\n<script type=\"application\/ld+json\" class=\"yoast-schema-graph\">{\"@context\":\"https:\/\/schema.org\",\"@graph\":[{\"@type\":\"WebPage\",\"@id\":\"https:\/\/viggobendz.dk\/en\/butik\/wear-parts\/teeth\/cat\/tine-holder-for-excavators\/4-5-tooth-holder-e326-1\/\",\"url\":\"https:\/\/viggobendz.dk\/en\/butik\/wear-parts\/teeth\/cat\/tine-holder-for-excavators\/4-5-tooth-holder-e326-1\/\",\"name\":\"4.5\\\" Tooth holder (E326.1) - Viggo Bendz\",\"isPartOf\":{\"@id\":\"https:\/\/viggobendz.dk\/en\/#website\"},\"primaryImageOfPage\":{\"@id\":\"https:\/\/viggobendz.dk\/en\/butik\/wear-parts\/teeth\/cat\/tine-holder-for-excavators\/4-5-tooth-holder-e326-1\/#primaryimage\"},\"image\":{\"@id\":\"https:\/\/viggobendz.dk\/en\/butik\/wear-parts\/teeth\/cat\/tine-holder-for-excavators\/4-5-tooth-holder-e326-1\/#primaryimage\"},\"thumbnailUrl\":\"https:\/\/viggobendz.dk\/wp-content\/uploads\/2021\/04\/tandholder-cat-system-3G8354-2_google-shopping-scaled-e1639061993480.jpg\",\"datePublished\":\"2025-03-11T06:44:36+00:00\",\"breadcrumb\":{\"@id\":\"https:\/\/viggobendz.dk\/en\/butik\/wear-parts\/teeth\/cat\/tine-holder-for-excavators\/4-5-tooth-holder-e326-1\/#breadcrumb\"},\"inLanguage\":\"en-US\",\"potentialAction\":[{\"@type\":\"ReadAction\",\"target\":[\"https:\/\/viggobendz.dk\/en\/butik\/wear-parts\/teeth\/cat\/tine-holder-for-excavators\/4-5-tooth-holder-e326-1\/\"]}]},{\"@type\":\"ImageObject\",\"inLanguage\":\"en-US\",\"@id\":\"https:\/\/viggobendz.dk\/en\/butik\/wear-parts\/teeth\/cat\/tine-holder-for-excavators\/4-5-tooth-holder-e326-1\/#primaryimage\",\"url\":\"https:\/\/viggobendz.dk\/wp-content\/uploads\/2021\/04\/tandholder-cat-system-3G8354-2_google-shopping-scaled-e1639061993480.jpg\",\"contentUrl\":\"https:\/\/viggobendz.dk\/wp-content\/uploads\/2021\/04\/tandholder-cat-system-3G8354-2_google-shopping-scaled-e1639061993480.jpg\",\"width\":750,\"height\":500},{\"@type\":\"BreadcrumbList\",\"@id\":\"https:\/\/viggobendz.dk\/en\/butik\/wear-parts\/teeth\/cat\/tine-holder-for-excavators\/4-5-tooth-holder-e326-1\/#breadcrumb\",\"itemListElement\":[{\"@type\":\"ListItem\",\"position\":1,\"name\":\"Hjem\",\"item\":\"https:\/\/viggobendz.dk\/en\/home-page\/\"},{\"@type\":\"ListItem\",\"position\":2,\"name\":\"Shop\",\"item\":\"https:\/\/viggobendz.dk\/butik\/\"},{\"@type\":\"ListItem\",\"position\":3,\"name\":\"Wear parts\",\"item\":\"https:\/\/viggobendz.dk\/en\/vare-kategori\/wear-parts\/\"},{\"@type\":\"ListItem\",\"position\":4,\"name\":\"Teeth\",\"item\":\"https:\/\/viggobendz.dk\/en\/vare-kategori\/wear-parts\/teeth\/\"},{\"@type\":\"ListItem\",\"position\":5,\"name\":\"CAT\",\"item\":\"https:\/\/viggobendz.dk\/en\/vare-kategori\/wear-parts\/teeth\/cat\/\"},{\"@type\":\"ListItem\",\"position\":6,\"name\":\"Tine holder for excavators\",\"item\":\"https:\/\/viggobendz.dk\/en\/vare-kategori\/wear-parts\/teeth\/cat\/tine-holder-for-excavators\/\"},{\"@type\":\"ListItem\",\"position\":7,\"name\":\"4.5&#8243; Tooth holder (E326.1)\"}]},{\"@type\":\"WebSite\",\"@id\":\"https:\/\/viggobendz.dk\/en\/#website\",\"url\":\"https:\/\/viggobendz.dk\/en\/\",\"name\":\"Viggo Bendz\",\"description\":\"Det ansvarlige valg\",\"publisher\":{\"@id\":\"https:\/\/viggobendz.dk\/en\/#organization\"},\"potentialAction\":[{\"@type\":\"SearchAction\",\"target\":{\"@type\":\"EntryPoint\",\"urlTemplate\":\"https:\/\/viggobendz.dk\/en\/?s={search_term_string}\"},\"query-input\":{\"@type\":\"PropertyValueSpecification\",\"valueRequired\":true,\"valueName\":\"search_term_string\"}}],\"inLanguage\":\"en-US\"},{\"@type\":\"Organization\",\"@id\":\"https:\/\/viggobendz.dk\/en\/#organization\",\"name\":\"Viggo Bendz A\/S\",\"url\":\"https:\/\/viggobendz.dk\/en\/\",\"logo\":{\"@type\":\"ImageObject\",\"inLanguage\":\"en-US\",\"@id\":\"https:\/\/viggobendz.dk\/en\/#\/schema\/logo\/image\/\",\"url\":\"https:\/\/viggobendz.dk\/wp-content\/uploads\/2020\/03\/VB-Logo.png\",\"contentUrl\":\"https:\/\/viggobendz.dk\/wp-content\/uploads\/2020\/03\/VB-Logo.png\",\"width\":735,\"height\":776,\"caption\":\"Viggo Bendz A\/S\"},\"image\":{\"@id\":\"https:\/\/viggobendz.dk\/en\/#\/schema\/logo\/image\/\"}}]}<\/script>","yoast_head_json":{"title":"4.5\" Tooth holder (E326.1) - Viggo Bendz","robots":{"index":"index","follow":"follow","max-snippet":"max-snippet:-1","max-image-preview":"max-image-preview:large","max-video-preview":"max-video-preview:-1"},"canonical":"https:\/\/viggobendz.dk\/en\/butik\/wear-parts\/teeth\/cat\/tine-holder-for-excavators\/4-5-tooth-holder-e326-1\/","og_locale":"en_US","og_type":"article","og_title":"4.5\" Tooth holder (E326.1) - Viggo Bendz","og_description":"CAT Tine holder - For digging Fits 50 mm blades.","og_url":"https:\/\/viggobendz.dk\/en\/butik\/wear-parts\/teeth\/cat\/tine-holder-for-excavators\/4-5-tooth-holder-e326-1\/","og_site_name":"Viggo Bendz","og_image":[{"width":750,"height":500,"url":"https:\/\/viggobendz.dk\/wp-content\/uploads\/2021\/04\/tandholder-cat-system-3G8354-2_google-shopping-scaled-e1639061993480.jpg","type":"image\/jpeg"}],"twitter_card":"summary_large_image","schema":{"@context":"https:\/\/schema.org","@graph":[{"@type":"WebPage","@id":"https:\/\/viggobendz.dk\/en\/butik\/wear-parts\/teeth\/cat\/tine-holder-for-excavators\/4-5-tooth-holder-e326-1\/","url":"https:\/\/viggobendz.dk\/en\/butik\/wear-parts\/teeth\/cat\/tine-holder-for-excavators\/4-5-tooth-holder-e326-1\/","name":"4.5\" Tooth holder (E326.1) - Viggo Bendz","isPartOf":{"@id":"https:\/\/viggobendz.dk\/en\/#website"},"primaryImageOfPage":{"@id":"https:\/\/viggobendz.dk\/en\/butik\/wear-parts\/teeth\/cat\/tine-holder-for-excavators\/4-5-tooth-holder-e326-1\/#primaryimage"},"image":{"@id":"https:\/\/viggobendz.dk\/en\/butik\/wear-parts\/teeth\/cat\/tine-holder-for-excavators\/4-5-tooth-holder-e326-1\/#primaryimage"},"thumbnailUrl":"https:\/\/viggobendz.dk\/wp-content\/uploads\/2021\/04\/tandholder-cat-system-3G8354-2_google-shopping-scaled-e1639061993480.jpg","datePublished":"2025-03-11T06:44:36+00:00","breadcrumb":{"@id":"https:\/\/viggobendz.dk\/en\/butik\/wear-parts\/teeth\/cat\/tine-holder-for-excavators\/4-5-tooth-holder-e326-1\/#breadcrumb"},"inLanguage":"en-US","potentialAction":[{"@type":"ReadAction","target":["https:\/\/viggobendz.dk\/en\/butik\/wear-parts\/teeth\/cat\/tine-holder-for-excavators\/4-5-tooth-holder-e326-1\/"]}]},{"@type":"ImageObject","inLanguage":"en-US","@id":"https:\/\/viggobendz.dk\/en\/butik\/wear-parts\/teeth\/cat\/tine-holder-for-excavators\/4-5-tooth-holder-e326-1\/#primaryimage","url":"https:\/\/viggobendz.dk\/wp-content\/uploads\/2021\/04\/tandholder-cat-system-3G8354-2_google-shopping-scaled-e1639061993480.jpg","contentUrl":"https:\/\/viggobendz.dk\/wp-content\/uploads\/2021\/04\/tandholder-cat-system-3G8354-2_google-shopping-scaled-e1639061993480.jpg","width":750,"height":500},{"@type":"BreadcrumbList","@id":"https:\/\/viggobendz.dk\/en\/butik\/wear-parts\/teeth\/cat\/tine-holder-for-excavators\/4-5-tooth-holder-e326-1\/#breadcrumb","itemListElement":[{"@type":"ListItem","position":1,"name":"Hjem","item":"https:\/\/viggobendz.dk\/en\/home-page\/"},{"@type":"ListItem","position":2,"name":"Shop","item":"https:\/\/viggobendz.dk\/butik\/"},{"@type":"ListItem","position":3,"name":"Wear parts","item":"https:\/\/viggobendz.dk\/en\/vare-kategori\/wear-parts\/"},{"@type":"ListItem","position":4,"name":"Teeth","item":"https:\/\/viggobendz.dk\/en\/vare-kategori\/wear-parts\/teeth\/"},{"@type":"ListItem","position":5,"name":"CAT","item":"https:\/\/viggobendz.dk\/en\/vare-kategori\/wear-parts\/teeth\/cat\/"},{"@type":"ListItem","position":6,"name":"Tine holder for excavators","item":"https:\/\/viggobendz.dk\/en\/vare-kategori\/wear-parts\/teeth\/cat\/tine-holder-for-excavators\/"},{"@type":"ListItem","position":7,"name":"4.5&#8243; Tooth holder (E326.1)"}]},{"@type":"WebSite","@id":"https:\/\/viggobendz.dk\/en\/#website","url":"https:\/\/viggobendz.dk\/en\/","name":"Viggo Bendz","description":"Det ansvarlige valg","publisher":{"@id":"https:\/\/viggobendz.dk\/en\/#organization"},"potentialAction":[{"@type":"SearchAction","target":{"@type":"EntryPoint","urlTemplate":"https:\/\/viggobendz.dk\/en\/?s={search_term_string}"},"query-input":{"@type":"PropertyValueSpecification","valueRequired":true,"valueName":"search_term_string"}}],"inLanguage":"en-US"},{"@type":"Organization","@id":"https:\/\/viggobendz.dk\/en\/#organization","name":"Viggo Bendz A\/S","url":"https:\/\/viggobendz.dk\/en\/","logo":{"@type":"ImageObject","inLanguage":"en-US","@id":"https:\/\/viggobendz.dk\/en\/#\/schema\/logo\/image\/","url":"https:\/\/viggobendz.dk\/wp-content\/uploads\/2020\/03\/VB-Logo.png","contentUrl":"https:\/\/viggobendz.dk\/wp-content\/uploads\/2020\/03\/VB-Logo.png","width":735,"height":776,"caption":"Viggo Bendz A\/S"},"image":{"@id":"https:\/\/viggobendz.dk\/en\/#\/schema\/logo\/image\/"}}]}},"_links":{"self":[{"href":"https:\/\/viggobendz.dk\/en\/wp-json\/wp\/v2\/product\/27741","targetHints":{"allow":["GET"]}}],"collection":[{"href":"https:\/\/viggobendz.dk\/en\/wp-json\/wp\/v2\/product"}],"about":[{"href":"https:\/\/viggobendz.dk\/en\/wp-json\/wp\/v2\/types\/product"}],"wp:featuredmedia":[{"embeddable":true,"href":"https:\/\/viggobendz.dk\/en\/wp-json\/wp\/v2\/media\/3155"}],"wp:attachment":[{"href":"https:\/\/viggobendz.dk\/en\/wp-json\/wp\/v2\/media?parent=27741"}],"wp:term":[{"taxonomy":"product_brand","embeddable":true,"href":"https:\/\/viggobendz.dk\/en\/wp-json\/wp\/v2\/product_brand?post=27741"},{"taxonomy":"product_cat","embeddable":true,"href":"https:\/\/viggobendz.dk\/en\/wp-json\/wp\/v2\/product_cat?post=27741"},{"taxonomy":"product_tag","embeddable":true,"href":"https:\/\/viggobendz.dk\/en\/wp-json\/wp\/v2\/product_tag?post=27741"}],"curies":[{"name":"wp","href":"https:\/\/api.w.org\/{rel}","templated":true}]}}