{"id":27760,"date":"2025-03-11T07:44:36","date_gmt":"2025-03-11T06:44:36","guid":{"rendered":"https:\/\/viggobendz.dk\/butik\/uncategorized\/4-5-tooth-holder-e314-1\/"},"modified":"2025-03-11T07:44:36","modified_gmt":"2025-03-11T06:44:36","slug":"4-5-tooth-holder-e314-1","status":"publish","type":"product","link":"https:\/\/viggobendz.dk\/en\/butik\/wear-parts\/teeth\/cat\/tine-holder-for-loaders\/4-5-tooth-holder-e314-1\/","title":{"rendered":"4.5&#8243; Tooth holder (E314.1)"},"content":{"rendered":"<p data-start=\"0\" data-end=\"58\"><strong data-start=\"0\" data-end=\"56\">CAT Tine holder &#8211; For loading work<\/strong><\/p>\n<p data-start=\"81\" data-end=\"354\">The CAT tooth holder for wheel loaders ensures a strong and stable attachment of tooth caps so your machine can handle heavy loads with minimal wear and tear. Designed to withstand heavy loads, it ensures the tines stay securely on the bucket, even during intensive use. <\/p>\n<p data-start=\"356\" data-end=\"592\">  <strong data-start=\"359\" data-end=\"381\">Extreme durability<\/strong> &#8211; Built to withstand heavy loads and heavy impacts.<br data-start=\"432\" data-end=\"435\"> <strong data-start=\"438\" data-end=\"458\">Secure mounting<\/strong> &#8211; Holds the tooth cap firmly in place for optimal performance.<br data-start=\"513\" data-end=\"516\"> <strong data-start=\"519\" data-end=\"546\">Fits the CAT system<\/strong> &#8211; Ensures compatibility and easy replacement.<\/p>\n<p data-start=\"594\" data-end=\"725\" data-is-last-node=\"&gt;V\u00e6lg en CAT tandholder til din l\u00e6ssemaskine for en driftssikker og slidst\u00e6rk l\u00f8sning, der sikrer effektiv h\u00e5ndtering af materialer.&lt;\/p&gt; &lt;p data-start=\" https:=\"\"><span style=\"color: #bf8c2f;\"><strong>Data sheet<\/strong><\/span><\/p>\n","protected":false},"excerpt":{"rendered":"<p>CAT Tine holder &#8211; For loading work<\/p>\n","protected":false},"featured_media":1108,"template":"","meta":{"_acf_changed":false},"product_brand":[],"product_cat":[8749,2647,9585,2654],"product_tag":[],"class_list":{"0":"post-27760","1":"product","2":"type-product","3":"status-publish","4":"has-post-thumbnail","6":"product_cat-cat","7":"product_cat-teeth","8":"product_cat-tine-holder-for-loaders","9":"product_cat-wear-parts","11":"first","12":"instock","13":"taxable","14":"shipping-taxable","15":"purchasable","16":"product-type-simple"},"acf":[],"yoast_head":"<title>4.5&quot; Tooth holder (E314.1) - Viggo Bendz<\/title>\n<meta name=\"robots\" content=\"index, follow, max-snippet:-1, max-image-preview:large, max-video-preview:-1\" \/>\n<link rel=\"canonical\" href=\"https:\/\/viggobendz.dk\/en\/butik\/wear-parts\/teeth\/cat\/tine-holder-for-loaders\/4-5-tooth-holder-e314-1\/\" \/>\n<meta property=\"og:locale\" content=\"en_US\" \/>\n<meta property=\"og:type\" content=\"article\" \/>\n<meta property=\"og:title\" content=\"4.5&quot; Tooth holder (E314.1) - Viggo Bendz\" \/>\n<meta property=\"og:description\" content=\"CAT Tine holder - For loading work\" \/>\n<meta property=\"og:url\" content=\"https:\/\/viggobendz.dk\/en\/butik\/wear-parts\/teeth\/cat\/tine-holder-for-loaders\/4-5-tooth-holder-e314-1\/\" \/>\n<meta property=\"og:site_name\" content=\"Viggo Bendz\" \/>\n<meta property=\"og:image\" content=\"https:\/\/viggobendz.dk\/wp-content\/uploads\/2020\/09\/tandholder-cat-system-1U1304-2-scaled.jpg\" \/>\n\t<meta property=\"og:image:width\" content=\"2560\" \/>\n\t<meta property=\"og:image:height\" content=\"1707\" \/>\n\t<meta property=\"og:image:type\" content=\"image\/jpeg\" \/>\n<meta name=\"twitter:card\" content=\"summary_large_image\" \/>\n<script type=\"application\/ld+json\" class=\"yoast-schema-graph\">{\"@context\":\"https:\/\/schema.org\",\"@graph\":[{\"@type\":\"WebPage\",\"@id\":\"https:\/\/viggobendz.dk\/en\/butik\/wear-parts\/teeth\/cat\/tine-holder-for-loaders\/4-5-tooth-holder-e314-1\/\",\"url\":\"https:\/\/viggobendz.dk\/en\/butik\/wear-parts\/teeth\/cat\/tine-holder-for-loaders\/4-5-tooth-holder-e314-1\/\",\"name\":\"4.5\\\" Tooth holder (E314.1) - Viggo Bendz\",\"isPartOf\":{\"@id\":\"https:\/\/viggobendz.dk\/en\/#website\"},\"primaryImageOfPage\":{\"@id\":\"https:\/\/viggobendz.dk\/en\/butik\/wear-parts\/teeth\/cat\/tine-holder-for-loaders\/4-5-tooth-holder-e314-1\/#primaryimage\"},\"image\":{\"@id\":\"https:\/\/viggobendz.dk\/en\/butik\/wear-parts\/teeth\/cat\/tine-holder-for-loaders\/4-5-tooth-holder-e314-1\/#primaryimage\"},\"thumbnailUrl\":\"https:\/\/viggobendz.dk\/wp-content\/uploads\/2020\/09\/tandholder-cat-system-1U1304-2-scaled.jpg\",\"datePublished\":\"2025-03-11T06:44:36+00:00\",\"breadcrumb\":{\"@id\":\"https:\/\/viggobendz.dk\/en\/butik\/wear-parts\/teeth\/cat\/tine-holder-for-loaders\/4-5-tooth-holder-e314-1\/#breadcrumb\"},\"inLanguage\":\"en-US\",\"potentialAction\":[{\"@type\":\"ReadAction\",\"target\":[\"https:\/\/viggobendz.dk\/en\/butik\/wear-parts\/teeth\/cat\/tine-holder-for-loaders\/4-5-tooth-holder-e314-1\/\"]}]},{\"@type\":\"ImageObject\",\"inLanguage\":\"en-US\",\"@id\":\"https:\/\/viggobendz.dk\/en\/butik\/wear-parts\/teeth\/cat\/tine-holder-for-loaders\/4-5-tooth-holder-e314-1\/#primaryimage\",\"url\":\"https:\/\/viggobendz.dk\/wp-content\/uploads\/2020\/09\/tandholder-cat-system-1U1304-2-scaled.jpg\",\"contentUrl\":\"https:\/\/viggobendz.dk\/wp-content\/uploads\/2020\/09\/tandholder-cat-system-1U1304-2-scaled.jpg\",\"width\":2560,\"height\":1707},{\"@type\":\"BreadcrumbList\",\"@id\":\"https:\/\/viggobendz.dk\/en\/butik\/wear-parts\/teeth\/cat\/tine-holder-for-loaders\/4-5-tooth-holder-e314-1\/#breadcrumb\",\"itemListElement\":[{\"@type\":\"ListItem\",\"position\":1,\"name\":\"Hjem\",\"item\":\"https:\/\/viggobendz.dk\/en\/home-page\/\"},{\"@type\":\"ListItem\",\"position\":2,\"name\":\"Shop\",\"item\":\"https:\/\/viggobendz.dk\/butik\/\"},{\"@type\":\"ListItem\",\"position\":3,\"name\":\"Wear parts\",\"item\":\"https:\/\/viggobendz.dk\/en\/vare-kategori\/wear-parts\/\"},{\"@type\":\"ListItem\",\"position\":4,\"name\":\"Teeth\",\"item\":\"https:\/\/viggobendz.dk\/en\/vare-kategori\/wear-parts\/teeth\/\"},{\"@type\":\"ListItem\",\"position\":5,\"name\":\"CAT\",\"item\":\"https:\/\/viggobendz.dk\/en\/vare-kategori\/wear-parts\/teeth\/cat\/\"},{\"@type\":\"ListItem\",\"position\":6,\"name\":\"Tine holder for loaders\",\"item\":\"https:\/\/viggobendz.dk\/en\/vare-kategori\/wear-parts\/teeth\/cat\/tine-holder-for-loaders\/\"},{\"@type\":\"ListItem\",\"position\":7,\"name\":\"4.5&#8243; Tooth holder (E314.1)\"}]},{\"@type\":\"WebSite\",\"@id\":\"https:\/\/viggobendz.dk\/en\/#website\",\"url\":\"https:\/\/viggobendz.dk\/en\/\",\"name\":\"Viggo Bendz\",\"description\":\"Det ansvarlige valg\",\"publisher\":{\"@id\":\"https:\/\/viggobendz.dk\/en\/#organization\"},\"potentialAction\":[{\"@type\":\"SearchAction\",\"target\":{\"@type\":\"EntryPoint\",\"urlTemplate\":\"https:\/\/viggobendz.dk\/en\/?s={search_term_string}\"},\"query-input\":{\"@type\":\"PropertyValueSpecification\",\"valueRequired\":true,\"valueName\":\"search_term_string\"}}],\"inLanguage\":\"en-US\"},{\"@type\":\"Organization\",\"@id\":\"https:\/\/viggobendz.dk\/en\/#organization\",\"name\":\"Viggo Bendz A\/S\",\"url\":\"https:\/\/viggobendz.dk\/en\/\",\"logo\":{\"@type\":\"ImageObject\",\"inLanguage\":\"en-US\",\"@id\":\"https:\/\/viggobendz.dk\/en\/#\/schema\/logo\/image\/\",\"url\":\"https:\/\/viggobendz.dk\/wp-content\/uploads\/2020\/03\/VB-Logo.png\",\"contentUrl\":\"https:\/\/viggobendz.dk\/wp-content\/uploads\/2020\/03\/VB-Logo.png\",\"width\":735,\"height\":776,\"caption\":\"Viggo Bendz A\/S\"},\"image\":{\"@id\":\"https:\/\/viggobendz.dk\/en\/#\/schema\/logo\/image\/\"}}]}<\/script>","yoast_head_json":{"title":"4.5\" Tooth holder (E314.1) - Viggo Bendz","robots":{"index":"index","follow":"follow","max-snippet":"max-snippet:-1","max-image-preview":"max-image-preview:large","max-video-preview":"max-video-preview:-1"},"canonical":"https:\/\/viggobendz.dk\/en\/butik\/wear-parts\/teeth\/cat\/tine-holder-for-loaders\/4-5-tooth-holder-e314-1\/","og_locale":"en_US","og_type":"article","og_title":"4.5\" Tooth holder (E314.1) - Viggo Bendz","og_description":"CAT Tine holder - For loading work","og_url":"https:\/\/viggobendz.dk\/en\/butik\/wear-parts\/teeth\/cat\/tine-holder-for-loaders\/4-5-tooth-holder-e314-1\/","og_site_name":"Viggo Bendz","og_image":[{"width":2560,"height":1707,"url":"https:\/\/viggobendz.dk\/wp-content\/uploads\/2020\/09\/tandholder-cat-system-1U1304-2-scaled.jpg","type":"image\/jpeg"}],"twitter_card":"summary_large_image","schema":{"@context":"https:\/\/schema.org","@graph":[{"@type":"WebPage","@id":"https:\/\/viggobendz.dk\/en\/butik\/wear-parts\/teeth\/cat\/tine-holder-for-loaders\/4-5-tooth-holder-e314-1\/","url":"https:\/\/viggobendz.dk\/en\/butik\/wear-parts\/teeth\/cat\/tine-holder-for-loaders\/4-5-tooth-holder-e314-1\/","name":"4.5\" Tooth holder (E314.1) - Viggo Bendz","isPartOf":{"@id":"https:\/\/viggobendz.dk\/en\/#website"},"primaryImageOfPage":{"@id":"https:\/\/viggobendz.dk\/en\/butik\/wear-parts\/teeth\/cat\/tine-holder-for-loaders\/4-5-tooth-holder-e314-1\/#primaryimage"},"image":{"@id":"https:\/\/viggobendz.dk\/en\/butik\/wear-parts\/teeth\/cat\/tine-holder-for-loaders\/4-5-tooth-holder-e314-1\/#primaryimage"},"thumbnailUrl":"https:\/\/viggobendz.dk\/wp-content\/uploads\/2020\/09\/tandholder-cat-system-1U1304-2-scaled.jpg","datePublished":"2025-03-11T06:44:36+00:00","breadcrumb":{"@id":"https:\/\/viggobendz.dk\/en\/butik\/wear-parts\/teeth\/cat\/tine-holder-for-loaders\/4-5-tooth-holder-e314-1\/#breadcrumb"},"inLanguage":"en-US","potentialAction":[{"@type":"ReadAction","target":["https:\/\/viggobendz.dk\/en\/butik\/wear-parts\/teeth\/cat\/tine-holder-for-loaders\/4-5-tooth-holder-e314-1\/"]}]},{"@type":"ImageObject","inLanguage":"en-US","@id":"https:\/\/viggobendz.dk\/en\/butik\/wear-parts\/teeth\/cat\/tine-holder-for-loaders\/4-5-tooth-holder-e314-1\/#primaryimage","url":"https:\/\/viggobendz.dk\/wp-content\/uploads\/2020\/09\/tandholder-cat-system-1U1304-2-scaled.jpg","contentUrl":"https:\/\/viggobendz.dk\/wp-content\/uploads\/2020\/09\/tandholder-cat-system-1U1304-2-scaled.jpg","width":2560,"height":1707},{"@type":"BreadcrumbList","@id":"https:\/\/viggobendz.dk\/en\/butik\/wear-parts\/teeth\/cat\/tine-holder-for-loaders\/4-5-tooth-holder-e314-1\/#breadcrumb","itemListElement":[{"@type":"ListItem","position":1,"name":"Hjem","item":"https:\/\/viggobendz.dk\/en\/home-page\/"},{"@type":"ListItem","position":2,"name":"Shop","item":"https:\/\/viggobendz.dk\/butik\/"},{"@type":"ListItem","position":3,"name":"Wear parts","item":"https:\/\/viggobendz.dk\/en\/vare-kategori\/wear-parts\/"},{"@type":"ListItem","position":4,"name":"Teeth","item":"https:\/\/viggobendz.dk\/en\/vare-kategori\/wear-parts\/teeth\/"},{"@type":"ListItem","position":5,"name":"CAT","item":"https:\/\/viggobendz.dk\/en\/vare-kategori\/wear-parts\/teeth\/cat\/"},{"@type":"ListItem","position":6,"name":"Tine holder for loaders","item":"https:\/\/viggobendz.dk\/en\/vare-kategori\/wear-parts\/teeth\/cat\/tine-holder-for-loaders\/"},{"@type":"ListItem","position":7,"name":"4.5&#8243; Tooth holder (E314.1)"}]},{"@type":"WebSite","@id":"https:\/\/viggobendz.dk\/en\/#website","url":"https:\/\/viggobendz.dk\/en\/","name":"Viggo Bendz","description":"Det ansvarlige valg","publisher":{"@id":"https:\/\/viggobendz.dk\/en\/#organization"},"potentialAction":[{"@type":"SearchAction","target":{"@type":"EntryPoint","urlTemplate":"https:\/\/viggobendz.dk\/en\/?s={search_term_string}"},"query-input":{"@type":"PropertyValueSpecification","valueRequired":true,"valueName":"search_term_string"}}],"inLanguage":"en-US"},{"@type":"Organization","@id":"https:\/\/viggobendz.dk\/en\/#organization","name":"Viggo Bendz A\/S","url":"https:\/\/viggobendz.dk\/en\/","logo":{"@type":"ImageObject","inLanguage":"en-US","@id":"https:\/\/viggobendz.dk\/en\/#\/schema\/logo\/image\/","url":"https:\/\/viggobendz.dk\/wp-content\/uploads\/2020\/03\/VB-Logo.png","contentUrl":"https:\/\/viggobendz.dk\/wp-content\/uploads\/2020\/03\/VB-Logo.png","width":735,"height":776,"caption":"Viggo Bendz A\/S"},"image":{"@id":"https:\/\/viggobendz.dk\/en\/#\/schema\/logo\/image\/"}}]}},"_links":{"self":[{"href":"https:\/\/viggobendz.dk\/en\/wp-json\/wp\/v2\/product\/27760","targetHints":{"allow":["GET"]}}],"collection":[{"href":"https:\/\/viggobendz.dk\/en\/wp-json\/wp\/v2\/product"}],"about":[{"href":"https:\/\/viggobendz.dk\/en\/wp-json\/wp\/v2\/types\/product"}],"wp:featuredmedia":[{"embeddable":true,"href":"https:\/\/viggobendz.dk\/en\/wp-json\/wp\/v2\/media\/1108"}],"wp:attachment":[{"href":"https:\/\/viggobendz.dk\/en\/wp-json\/wp\/v2\/media?parent=27760"}],"wp:term":[{"taxonomy":"product_brand","embeddable":true,"href":"https:\/\/viggobendz.dk\/en\/wp-json\/wp\/v2\/product_brand?post=27760"},{"taxonomy":"product_cat","embeddable":true,"href":"https:\/\/viggobendz.dk\/en\/wp-json\/wp\/v2\/product_cat?post=27760"},{"taxonomy":"product_tag","embeddable":true,"href":"https:\/\/viggobendz.dk\/en\/wp-json\/wp\/v2\/product_tag?post=27760"}],"curies":[{"name":"wp","href":"https:\/\/api.w.org\/{rel}","templated":true}]}}