{"id":23331,"date":"2020-05-19T10:39:44","date_gmt":"2020-05-19T08:39:44","guid":{"rendered":"https:\/\/viggobendz.dk\/faq\/"},"modified":"2026-02-11T10:06:39","modified_gmt":"2026-02-11T09:06:39","slug":"faq","status":"publish","type":"page","link":"https:\/\/viggobendz.dk\/fi\/faq\/","title":{"rendered":"FAQ"},"content":{"rendered":"\t\t<div data-elementor-type=\"wp-page\" data-elementor-id=\"23331\" class=\"elementor elementor-23331 elementor-152\" data-elementor-post-type=\"page\">\n\t\t\t\t<div class=\"elementor-element elementor-element-fd854d1 e-flex e-con-boxed e-con e-parent\" data-id=\"fd854d1\" data-element_type=\"container\" data-e-type=\"container\">\n\t\t\t\t\t<div class=\"e-con-inner\">\n\t\t<div class=\"elementor-element elementor-element-dfb237f e-con-full e-flex e-con e-child\" data-id=\"dfb237f\" data-element_type=\"container\" data-e-type=\"container\">\n\t\t\t\t<div class=\"elementor-element elementor-element-43bf44c elementor-widget elementor-widget-toggle\" data-id=\"43bf44c\" data-element_type=\"widget\" data-e-type=\"widget\" id=\"faq-wrapper\" data-widget_type=\"toggle.default\">\n\t\t\t\t<div class=\"elementor-widget-container\">\n\t\t\t\t\t\t\t<div class=\"elementor-toggle\">\n\t\t\t\t\t\t\t<div class=\"elementor-toggle-item\">\n\t\t\t\t\t<h2 id=\"elementor-tab-title-7101\" class=\"elementor-tab-title\" data-tab=\"1\" role=\"button\" aria-controls=\"elementor-tab-content-7101\" aria-expanded=\"false\">\n\t\t\t\t\t\t\t\t\t\t\t\t<span class=\"elementor-toggle-icon elementor-toggle-icon-right\" aria-hidden=\"true\">\n\t\t\t\t\t\t\t\t\t\t\t\t\t\t\t<span class=\"elementor-toggle-icon-closed\"><i class=\"fas fa-angle-down\"><\/i><\/span>\n\t\t\t\t\t\t\t\t<span class=\"elementor-toggle-icon-opened\"><i class=\"elementor-toggle-icon-opened fas fa-angle-up\"><\/i><\/span>\n\t\t\t\t\t\t\t\t\t\t\t\t\t<\/span>\n\t\t\t\t\t\t\t\t\t\t\t\t<a class=\"elementor-toggle-title\" tabindex=\"0\">Miten luon tilin verkkokauppaan?<\/a>\n\t\t\t\t\t<\/h2>\n\n\t\t\t\t\t<div id=\"elementor-tab-content-7101\" class=\"elementor-tab-content elementor-clearfix\" data-tab=\"1\" role=\"region\" aria-labelledby=\"elementor-tab-title-7101\"><p>T\u00e4yt\u00e4 tietosi lomakkeeseen: <a href=\"https:\/\/viggobendz.dk\/anmod-om-log-ind\/\">Pyyd\u00e4 kirjautumista &#8211; Viggo Bendz<\/a><\/p>\n<p>T\u00e4m\u00e4n j\u00e4lkeen saat s\u00e4hk\u00f6postiviestin, jossa on linkki salasanasi luomiseen (muista tarkistaa, ettei sinulla ole roskapostia).<\/p>\n<p>Sitten olet valmis tilaamaan!<\/p>\n<\/div>\n\t\t\t\t<\/div>\n\t\t\t\t\t\t\t<div class=\"elementor-toggle-item\">\n\t\t\t\t\t<h2 id=\"elementor-tab-title-7102\" class=\"elementor-tab-title\" data-tab=\"2\" role=\"button\" aria-controls=\"elementor-tab-content-7102\" aria-expanded=\"false\">\n\t\t\t\t\t\t\t\t\t\t\t\t<span class=\"elementor-toggle-icon elementor-toggle-icon-right\" aria-hidden=\"true\">\n\t\t\t\t\t\t\t\t\t\t\t\t\t\t\t<span class=\"elementor-toggle-icon-closed\"><i class=\"fas fa-angle-down\"><\/i><\/span>\n\t\t\t\t\t\t\t\t<span class=\"elementor-toggle-icon-opened\"><i class=\"elementor-toggle-icon-opened fas fa-angle-up\"><\/i><\/span>\n\t\t\t\t\t\t\t\t\t\t\t\t\t<\/span>\n\t\t\t\t\t\t\t\t\t\t\t\t<a class=\"elementor-toggle-title\" tabindex=\"0\">Miten luon laajennuskirjautumisen?<\/a>\n\t\t\t\t\t<\/h2>\n\n\t\t\t\t\t<div id=\"elementor-tab-content-7102\" class=\"elementor-tab-content elementor-clearfix\" data-tab=\"2\" role=\"region\" aria-labelledby=\"elementor-tab-title-7102\"><p>Seuraa t\u00e4t\u00e4 linkki\u00e4: <a href=\"http:\/\/portal.expandersystem.com\/public\/application.aspx\" target=\"_blank\" rel=\"noopener\">http:\/\/portal.expandersystem.com\/public\/application.aspx<\/a><\/p>\n<p>Sy\u00f6t\u00e4 tarvittavat tiedot.<\/p>\n<p>Paina &#8221;apply&#8221; -painiketta<\/p>\n<p>Viggo Bendz saa t\u00e4m\u00e4n j\u00e4lkeen s\u00e4hk\u00f6postia Expanderin luomisesta ja hyv\u00e4ksyy sen.<\/p>\n<\/div>\n\t\t\t\t<\/div>\n\t\t\t\t\t\t\t<div class=\"elementor-toggle-item\">\n\t\t\t\t\t<h2 id=\"elementor-tab-title-7103\" class=\"elementor-tab-title\" data-tab=\"3\" role=\"button\" aria-controls=\"elementor-tab-content-7103\" aria-expanded=\"false\">\n\t\t\t\t\t\t\t\t\t\t\t\t<span class=\"elementor-toggle-icon elementor-toggle-icon-right\" aria-hidden=\"true\">\n\t\t\t\t\t\t\t\t\t\t\t\t\t\t\t<span class=\"elementor-toggle-icon-closed\"><i class=\"fas fa-angle-down\"><\/i><\/span>\n\t\t\t\t\t\t\t\t<span class=\"elementor-toggle-icon-opened\"><i class=\"elementor-toggle-icon-opened fas fa-angle-up\"><\/i><\/span>\n\t\t\t\t\t\t\t\t\t\t\t\t\t<\/span>\n\t\t\t\t\t\t\t\t\t\t\t\t<a class=\"elementor-toggle-title\" tabindex=\"0\">En l\u00f6yd\u00e4 tarvitsemaani?<\/a>\n\t\t\t\t\t<\/h2>\n\n\t\t\t\t\t<div id=\"elementor-tab-content-7103\" class=\"elementor-tab-content elementor-clearfix\" data-tab=\"3\" role=\"region\" aria-labelledby=\"elementor-tab-title-7103\"><p>Pyrimme jatkuvasti lis\u00e4\u00e4m\u00e4\u00e4n uusia tuotteita verkkokauppaamme, joten tietysti on aina tuotteita, joita ei ole viel\u00e4 lis\u00e4tty. \u00c4l\u00e4 ep\u00e4r\u00f6i kysy\u00e4, on hyvin harvinaista, ett\u00e4 emme pysty toimittamaan sit\u00e4, mit\u00e4 asiakkaamme haluavat. <\/p>\n<p>Ota yhteytt\u00e4:<br \/>Puh.: +45 43 96 41 22<br \/>Mail: vb@viggobendz.dk.<\/p>\n<\/div>\n\t\t\t\t<\/div>\n\t\t\t\t\t\t\t<div class=\"elementor-toggle-item\">\n\t\t\t\t\t<h2 id=\"elementor-tab-title-7104\" class=\"elementor-tab-title\" data-tab=\"4\" role=\"button\" aria-controls=\"elementor-tab-content-7104\" aria-expanded=\"false\">\n\t\t\t\t\t\t\t\t\t\t\t\t<span class=\"elementor-toggle-icon elementor-toggle-icon-right\" aria-hidden=\"true\">\n\t\t\t\t\t\t\t\t\t\t\t\t\t\t\t<span class=\"elementor-toggle-icon-closed\"><i class=\"fas fa-angle-down\"><\/i><\/span>\n\t\t\t\t\t\t\t\t<span class=\"elementor-toggle-icon-opened\"><i class=\"elementor-toggle-icon-opened fas fa-angle-up\"><\/i><\/span>\n\t\t\t\t\t\t\t\t\t\t\t\t\t<\/span>\n\t\t\t\t\t\t\t\t\t\t\t\t<a class=\"elementor-toggle-title\" tabindex=\"0\">Voinko noutaa tavarani itse?<\/a>\n\t\t\t\t\t<\/h2>\n\n\t\t\t\t\t<div id=\"elementor-tab-content-7104\" class=\"elementor-tab-content elementor-clearfix\" data-tab=\"4\" role=\"region\" aria-labelledby=\"elementor-tab-title-7104\"><p>Useimmissa tapauksissa voit halutessasi noutaa tavarasi osoitteestamme H\u00f8ngissa L\u00e4nsi-Seelannissa. Industriparken 42, 4270 H\u00f8ng. <\/p>\n<p>Muista tarkistaa aukioloaikamme.<\/p>\n<\/div>\n\t\t\t\t<\/div>\n\t\t\t\t\t\t\t<div class=\"elementor-toggle-item\">\n\t\t\t\t\t<h2 id=\"elementor-tab-title-7105\" class=\"elementor-tab-title\" data-tab=\"5\" role=\"button\" aria-controls=\"elementor-tab-content-7105\" aria-expanded=\"false\">\n\t\t\t\t\t\t\t\t\t\t\t\t<span class=\"elementor-toggle-icon elementor-toggle-icon-right\" aria-hidden=\"true\">\n\t\t\t\t\t\t\t\t\t\t\t\t\t\t\t<span class=\"elementor-toggle-icon-closed\"><i class=\"fas fa-angle-down\"><\/i><\/span>\n\t\t\t\t\t\t\t\t<span class=\"elementor-toggle-icon-opened\"><i class=\"elementor-toggle-icon-opened fas fa-angle-up\"><\/i><\/span>\n\t\t\t\t\t\t\t\t\t\t\t\t\t<\/span>\n\t\t\t\t\t\t\t\t\t\t\t\t<a class=\"elementor-toggle-title\" tabindex=\"0\">Milloin tavarani toimitetaan?<\/a>\n\t\t\t\t\t<\/h2>\n\n\t\t\t\t\t<div id=\"elementor-tab-content-7105\" class=\"elementor-tab-content elementor-clearfix\" data-tab=\"5\" role=\"region\" aria-labelledby=\"elementor-tab-title-7105\"><p>Tied\u00e4mme, kuinka t\u00e4rke\u00e4\u00e4 voi olla saada tavarasi mahdollisimman nopeasti. Jos tilaus on vastaanotettu ennen klo 11.00, tavarat ovat varastossa ja kuljetusliike toimii moitteettomasti &#8211; saat tavarasi seuraavana arkip\u00e4iv\u00e4n\u00e4. <\/p>\n<p>Jos et ole saanut tavaroitasi, olet aina tervetullut ottamaan meihin yhteytt\u00e4, ja me hoidamme tilauksesi.<\/p>\n<\/div>\n\t\t\t\t<\/div>\n\t\t\t\t\t\t\t<div class=\"elementor-toggle-item\">\n\t\t\t\t\t<h2 id=\"elementor-tab-title-7106\" class=\"elementor-tab-title\" data-tab=\"6\" role=\"button\" aria-controls=\"elementor-tab-content-7106\" aria-expanded=\"false\">\n\t\t\t\t\t\t\t\t\t\t\t\t<span class=\"elementor-toggle-icon elementor-toggle-icon-right\" aria-hidden=\"true\">\n\t\t\t\t\t\t\t\t\t\t\t\t\t\t\t<span class=\"elementor-toggle-icon-closed\"><i class=\"fas fa-angle-down\"><\/i><\/span>\n\t\t\t\t\t\t\t\t<span class=\"elementor-toggle-icon-opened\"><i class=\"elementor-toggle-icon-opened fas fa-angle-up\"><\/i><\/span>\n\t\t\t\t\t\t\t\t\t\t\t\t\t<\/span>\n\t\t\t\t\t\t\t\t\t\t\t\t<a class=\"elementor-toggle-title\" tabindex=\"0\">Voinko maksaa luottokortilla tai MobilePaylla?<\/a>\n\t\t\t\t\t<\/h2>\n\n\t\t\t\t\t<div id=\"elementor-tab-content-7106\" class=\"elementor-tab-content elementor-clearfix\" data-tab=\"6\" role=\"region\" aria-labelledby=\"elementor-tab-title-7106\"><p>Valitettavasti t\u00e4ll\u00e4 hetkell\u00e4 ei ole mahdollista maksaa luottokortilla tai MobilePaylla.<\/p>\n<p>Varastotuotteiden osalta l\u00e4het\u00e4mme laskun yleens\u00e4 sen j\u00e4lkeen, kun tavarat ovat l\u00e4hteneet toimitiloistamme.<\/p>\n<p>Kun hankimme tavaroita ulkomailta, pyrimme l\u00e4hett\u00e4m\u00e4\u00e4n laskun, kun tavarat on toimitettu sinulle.<\/p>\n<\/div>\n\t\t\t\t<\/div>\n\t\t\t\t\t\t\t<div class=\"elementor-toggle-item\">\n\t\t\t\t\t<h2 id=\"elementor-tab-title-7107\" class=\"elementor-tab-title\" data-tab=\"7\" role=\"button\" aria-controls=\"elementor-tab-content-7107\" aria-expanded=\"false\">\n\t\t\t\t\t\t\t\t\t\t\t\t<span class=\"elementor-toggle-icon elementor-toggle-icon-right\" aria-hidden=\"true\">\n\t\t\t\t\t\t\t\t\t\t\t\t\t\t\t<span class=\"elementor-toggle-icon-closed\"><i class=\"fas fa-angle-down\"><\/i><\/span>\n\t\t\t\t\t\t\t\t<span class=\"elementor-toggle-icon-opened\"><i class=\"elementor-toggle-icon-opened fas fa-angle-up\"><\/i><\/span>\n\t\t\t\t\t\t\t\t\t\t\t\t\t<\/span>\n\t\t\t\t\t\t\t\t\t\t\t\t<a class=\"elementor-toggle-title\" tabindex=\"0\">Miten l\u00f6yd\u00e4n CAT-hampaani koon?<\/a>\n\t\t\t\t\t<\/h2>\n\n\t\t\t\t\t<div id=\"elementor-tab-content-7107\" class=\"elementor-tab-content elementor-clearfix\" data-tab=\"7\" role=\"region\" aria-labelledby=\"elementor-tab-title-7107\"><p>Helpoin tapa m\u00e4\u00e4ritt\u00e4\u00e4 CAT-hampaan ja kaikkien muidenkin hammastyyppien koko on mitata itse lukko (lukitustappi), sill\u00e4 itse hammas voi olla kulunut eik\u00e4 sit\u00e4 siksi voi mitata.<\/p>\n<p>Tutustu koko-oppaaseemme t\u00e4\u00e4ll\u00e4: <a href=\"https:\/\/viggobendz.dk\/nyheder\/tips-og-tricks-til-taenderne\/\">CAT-hampaiden kokoopas<\/a><\/p>\n<\/div>\n\t\t\t\t<\/div>\n\t\t\t\t\t\t\t<div class=\"elementor-toggle-item\">\n\t\t\t\t\t<h2 id=\"elementor-tab-title-7108\" class=\"elementor-tab-title\" data-tab=\"8\" role=\"button\" aria-controls=\"elementor-tab-content-7108\" aria-expanded=\"false\">\n\t\t\t\t\t\t\t\t\t\t\t\t<span class=\"elementor-toggle-icon elementor-toggle-icon-right\" aria-hidden=\"true\">\n\t\t\t\t\t\t\t\t\t\t\t\t\t\t\t<span class=\"elementor-toggle-icon-closed\"><i class=\"fas fa-angle-down\"><\/i><\/span>\n\t\t\t\t\t\t\t\t<span class=\"elementor-toggle-icon-opened\"><i class=\"elementor-toggle-icon-opened fas fa-angle-up\"><\/i><\/span>\n\t\t\t\t\t\t\t\t\t\t\t\t\t<\/span>\n\t\t\t\t\t\t\t\t\t\t\t\t<a class=\"elementor-toggle-title\" tabindex=\"0\">Kuinka palauttaa salasanasi<\/a>\n\t\t\t\t\t<\/h2>\n\n\t\t\t\t\t<div id=\"elementor-tab-content-7108\" class=\"elementor-tab-content elementor-clearfix\" data-tab=\"8\" role=\"region\" aria-labelledby=\"elementor-tab-title-7108\"><p>1. Jos haluat palauttaa salasanasi, siirry osoitteeseen <a href=\"https:\/\/viggobendz.dk\/min-konto\/\">https:\/\/viggobendz.dk\/min-konto\/<\/a>.<\/p>\n<p>2. Klikkaa &#8221;Oletko unohtanut salasanasi?&#8221;.<\/p>\n<p>3. Kirjoita k\u00e4ytt\u00e4j\u00e4tunnuksesi tai s\u00e4hk\u00f6postiosoitteesi ja napauta &#8221;Palauta salasana&#8221;.<\/p>\n<p>4. T\u00e4m\u00e4n j\u00e4lkeen saat s\u00e4hk\u00f6postiviestin otsikolla &#8221;Salasanan palautuspyynt\u00f6&#8221;, joka sis\u00e4lt\u00e4\u00e4 linkin &#8221;Klikkaa t\u00e4st\u00e4 salasanasi palauttamiseksi&#8221;, jota klikkaat.<br \/>(Tarkista roskapostikansiosi, jos et ole saanut sit\u00e4 muutamassa minuutissa.)<\/p>\n<p>5. Kirjoita uusi salasanasi ja paina tallenna.<\/p>\n<\/div>\n\t\t\t\t<\/div>\n\t\t\t\t\t\t\t\t<\/div>\n\t\t\t\t\t\t<\/div>\n\t\t\t\t<\/div>\n\t\t\t\t<\/div>\n\t\t\t\t\t<\/div>\n\t\t\t\t<\/div>\n\t\t\t\t<\/div>\n\t\t","protected":false},"excerpt":{"rendered":"<p>Miten luon tilin verkkokauppaan? T\u00e4yt\u00e4 tietosi lomakkeeseen: Pyyd\u00e4 kirjautumista &#8211; Viggo Bendz T\u00e4m\u00e4n j\u00e4lkeen saat s\u00e4hk\u00f6postiviestin, jossa on linkki salasanasi luomiseen (muista tarkistaa, ettei sinulla ole roskapostia). Sitten olet valmis tilaamaan! Miten luon laajennuskirjautumisen? Seuraa t\u00e4t\u00e4 linkki\u00e4: http:\/\/portal.expandersystem.com\/public\/application.aspx Sy\u00f6t\u00e4 tarvittavat tiedot. Paina &#8220;apply&#8221; -painiketta Viggo Bendz saa t\u00e4m\u00e4n j\u00e4lkeen s\u00e4hk\u00f6postia Expanderin luomisesta ja hyv\u00e4ksyy sen.<\/p>\n","protected":false},"author":2,"featured_media":22933,"parent":0,"menu_order":0,"comment_status":"closed","ping_status":"closed","template":"","meta":{"_acf_changed":false,"footnotes":""},"class_list":["post-23331","page","type-page","status-publish","has-post-thumbnail","hentry"],"acf":[],"yoast_head":"<title>FAQ - Viggo Bendz<\/title>\n<meta name=\"robots\" content=\"index, follow, max-snippet:-1, max-image-preview:large, max-video-preview:-1\" \/>\n<link rel=\"canonical\" href=\"https:\/\/viggobendz.dk\/fi\/faq\/\" \/>\n<meta property=\"og:locale\" content=\"fi_FI\" \/>\n<meta property=\"og:type\" content=\"article\" \/>\n<meta property=\"og:title\" content=\"FAQ - Viggo Bendz\" \/>\n<meta property=\"og:description\" content=\"Miten luon tilin verkkokauppaan? T\u00e4yt\u00e4 tietosi lomakkeeseen: Pyyd\u00e4 kirjautumista &#8211; Viggo Bendz T\u00e4m\u00e4n j\u00e4lkeen saat s\u00e4hk\u00f6postiviestin, jossa on linkki salasanasi luomiseen (muista tarkistaa, ettei sinulla ole roskapostia). Sitten olet valmis tilaamaan! Miten luon laajennuskirjautumisen? Seuraa t\u00e4t\u00e4 linkki\u00e4: http:\/\/portal.expandersystem.com\/public\/application.aspx Sy\u00f6t\u00e4 tarvittavat tiedot. Paina &#8220;apply&#8221; -painiketta Viggo Bendz saa t\u00e4m\u00e4n j\u00e4lkeen s\u00e4hk\u00f6postia Expanderin luomisesta ja hyv\u00e4ksyy sen.\" \/>\n<meta property=\"og:url\" content=\"https:\/\/viggobendz.dk\/fi\/faq\/\" \/>\n<meta property=\"og:site_name\" content=\"Viggo Bendz\" \/>\n<meta property=\"article:modified_time\" content=\"2026-02-11T09:06:39+00:00\" \/>\n<meta property=\"og:image\" content=\"https:\/\/viggobendz.dk\/wp-content\/uploads\/2025\/07\/bygning-1-1024x469.png\" \/>\n\t<meta property=\"og:image:width\" content=\"1024\" \/>\n\t<meta property=\"og:image:height\" content=\"469\" \/>\n\t<meta property=\"og:image:type\" content=\"image\/png\" \/>\n<meta name=\"twitter:card\" content=\"summary_large_image\" \/>\n<meta name=\"twitter:label1\" content=\"Arvioitu lukuaika\" \/>\n\t<meta name=\"twitter:data1\" content=\"2 minuuttia\" \/>\n<script type=\"application\/ld+json\" class=\"yoast-schema-graph\">{\"@context\":\"https:\/\/schema.org\",\"@graph\":[{\"@type\":\"WebPage\",\"@id\":\"https:\/\/viggobendz.dk\/fi\/faq\/\",\"url\":\"https:\/\/viggobendz.dk\/fi\/faq\/\",\"name\":\"FAQ - Viggo Bendz\",\"isPartOf\":{\"@id\":\"https:\/\/viggobendz.dk\/fi\/#website\"},\"primaryImageOfPage\":{\"@id\":\"https:\/\/viggobendz.dk\/fi\/faq\/#primaryimage\"},\"image\":{\"@id\":\"https:\/\/viggobendz.dk\/fi\/faq\/#primaryimage\"},\"thumbnailUrl\":\"https:\/\/viggobendz.dk\/wp-content\/uploads\/2025\/07\/bygning-1.png\",\"datePublished\":\"2020-05-19T08:39:44+00:00\",\"dateModified\":\"2026-02-11T09:06:39+00:00\",\"breadcrumb\":{\"@id\":\"https:\/\/viggobendz.dk\/fi\/faq\/#breadcrumb\"},\"inLanguage\":\"fi\",\"potentialAction\":[{\"@type\":\"ReadAction\",\"target\":[\"https:\/\/viggobendz.dk\/fi\/faq\/\"]}]},{\"@type\":\"ImageObject\",\"inLanguage\":\"fi\",\"@id\":\"https:\/\/viggobendz.dk\/fi\/faq\/#primaryimage\",\"url\":\"https:\/\/viggobendz.dk\/wp-content\/uploads\/2025\/07\/bygning-1.png\",\"contentUrl\":\"https:\/\/viggobendz.dk\/wp-content\/uploads\/2025\/07\/bygning-1.png\",\"width\":2463,\"height\":1127},{\"@type\":\"BreadcrumbList\",\"@id\":\"https:\/\/viggobendz.dk\/fi\/faq\/#breadcrumb\",\"itemListElement\":[{\"@type\":\"ListItem\",\"position\":1,\"name\":\"Hjem\",\"item\":\"https:\/\/viggobendz.dk\/fi\/kotisivu\/\"},{\"@type\":\"ListItem\",\"position\":2,\"name\":\"FAQ\"}]},{\"@type\":\"WebSite\",\"@id\":\"https:\/\/viggobendz.dk\/fi\/#website\",\"url\":\"https:\/\/viggobendz.dk\/fi\/\",\"name\":\"Viggo Bendz\",\"description\":\"Det ansvarlige valg\",\"publisher\":{\"@id\":\"https:\/\/viggobendz.dk\/fi\/#organization\"},\"potentialAction\":[{\"@type\":\"SearchAction\",\"target\":{\"@type\":\"EntryPoint\",\"urlTemplate\":\"https:\/\/viggobendz.dk\/fi\/?s={search_term_string}\"},\"query-input\":{\"@type\":\"PropertyValueSpecification\",\"valueRequired\":true,\"valueName\":\"search_term_string\"}}],\"inLanguage\":\"fi\"},{\"@type\":\"Organization\",\"@id\":\"https:\/\/viggobendz.dk\/fi\/#organization\",\"name\":\"Viggo Bendz A\/S\",\"url\":\"https:\/\/viggobendz.dk\/fi\/\",\"logo\":{\"@type\":\"ImageObject\",\"inLanguage\":\"fi\",\"@id\":\"https:\/\/viggobendz.dk\/fi\/#\/schema\/logo\/image\/\",\"url\":\"https:\/\/viggobendz.dk\/wp-content\/uploads\/2020\/03\/VB-Logo.png\",\"contentUrl\":\"https:\/\/viggobendz.dk\/wp-content\/uploads\/2020\/03\/VB-Logo.png\",\"width\":735,\"height\":776,\"caption\":\"Viggo Bendz A\/S\"},\"image\":{\"@id\":\"https:\/\/viggobendz.dk\/fi\/#\/schema\/logo\/image\/\"}}]}<\/script>","yoast_head_json":{"title":"FAQ - Viggo Bendz","robots":{"index":"index","follow":"follow","max-snippet":"max-snippet:-1","max-image-preview":"max-image-preview:large","max-video-preview":"max-video-preview:-1"},"canonical":"https:\/\/viggobendz.dk\/fi\/faq\/","og_locale":"fi_FI","og_type":"article","og_title":"FAQ - Viggo Bendz","og_description":"Miten luon tilin verkkokauppaan? T\u00e4yt\u00e4 tietosi lomakkeeseen: Pyyd\u00e4 kirjautumista &#8211; Viggo Bendz T\u00e4m\u00e4n j\u00e4lkeen saat s\u00e4hk\u00f6postiviestin, jossa on linkki salasanasi luomiseen (muista tarkistaa, ettei sinulla ole roskapostia). Sitten olet valmis tilaamaan! Miten luon laajennuskirjautumisen? Seuraa t\u00e4t\u00e4 linkki\u00e4: http:\/\/portal.expandersystem.com\/public\/application.aspx Sy\u00f6t\u00e4 tarvittavat tiedot. Paina &#8220;apply&#8221; -painiketta Viggo Bendz saa t\u00e4m\u00e4n j\u00e4lkeen s\u00e4hk\u00f6postia Expanderin luomisesta ja hyv\u00e4ksyy sen.","og_url":"https:\/\/viggobendz.dk\/fi\/faq\/","og_site_name":"Viggo Bendz","article_modified_time":"2026-02-11T09:06:39+00:00","og_image":[{"width":1024,"height":469,"url":"https:\/\/viggobendz.dk\/wp-content\/uploads\/2025\/07\/bygning-1-1024x469.png","type":"image\/png"}],"twitter_card":"summary_large_image","twitter_misc":{"Arvioitu lukuaika":"2 minuuttia"},"schema":{"@context":"https:\/\/schema.org","@graph":[{"@type":"WebPage","@id":"https:\/\/viggobendz.dk\/fi\/faq\/","url":"https:\/\/viggobendz.dk\/fi\/faq\/","name":"FAQ - Viggo Bendz","isPartOf":{"@id":"https:\/\/viggobendz.dk\/fi\/#website"},"primaryImageOfPage":{"@id":"https:\/\/viggobendz.dk\/fi\/faq\/#primaryimage"},"image":{"@id":"https:\/\/viggobendz.dk\/fi\/faq\/#primaryimage"},"thumbnailUrl":"https:\/\/viggobendz.dk\/wp-content\/uploads\/2025\/07\/bygning-1.png","datePublished":"2020-05-19T08:39:44+00:00","dateModified":"2026-02-11T09:06:39+00:00","breadcrumb":{"@id":"https:\/\/viggobendz.dk\/fi\/faq\/#breadcrumb"},"inLanguage":"fi","potentialAction":[{"@type":"ReadAction","target":["https:\/\/viggobendz.dk\/fi\/faq\/"]}]},{"@type":"ImageObject","inLanguage":"fi","@id":"https:\/\/viggobendz.dk\/fi\/faq\/#primaryimage","url":"https:\/\/viggobendz.dk\/wp-content\/uploads\/2025\/07\/bygning-1.png","contentUrl":"https:\/\/viggobendz.dk\/wp-content\/uploads\/2025\/07\/bygning-1.png","width":2463,"height":1127},{"@type":"BreadcrumbList","@id":"https:\/\/viggobendz.dk\/fi\/faq\/#breadcrumb","itemListElement":[{"@type":"ListItem","position":1,"name":"Hjem","item":"https:\/\/viggobendz.dk\/fi\/kotisivu\/"},{"@type":"ListItem","position":2,"name":"FAQ"}]},{"@type":"WebSite","@id":"https:\/\/viggobendz.dk\/fi\/#website","url":"https:\/\/viggobendz.dk\/fi\/","name":"Viggo Bendz","description":"Det ansvarlige valg","publisher":{"@id":"https:\/\/viggobendz.dk\/fi\/#organization"},"potentialAction":[{"@type":"SearchAction","target":{"@type":"EntryPoint","urlTemplate":"https:\/\/viggobendz.dk\/fi\/?s={search_term_string}"},"query-input":{"@type":"PropertyValueSpecification","valueRequired":true,"valueName":"search_term_string"}}],"inLanguage":"fi"},{"@type":"Organization","@id":"https:\/\/viggobendz.dk\/fi\/#organization","name":"Viggo Bendz A\/S","url":"https:\/\/viggobendz.dk\/fi\/","logo":{"@type":"ImageObject","inLanguage":"fi","@id":"https:\/\/viggobendz.dk\/fi\/#\/schema\/logo\/image\/","url":"https:\/\/viggobendz.dk\/wp-content\/uploads\/2020\/03\/VB-Logo.png","contentUrl":"https:\/\/viggobendz.dk\/wp-content\/uploads\/2020\/03\/VB-Logo.png","width":735,"height":776,"caption":"Viggo Bendz A\/S"},"image":{"@id":"https:\/\/viggobendz.dk\/fi\/#\/schema\/logo\/image\/"}}]}},"_links":{"self":[{"href":"https:\/\/viggobendz.dk\/fi\/wp-json\/wp\/v2\/pages\/23331","targetHints":{"allow":["GET"]}}],"collection":[{"href":"https:\/\/viggobendz.dk\/fi\/wp-json\/wp\/v2\/pages"}],"about":[{"href":"https:\/\/viggobendz.dk\/fi\/wp-json\/wp\/v2\/types\/page"}],"author":[{"embeddable":true,"href":"https:\/\/viggobendz.dk\/fi\/wp-json\/wp\/v2\/users\/2"}],"replies":[{"embeddable":true,"href":"https:\/\/viggobendz.dk\/fi\/wp-json\/wp\/v2\/comments?post=23331"}],"version-history":[{"count":2,"href":"https:\/\/viggobendz.dk\/fi\/wp-json\/wp\/v2\/pages\/23331\/revisions"}],"predecessor-version":[{"id":23335,"href":"https:\/\/viggobendz.dk\/fi\/wp-json\/wp\/v2\/pages\/23331\/revisions\/23335"}],"wp:featuredmedia":[{"embeddable":true,"href":"https:\/\/viggobendz.dk\/fi\/wp-json\/wp\/v2\/media\/22933"}],"wp:attachment":[{"href":"https:\/\/viggobendz.dk\/fi\/wp-json\/wp\/v2\/media?parent=23331"}],"curies":[{"name":"wp","href":"https:\/\/api.w.org\/{rel}","templated":true}]}}