{"id":23456,"date":"2020-09-10T08:14:13","date_gmt":"2020-09-10T06:14:13","guid":{"rendered":"https:\/\/viggobendz.dk\/myynti-ja-toimitusehdot\/"},"modified":"2026-02-11T10:10:11","modified_gmt":"2026-02-11T09:10:11","slug":"myynti-ja-toimitusehdot","status":"publish","type":"page","link":"https:\/\/viggobendz.dk\/fi\/myynti-ja-toimitusehdot\/","title":{"rendered":"Myynti- ja toimitusehdot"},"content":{"rendered":"\t\t<div data-elementor-type=\"wp-page\" data-elementor-id=\"23456\" class=\"elementor elementor-23456 elementor-523\" data-elementor-post-type=\"page\">\n\t\t\t\t<div class=\"elementor-element elementor-element-6e38e2a e-flex e-con-boxed e-con e-parent\" data-id=\"6e38e2a\" data-element_type=\"container\" data-e-type=\"container\">\n\t\t\t\t\t<div class=\"e-con-inner\">\n\t\t<div class=\"elementor-element elementor-element-33217b0 e-con-full e-flex e-con e-child\" data-id=\"33217b0\" data-element_type=\"container\" data-e-type=\"container\">\n\t\t\t\t<div class=\"elementor-element elementor-element-f031195 elementor-widget elementor-widget-text-editor\" data-id=\"f031195\" data-element_type=\"widget\" data-e-type=\"widget\" data-widget_type=\"text-editor.default\">\n\t\t\t\t<div class=\"elementor-widget-container\">\n\t\t\t\t\t\t\t\t\t<h2>1. Johdanto<\/h2><p>N\u00e4it\u00e4 myynti- ja toimitusehtoja sovelletaan kaikkiin Viggo Bendzin (j\u00e4ljemp\u00e4n\u00e4 &#8221;Myyj\u00e4&#8221;) tarjouksiin, tilauksiin ja toimituksiin, ellei Asiakkaan ja Myyj\u00e4n v\u00e4lill\u00e4 ole kirjallisesti toisin sovittu. Myynti- ja toimitusehdot katsotaan hyv\u00e4ksytyiksi, kun Myyj\u00e4n tarjous hyv\u00e4ksyt\u00e4\u00e4n. <\/p><p> <\/p><h2>2. hinnat<\/h2><p><strong>2.1<\/strong> Kaikki hinnat on ilmoitettu Tanskan kruunuina ilman arvonlis\u00e4veroa.<\/p><p><strong>2.2<\/strong> Myyj\u00e4ll\u00e4 on oikeus muuttaa tilattujen tuotteiden hintaa toimitushetkeen asti, jos julkiset m\u00e4\u00e4r\u00e4ykset vaikuttavat ennakoimattomasti.<\/p><p><b>2.3<\/b> <span style=\"font-size: 15px; color: var( --e-global-color-text ); font-family: var( --e-global-typography-text-font-family ), Sans-serif;\">Myyj\u00e4ll\u00e4 on oikeus kirjallisen tilausvahvistuksen toimittamiseen saakka muuttaa tilattujen tuotteiden hintaa (tai tuotteiden hintoja) raaka-aineiden (mukaan lukien rauta, ter\u00e4s, metallit jne.) voimassa olevien hintojen mukaisesti. Jos hinnat muuttuvat tilauksen tekemisen j\u00e4lkeen ja kirjallisen tilausvahvistuksen antamiseen asti, asiakkaalle ilmoitetaan siit\u00e4. <\/span><\/p><p> <\/p><h2>3. Maksu ja maksuehdot<\/h2><p><strong>3.1<\/strong> Tilauksissa, joissa kauppahinta on maksettava eriss\u00e4, maksuehdot ja maksuaika sovitaan erikseen Asiakkaan ja Myyj\u00e4n v\u00e4lill\u00e4.<\/p><p><strong>3.2<\/strong> Tilauksissa, joissa ostohintaa ei makseta eriss\u00e4, koko ostohinta on maksettava tilausvahvistukseen painettujen sovittujen maksuehtojen mukaisesti.<\/p><p><strong>3.3<\/strong> Jos Asiakas ei maksa ajoissa, Myyj\u00e4ll\u00e4 on oikeus peri\u00e4 viiv\u00e4styskorkoa er\u00e4p\u00e4iv\u00e4st\u00e4 lukien korkoa ja muita viiv\u00e4styskorkoon liittyvi\u00e4 seikkoja koskevien Tanskan lain s\u00e4\u00e4nn\u00f6sten mukaisesti sovellettavan korkokannan mukaisesti. Myyj\u00e4ll\u00e4 on my\u00f6s oikeus saada korvaus viiv\u00e4styneest\u00e4 maksusta aiheutuneista kustannuksista. <\/p><p> <\/p><h2>4. Omistusoikeuden s\u00e4ilytt\u00e4minen<\/h2><p><strong>4.1<\/strong> <span style=\"text-decoration: underline;\">Myyj\u00e4 pid\u00e4tt\u00e4\u00e4 oikeuden toimitettuihin tavaroihin, kunnes t\u00e4ysi maksu on suoritettu.<\/span> <br>T\u00e4ysi maksu katsotaan suoritetuksi, kun kaikki er\u00e4t on maksettu tai kun koko summa on maksettu.<\/p><p><strong>4.2<\/strong> Asiakkaan on korvattava Myyj\u00e4lle t\u00e4st\u00e4 aiheutuneet tappiot ja kustannukset, jotka johtuvat oikeudesta vedota omistusoikeuden pid\u00e4tt\u00e4miseen.<\/p><p><strong>4.3<\/strong> Oikeus panna t\u00e4yt\u00e4nt\u00f6\u00f6n omistusoikeuden pid\u00e4tt\u00e4minen on 6. elokuuta 2019 annetun konsolidoidun lain nro 817, luottosopimuksia koskevan lain, mukainen.<\/p><p> <\/p><h2>5. palautusehdot<\/h2><p><strong>5.1<\/strong> Ostaessaan varastotuotteita Asiakas voi palauttaa tuotteen Myyj\u00e4lle Myyj\u00e4n toimitiloihin 5 ty\u00f6p\u00e4iv\u00e4n kuluessa.<\/p><p><strong>5.2<\/strong> Jos Asiakas ei voi palauttaa tavaroita Myyj\u00e4n tiloissa, Asiakas vastaa kaikista palautukseen liittyvist\u00e4 kustannuksista ja riskeist\u00e4.<\/p><p><strong>5.3<\/strong> Tuotetta palautettaessa v\u00e4hennet\u00e4\u00e4n 30 % ostohinnasta, elleiv\u00e4t asiakas ja myyj\u00e4 toisin sovi.<\/p><p><strong>5.4<\/strong> <span style=\"text-decoration: underline;\">Kun asiakas ostaa tilaustuotteita, h\u00e4n ei voi palauttaa ostettuja tuotteita.<\/span><\/p><p> <\/p><h2>6. Toimitustapa ja riskinsiirto<\/h2><p><strong>6.1<\/strong> Jos tuote kuljetetaan asiakkaalle, kuljetuksen suorittaa Myyj\u00e4n nime\u00e4m\u00e4 rahdinkuljettaja. Riski tuotteen tahattomasta katoamisesta siirtyy asiakkaalle, kun tuote luovutetaan myyj\u00e4n nime\u00e4m\u00e4lle rahdinkuljettajalle. <\/p><p><strong>6.2<\/strong> Edell\u00e4 mainitulla toimitustavalla Myyj\u00e4 sitoutuu maksamaan kaikki rahtikustannukset siihen asti, kun tuote on saapunut sovittuun toimituspaikkaan.<\/p><p><strong>6.3<\/strong> Kohdissa 6.1-6.2 mainitut ehdot vastaavat CPT-lauseketta, ks. INCOTERMS 2020. <\/p><p><strong>6.4<\/strong> Kaikissa muissa kuin kohdissa 6.1-6.3 mainituissa tapauksissa toimitus on vapaasti tehtaalla. Riski tuotteen vahingossa tapahtuvasta tuhoutumisesta siirtyy asiakkaalle silloin, kun tuote asetetaan asiakkaan saataville tilausvahvistuksessa\/laskussa ilmoitettuun osoitteeseen. <\/p><p><strong>6.5<\/strong> Asiakas vastaa Ex Works -toimituksesta aiheutuvista rahtikustannuksista.<\/p><p><strong>6.6<\/strong> Kohdissa 6.4-6.5 mainitut ehdot vastaavat Ex Works -lauseketta, vrt. INCOTERMS 2020. <\/p><p><strong>6.7<\/strong> Myyj\u00e4 voi sopia Asiakkaan kanssa muista kuin edell\u00e4 mainituista toimitustavoista.<\/p><p> <\/p><h2>7. Toimitusaika ja toimituspaikka<\/h2><p><strong>7.1<\/strong> Toimituspaikkana pidet\u00e4\u00e4n paikkaa, jossa asiakas ja myyj\u00e4 ovat sopineet kohdassa 6 mainitun valitun INCOTERMS-lausekkeen mukaisesti.<\/p><p><strong>7.2<\/strong> Toimitusajankohdaksi katsotaan se hetki, jolloin tuotteen vaaranvastuu siirtyy asiakkaalle, vrt. kohta 6, tai kun mahdollinen asennus on tapahtunut ja siirretty.<\/p><p><strong>7.3 <\/strong>Toimitusajankohta voidaan sopia tietyksi p\u00e4iv\u00e4ksi tai tietyksi m\u00e4\u00e4r\u00e4ajaksi.<\/p><p><strong>7.4<\/strong> Pid\u00e4t\u00e4mme oikeuden muuttaa toimitusaikaa tapauksissa, joissa viiv\u00e4stys johtuu olosuhteista, joista Myyj\u00e4 ei ole vastuussa ja joita Myyj\u00e4 ei voinut ennakoida, vrt. my\u00f6s kohta 11.<\/p><p><strong>7.5<\/strong> Toimitus enint\u00e4\u00e4n 5 ty\u00f6p\u00e4iv\u00e4n kuluessa asiakkaan ja myyj\u00e4n v\u00e4lill\u00e4 sovitusta toimitusajasta katsotaan ajoissa toimitetuksi.<\/p><p><strong>7.6<\/strong> Jos viiv\u00e4stys ylitt\u00e4\u00e4 kohdassa 7.5 mainitun m\u00e4\u00e4r\u00e4ajan ja Myyj\u00e4 on siit\u00e4 vastuussa, Asiakkaan on ilmoitettava Myyj\u00e4lle<br>kohtuullisesta toimitusajasta, jos<br>Asiakas haluaa k\u00e4ytt\u00e4\u00e4 sopimusrikkomuksesta johtuvia oikeussuojakeinoja<br>. <br>Jos t\u00e4llaista kohtuullista m\u00e4\u00e4r\u00e4aikaa ei ilmoiteta 5 p\u00e4iv\u00e4n kuluessa viiv\u00e4styksest\u00e4, <span style=\"text-decoration: underline;\">Asiakas menett\u00e4\u00e4 oikeutensa peruuttaa osto<\/span>. Jos Asiakas on asettanut toimitukselle m\u00e4\u00e4r\u00e4ajan hyviss\u00e4 ajoin eik\u00e4 toimitusta ole suoritettu t\u00e4m\u00e4n m\u00e4\u00e4r\u00e4ajan kuluessa, Asiakkaalla on oikeus k\u00e4ytt\u00e4\u00e4 sopimusrikkomuksesta johtuvia oikeussuojakeinojaan ilmoittamalla siit\u00e4 selv\u00e4sti Myyj\u00e4lle. <\/p><p> <\/p><h2>8. Tarkastusvelvollisuus ja valitukset<\/h2><p><strong>8.1<\/strong> Vastaanotettuaan tuotteen asiakas on velvollinen v\u00e4litt\u00f6m\u00e4sti suorittamaan riitt\u00e4v\u00e4n perusteellisen tarkastuksen saadakseen tiet\u00e4\u00e4 tuotteessa mahdollisesti olevista vioista. Jos Asiakas huomaa tai h\u00e4nen pit\u00e4isi huomata, ett\u00e4 toimitus on puutteellinen tai viallinen, Asiakkaan on v\u00e4litt\u00f6m\u00e4sti reklamoitava siit\u00e4 kirjallisesti Myyj\u00e4lle. <\/p><p><strong>8.2<\/strong> Jos asiakas my\u00f6hemmin saa tiet\u00e4\u00e4 tuotteessa olevista piilovioista, asiakkaan on v\u00e4litt\u00f6m\u00e4sti reklamoitava niist\u00e4 kirjallisesti myyj\u00e4lle.<\/p><p><strong>8.3<\/strong> Jos Asiakas ei reklamoi v\u00e4litt\u00f6m\u00e4sti kohdissa 8.1-8.2 s\u00e4\u00e4detyll\u00e4 tavalla, <span style=\"text-decoration: underline;\">Asiakas menett\u00e4\u00e4 oikeutensa tehd\u00e4 reklamaatio<\/span> kyseiseen virheeseen liittyen.<\/p><p><strong>8.4<\/strong> Kohdissa 8.1-8.2 mainituista m\u00e4\u00e4r\u00e4ajoista riippumatta Myyj\u00e4 on vastuussa tuotteen tai asennuksen virheist\u00e4 vain kahden vuoden ajan siit\u00e4, kun tuote on toimitettu tai kun asennus on suoritettu ja projekti luovutettu.<\/p><p> <\/p><h2>9. Vastuu virheist\u00e4<\/h2><p><strong>9.1<\/strong> Jos tuotteessa on vika tai jos Myyj\u00e4n asennus on virheellinen, Myyj\u00e4ll\u00e4 on oikeus korjata vika korjaamalla tai vaihtamalla se oman harkintansa mukaan, jos Asiakas on perustellusti ja ajoissa reklamoinut asiasta.<\/p><p><strong>9.2<\/strong> Myyj\u00e4 sitoutuu korjaamaan vian kohtuullisessa ajassa. Virheen korjaamispaikasta sovitaan Asiakkaan ja Myyj\u00e4n kesken. <\/p><p><strong>9.3<\/strong> Jos Myyj\u00e4 ei t\u00e4yt\u00e4 velvollisuuttaan korjata virhe kohtuullisessa ajassa, Asiakkaan on asetettava lopullinen kohtuullinen m\u00e4\u00e4r\u00e4aika virheiden korjaamiselle. Jos Myyj\u00e4 ei korjaa virhett\u00e4 t\u00e4ss\u00e4 m\u00e4\u00e4r\u00e4ajassa, Asiakas voi valintansa mukaan joko a) vaatia Myyj\u00e4\u00e4 korjaamaan virheen, b) vaatia suhteellista hinnanalennusta, kuitenkin enint\u00e4\u00e4n 5 prosenttia kauppahinnasta, tai, jos virhe on olennainen, c) peruuttaa toimituksen virheellisen osan.    <\/p><p><strong>9.4<\/strong> Jos vian korjaaminen edellytt\u00e4\u00e4 purkamista ja kokoamista toiseen tuotteeseen, asiakas vastaa n\u00e4ist\u00e4 kustannuksista.<\/p><p><strong>9.5<\/strong> Jos Myyj\u00e4 suorittaa oikea-aikaisen ja asianmukaisen oikaisun, Asiakkaalla ei ole oikeutta purkaa sopimusta tai vaatia korvausta. Myyj\u00e4ll\u00e4 on oikeus tehd\u00e4 yksi tai useampi oikaisuyritys. <\/p><p><strong>9.6<\/strong> Jos Asiakkaan valitus osoittautuu aiheettomaksi, Asiakas on velvollinen maksamaan kustannukset, jotka Myyj\u00e4lle aiheutuvat siit\u00e4, ett\u00e4 Myyj\u00e4 yritt\u00e4\u00e4 korjata tilanteen.<\/p><p> <\/p><h2>10 Tuotevastuu<\/h2><p><strong>10.1<\/strong> Myyj\u00e4 vastaa tuotevastuusta silt\u00e4 osin kuin se seuraa Tanskan tuotevastuulain pakottavista lains\u00e4\u00e4nn\u00f6ksist\u00e4, vrt. 20.3.2007 annettu konsolidoitu laki nro 261, ja oikeusk\u00e4yt\u00e4nn\u00f6ss\u00e4 kehitettyjen tuotevastuuta koskevien s\u00e4\u00e4nt\u00f6jen mukaisesti.<\/p><p><strong>10.2<\/strong> Myyj\u00e4 ei ole vastuussa itse vialliselle tuotteelle aiheutuneista vahingoista.<\/p><p><strong>10.3<\/strong> Myyj\u00e4n vastuu on lis\u00e4ksi rajoitettu j\u00e4ljemp\u00e4n\u00e4 kohdassa 11 esitetyll\u00e4 tavalla.<\/p><p> <\/p><h2>11 Vastuun rajoitukset<\/h2><p><strong>11.1<\/strong> Myyj\u00e4 ei vastaa virheist\u00e4 ja puutteista, jos virhe tai puute johtuu siit\u00e4, ett\u00e4 asiakas on k\u00e4ytt\u00e4nyt tuotetta v\u00e4\u00e4rin tai jos asiakas on j\u00e4tt\u00e4nyt huomiotta Myyj\u00e4n antaman ohjeen tuotteen k\u00e4yt\u00f6st\u00e4 ja huollosta.<\/p><p><strong>11.2<\/strong> Myyj\u00e4\u00e4 ei voida miss\u00e4\u00e4n tapauksessa pit\u00e4\u00e4 vastuullisena v\u00e4lillisist\u00e4 menetyksist\u00e4, v\u00e4lillisist\u00e4 vahingoista ja vastaavista, mukaan lukien esimerkiksi asiakkaan liiketoiminnan menetykset tai menetetyt voitot.<\/p><p><strong>11.3<\/strong> Myyj\u00e4 ei ole vastuussa siit\u00e4, soveltuuko tuote Asiakkaan tarkoittamaan tarkoitukseen, ellei t\u00e4st\u00e4 tarkoituksesta ole sovittu kirjallisesti Asiakkaan ja Myyj\u00e4n v\u00e4lill\u00e4.<\/p><p><strong>11.4<\/strong> Jos Myyj\u00e4 vastaa sellaisten tuotteiden korjaamisesta, joita ei ole ostettu Myyj\u00e4lt\u00e4, Myyj\u00e4 vastaa vain Myyj\u00e4n suorittamasta korjauksesta. Myyj\u00e4 ei siten vastaa mist\u00e4\u00e4n muusta kyseiselle tuotteelle aiheutuneesta vahingosta, eik\u00e4 Myyj\u00e4 ole vastuussa alkuper\u00e4iselle tuotteelle aiheutuneesta vahingosta. <\/p><p><strong>11.5<\/strong> Ylivoimaisen esteen tapaukset vapauttavat Myyj\u00e4n vastuusta, jos n\u00e4m\u00e4 olosuhteet est\u00e4v\u00e4t toimituksen tai tekev\u00e4t sen t\u00e4ytt\u00e4misest\u00e4 kohtuuttoman hankalaa.<\/p><p><strong>11.6<\/strong> Myyj\u00e4 on velvollinen ilmoittamaan Asiakkaalle, jos kohdassa 11.5 mainitut olosuhteet ilmenev\u00e4t.<\/p><p><strong>11.7<\/strong> Jos toimituksen viiv\u00e4styminen johtuu ylivoimaisesta esteest\u00e4, ks. kohta 11.5, molemmilla osapuolilla on oikeus purkaa sopimus, kun este on kest\u00e4nyt yli kolme kuukautta.<\/p><p><strong>11.8<\/strong> Vastuunrajoituksia ei sovelleta, jos Myyj\u00e4 on toiminut tahallisesti ja tahallisesti aiheuttaakseen vastuun tai osoittanut t\u00f6rke\u00e4\u00e4 huolimattomuutta.<\/p><p> <\/p><h2>12. Lainvalinta ja toimivalta<\/h2><p><strong>12.1<\/strong> N\u00e4ihin myynti- ja toimitusehtoihin sovelletaan Tanskan lakia, ottamatta huomioon lainvalintas\u00e4\u00e4nt\u00f6j\u00e4. Riidat, joita ei voida ratkaista osapuolten kesken, vied\u00e4\u00e4n Holb\u00e6kin tuomioistuimeen. <\/p>\t\t\t\t\t\t\t\t<\/div>\n\t\t\t\t<\/div>\n\t\t\t\t<\/div>\n\t\t\t\t\t<\/div>\n\t\t\t\t<\/div>\n\t\t\t\t<\/div>\n\t\t","protected":false},"excerpt":{"rendered":"<p>1. Johdanto N\u00e4it\u00e4 myynti- ja toimitusehtoja sovelletaan kaikkiin Viggo Bendzin (j\u00e4ljemp\u00e4n\u00e4 &#8221;Myyj\u00e4&#8221;) tarjouksiin, tilauksiin ja toimituksiin, ellei Asiakkaan ja Myyj\u00e4n v\u00e4lill\u00e4 ole kirjallisesti toisin sovittu. Myynti- ja toimitusehdot katsotaan hyv\u00e4ksytyiksi, kun Myyj\u00e4n tarjous hyv\u00e4ksyt\u00e4\u00e4n. 2. hinnat 2.1 Kaikki hinnat on ilmoitettu Tanskan kruunuina ilman arvonlis\u00e4veroa. 2.2 Myyj\u00e4ll\u00e4 on oikeus muuttaa tilattujen tuotteiden hintaa toimitushetkeen asti,<\/p>\n","protected":false},"author":2,"featured_media":22933,"parent":0,"menu_order":0,"comment_status":"closed","ping_status":"closed","template":"","meta":{"_acf_changed":false,"footnotes":""},"class_list":["post-23456","page","type-page","status-publish","has-post-thumbnail","hentry"],"acf":[],"yoast_head":"<title>Myynti- ja toimitusehdot - Viggo Bendz<\/title>\n<meta name=\"robots\" content=\"index, follow, max-snippet:-1, max-image-preview:large, max-video-preview:-1\" \/>\n<link rel=\"canonical\" href=\"https:\/\/viggobendz.dk\/fi\/myynti-ja-toimitusehdot\/\" \/>\n<meta property=\"og:locale\" content=\"fi_FI\" \/>\n<meta property=\"og:type\" content=\"article\" \/>\n<meta property=\"og:title\" content=\"Myynti- ja toimitusehdot - Viggo Bendz\" \/>\n<meta property=\"og:description\" content=\"1. Johdanto N\u00e4it\u00e4 myynti- ja toimitusehtoja sovelletaan kaikkiin Viggo Bendzin (j\u00e4ljemp\u00e4n\u00e4 &#8221;Myyj\u00e4&#8221;) tarjouksiin, tilauksiin ja toimituksiin, ellei Asiakkaan ja Myyj\u00e4n v\u00e4lill\u00e4 ole kirjallisesti toisin sovittu. Myynti- ja toimitusehdot katsotaan hyv\u00e4ksytyiksi, kun Myyj\u00e4n tarjous hyv\u00e4ksyt\u00e4\u00e4n. 2. hinnat 2.1 Kaikki hinnat on ilmoitettu Tanskan kruunuina ilman arvonlis\u00e4veroa. 2.2 Myyj\u00e4ll\u00e4 on oikeus muuttaa tilattujen tuotteiden hintaa toimitushetkeen asti,\" \/>\n<meta property=\"og:url\" content=\"https:\/\/viggobendz.dk\/fi\/myynti-ja-toimitusehdot\/\" \/>\n<meta property=\"og:site_name\" content=\"Viggo Bendz\" \/>\n<meta property=\"article:modified_time\" content=\"2026-02-11T09:10:11+00:00\" \/>\n<meta property=\"og:image\" content=\"https:\/\/viggobendz.dk\/wp-content\/uploads\/2025\/07\/bygning-1-1024x469.png\" \/>\n\t<meta property=\"og:image:width\" content=\"1024\" \/>\n\t<meta property=\"og:image:height\" content=\"469\" \/>\n\t<meta property=\"og:image:type\" content=\"image\/png\" \/>\n<meta name=\"twitter:card\" content=\"summary_large_image\" \/>\n<meta name=\"twitter:label1\" content=\"Arvioitu lukuaika\" \/>\n\t<meta name=\"twitter:data1\" content=\"6 minuuttia\" \/>\n<script type=\"application\/ld+json\" class=\"yoast-schema-graph\">{\"@context\":\"https:\/\/schema.org\",\"@graph\":[{\"@type\":\"WebPage\",\"@id\":\"https:\/\/viggobendz.dk\/fi\/myynti-ja-toimitusehdot\/\",\"url\":\"https:\/\/viggobendz.dk\/fi\/myynti-ja-toimitusehdot\/\",\"name\":\"Myynti- ja toimitusehdot - Viggo Bendz\",\"isPartOf\":{\"@id\":\"https:\/\/viggobendz.dk\/fi\/#website\"},\"primaryImageOfPage\":{\"@id\":\"https:\/\/viggobendz.dk\/fi\/myynti-ja-toimitusehdot\/#primaryimage\"},\"image\":{\"@id\":\"https:\/\/viggobendz.dk\/fi\/myynti-ja-toimitusehdot\/#primaryimage\"},\"thumbnailUrl\":\"https:\/\/viggobendz.dk\/wp-content\/uploads\/2025\/07\/bygning-1.png\",\"datePublished\":\"2020-09-10T06:14:13+00:00\",\"dateModified\":\"2026-02-11T09:10:11+00:00\",\"breadcrumb\":{\"@id\":\"https:\/\/viggobendz.dk\/fi\/myynti-ja-toimitusehdot\/#breadcrumb\"},\"inLanguage\":\"fi\",\"potentialAction\":[{\"@type\":\"ReadAction\",\"target\":[\"https:\/\/viggobendz.dk\/fi\/myynti-ja-toimitusehdot\/\"]}]},{\"@type\":\"ImageObject\",\"inLanguage\":\"fi\",\"@id\":\"https:\/\/viggobendz.dk\/fi\/myynti-ja-toimitusehdot\/#primaryimage\",\"url\":\"https:\/\/viggobendz.dk\/wp-content\/uploads\/2025\/07\/bygning-1.png\",\"contentUrl\":\"https:\/\/viggobendz.dk\/wp-content\/uploads\/2025\/07\/bygning-1.png\",\"width\":2463,\"height\":1127},{\"@type\":\"BreadcrumbList\",\"@id\":\"https:\/\/viggobendz.dk\/fi\/myynti-ja-toimitusehdot\/#breadcrumb\",\"itemListElement\":[{\"@type\":\"ListItem\",\"position\":1,\"name\":\"Hjem\",\"item\":\"https:\/\/viggobendz.dk\/fi\/kotisivu\/\"},{\"@type\":\"ListItem\",\"position\":2,\"name\":\"Myynti- ja toimitusehdot\"}]},{\"@type\":\"WebSite\",\"@id\":\"https:\/\/viggobendz.dk\/fi\/#website\",\"url\":\"https:\/\/viggobendz.dk\/fi\/\",\"name\":\"Viggo Bendz\",\"description\":\"Det ansvarlige valg\",\"publisher\":{\"@id\":\"https:\/\/viggobendz.dk\/fi\/#organization\"},\"potentialAction\":[{\"@type\":\"SearchAction\",\"target\":{\"@type\":\"EntryPoint\",\"urlTemplate\":\"https:\/\/viggobendz.dk\/fi\/?s={search_term_string}\"},\"query-input\":{\"@type\":\"PropertyValueSpecification\",\"valueRequired\":true,\"valueName\":\"search_term_string\"}}],\"inLanguage\":\"fi\"},{\"@type\":\"Organization\",\"@id\":\"https:\/\/viggobendz.dk\/fi\/#organization\",\"name\":\"Viggo Bendz A\/S\",\"url\":\"https:\/\/viggobendz.dk\/fi\/\",\"logo\":{\"@type\":\"ImageObject\",\"inLanguage\":\"fi\",\"@id\":\"https:\/\/viggobendz.dk\/fi\/#\/schema\/logo\/image\/\",\"url\":\"https:\/\/viggobendz.dk\/wp-content\/uploads\/2020\/03\/VB-Logo.png\",\"contentUrl\":\"https:\/\/viggobendz.dk\/wp-content\/uploads\/2020\/03\/VB-Logo.png\",\"width\":735,\"height\":776,\"caption\":\"Viggo Bendz A\/S\"},\"image\":{\"@id\":\"https:\/\/viggobendz.dk\/fi\/#\/schema\/logo\/image\/\"}}]}<\/script>","yoast_head_json":{"title":"Myynti- ja toimitusehdot - Viggo Bendz","robots":{"index":"index","follow":"follow","max-snippet":"max-snippet:-1","max-image-preview":"max-image-preview:large","max-video-preview":"max-video-preview:-1"},"canonical":"https:\/\/viggobendz.dk\/fi\/myynti-ja-toimitusehdot\/","og_locale":"fi_FI","og_type":"article","og_title":"Myynti- ja toimitusehdot - Viggo Bendz","og_description":"1. Johdanto N\u00e4it\u00e4 myynti- ja toimitusehtoja sovelletaan kaikkiin Viggo Bendzin (j\u00e4ljemp\u00e4n\u00e4 &#8221;Myyj\u00e4&#8221;) tarjouksiin, tilauksiin ja toimituksiin, ellei Asiakkaan ja Myyj\u00e4n v\u00e4lill\u00e4 ole kirjallisesti toisin sovittu. Myynti- ja toimitusehdot katsotaan hyv\u00e4ksytyiksi, kun Myyj\u00e4n tarjous hyv\u00e4ksyt\u00e4\u00e4n. 2. hinnat 2.1 Kaikki hinnat on ilmoitettu Tanskan kruunuina ilman arvonlis\u00e4veroa. 2.2 Myyj\u00e4ll\u00e4 on oikeus muuttaa tilattujen tuotteiden hintaa toimitushetkeen asti,","og_url":"https:\/\/viggobendz.dk\/fi\/myynti-ja-toimitusehdot\/","og_site_name":"Viggo Bendz","article_modified_time":"2026-02-11T09:10:11+00:00","og_image":[{"width":1024,"height":469,"url":"https:\/\/viggobendz.dk\/wp-content\/uploads\/2025\/07\/bygning-1-1024x469.png","type":"image\/png"}],"twitter_card":"summary_large_image","twitter_misc":{"Arvioitu lukuaika":"6 minuuttia"},"schema":{"@context":"https:\/\/schema.org","@graph":[{"@type":"WebPage","@id":"https:\/\/viggobendz.dk\/fi\/myynti-ja-toimitusehdot\/","url":"https:\/\/viggobendz.dk\/fi\/myynti-ja-toimitusehdot\/","name":"Myynti- ja toimitusehdot - Viggo Bendz","isPartOf":{"@id":"https:\/\/viggobendz.dk\/fi\/#website"},"primaryImageOfPage":{"@id":"https:\/\/viggobendz.dk\/fi\/myynti-ja-toimitusehdot\/#primaryimage"},"image":{"@id":"https:\/\/viggobendz.dk\/fi\/myynti-ja-toimitusehdot\/#primaryimage"},"thumbnailUrl":"https:\/\/viggobendz.dk\/wp-content\/uploads\/2025\/07\/bygning-1.png","datePublished":"2020-09-10T06:14:13+00:00","dateModified":"2026-02-11T09:10:11+00:00","breadcrumb":{"@id":"https:\/\/viggobendz.dk\/fi\/myynti-ja-toimitusehdot\/#breadcrumb"},"inLanguage":"fi","potentialAction":[{"@type":"ReadAction","target":["https:\/\/viggobendz.dk\/fi\/myynti-ja-toimitusehdot\/"]}]},{"@type":"ImageObject","inLanguage":"fi","@id":"https:\/\/viggobendz.dk\/fi\/myynti-ja-toimitusehdot\/#primaryimage","url":"https:\/\/viggobendz.dk\/wp-content\/uploads\/2025\/07\/bygning-1.png","contentUrl":"https:\/\/viggobendz.dk\/wp-content\/uploads\/2025\/07\/bygning-1.png","width":2463,"height":1127},{"@type":"BreadcrumbList","@id":"https:\/\/viggobendz.dk\/fi\/myynti-ja-toimitusehdot\/#breadcrumb","itemListElement":[{"@type":"ListItem","position":1,"name":"Hjem","item":"https:\/\/viggobendz.dk\/fi\/kotisivu\/"},{"@type":"ListItem","position":2,"name":"Myynti- ja toimitusehdot"}]},{"@type":"WebSite","@id":"https:\/\/viggobendz.dk\/fi\/#website","url":"https:\/\/viggobendz.dk\/fi\/","name":"Viggo Bendz","description":"Det ansvarlige valg","publisher":{"@id":"https:\/\/viggobendz.dk\/fi\/#organization"},"potentialAction":[{"@type":"SearchAction","target":{"@type":"EntryPoint","urlTemplate":"https:\/\/viggobendz.dk\/fi\/?s={search_term_string}"},"query-input":{"@type":"PropertyValueSpecification","valueRequired":true,"valueName":"search_term_string"}}],"inLanguage":"fi"},{"@type":"Organization","@id":"https:\/\/viggobendz.dk\/fi\/#organization","name":"Viggo Bendz A\/S","url":"https:\/\/viggobendz.dk\/fi\/","logo":{"@type":"ImageObject","inLanguage":"fi","@id":"https:\/\/viggobendz.dk\/fi\/#\/schema\/logo\/image\/","url":"https:\/\/viggobendz.dk\/wp-content\/uploads\/2020\/03\/VB-Logo.png","contentUrl":"https:\/\/viggobendz.dk\/wp-content\/uploads\/2020\/03\/VB-Logo.png","width":735,"height":776,"caption":"Viggo Bendz A\/S"},"image":{"@id":"https:\/\/viggobendz.dk\/fi\/#\/schema\/logo\/image\/"}}]}},"_links":{"self":[{"href":"https:\/\/viggobendz.dk\/fi\/wp-json\/wp\/v2\/pages\/23456","targetHints":{"allow":["GET"]}}],"collection":[{"href":"https:\/\/viggobendz.dk\/fi\/wp-json\/wp\/v2\/pages"}],"about":[{"href":"https:\/\/viggobendz.dk\/fi\/wp-json\/wp\/v2\/types\/page"}],"author":[{"embeddable":true,"href":"https:\/\/viggobendz.dk\/fi\/wp-json\/wp\/v2\/users\/2"}],"replies":[{"embeddable":true,"href":"https:\/\/viggobendz.dk\/fi\/wp-json\/wp\/v2\/comments?post=23456"}],"version-history":[{"count":1,"href":"https:\/\/viggobendz.dk\/fi\/wp-json\/wp\/v2\/pages\/23456\/revisions"}],"predecessor-version":[{"id":23458,"href":"https:\/\/viggobendz.dk\/fi\/wp-json\/wp\/v2\/pages\/23456\/revisions\/23458"}],"wp:featuredmedia":[{"embeddable":true,"href":"https:\/\/viggobendz.dk\/fi\/wp-json\/wp\/v2\/media\/22933"}],"wp:attachment":[{"href":"https:\/\/viggobendz.dk\/fi\/wp-json\/wp\/v2\/media?parent=23456"}],"curies":[{"name":"wp","href":"https:\/\/api.w.org\/{rel}","templated":true}]}}