{"id":23575,"date":"2020-10-01T11:21:23","date_gmt":"2020-10-01T09:21:23","guid":{"rendered":"https:\/\/viggobendz.dk\/lajittelutekniikka\/"},"modified":"2026-02-11T10:12:34","modified_gmt":"2026-02-11T09:12:34","slug":"lajittelutekniikka","status":"publish","type":"page","link":"https:\/\/viggobendz.dk\/fi\/lajittelutekniikka\/","title":{"rendered":"Lajittelutekniikka"},"content":{"rendered":"\t\t<div data-elementor-type=\"wp-page\" data-elementor-id=\"23575\" class=\"elementor elementor-23575 elementor-1443\" data-elementor-post-type=\"page\">\n\t\t\t\t<div class=\"elementor-element elementor-element-cecf942 e-con-full e-flex e-con e-parent\" data-id=\"cecf942\" data-element_type=\"container\" data-e-type=\"container\">\n\t\t<div class=\"elementor-element elementor-element-75c1f54 e-con-full e-flex e-con e-child\" data-id=\"75c1f54\" data-element_type=\"container\" data-e-type=\"container\" data-settings=\"{&quot;background_background&quot;:&quot;classic&quot;}\">\n\t\t\t\t<div class=\"elementor-element elementor-element-5c180fc elementor-widget elementor-widget-image\" data-id=\"5c180fc\" data-element_type=\"widget\" data-e-type=\"widget\" data-widget_type=\"image.default\">\n\t\t\t\t<div class=\"elementor-widget-container\">\n\t\t\t\t\t\t\t\t\t\t\t\t\t\t\t\t<a href=\"https:\/\/viggobendz.dk\/miljoe-metaller\/steinert\/\">\n\t\t\t\t\t\t\t<img decoding=\"async\" width=\"300\" height=\"96\" src=\"https:\/\/viggobendz.dk\/wp-content\/uploads\/2020\/10\/steinert-logo-300x96.png\" class=\"attachment-medium size-medium wp-image-16571\" alt=\"\" srcset=\"https:\/\/viggobendz.dk\/wp-content\/uploads\/2020\/10\/steinert-logo-300x96.png 300w, https:\/\/viggobendz.dk\/wp-content\/uploads\/2020\/10\/steinert-logo.png 768w\" sizes=\"(max-width: 300px) 100vw, 300px\" \/>\t\t\t\t\t\t\t\t<\/a>\n\t\t\t\t\t\t\t\t\t\t\t\t\t\t\t<\/div>\n\t\t\t\t<\/div>\n\t\t\t\t<\/div>\n\t\t<div class=\"elementor-element elementor-element-2c16600 e-con-full e-flex e-con e-child\" data-id=\"2c16600\" data-element_type=\"container\" data-e-type=\"container\" data-settings=\"{&quot;background_background&quot;:&quot;classic&quot;}\">\n\t\t\t\t<div class=\"elementor-element elementor-element-049b54e elementor-widget elementor-widget-image\" data-id=\"049b54e\" data-element_type=\"widget\" data-e-type=\"widget\" data-widget_type=\"image.default\">\n\t\t\t\t<div class=\"elementor-widget-container\">\n\t\t\t\t\t\t\t\t\t\t\t\t\t\t\t\t<a href=\"https:\/\/viggobendz.dk\/miljoe-metaller\/affaldssortering-westeria\/\">\n\t\t\t\t\t\t\t<img decoding=\"async\" width=\"300\" height=\"80\" src=\"https:\/\/viggobendz.dk\/wp-content\/uploads\/2020\/10\/Logowesteria-300x80.png\" class=\"attachment-medium size-medium wp-image-16635\" alt=\"\" srcset=\"https:\/\/viggobendz.dk\/wp-content\/uploads\/2020\/10\/Logowesteria-300x80.png 300w, https:\/\/viggobendz.dk\/wp-content\/uploads\/2020\/10\/Logowesteria-1024x273.png 1024w, https:\/\/viggobendz.dk\/wp-content\/uploads\/2020\/10\/Logowesteria-768x204.png 768w, https:\/\/viggobendz.dk\/wp-content\/uploads\/2020\/10\/Logowesteria-1320x351.png 1320w, https:\/\/viggobendz.dk\/wp-content\/uploads\/2020\/10\/Logowesteria-800x213.png 800w, https:\/\/viggobendz.dk\/wp-content\/uploads\/2020\/10\/Logowesteria.png 1503w\" sizes=\"(max-width: 300px) 100vw, 300px\" \/>\t\t\t\t\t\t\t\t<\/a>\n\t\t\t\t\t\t\t\t\t\t\t\t\t\t\t<\/div>\n\t\t\t\t<\/div>\n\t\t\t\t<\/div>\n\t\t<div class=\"elementor-element elementor-element-3e892e2 e-con-full e-flex e-con e-child\" data-id=\"3e892e2\" data-element_type=\"container\" data-e-type=\"container\" data-settings=\"{&quot;background_background&quot;:&quot;classic&quot;}\">\n\t\t\t\t<div class=\"elementor-element elementor-element-9ba37f4 elementor-widget elementor-widget-image\" data-id=\"9ba37f4\" data-element_type=\"widget\" data-e-type=\"widget\" data-widget_type=\"image.default\">\n\t\t\t\t<div class=\"elementor-widget-container\">\n\t\t\t\t\t\t\t\t\t\t\t\t\t\t\t\t<a href=\"https:\/\/viggobendz.dk\/miljoe-metaller\/trennso-technik\/\">\n\t\t\t\t\t\t\t<img fetchpriority=\"high\" decoding=\"async\" width=\"300\" height=\"172\" src=\"https:\/\/viggobendz.dk\/wp-content\/uploads\/2021\/07\/Trennso-Technik-logo-300x172.png\" class=\"attachment-medium size-medium wp-image-17555\" alt=\"Trennso Technik -logo\" srcset=\"https:\/\/viggobendz.dk\/wp-content\/uploads\/2021\/07\/Trennso-Technik-logo-300x172.png 300w, https:\/\/viggobendz.dk\/wp-content\/uploads\/2021\/07\/Trennso-Technik-logo.png 542w\" sizes=\"(max-width: 300px) 100vw, 300px\" \/>\t\t\t\t\t\t\t\t<\/a>\n\t\t\t\t\t\t\t\t\t\t\t\t\t\t\t<\/div>\n\t\t\t\t<\/div>\n\t\t\t\t<\/div>\n\t\t\t\t<\/div>\n\t\t<div class=\"elementor-element elementor-element-2bd30d1 e-flex e-con-boxed e-con e-parent\" data-id=\"2bd30d1\" data-element_type=\"container\" data-e-type=\"container\">\n\t\t\t\t\t<div class=\"e-con-inner\">\n\t\t<div class=\"elementor-element elementor-element-f97c869 e-con-full e-flex e-con e-child\" data-id=\"f97c869\" data-element_type=\"container\" data-e-type=\"container\">\n\t\t\t\t<div class=\"elementor-element elementor-element-1f82e99 elementor-widget elementor-widget-text-editor\" data-id=\"1f82e99\" data-element_type=\"widget\" data-e-type=\"widget\" data-widget_type=\"text-editor.default\">\n\t\t\t\t<div class=\"elementor-widget-container\">\n\t\t\t\t\t\t\t\t\t<h1>Koneet ja kokonaiset laitokset lajitteluprojekteja varten<\/h1><p>Kasvavat j\u00e4tem\u00e4\u00e4r\u00e4t, v\u00e4hentynyt energiankulutus, hiilidioksidip\u00e4\u00e4st\u00f6t ja raaka-aineiden rajallisuus korostavat arvokkaiden materiaalien hy\u00f6dynt\u00e4mist\u00e4 ja kierr\u00e4tt\u00e4mist\u00e4.<\/p><p>Viggo Bendz jakelee markkinoiden johtavia laitteita ja koneita kierr\u00e4tett\u00e4vien materiaalien lajitteluun, jotka voidaan jalostaa ja sis\u00e4llytt\u00e4\u00e4 kiertotalouteen. Autamme kaikissa prosesseissa silppuamisesta valmiiseen lopputuotteeseen.   <\/p><p>Olipa kyse metallien lajittelusta py\u00f6rrevirtaerottimilla, muovien lajittelusta anturitekniikalla, kevyiden materiaalien erottelusta tuuliseuloilla, hienojakoisten jakeiden lajittelusta erotusp\u00f6ydill\u00e4 tai mist\u00e4 tahansa muusta lajitteluun liittyv\u00e4st\u00e4 ongelmasta, Viggo Bendz voi tarjota oikeat ratkaisut.<\/p><p>Tied\u00e4mme, ett\u00e4 ratkaisun on oltava kannattava l\u00e4hitulevaisuudessa, mink\u00e4 vuoksi asetamme aina etusijalle kustannustehokkaiden ja kapasiteettiin mukautettujen j\u00e4rjestelmien toimittamisen ja ennen kaikkea lopputuotteen korkean laadun varmistamisen.<\/p><p><i>Alla olevalla videolla voit tutustua tarkemmin hankeprosessiin.<\/i><\/p>\t\t\t\t\t\t\t\t<\/div>\n\t\t\t\t<\/div>\n\t\t\t\t<div class=\"elementor-element elementor-element-938f3ae elementor-widget elementor-widget-video\" data-id=\"938f3ae\" data-element_type=\"widget\" data-e-type=\"widget\" data-settings=\"{&quot;youtube_url&quot;:&quot;https:\\\/\\\/youtu.be\\\/Mu4Fo4c1bc4&quot;,&quot;video_type&quot;:&quot;youtube&quot;,&quot;controls&quot;:&quot;yes&quot;}\" data-widget_type=\"video.default\">\n\t\t\t\t<div class=\"elementor-widget-container\">\n\t\t\t\t\t\t\t<div class=\"elementor-wrapper elementor-open-inline\">\n\t\t\t<div class=\"elementor-video\"><\/div>\t\t<\/div>\n\t\t\t\t\t\t<\/div>\n\t\t\t\t<\/div>\n\t\t\t\t<\/div>\n\t\t\t\t\t<\/div>\n\t\t\t\t<\/div>\n\t\t<div class=\"elementor-element elementor-element-2ae4cb4 elementor-hidden-desktop elementor-hidden-tablet elementor-hidden-mobile e-flex e-con-boxed e-con e-parent\" data-id=\"2ae4cb4\" data-element_type=\"container\" data-e-type=\"container\">\n\t\t\t\t\t<div class=\"e-con-inner\">\n\t\t<div class=\"elementor-element elementor-element-c8f6cae e-con-full e-flex e-con e-child\" data-id=\"c8f6cae\" data-element_type=\"container\" data-e-type=\"container\">\n\t\t\t\t<div class=\"elementor-element elementor-element-4975755 elementor-align-right elementor-mobile-align-center elementor-widget elementor-widget-button\" data-id=\"4975755\" data-element_type=\"widget\" data-e-type=\"widget\" data-widget_type=\"button.default\">\n\t\t\t\t<div class=\"elementor-widget-container\">\n\t\t\t\t\t\t\t\t\t<div class=\"elementor-button-wrapper\">\n\t\t\t\t\t<a class=\"elementor-button elementor-size-sm\" role=\"button\">\n\t\t\t\t\t\t<span class=\"elementor-button-content-wrapper\">\n\t\t\t\t\t\t\t\t\t<span class=\"elementor-button-text\">STEINERT<\/span>\n\t\t\t\t\t<\/span>\n\t\t\t\t\t<\/a>\n\t\t\t\t<\/div>\n\t\t\t\t\t\t\t\t<\/div>\n\t\t\t\t<\/div>\n\t\t\t\t<\/div>\n\t\t<div class=\"elementor-element elementor-element-b1226a6 e-con-full e-flex e-con e-child\" data-id=\"b1226a6\" data-element_type=\"container\" data-e-type=\"container\">\n\t\t\t\t<div class=\"elementor-element elementor-element-aae672a elementor-align-center elementor-widget elementor-widget-button\" data-id=\"aae672a\" data-element_type=\"widget\" data-e-type=\"widget\" data-widget_type=\"button.default\">\n\t\t\t\t<div class=\"elementor-widget-container\">\n\t\t\t\t\t\t\t\t\t<div class=\"elementor-button-wrapper\">\n\t\t\t\t\t<a class=\"elementor-button elementor-size-sm\" role=\"button\">\n\t\t\t\t\t\t<span class=\"elementor-button-content-wrapper\">\n\t\t\t\t\t\t\t\t\t<span class=\"elementor-button-text\">EROTUSTEKNIIKKA<\/span>\n\t\t\t\t\t<\/span>\n\t\t\t\t\t<\/a>\n\t\t\t\t<\/div>\n\t\t\t\t\t\t\t\t<\/div>\n\t\t\t\t<\/div>\n\t\t\t\t<\/div>\n\t\t<div class=\"elementor-element elementor-element-6c98dce e-con-full e-flex e-con e-child\" data-id=\"6c98dce\" data-element_type=\"container\" data-e-type=\"container\">\n\t\t\t\t<div class=\"elementor-element elementor-element-77a0156 elementor-align-left elementor-mobile-align-center elementor-widget elementor-widget-button\" data-id=\"77a0156\" data-element_type=\"widget\" data-e-type=\"widget\" data-widget_type=\"button.default\">\n\t\t\t\t<div class=\"elementor-widget-container\">\n\t\t\t\t\t\t\t\t\t<div class=\"elementor-button-wrapper\">\n\t\t\t\t\t<a class=\"elementor-button elementor-button-link elementor-size-sm\" href=\"https:\/\/viggobendz.dk\/fi\/lajittelutekniikka\/westeria\/\">\n\t\t\t\t\t\t<span class=\"elementor-button-content-wrapper\">\n\t\t\t\t\t\t\t\t\t<span class=\"elementor-button-text\">WESTERIA<\/span>\n\t\t\t\t\t<\/span>\n\t\t\t\t\t<\/a>\n\t\t\t\t<\/div>\n\t\t\t\t\t\t\t\t<\/div>\n\t\t\t\t<\/div>\n\t\t\t\t<\/div>\n\t\t\t\t\t<\/div>\n\t\t\t\t<\/div>\n\t\t<div class=\"elementor-element elementor-element-2d86946 elementor-hidden-desktop elementor-hidden-tablet elementor-hidden-mobile e-flex e-con-boxed e-con e-parent\" data-id=\"2d86946\" data-element_type=\"container\" data-e-type=\"container\">\n\t\t\t\t\t<div class=\"e-con-inner\">\n\t\t<div class=\"elementor-element elementor-element-ffb7f34 e-con-full e-flex e-con e-child\" data-id=\"ffb7f34\" data-element_type=\"container\" data-e-type=\"container\">\n\t\t\t\t<\/div>\n\t\t\t\t\t<\/div>\n\t\t\t\t<\/div>\n\t\t\t\t<\/div>\n\t\t","protected":false},"excerpt":{"rendered":"<p>Koneet ja kokonaiset laitokset lajitteluprojekteja varten Kasvavat j\u00e4tem\u00e4\u00e4r\u00e4t, v\u00e4hentynyt energiankulutus, hiilidioksidip\u00e4\u00e4st\u00f6t ja raaka-aineiden rajallisuus korostavat arvokkaiden materiaalien hy\u00f6dynt\u00e4mist\u00e4 ja kierr\u00e4tt\u00e4mist\u00e4. Viggo Bendz jakelee markkinoiden johtavia laitteita ja koneita kierr\u00e4tett\u00e4vien materiaalien lajitteluun, jotka voidaan jalostaa ja sis\u00e4llytt\u00e4\u00e4 kiertotalouteen. Autamme kaikissa prosesseissa silppuamisesta valmiiseen lopputuotteeseen. Olipa kyse metallien lajittelusta py\u00f6rrevirtaerottimilla, muovien lajittelusta anturitekniikalla, kevyiden materiaalien erottelusta tuuliseuloilla,<\/p>\n","protected":false},"author":2,"featured_media":16387,"parent":0,"menu_order":0,"comment_status":"closed","ping_status":"closed","template":"","meta":{"_acf_changed":false,"footnotes":""},"class_list":["post-23575","page","type-page","status-publish","has-post-thumbnail","hentry"],"acf":[],"yoast_head":"<title>Lajittelutekniikka - Viggo Bendz<\/title>\n<meta name=\"robots\" content=\"index, follow, max-snippet:-1, max-image-preview:large, max-video-preview:-1\" \/>\n<link rel=\"canonical\" href=\"https:\/\/viggobendz.dk\/fi\/lajittelutekniikka\/\" \/>\n<meta property=\"og:locale\" content=\"fi_FI\" \/>\n<meta property=\"og:type\" content=\"article\" \/>\n<meta property=\"og:title\" content=\"Lajittelutekniikka - Viggo Bendz\" \/>\n<meta property=\"og:description\" content=\"Koneet ja kokonaiset laitokset lajitteluprojekteja varten Kasvavat j\u00e4tem\u00e4\u00e4r\u00e4t, v\u00e4hentynyt energiankulutus, hiilidioksidip\u00e4\u00e4st\u00f6t ja raaka-aineiden rajallisuus korostavat arvokkaiden materiaalien hy\u00f6dynt\u00e4mist\u00e4 ja kierr\u00e4tt\u00e4mist\u00e4. Viggo Bendz jakelee markkinoiden johtavia laitteita ja koneita kierr\u00e4tett\u00e4vien materiaalien lajitteluun, jotka voidaan jalostaa ja sis\u00e4llytt\u00e4\u00e4 kiertotalouteen. Autamme kaikissa prosesseissa silppuamisesta valmiiseen lopputuotteeseen. Olipa kyse metallien lajittelusta py\u00f6rrevirtaerottimilla, muovien lajittelusta anturitekniikalla, kevyiden materiaalien erottelusta tuuliseuloilla,\" \/>\n<meta property=\"og:url\" content=\"https:\/\/viggobendz.dk\/fi\/lajittelutekniikka\/\" \/>\n<meta property=\"og:site_name\" content=\"Viggo Bendz\" \/>\n<meta property=\"article:modified_time\" content=\"2026-02-11T09:12:34+00:00\" \/>\n<meta property=\"og:image\" content=\"https:\/\/viggobendz.dk\/wp-content\/uploads\/2020\/09\/steinert-viggo-bendz-scaled.jpg\" \/>\n\t<meta property=\"og:image:width\" content=\"2560\" \/>\n\t<meta property=\"og:image:height\" content=\"960\" \/>\n\t<meta property=\"og:image:type\" content=\"image\/jpeg\" \/>\n<meta name=\"twitter:card\" content=\"summary_large_image\" \/>\n<meta name=\"twitter:label1\" content=\"Arvioitu lukuaika\" \/>\n\t<meta name=\"twitter:data1\" content=\"1 minuutti\" \/>\n<script type=\"application\/ld+json\" class=\"yoast-schema-graph\">{\"@context\":\"https:\/\/schema.org\",\"@graph\":[{\"@type\":\"WebPage\",\"@id\":\"https:\/\/viggobendz.dk\/fi\/lajittelutekniikka\/\",\"url\":\"https:\/\/viggobendz.dk\/fi\/lajittelutekniikka\/\",\"name\":\"Lajittelutekniikka - Viggo Bendz\",\"isPartOf\":{\"@id\":\"https:\/\/viggobendz.dk\/fi\/#website\"},\"primaryImageOfPage\":{\"@id\":\"https:\/\/viggobendz.dk\/fi\/lajittelutekniikka\/#primaryimage\"},\"image\":{\"@id\":\"https:\/\/viggobendz.dk\/fi\/lajittelutekniikka\/#primaryimage\"},\"thumbnailUrl\":\"https:\/\/viggobendz.dk\/wp-content\/uploads\/2020\/09\/steinert-viggo-bendz-scaled.jpg\",\"datePublished\":\"2020-10-01T09:21:23+00:00\",\"dateModified\":\"2026-02-11T09:12:34+00:00\",\"breadcrumb\":{\"@id\":\"https:\/\/viggobendz.dk\/fi\/lajittelutekniikka\/#breadcrumb\"},\"inLanguage\":\"fi\",\"potentialAction\":[{\"@type\":\"ReadAction\",\"target\":[\"https:\/\/viggobendz.dk\/fi\/lajittelutekniikka\/\"]}]},{\"@type\":\"ImageObject\",\"inLanguage\":\"fi\",\"@id\":\"https:\/\/viggobendz.dk\/fi\/lajittelutekniikka\/#primaryimage\",\"url\":\"https:\/\/viggobendz.dk\/wp-content\/uploads\/2020\/09\/steinert-viggo-bendz-scaled.jpg\",\"contentUrl\":\"https:\/\/viggobendz.dk\/wp-content\/uploads\/2020\/09\/steinert-viggo-bendz-scaled.jpg\",\"width\":2560,\"height\":960},{\"@type\":\"BreadcrumbList\",\"@id\":\"https:\/\/viggobendz.dk\/fi\/lajittelutekniikka\/#breadcrumb\",\"itemListElement\":[{\"@type\":\"ListItem\",\"position\":1,\"name\":\"Hjem\",\"item\":\"https:\/\/viggobendz.dk\/fi\/kotisivu\/\"},{\"@type\":\"ListItem\",\"position\":2,\"name\":\"Lajittelutekniikka\"}]},{\"@type\":\"WebSite\",\"@id\":\"https:\/\/viggobendz.dk\/fi\/#website\",\"url\":\"https:\/\/viggobendz.dk\/fi\/\",\"name\":\"Viggo Bendz\",\"description\":\"Det ansvarlige valg\",\"publisher\":{\"@id\":\"https:\/\/viggobendz.dk\/fi\/#organization\"},\"potentialAction\":[{\"@type\":\"SearchAction\",\"target\":{\"@type\":\"EntryPoint\",\"urlTemplate\":\"https:\/\/viggobendz.dk\/fi\/?s={search_term_string}\"},\"query-input\":{\"@type\":\"PropertyValueSpecification\",\"valueRequired\":true,\"valueName\":\"search_term_string\"}}],\"inLanguage\":\"fi\"},{\"@type\":\"Organization\",\"@id\":\"https:\/\/viggobendz.dk\/fi\/#organization\",\"name\":\"Viggo Bendz A\/S\",\"url\":\"https:\/\/viggobendz.dk\/fi\/\",\"logo\":{\"@type\":\"ImageObject\",\"inLanguage\":\"fi\",\"@id\":\"https:\/\/viggobendz.dk\/fi\/#\/schema\/logo\/image\/\",\"url\":\"https:\/\/viggobendz.dk\/wp-content\/uploads\/2020\/03\/VB-Logo.png\",\"contentUrl\":\"https:\/\/viggobendz.dk\/wp-content\/uploads\/2020\/03\/VB-Logo.png\",\"width\":735,\"height\":776,\"caption\":\"Viggo Bendz A\/S\"},\"image\":{\"@id\":\"https:\/\/viggobendz.dk\/fi\/#\/schema\/logo\/image\/\"}}]}<\/script>","yoast_head_json":{"title":"Lajittelutekniikka - Viggo Bendz","robots":{"index":"index","follow":"follow","max-snippet":"max-snippet:-1","max-image-preview":"max-image-preview:large","max-video-preview":"max-video-preview:-1"},"canonical":"https:\/\/viggobendz.dk\/fi\/lajittelutekniikka\/","og_locale":"fi_FI","og_type":"article","og_title":"Lajittelutekniikka - Viggo Bendz","og_description":"Koneet ja kokonaiset laitokset lajitteluprojekteja varten Kasvavat j\u00e4tem\u00e4\u00e4r\u00e4t, v\u00e4hentynyt energiankulutus, hiilidioksidip\u00e4\u00e4st\u00f6t ja raaka-aineiden rajallisuus korostavat arvokkaiden materiaalien hy\u00f6dynt\u00e4mist\u00e4 ja kierr\u00e4tt\u00e4mist\u00e4. Viggo Bendz jakelee markkinoiden johtavia laitteita ja koneita kierr\u00e4tett\u00e4vien materiaalien lajitteluun, jotka voidaan jalostaa ja sis\u00e4llytt\u00e4\u00e4 kiertotalouteen. Autamme kaikissa prosesseissa silppuamisesta valmiiseen lopputuotteeseen. Olipa kyse metallien lajittelusta py\u00f6rrevirtaerottimilla, muovien lajittelusta anturitekniikalla, kevyiden materiaalien erottelusta tuuliseuloilla,","og_url":"https:\/\/viggobendz.dk\/fi\/lajittelutekniikka\/","og_site_name":"Viggo Bendz","article_modified_time":"2026-02-11T09:12:34+00:00","og_image":[{"width":2560,"height":960,"url":"https:\/\/viggobendz.dk\/wp-content\/uploads\/2020\/09\/steinert-viggo-bendz-scaled.jpg","type":"image\/jpeg"}],"twitter_card":"summary_large_image","twitter_misc":{"Arvioitu lukuaika":"1 minuutti"},"schema":{"@context":"https:\/\/schema.org","@graph":[{"@type":"WebPage","@id":"https:\/\/viggobendz.dk\/fi\/lajittelutekniikka\/","url":"https:\/\/viggobendz.dk\/fi\/lajittelutekniikka\/","name":"Lajittelutekniikka - Viggo Bendz","isPartOf":{"@id":"https:\/\/viggobendz.dk\/fi\/#website"},"primaryImageOfPage":{"@id":"https:\/\/viggobendz.dk\/fi\/lajittelutekniikka\/#primaryimage"},"image":{"@id":"https:\/\/viggobendz.dk\/fi\/lajittelutekniikka\/#primaryimage"},"thumbnailUrl":"https:\/\/viggobendz.dk\/wp-content\/uploads\/2020\/09\/steinert-viggo-bendz-scaled.jpg","datePublished":"2020-10-01T09:21:23+00:00","dateModified":"2026-02-11T09:12:34+00:00","breadcrumb":{"@id":"https:\/\/viggobendz.dk\/fi\/lajittelutekniikka\/#breadcrumb"},"inLanguage":"fi","potentialAction":[{"@type":"ReadAction","target":["https:\/\/viggobendz.dk\/fi\/lajittelutekniikka\/"]}]},{"@type":"ImageObject","inLanguage":"fi","@id":"https:\/\/viggobendz.dk\/fi\/lajittelutekniikka\/#primaryimage","url":"https:\/\/viggobendz.dk\/wp-content\/uploads\/2020\/09\/steinert-viggo-bendz-scaled.jpg","contentUrl":"https:\/\/viggobendz.dk\/wp-content\/uploads\/2020\/09\/steinert-viggo-bendz-scaled.jpg","width":2560,"height":960},{"@type":"BreadcrumbList","@id":"https:\/\/viggobendz.dk\/fi\/lajittelutekniikka\/#breadcrumb","itemListElement":[{"@type":"ListItem","position":1,"name":"Hjem","item":"https:\/\/viggobendz.dk\/fi\/kotisivu\/"},{"@type":"ListItem","position":2,"name":"Lajittelutekniikka"}]},{"@type":"WebSite","@id":"https:\/\/viggobendz.dk\/fi\/#website","url":"https:\/\/viggobendz.dk\/fi\/","name":"Viggo Bendz","description":"Det ansvarlige valg","publisher":{"@id":"https:\/\/viggobendz.dk\/fi\/#organization"},"potentialAction":[{"@type":"SearchAction","target":{"@type":"EntryPoint","urlTemplate":"https:\/\/viggobendz.dk\/fi\/?s={search_term_string}"},"query-input":{"@type":"PropertyValueSpecification","valueRequired":true,"valueName":"search_term_string"}}],"inLanguage":"fi"},{"@type":"Organization","@id":"https:\/\/viggobendz.dk\/fi\/#organization","name":"Viggo Bendz A\/S","url":"https:\/\/viggobendz.dk\/fi\/","logo":{"@type":"ImageObject","inLanguage":"fi","@id":"https:\/\/viggobendz.dk\/fi\/#\/schema\/logo\/image\/","url":"https:\/\/viggobendz.dk\/wp-content\/uploads\/2020\/03\/VB-Logo.png","contentUrl":"https:\/\/viggobendz.dk\/wp-content\/uploads\/2020\/03\/VB-Logo.png","width":735,"height":776,"caption":"Viggo Bendz A\/S"},"image":{"@id":"https:\/\/viggobendz.dk\/fi\/#\/schema\/logo\/image\/"}}]}},"_links":{"self":[{"href":"https:\/\/viggobendz.dk\/fi\/wp-json\/wp\/v2\/pages\/23575","targetHints":{"allow":["GET"]}}],"collection":[{"href":"https:\/\/viggobendz.dk\/fi\/wp-json\/wp\/v2\/pages"}],"about":[{"href":"https:\/\/viggobendz.dk\/fi\/wp-json\/wp\/v2\/types\/page"}],"author":[{"embeddable":true,"href":"https:\/\/viggobendz.dk\/fi\/wp-json\/wp\/v2\/users\/2"}],"replies":[{"embeddable":true,"href":"https:\/\/viggobendz.dk\/fi\/wp-json\/wp\/v2\/comments?post=23575"}],"version-history":[{"count":1,"href":"https:\/\/viggobendz.dk\/fi\/wp-json\/wp\/v2\/pages\/23575\/revisions"}],"predecessor-version":[{"id":23580,"href":"https:\/\/viggobendz.dk\/fi\/wp-json\/wp\/v2\/pages\/23575\/revisions\/23580"}],"wp:featuredmedia":[{"embeddable":true,"href":"https:\/\/viggobendz.dk\/fi\/wp-json\/wp\/v2\/media\/16387"}],"wp:attachment":[{"href":"https:\/\/viggobendz.dk\/fi\/wp-json\/wp\/v2\/media?parent=23575"}],"curies":[{"name":"wp","href":"https:\/\/api.w.org\/{rel}","templated":true}]}}