{"id":24368,"date":"2025-03-24T10:13:44","date_gmt":"2025-03-24T09:13:44","guid":{"rendered":"https:\/\/viggobendz.dk\/butik\/Ei-luokiteltu\/hampaan-murskaaminen-e133\/"},"modified":"2025-03-24T10:13:44","modified_gmt":"2025-03-24T09:13:44","slug":"hampaan-murskaaminen-e133","status":"publish","type":"product","link":"https:\/\/viggobendz.dk\/fi\/butik\/kuluvat-osat\/hampaat\/hampaan-murskaaminen-e133\/","title":{"rendered":"Hampaan murskaaminen (E133)"},"content":{"rendered":"<p><strong>Kest\u00e4v\u00e4 murskaimen hammas betonimurskaimeen.<\/strong><\/p>\n<h4><strong><a href=\"https:\/\/stg-viggobendz-staging.kinsta.cloud\/wp-content\/uploads\/2022\/01\/datablad.jpg\" target=\"_blank\" rel=\"noopener\">Tietolehti<\/a><\/strong><\/h4>\n<p>Jos olet ep\u00e4varma tai et l\u00f6yd\u00e4 oikeaa hammasta, ota meihin yhteytt\u00e4: +45 43 96 41 22.<\/p>\n","protected":false},"excerpt":{"rendered":"<p><strong>Kest\u00e4v\u00e4 murskaimen hammas betonimurskaimeen.<\/strong><\/p>\n<h4><strong><a href=\"https:\/\/stg-viggobendz-staging.kinsta.cloud\/wp-content\/uploads\/2022\/01\/datablad.jpg\" target=\"_blank\" rel=\"noopener\">Tietolehti<\/a><\/strong><\/h4>\n<p>Jos olet ep\u00e4varma tai et l\u00f6yd\u00e4 oikeaa hammasta, ota meihin yhteytt\u00e4: +45 43 96 41 22.<\/p>\n","protected":false},"featured_media":5274,"template":"","meta":{"_acf_changed":false},"product_brand":[],"product_cat":[2668,2671,2732],"product_tag":[],"class_list":{"0":"post-24368","1":"product","2":"type-product","3":"status-publish","4":"has-post-thumbnail","6":"product_cat-hampaat","7":"product_cat-kuluvat-osat","8":"product_cat-murskaimen-hammas","10":"first","11":"instock","12":"taxable","13":"shipping-taxable","14":"purchasable","15":"product-type-simple"},"acf":[],"yoast_head":"<title>Hampaan murskaaminen (E133) - Viggo Bendz<\/title>\n<meta name=\"robots\" content=\"index, follow, max-snippet:-1, max-image-preview:large, max-video-preview:-1\" \/>\n<link rel=\"canonical\" href=\"https:\/\/viggobendz.dk\/fi\/butik\/kuluvat-osat\/hampaat\/hampaan-murskaaminen-e133\/\" \/>\n<meta property=\"og:locale\" content=\"fi_FI\" \/>\n<meta property=\"og:type\" content=\"article\" \/>\n<meta property=\"og:title\" content=\"Hampaan murskaaminen (E133) - Viggo Bendz\" \/>\n<meta property=\"og:description\" content=\"Kest\u00e4v\u00e4 murskaimen hammas betonimurskaimeen. Tietolehti Jos olet ep\u00e4varma tai et l\u00f6yd\u00e4 oikeaa hammasta, ota meihin yhteytt\u00e4: +45 43 96 41 22.\" \/>\n<meta property=\"og:url\" content=\"https:\/\/viggobendz.dk\/fi\/butik\/kuluvat-osat\/hampaat\/hampaan-murskaaminen-e133\/\" \/>\n<meta property=\"og:site_name\" content=\"Viggo Bendz\" \/>\n<meta property=\"og:image\" content=\"https:\/\/viggobendz.dk\/wp-content\/uploads\/2022\/01\/knusertand-2.jpg\" \/>\n\t<meta property=\"og:image:width\" content=\"750\" \/>\n\t<meta property=\"og:image:height\" content=\"563\" \/>\n\t<meta property=\"og:image:type\" content=\"image\/jpeg\" \/>\n<meta name=\"twitter:card\" content=\"summary_large_image\" \/>\n<script type=\"application\/ld+json\" class=\"yoast-schema-graph\">{\"@context\":\"https:\/\/schema.org\",\"@graph\":[{\"@type\":\"WebPage\",\"@id\":\"https:\/\/viggobendz.dk\/fi\/butik\/kuluvat-osat\/hampaat\/hampaan-murskaaminen-e133\/\",\"url\":\"https:\/\/viggobendz.dk\/fi\/butik\/kuluvat-osat\/hampaat\/hampaan-murskaaminen-e133\/\",\"name\":\"Hampaan murskaaminen (E133) - Viggo Bendz\",\"isPartOf\":{\"@id\":\"https:\/\/viggobendz.dk\/fi\/#website\"},\"primaryImageOfPage\":{\"@id\":\"https:\/\/viggobendz.dk\/fi\/butik\/kuluvat-osat\/hampaat\/hampaan-murskaaminen-e133\/#primaryimage\"},\"image\":{\"@id\":\"https:\/\/viggobendz.dk\/fi\/butik\/kuluvat-osat\/hampaat\/hampaan-murskaaminen-e133\/#primaryimage\"},\"thumbnailUrl\":\"https:\/\/viggobendz.dk\/wp-content\/uploads\/2022\/01\/knusertand-2.jpg\",\"datePublished\":\"2025-03-24T09:13:44+00:00\",\"breadcrumb\":{\"@id\":\"https:\/\/viggobendz.dk\/fi\/butik\/kuluvat-osat\/hampaat\/hampaan-murskaaminen-e133\/#breadcrumb\"},\"inLanguage\":\"fi\",\"potentialAction\":[{\"@type\":\"ReadAction\",\"target\":[\"https:\/\/viggobendz.dk\/fi\/butik\/kuluvat-osat\/hampaat\/hampaan-murskaaminen-e133\/\"]}]},{\"@type\":\"ImageObject\",\"inLanguage\":\"fi\",\"@id\":\"https:\/\/viggobendz.dk\/fi\/butik\/kuluvat-osat\/hampaat\/hampaan-murskaaminen-e133\/#primaryimage\",\"url\":\"https:\/\/viggobendz.dk\/wp-content\/uploads\/2022\/01\/knusertand-2.jpg\",\"contentUrl\":\"https:\/\/viggobendz.dk\/wp-content\/uploads\/2022\/01\/knusertand-2.jpg\",\"width\":750,\"height\":563,\"caption\":\"produktfremvisning\"},{\"@type\":\"BreadcrumbList\",\"@id\":\"https:\/\/viggobendz.dk\/fi\/butik\/kuluvat-osat\/hampaat\/hampaan-murskaaminen-e133\/#breadcrumb\",\"itemListElement\":[{\"@type\":\"ListItem\",\"position\":1,\"name\":\"Hjem\",\"item\":\"https:\/\/viggobendz.dk\/fi\/kotisivu\/\"},{\"@type\":\"ListItem\",\"position\":2,\"name\":\"Shop\",\"item\":\"https:\/\/viggobendz.dk\/butik\/\"},{\"@type\":\"ListItem\",\"position\":3,\"name\":\"Kuluvat osat\",\"item\":\"https:\/\/viggobendz.dk\/fi\/vare-kategori\/kuluvat-osat\/\"},{\"@type\":\"ListItem\",\"position\":4,\"name\":\"Hampaat\",\"item\":\"https:\/\/viggobendz.dk\/fi\/vare-kategori\/kuluvat-osat\/hampaat\/\"},{\"@type\":\"ListItem\",\"position\":5,\"name\":\"Murskaimen hammas\",\"item\":\"https:\/\/viggobendz.dk\/fi\/vare-kategori\/kuluvat-osat\/hampaat\/murskaimen-hammas\/\"},{\"@type\":\"ListItem\",\"position\":6,\"name\":\"Hampaan murskaaminen (E133)\"}]},{\"@type\":\"WebSite\",\"@id\":\"https:\/\/viggobendz.dk\/fi\/#website\",\"url\":\"https:\/\/viggobendz.dk\/fi\/\",\"name\":\"Viggo Bendz\",\"description\":\"Det ansvarlige valg\",\"publisher\":{\"@id\":\"https:\/\/viggobendz.dk\/fi\/#organization\"},\"potentialAction\":[{\"@type\":\"SearchAction\",\"target\":{\"@type\":\"EntryPoint\",\"urlTemplate\":\"https:\/\/viggobendz.dk\/fi\/?s={search_term_string}\"},\"query-input\":{\"@type\":\"PropertyValueSpecification\",\"valueRequired\":true,\"valueName\":\"search_term_string\"}}],\"inLanguage\":\"fi\"},{\"@type\":\"Organization\",\"@id\":\"https:\/\/viggobendz.dk\/fi\/#organization\",\"name\":\"Viggo Bendz A\/S\",\"url\":\"https:\/\/viggobendz.dk\/fi\/\",\"logo\":{\"@type\":\"ImageObject\",\"inLanguage\":\"fi\",\"@id\":\"https:\/\/viggobendz.dk\/fi\/#\/schema\/logo\/image\/\",\"url\":\"https:\/\/viggobendz.dk\/wp-content\/uploads\/2020\/03\/VB-Logo.png\",\"contentUrl\":\"https:\/\/viggobendz.dk\/wp-content\/uploads\/2020\/03\/VB-Logo.png\",\"width\":735,\"height\":776,\"caption\":\"Viggo Bendz A\/S\"},\"image\":{\"@id\":\"https:\/\/viggobendz.dk\/fi\/#\/schema\/logo\/image\/\"}}]}<\/script>","yoast_head_json":{"title":"Hampaan murskaaminen (E133) - Viggo Bendz","robots":{"index":"index","follow":"follow","max-snippet":"max-snippet:-1","max-image-preview":"max-image-preview:large","max-video-preview":"max-video-preview:-1"},"canonical":"https:\/\/viggobendz.dk\/fi\/butik\/kuluvat-osat\/hampaat\/hampaan-murskaaminen-e133\/","og_locale":"fi_FI","og_type":"article","og_title":"Hampaan murskaaminen (E133) - Viggo Bendz","og_description":"Kest\u00e4v\u00e4 murskaimen hammas betonimurskaimeen. Tietolehti Jos olet ep\u00e4varma tai et l\u00f6yd\u00e4 oikeaa hammasta, ota meihin yhteytt\u00e4: +45 43 96 41 22.","og_url":"https:\/\/viggobendz.dk\/fi\/butik\/kuluvat-osat\/hampaat\/hampaan-murskaaminen-e133\/","og_site_name":"Viggo Bendz","og_image":[{"width":750,"height":563,"url":"https:\/\/viggobendz.dk\/wp-content\/uploads\/2022\/01\/knusertand-2.jpg","type":"image\/jpeg"}],"twitter_card":"summary_large_image","schema":{"@context":"https:\/\/schema.org","@graph":[{"@type":"WebPage","@id":"https:\/\/viggobendz.dk\/fi\/butik\/kuluvat-osat\/hampaat\/hampaan-murskaaminen-e133\/","url":"https:\/\/viggobendz.dk\/fi\/butik\/kuluvat-osat\/hampaat\/hampaan-murskaaminen-e133\/","name":"Hampaan murskaaminen (E133) - Viggo Bendz","isPartOf":{"@id":"https:\/\/viggobendz.dk\/fi\/#website"},"primaryImageOfPage":{"@id":"https:\/\/viggobendz.dk\/fi\/butik\/kuluvat-osat\/hampaat\/hampaan-murskaaminen-e133\/#primaryimage"},"image":{"@id":"https:\/\/viggobendz.dk\/fi\/butik\/kuluvat-osat\/hampaat\/hampaan-murskaaminen-e133\/#primaryimage"},"thumbnailUrl":"https:\/\/viggobendz.dk\/wp-content\/uploads\/2022\/01\/knusertand-2.jpg","datePublished":"2025-03-24T09:13:44+00:00","breadcrumb":{"@id":"https:\/\/viggobendz.dk\/fi\/butik\/kuluvat-osat\/hampaat\/hampaan-murskaaminen-e133\/#breadcrumb"},"inLanguage":"fi","potentialAction":[{"@type":"ReadAction","target":["https:\/\/viggobendz.dk\/fi\/butik\/kuluvat-osat\/hampaat\/hampaan-murskaaminen-e133\/"]}]},{"@type":"ImageObject","inLanguage":"fi","@id":"https:\/\/viggobendz.dk\/fi\/butik\/kuluvat-osat\/hampaat\/hampaan-murskaaminen-e133\/#primaryimage","url":"https:\/\/viggobendz.dk\/wp-content\/uploads\/2022\/01\/knusertand-2.jpg","contentUrl":"https:\/\/viggobendz.dk\/wp-content\/uploads\/2022\/01\/knusertand-2.jpg","width":750,"height":563,"caption":"produktfremvisning"},{"@type":"BreadcrumbList","@id":"https:\/\/viggobendz.dk\/fi\/butik\/kuluvat-osat\/hampaat\/hampaan-murskaaminen-e133\/#breadcrumb","itemListElement":[{"@type":"ListItem","position":1,"name":"Hjem","item":"https:\/\/viggobendz.dk\/fi\/kotisivu\/"},{"@type":"ListItem","position":2,"name":"Shop","item":"https:\/\/viggobendz.dk\/butik\/"},{"@type":"ListItem","position":3,"name":"Kuluvat osat","item":"https:\/\/viggobendz.dk\/fi\/vare-kategori\/kuluvat-osat\/"},{"@type":"ListItem","position":4,"name":"Hampaat","item":"https:\/\/viggobendz.dk\/fi\/vare-kategori\/kuluvat-osat\/hampaat\/"},{"@type":"ListItem","position":5,"name":"Murskaimen hammas","item":"https:\/\/viggobendz.dk\/fi\/vare-kategori\/kuluvat-osat\/hampaat\/murskaimen-hammas\/"},{"@type":"ListItem","position":6,"name":"Hampaan murskaaminen (E133)"}]},{"@type":"WebSite","@id":"https:\/\/viggobendz.dk\/fi\/#website","url":"https:\/\/viggobendz.dk\/fi\/","name":"Viggo Bendz","description":"Det ansvarlige valg","publisher":{"@id":"https:\/\/viggobendz.dk\/fi\/#organization"},"potentialAction":[{"@type":"SearchAction","target":{"@type":"EntryPoint","urlTemplate":"https:\/\/viggobendz.dk\/fi\/?s={search_term_string}"},"query-input":{"@type":"PropertyValueSpecification","valueRequired":true,"valueName":"search_term_string"}}],"inLanguage":"fi"},{"@type":"Organization","@id":"https:\/\/viggobendz.dk\/fi\/#organization","name":"Viggo Bendz A\/S","url":"https:\/\/viggobendz.dk\/fi\/","logo":{"@type":"ImageObject","inLanguage":"fi","@id":"https:\/\/viggobendz.dk\/fi\/#\/schema\/logo\/image\/","url":"https:\/\/viggobendz.dk\/wp-content\/uploads\/2020\/03\/VB-Logo.png","contentUrl":"https:\/\/viggobendz.dk\/wp-content\/uploads\/2020\/03\/VB-Logo.png","width":735,"height":776,"caption":"Viggo Bendz A\/S"},"image":{"@id":"https:\/\/viggobendz.dk\/fi\/#\/schema\/logo\/image\/"}}]}},"_links":{"self":[{"href":"https:\/\/viggobendz.dk\/fi\/wp-json\/wp\/v2\/product\/24368","targetHints":{"allow":["GET"]}}],"collection":[{"href":"https:\/\/viggobendz.dk\/fi\/wp-json\/wp\/v2\/product"}],"about":[{"href":"https:\/\/viggobendz.dk\/fi\/wp-json\/wp\/v2\/types\/product"}],"wp:featuredmedia":[{"embeddable":true,"href":"https:\/\/viggobendz.dk\/fi\/wp-json\/wp\/v2\/media\/5274"}],"wp:attachment":[{"href":"https:\/\/viggobendz.dk\/fi\/wp-json\/wp\/v2\/media?parent=24368"}],"wp:term":[{"taxonomy":"product_brand","embeddable":true,"href":"https:\/\/viggobendz.dk\/fi\/wp-json\/wp\/v2\/product_brand?post=24368"},{"taxonomy":"product_cat","embeddable":true,"href":"https:\/\/viggobendz.dk\/fi\/wp-json\/wp\/v2\/product_cat?post=24368"},{"taxonomy":"product_tag","embeddable":true,"href":"https:\/\/viggobendz.dk\/fi\/wp-json\/wp\/v2\/product_tag?post=24368"}],"curies":[{"name":"wp","href":"https:\/\/api.w.org\/{rel}","templated":true}]}}