{"id":24453,"date":"2025-03-25T08:29:41","date_gmt":"2025-03-25T07:29:41","guid":{"rendered":"https:\/\/viggobendz.dk\/butik\/Ei-luokiteltu\/suihkun-pituus-60-metriae\/"},"modified":"2025-03-25T08:29:41","modified_gmt":"2025-03-25T07:29:41","slug":"suihkun-pituus-60-metriae","status":"publish","type":"product","link":"https:\/\/viggobendz.dk\/fi\/butik\/purkaminen\/kastetykit\/suihkun-pituus-60-metriae\/","title":{"rendered":"Suihkun pituus 60 metri\u00e4"},"content":{"rendered":"<p data-start=\"0\" data-end=\"60\"><strong data-start=\"0\" data-end=\"58\">WLP-p\u00f6lytykki &#8211; Tehokas p\u00f6lyntorjunta rakennusty\u00f6mailla ja purkut\u00f6iss\u00e4<\/strong><\/p>\n<p data-start=\"61\" data-end=\"200\">WLP-p\u00f6lykanuunat on suunniteltu minimoimaan p\u00f6lyn ja hiukkasten levi\u00e4minen rakennusty\u00f6mailla, purkualueilla ja materiaalink\u00e4sittelyn aikana. Sumutykki sitoo ilmassa olevan p\u00f6lyn luomalla hienojakoisen sumutuksen ja varmistaa terveellisemm\u00e4n ty\u00f6ymp\u00e4rist\u00f6n ja paremman n\u00e4kyvyyden ty\u00f6maalla. <\/p>\n<ul>\n<li data-start=\"201\" data-end=\"260\"><strong data-start=\"201\" data-end=\"259\">Tehokas p\u00f6lyntorjunta<\/strong> &#8211; V\u00e4hent\u00e4\u00e4 ilmassa olevaa p\u00f6ly\u00e4 ja parantaa ty\u00f6ymp\u00e4rist\u00f6\u00e4.<\/li>\n<li data-start=\"261\" data-end=\"320\"><strong data-start=\"261\" data-end=\"319\">S\u00e4\u00e4dett\u00e4v\u00e4 ulottuvuus<\/strong> &#8211; Soveltuu sek\u00e4 pieniin ett\u00e4 suuriin ty\u00f6tiloihin.<\/li>\n<li data-start=\"321\" data-end=\"380\"><strong data-start=\"321\" data-end=\"379\">Vankka ja luotettava<\/strong> &#8211; Suunniteltu vaativiin teollisuusolosuhteisiin.<\/li>\n<\/ul>\n<p data-start=\"381\" data-end=\"440\">WLP:n sumutykill\u00e4 saat luotettavan ja tehokkaan ratkaisun, joka optimoi turvallisuuden ja ty\u00f6olosuhteet ty\u00f6maallasi.<\/p>\n","protected":false},"excerpt":{"rendered":"<p>Kastetykki WLP:lt\u00e4<\/p>\n","protected":false},"featured_media":21579,"template":"","meta":{"_acf_changed":false},"product_brand":[],"product_cat":[2865,2812],"product_tag":[],"class_list":{"0":"post-24453","1":"product","2":"type-product","3":"status-publish","4":"has-post-thumbnail","6":"product_cat-kastetykit","7":"product_cat-purkaminen","8":"pa_type-2-napa","10":"first","11":"instock","12":"taxable","13":"shipping-taxable","14":"product-type-simple"},"acf":[],"yoast_head":"<title>Suihkun pituus 60 metri\u00e4 - Viggo Bendz<\/title>\n<meta name=\"robots\" content=\"index, follow, max-snippet:-1, max-image-preview:large, max-video-preview:-1\" \/>\n<link rel=\"canonical\" href=\"https:\/\/viggobendz.dk\/fi\/butik\/purkaminen\/kastetykit\/suihkun-pituus-60-metriae\/\" \/>\n<meta property=\"og:locale\" content=\"fi_FI\" \/>\n<meta property=\"og:type\" content=\"article\" \/>\n<meta property=\"og:title\" content=\"Suihkun pituus 60 metri\u00e4 - Viggo Bendz\" \/>\n<meta property=\"og:description\" content=\"Kastetykki WLP:lt\u00e4\" \/>\n<meta property=\"og:url\" content=\"https:\/\/viggobendz.dk\/fi\/butik\/purkaminen\/kastetykit\/suihkun-pituus-60-metriae\/\" \/>\n<meta property=\"og:site_name\" content=\"Viggo Bendz\" \/>\n<meta property=\"og:image\" content=\"https:\/\/viggobendz.dk\/wp-content\/uploads\/2025\/03\/WLP-700-Pole-1-e1751282888346.png\" \/>\n\t<meta property=\"og:image:width\" content=\"1500\" \/>\n\t<meta property=\"og:image:height\" content=\"2663\" \/>\n\t<meta property=\"og:image:type\" content=\"image\/png\" \/>\n<meta name=\"twitter:card\" content=\"summary_large_image\" \/>\n<meta name=\"twitter:label1\" content=\"Arvioitu lukuaika\" \/>\n\t<meta name=\"twitter:data1\" content=\"1 minuutti\" \/>\n<script type=\"application\/ld+json\" class=\"yoast-schema-graph\">{\"@context\":\"https:\/\/schema.org\",\"@graph\":[{\"@type\":\"WebPage\",\"@id\":\"https:\/\/viggobendz.dk\/fi\/butik\/purkaminen\/kastetykit\/suihkun-pituus-60-metriae\/\",\"url\":\"https:\/\/viggobendz.dk\/fi\/butik\/purkaminen\/kastetykit\/suihkun-pituus-60-metriae\/\",\"name\":\"Suihkun pituus 60 metri\u00e4 - Viggo Bendz\",\"isPartOf\":{\"@id\":\"https:\/\/viggobendz.dk\/fi\/#website\"},\"primaryImageOfPage\":{\"@id\":\"https:\/\/viggobendz.dk\/fi\/butik\/purkaminen\/kastetykit\/suihkun-pituus-60-metriae\/#primaryimage\"},\"image\":{\"@id\":\"https:\/\/viggobendz.dk\/fi\/butik\/purkaminen\/kastetykit\/suihkun-pituus-60-metriae\/#primaryimage\"},\"thumbnailUrl\":\"https:\/\/viggobendz.dk\/wp-content\/uploads\/2025\/03\/WLP-700-Pole-1-e1751282888346.png\",\"datePublished\":\"2025-03-25T07:29:41+00:00\",\"breadcrumb\":{\"@id\":\"https:\/\/viggobendz.dk\/fi\/butik\/purkaminen\/kastetykit\/suihkun-pituus-60-metriae\/#breadcrumb\"},\"inLanguage\":\"fi\",\"potentialAction\":[{\"@type\":\"ReadAction\",\"target\":[\"https:\/\/viggobendz.dk\/fi\/butik\/purkaminen\/kastetykit\/suihkun-pituus-60-metriae\/\"]}]},{\"@type\":\"ImageObject\",\"inLanguage\":\"fi\",\"@id\":\"https:\/\/viggobendz.dk\/fi\/butik\/purkaminen\/kastetykit\/suihkun-pituus-60-metriae\/#primaryimage\",\"url\":\"https:\/\/viggobendz.dk\/wp-content\/uploads\/2025\/03\/WLP-700-Pole-1-e1751282888346.png\",\"contentUrl\":\"https:\/\/viggobendz.dk\/wp-content\/uploads\/2025\/03\/WLP-700-Pole-1-e1751282888346.png\",\"width\":1500,\"height\":2663},{\"@type\":\"BreadcrumbList\",\"@id\":\"https:\/\/viggobendz.dk\/fi\/butik\/purkaminen\/kastetykit\/suihkun-pituus-60-metriae\/#breadcrumb\",\"itemListElement\":[{\"@type\":\"ListItem\",\"position\":1,\"name\":\"Hjem\",\"item\":\"https:\/\/viggobendz.dk\/fi\/kotisivu\/\"},{\"@type\":\"ListItem\",\"position\":2,\"name\":\"Shop\",\"item\":\"https:\/\/viggobendz.dk\/butik\/\"},{\"@type\":\"ListItem\",\"position\":3,\"name\":\"Suihkun pituus 60 metri\u00e4\"}]},{\"@type\":\"WebSite\",\"@id\":\"https:\/\/viggobendz.dk\/fi\/#website\",\"url\":\"https:\/\/viggobendz.dk\/fi\/\",\"name\":\"Viggo Bendz\",\"description\":\"Det ansvarlige valg\",\"publisher\":{\"@id\":\"https:\/\/viggobendz.dk\/fi\/#organization\"},\"potentialAction\":[{\"@type\":\"SearchAction\",\"target\":{\"@type\":\"EntryPoint\",\"urlTemplate\":\"https:\/\/viggobendz.dk\/fi\/?s={search_term_string}\"},\"query-input\":{\"@type\":\"PropertyValueSpecification\",\"valueRequired\":true,\"valueName\":\"search_term_string\"}}],\"inLanguage\":\"fi\"},{\"@type\":\"Organization\",\"@id\":\"https:\/\/viggobendz.dk\/fi\/#organization\",\"name\":\"Viggo Bendz A\/S\",\"url\":\"https:\/\/viggobendz.dk\/fi\/\",\"logo\":{\"@type\":\"ImageObject\",\"inLanguage\":\"fi\",\"@id\":\"https:\/\/viggobendz.dk\/fi\/#\/schema\/logo\/image\/\",\"url\":\"https:\/\/viggobendz.dk\/wp-content\/uploads\/2020\/03\/VB-Logo.png\",\"contentUrl\":\"https:\/\/viggobendz.dk\/wp-content\/uploads\/2020\/03\/VB-Logo.png\",\"width\":735,\"height\":776,\"caption\":\"Viggo Bendz A\/S\"},\"image\":{\"@id\":\"https:\/\/viggobendz.dk\/fi\/#\/schema\/logo\/image\/\"}}]}<\/script>","yoast_head_json":{"title":"Suihkun pituus 60 metri\u00e4 - Viggo Bendz","robots":{"index":"index","follow":"follow","max-snippet":"max-snippet:-1","max-image-preview":"max-image-preview:large","max-video-preview":"max-video-preview:-1"},"canonical":"https:\/\/viggobendz.dk\/fi\/butik\/purkaminen\/kastetykit\/suihkun-pituus-60-metriae\/","og_locale":"fi_FI","og_type":"article","og_title":"Suihkun pituus 60 metri\u00e4 - Viggo Bendz","og_description":"Kastetykki WLP:lt\u00e4","og_url":"https:\/\/viggobendz.dk\/fi\/butik\/purkaminen\/kastetykit\/suihkun-pituus-60-metriae\/","og_site_name":"Viggo Bendz","og_image":[{"width":1500,"height":2663,"url":"https:\/\/viggobendz.dk\/wp-content\/uploads\/2025\/03\/WLP-700-Pole-1-e1751282888346.png","type":"image\/png"}],"twitter_card":"summary_large_image","twitter_misc":{"Arvioitu lukuaika":"1 minuutti"},"schema":{"@context":"https:\/\/schema.org","@graph":[{"@type":"WebPage","@id":"https:\/\/viggobendz.dk\/fi\/butik\/purkaminen\/kastetykit\/suihkun-pituus-60-metriae\/","url":"https:\/\/viggobendz.dk\/fi\/butik\/purkaminen\/kastetykit\/suihkun-pituus-60-metriae\/","name":"Suihkun pituus 60 metri\u00e4 - Viggo Bendz","isPartOf":{"@id":"https:\/\/viggobendz.dk\/fi\/#website"},"primaryImageOfPage":{"@id":"https:\/\/viggobendz.dk\/fi\/butik\/purkaminen\/kastetykit\/suihkun-pituus-60-metriae\/#primaryimage"},"image":{"@id":"https:\/\/viggobendz.dk\/fi\/butik\/purkaminen\/kastetykit\/suihkun-pituus-60-metriae\/#primaryimage"},"thumbnailUrl":"https:\/\/viggobendz.dk\/wp-content\/uploads\/2025\/03\/WLP-700-Pole-1-e1751282888346.png","datePublished":"2025-03-25T07:29:41+00:00","breadcrumb":{"@id":"https:\/\/viggobendz.dk\/fi\/butik\/purkaminen\/kastetykit\/suihkun-pituus-60-metriae\/#breadcrumb"},"inLanguage":"fi","potentialAction":[{"@type":"ReadAction","target":["https:\/\/viggobendz.dk\/fi\/butik\/purkaminen\/kastetykit\/suihkun-pituus-60-metriae\/"]}]},{"@type":"ImageObject","inLanguage":"fi","@id":"https:\/\/viggobendz.dk\/fi\/butik\/purkaminen\/kastetykit\/suihkun-pituus-60-metriae\/#primaryimage","url":"https:\/\/viggobendz.dk\/wp-content\/uploads\/2025\/03\/WLP-700-Pole-1-e1751282888346.png","contentUrl":"https:\/\/viggobendz.dk\/wp-content\/uploads\/2025\/03\/WLP-700-Pole-1-e1751282888346.png","width":1500,"height":2663},{"@type":"BreadcrumbList","@id":"https:\/\/viggobendz.dk\/fi\/butik\/purkaminen\/kastetykit\/suihkun-pituus-60-metriae\/#breadcrumb","itemListElement":[{"@type":"ListItem","position":1,"name":"Hjem","item":"https:\/\/viggobendz.dk\/fi\/kotisivu\/"},{"@type":"ListItem","position":2,"name":"Shop","item":"https:\/\/viggobendz.dk\/butik\/"},{"@type":"ListItem","position":3,"name":"Suihkun pituus 60 metri\u00e4"}]},{"@type":"WebSite","@id":"https:\/\/viggobendz.dk\/fi\/#website","url":"https:\/\/viggobendz.dk\/fi\/","name":"Viggo Bendz","description":"Det ansvarlige valg","publisher":{"@id":"https:\/\/viggobendz.dk\/fi\/#organization"},"potentialAction":[{"@type":"SearchAction","target":{"@type":"EntryPoint","urlTemplate":"https:\/\/viggobendz.dk\/fi\/?s={search_term_string}"},"query-input":{"@type":"PropertyValueSpecification","valueRequired":true,"valueName":"search_term_string"}}],"inLanguage":"fi"},{"@type":"Organization","@id":"https:\/\/viggobendz.dk\/fi\/#organization","name":"Viggo Bendz A\/S","url":"https:\/\/viggobendz.dk\/fi\/","logo":{"@type":"ImageObject","inLanguage":"fi","@id":"https:\/\/viggobendz.dk\/fi\/#\/schema\/logo\/image\/","url":"https:\/\/viggobendz.dk\/wp-content\/uploads\/2020\/03\/VB-Logo.png","contentUrl":"https:\/\/viggobendz.dk\/wp-content\/uploads\/2020\/03\/VB-Logo.png","width":735,"height":776,"caption":"Viggo Bendz A\/S"},"image":{"@id":"https:\/\/viggobendz.dk\/fi\/#\/schema\/logo\/image\/"}}]}},"_links":{"self":[{"href":"https:\/\/viggobendz.dk\/fi\/wp-json\/wp\/v2\/product\/24453","targetHints":{"allow":["GET"]}}],"collection":[{"href":"https:\/\/viggobendz.dk\/fi\/wp-json\/wp\/v2\/product"}],"about":[{"href":"https:\/\/viggobendz.dk\/fi\/wp-json\/wp\/v2\/types\/product"}],"wp:featuredmedia":[{"embeddable":true,"href":"https:\/\/viggobendz.dk\/fi\/wp-json\/wp\/v2\/media\/21579"}],"wp:attachment":[{"href":"https:\/\/viggobendz.dk\/fi\/wp-json\/wp\/v2\/media?parent=24453"}],"wp:term":[{"taxonomy":"product_brand","embeddable":true,"href":"https:\/\/viggobendz.dk\/fi\/wp-json\/wp\/v2\/product_brand?post=24453"},{"taxonomy":"product_cat","embeddable":true,"href":"https:\/\/viggobendz.dk\/fi\/wp-json\/wp\/v2\/product_cat?post=24453"},{"taxonomy":"product_tag","embeddable":true,"href":"https:\/\/viggobendz.dk\/fi\/wp-json\/wp\/v2\/product_tag?post=24453"}],"curies":[{"name":"wp","href":"https:\/\/api.w.org\/{rel}","templated":true}]}}