{"id":24548,"date":"2025-03-25T08:30:11","date_gmt":"2025-03-25T07:30:11","guid":{"rendered":"https:\/\/viggobendz.dk\/butik\/Ei-luokiteltu\/koneen-koko-66-85-tonnia\/"},"modified":"2025-03-25T08:30:11","modified_gmt":"2025-03-25T07:30:11","slug":"koneen-koko-66-85-tonnia","status":"publish","type":"product","link":"https:\/\/viggobendz.dk\/fi\/butik\/purkaminen\/sakset-ja-murskaimet\/f-standardi\/koneen-koko-66-85-tonnia\/","title":{"rendered":"Koneen koko: 66-85 tonnia"},"content":{"rendered":"<p data-start=\"0\" data-end=\"60\"><strong data-start=\"0\" data-end=\"58\">Trevi Benne F-sarjan etumurskain &#8211; Tehokas ja tehokas purkut\u00f6ihin.<\/strong><\/p>\n<p data-start=\"61\" data-end=\"200\">Trevi Benne F-sarja on vaativiin purkusovelluksiin suunniteltu korkean suorituskyvyn betonimurskain. Tehokkaan hydrauliikan ja vankan rakenteensa ansiosta se takaa betonin tarkan ja tehokkaan murskauksen ja erottaa raudoitustangot tehokkaasti. F-sarja on ihanteellinen toissijaiseen purkuty\u00f6h\u00f6n, ja se tarjoaa maksimaalisen tuottavuuden ty\u00f6maalla.  <\/p>\n<ul>\n<li data-start=\"201\" data-end=\"260\"><strong data-start=\"201\" data-end=\"259\">Suuri murskausteho<\/strong> &#8211; Hajottaa tehokkaasti betonin ja erottaa raudoitustangon.<\/li>\n<li data-start=\"261\" data-end=\"320\"><strong data-start=\"261\" data-end=\"319\">Kest\u00e4v\u00e4 rakenne<\/strong> &#8211; Vahvistettu rakenne intensiiviseen k\u00e4ytt\u00f6\u00f6n vaativissa ymp\u00e4rist\u00f6iss\u00e4.<\/li>\n<li data-start=\"321\" data-end=\"380\"><strong data-start=\"321\" data-end=\"379\">Optimaalinen hallinta<\/strong> &#8211; Tarkka k\u00e4sittely takaa nopean ja tehokkaan purkamisen.<\/li>\n<\/ul>\n<p data-start=\"381\" data-end=\"440\">Trevi Benne F-sarjan betonileikkurilla saat tehokkaan ratkaisun, joka optimoi purkuty\u00f6t ja parantaa tehokkuutta ty\u00f6maalla.<\/p>\n","protected":false},"excerpt":{"rendered":"<p>Betonimurskain Trevi Benneilt\u00e4<\/p>\n","protected":false},"featured_media":20919,"template":"","meta":{"_acf_changed":false},"product_brand":[],"product_cat":[3074,2812,2813],"product_tag":[],"class_list":{"0":"post-24548","1":"product","2":"type-product","3":"status-publish","4":"has-post-thumbnail","6":"product_cat-f-standardi","7":"product_cat-purkaminen","8":"product_cat-sakset-ja-murskaimet","9":"pa_type-2-toissijainen-purku","11":"first","12":"instock","13":"taxable","14":"shipping-taxable","15":"product-type-simple"},"acf":[],"yoast_head":"<title>Koneen koko: 66-85 tonnia - Viggo Bendz<\/title>\n<meta name=\"robots\" content=\"index, follow, max-snippet:-1, max-image-preview:large, max-video-preview:-1\" \/>\n<link rel=\"canonical\" href=\"https:\/\/viggobendz.dk\/fi\/butik\/purkaminen\/sakset-ja-murskaimet\/f-standardi\/koneen-koko-66-85-tonnia\/\" \/>\n<meta property=\"og:locale\" content=\"fi_FI\" \/>\n<meta property=\"og:type\" content=\"article\" \/>\n<meta property=\"og:title\" content=\"Koneen koko: 66-85 tonnia - Viggo Bendz\" \/>\n<meta property=\"og:description\" content=\"Betonimurskain Trevi Benneilt\u00e4\" \/>\n<meta property=\"og:url\" content=\"https:\/\/viggobendz.dk\/fi\/butik\/purkaminen\/sakset-ja-murskaimet\/f-standardi\/koneen-koko-66-85-tonnia\/\" \/>\n<meta property=\"og:site_name\" content=\"Viggo Bendz\" \/>\n<meta property=\"og:image\" content=\"https:\/\/viggobendz.dk\/wp-content\/uploads\/2025\/03\/F-SERIES-1.png\" \/>\n\t<meta property=\"og:image:width\" content=\"655\" \/>\n\t<meta property=\"og:image:height\" content=\"542\" \/>\n\t<meta property=\"og:image:type\" content=\"image\/png\" \/>\n<meta name=\"twitter:card\" content=\"summary_large_image\" \/>\n<meta name=\"twitter:label1\" content=\"Arvioitu lukuaika\" \/>\n\t<meta name=\"twitter:data1\" content=\"1 minuutti\" \/>\n<script type=\"application\/ld+json\" class=\"yoast-schema-graph\">{\"@context\":\"https:\/\/schema.org\",\"@graph\":[{\"@type\":\"WebPage\",\"@id\":\"https:\/\/viggobendz.dk\/fi\/butik\/purkaminen\/sakset-ja-murskaimet\/f-standardi\/koneen-koko-66-85-tonnia\/\",\"url\":\"https:\/\/viggobendz.dk\/fi\/butik\/purkaminen\/sakset-ja-murskaimet\/f-standardi\/koneen-koko-66-85-tonnia\/\",\"name\":\"Koneen koko: 66-85 tonnia - Viggo Bendz\",\"isPartOf\":{\"@id\":\"https:\/\/viggobendz.dk\/fi\/#website\"},\"primaryImageOfPage\":{\"@id\":\"https:\/\/viggobendz.dk\/fi\/butik\/purkaminen\/sakset-ja-murskaimet\/f-standardi\/koneen-koko-66-85-tonnia\/#primaryimage\"},\"image\":{\"@id\":\"https:\/\/viggobendz.dk\/fi\/butik\/purkaminen\/sakset-ja-murskaimet\/f-standardi\/koneen-koko-66-85-tonnia\/#primaryimage\"},\"thumbnailUrl\":\"https:\/\/viggobendz.dk\/wp-content\/uploads\/2025\/03\/F-SERIES-1.png\",\"datePublished\":\"2025-03-25T07:30:11+00:00\",\"breadcrumb\":{\"@id\":\"https:\/\/viggobendz.dk\/fi\/butik\/purkaminen\/sakset-ja-murskaimet\/f-standardi\/koneen-koko-66-85-tonnia\/#breadcrumb\"},\"inLanguage\":\"fi\",\"potentialAction\":[{\"@type\":\"ReadAction\",\"target\":[\"https:\/\/viggobendz.dk\/fi\/butik\/purkaminen\/sakset-ja-murskaimet\/f-standardi\/koneen-koko-66-85-tonnia\/\"]}]},{\"@type\":\"ImageObject\",\"inLanguage\":\"fi\",\"@id\":\"https:\/\/viggobendz.dk\/fi\/butik\/purkaminen\/sakset-ja-murskaimet\/f-standardi\/koneen-koko-66-85-tonnia\/#primaryimage\",\"url\":\"https:\/\/viggobendz.dk\/wp-content\/uploads\/2025\/03\/F-SERIES-1.png\",\"contentUrl\":\"https:\/\/viggobendz.dk\/wp-content\/uploads\/2025\/03\/F-SERIES-1.png\",\"width\":655,\"height\":542},{\"@type\":\"BreadcrumbList\",\"@id\":\"https:\/\/viggobendz.dk\/fi\/butik\/purkaminen\/sakset-ja-murskaimet\/f-standardi\/koneen-koko-66-85-tonnia\/#breadcrumb\",\"itemListElement\":[{\"@type\":\"ListItem\",\"position\":1,\"name\":\"Hjem\",\"item\":\"https:\/\/viggobendz.dk\/fi\/kotisivu\/\"},{\"@type\":\"ListItem\",\"position\":2,\"name\":\"Shop\",\"item\":\"https:\/\/viggobendz.dk\/butik\/\"},{\"@type\":\"ListItem\",\"position\":3,\"name\":\"Koneen koko: 66-85 tonnia\"}]},{\"@type\":\"WebSite\",\"@id\":\"https:\/\/viggobendz.dk\/fi\/#website\",\"url\":\"https:\/\/viggobendz.dk\/fi\/\",\"name\":\"Viggo Bendz\",\"description\":\"Det ansvarlige valg\",\"publisher\":{\"@id\":\"https:\/\/viggobendz.dk\/fi\/#organization\"},\"potentialAction\":[{\"@type\":\"SearchAction\",\"target\":{\"@type\":\"EntryPoint\",\"urlTemplate\":\"https:\/\/viggobendz.dk\/fi\/?s={search_term_string}\"},\"query-input\":{\"@type\":\"PropertyValueSpecification\",\"valueRequired\":true,\"valueName\":\"search_term_string\"}}],\"inLanguage\":\"fi\"},{\"@type\":\"Organization\",\"@id\":\"https:\/\/viggobendz.dk\/fi\/#organization\",\"name\":\"Viggo Bendz A\/S\",\"url\":\"https:\/\/viggobendz.dk\/fi\/\",\"logo\":{\"@type\":\"ImageObject\",\"inLanguage\":\"fi\",\"@id\":\"https:\/\/viggobendz.dk\/fi\/#\/schema\/logo\/image\/\",\"url\":\"https:\/\/viggobendz.dk\/wp-content\/uploads\/2020\/03\/VB-Logo.png\",\"contentUrl\":\"https:\/\/viggobendz.dk\/wp-content\/uploads\/2020\/03\/VB-Logo.png\",\"width\":735,\"height\":776,\"caption\":\"Viggo Bendz A\/S\"},\"image\":{\"@id\":\"https:\/\/viggobendz.dk\/fi\/#\/schema\/logo\/image\/\"}}]}<\/script>","yoast_head_json":{"title":"Koneen koko: 66-85 tonnia - Viggo Bendz","robots":{"index":"index","follow":"follow","max-snippet":"max-snippet:-1","max-image-preview":"max-image-preview:large","max-video-preview":"max-video-preview:-1"},"canonical":"https:\/\/viggobendz.dk\/fi\/butik\/purkaminen\/sakset-ja-murskaimet\/f-standardi\/koneen-koko-66-85-tonnia\/","og_locale":"fi_FI","og_type":"article","og_title":"Koneen koko: 66-85 tonnia - Viggo Bendz","og_description":"Betonimurskain Trevi Benneilt\u00e4","og_url":"https:\/\/viggobendz.dk\/fi\/butik\/purkaminen\/sakset-ja-murskaimet\/f-standardi\/koneen-koko-66-85-tonnia\/","og_site_name":"Viggo Bendz","og_image":[{"width":655,"height":542,"url":"https:\/\/viggobendz.dk\/wp-content\/uploads\/2025\/03\/F-SERIES-1.png","type":"image\/png"}],"twitter_card":"summary_large_image","twitter_misc":{"Arvioitu lukuaika":"1 minuutti"},"schema":{"@context":"https:\/\/schema.org","@graph":[{"@type":"WebPage","@id":"https:\/\/viggobendz.dk\/fi\/butik\/purkaminen\/sakset-ja-murskaimet\/f-standardi\/koneen-koko-66-85-tonnia\/","url":"https:\/\/viggobendz.dk\/fi\/butik\/purkaminen\/sakset-ja-murskaimet\/f-standardi\/koneen-koko-66-85-tonnia\/","name":"Koneen koko: 66-85 tonnia - Viggo Bendz","isPartOf":{"@id":"https:\/\/viggobendz.dk\/fi\/#website"},"primaryImageOfPage":{"@id":"https:\/\/viggobendz.dk\/fi\/butik\/purkaminen\/sakset-ja-murskaimet\/f-standardi\/koneen-koko-66-85-tonnia\/#primaryimage"},"image":{"@id":"https:\/\/viggobendz.dk\/fi\/butik\/purkaminen\/sakset-ja-murskaimet\/f-standardi\/koneen-koko-66-85-tonnia\/#primaryimage"},"thumbnailUrl":"https:\/\/viggobendz.dk\/wp-content\/uploads\/2025\/03\/F-SERIES-1.png","datePublished":"2025-03-25T07:30:11+00:00","breadcrumb":{"@id":"https:\/\/viggobendz.dk\/fi\/butik\/purkaminen\/sakset-ja-murskaimet\/f-standardi\/koneen-koko-66-85-tonnia\/#breadcrumb"},"inLanguage":"fi","potentialAction":[{"@type":"ReadAction","target":["https:\/\/viggobendz.dk\/fi\/butik\/purkaminen\/sakset-ja-murskaimet\/f-standardi\/koneen-koko-66-85-tonnia\/"]}]},{"@type":"ImageObject","inLanguage":"fi","@id":"https:\/\/viggobendz.dk\/fi\/butik\/purkaminen\/sakset-ja-murskaimet\/f-standardi\/koneen-koko-66-85-tonnia\/#primaryimage","url":"https:\/\/viggobendz.dk\/wp-content\/uploads\/2025\/03\/F-SERIES-1.png","contentUrl":"https:\/\/viggobendz.dk\/wp-content\/uploads\/2025\/03\/F-SERIES-1.png","width":655,"height":542},{"@type":"BreadcrumbList","@id":"https:\/\/viggobendz.dk\/fi\/butik\/purkaminen\/sakset-ja-murskaimet\/f-standardi\/koneen-koko-66-85-tonnia\/#breadcrumb","itemListElement":[{"@type":"ListItem","position":1,"name":"Hjem","item":"https:\/\/viggobendz.dk\/fi\/kotisivu\/"},{"@type":"ListItem","position":2,"name":"Shop","item":"https:\/\/viggobendz.dk\/butik\/"},{"@type":"ListItem","position":3,"name":"Koneen koko: 66-85 tonnia"}]},{"@type":"WebSite","@id":"https:\/\/viggobendz.dk\/fi\/#website","url":"https:\/\/viggobendz.dk\/fi\/","name":"Viggo Bendz","description":"Det ansvarlige valg","publisher":{"@id":"https:\/\/viggobendz.dk\/fi\/#organization"},"potentialAction":[{"@type":"SearchAction","target":{"@type":"EntryPoint","urlTemplate":"https:\/\/viggobendz.dk\/fi\/?s={search_term_string}"},"query-input":{"@type":"PropertyValueSpecification","valueRequired":true,"valueName":"search_term_string"}}],"inLanguage":"fi"},{"@type":"Organization","@id":"https:\/\/viggobendz.dk\/fi\/#organization","name":"Viggo Bendz A\/S","url":"https:\/\/viggobendz.dk\/fi\/","logo":{"@type":"ImageObject","inLanguage":"fi","@id":"https:\/\/viggobendz.dk\/fi\/#\/schema\/logo\/image\/","url":"https:\/\/viggobendz.dk\/wp-content\/uploads\/2020\/03\/VB-Logo.png","contentUrl":"https:\/\/viggobendz.dk\/wp-content\/uploads\/2020\/03\/VB-Logo.png","width":735,"height":776,"caption":"Viggo Bendz A\/S"},"image":{"@id":"https:\/\/viggobendz.dk\/fi\/#\/schema\/logo\/image\/"}}]}},"_links":{"self":[{"href":"https:\/\/viggobendz.dk\/fi\/wp-json\/wp\/v2\/product\/24548","targetHints":{"allow":["GET"]}}],"collection":[{"href":"https:\/\/viggobendz.dk\/fi\/wp-json\/wp\/v2\/product"}],"about":[{"href":"https:\/\/viggobendz.dk\/fi\/wp-json\/wp\/v2\/types\/product"}],"wp:featuredmedia":[{"embeddable":true,"href":"https:\/\/viggobendz.dk\/fi\/wp-json\/wp\/v2\/media\/20919"}],"wp:attachment":[{"href":"https:\/\/viggobendz.dk\/fi\/wp-json\/wp\/v2\/media?parent=24548"}],"wp:term":[{"taxonomy":"product_brand","embeddable":true,"href":"https:\/\/viggobendz.dk\/fi\/wp-json\/wp\/v2\/product_brand?post=24548"},{"taxonomy":"product_cat","embeddable":true,"href":"https:\/\/viggobendz.dk\/fi\/wp-json\/wp\/v2\/product_cat?post=24548"},{"taxonomy":"product_tag","embeddable":true,"href":"https:\/\/viggobendz.dk\/fi\/wp-json\/wp\/v2\/product_tag?post=24548"}],"curies":[{"name":"wp","href":"https:\/\/api.w.org\/{rel}","templated":true}]}}