{"id":24555,"date":"2025-03-25T08:30:11","date_gmt":"2025-03-25T07:30:11","guid":{"rendered":"https:\/\/viggobendz.dk\/butik\/Ei-luokiteltu\/koneen-koko-18-25-tonnia-3\/"},"modified":"2025-03-25T08:30:11","modified_gmt":"2025-03-25T07:30:11","slug":"koneen-koko-18-25-tonnia-3","status":"publish","type":"product","link":"https:\/\/viggobendz.dk\/fi\/butik\/purkaminen\/sakset-ja-murskaimet\/f-premium\/koneen-koko-18-25-tonnia-3\/","title":{"rendered":"Koneen koko: 18-25 tonnia"},"content":{"rendered":"<p data-start=\"0\" data-end=\"60\"><strong data-start=\"0\" data-end=\"58\">BOOSTER-toiminnolla varustettu etumurskain &#8211; Maksimaalinen suorituskyky ammattimaiseen purkuty\u00f6h\u00f6n.<\/strong><\/p>\n<p data-start=\"61\" data-end=\"200\">Trevi Benne F-Premium on edistyksellinen betonimurskain, joka on suunniteltu urakoitsijoille, jotka vaativat maksimaalista lujuutta, tarkkuutta ja kest\u00e4vyytt\u00e4 purkut\u00f6iss\u00e4. Tehokas hydrauliikka takaa tehokkaan betonin murskauksen, ja vahvistettu rakenne tekee siit\u00e4 ihanteellisen intensiiviseen k\u00e4ytt\u00f6\u00f6n rakennusty\u00f6mailla. <\/p>\n<p data-start=\"48\" data-end=\"262\"><strong data-start=\"48\" data-end=\"75\">Impact BOOSTER -venttiili<\/strong>, joka on ominaista koko PREMIUM-purkuty\u00f6valikoimalle, mahdollistaa <strong data-start=\"152\" data-end=\"170\">voiman lis\u00e4\u00e4misen<\/strong> &#8211; joka ymm\u00e4rret\u00e4\u00e4n kaivinkoneen k\u00e4ytt\u00f6paineena &#8211; <strong data-start=\"236\" data-end=\"259\">enint\u00e4\u00e4n 750 baariin<\/strong>.<\/p>\n<p data-start=\"264\" data-end=\"362\">Venttiili aktivoituu <strong data-start=\"283\" data-end=\"297\">automaattisesti<\/strong>, kun purettavan materiaalin kest\u00e4vyys on suuri.<\/p>\n<p data-start=\"364\" data-end=\"524\" data-is-last-node=\"\" data-is-only-node=\"\">P\u00e4hkin\u00e4nkuoressa: BOOSTER-venttiili kytkeytyy p\u00e4\u00e4lle, kun purkuty\u00f6kalu kohtaa kovaa materiaalia, ja se antaa lis\u00e4tehoa, jotta ty\u00f6 saadaan tehty\u00e4 nopeammin ja tehokkaammin.<\/p>\n<ul>\n<li data-start=\"201\" data-end=\"260\"><strong data-start=\"201\" data-end=\"259\">\u00c4\u00e4rimm\u00e4inen murskausteho<\/strong> &#8211; Tehokas betonin murskaus ja tarkka raudoituksen erottelu.<\/li>\n<li data-start=\"261\" data-end=\"320\"><strong data-start=\"261\" data-end=\"319\">Vankka premium-muotoilu<\/strong> &#8211; Vahvistettu rakenne vaativimpiinkin purkut\u00f6ihin.<\/li>\n<li data-start=\"321\" data-end=\"380\"><strong data-start=\"321\" data-end=\"379\">Pidempi k\u00e4ytt\u00f6aika<\/strong> &#8211; Kest\u00e4v\u00e4t materiaalit ja optimoitu hydrauliikka pident\u00e4v\u00e4t k\u00e4ytt\u00f6ik\u00e4\u00e4.<\/li>\n<\/ul>\n<p data-start=\"381\" data-end=\"440\">Trevi Benne F-Premium -betonileikkurilla saat luotettavan ratkaisun, joka takaa korkean tehokkuuden ja alhaisemmat k\u00e4ytt\u00f6kustannukset purkuhankkeissasi.<\/p>\n","protected":false},"excerpt":{"rendered":"<p>Betonimurskain, jossa on iskunvaimennin Trevi Benne -yhti\u00f6lt\u00e4<\/p>\n","protected":false},"featured_media":21619,"template":"","meta":{"_acf_changed":false},"product_brand":[],"product_cat":[3205,2812,2813],"product_tag":[],"class_list":{"0":"post-24555","1":"product","2":"type-product","3":"status-publish","4":"has-post-thumbnail","6":"product_cat-f-premium","7":"product_cat-purkaminen","8":"product_cat-sakset-ja-murskaimet","9":"pa_type-2-toissijainen-purku","11":"first","12":"instock","13":"taxable","14":"shipping-taxable","15":"product-type-simple"},"acf":[],"yoast_head":"<title>Koneen koko: 18-25 tonnia - Viggo Bendz<\/title>\n<meta name=\"robots\" content=\"index, follow, max-snippet:-1, max-image-preview:large, max-video-preview:-1\" \/>\n<link rel=\"canonical\" href=\"https:\/\/viggobendz.dk\/fi\/butik\/purkaminen\/sakset-ja-murskaimet\/f-premium\/koneen-koko-18-25-tonnia-3\/\" \/>\n<meta property=\"og:locale\" content=\"fi_FI\" \/>\n<meta property=\"og:type\" content=\"article\" \/>\n<meta property=\"og:title\" content=\"Koneen koko: 18-25 tonnia - Viggo Bendz\" \/>\n<meta property=\"og:description\" content=\"Betonimurskain, jossa on iskunvaimennin Trevi Benne -yhti\u00f6lt\u00e4\" \/>\n<meta property=\"og:url\" content=\"https:\/\/viggobendz.dk\/fi\/butik\/purkaminen\/sakset-ja-murskaimet\/f-premium\/koneen-koko-18-25-tonnia-3\/\" \/>\n<meta property=\"og:site_name\" content=\"Viggo Bendz\" \/>\n<meta property=\"og:image\" content=\"https:\/\/viggobendz.dk\/wp-content\/uploads\/2025\/03\/F-premium-u-magnet.png\" \/>\n\t<meta property=\"og:image:width\" content=\"706\" \/>\n\t<meta property=\"og:image:height\" content=\"579\" \/>\n\t<meta property=\"og:image:type\" content=\"image\/png\" \/>\n<meta name=\"twitter:card\" content=\"summary_large_image\" \/>\n<meta name=\"twitter:label1\" content=\"Arvioitu lukuaika\" \/>\n\t<meta name=\"twitter:data1\" content=\"1 minuutti\" \/>\n<script type=\"application\/ld+json\" class=\"yoast-schema-graph\">{\"@context\":\"https:\/\/schema.org\",\"@graph\":[{\"@type\":\"WebPage\",\"@id\":\"https:\/\/viggobendz.dk\/fi\/butik\/purkaminen\/sakset-ja-murskaimet\/f-premium\/koneen-koko-18-25-tonnia-3\/\",\"url\":\"https:\/\/viggobendz.dk\/fi\/butik\/purkaminen\/sakset-ja-murskaimet\/f-premium\/koneen-koko-18-25-tonnia-3\/\",\"name\":\"Koneen koko: 18-25 tonnia - Viggo Bendz\",\"isPartOf\":{\"@id\":\"https:\/\/viggobendz.dk\/fi\/#website\"},\"primaryImageOfPage\":{\"@id\":\"https:\/\/viggobendz.dk\/fi\/butik\/purkaminen\/sakset-ja-murskaimet\/f-premium\/koneen-koko-18-25-tonnia-3\/#primaryimage\"},\"image\":{\"@id\":\"https:\/\/viggobendz.dk\/fi\/butik\/purkaminen\/sakset-ja-murskaimet\/f-premium\/koneen-koko-18-25-tonnia-3\/#primaryimage\"},\"thumbnailUrl\":\"https:\/\/viggobendz.dk\/wp-content\/uploads\/2025\/03\/F-premium-u-magnet.png\",\"datePublished\":\"2025-03-25T07:30:11+00:00\",\"breadcrumb\":{\"@id\":\"https:\/\/viggobendz.dk\/fi\/butik\/purkaminen\/sakset-ja-murskaimet\/f-premium\/koneen-koko-18-25-tonnia-3\/#breadcrumb\"},\"inLanguage\":\"fi\",\"potentialAction\":[{\"@type\":\"ReadAction\",\"target\":[\"https:\/\/viggobendz.dk\/fi\/butik\/purkaminen\/sakset-ja-murskaimet\/f-premium\/koneen-koko-18-25-tonnia-3\/\"]}]},{\"@type\":\"ImageObject\",\"inLanguage\":\"fi\",\"@id\":\"https:\/\/viggobendz.dk\/fi\/butik\/purkaminen\/sakset-ja-murskaimet\/f-premium\/koneen-koko-18-25-tonnia-3\/#primaryimage\",\"url\":\"https:\/\/viggobendz.dk\/wp-content\/uploads\/2025\/03\/F-premium-u-magnet.png\",\"contentUrl\":\"https:\/\/viggobendz.dk\/wp-content\/uploads\/2025\/03\/F-premium-u-magnet.png\",\"width\":706,\"height\":579},{\"@type\":\"BreadcrumbList\",\"@id\":\"https:\/\/viggobendz.dk\/fi\/butik\/purkaminen\/sakset-ja-murskaimet\/f-premium\/koneen-koko-18-25-tonnia-3\/#breadcrumb\",\"itemListElement\":[{\"@type\":\"ListItem\",\"position\":1,\"name\":\"Hjem\",\"item\":\"https:\/\/viggobendz.dk\/fi\/kotisivu\/\"},{\"@type\":\"ListItem\",\"position\":2,\"name\":\"Shop\",\"item\":\"https:\/\/viggobendz.dk\/butik\/\"},{\"@type\":\"ListItem\",\"position\":3,\"name\":\"Koneen koko: 18-25 tonnia\"}]},{\"@type\":\"WebSite\",\"@id\":\"https:\/\/viggobendz.dk\/fi\/#website\",\"url\":\"https:\/\/viggobendz.dk\/fi\/\",\"name\":\"Viggo Bendz\",\"description\":\"Det ansvarlige valg\",\"publisher\":{\"@id\":\"https:\/\/viggobendz.dk\/fi\/#organization\"},\"potentialAction\":[{\"@type\":\"SearchAction\",\"target\":{\"@type\":\"EntryPoint\",\"urlTemplate\":\"https:\/\/viggobendz.dk\/fi\/?s={search_term_string}\"},\"query-input\":{\"@type\":\"PropertyValueSpecification\",\"valueRequired\":true,\"valueName\":\"search_term_string\"}}],\"inLanguage\":\"fi\"},{\"@type\":\"Organization\",\"@id\":\"https:\/\/viggobendz.dk\/fi\/#organization\",\"name\":\"Viggo Bendz A\/S\",\"url\":\"https:\/\/viggobendz.dk\/fi\/\",\"logo\":{\"@type\":\"ImageObject\",\"inLanguage\":\"fi\",\"@id\":\"https:\/\/viggobendz.dk\/fi\/#\/schema\/logo\/image\/\",\"url\":\"https:\/\/viggobendz.dk\/wp-content\/uploads\/2020\/03\/VB-Logo.png\",\"contentUrl\":\"https:\/\/viggobendz.dk\/wp-content\/uploads\/2020\/03\/VB-Logo.png\",\"width\":735,\"height\":776,\"caption\":\"Viggo Bendz A\/S\"},\"image\":{\"@id\":\"https:\/\/viggobendz.dk\/fi\/#\/schema\/logo\/image\/\"}}]}<\/script>","yoast_head_json":{"title":"Koneen koko: 18-25 tonnia - Viggo Bendz","robots":{"index":"index","follow":"follow","max-snippet":"max-snippet:-1","max-image-preview":"max-image-preview:large","max-video-preview":"max-video-preview:-1"},"canonical":"https:\/\/viggobendz.dk\/fi\/butik\/purkaminen\/sakset-ja-murskaimet\/f-premium\/koneen-koko-18-25-tonnia-3\/","og_locale":"fi_FI","og_type":"article","og_title":"Koneen koko: 18-25 tonnia - Viggo Bendz","og_description":"Betonimurskain, jossa on iskunvaimennin Trevi Benne -yhti\u00f6lt\u00e4","og_url":"https:\/\/viggobendz.dk\/fi\/butik\/purkaminen\/sakset-ja-murskaimet\/f-premium\/koneen-koko-18-25-tonnia-3\/","og_site_name":"Viggo Bendz","og_image":[{"width":706,"height":579,"url":"https:\/\/viggobendz.dk\/wp-content\/uploads\/2025\/03\/F-premium-u-magnet.png","type":"image\/png"}],"twitter_card":"summary_large_image","twitter_misc":{"Arvioitu lukuaika":"1 minuutti"},"schema":{"@context":"https:\/\/schema.org","@graph":[{"@type":"WebPage","@id":"https:\/\/viggobendz.dk\/fi\/butik\/purkaminen\/sakset-ja-murskaimet\/f-premium\/koneen-koko-18-25-tonnia-3\/","url":"https:\/\/viggobendz.dk\/fi\/butik\/purkaminen\/sakset-ja-murskaimet\/f-premium\/koneen-koko-18-25-tonnia-3\/","name":"Koneen koko: 18-25 tonnia - Viggo Bendz","isPartOf":{"@id":"https:\/\/viggobendz.dk\/fi\/#website"},"primaryImageOfPage":{"@id":"https:\/\/viggobendz.dk\/fi\/butik\/purkaminen\/sakset-ja-murskaimet\/f-premium\/koneen-koko-18-25-tonnia-3\/#primaryimage"},"image":{"@id":"https:\/\/viggobendz.dk\/fi\/butik\/purkaminen\/sakset-ja-murskaimet\/f-premium\/koneen-koko-18-25-tonnia-3\/#primaryimage"},"thumbnailUrl":"https:\/\/viggobendz.dk\/wp-content\/uploads\/2025\/03\/F-premium-u-magnet.png","datePublished":"2025-03-25T07:30:11+00:00","breadcrumb":{"@id":"https:\/\/viggobendz.dk\/fi\/butik\/purkaminen\/sakset-ja-murskaimet\/f-premium\/koneen-koko-18-25-tonnia-3\/#breadcrumb"},"inLanguage":"fi","potentialAction":[{"@type":"ReadAction","target":["https:\/\/viggobendz.dk\/fi\/butik\/purkaminen\/sakset-ja-murskaimet\/f-premium\/koneen-koko-18-25-tonnia-3\/"]}]},{"@type":"ImageObject","inLanguage":"fi","@id":"https:\/\/viggobendz.dk\/fi\/butik\/purkaminen\/sakset-ja-murskaimet\/f-premium\/koneen-koko-18-25-tonnia-3\/#primaryimage","url":"https:\/\/viggobendz.dk\/wp-content\/uploads\/2025\/03\/F-premium-u-magnet.png","contentUrl":"https:\/\/viggobendz.dk\/wp-content\/uploads\/2025\/03\/F-premium-u-magnet.png","width":706,"height":579},{"@type":"BreadcrumbList","@id":"https:\/\/viggobendz.dk\/fi\/butik\/purkaminen\/sakset-ja-murskaimet\/f-premium\/koneen-koko-18-25-tonnia-3\/#breadcrumb","itemListElement":[{"@type":"ListItem","position":1,"name":"Hjem","item":"https:\/\/viggobendz.dk\/fi\/kotisivu\/"},{"@type":"ListItem","position":2,"name":"Shop","item":"https:\/\/viggobendz.dk\/butik\/"},{"@type":"ListItem","position":3,"name":"Koneen koko: 18-25 tonnia"}]},{"@type":"WebSite","@id":"https:\/\/viggobendz.dk\/fi\/#website","url":"https:\/\/viggobendz.dk\/fi\/","name":"Viggo Bendz","description":"Det ansvarlige valg","publisher":{"@id":"https:\/\/viggobendz.dk\/fi\/#organization"},"potentialAction":[{"@type":"SearchAction","target":{"@type":"EntryPoint","urlTemplate":"https:\/\/viggobendz.dk\/fi\/?s={search_term_string}"},"query-input":{"@type":"PropertyValueSpecification","valueRequired":true,"valueName":"search_term_string"}}],"inLanguage":"fi"},{"@type":"Organization","@id":"https:\/\/viggobendz.dk\/fi\/#organization","name":"Viggo Bendz A\/S","url":"https:\/\/viggobendz.dk\/fi\/","logo":{"@type":"ImageObject","inLanguage":"fi","@id":"https:\/\/viggobendz.dk\/fi\/#\/schema\/logo\/image\/","url":"https:\/\/viggobendz.dk\/wp-content\/uploads\/2020\/03\/VB-Logo.png","contentUrl":"https:\/\/viggobendz.dk\/wp-content\/uploads\/2020\/03\/VB-Logo.png","width":735,"height":776,"caption":"Viggo Bendz A\/S"},"image":{"@id":"https:\/\/viggobendz.dk\/fi\/#\/schema\/logo\/image\/"}}]}},"_links":{"self":[{"href":"https:\/\/viggobendz.dk\/fi\/wp-json\/wp\/v2\/product\/24555","targetHints":{"allow":["GET"]}}],"collection":[{"href":"https:\/\/viggobendz.dk\/fi\/wp-json\/wp\/v2\/product"}],"about":[{"href":"https:\/\/viggobendz.dk\/fi\/wp-json\/wp\/v2\/types\/product"}],"wp:featuredmedia":[{"embeddable":true,"href":"https:\/\/viggobendz.dk\/fi\/wp-json\/wp\/v2\/media\/21619"}],"wp:attachment":[{"href":"https:\/\/viggobendz.dk\/fi\/wp-json\/wp\/v2\/media?parent=24555"}],"wp:term":[{"taxonomy":"product_brand","embeddable":true,"href":"https:\/\/viggobendz.dk\/fi\/wp-json\/wp\/v2\/product_brand?post=24555"},{"taxonomy":"product_cat","embeddable":true,"href":"https:\/\/viggobendz.dk\/fi\/wp-json\/wp\/v2\/product_cat?post=24555"},{"taxonomy":"product_tag","embeddable":true,"href":"https:\/\/viggobendz.dk\/fi\/wp-json\/wp\/v2\/product_tag?post=24555"}],"curies":[{"name":"wp","href":"https:\/\/api.w.org\/{rel}","templated":true}]}}