{"id":24647,"date":"2025-03-20T09:34:15","date_gmt":"2025-03-20T08:34:15","guid":{"rendered":"https:\/\/viggobendz.dk\/butik\/Ei-luokiteltu\/e-3-5m-x-0-5m-e-3-5m-x-0-5m\/"},"modified":"2025-03-20T09:34:15","modified_gmt":"2025-03-20T08:34:15","slug":"e-3-5m-x-0-5m-e-3-5m-x-0-5m","status":"publish","type":"product","link":"https:\/\/viggobendz.dk\/fi\/butik\/laitteet\/kaivauslaatikot\/minibox\/ylaeyksikkoe\/e-3-5m-x-0-5m-e-3-5m-x-0-5m\/","title":{"rendered":"E 3.5m x 0.5m E 3.5m x 0.5m"},"content":{"rendered":"<p data-start=\"0\" data-end=\"60\"><strong data-start=\"0\" data-end=\"58\">LTW Minibox Top Unit &#8211; Joustava jatke turvalliseen kaivamiseen.<\/strong><\/p>\n<p data-start=\"61\" data-end=\"200\">LTW Minibox Top Unit on tehokas jatke Minibox Base Unit -yksik\u00f6lle, joka tarjoaa lis\u00e4syvyytt\u00e4 ja joustavuutta kaivantojen varmistamisessa. Vankka mutta kevyt rakenne mahdollistaa yksik\u00f6iden pinoamisen, mik\u00e4 tarjoaa joustavan ja turvallisen ratkaisun syvempiin kaivantoihin. Sopii erinomaisesti urakoitsijoille, jotka ty\u00f6skentelev\u00e4t julkisten laitosten, putkiasennusten ja muiden vaativien teht\u00e4vien parissa kapeilla ty\u00f6alueilla.  <\/p>\n<ul>\n<li data-start=\"201\" data-end=\"260\"><strong data-start=\"201\" data-end=\"259\">Laajennettu syvyys<\/strong> &#8211; Lis\u00e4\u00e4 kaivinkoneen laatikon kapasiteettia syvempi\u00e4 kaivut\u00f6it\u00e4 varten.<\/li>\n<li data-start=\"261\" data-end=\"320\"><strong data-start=\"261\" data-end=\"319\">Kevyt mutta vahva rakenne<\/strong> &#8211; Helppo k\u00e4sitell\u00e4 vakaudesta tinkim\u00e4tt\u00e4.<\/li>\n<li data-start=\"321\" data-end=\"380\"><strong data-start=\"321\" data-end=\"379\">Turvallinen ja joustava<\/strong> &#8211; Yhteensopiva LTW Minibox Baseunitin kanssa optimaalista kaivantosuojausta varten.<\/li>\n<\/ul>\n<p data-start=\"381\" data-end=\"440\">LTW Minibox Top Unit on luotettava ja modulaarinen ratkaisu, joka lis\u00e4\u00e4 kaivuhankkeidesi turvallisuutta ja tehokkuutta.<\/p>\n","protected":false},"excerpt":{"rendered":"<p>Kaivauslaatikot<\/p>\n","protected":false},"featured_media":21414,"template":"","meta":{"_acf_changed":false},"product_brand":[],"product_cat":[2609,2606,3265,3266],"product_tag":[],"class_list":{"0":"post-24647","1":"product","2":"type-product","3":"status-publish","4":"has-post-thumbnail","6":"product_cat-kaivauslaatikot","7":"product_cat-laitteet","8":"product_cat-minibox","9":"product_cat-ylaeyksikkoe","10":"pa_type-2-miniboxtopunite","12":"first","13":"instock","14":"taxable","15":"shipping-taxable","16":"purchasable","17":"product-type-simple"},"acf":[],"yoast_head":"<title>E 3.5m x 0.5m E 3.5m x 0.5m - Viggo Bendz<\/title>\n<meta name=\"robots\" content=\"index, follow, max-snippet:-1, max-image-preview:large, max-video-preview:-1\" \/>\n<link rel=\"canonical\" href=\"https:\/\/viggobendz.dk\/fi\/butik\/laitteet\/kaivauslaatikot\/minibox\/ylaeyksikkoe\/e-3-5m-x-0-5m-e-3-5m-x-0-5m\/\" \/>\n<meta property=\"og:locale\" content=\"fi_FI\" \/>\n<meta property=\"og:type\" content=\"article\" \/>\n<meta property=\"og:title\" content=\"E 3.5m x 0.5m E 3.5m x 0.5m - Viggo Bendz\" \/>\n<meta property=\"og:description\" content=\"Kaivauslaatikot\" \/>\n<meta property=\"og:url\" content=\"https:\/\/viggobendz.dk\/fi\/butik\/laitteet\/kaivauslaatikot\/minibox\/ylaeyksikkoe\/e-3-5m-x-0-5m-e-3-5m-x-0-5m\/\" \/>\n<meta property=\"og:site_name\" content=\"Viggo Bendz\" \/>\n<meta property=\"og:image\" content=\"https:\/\/viggobendz.dk\/wp-content\/uploads\/2025\/03\/Top-unit-Photoroom.jpg\" \/>\n\t<meta property=\"og:image:width\" content=\"600\" \/>\n\t<meta property=\"og:image:height\" content=\"450\" \/>\n\t<meta property=\"og:image:type\" content=\"image\/jpeg\" \/>\n<meta name=\"twitter:card\" content=\"summary_large_image\" \/>\n<meta name=\"twitter:label1\" content=\"Arvioitu lukuaika\" \/>\n\t<meta name=\"twitter:data1\" content=\"1 minuutti\" \/>\n<script type=\"application\/ld+json\" class=\"yoast-schema-graph\">{\"@context\":\"https:\/\/schema.org\",\"@graph\":[{\"@type\":\"WebPage\",\"@id\":\"https:\/\/viggobendz.dk\/fi\/butik\/laitteet\/kaivauslaatikot\/minibox\/ylaeyksikkoe\/e-3-5m-x-0-5m-e-3-5m-x-0-5m\/\",\"url\":\"https:\/\/viggobendz.dk\/fi\/butik\/laitteet\/kaivauslaatikot\/minibox\/ylaeyksikkoe\/e-3-5m-x-0-5m-e-3-5m-x-0-5m\/\",\"name\":\"E 3.5m x 0.5m E 3.5m x 0.5m - Viggo Bendz\",\"isPartOf\":{\"@id\":\"https:\/\/viggobendz.dk\/fi\/#website\"},\"primaryImageOfPage\":{\"@id\":\"https:\/\/viggobendz.dk\/fi\/butik\/laitteet\/kaivauslaatikot\/minibox\/ylaeyksikkoe\/e-3-5m-x-0-5m-e-3-5m-x-0-5m\/#primaryimage\"},\"image\":{\"@id\":\"https:\/\/viggobendz.dk\/fi\/butik\/laitteet\/kaivauslaatikot\/minibox\/ylaeyksikkoe\/e-3-5m-x-0-5m-e-3-5m-x-0-5m\/#primaryimage\"},\"thumbnailUrl\":\"https:\/\/viggobendz.dk\/wp-content\/uploads\/2025\/03\/Top-unit-Photoroom.jpg\",\"datePublished\":\"2025-03-20T08:34:15+00:00\",\"breadcrumb\":{\"@id\":\"https:\/\/viggobendz.dk\/fi\/butik\/laitteet\/kaivauslaatikot\/minibox\/ylaeyksikkoe\/e-3-5m-x-0-5m-e-3-5m-x-0-5m\/#breadcrumb\"},\"inLanguage\":\"fi\",\"potentialAction\":[{\"@type\":\"ReadAction\",\"target\":[\"https:\/\/viggobendz.dk\/fi\/butik\/laitteet\/kaivauslaatikot\/minibox\/ylaeyksikkoe\/e-3-5m-x-0-5m-e-3-5m-x-0-5m\/\"]}]},{\"@type\":\"ImageObject\",\"inLanguage\":\"fi\",\"@id\":\"https:\/\/viggobendz.dk\/fi\/butik\/laitteet\/kaivauslaatikot\/minibox\/ylaeyksikkoe\/e-3-5m-x-0-5m-e-3-5m-x-0-5m\/#primaryimage\",\"url\":\"https:\/\/viggobendz.dk\/wp-content\/uploads\/2025\/03\/Top-unit-Photoroom.jpg\",\"contentUrl\":\"https:\/\/viggobendz.dk\/wp-content\/uploads\/2025\/03\/Top-unit-Photoroom.jpg\",\"width\":600,\"height\":450},{\"@type\":\"BreadcrumbList\",\"@id\":\"https:\/\/viggobendz.dk\/fi\/butik\/laitteet\/kaivauslaatikot\/minibox\/ylaeyksikkoe\/e-3-5m-x-0-5m-e-3-5m-x-0-5m\/#breadcrumb\",\"itemListElement\":[{\"@type\":\"ListItem\",\"position\":1,\"name\":\"Hjem\",\"item\":\"https:\/\/viggobendz.dk\/fi\/kotisivu\/\"},{\"@type\":\"ListItem\",\"position\":2,\"name\":\"Shop\",\"item\":\"https:\/\/viggobendz.dk\/butik\/\"},{\"@type\":\"ListItem\",\"position\":3,\"name\":\"Laitteet\",\"item\":\"https:\/\/viggobendz.dk\/fi\/vare-kategori\/laitteet\/\"},{\"@type\":\"ListItem\",\"position\":4,\"name\":\"Kaivauslaatikot\",\"item\":\"https:\/\/viggobendz.dk\/fi\/vare-kategori\/laitteet\/kaivauslaatikot\/\"},{\"@type\":\"ListItem\",\"position\":5,\"name\":\"Minibox\",\"item\":\"https:\/\/viggobendz.dk\/fi\/vare-kategori\/laitteet\/kaivauslaatikot\/minibox\/\"},{\"@type\":\"ListItem\",\"position\":6,\"name\":\"Yl\u00e4yksikk\u00f6\",\"item\":\"https:\/\/viggobendz.dk\/fi\/vare-kategori\/laitteet\/kaivauslaatikot\/minibox\/ylaeyksikkoe\/\"},{\"@type\":\"ListItem\",\"position\":7,\"name\":\"E 3.5m x 0.5m E 3.5m x 0.5m\"}]},{\"@type\":\"WebSite\",\"@id\":\"https:\/\/viggobendz.dk\/fi\/#website\",\"url\":\"https:\/\/viggobendz.dk\/fi\/\",\"name\":\"Viggo Bendz\",\"description\":\"Det ansvarlige valg\",\"publisher\":{\"@id\":\"https:\/\/viggobendz.dk\/fi\/#organization\"},\"potentialAction\":[{\"@type\":\"SearchAction\",\"target\":{\"@type\":\"EntryPoint\",\"urlTemplate\":\"https:\/\/viggobendz.dk\/fi\/?s={search_term_string}\"},\"query-input\":{\"@type\":\"PropertyValueSpecification\",\"valueRequired\":true,\"valueName\":\"search_term_string\"}}],\"inLanguage\":\"fi\"},{\"@type\":\"Organization\",\"@id\":\"https:\/\/viggobendz.dk\/fi\/#organization\",\"name\":\"Viggo Bendz A\/S\",\"url\":\"https:\/\/viggobendz.dk\/fi\/\",\"logo\":{\"@type\":\"ImageObject\",\"inLanguage\":\"fi\",\"@id\":\"https:\/\/viggobendz.dk\/fi\/#\/schema\/logo\/image\/\",\"url\":\"https:\/\/viggobendz.dk\/wp-content\/uploads\/2020\/03\/VB-Logo.png\",\"contentUrl\":\"https:\/\/viggobendz.dk\/wp-content\/uploads\/2020\/03\/VB-Logo.png\",\"width\":735,\"height\":776,\"caption\":\"Viggo Bendz A\/S\"},\"image\":{\"@id\":\"https:\/\/viggobendz.dk\/fi\/#\/schema\/logo\/image\/\"}}]}<\/script>","yoast_head_json":{"title":"E 3.5m x 0.5m E 3.5m x 0.5m - Viggo Bendz","robots":{"index":"index","follow":"follow","max-snippet":"max-snippet:-1","max-image-preview":"max-image-preview:large","max-video-preview":"max-video-preview:-1"},"canonical":"https:\/\/viggobendz.dk\/fi\/butik\/laitteet\/kaivauslaatikot\/minibox\/ylaeyksikkoe\/e-3-5m-x-0-5m-e-3-5m-x-0-5m\/","og_locale":"fi_FI","og_type":"article","og_title":"E 3.5m x 0.5m E 3.5m x 0.5m - Viggo Bendz","og_description":"Kaivauslaatikot","og_url":"https:\/\/viggobendz.dk\/fi\/butik\/laitteet\/kaivauslaatikot\/minibox\/ylaeyksikkoe\/e-3-5m-x-0-5m-e-3-5m-x-0-5m\/","og_site_name":"Viggo Bendz","og_image":[{"width":600,"height":450,"url":"https:\/\/viggobendz.dk\/wp-content\/uploads\/2025\/03\/Top-unit-Photoroom.jpg","type":"image\/jpeg"}],"twitter_card":"summary_large_image","twitter_misc":{"Arvioitu lukuaika":"1 minuutti"},"schema":{"@context":"https:\/\/schema.org","@graph":[{"@type":"WebPage","@id":"https:\/\/viggobendz.dk\/fi\/butik\/laitteet\/kaivauslaatikot\/minibox\/ylaeyksikkoe\/e-3-5m-x-0-5m-e-3-5m-x-0-5m\/","url":"https:\/\/viggobendz.dk\/fi\/butik\/laitteet\/kaivauslaatikot\/minibox\/ylaeyksikkoe\/e-3-5m-x-0-5m-e-3-5m-x-0-5m\/","name":"E 3.5m x 0.5m E 3.5m x 0.5m - Viggo Bendz","isPartOf":{"@id":"https:\/\/viggobendz.dk\/fi\/#website"},"primaryImageOfPage":{"@id":"https:\/\/viggobendz.dk\/fi\/butik\/laitteet\/kaivauslaatikot\/minibox\/ylaeyksikkoe\/e-3-5m-x-0-5m-e-3-5m-x-0-5m\/#primaryimage"},"image":{"@id":"https:\/\/viggobendz.dk\/fi\/butik\/laitteet\/kaivauslaatikot\/minibox\/ylaeyksikkoe\/e-3-5m-x-0-5m-e-3-5m-x-0-5m\/#primaryimage"},"thumbnailUrl":"https:\/\/viggobendz.dk\/wp-content\/uploads\/2025\/03\/Top-unit-Photoroom.jpg","datePublished":"2025-03-20T08:34:15+00:00","breadcrumb":{"@id":"https:\/\/viggobendz.dk\/fi\/butik\/laitteet\/kaivauslaatikot\/minibox\/ylaeyksikkoe\/e-3-5m-x-0-5m-e-3-5m-x-0-5m\/#breadcrumb"},"inLanguage":"fi","potentialAction":[{"@type":"ReadAction","target":["https:\/\/viggobendz.dk\/fi\/butik\/laitteet\/kaivauslaatikot\/minibox\/ylaeyksikkoe\/e-3-5m-x-0-5m-e-3-5m-x-0-5m\/"]}]},{"@type":"ImageObject","inLanguage":"fi","@id":"https:\/\/viggobendz.dk\/fi\/butik\/laitteet\/kaivauslaatikot\/minibox\/ylaeyksikkoe\/e-3-5m-x-0-5m-e-3-5m-x-0-5m\/#primaryimage","url":"https:\/\/viggobendz.dk\/wp-content\/uploads\/2025\/03\/Top-unit-Photoroom.jpg","contentUrl":"https:\/\/viggobendz.dk\/wp-content\/uploads\/2025\/03\/Top-unit-Photoroom.jpg","width":600,"height":450},{"@type":"BreadcrumbList","@id":"https:\/\/viggobendz.dk\/fi\/butik\/laitteet\/kaivauslaatikot\/minibox\/ylaeyksikkoe\/e-3-5m-x-0-5m-e-3-5m-x-0-5m\/#breadcrumb","itemListElement":[{"@type":"ListItem","position":1,"name":"Hjem","item":"https:\/\/viggobendz.dk\/fi\/kotisivu\/"},{"@type":"ListItem","position":2,"name":"Shop","item":"https:\/\/viggobendz.dk\/butik\/"},{"@type":"ListItem","position":3,"name":"Laitteet","item":"https:\/\/viggobendz.dk\/fi\/vare-kategori\/laitteet\/"},{"@type":"ListItem","position":4,"name":"Kaivauslaatikot","item":"https:\/\/viggobendz.dk\/fi\/vare-kategori\/laitteet\/kaivauslaatikot\/"},{"@type":"ListItem","position":5,"name":"Minibox","item":"https:\/\/viggobendz.dk\/fi\/vare-kategori\/laitteet\/kaivauslaatikot\/minibox\/"},{"@type":"ListItem","position":6,"name":"Yl\u00e4yksikk\u00f6","item":"https:\/\/viggobendz.dk\/fi\/vare-kategori\/laitteet\/kaivauslaatikot\/minibox\/ylaeyksikkoe\/"},{"@type":"ListItem","position":7,"name":"E 3.5m x 0.5m E 3.5m x 0.5m"}]},{"@type":"WebSite","@id":"https:\/\/viggobendz.dk\/fi\/#website","url":"https:\/\/viggobendz.dk\/fi\/","name":"Viggo Bendz","description":"Det ansvarlige valg","publisher":{"@id":"https:\/\/viggobendz.dk\/fi\/#organization"},"potentialAction":[{"@type":"SearchAction","target":{"@type":"EntryPoint","urlTemplate":"https:\/\/viggobendz.dk\/fi\/?s={search_term_string}"},"query-input":{"@type":"PropertyValueSpecification","valueRequired":true,"valueName":"search_term_string"}}],"inLanguage":"fi"},{"@type":"Organization","@id":"https:\/\/viggobendz.dk\/fi\/#organization","name":"Viggo Bendz A\/S","url":"https:\/\/viggobendz.dk\/fi\/","logo":{"@type":"ImageObject","inLanguage":"fi","@id":"https:\/\/viggobendz.dk\/fi\/#\/schema\/logo\/image\/","url":"https:\/\/viggobendz.dk\/wp-content\/uploads\/2020\/03\/VB-Logo.png","contentUrl":"https:\/\/viggobendz.dk\/wp-content\/uploads\/2020\/03\/VB-Logo.png","width":735,"height":776,"caption":"Viggo Bendz A\/S"},"image":{"@id":"https:\/\/viggobendz.dk\/fi\/#\/schema\/logo\/image\/"}}]}},"_links":{"self":[{"href":"https:\/\/viggobendz.dk\/fi\/wp-json\/wp\/v2\/product\/24647","targetHints":{"allow":["GET"]}}],"collection":[{"href":"https:\/\/viggobendz.dk\/fi\/wp-json\/wp\/v2\/product"}],"about":[{"href":"https:\/\/viggobendz.dk\/fi\/wp-json\/wp\/v2\/types\/product"}],"wp:featuredmedia":[{"embeddable":true,"href":"https:\/\/viggobendz.dk\/fi\/wp-json\/wp\/v2\/media\/21414"}],"wp:attachment":[{"href":"https:\/\/viggobendz.dk\/fi\/wp-json\/wp\/v2\/media?parent=24647"}],"wp:term":[{"taxonomy":"product_brand","embeddable":true,"href":"https:\/\/viggobendz.dk\/fi\/wp-json\/wp\/v2\/product_brand?post=24647"},{"taxonomy":"product_cat","embeddable":true,"href":"https:\/\/viggobendz.dk\/fi\/wp-json\/wp\/v2\/product_cat?post=24647"},{"taxonomy":"product_tag","embeddable":true,"href":"https:\/\/viggobendz.dk\/fi\/wp-json\/wp\/v2\/product_tag?post=24647"}],"curies":[{"name":"wp","href":"https:\/\/api.w.org\/{rel}","templated":true}]}}