{"id":24661,"date":"2025-03-20T09:34:15","date_gmt":"2025-03-20T08:34:15","guid":{"rendered":"https:\/\/viggobendz.dk\/butik\/Ei-luokiteltu\/0-99m-1-29m\/"},"modified":"2025-03-20T09:34:15","modified_gmt":"2025-03-20T08:34:15","slug":"0-99m-1-29m","status":"publish","type":"product","link":"https:\/\/viggobendz.dk\/fi\/butik\/laitteet\/kaivauslaatikot\/vb-60\/vaelikappaleet-2\/0-99m-1-29m\/","title":{"rendered":"0.99m -1.29m"},"content":{"rendered":"<p data-start=\"0\" data-end=\"60\"><strong data-start=\"0\" data-end=\"58\">V\u00e4likappaleet LTW:st\u00e4 VB60:een &#8211; Vakaa ja turvallinen kaivannon suojaus.<\/strong><\/p>\n<p data-start=\"61\" data-end=\"200\">VB60:n LTW-v\u00e4likappaleet (jouset) on suunniteltu varmistamaan vahva ja vakaa yhteys kaivauslaatikon seinien v\u00e4lille. N\u00e4m\u00e4 tukevat tukijalat est\u00e4v\u00e4t maasta tulevan sivuttaisen paineen, varmistavat oikean et\u00e4isyyden ja lis\u00e4\u00e4v\u00e4t turvallisuutta kaivettaessa. S\u00e4\u00e4dett\u00e4v\u00e4n pituutensa ansiosta ne mahdollistavat joustavuuden eri kaivuleveyksille, joten ne soveltuvat erinomaisesti vaativiin rakennusteht\u00e4viin.  <\/p>\n<ul>\n<li data-start=\"201\" data-end=\"260\"><strong data-start=\"201\" data-end=\"259\">Optimaalinen vakaus<\/strong> &#8211; Varmistaa vahvan ja turvallisen tuen VB60-kaivulaatikoille.<\/li>\n<li data-start=\"261\" data-end=\"320\"><strong data-start=\"261\" data-end=\"319\">S\u00e4\u00e4dett\u00e4v\u00e4 pituus<\/strong> &#8211; Joustava mukautuminen eri kaivusyvyyksiin ja -leveyksiin.<\/li>\n<li data-start=\"321\" data-end=\"380\"><strong data-start=\"321\" data-end=\"379\">Kest\u00e4v\u00e4 materiaali<\/strong> &#8211; Valmistettu korroosionkest\u00e4v\u00e4st\u00e4 ter\u00e4ksest\u00e4 maksimaalisen kest\u00e4vyyden varmistamiseksi.<\/li>\n<\/ul>\n<p data-start=\"381\" data-end=\"440\">VB60:n LTW-v\u00e4likappaleiden avulla saat luotettavan ja joustavan ratkaisun, joka optimoi kaivut\u00f6iden turvallisuuden ja tehokkuuden.<\/p>\n","protected":false},"excerpt":{"rendered":"<p>V\u00e4likappaleet<\/p>\n","protected":false},"featured_media":12462,"template":"","meta":{"_acf_changed":false},"product_brand":[],"product_cat":[2609,2606,3301,3295],"product_tag":[],"class_list":{"0":"post-24661","1":"product","2":"type-product","3":"status-publish","4":"has-post-thumbnail","6":"product_cat-kaivauslaatikot","7":"product_cat-laitteet","8":"product_cat-vaelikappaleet-2","9":"product_cat-vb-60","10":"pa_type-2-jousi","12":"first","13":"instock","14":"taxable","15":"shipping-taxable","16":"purchasable","17":"product-type-simple"},"acf":[],"yoast_head":"<title>0.99m -1.29m - Viggo Bendz<\/title>\n<meta name=\"robots\" content=\"index, follow, max-snippet:-1, max-image-preview:large, max-video-preview:-1\" \/>\n<link rel=\"canonical\" href=\"https:\/\/viggobendz.dk\/fi\/butik\/laitteet\/kaivauslaatikot\/vb-60\/vaelikappaleet-2\/0-99m-1-29m\/\" \/>\n<meta property=\"og:locale\" content=\"fi_FI\" \/>\n<meta property=\"og:type\" content=\"article\" \/>\n<meta property=\"og:title\" content=\"0.99m -1.29m - Viggo Bendz\" \/>\n<meta property=\"og:description\" content=\"V\u00e4likappaleet\" \/>\n<meta property=\"og:url\" content=\"https:\/\/viggobendz.dk\/fi\/butik\/laitteet\/kaivauslaatikot\/vb-60\/vaelikappaleet-2\/0-99m-1-29m\/\" \/>\n<meta property=\"og:site_name\" content=\"Viggo Bendz\" \/>\n<meta property=\"og:image\" content=\"https:\/\/viggobendz.dk\/wp-content\/uploads\/2025\/03\/Load-diagramm-standard-stut.jpg\" \/>\n\t<meta property=\"og:image:width\" content=\"937\" \/>\n\t<meta property=\"og:image:height\" content=\"608\" \/>\n\t<meta property=\"og:image:type\" content=\"image\/jpeg\" \/>\n<meta name=\"twitter:card\" content=\"summary_large_image\" \/>\n<meta name=\"twitter:label1\" content=\"Arvioitu lukuaika\" \/>\n\t<meta name=\"twitter:data1\" content=\"1 minuutti\" \/>\n<script type=\"application\/ld+json\" class=\"yoast-schema-graph\">{\"@context\":\"https:\/\/schema.org\",\"@graph\":[{\"@type\":\"WebPage\",\"@id\":\"https:\/\/viggobendz.dk\/fi\/butik\/laitteet\/kaivauslaatikot\/vb-60\/vaelikappaleet-2\/0-99m-1-29m\/\",\"url\":\"https:\/\/viggobendz.dk\/fi\/butik\/laitteet\/kaivauslaatikot\/vb-60\/vaelikappaleet-2\/0-99m-1-29m\/\",\"name\":\"0.99m -1.29m - Viggo Bendz\",\"isPartOf\":{\"@id\":\"https:\/\/viggobendz.dk\/fi\/#website\"},\"primaryImageOfPage\":{\"@id\":\"https:\/\/viggobendz.dk\/fi\/butik\/laitteet\/kaivauslaatikot\/vb-60\/vaelikappaleet-2\/0-99m-1-29m\/#primaryimage\"},\"image\":{\"@id\":\"https:\/\/viggobendz.dk\/fi\/butik\/laitteet\/kaivauslaatikot\/vb-60\/vaelikappaleet-2\/0-99m-1-29m\/#primaryimage\"},\"thumbnailUrl\":\"https:\/\/viggobendz.dk\/wp-content\/uploads\/2025\/03\/Load-diagramm-standard-stut.jpg\",\"datePublished\":\"2025-03-20T08:34:15+00:00\",\"breadcrumb\":{\"@id\":\"https:\/\/viggobendz.dk\/fi\/butik\/laitteet\/kaivauslaatikot\/vb-60\/vaelikappaleet-2\/0-99m-1-29m\/#breadcrumb\"},\"inLanguage\":\"fi\",\"potentialAction\":[{\"@type\":\"ReadAction\",\"target\":[\"https:\/\/viggobendz.dk\/fi\/butik\/laitteet\/kaivauslaatikot\/vb-60\/vaelikappaleet-2\/0-99m-1-29m\/\"]}]},{\"@type\":\"ImageObject\",\"inLanguage\":\"fi\",\"@id\":\"https:\/\/viggobendz.dk\/fi\/butik\/laitteet\/kaivauslaatikot\/vb-60\/vaelikappaleet-2\/0-99m-1-29m\/#primaryimage\",\"url\":\"https:\/\/viggobendz.dk\/wp-content\/uploads\/2025\/03\/Load-diagramm-standard-stut.jpg\",\"contentUrl\":\"https:\/\/viggobendz.dk\/wp-content\/uploads\/2025\/03\/Load-diagramm-standard-stut.jpg\",\"width\":937,\"height\":608},{\"@type\":\"BreadcrumbList\",\"@id\":\"https:\/\/viggobendz.dk\/fi\/butik\/laitteet\/kaivauslaatikot\/vb-60\/vaelikappaleet-2\/0-99m-1-29m\/#breadcrumb\",\"itemListElement\":[{\"@type\":\"ListItem\",\"position\":1,\"name\":\"Hjem\",\"item\":\"https:\/\/viggobendz.dk\/fi\/kotisivu\/\"},{\"@type\":\"ListItem\",\"position\":2,\"name\":\"Shop\",\"item\":\"https:\/\/viggobendz.dk\/butik\/\"},{\"@type\":\"ListItem\",\"position\":3,\"name\":\"Laitteet\",\"item\":\"https:\/\/viggobendz.dk\/fi\/vare-kategori\/laitteet\/\"},{\"@type\":\"ListItem\",\"position\":4,\"name\":\"Kaivauslaatikot\",\"item\":\"https:\/\/viggobendz.dk\/fi\/vare-kategori\/laitteet\/kaivauslaatikot\/\"},{\"@type\":\"ListItem\",\"position\":5,\"name\":\"VB 60\",\"item\":\"https:\/\/viggobendz.dk\/fi\/vare-kategori\/laitteet\/kaivauslaatikot\/vb-60\/\"},{\"@type\":\"ListItem\",\"position\":6,\"name\":\"V\u00e4likappaleet\",\"item\":\"https:\/\/viggobendz.dk\/fi\/vare-kategori\/laitteet\/kaivauslaatikot\/vb-60\/vaelikappaleet-2\/\"},{\"@type\":\"ListItem\",\"position\":7,\"name\":\"0.99m -1.29m\"}]},{\"@type\":\"WebSite\",\"@id\":\"https:\/\/viggobendz.dk\/fi\/#website\",\"url\":\"https:\/\/viggobendz.dk\/fi\/\",\"name\":\"Viggo Bendz\",\"description\":\"Det ansvarlige valg\",\"publisher\":{\"@id\":\"https:\/\/viggobendz.dk\/fi\/#organization\"},\"potentialAction\":[{\"@type\":\"SearchAction\",\"target\":{\"@type\":\"EntryPoint\",\"urlTemplate\":\"https:\/\/viggobendz.dk\/fi\/?s={search_term_string}\"},\"query-input\":{\"@type\":\"PropertyValueSpecification\",\"valueRequired\":true,\"valueName\":\"search_term_string\"}}],\"inLanguage\":\"fi\"},{\"@type\":\"Organization\",\"@id\":\"https:\/\/viggobendz.dk\/fi\/#organization\",\"name\":\"Viggo Bendz A\/S\",\"url\":\"https:\/\/viggobendz.dk\/fi\/\",\"logo\":{\"@type\":\"ImageObject\",\"inLanguage\":\"fi\",\"@id\":\"https:\/\/viggobendz.dk\/fi\/#\/schema\/logo\/image\/\",\"url\":\"https:\/\/viggobendz.dk\/wp-content\/uploads\/2020\/03\/VB-Logo.png\",\"contentUrl\":\"https:\/\/viggobendz.dk\/wp-content\/uploads\/2020\/03\/VB-Logo.png\",\"width\":735,\"height\":776,\"caption\":\"Viggo Bendz A\/S\"},\"image\":{\"@id\":\"https:\/\/viggobendz.dk\/fi\/#\/schema\/logo\/image\/\"}}]}<\/script>","yoast_head_json":{"title":"0.99m -1.29m - Viggo Bendz","robots":{"index":"index","follow":"follow","max-snippet":"max-snippet:-1","max-image-preview":"max-image-preview:large","max-video-preview":"max-video-preview:-1"},"canonical":"https:\/\/viggobendz.dk\/fi\/butik\/laitteet\/kaivauslaatikot\/vb-60\/vaelikappaleet-2\/0-99m-1-29m\/","og_locale":"fi_FI","og_type":"article","og_title":"0.99m -1.29m - Viggo Bendz","og_description":"V\u00e4likappaleet","og_url":"https:\/\/viggobendz.dk\/fi\/butik\/laitteet\/kaivauslaatikot\/vb-60\/vaelikappaleet-2\/0-99m-1-29m\/","og_site_name":"Viggo Bendz","og_image":[{"width":937,"height":608,"url":"https:\/\/viggobendz.dk\/wp-content\/uploads\/2025\/03\/Load-diagramm-standard-stut.jpg","type":"image\/jpeg"}],"twitter_card":"summary_large_image","twitter_misc":{"Arvioitu lukuaika":"1 minuutti"},"schema":{"@context":"https:\/\/schema.org","@graph":[{"@type":"WebPage","@id":"https:\/\/viggobendz.dk\/fi\/butik\/laitteet\/kaivauslaatikot\/vb-60\/vaelikappaleet-2\/0-99m-1-29m\/","url":"https:\/\/viggobendz.dk\/fi\/butik\/laitteet\/kaivauslaatikot\/vb-60\/vaelikappaleet-2\/0-99m-1-29m\/","name":"0.99m -1.29m - Viggo Bendz","isPartOf":{"@id":"https:\/\/viggobendz.dk\/fi\/#website"},"primaryImageOfPage":{"@id":"https:\/\/viggobendz.dk\/fi\/butik\/laitteet\/kaivauslaatikot\/vb-60\/vaelikappaleet-2\/0-99m-1-29m\/#primaryimage"},"image":{"@id":"https:\/\/viggobendz.dk\/fi\/butik\/laitteet\/kaivauslaatikot\/vb-60\/vaelikappaleet-2\/0-99m-1-29m\/#primaryimage"},"thumbnailUrl":"https:\/\/viggobendz.dk\/wp-content\/uploads\/2025\/03\/Load-diagramm-standard-stut.jpg","datePublished":"2025-03-20T08:34:15+00:00","breadcrumb":{"@id":"https:\/\/viggobendz.dk\/fi\/butik\/laitteet\/kaivauslaatikot\/vb-60\/vaelikappaleet-2\/0-99m-1-29m\/#breadcrumb"},"inLanguage":"fi","potentialAction":[{"@type":"ReadAction","target":["https:\/\/viggobendz.dk\/fi\/butik\/laitteet\/kaivauslaatikot\/vb-60\/vaelikappaleet-2\/0-99m-1-29m\/"]}]},{"@type":"ImageObject","inLanguage":"fi","@id":"https:\/\/viggobendz.dk\/fi\/butik\/laitteet\/kaivauslaatikot\/vb-60\/vaelikappaleet-2\/0-99m-1-29m\/#primaryimage","url":"https:\/\/viggobendz.dk\/wp-content\/uploads\/2025\/03\/Load-diagramm-standard-stut.jpg","contentUrl":"https:\/\/viggobendz.dk\/wp-content\/uploads\/2025\/03\/Load-diagramm-standard-stut.jpg","width":937,"height":608},{"@type":"BreadcrumbList","@id":"https:\/\/viggobendz.dk\/fi\/butik\/laitteet\/kaivauslaatikot\/vb-60\/vaelikappaleet-2\/0-99m-1-29m\/#breadcrumb","itemListElement":[{"@type":"ListItem","position":1,"name":"Hjem","item":"https:\/\/viggobendz.dk\/fi\/kotisivu\/"},{"@type":"ListItem","position":2,"name":"Shop","item":"https:\/\/viggobendz.dk\/butik\/"},{"@type":"ListItem","position":3,"name":"Laitteet","item":"https:\/\/viggobendz.dk\/fi\/vare-kategori\/laitteet\/"},{"@type":"ListItem","position":4,"name":"Kaivauslaatikot","item":"https:\/\/viggobendz.dk\/fi\/vare-kategori\/laitteet\/kaivauslaatikot\/"},{"@type":"ListItem","position":5,"name":"VB 60","item":"https:\/\/viggobendz.dk\/fi\/vare-kategori\/laitteet\/kaivauslaatikot\/vb-60\/"},{"@type":"ListItem","position":6,"name":"V\u00e4likappaleet","item":"https:\/\/viggobendz.dk\/fi\/vare-kategori\/laitteet\/kaivauslaatikot\/vb-60\/vaelikappaleet-2\/"},{"@type":"ListItem","position":7,"name":"0.99m -1.29m"}]},{"@type":"WebSite","@id":"https:\/\/viggobendz.dk\/fi\/#website","url":"https:\/\/viggobendz.dk\/fi\/","name":"Viggo Bendz","description":"Det ansvarlige valg","publisher":{"@id":"https:\/\/viggobendz.dk\/fi\/#organization"},"potentialAction":[{"@type":"SearchAction","target":{"@type":"EntryPoint","urlTemplate":"https:\/\/viggobendz.dk\/fi\/?s={search_term_string}"},"query-input":{"@type":"PropertyValueSpecification","valueRequired":true,"valueName":"search_term_string"}}],"inLanguage":"fi"},{"@type":"Organization","@id":"https:\/\/viggobendz.dk\/fi\/#organization","name":"Viggo Bendz A\/S","url":"https:\/\/viggobendz.dk\/fi\/","logo":{"@type":"ImageObject","inLanguage":"fi","@id":"https:\/\/viggobendz.dk\/fi\/#\/schema\/logo\/image\/","url":"https:\/\/viggobendz.dk\/wp-content\/uploads\/2020\/03\/VB-Logo.png","contentUrl":"https:\/\/viggobendz.dk\/wp-content\/uploads\/2020\/03\/VB-Logo.png","width":735,"height":776,"caption":"Viggo Bendz A\/S"},"image":{"@id":"https:\/\/viggobendz.dk\/fi\/#\/schema\/logo\/image\/"}}]}},"_links":{"self":[{"href":"https:\/\/viggobendz.dk\/fi\/wp-json\/wp\/v2\/product\/24661","targetHints":{"allow":["GET"]}}],"collection":[{"href":"https:\/\/viggobendz.dk\/fi\/wp-json\/wp\/v2\/product"}],"about":[{"href":"https:\/\/viggobendz.dk\/fi\/wp-json\/wp\/v2\/types\/product"}],"wp:featuredmedia":[{"embeddable":true,"href":"https:\/\/viggobendz.dk\/fi\/wp-json\/wp\/v2\/media\/12462"}],"wp:attachment":[{"href":"https:\/\/viggobendz.dk\/fi\/wp-json\/wp\/v2\/media?parent=24661"}],"wp:term":[{"taxonomy":"product_brand","embeddable":true,"href":"https:\/\/viggobendz.dk\/fi\/wp-json\/wp\/v2\/product_brand?post=24661"},{"taxonomy":"product_cat","embeddable":true,"href":"https:\/\/viggobendz.dk\/fi\/wp-json\/wp\/v2\/product_cat?post=24661"},{"taxonomy":"product_tag","embeddable":true,"href":"https:\/\/viggobendz.dk\/fi\/wp-json\/wp\/v2\/product_tag?post=24661"}],"curies":[{"name":"wp","href":"https:\/\/api.w.org\/{rel}","templated":true}]}}