{"id":24847,"date":"2025-03-20T09:34:55","date_gmt":"2025-03-20T08:34:55","guid":{"rendered":"https:\/\/viggobendz.dk\/butik\/Ei-luokiteltu\/40-m-x-13-m\/"},"modified":"2025-03-20T09:34:55","modified_gmt":"2025-03-20T08:34:55","slug":"40-m-x-13-m","status":"publish","type":"product","link":"https:\/\/viggobendz.dk\/fi\/butik\/laitteet\/kaivauslaatikot\/vb-100-120\/ylimmaet-yksikoet-2\/40-m-x-13-m\/","title":{"rendered":"4,0 m x 1,3 m"},"content":{"rendered":"<p data-start=\"0\" data-end=\"60\"><strong data-start=\"0\" data-end=\"58\">Yl\u00e4yksik\u00f6t LTW VB100-120 &#8211; Joustava jatke syviin kaivantoihin<\/strong><\/p>\n<p data-start=\"61\" data-end=\"200\">LTW VB100-120 -yl\u00e4yksik\u00f6t on suunniteltu pident\u00e4m\u00e4\u00e4n VB100-120 -kaivantolaatikoiden syvyytt\u00e4 ja varmistamaan mahdollisimman suuri vakaus suurissa kaivannoissa. Vahvan ter\u00e4srakenteen ja modulaarisen rakenteen ansiosta n\u00e4m\u00e4 yl\u00e4yksik\u00f6t tarjoavat lis\u00e4suojaa maanpainetta vastaan ja parantavat turvallisuutta asennettaessa vesijohtoja, viem\u00e4riputkia ja muita suuria infrastruktuurihankkeita. <\/p>\n<ul>\n<li data-start=\"201\" data-end=\"260\"><strong data-start=\"201\" data-end=\"259\">Suurempi kaivusyvyys<\/strong> &#8211; Lis\u00e4\u00e4 VB100-120-kaivulaatikon kapasiteettia ja vakautta.<\/li>\n<li data-start=\"261\" data-end=\"320\"><strong data-start=\"261\" data-end=\"319\">Modulaarinen j\u00e4rjestelm\u00e4<\/strong> &#8211; helppo asentaa ja yhdist\u00e4\u00e4 olemassa oleviin perusyksik\u00f6ihin.<\/li>\n<li data-start=\"321\" data-end=\"380\"><strong data-start=\"321\" data-end=\"379\">\u00c4\u00e4rimm\u00e4inen kest\u00e4vyys<\/strong> &#8211; Valmistettu kest\u00e4v\u00e4st\u00e4 ter\u00e4ksest\u00e4 pitk\u00e4n k\u00e4ytt\u00f6i\u00e4n ja maksimaalisen turvallisuuden takaamiseksi.<\/li>\n<\/ul>\n<p data-start=\"381\" data-end=\"440\">LTW VB100-120 -p\u00e4\u00e4llyst\u00f6yksik\u00f6ill\u00e4 saat joustavan ja turvallisen ratkaisun, joka optimoi turvallisuuden ja tehokkuuden vaativimmissakin kaivuprojekteissa.<\/p>\n","protected":false},"excerpt":{"rendered":"<p>Kaivulaatikot VB100-149<\/p>\n","protected":false},"featured_media":21414,"template":"","meta":{"_acf_changed":false},"product_brand":[],"product_cat":[2609,2606,2610,3428],"product_tag":[],"class_list":{"0":"post-24847","1":"product","2":"type-product","3":"status-publish","4":"has-post-thumbnail","6":"product_cat-kaivauslaatikot","7":"product_cat-laitteet","8":"product_cat-vb-100-120","9":"product_cat-ylimmaet-yksikoet-2","10":"pa_type-2-vb100","12":"first","13":"instock","14":"taxable","15":"shipping-taxable","16":"purchasable","17":"product-type-simple"},"acf":[],"yoast_head":"<title>4,0 m x 1,3 m - Viggo Bendz<\/title>\n<meta name=\"robots\" content=\"index, follow, max-snippet:-1, max-image-preview:large, max-video-preview:-1\" \/>\n<link rel=\"canonical\" href=\"https:\/\/viggobendz.dk\/fi\/butik\/laitteet\/kaivauslaatikot\/vb-100-120\/ylimmaet-yksikoet-2\/40-m-x-13-m\/\" \/>\n<meta property=\"og:locale\" content=\"fi_FI\" \/>\n<meta property=\"og:type\" content=\"article\" \/>\n<meta property=\"og:title\" content=\"4,0 m x 1,3 m - Viggo Bendz\" \/>\n<meta property=\"og:description\" content=\"Kaivulaatikot VB100-149\" \/>\n<meta property=\"og:url\" content=\"https:\/\/viggobendz.dk\/fi\/butik\/laitteet\/kaivauslaatikot\/vb-100-120\/ylimmaet-yksikoet-2\/40-m-x-13-m\/\" \/>\n<meta property=\"og:site_name\" content=\"Viggo Bendz\" \/>\n<meta property=\"og:image\" content=\"https:\/\/viggobendz.dk\/wp-content\/uploads\/2025\/03\/Top-unit-Photoroom.jpg\" \/>\n\t<meta property=\"og:image:width\" content=\"600\" \/>\n\t<meta property=\"og:image:height\" content=\"450\" \/>\n\t<meta property=\"og:image:type\" content=\"image\/jpeg\" \/>\n<meta name=\"twitter:card\" content=\"summary_large_image\" \/>\n<meta name=\"twitter:label1\" content=\"Arvioitu lukuaika\" \/>\n\t<meta name=\"twitter:data1\" content=\"1 minuutti\" \/>\n<script type=\"application\/ld+json\" class=\"yoast-schema-graph\">{\"@context\":\"https:\/\/schema.org\",\"@graph\":[{\"@type\":\"WebPage\",\"@id\":\"https:\/\/viggobendz.dk\/fi\/butik\/laitteet\/kaivauslaatikot\/vb-100-120\/ylimmaet-yksikoet-2\/40-m-x-13-m\/\",\"url\":\"https:\/\/viggobendz.dk\/fi\/butik\/laitteet\/kaivauslaatikot\/vb-100-120\/ylimmaet-yksikoet-2\/40-m-x-13-m\/\",\"name\":\"4,0 m x 1,3 m - Viggo Bendz\",\"isPartOf\":{\"@id\":\"https:\/\/viggobendz.dk\/fi\/#website\"},\"primaryImageOfPage\":{\"@id\":\"https:\/\/viggobendz.dk\/fi\/butik\/laitteet\/kaivauslaatikot\/vb-100-120\/ylimmaet-yksikoet-2\/40-m-x-13-m\/#primaryimage\"},\"image\":{\"@id\":\"https:\/\/viggobendz.dk\/fi\/butik\/laitteet\/kaivauslaatikot\/vb-100-120\/ylimmaet-yksikoet-2\/40-m-x-13-m\/#primaryimage\"},\"thumbnailUrl\":\"https:\/\/viggobendz.dk\/wp-content\/uploads\/2025\/03\/Top-unit-Photoroom.jpg\",\"datePublished\":\"2025-03-20T08:34:55+00:00\",\"breadcrumb\":{\"@id\":\"https:\/\/viggobendz.dk\/fi\/butik\/laitteet\/kaivauslaatikot\/vb-100-120\/ylimmaet-yksikoet-2\/40-m-x-13-m\/#breadcrumb\"},\"inLanguage\":\"fi\",\"potentialAction\":[{\"@type\":\"ReadAction\",\"target\":[\"https:\/\/viggobendz.dk\/fi\/butik\/laitteet\/kaivauslaatikot\/vb-100-120\/ylimmaet-yksikoet-2\/40-m-x-13-m\/\"]}]},{\"@type\":\"ImageObject\",\"inLanguage\":\"fi\",\"@id\":\"https:\/\/viggobendz.dk\/fi\/butik\/laitteet\/kaivauslaatikot\/vb-100-120\/ylimmaet-yksikoet-2\/40-m-x-13-m\/#primaryimage\",\"url\":\"https:\/\/viggobendz.dk\/wp-content\/uploads\/2025\/03\/Top-unit-Photoroom.jpg\",\"contentUrl\":\"https:\/\/viggobendz.dk\/wp-content\/uploads\/2025\/03\/Top-unit-Photoroom.jpg\",\"width\":600,\"height\":450},{\"@type\":\"BreadcrumbList\",\"@id\":\"https:\/\/viggobendz.dk\/fi\/butik\/laitteet\/kaivauslaatikot\/vb-100-120\/ylimmaet-yksikoet-2\/40-m-x-13-m\/#breadcrumb\",\"itemListElement\":[{\"@type\":\"ListItem\",\"position\":1,\"name\":\"Hjem\",\"item\":\"https:\/\/viggobendz.dk\/fi\/kotisivu\/\"},{\"@type\":\"ListItem\",\"position\":2,\"name\":\"Shop\",\"item\":\"https:\/\/viggobendz.dk\/butik\/\"},{\"@type\":\"ListItem\",\"position\":3,\"name\":\"Laitteet\",\"item\":\"https:\/\/viggobendz.dk\/fi\/vare-kategori\/laitteet\/\"},{\"@type\":\"ListItem\",\"position\":4,\"name\":\"Kaivauslaatikot\",\"item\":\"https:\/\/viggobendz.dk\/fi\/vare-kategori\/laitteet\/kaivauslaatikot\/\"},{\"@type\":\"ListItem\",\"position\":5,\"name\":\"VB 100-120\",\"item\":\"https:\/\/viggobendz.dk\/fi\/vare-kategori\/laitteet\/kaivauslaatikot\/vb-100-120\/\"},{\"@type\":\"ListItem\",\"position\":6,\"name\":\"Ylimm\u00e4t yksik\u00f6t\",\"item\":\"https:\/\/viggobendz.dk\/fi\/vare-kategori\/laitteet\/kaivauslaatikot\/vb-100-120\/ylimmaet-yksikoet-2\/\"},{\"@type\":\"ListItem\",\"position\":7,\"name\":\"4,0 m x 1,3 m\"}]},{\"@type\":\"WebSite\",\"@id\":\"https:\/\/viggobendz.dk\/fi\/#website\",\"url\":\"https:\/\/viggobendz.dk\/fi\/\",\"name\":\"Viggo Bendz\",\"description\":\"Det ansvarlige valg\",\"publisher\":{\"@id\":\"https:\/\/viggobendz.dk\/fi\/#organization\"},\"potentialAction\":[{\"@type\":\"SearchAction\",\"target\":{\"@type\":\"EntryPoint\",\"urlTemplate\":\"https:\/\/viggobendz.dk\/fi\/?s={search_term_string}\"},\"query-input\":{\"@type\":\"PropertyValueSpecification\",\"valueRequired\":true,\"valueName\":\"search_term_string\"}}],\"inLanguage\":\"fi\"},{\"@type\":\"Organization\",\"@id\":\"https:\/\/viggobendz.dk\/fi\/#organization\",\"name\":\"Viggo Bendz A\/S\",\"url\":\"https:\/\/viggobendz.dk\/fi\/\",\"logo\":{\"@type\":\"ImageObject\",\"inLanguage\":\"fi\",\"@id\":\"https:\/\/viggobendz.dk\/fi\/#\/schema\/logo\/image\/\",\"url\":\"https:\/\/viggobendz.dk\/wp-content\/uploads\/2020\/03\/VB-Logo.png\",\"contentUrl\":\"https:\/\/viggobendz.dk\/wp-content\/uploads\/2020\/03\/VB-Logo.png\",\"width\":735,\"height\":776,\"caption\":\"Viggo Bendz A\/S\"},\"image\":{\"@id\":\"https:\/\/viggobendz.dk\/fi\/#\/schema\/logo\/image\/\"}}]}<\/script>","yoast_head_json":{"title":"4,0 m x 1,3 m - Viggo Bendz","robots":{"index":"index","follow":"follow","max-snippet":"max-snippet:-1","max-image-preview":"max-image-preview:large","max-video-preview":"max-video-preview:-1"},"canonical":"https:\/\/viggobendz.dk\/fi\/butik\/laitteet\/kaivauslaatikot\/vb-100-120\/ylimmaet-yksikoet-2\/40-m-x-13-m\/","og_locale":"fi_FI","og_type":"article","og_title":"4,0 m x 1,3 m - Viggo Bendz","og_description":"Kaivulaatikot VB100-149","og_url":"https:\/\/viggobendz.dk\/fi\/butik\/laitteet\/kaivauslaatikot\/vb-100-120\/ylimmaet-yksikoet-2\/40-m-x-13-m\/","og_site_name":"Viggo Bendz","og_image":[{"width":600,"height":450,"url":"https:\/\/viggobendz.dk\/wp-content\/uploads\/2025\/03\/Top-unit-Photoroom.jpg","type":"image\/jpeg"}],"twitter_card":"summary_large_image","twitter_misc":{"Arvioitu lukuaika":"1 minuutti"},"schema":{"@context":"https:\/\/schema.org","@graph":[{"@type":"WebPage","@id":"https:\/\/viggobendz.dk\/fi\/butik\/laitteet\/kaivauslaatikot\/vb-100-120\/ylimmaet-yksikoet-2\/40-m-x-13-m\/","url":"https:\/\/viggobendz.dk\/fi\/butik\/laitteet\/kaivauslaatikot\/vb-100-120\/ylimmaet-yksikoet-2\/40-m-x-13-m\/","name":"4,0 m x 1,3 m - Viggo Bendz","isPartOf":{"@id":"https:\/\/viggobendz.dk\/fi\/#website"},"primaryImageOfPage":{"@id":"https:\/\/viggobendz.dk\/fi\/butik\/laitteet\/kaivauslaatikot\/vb-100-120\/ylimmaet-yksikoet-2\/40-m-x-13-m\/#primaryimage"},"image":{"@id":"https:\/\/viggobendz.dk\/fi\/butik\/laitteet\/kaivauslaatikot\/vb-100-120\/ylimmaet-yksikoet-2\/40-m-x-13-m\/#primaryimage"},"thumbnailUrl":"https:\/\/viggobendz.dk\/wp-content\/uploads\/2025\/03\/Top-unit-Photoroom.jpg","datePublished":"2025-03-20T08:34:55+00:00","breadcrumb":{"@id":"https:\/\/viggobendz.dk\/fi\/butik\/laitteet\/kaivauslaatikot\/vb-100-120\/ylimmaet-yksikoet-2\/40-m-x-13-m\/#breadcrumb"},"inLanguage":"fi","potentialAction":[{"@type":"ReadAction","target":["https:\/\/viggobendz.dk\/fi\/butik\/laitteet\/kaivauslaatikot\/vb-100-120\/ylimmaet-yksikoet-2\/40-m-x-13-m\/"]}]},{"@type":"ImageObject","inLanguage":"fi","@id":"https:\/\/viggobendz.dk\/fi\/butik\/laitteet\/kaivauslaatikot\/vb-100-120\/ylimmaet-yksikoet-2\/40-m-x-13-m\/#primaryimage","url":"https:\/\/viggobendz.dk\/wp-content\/uploads\/2025\/03\/Top-unit-Photoroom.jpg","contentUrl":"https:\/\/viggobendz.dk\/wp-content\/uploads\/2025\/03\/Top-unit-Photoroom.jpg","width":600,"height":450},{"@type":"BreadcrumbList","@id":"https:\/\/viggobendz.dk\/fi\/butik\/laitteet\/kaivauslaatikot\/vb-100-120\/ylimmaet-yksikoet-2\/40-m-x-13-m\/#breadcrumb","itemListElement":[{"@type":"ListItem","position":1,"name":"Hjem","item":"https:\/\/viggobendz.dk\/fi\/kotisivu\/"},{"@type":"ListItem","position":2,"name":"Shop","item":"https:\/\/viggobendz.dk\/butik\/"},{"@type":"ListItem","position":3,"name":"Laitteet","item":"https:\/\/viggobendz.dk\/fi\/vare-kategori\/laitteet\/"},{"@type":"ListItem","position":4,"name":"Kaivauslaatikot","item":"https:\/\/viggobendz.dk\/fi\/vare-kategori\/laitteet\/kaivauslaatikot\/"},{"@type":"ListItem","position":5,"name":"VB 100-120","item":"https:\/\/viggobendz.dk\/fi\/vare-kategori\/laitteet\/kaivauslaatikot\/vb-100-120\/"},{"@type":"ListItem","position":6,"name":"Ylimm\u00e4t yksik\u00f6t","item":"https:\/\/viggobendz.dk\/fi\/vare-kategori\/laitteet\/kaivauslaatikot\/vb-100-120\/ylimmaet-yksikoet-2\/"},{"@type":"ListItem","position":7,"name":"4,0 m x 1,3 m"}]},{"@type":"WebSite","@id":"https:\/\/viggobendz.dk\/fi\/#website","url":"https:\/\/viggobendz.dk\/fi\/","name":"Viggo Bendz","description":"Det ansvarlige valg","publisher":{"@id":"https:\/\/viggobendz.dk\/fi\/#organization"},"potentialAction":[{"@type":"SearchAction","target":{"@type":"EntryPoint","urlTemplate":"https:\/\/viggobendz.dk\/fi\/?s={search_term_string}"},"query-input":{"@type":"PropertyValueSpecification","valueRequired":true,"valueName":"search_term_string"}}],"inLanguage":"fi"},{"@type":"Organization","@id":"https:\/\/viggobendz.dk\/fi\/#organization","name":"Viggo Bendz A\/S","url":"https:\/\/viggobendz.dk\/fi\/","logo":{"@type":"ImageObject","inLanguage":"fi","@id":"https:\/\/viggobendz.dk\/fi\/#\/schema\/logo\/image\/","url":"https:\/\/viggobendz.dk\/wp-content\/uploads\/2020\/03\/VB-Logo.png","contentUrl":"https:\/\/viggobendz.dk\/wp-content\/uploads\/2020\/03\/VB-Logo.png","width":735,"height":776,"caption":"Viggo Bendz A\/S"},"image":{"@id":"https:\/\/viggobendz.dk\/fi\/#\/schema\/logo\/image\/"}}]}},"_links":{"self":[{"href":"https:\/\/viggobendz.dk\/fi\/wp-json\/wp\/v2\/product\/24847","targetHints":{"allow":["GET"]}}],"collection":[{"href":"https:\/\/viggobendz.dk\/fi\/wp-json\/wp\/v2\/product"}],"about":[{"href":"https:\/\/viggobendz.dk\/fi\/wp-json\/wp\/v2\/types\/product"}],"wp:featuredmedia":[{"embeddable":true,"href":"https:\/\/viggobendz.dk\/fi\/wp-json\/wp\/v2\/media\/21414"}],"wp:attachment":[{"href":"https:\/\/viggobendz.dk\/fi\/wp-json\/wp\/v2\/media?parent=24847"}],"wp:term":[{"taxonomy":"product_brand","embeddable":true,"href":"https:\/\/viggobendz.dk\/fi\/wp-json\/wp\/v2\/product_brand?post=24847"},{"taxonomy":"product_cat","embeddable":true,"href":"https:\/\/viggobendz.dk\/fi\/wp-json\/wp\/v2\/product_cat?post=24847"},{"taxonomy":"product_tag","embeddable":true,"href":"https:\/\/viggobendz.dk\/fi\/wp-json\/wp\/v2\/product_tag?post=24847"}],"curies":[{"name":"wp","href":"https:\/\/api.w.org\/{rel}","templated":true}]}}