{"id":24878,"date":"2025-03-20T09:34:55","date_gmt":"2025-03-20T08:34:55","guid":{"rendered":"https:\/\/viggobendz.dk\/butik\/Ei-luokiteltu\/1-m-3\/"},"modified":"2025-03-20T09:34:55","modified_gmt":"2025-03-20T08:34:55","slug":"1-m-3","status":"publish","type":"product","link":"https:\/\/viggobendz.dk\/fi\/butik\/laitteet\/kaivauslaatikot\/vb-100-120\/vaelikappaleet\/1-m-3\/","title":{"rendered":"1 m"},"content":{"rendered":"<p data-start=\"0\" data-end=\"60\"><strong data-start=\"0\" data-end=\"58\">V\u00e4likappaleet LTW VB100-120 &#8211; Vakaa ja turvallinen kaivannon suojaus.<\/strong><\/p>\n<p data-start=\"61\" data-end=\"200\">LTW VB100-120 -v\u00e4likappaleet (tukijalat) on suunniteltu varmistamaan mahdollisimman suuri vakaus ja turvallisuus suurissa ja syviss\u00e4 kaivut\u00f6iss\u00e4. N\u00e4m\u00e4 vankat tukijalat est\u00e4v\u00e4t maaper\u00e4n painetta puristamasta kaivinkoneen laatikon sein\u00e4mi\u00e4, mik\u00e4 parantaa ty\u00f6skentelyolosuhteita ja lis\u00e4\u00e4 turvallisuutta. S\u00e4\u00e4dett\u00e4v\u00e4n pituutensa ansiosta ne soveltuvat joustavasti erilaisiin kaivuleveyksiin ja tarpeisiin.  <\/p>\n<ul>\n<li data-start=\"201\" data-end=\"260\"><strong data-start=\"201\" data-end=\"259\">Optimaalinen vakaus<\/strong> &#8211; Varmistaa vahvan ja turvallisen tuen VB100-120-kaivulaatikoille.<\/li>\n<li data-start=\"261\" data-end=\"320\"><strong data-start=\"261\" data-end=\"319\">S\u00e4\u00e4dett\u00e4v\u00e4 pituus<\/strong> &#8211; Joustava mukautuminen eri kaivuleveyksiin.<\/li>\n<li data-start=\"321\" data-end=\"380\"><strong data-start=\"321\" data-end=\"379\">Kest\u00e4v\u00e4 rakenne<\/strong> &#8211; Valmistettu korkealaatuisesta ter\u00e4ksest\u00e4, joka takaa pitk\u00e4n k\u00e4ytt\u00f6i\u00e4n ja minimaalisen huollon.<\/li>\n<\/ul>\n<p data-start=\"381\" data-end=\"440\">LTW VB100-120 -v\u00e4likappaleiden avulla saat luotettavan ja joustavan ratkaisun, joka optimoi turvallisuuden ja tehokkuuden kaivuhankkeissasi.<\/p>\n","protected":false},"excerpt":{"rendered":"<p>V\u00e4likappaleet VB100-123<\/p>\n","protected":false},"featured_media":12462,"template":"","meta":{"_acf_changed":false},"product_brand":[],"product_cat":[2609,2606,2611,2610],"product_tag":[],"class_list":{"0":"post-24878","1":"product","2":"type-product","3":"status-publish","4":"has-post-thumbnail","6":"product_cat-kaivauslaatikot","7":"product_cat-laitteet","8":"product_cat-vaelikappaleet","9":"product_cat-vb-100-120","10":"pa_type-2-vb100","12":"first","13":"instock","14":"taxable","15":"shipping-taxable","16":"purchasable","17":"product-type-simple"},"acf":[],"yoast_head":"<title>1 m - Viggo Bendz<\/title>\n<meta name=\"robots\" content=\"index, follow, max-snippet:-1, max-image-preview:large, max-video-preview:-1\" \/>\n<link rel=\"canonical\" href=\"https:\/\/viggobendz.dk\/fi\/butik\/laitteet\/kaivauslaatikot\/vb-100-120\/vaelikappaleet\/1-m-3\/\" \/>\n<meta property=\"og:locale\" content=\"fi_FI\" \/>\n<meta property=\"og:type\" content=\"article\" \/>\n<meta property=\"og:title\" content=\"1 m - Viggo Bendz\" \/>\n<meta property=\"og:description\" content=\"V\u00e4likappaleet VB100-123\" \/>\n<meta property=\"og:url\" content=\"https:\/\/viggobendz.dk\/fi\/butik\/laitteet\/kaivauslaatikot\/vb-100-120\/vaelikappaleet\/1-m-3\/\" \/>\n<meta property=\"og:site_name\" content=\"Viggo Bendz\" \/>\n<meta property=\"og:image\" content=\"https:\/\/viggobendz.dk\/wp-content\/uploads\/2025\/03\/Load-diagramm-standard-stut.jpg\" \/>\n\t<meta property=\"og:image:width\" content=\"937\" \/>\n\t<meta property=\"og:image:height\" content=\"608\" \/>\n\t<meta property=\"og:image:type\" content=\"image\/jpeg\" \/>\n<meta name=\"twitter:card\" content=\"summary_large_image\" \/>\n<meta name=\"twitter:label1\" content=\"Arvioitu lukuaika\" \/>\n\t<meta name=\"twitter:data1\" content=\"1 minuutti\" \/>\n<script type=\"application\/ld+json\" class=\"yoast-schema-graph\">{\"@context\":\"https:\/\/schema.org\",\"@graph\":[{\"@type\":\"WebPage\",\"@id\":\"https:\/\/viggobendz.dk\/fi\/butik\/laitteet\/kaivauslaatikot\/vb-100-120\/vaelikappaleet\/1-m-3\/\",\"url\":\"https:\/\/viggobendz.dk\/fi\/butik\/laitteet\/kaivauslaatikot\/vb-100-120\/vaelikappaleet\/1-m-3\/\",\"name\":\"1 m - Viggo Bendz\",\"isPartOf\":{\"@id\":\"https:\/\/viggobendz.dk\/fi\/#website\"},\"primaryImageOfPage\":{\"@id\":\"https:\/\/viggobendz.dk\/fi\/butik\/laitteet\/kaivauslaatikot\/vb-100-120\/vaelikappaleet\/1-m-3\/#primaryimage\"},\"image\":{\"@id\":\"https:\/\/viggobendz.dk\/fi\/butik\/laitteet\/kaivauslaatikot\/vb-100-120\/vaelikappaleet\/1-m-3\/#primaryimage\"},\"thumbnailUrl\":\"https:\/\/viggobendz.dk\/wp-content\/uploads\/2025\/03\/Load-diagramm-standard-stut.jpg\",\"datePublished\":\"2025-03-20T08:34:55+00:00\",\"breadcrumb\":{\"@id\":\"https:\/\/viggobendz.dk\/fi\/butik\/laitteet\/kaivauslaatikot\/vb-100-120\/vaelikappaleet\/1-m-3\/#breadcrumb\"},\"inLanguage\":\"fi\",\"potentialAction\":[{\"@type\":\"ReadAction\",\"target\":[\"https:\/\/viggobendz.dk\/fi\/butik\/laitteet\/kaivauslaatikot\/vb-100-120\/vaelikappaleet\/1-m-3\/\"]}]},{\"@type\":\"ImageObject\",\"inLanguage\":\"fi\",\"@id\":\"https:\/\/viggobendz.dk\/fi\/butik\/laitteet\/kaivauslaatikot\/vb-100-120\/vaelikappaleet\/1-m-3\/#primaryimage\",\"url\":\"https:\/\/viggobendz.dk\/wp-content\/uploads\/2025\/03\/Load-diagramm-standard-stut.jpg\",\"contentUrl\":\"https:\/\/viggobendz.dk\/wp-content\/uploads\/2025\/03\/Load-diagramm-standard-stut.jpg\",\"width\":937,\"height\":608},{\"@type\":\"BreadcrumbList\",\"@id\":\"https:\/\/viggobendz.dk\/fi\/butik\/laitteet\/kaivauslaatikot\/vb-100-120\/vaelikappaleet\/1-m-3\/#breadcrumb\",\"itemListElement\":[{\"@type\":\"ListItem\",\"position\":1,\"name\":\"Hjem\",\"item\":\"https:\/\/viggobendz.dk\/fi\/kotisivu\/\"},{\"@type\":\"ListItem\",\"position\":2,\"name\":\"Shop\",\"item\":\"https:\/\/viggobendz.dk\/butik\/\"},{\"@type\":\"ListItem\",\"position\":3,\"name\":\"Laitteet\",\"item\":\"https:\/\/viggobendz.dk\/fi\/vare-kategori\/laitteet\/\"},{\"@type\":\"ListItem\",\"position\":4,\"name\":\"Kaivauslaatikot\",\"item\":\"https:\/\/viggobendz.dk\/fi\/vare-kategori\/laitteet\/kaivauslaatikot\/\"},{\"@type\":\"ListItem\",\"position\":5,\"name\":\"VB 100-120\",\"item\":\"https:\/\/viggobendz.dk\/fi\/vare-kategori\/laitteet\/kaivauslaatikot\/vb-100-120\/\"},{\"@type\":\"ListItem\",\"position\":6,\"name\":\"V\u00e4likappaleet\",\"item\":\"https:\/\/viggobendz.dk\/fi\/vare-kategori\/laitteet\/kaivauslaatikot\/vb-100-120\/vaelikappaleet\/\"},{\"@type\":\"ListItem\",\"position\":7,\"name\":\"1 m\"}]},{\"@type\":\"WebSite\",\"@id\":\"https:\/\/viggobendz.dk\/fi\/#website\",\"url\":\"https:\/\/viggobendz.dk\/fi\/\",\"name\":\"Viggo Bendz\",\"description\":\"Det ansvarlige valg\",\"publisher\":{\"@id\":\"https:\/\/viggobendz.dk\/fi\/#organization\"},\"potentialAction\":[{\"@type\":\"SearchAction\",\"target\":{\"@type\":\"EntryPoint\",\"urlTemplate\":\"https:\/\/viggobendz.dk\/fi\/?s={search_term_string}\"},\"query-input\":{\"@type\":\"PropertyValueSpecification\",\"valueRequired\":true,\"valueName\":\"search_term_string\"}}],\"inLanguage\":\"fi\"},{\"@type\":\"Organization\",\"@id\":\"https:\/\/viggobendz.dk\/fi\/#organization\",\"name\":\"Viggo Bendz A\/S\",\"url\":\"https:\/\/viggobendz.dk\/fi\/\",\"logo\":{\"@type\":\"ImageObject\",\"inLanguage\":\"fi\",\"@id\":\"https:\/\/viggobendz.dk\/fi\/#\/schema\/logo\/image\/\",\"url\":\"https:\/\/viggobendz.dk\/wp-content\/uploads\/2020\/03\/VB-Logo.png\",\"contentUrl\":\"https:\/\/viggobendz.dk\/wp-content\/uploads\/2020\/03\/VB-Logo.png\",\"width\":735,\"height\":776,\"caption\":\"Viggo Bendz A\/S\"},\"image\":{\"@id\":\"https:\/\/viggobendz.dk\/fi\/#\/schema\/logo\/image\/\"}}]}<\/script>","yoast_head_json":{"title":"1 m - Viggo Bendz","robots":{"index":"index","follow":"follow","max-snippet":"max-snippet:-1","max-image-preview":"max-image-preview:large","max-video-preview":"max-video-preview:-1"},"canonical":"https:\/\/viggobendz.dk\/fi\/butik\/laitteet\/kaivauslaatikot\/vb-100-120\/vaelikappaleet\/1-m-3\/","og_locale":"fi_FI","og_type":"article","og_title":"1 m - Viggo Bendz","og_description":"V\u00e4likappaleet VB100-123","og_url":"https:\/\/viggobendz.dk\/fi\/butik\/laitteet\/kaivauslaatikot\/vb-100-120\/vaelikappaleet\/1-m-3\/","og_site_name":"Viggo Bendz","og_image":[{"width":937,"height":608,"url":"https:\/\/viggobendz.dk\/wp-content\/uploads\/2025\/03\/Load-diagramm-standard-stut.jpg","type":"image\/jpeg"}],"twitter_card":"summary_large_image","twitter_misc":{"Arvioitu lukuaika":"1 minuutti"},"schema":{"@context":"https:\/\/schema.org","@graph":[{"@type":"WebPage","@id":"https:\/\/viggobendz.dk\/fi\/butik\/laitteet\/kaivauslaatikot\/vb-100-120\/vaelikappaleet\/1-m-3\/","url":"https:\/\/viggobendz.dk\/fi\/butik\/laitteet\/kaivauslaatikot\/vb-100-120\/vaelikappaleet\/1-m-3\/","name":"1 m - Viggo Bendz","isPartOf":{"@id":"https:\/\/viggobendz.dk\/fi\/#website"},"primaryImageOfPage":{"@id":"https:\/\/viggobendz.dk\/fi\/butik\/laitteet\/kaivauslaatikot\/vb-100-120\/vaelikappaleet\/1-m-3\/#primaryimage"},"image":{"@id":"https:\/\/viggobendz.dk\/fi\/butik\/laitteet\/kaivauslaatikot\/vb-100-120\/vaelikappaleet\/1-m-3\/#primaryimage"},"thumbnailUrl":"https:\/\/viggobendz.dk\/wp-content\/uploads\/2025\/03\/Load-diagramm-standard-stut.jpg","datePublished":"2025-03-20T08:34:55+00:00","breadcrumb":{"@id":"https:\/\/viggobendz.dk\/fi\/butik\/laitteet\/kaivauslaatikot\/vb-100-120\/vaelikappaleet\/1-m-3\/#breadcrumb"},"inLanguage":"fi","potentialAction":[{"@type":"ReadAction","target":["https:\/\/viggobendz.dk\/fi\/butik\/laitteet\/kaivauslaatikot\/vb-100-120\/vaelikappaleet\/1-m-3\/"]}]},{"@type":"ImageObject","inLanguage":"fi","@id":"https:\/\/viggobendz.dk\/fi\/butik\/laitteet\/kaivauslaatikot\/vb-100-120\/vaelikappaleet\/1-m-3\/#primaryimage","url":"https:\/\/viggobendz.dk\/wp-content\/uploads\/2025\/03\/Load-diagramm-standard-stut.jpg","contentUrl":"https:\/\/viggobendz.dk\/wp-content\/uploads\/2025\/03\/Load-diagramm-standard-stut.jpg","width":937,"height":608},{"@type":"BreadcrumbList","@id":"https:\/\/viggobendz.dk\/fi\/butik\/laitteet\/kaivauslaatikot\/vb-100-120\/vaelikappaleet\/1-m-3\/#breadcrumb","itemListElement":[{"@type":"ListItem","position":1,"name":"Hjem","item":"https:\/\/viggobendz.dk\/fi\/kotisivu\/"},{"@type":"ListItem","position":2,"name":"Shop","item":"https:\/\/viggobendz.dk\/butik\/"},{"@type":"ListItem","position":3,"name":"Laitteet","item":"https:\/\/viggobendz.dk\/fi\/vare-kategori\/laitteet\/"},{"@type":"ListItem","position":4,"name":"Kaivauslaatikot","item":"https:\/\/viggobendz.dk\/fi\/vare-kategori\/laitteet\/kaivauslaatikot\/"},{"@type":"ListItem","position":5,"name":"VB 100-120","item":"https:\/\/viggobendz.dk\/fi\/vare-kategori\/laitteet\/kaivauslaatikot\/vb-100-120\/"},{"@type":"ListItem","position":6,"name":"V\u00e4likappaleet","item":"https:\/\/viggobendz.dk\/fi\/vare-kategori\/laitteet\/kaivauslaatikot\/vb-100-120\/vaelikappaleet\/"},{"@type":"ListItem","position":7,"name":"1 m"}]},{"@type":"WebSite","@id":"https:\/\/viggobendz.dk\/fi\/#website","url":"https:\/\/viggobendz.dk\/fi\/","name":"Viggo Bendz","description":"Det ansvarlige valg","publisher":{"@id":"https:\/\/viggobendz.dk\/fi\/#organization"},"potentialAction":[{"@type":"SearchAction","target":{"@type":"EntryPoint","urlTemplate":"https:\/\/viggobendz.dk\/fi\/?s={search_term_string}"},"query-input":{"@type":"PropertyValueSpecification","valueRequired":true,"valueName":"search_term_string"}}],"inLanguage":"fi"},{"@type":"Organization","@id":"https:\/\/viggobendz.dk\/fi\/#organization","name":"Viggo Bendz A\/S","url":"https:\/\/viggobendz.dk\/fi\/","logo":{"@type":"ImageObject","inLanguage":"fi","@id":"https:\/\/viggobendz.dk\/fi\/#\/schema\/logo\/image\/","url":"https:\/\/viggobendz.dk\/wp-content\/uploads\/2020\/03\/VB-Logo.png","contentUrl":"https:\/\/viggobendz.dk\/wp-content\/uploads\/2020\/03\/VB-Logo.png","width":735,"height":776,"caption":"Viggo Bendz A\/S"},"image":{"@id":"https:\/\/viggobendz.dk\/fi\/#\/schema\/logo\/image\/"}}]}},"_links":{"self":[{"href":"https:\/\/viggobendz.dk\/fi\/wp-json\/wp\/v2\/product\/24878","targetHints":{"allow":["GET"]}}],"collection":[{"href":"https:\/\/viggobendz.dk\/fi\/wp-json\/wp\/v2\/product"}],"about":[{"href":"https:\/\/viggobendz.dk\/fi\/wp-json\/wp\/v2\/types\/product"}],"wp:featuredmedia":[{"embeddable":true,"href":"https:\/\/viggobendz.dk\/fi\/wp-json\/wp\/v2\/media\/12462"}],"wp:attachment":[{"href":"https:\/\/viggobendz.dk\/fi\/wp-json\/wp\/v2\/media?parent=24878"}],"wp:term":[{"taxonomy":"product_brand","embeddable":true,"href":"https:\/\/viggobendz.dk\/fi\/wp-json\/wp\/v2\/product_brand?post=24878"},{"taxonomy":"product_cat","embeddable":true,"href":"https:\/\/viggobendz.dk\/fi\/wp-json\/wp\/v2\/product_cat?post=24878"},{"taxonomy":"product_tag","embeddable":true,"href":"https:\/\/viggobendz.dk\/fi\/wp-json\/wp\/v2\/product_tag?post=24878"}],"curies":[{"name":"wp","href":"https:\/\/api.w.org\/{rel}","templated":true}]}}