{"id":25028,"date":"2025-03-20T09:33:33","date_gmt":"2025-03-20T08:33:33","guid":{"rendered":"https:\/\/viggobendz.dk\/butik\/Ei-luokiteltu\/e-3m-x-2m\/"},"modified":"2025-03-20T09:33:33","modified_gmt":"2025-03-20T08:33:33","slug":"e-3m-x-2m","status":"publish","type":"product","link":"https:\/\/viggobendz.dk\/fi\/butik\/laitteet\/kaivauslaatikot\/minibox\/perusyksikkoe\/e-3m-x-2m\/","title":{"rendered":"E 3m x 2m"},"content":{"rendered":"<p data-start=\"0\" data-end=\"60\"><strong data-start=\"0\" data-end=\"58\">LTW Minibox Baseunit &#8211; Kompakti ja tehokas ratkaisu kaivantojen suojaamiseen.<\/strong><\/p>\n<p data-start=\"61\" data-end=\"200\">LTW Minibox Baseunit on vankka ja joustava kaivulaatikko, joka on suunniteltu turvalliseen kaivamiseen kapeilla ja ahtailla ty\u00f6alueilla. Kevyt mutta vahva rakenne takaa optimaalisen vakauden ja suojan maanpainetta vastaan ja on samalla helppo k\u00e4sitell\u00e4 ja asentaa. Ihanteellinen urakoitsijoille, jotka ty\u00f6skentelev\u00e4t yleishy\u00f6dyllisten laitosten, putkiasennusten ja muiden pienimuotoisten kaivut\u00f6iden parissa.  <\/p>\n<ul>\n<li data-start=\"201\" data-end=\"260\"><strong data-start=\"201\" data-end=\"259\">Kompakti ja monipuolinen<\/strong> &#8211; Ihanteellinen kapeisiin kaivantoihin ja ahtaisiin ty\u00f6tiloihin.<\/li>\n<li data-start=\"261\" data-end=\"320\"><strong data-start=\"261\" data-end=\"319\">Vahva ja kevyt rakenne<\/strong> &#8211; Vankka rakenne optimaalisen suojan ja helpon k\u00e4sittelyn takaamiseksi.<\/li>\n<li data-start=\"321\" data-end=\"380\"><strong data-start=\"321\" data-end=\"379\">Tehokas maanpainesuojaus<\/strong> &#8211; V\u00e4hent\u00e4\u00e4 sortumariski\u00e4 ja lis\u00e4\u00e4 ty\u00f6turvallisuutta.<\/li>\n<\/ul>\n<p data-start=\"381\" data-end=\"440\">LTW Minibox Baseunit on luotettava ja tilaa s\u00e4\u00e4st\u00e4v\u00e4 ratkaisu, joka parantaa kaivausprojektien turvallisuutta ja tehokkuutta.<\/p>\n","protected":false},"excerpt":{"rendered":"<p>Kaivauslaatikot<\/p>\n","protected":false},"featured_media":21419,"template":"","meta":{"_acf_changed":false},"product_brand":[],"product_cat":[2609,2606,3265,3477],"product_tag":[],"class_list":{"0":"post-25028","1":"product","2":"type-product","3":"status-publish","4":"has-post-thumbnail","6":"product_cat-kaivauslaatikot","7":"product_cat-laitteet","8":"product_cat-minibox","9":"product_cat-perusyksikkoe","10":"pa_type-2-minibox-perusyksikkoe","12":"first","13":"instock","14":"taxable","15":"shipping-taxable","16":"purchasable","17":"product-type-simple"},"acf":[],"yoast_head":"<title>E 3m x 2m - Viggo Bendz<\/title>\n<meta name=\"robots\" content=\"index, follow, max-snippet:-1, max-image-preview:large, max-video-preview:-1\" \/>\n<link rel=\"canonical\" href=\"https:\/\/viggobendz.dk\/fi\/butik\/laitteet\/kaivauslaatikot\/minibox\/perusyksikkoe\/e-3m-x-2m\/\" \/>\n<meta property=\"og:locale\" content=\"fi_FI\" \/>\n<meta property=\"og:type\" content=\"article\" \/>\n<meta property=\"og:title\" content=\"E 3m x 2m - Viggo Bendz\" \/>\n<meta property=\"og:description\" content=\"Kaivauslaatikot\" \/>\n<meta property=\"og:url\" content=\"https:\/\/viggobendz.dk\/fi\/butik\/laitteet\/kaivauslaatikot\/minibox\/perusyksikkoe\/e-3m-x-2m\/\" \/>\n<meta property=\"og:site_name\" content=\"Viggo Bendz\" \/>\n<meta property=\"og:image\" content=\"https:\/\/viggobendz.dk\/wp-content\/uploads\/2025\/03\/base-unit-Photoroom.jpg\" \/>\n\t<meta property=\"og:image:width\" content=\"600\" \/>\n\t<meta property=\"og:image:height\" content=\"450\" \/>\n\t<meta property=\"og:image:type\" content=\"image\/jpeg\" \/>\n<meta name=\"twitter:card\" content=\"summary_large_image\" \/>\n<meta name=\"twitter:label1\" content=\"Arvioitu lukuaika\" \/>\n\t<meta name=\"twitter:data1\" content=\"1 minuutti\" \/>\n<script type=\"application\/ld+json\" class=\"yoast-schema-graph\">{\"@context\":\"https:\/\/schema.org\",\"@graph\":[{\"@type\":\"WebPage\",\"@id\":\"https:\/\/viggobendz.dk\/fi\/butik\/laitteet\/kaivauslaatikot\/minibox\/perusyksikkoe\/e-3m-x-2m\/\",\"url\":\"https:\/\/viggobendz.dk\/fi\/butik\/laitteet\/kaivauslaatikot\/minibox\/perusyksikkoe\/e-3m-x-2m\/\",\"name\":\"E 3m x 2m - Viggo Bendz\",\"isPartOf\":{\"@id\":\"https:\/\/viggobendz.dk\/fi\/#website\"},\"primaryImageOfPage\":{\"@id\":\"https:\/\/viggobendz.dk\/fi\/butik\/laitteet\/kaivauslaatikot\/minibox\/perusyksikkoe\/e-3m-x-2m\/#primaryimage\"},\"image\":{\"@id\":\"https:\/\/viggobendz.dk\/fi\/butik\/laitteet\/kaivauslaatikot\/minibox\/perusyksikkoe\/e-3m-x-2m\/#primaryimage\"},\"thumbnailUrl\":\"https:\/\/viggobendz.dk\/wp-content\/uploads\/2025\/03\/base-unit-Photoroom.jpg\",\"datePublished\":\"2025-03-20T08:33:33+00:00\",\"breadcrumb\":{\"@id\":\"https:\/\/viggobendz.dk\/fi\/butik\/laitteet\/kaivauslaatikot\/minibox\/perusyksikkoe\/e-3m-x-2m\/#breadcrumb\"},\"inLanguage\":\"fi\",\"potentialAction\":[{\"@type\":\"ReadAction\",\"target\":[\"https:\/\/viggobendz.dk\/fi\/butik\/laitteet\/kaivauslaatikot\/minibox\/perusyksikkoe\/e-3m-x-2m\/\"]}]},{\"@type\":\"ImageObject\",\"inLanguage\":\"fi\",\"@id\":\"https:\/\/viggobendz.dk\/fi\/butik\/laitteet\/kaivauslaatikot\/minibox\/perusyksikkoe\/e-3m-x-2m\/#primaryimage\",\"url\":\"https:\/\/viggobendz.dk\/wp-content\/uploads\/2025\/03\/base-unit-Photoroom.jpg\",\"contentUrl\":\"https:\/\/viggobendz.dk\/wp-content\/uploads\/2025\/03\/base-unit-Photoroom.jpg\",\"width\":600,\"height\":450},{\"@type\":\"BreadcrumbList\",\"@id\":\"https:\/\/viggobendz.dk\/fi\/butik\/laitteet\/kaivauslaatikot\/minibox\/perusyksikkoe\/e-3m-x-2m\/#breadcrumb\",\"itemListElement\":[{\"@type\":\"ListItem\",\"position\":1,\"name\":\"Hjem\",\"item\":\"https:\/\/viggobendz.dk\/fi\/kotisivu\/\"},{\"@type\":\"ListItem\",\"position\":2,\"name\":\"Shop\",\"item\":\"https:\/\/viggobendz.dk\/butik\/\"},{\"@type\":\"ListItem\",\"position\":3,\"name\":\"Laitteet\",\"item\":\"https:\/\/viggobendz.dk\/fi\/vare-kategori\/laitteet\/\"},{\"@type\":\"ListItem\",\"position\":4,\"name\":\"Kaivauslaatikot\",\"item\":\"https:\/\/viggobendz.dk\/fi\/vare-kategori\/laitteet\/kaivauslaatikot\/\"},{\"@type\":\"ListItem\",\"position\":5,\"name\":\"Minibox\",\"item\":\"https:\/\/viggobendz.dk\/fi\/vare-kategori\/laitteet\/kaivauslaatikot\/minibox\/\"},{\"@type\":\"ListItem\",\"position\":6,\"name\":\"Perusyksikk\u00f6\",\"item\":\"https:\/\/viggobendz.dk\/fi\/vare-kategori\/laitteet\/kaivauslaatikot\/minibox\/perusyksikkoe\/\"},{\"@type\":\"ListItem\",\"position\":7,\"name\":\"E 3m x 2m\"}]},{\"@type\":\"WebSite\",\"@id\":\"https:\/\/viggobendz.dk\/fi\/#website\",\"url\":\"https:\/\/viggobendz.dk\/fi\/\",\"name\":\"Viggo Bendz\",\"description\":\"Det ansvarlige valg\",\"publisher\":{\"@id\":\"https:\/\/viggobendz.dk\/fi\/#organization\"},\"potentialAction\":[{\"@type\":\"SearchAction\",\"target\":{\"@type\":\"EntryPoint\",\"urlTemplate\":\"https:\/\/viggobendz.dk\/fi\/?s={search_term_string}\"},\"query-input\":{\"@type\":\"PropertyValueSpecification\",\"valueRequired\":true,\"valueName\":\"search_term_string\"}}],\"inLanguage\":\"fi\"},{\"@type\":\"Organization\",\"@id\":\"https:\/\/viggobendz.dk\/fi\/#organization\",\"name\":\"Viggo Bendz A\/S\",\"url\":\"https:\/\/viggobendz.dk\/fi\/\",\"logo\":{\"@type\":\"ImageObject\",\"inLanguage\":\"fi\",\"@id\":\"https:\/\/viggobendz.dk\/fi\/#\/schema\/logo\/image\/\",\"url\":\"https:\/\/viggobendz.dk\/wp-content\/uploads\/2020\/03\/VB-Logo.png\",\"contentUrl\":\"https:\/\/viggobendz.dk\/wp-content\/uploads\/2020\/03\/VB-Logo.png\",\"width\":735,\"height\":776,\"caption\":\"Viggo Bendz A\/S\"},\"image\":{\"@id\":\"https:\/\/viggobendz.dk\/fi\/#\/schema\/logo\/image\/\"}}]}<\/script>","yoast_head_json":{"title":"E 3m x 2m - Viggo Bendz","robots":{"index":"index","follow":"follow","max-snippet":"max-snippet:-1","max-image-preview":"max-image-preview:large","max-video-preview":"max-video-preview:-1"},"canonical":"https:\/\/viggobendz.dk\/fi\/butik\/laitteet\/kaivauslaatikot\/minibox\/perusyksikkoe\/e-3m-x-2m\/","og_locale":"fi_FI","og_type":"article","og_title":"E 3m x 2m - Viggo Bendz","og_description":"Kaivauslaatikot","og_url":"https:\/\/viggobendz.dk\/fi\/butik\/laitteet\/kaivauslaatikot\/minibox\/perusyksikkoe\/e-3m-x-2m\/","og_site_name":"Viggo Bendz","og_image":[{"width":600,"height":450,"url":"https:\/\/viggobendz.dk\/wp-content\/uploads\/2025\/03\/base-unit-Photoroom.jpg","type":"image\/jpeg"}],"twitter_card":"summary_large_image","twitter_misc":{"Arvioitu lukuaika":"1 minuutti"},"schema":{"@context":"https:\/\/schema.org","@graph":[{"@type":"WebPage","@id":"https:\/\/viggobendz.dk\/fi\/butik\/laitteet\/kaivauslaatikot\/minibox\/perusyksikkoe\/e-3m-x-2m\/","url":"https:\/\/viggobendz.dk\/fi\/butik\/laitteet\/kaivauslaatikot\/minibox\/perusyksikkoe\/e-3m-x-2m\/","name":"E 3m x 2m - Viggo Bendz","isPartOf":{"@id":"https:\/\/viggobendz.dk\/fi\/#website"},"primaryImageOfPage":{"@id":"https:\/\/viggobendz.dk\/fi\/butik\/laitteet\/kaivauslaatikot\/minibox\/perusyksikkoe\/e-3m-x-2m\/#primaryimage"},"image":{"@id":"https:\/\/viggobendz.dk\/fi\/butik\/laitteet\/kaivauslaatikot\/minibox\/perusyksikkoe\/e-3m-x-2m\/#primaryimage"},"thumbnailUrl":"https:\/\/viggobendz.dk\/wp-content\/uploads\/2025\/03\/base-unit-Photoroom.jpg","datePublished":"2025-03-20T08:33:33+00:00","breadcrumb":{"@id":"https:\/\/viggobendz.dk\/fi\/butik\/laitteet\/kaivauslaatikot\/minibox\/perusyksikkoe\/e-3m-x-2m\/#breadcrumb"},"inLanguage":"fi","potentialAction":[{"@type":"ReadAction","target":["https:\/\/viggobendz.dk\/fi\/butik\/laitteet\/kaivauslaatikot\/minibox\/perusyksikkoe\/e-3m-x-2m\/"]}]},{"@type":"ImageObject","inLanguage":"fi","@id":"https:\/\/viggobendz.dk\/fi\/butik\/laitteet\/kaivauslaatikot\/minibox\/perusyksikkoe\/e-3m-x-2m\/#primaryimage","url":"https:\/\/viggobendz.dk\/wp-content\/uploads\/2025\/03\/base-unit-Photoroom.jpg","contentUrl":"https:\/\/viggobendz.dk\/wp-content\/uploads\/2025\/03\/base-unit-Photoroom.jpg","width":600,"height":450},{"@type":"BreadcrumbList","@id":"https:\/\/viggobendz.dk\/fi\/butik\/laitteet\/kaivauslaatikot\/minibox\/perusyksikkoe\/e-3m-x-2m\/#breadcrumb","itemListElement":[{"@type":"ListItem","position":1,"name":"Hjem","item":"https:\/\/viggobendz.dk\/fi\/kotisivu\/"},{"@type":"ListItem","position":2,"name":"Shop","item":"https:\/\/viggobendz.dk\/butik\/"},{"@type":"ListItem","position":3,"name":"Laitteet","item":"https:\/\/viggobendz.dk\/fi\/vare-kategori\/laitteet\/"},{"@type":"ListItem","position":4,"name":"Kaivauslaatikot","item":"https:\/\/viggobendz.dk\/fi\/vare-kategori\/laitteet\/kaivauslaatikot\/"},{"@type":"ListItem","position":5,"name":"Minibox","item":"https:\/\/viggobendz.dk\/fi\/vare-kategori\/laitteet\/kaivauslaatikot\/minibox\/"},{"@type":"ListItem","position":6,"name":"Perusyksikk\u00f6","item":"https:\/\/viggobendz.dk\/fi\/vare-kategori\/laitteet\/kaivauslaatikot\/minibox\/perusyksikkoe\/"},{"@type":"ListItem","position":7,"name":"E 3m x 2m"}]},{"@type":"WebSite","@id":"https:\/\/viggobendz.dk\/fi\/#website","url":"https:\/\/viggobendz.dk\/fi\/","name":"Viggo Bendz","description":"Det ansvarlige valg","publisher":{"@id":"https:\/\/viggobendz.dk\/fi\/#organization"},"potentialAction":[{"@type":"SearchAction","target":{"@type":"EntryPoint","urlTemplate":"https:\/\/viggobendz.dk\/fi\/?s={search_term_string}"},"query-input":{"@type":"PropertyValueSpecification","valueRequired":true,"valueName":"search_term_string"}}],"inLanguage":"fi"},{"@type":"Organization","@id":"https:\/\/viggobendz.dk\/fi\/#organization","name":"Viggo Bendz A\/S","url":"https:\/\/viggobendz.dk\/fi\/","logo":{"@type":"ImageObject","inLanguage":"fi","@id":"https:\/\/viggobendz.dk\/fi\/#\/schema\/logo\/image\/","url":"https:\/\/viggobendz.dk\/wp-content\/uploads\/2020\/03\/VB-Logo.png","contentUrl":"https:\/\/viggobendz.dk\/wp-content\/uploads\/2020\/03\/VB-Logo.png","width":735,"height":776,"caption":"Viggo Bendz A\/S"},"image":{"@id":"https:\/\/viggobendz.dk\/fi\/#\/schema\/logo\/image\/"}}]}},"_links":{"self":[{"href":"https:\/\/viggobendz.dk\/fi\/wp-json\/wp\/v2\/product\/25028","targetHints":{"allow":["GET"]}}],"collection":[{"href":"https:\/\/viggobendz.dk\/fi\/wp-json\/wp\/v2\/product"}],"about":[{"href":"https:\/\/viggobendz.dk\/fi\/wp-json\/wp\/v2\/types\/product"}],"wp:featuredmedia":[{"embeddable":true,"href":"https:\/\/viggobendz.dk\/fi\/wp-json\/wp\/v2\/media\/21419"}],"wp:attachment":[{"href":"https:\/\/viggobendz.dk\/fi\/wp-json\/wp\/v2\/media?parent=25028"}],"wp:term":[{"taxonomy":"product_brand","embeddable":true,"href":"https:\/\/viggobendz.dk\/fi\/wp-json\/wp\/v2\/product_brand?post=25028"},{"taxonomy":"product_cat","embeddable":true,"href":"https:\/\/viggobendz.dk\/fi\/wp-json\/wp\/v2\/product_cat?post=25028"},{"taxonomy":"product_tag","embeddable":true,"href":"https:\/\/viggobendz.dk\/fi\/wp-json\/wp\/v2\/product_tag?post=25028"}],"curies":[{"name":"wp","href":"https:\/\/api.w.org\/{rel}","templated":true}]}}