{"id":25455,"date":"2025-03-20T09:33:06","date_gmt":"2025-03-20T08:33:06","guid":{"rendered":"https:\/\/viggobendz.dk\/butik\/Ei-luokiteltu\/koneen-koko-30-45-tonnia\/"},"modified":"2025-03-20T09:33:06","modified_gmt":"2025-03-20T08:33:06","slug":"koneen-koko-30-45-tonnia","status":"publish","type":"product","link":"https:\/\/viggobendz.dk\/fi\/butik\/purkaminen\/tartu\/hydraulinen-koura\/koneen-koko-30-45-tonnia\/","title":{"rendered":"Koneen koko: 30-45 tonnia"},"content":{"rendered":"<h3 data-start=\"342\" data-end=\"412\">Trevi Bennen PM-sarja &#8211; Tehokas hydraulinen koura t\u00e4ydell\u00e4 ohjauksella<\/h3>\n<p data-start=\"414\" data-end=\"650\">Kun ty\u00f6skentelet romun, j\u00e4tteiden tai kierr\u00e4tett\u00e4vien materiaalien kanssa, on t\u00e4rke\u00e4\u00e4 voida luottaa laitteisiin. Trevi Bennen PM-sarja on hydraulinen koura, joka on tehty niille, jotka vaativat sek\u00e4 raakaa voimaa ett\u00e4 tarkkuutta samassa ty\u00f6kalussa. <\/p>\n<p data-start=\"652\" data-end=\"895\">Tehokas hydrauliikka ja tasainen py\u00f6riminen antavat sinulle parhaan mahdollisen hallinnan, olitpa sitten lastaamassa, lajittelemassa tai siirt\u00e4m\u00e4ss\u00e4 raskaita materiaaleja. Vankat kynnet takaavat tukevan otteen, joten voit ty\u00f6skennell\u00e4 tehokkaasti ja turvallisesti vaativissakin olosuhteissa. <\/p>\n<ul data-start=\"897\" data-end=\"1147\">\n<li data-start=\"897\" data-end=\"991\">\n<p data-start=\"899\" data-end=\"991\"><strong data-start=\"899\" data-end=\"923\">Eritt\u00e4in vahva ote<\/strong> &#8211; Pit\u00e4\u00e4 materiaalit tukevasti kiinni my\u00f6s haastavissa tilanteissa.<\/p>\n<\/li>\n<li data-start=\"992\" data-end=\"1061\">\n<p data-start=\"994\" data-end=\"1061\"><strong data-start=\"994\" data-end=\"1017\">Vankka rakenne<\/strong> &#8211; Rakennettu intensiiviseen k\u00e4ytt\u00f6\u00f6n ja pitk\u00e4ik\u00e4isyyteen.<\/p>\n<\/li>\n<li data-start=\"1062\" data-end=\"1147\">\n<p data-start=\"1064\" data-end=\"1147\"><strong data-start=\"1064\" data-end=\"1105\">Tarkka hydraulinen ohjaus ja kierto<\/strong> &#8211; antaa nopean ja pehme\u00e4n ohjauksen.<\/p>\n<\/li>\n<\/ul>\n<p data-start=\"1149\" data-end=\"1342\">PM-sarjan hydraulinen koura ei ole vain luotettava ty\u00f6kalu, vaan vankka kumppani, joka lis\u00e4\u00e4 tehokkuutta ja auttaa pit\u00e4m\u00e4\u00e4n ty\u00f6maan puhtaana ja ty\u00f6n sujuvana.<\/p>\n","protected":false},"excerpt":{"rendered":"<p>Hydraulinen kaappaus Trevi Benne<\/p>\n","protected":false},"featured_media":19783,"template":"","meta":{"_acf_changed":false},"product_brand":[],"product_cat":[3250,2812,3249],"product_tag":[],"class_list":{"0":"post-25455","1":"product","2":"type-product","3":"status-publish","4":"has-post-thumbnail","6":"product_cat-hydraulinen-koura","7":"product_cat-purkaminen","8":"product_cat-tartu","9":"pa_type-2-standardi","11":"first","12":"instock","13":"taxable","14":"shipping-taxable","15":"product-type-simple"},"acf":[],"yoast_head":"<title>Koneen koko: 30-45 tonnia - Viggo Bendz<\/title>\n<meta name=\"robots\" content=\"index, follow, max-snippet:-1, max-image-preview:large, max-video-preview:-1\" \/>\n<link rel=\"canonical\" href=\"https:\/\/viggobendz.dk\/fi\/butik\/purkaminen\/tartu\/hydraulinen-koura\/koneen-koko-30-45-tonnia\/\" \/>\n<meta property=\"og:locale\" content=\"fi_FI\" \/>\n<meta property=\"og:type\" content=\"article\" \/>\n<meta property=\"og:title\" content=\"Koneen koko: 30-45 tonnia - Viggo Bendz\" \/>\n<meta property=\"og:description\" content=\"Hydraulinen kaappaus Trevi Benne\" \/>\n<meta property=\"og:url\" content=\"https:\/\/viggobendz.dk\/fi\/butik\/purkaminen\/tartu\/hydraulinen-koura\/koneen-koko-30-45-tonnia\/\" \/>\n<meta property=\"og:site_name\" content=\"Viggo Bendz\" \/>\n<meta property=\"og:image\" content=\"https:\/\/viggobendz.dk\/wp-content\/uploads\/2025\/02\/PM_SERIES_1.jpg\" \/>\n\t<meta property=\"og:image:width\" content=\"650\" \/>\n\t<meta property=\"og:image:height\" content=\"492\" \/>\n\t<meta property=\"og:image:type\" content=\"image\/jpeg\" \/>\n<meta name=\"twitter:card\" content=\"summary_large_image\" \/>\n<meta name=\"twitter:label1\" content=\"Arvioitu lukuaika\" \/>\n\t<meta name=\"twitter:data1\" content=\"1 minuutti\" \/>\n<script type=\"application\/ld+json\" class=\"yoast-schema-graph\">{\"@context\":\"https:\/\/schema.org\",\"@graph\":[{\"@type\":\"WebPage\",\"@id\":\"https:\/\/viggobendz.dk\/fi\/butik\/purkaminen\/tartu\/hydraulinen-koura\/koneen-koko-30-45-tonnia\/\",\"url\":\"https:\/\/viggobendz.dk\/fi\/butik\/purkaminen\/tartu\/hydraulinen-koura\/koneen-koko-30-45-tonnia\/\",\"name\":\"Koneen koko: 30-45 tonnia - Viggo Bendz\",\"isPartOf\":{\"@id\":\"https:\/\/viggobendz.dk\/fi\/#website\"},\"primaryImageOfPage\":{\"@id\":\"https:\/\/viggobendz.dk\/fi\/butik\/purkaminen\/tartu\/hydraulinen-koura\/koneen-koko-30-45-tonnia\/#primaryimage\"},\"image\":{\"@id\":\"https:\/\/viggobendz.dk\/fi\/butik\/purkaminen\/tartu\/hydraulinen-koura\/koneen-koko-30-45-tonnia\/#primaryimage\"},\"thumbnailUrl\":\"https:\/\/viggobendz.dk\/wp-content\/uploads\/2025\/02\/PM_SERIES_1.jpg\",\"datePublished\":\"2025-03-20T08:33:06+00:00\",\"breadcrumb\":{\"@id\":\"https:\/\/viggobendz.dk\/fi\/butik\/purkaminen\/tartu\/hydraulinen-koura\/koneen-koko-30-45-tonnia\/#breadcrumb\"},\"inLanguage\":\"fi\",\"potentialAction\":[{\"@type\":\"ReadAction\",\"target\":[\"https:\/\/viggobendz.dk\/fi\/butik\/purkaminen\/tartu\/hydraulinen-koura\/koneen-koko-30-45-tonnia\/\"]}]},{\"@type\":\"ImageObject\",\"inLanguage\":\"fi\",\"@id\":\"https:\/\/viggobendz.dk\/fi\/butik\/purkaminen\/tartu\/hydraulinen-koura\/koneen-koko-30-45-tonnia\/#primaryimage\",\"url\":\"https:\/\/viggobendz.dk\/wp-content\/uploads\/2025\/02\/PM_SERIES_1.jpg\",\"contentUrl\":\"https:\/\/viggobendz.dk\/wp-content\/uploads\/2025\/02\/PM_SERIES_1.jpg\",\"width\":650,\"height\":492},{\"@type\":\"BreadcrumbList\",\"@id\":\"https:\/\/viggobendz.dk\/fi\/butik\/purkaminen\/tartu\/hydraulinen-koura\/koneen-koko-30-45-tonnia\/#breadcrumb\",\"itemListElement\":[{\"@type\":\"ListItem\",\"position\":1,\"name\":\"Hjem\",\"item\":\"https:\/\/viggobendz.dk\/fi\/kotisivu\/\"},{\"@type\":\"ListItem\",\"position\":2,\"name\":\"Shop\",\"item\":\"https:\/\/viggobendz.dk\/butik\/\"},{\"@type\":\"ListItem\",\"position\":3,\"name\":\"Koneen koko: 30-45 tonnia\"}]},{\"@type\":\"WebSite\",\"@id\":\"https:\/\/viggobendz.dk\/fi\/#website\",\"url\":\"https:\/\/viggobendz.dk\/fi\/\",\"name\":\"Viggo Bendz\",\"description\":\"Det ansvarlige valg\",\"publisher\":{\"@id\":\"https:\/\/viggobendz.dk\/fi\/#organization\"},\"potentialAction\":[{\"@type\":\"SearchAction\",\"target\":{\"@type\":\"EntryPoint\",\"urlTemplate\":\"https:\/\/viggobendz.dk\/fi\/?s={search_term_string}\"},\"query-input\":{\"@type\":\"PropertyValueSpecification\",\"valueRequired\":true,\"valueName\":\"search_term_string\"}}],\"inLanguage\":\"fi\"},{\"@type\":\"Organization\",\"@id\":\"https:\/\/viggobendz.dk\/fi\/#organization\",\"name\":\"Viggo Bendz A\/S\",\"url\":\"https:\/\/viggobendz.dk\/fi\/\",\"logo\":{\"@type\":\"ImageObject\",\"inLanguage\":\"fi\",\"@id\":\"https:\/\/viggobendz.dk\/fi\/#\/schema\/logo\/image\/\",\"url\":\"https:\/\/viggobendz.dk\/wp-content\/uploads\/2020\/03\/VB-Logo.png\",\"contentUrl\":\"https:\/\/viggobendz.dk\/wp-content\/uploads\/2020\/03\/VB-Logo.png\",\"width\":735,\"height\":776,\"caption\":\"Viggo Bendz A\/S\"},\"image\":{\"@id\":\"https:\/\/viggobendz.dk\/fi\/#\/schema\/logo\/image\/\"}}]}<\/script>","yoast_head_json":{"title":"Koneen koko: 30-45 tonnia - Viggo Bendz","robots":{"index":"index","follow":"follow","max-snippet":"max-snippet:-1","max-image-preview":"max-image-preview:large","max-video-preview":"max-video-preview:-1"},"canonical":"https:\/\/viggobendz.dk\/fi\/butik\/purkaminen\/tartu\/hydraulinen-koura\/koneen-koko-30-45-tonnia\/","og_locale":"fi_FI","og_type":"article","og_title":"Koneen koko: 30-45 tonnia - Viggo Bendz","og_description":"Hydraulinen kaappaus Trevi Benne","og_url":"https:\/\/viggobendz.dk\/fi\/butik\/purkaminen\/tartu\/hydraulinen-koura\/koneen-koko-30-45-tonnia\/","og_site_name":"Viggo Bendz","og_image":[{"width":650,"height":492,"url":"https:\/\/viggobendz.dk\/wp-content\/uploads\/2025\/02\/PM_SERIES_1.jpg","type":"image\/jpeg"}],"twitter_card":"summary_large_image","twitter_misc":{"Arvioitu lukuaika":"1 minuutti"},"schema":{"@context":"https:\/\/schema.org","@graph":[{"@type":"WebPage","@id":"https:\/\/viggobendz.dk\/fi\/butik\/purkaminen\/tartu\/hydraulinen-koura\/koneen-koko-30-45-tonnia\/","url":"https:\/\/viggobendz.dk\/fi\/butik\/purkaminen\/tartu\/hydraulinen-koura\/koneen-koko-30-45-tonnia\/","name":"Koneen koko: 30-45 tonnia - Viggo Bendz","isPartOf":{"@id":"https:\/\/viggobendz.dk\/fi\/#website"},"primaryImageOfPage":{"@id":"https:\/\/viggobendz.dk\/fi\/butik\/purkaminen\/tartu\/hydraulinen-koura\/koneen-koko-30-45-tonnia\/#primaryimage"},"image":{"@id":"https:\/\/viggobendz.dk\/fi\/butik\/purkaminen\/tartu\/hydraulinen-koura\/koneen-koko-30-45-tonnia\/#primaryimage"},"thumbnailUrl":"https:\/\/viggobendz.dk\/wp-content\/uploads\/2025\/02\/PM_SERIES_1.jpg","datePublished":"2025-03-20T08:33:06+00:00","breadcrumb":{"@id":"https:\/\/viggobendz.dk\/fi\/butik\/purkaminen\/tartu\/hydraulinen-koura\/koneen-koko-30-45-tonnia\/#breadcrumb"},"inLanguage":"fi","potentialAction":[{"@type":"ReadAction","target":["https:\/\/viggobendz.dk\/fi\/butik\/purkaminen\/tartu\/hydraulinen-koura\/koneen-koko-30-45-tonnia\/"]}]},{"@type":"ImageObject","inLanguage":"fi","@id":"https:\/\/viggobendz.dk\/fi\/butik\/purkaminen\/tartu\/hydraulinen-koura\/koneen-koko-30-45-tonnia\/#primaryimage","url":"https:\/\/viggobendz.dk\/wp-content\/uploads\/2025\/02\/PM_SERIES_1.jpg","contentUrl":"https:\/\/viggobendz.dk\/wp-content\/uploads\/2025\/02\/PM_SERIES_1.jpg","width":650,"height":492},{"@type":"BreadcrumbList","@id":"https:\/\/viggobendz.dk\/fi\/butik\/purkaminen\/tartu\/hydraulinen-koura\/koneen-koko-30-45-tonnia\/#breadcrumb","itemListElement":[{"@type":"ListItem","position":1,"name":"Hjem","item":"https:\/\/viggobendz.dk\/fi\/kotisivu\/"},{"@type":"ListItem","position":2,"name":"Shop","item":"https:\/\/viggobendz.dk\/butik\/"},{"@type":"ListItem","position":3,"name":"Koneen koko: 30-45 tonnia"}]},{"@type":"WebSite","@id":"https:\/\/viggobendz.dk\/fi\/#website","url":"https:\/\/viggobendz.dk\/fi\/","name":"Viggo Bendz","description":"Det ansvarlige valg","publisher":{"@id":"https:\/\/viggobendz.dk\/fi\/#organization"},"potentialAction":[{"@type":"SearchAction","target":{"@type":"EntryPoint","urlTemplate":"https:\/\/viggobendz.dk\/fi\/?s={search_term_string}"},"query-input":{"@type":"PropertyValueSpecification","valueRequired":true,"valueName":"search_term_string"}}],"inLanguage":"fi"},{"@type":"Organization","@id":"https:\/\/viggobendz.dk\/fi\/#organization","name":"Viggo Bendz A\/S","url":"https:\/\/viggobendz.dk\/fi\/","logo":{"@type":"ImageObject","inLanguage":"fi","@id":"https:\/\/viggobendz.dk\/fi\/#\/schema\/logo\/image\/","url":"https:\/\/viggobendz.dk\/wp-content\/uploads\/2020\/03\/VB-Logo.png","contentUrl":"https:\/\/viggobendz.dk\/wp-content\/uploads\/2020\/03\/VB-Logo.png","width":735,"height":776,"caption":"Viggo Bendz A\/S"},"image":{"@id":"https:\/\/viggobendz.dk\/fi\/#\/schema\/logo\/image\/"}}]}},"_links":{"self":[{"href":"https:\/\/viggobendz.dk\/fi\/wp-json\/wp\/v2\/product\/25455","targetHints":{"allow":["GET"]}}],"collection":[{"href":"https:\/\/viggobendz.dk\/fi\/wp-json\/wp\/v2\/product"}],"about":[{"href":"https:\/\/viggobendz.dk\/fi\/wp-json\/wp\/v2\/types\/product"}],"wp:featuredmedia":[{"embeddable":true,"href":"https:\/\/viggobendz.dk\/fi\/wp-json\/wp\/v2\/media\/19783"}],"wp:attachment":[{"href":"https:\/\/viggobendz.dk\/fi\/wp-json\/wp\/v2\/media?parent=25455"}],"wp:term":[{"taxonomy":"product_brand","embeddable":true,"href":"https:\/\/viggobendz.dk\/fi\/wp-json\/wp\/v2\/product_brand?post=25455"},{"taxonomy":"product_cat","embeddable":true,"href":"https:\/\/viggobendz.dk\/fi\/wp-json\/wp\/v2\/product_cat?post=25455"},{"taxonomy":"product_tag","embeddable":true,"href":"https:\/\/viggobendz.dk\/fi\/wp-json\/wp\/v2\/product_tag?post=25455"}],"curies":[{"name":"wp","href":"https:\/\/api.w.org\/{rel}","templated":true}]}}