{"id":25550,"date":"2025-03-11T07:51:57","date_gmt":"2025-03-11T06:51:57","guid":{"rendered":"https:\/\/viggobendz.dk\/butik\/Ei-luokiteltu\/100-cm\/"},"modified":"2025-03-11T07:51:57","modified_gmt":"2025-03-11T06:51:57","slug":"100-cm","status":"publish","type":"product","link":"https:\/\/viggobendz.dk\/fi\/butik\/laitteet\/lapiot\/ritilaelapiot\/6-9-tonnia\/100-cm\/","title":{"rendered":"100 cm"},"content":{"rendered":"<p data-start=\"0\" data-end=\"60\"><strong data-start=\"0\" data-end=\"58\">CP:n seulakauhat &#8211; Tehokas seulonta ja materiaalin erottelu<\/strong><\/p>\n<p data-start=\"61\" data-end=\"200\">CP-ravistuskauhat on suunniteltu urakoitsijoille, jotka tarvitsevat tehokasta materiaalien lajittelua ja seulontaa suoraan ty\u00f6maalla. Vahvan ja avoimen rakenteensa ansiosta kauha erottaa suuremmat materiaalit hienommista jakeista, mik\u00e4 lis\u00e4\u00e4 tuottavuutta ja v\u00e4hent\u00e4\u00e4 j\u00e4lkik\u00e4sittelyn tarvetta. Kest\u00e4v\u00e4 rakenne takaa pitk\u00e4n k\u00e4ytt\u00f6i\u00e4n ja korkean suorituskyvyn vaativissa ty\u00f6ymp\u00e4rist\u00f6iss\u00e4.  <\/p>\n<ul>\n<li data-start=\"201\" data-end=\"260\"><strong data-start=\"201\" data-end=\"259\">Tehokas seulonta<\/strong> &#8211; erottelee kivet, soran ja muun materiaalin suoraan kauhassa.<\/li>\n<li data-start=\"261\" data-end=\"320\"><strong data-start=\"261\" data-end=\"319\">Kest\u00e4v\u00e4 rakenne<\/strong> &#8211; Valmistettu lujasta ter\u00e4ksest\u00e4 maksimaalisen kest\u00e4vyyden takaamiseksi.<\/li>\n<li data-start=\"321\" data-end=\"380\"><strong data-start=\"321\" data-end=\"379\">V\u00e4hent\u00e4\u00e4 k\u00e4sittelyaikaa<\/strong> &#8211; V\u00e4hent\u00e4\u00e4 ulkoisen lajittelun tarvetta ja lis\u00e4\u00e4 tuottavuutta.<\/li>\n<\/ul>\n<p data-start=\"381\" data-end=\"440\">CP-ritil\u00e4kauhalla saat monipuolisen ja luotettavan ratkaisun, joka parantaa materiaalink\u00e4sittely\u00e4 ja lis\u00e4\u00e4 tehokkuutta ty\u00f6maalla.<\/p>\n","protected":false},"excerpt":{"rendered":"<p>Ritil\u00e4lapiot<\/p>\n","protected":false},"featured_media":11929,"template":"","meta":{"_acf_changed":false},"product_brand":[],"product_cat":[4490,2606,3601,4354],"product_tag":[],"class_list":{"0":"post-25550","1":"product","2":"type-product","3":"status-publish","4":"has-post-thumbnail","6":"product_cat-6-9-tonnia","7":"product_cat-laitteet","8":"product_cat-lapiot","9":"product_cat-ritilaelapiot","10":"pa_type-2-cp-t6-rs100","12":"first","13":"instock","14":"taxable","15":"shipping-taxable","16":"purchasable","17":"product-type-simple"},"acf":[],"yoast_head":"<title>100 cm - Viggo Bendz<\/title>\n<meta name=\"robots\" content=\"index, follow, max-snippet:-1, max-image-preview:large, max-video-preview:-1\" \/>\n<link rel=\"canonical\" href=\"https:\/\/viggobendz.dk\/fi\/butik\/laitteet\/lapiot\/ritilaelapiot\/6-9-tonnia\/100-cm\/\" \/>\n<meta property=\"og:locale\" content=\"fi_FI\" \/>\n<meta property=\"og:type\" content=\"article\" \/>\n<meta property=\"og:title\" content=\"100 cm - Viggo Bendz\" \/>\n<meta property=\"og:description\" content=\"Ritil\u00e4lapiot\" \/>\n<meta property=\"og:url\" content=\"https:\/\/viggobendz.dk\/fi\/butik\/laitteet\/lapiot\/ritilaelapiot\/6-9-tonnia\/100-cm\/\" \/>\n<meta property=\"og:site_name\" content=\"Viggo Bendz\" \/>\n<meta property=\"og:image\" content=\"https:\/\/viggobendz.dk\/wp-content\/uploads\/2025\/02\/T3-risteskovl-Photoroom.png\" \/>\n\t<meta property=\"og:image:width\" content=\"600\" \/>\n\t<meta property=\"og:image:height\" content=\"600\" \/>\n\t<meta property=\"og:image:type\" content=\"image\/png\" \/>\n<meta name=\"twitter:card\" content=\"summary_large_image\" \/>\n<meta name=\"twitter:label1\" content=\"Arvioitu lukuaika\" \/>\n\t<meta name=\"twitter:data1\" content=\"1 minuutti\" \/>\n<script type=\"application\/ld+json\" class=\"yoast-schema-graph\">{\"@context\":\"https:\/\/schema.org\",\"@graph\":[{\"@type\":\"WebPage\",\"@id\":\"https:\/\/viggobendz.dk\/fi\/butik\/laitteet\/lapiot\/ritilaelapiot\/6-9-tonnia\/100-cm\/\",\"url\":\"https:\/\/viggobendz.dk\/fi\/butik\/laitteet\/lapiot\/ritilaelapiot\/6-9-tonnia\/100-cm\/\",\"name\":\"100 cm - Viggo Bendz\",\"isPartOf\":{\"@id\":\"https:\/\/viggobendz.dk\/fi\/#website\"},\"primaryImageOfPage\":{\"@id\":\"https:\/\/viggobendz.dk\/fi\/butik\/laitteet\/lapiot\/ritilaelapiot\/6-9-tonnia\/100-cm\/#primaryimage\"},\"image\":{\"@id\":\"https:\/\/viggobendz.dk\/fi\/butik\/laitteet\/lapiot\/ritilaelapiot\/6-9-tonnia\/100-cm\/#primaryimage\"},\"thumbnailUrl\":\"https:\/\/viggobendz.dk\/wp-content\/uploads\/2025\/02\/T3-risteskovl-Photoroom.png\",\"datePublished\":\"2025-03-11T06:51:57+00:00\",\"breadcrumb\":{\"@id\":\"https:\/\/viggobendz.dk\/fi\/butik\/laitteet\/lapiot\/ritilaelapiot\/6-9-tonnia\/100-cm\/#breadcrumb\"},\"inLanguage\":\"fi\",\"potentialAction\":[{\"@type\":\"ReadAction\",\"target\":[\"https:\/\/viggobendz.dk\/fi\/butik\/laitteet\/lapiot\/ritilaelapiot\/6-9-tonnia\/100-cm\/\"]}]},{\"@type\":\"ImageObject\",\"inLanguage\":\"fi\",\"@id\":\"https:\/\/viggobendz.dk\/fi\/butik\/laitteet\/lapiot\/ritilaelapiot\/6-9-tonnia\/100-cm\/#primaryimage\",\"url\":\"https:\/\/viggobendz.dk\/wp-content\/uploads\/2025\/02\/T3-risteskovl-Photoroom.png\",\"contentUrl\":\"https:\/\/viggobendz.dk\/wp-content\/uploads\/2025\/02\/T3-risteskovl-Photoroom.png\",\"width\":600,\"height\":600},{\"@type\":\"BreadcrumbList\",\"@id\":\"https:\/\/viggobendz.dk\/fi\/butik\/laitteet\/lapiot\/ritilaelapiot\/6-9-tonnia\/100-cm\/#breadcrumb\",\"itemListElement\":[{\"@type\":\"ListItem\",\"position\":1,\"name\":\"Hjem\",\"item\":\"https:\/\/viggobendz.dk\/fi\/kotisivu\/\"},{\"@type\":\"ListItem\",\"position\":2,\"name\":\"Shop\",\"item\":\"https:\/\/viggobendz.dk\/butik\/\"},{\"@type\":\"ListItem\",\"position\":3,\"name\":\"Laitteet\",\"item\":\"https:\/\/viggobendz.dk\/fi\/vare-kategori\/laitteet\/\"},{\"@type\":\"ListItem\",\"position\":4,\"name\":\"Lapiot\",\"item\":\"https:\/\/viggobendz.dk\/fi\/vare-kategori\/laitteet\/lapiot\/\"},{\"@type\":\"ListItem\",\"position\":5,\"name\":\"Ritil\u00e4lapiot\",\"item\":\"https:\/\/viggobendz.dk\/fi\/vare-kategori\/laitteet\/lapiot\/ritilaelapiot\/\"},{\"@type\":\"ListItem\",\"position\":6,\"name\":\"6-9 tonnia\",\"item\":\"https:\/\/viggobendz.dk\/fi\/vare-kategori\/laitteet\/lapiot\/ritilaelapiot\/6-9-tonnia\/\"},{\"@type\":\"ListItem\",\"position\":7,\"name\":\"100 cm\"}]},{\"@type\":\"WebSite\",\"@id\":\"https:\/\/viggobendz.dk\/fi\/#website\",\"url\":\"https:\/\/viggobendz.dk\/fi\/\",\"name\":\"Viggo Bendz\",\"description\":\"Det ansvarlige valg\",\"publisher\":{\"@id\":\"https:\/\/viggobendz.dk\/fi\/#organization\"},\"potentialAction\":[{\"@type\":\"SearchAction\",\"target\":{\"@type\":\"EntryPoint\",\"urlTemplate\":\"https:\/\/viggobendz.dk\/fi\/?s={search_term_string}\"},\"query-input\":{\"@type\":\"PropertyValueSpecification\",\"valueRequired\":true,\"valueName\":\"search_term_string\"}}],\"inLanguage\":\"fi\"},{\"@type\":\"Organization\",\"@id\":\"https:\/\/viggobendz.dk\/fi\/#organization\",\"name\":\"Viggo Bendz A\/S\",\"url\":\"https:\/\/viggobendz.dk\/fi\/\",\"logo\":{\"@type\":\"ImageObject\",\"inLanguage\":\"fi\",\"@id\":\"https:\/\/viggobendz.dk\/fi\/#\/schema\/logo\/image\/\",\"url\":\"https:\/\/viggobendz.dk\/wp-content\/uploads\/2020\/03\/VB-Logo.png\",\"contentUrl\":\"https:\/\/viggobendz.dk\/wp-content\/uploads\/2020\/03\/VB-Logo.png\",\"width\":735,\"height\":776,\"caption\":\"Viggo Bendz A\/S\"},\"image\":{\"@id\":\"https:\/\/viggobendz.dk\/fi\/#\/schema\/logo\/image\/\"}}]}<\/script>","yoast_head_json":{"title":"100 cm - Viggo Bendz","robots":{"index":"index","follow":"follow","max-snippet":"max-snippet:-1","max-image-preview":"max-image-preview:large","max-video-preview":"max-video-preview:-1"},"canonical":"https:\/\/viggobendz.dk\/fi\/butik\/laitteet\/lapiot\/ritilaelapiot\/6-9-tonnia\/100-cm\/","og_locale":"fi_FI","og_type":"article","og_title":"100 cm - Viggo Bendz","og_description":"Ritil\u00e4lapiot","og_url":"https:\/\/viggobendz.dk\/fi\/butik\/laitteet\/lapiot\/ritilaelapiot\/6-9-tonnia\/100-cm\/","og_site_name":"Viggo Bendz","og_image":[{"width":600,"height":600,"url":"https:\/\/viggobendz.dk\/wp-content\/uploads\/2025\/02\/T3-risteskovl-Photoroom.png","type":"image\/png"}],"twitter_card":"summary_large_image","twitter_misc":{"Arvioitu lukuaika":"1 minuutti"},"schema":{"@context":"https:\/\/schema.org","@graph":[{"@type":"WebPage","@id":"https:\/\/viggobendz.dk\/fi\/butik\/laitteet\/lapiot\/ritilaelapiot\/6-9-tonnia\/100-cm\/","url":"https:\/\/viggobendz.dk\/fi\/butik\/laitteet\/lapiot\/ritilaelapiot\/6-9-tonnia\/100-cm\/","name":"100 cm - Viggo Bendz","isPartOf":{"@id":"https:\/\/viggobendz.dk\/fi\/#website"},"primaryImageOfPage":{"@id":"https:\/\/viggobendz.dk\/fi\/butik\/laitteet\/lapiot\/ritilaelapiot\/6-9-tonnia\/100-cm\/#primaryimage"},"image":{"@id":"https:\/\/viggobendz.dk\/fi\/butik\/laitteet\/lapiot\/ritilaelapiot\/6-9-tonnia\/100-cm\/#primaryimage"},"thumbnailUrl":"https:\/\/viggobendz.dk\/wp-content\/uploads\/2025\/02\/T3-risteskovl-Photoroom.png","datePublished":"2025-03-11T06:51:57+00:00","breadcrumb":{"@id":"https:\/\/viggobendz.dk\/fi\/butik\/laitteet\/lapiot\/ritilaelapiot\/6-9-tonnia\/100-cm\/#breadcrumb"},"inLanguage":"fi","potentialAction":[{"@type":"ReadAction","target":["https:\/\/viggobendz.dk\/fi\/butik\/laitteet\/lapiot\/ritilaelapiot\/6-9-tonnia\/100-cm\/"]}]},{"@type":"ImageObject","inLanguage":"fi","@id":"https:\/\/viggobendz.dk\/fi\/butik\/laitteet\/lapiot\/ritilaelapiot\/6-9-tonnia\/100-cm\/#primaryimage","url":"https:\/\/viggobendz.dk\/wp-content\/uploads\/2025\/02\/T3-risteskovl-Photoroom.png","contentUrl":"https:\/\/viggobendz.dk\/wp-content\/uploads\/2025\/02\/T3-risteskovl-Photoroom.png","width":600,"height":600},{"@type":"BreadcrumbList","@id":"https:\/\/viggobendz.dk\/fi\/butik\/laitteet\/lapiot\/ritilaelapiot\/6-9-tonnia\/100-cm\/#breadcrumb","itemListElement":[{"@type":"ListItem","position":1,"name":"Hjem","item":"https:\/\/viggobendz.dk\/fi\/kotisivu\/"},{"@type":"ListItem","position":2,"name":"Shop","item":"https:\/\/viggobendz.dk\/butik\/"},{"@type":"ListItem","position":3,"name":"Laitteet","item":"https:\/\/viggobendz.dk\/fi\/vare-kategori\/laitteet\/"},{"@type":"ListItem","position":4,"name":"Lapiot","item":"https:\/\/viggobendz.dk\/fi\/vare-kategori\/laitteet\/lapiot\/"},{"@type":"ListItem","position":5,"name":"Ritil\u00e4lapiot","item":"https:\/\/viggobendz.dk\/fi\/vare-kategori\/laitteet\/lapiot\/ritilaelapiot\/"},{"@type":"ListItem","position":6,"name":"6-9 tonnia","item":"https:\/\/viggobendz.dk\/fi\/vare-kategori\/laitteet\/lapiot\/ritilaelapiot\/6-9-tonnia\/"},{"@type":"ListItem","position":7,"name":"100 cm"}]},{"@type":"WebSite","@id":"https:\/\/viggobendz.dk\/fi\/#website","url":"https:\/\/viggobendz.dk\/fi\/","name":"Viggo Bendz","description":"Det ansvarlige valg","publisher":{"@id":"https:\/\/viggobendz.dk\/fi\/#organization"},"potentialAction":[{"@type":"SearchAction","target":{"@type":"EntryPoint","urlTemplate":"https:\/\/viggobendz.dk\/fi\/?s={search_term_string}"},"query-input":{"@type":"PropertyValueSpecification","valueRequired":true,"valueName":"search_term_string"}}],"inLanguage":"fi"},{"@type":"Organization","@id":"https:\/\/viggobendz.dk\/fi\/#organization","name":"Viggo Bendz A\/S","url":"https:\/\/viggobendz.dk\/fi\/","logo":{"@type":"ImageObject","inLanguage":"fi","@id":"https:\/\/viggobendz.dk\/fi\/#\/schema\/logo\/image\/","url":"https:\/\/viggobendz.dk\/wp-content\/uploads\/2020\/03\/VB-Logo.png","contentUrl":"https:\/\/viggobendz.dk\/wp-content\/uploads\/2020\/03\/VB-Logo.png","width":735,"height":776,"caption":"Viggo Bendz A\/S"},"image":{"@id":"https:\/\/viggobendz.dk\/fi\/#\/schema\/logo\/image\/"}}]}},"_links":{"self":[{"href":"https:\/\/viggobendz.dk\/fi\/wp-json\/wp\/v2\/product\/25550","targetHints":{"allow":["GET"]}}],"collection":[{"href":"https:\/\/viggobendz.dk\/fi\/wp-json\/wp\/v2\/product"}],"about":[{"href":"https:\/\/viggobendz.dk\/fi\/wp-json\/wp\/v2\/types\/product"}],"wp:featuredmedia":[{"embeddable":true,"href":"https:\/\/viggobendz.dk\/fi\/wp-json\/wp\/v2\/media\/11929"}],"wp:attachment":[{"href":"https:\/\/viggobendz.dk\/fi\/wp-json\/wp\/v2\/media?parent=25550"}],"wp:term":[{"taxonomy":"product_brand","embeddable":true,"href":"https:\/\/viggobendz.dk\/fi\/wp-json\/wp\/v2\/product_brand?post=25550"},{"taxonomy":"product_cat","embeddable":true,"href":"https:\/\/viggobendz.dk\/fi\/wp-json\/wp\/v2\/product_cat?post=25550"},{"taxonomy":"product_tag","embeddable":true,"href":"https:\/\/viggobendz.dk\/fi\/wp-json\/wp\/v2\/product_tag?post=25550"}],"curies":[{"name":"wp","href":"https:\/\/api.w.org\/{rel}","templated":true}]}}