{"id":25681,"date":"2025-03-11T07:52:25","date_gmt":"2025-03-11T06:52:25","guid":{"rendered":"https:\/\/viggobendz.dk\/butik\/Ei-luokiteltu\/mekaaninen-voimansiirto-pta-45-mh30-kiinteae\/"},"modified":"2025-03-11T07:52:25","modified_gmt":"2025-03-11T06:52:25","slug":"mekaaninen-voimansiirto-pta-45-mh30-kiinteae","status":"publish","type":"product","link":"https:\/\/viggobendz.dk\/fi\/butik\/laitteet\/lapiot\/powertilt\/mekaaninen\/mekaaninen-voimansiirto-pta-45-mh30-kiinteae\/","title":{"rendered":"Mekaaninen voimansiirto &#8211; PTA 45 &#8211; MH30 kiinte\u00e4"},"content":{"rendered":"<p data-start=\"0\" data-end=\"60\"><strong data-start=\"0\" data-end=\"58\">Mekaaninen Powertilt &#8211; Yksinkertainen ja luotettava ratkaisu joustaviin kaivut\u00f6ihin.<\/strong><\/p>\n<p data-start=\"61\" data-end=\"200\">Mekaaninen voimakallistus on luotettava ja kustannustehokas ratkaisu urakoitsijoille, jotka haluavat lis\u00e4t\u00e4 kaivamisen joustavuutta ilman hydrauliikkaliit\u00e4nt\u00e4\u00e4. S\u00e4\u00e4dett\u00e4v\u00e4n kallistusmekanismin avulla kauhaa voidaan kallistaa manuaalisesti ty\u00f6asennon optimoimiseksi rinteiss\u00e4, ojissa ja muissa haastavissa maastoissa. Vankka rakenne takaa pitk\u00e4n k\u00e4ytt\u00f6i\u00e4n ja minimaalisen huollon.  <\/p>\n<ul>\n<li data-start=\"201\" data-end=\"260\"><strong data-start=\"201\" data-end=\"259\">Yksinkertainen ja luotettava<\/strong> &#8211; Mekaaninen s\u00e4\u00e4t\u00f6 ilman hydrauliikkaa tai ylim\u00e4\u00e4r\u00e4isi\u00e4 letkuja.<\/li>\n<li data-start=\"261\" data-end=\"320\"><strong data-start=\"261\" data-end=\"319\">Suurempi joustavuus<\/strong> &#8211; Kauhan manuaalinen kallistus r\u00e4\u00e4t\u00e4l\u00f6id\u00e4\u00e4n teht\u00e4v\u00e4n mukaan.<\/li>\n<li data-start=\"321\" data-end=\"380\"><strong data-start=\"321\" data-end=\"379\">Kest\u00e4v\u00e4 rakenne<\/strong> &#8211; Valmistettu lujasta ter\u00e4ksest\u00e4, joka takaa maksimaalisen kest\u00e4vyyden vaativissa ymp\u00e4rist\u00f6iss\u00e4.<\/li>\n<\/ul>\n<p data-start=\"381\" data-end=\"440\">Mekaanisen voimakallistuksen avulla saat luotettavan ja taloudellisen ratkaisun, joka parantaa koneen monipuolisuutta ja tehokkuutta kaivut\u00f6iss\u00e4.<\/p>\n","protected":false},"excerpt":{"rendered":"<p>Powertilt<\/p>\n","protected":false},"featured_media":11919,"template":"","meta":{"_acf_changed":false},"product_brand":[],"product_cat":[2606,3601,4949,4948],"product_tag":[],"class_list":{"0":"post-25681","1":"product","2":"type-product","3":"status-publish","4":"has-post-thumbnail","6":"product_cat-laitteet","7":"product_cat-lapiot","8":"product_cat-mekaaninen","9":"product_cat-powertilt","10":"pa_type-2-cp-pta45-mek-mh30","12":"first","13":"instock","14":"taxable","15":"shipping-taxable","16":"purchasable","17":"product-type-simple"},"acf":[],"yoast_head":"<title>Mekaaninen voimansiirto - PTA 45 - MH30 kiinte\u00e4 - Viggo Bendz<\/title>\n<meta name=\"robots\" content=\"index, follow, max-snippet:-1, max-image-preview:large, max-video-preview:-1\" \/>\n<link rel=\"canonical\" href=\"https:\/\/viggobendz.dk\/fi\/butik\/laitteet\/lapiot\/powertilt\/mekaaninen\/mekaaninen-voimansiirto-pta-45-mh30-kiinteae\/\" \/>\n<meta property=\"og:locale\" content=\"fi_FI\" \/>\n<meta property=\"og:type\" content=\"article\" \/>\n<meta property=\"og:title\" content=\"Mekaaninen voimansiirto - PTA 45 - MH30 kiinte\u00e4 - Viggo Bendz\" \/>\n<meta property=\"og:description\" content=\"Powertilt\" \/>\n<meta property=\"og:url\" content=\"https:\/\/viggobendz.dk\/fi\/butik\/laitteet\/lapiot\/powertilt\/mekaaninen\/mekaaninen-voimansiirto-pta-45-mh30-kiinteae\/\" \/>\n<meta property=\"og:site_name\" content=\"Viggo Bendz\" \/>\n<meta property=\"og:image\" content=\"https:\/\/viggobendz.dk\/wp-content\/uploads\/2025\/02\/Powertilt-hurtigtskifte-Photoroom.png\" \/>\n\t<meta property=\"og:image:width\" content=\"600\" \/>\n\t<meta property=\"og:image:height\" content=\"600\" \/>\n\t<meta property=\"og:image:type\" content=\"image\/png\" \/>\n<meta name=\"twitter:card\" content=\"summary_large_image\" \/>\n<meta name=\"twitter:label1\" content=\"Arvioitu lukuaika\" \/>\n\t<meta name=\"twitter:data1\" content=\"1 minuutti\" \/>\n<script type=\"application\/ld+json\" class=\"yoast-schema-graph\">{\"@context\":\"https:\/\/schema.org\",\"@graph\":[{\"@type\":\"WebPage\",\"@id\":\"https:\/\/viggobendz.dk\/fi\/butik\/laitteet\/lapiot\/powertilt\/mekaaninen\/mekaaninen-voimansiirto-pta-45-mh30-kiinteae\/\",\"url\":\"https:\/\/viggobendz.dk\/fi\/butik\/laitteet\/lapiot\/powertilt\/mekaaninen\/mekaaninen-voimansiirto-pta-45-mh30-kiinteae\/\",\"name\":\"Mekaaninen voimansiirto - PTA 45 - MH30 kiinte\u00e4 - Viggo Bendz\",\"isPartOf\":{\"@id\":\"https:\/\/viggobendz.dk\/fi\/#website\"},\"primaryImageOfPage\":{\"@id\":\"https:\/\/viggobendz.dk\/fi\/butik\/laitteet\/lapiot\/powertilt\/mekaaninen\/mekaaninen-voimansiirto-pta-45-mh30-kiinteae\/#primaryimage\"},\"image\":{\"@id\":\"https:\/\/viggobendz.dk\/fi\/butik\/laitteet\/lapiot\/powertilt\/mekaaninen\/mekaaninen-voimansiirto-pta-45-mh30-kiinteae\/#primaryimage\"},\"thumbnailUrl\":\"https:\/\/viggobendz.dk\/wp-content\/uploads\/2025\/02\/Powertilt-hurtigtskifte-Photoroom.png\",\"datePublished\":\"2025-03-11T06:52:25+00:00\",\"breadcrumb\":{\"@id\":\"https:\/\/viggobendz.dk\/fi\/butik\/laitteet\/lapiot\/powertilt\/mekaaninen\/mekaaninen-voimansiirto-pta-45-mh30-kiinteae\/#breadcrumb\"},\"inLanguage\":\"fi\",\"potentialAction\":[{\"@type\":\"ReadAction\",\"target\":[\"https:\/\/viggobendz.dk\/fi\/butik\/laitteet\/lapiot\/powertilt\/mekaaninen\/mekaaninen-voimansiirto-pta-45-mh30-kiinteae\/\"]}]},{\"@type\":\"ImageObject\",\"inLanguage\":\"fi\",\"@id\":\"https:\/\/viggobendz.dk\/fi\/butik\/laitteet\/lapiot\/powertilt\/mekaaninen\/mekaaninen-voimansiirto-pta-45-mh30-kiinteae\/#primaryimage\",\"url\":\"https:\/\/viggobendz.dk\/wp-content\/uploads\/2025\/02\/Powertilt-hurtigtskifte-Photoroom.png\",\"contentUrl\":\"https:\/\/viggobendz.dk\/wp-content\/uploads\/2025\/02\/Powertilt-hurtigtskifte-Photoroom.png\",\"width\":600,\"height\":600},{\"@type\":\"BreadcrumbList\",\"@id\":\"https:\/\/viggobendz.dk\/fi\/butik\/laitteet\/lapiot\/powertilt\/mekaaninen\/mekaaninen-voimansiirto-pta-45-mh30-kiinteae\/#breadcrumb\",\"itemListElement\":[{\"@type\":\"ListItem\",\"position\":1,\"name\":\"Hjem\",\"item\":\"https:\/\/viggobendz.dk\/fi\/kotisivu\/\"},{\"@type\":\"ListItem\",\"position\":2,\"name\":\"Shop\",\"item\":\"https:\/\/viggobendz.dk\/butik\/\"},{\"@type\":\"ListItem\",\"position\":3,\"name\":\"Laitteet\",\"item\":\"https:\/\/viggobendz.dk\/fi\/vare-kategori\/laitteet\/\"},{\"@type\":\"ListItem\",\"position\":4,\"name\":\"Lapiot\",\"item\":\"https:\/\/viggobendz.dk\/fi\/vare-kategori\/laitteet\/lapiot\/\"},{\"@type\":\"ListItem\",\"position\":5,\"name\":\"Powertilt\",\"item\":\"https:\/\/viggobendz.dk\/fi\/vare-kategori\/laitteet\/lapiot\/powertilt\/\"},{\"@type\":\"ListItem\",\"position\":6,\"name\":\"Mekaaninen\",\"item\":\"https:\/\/viggobendz.dk\/fi\/vare-kategori\/laitteet\/lapiot\/powertilt\/mekaaninen\/\"},{\"@type\":\"ListItem\",\"position\":7,\"name\":\"Mekaaninen voimansiirto &#8211; PTA 45 &#8211; MH30 kiinte\u00e4\"}]},{\"@type\":\"WebSite\",\"@id\":\"https:\/\/viggobendz.dk\/fi\/#website\",\"url\":\"https:\/\/viggobendz.dk\/fi\/\",\"name\":\"Viggo Bendz\",\"description\":\"Det ansvarlige valg\",\"publisher\":{\"@id\":\"https:\/\/viggobendz.dk\/fi\/#organization\"},\"potentialAction\":[{\"@type\":\"SearchAction\",\"target\":{\"@type\":\"EntryPoint\",\"urlTemplate\":\"https:\/\/viggobendz.dk\/fi\/?s={search_term_string}\"},\"query-input\":{\"@type\":\"PropertyValueSpecification\",\"valueRequired\":true,\"valueName\":\"search_term_string\"}}],\"inLanguage\":\"fi\"},{\"@type\":\"Organization\",\"@id\":\"https:\/\/viggobendz.dk\/fi\/#organization\",\"name\":\"Viggo Bendz A\/S\",\"url\":\"https:\/\/viggobendz.dk\/fi\/\",\"logo\":{\"@type\":\"ImageObject\",\"inLanguage\":\"fi\",\"@id\":\"https:\/\/viggobendz.dk\/fi\/#\/schema\/logo\/image\/\",\"url\":\"https:\/\/viggobendz.dk\/wp-content\/uploads\/2020\/03\/VB-Logo.png\",\"contentUrl\":\"https:\/\/viggobendz.dk\/wp-content\/uploads\/2020\/03\/VB-Logo.png\",\"width\":735,\"height\":776,\"caption\":\"Viggo Bendz A\/S\"},\"image\":{\"@id\":\"https:\/\/viggobendz.dk\/fi\/#\/schema\/logo\/image\/\"}}]}<\/script>","yoast_head_json":{"title":"Mekaaninen voimansiirto - PTA 45 - MH30 kiinte\u00e4 - Viggo Bendz","robots":{"index":"index","follow":"follow","max-snippet":"max-snippet:-1","max-image-preview":"max-image-preview:large","max-video-preview":"max-video-preview:-1"},"canonical":"https:\/\/viggobendz.dk\/fi\/butik\/laitteet\/lapiot\/powertilt\/mekaaninen\/mekaaninen-voimansiirto-pta-45-mh30-kiinteae\/","og_locale":"fi_FI","og_type":"article","og_title":"Mekaaninen voimansiirto - PTA 45 - MH30 kiinte\u00e4 - Viggo Bendz","og_description":"Powertilt","og_url":"https:\/\/viggobendz.dk\/fi\/butik\/laitteet\/lapiot\/powertilt\/mekaaninen\/mekaaninen-voimansiirto-pta-45-mh30-kiinteae\/","og_site_name":"Viggo Bendz","og_image":[{"width":600,"height":600,"url":"https:\/\/viggobendz.dk\/wp-content\/uploads\/2025\/02\/Powertilt-hurtigtskifte-Photoroom.png","type":"image\/png"}],"twitter_card":"summary_large_image","twitter_misc":{"Arvioitu lukuaika":"1 minuutti"},"schema":{"@context":"https:\/\/schema.org","@graph":[{"@type":"WebPage","@id":"https:\/\/viggobendz.dk\/fi\/butik\/laitteet\/lapiot\/powertilt\/mekaaninen\/mekaaninen-voimansiirto-pta-45-mh30-kiinteae\/","url":"https:\/\/viggobendz.dk\/fi\/butik\/laitteet\/lapiot\/powertilt\/mekaaninen\/mekaaninen-voimansiirto-pta-45-mh30-kiinteae\/","name":"Mekaaninen voimansiirto - PTA 45 - MH30 kiinte\u00e4 - Viggo Bendz","isPartOf":{"@id":"https:\/\/viggobendz.dk\/fi\/#website"},"primaryImageOfPage":{"@id":"https:\/\/viggobendz.dk\/fi\/butik\/laitteet\/lapiot\/powertilt\/mekaaninen\/mekaaninen-voimansiirto-pta-45-mh30-kiinteae\/#primaryimage"},"image":{"@id":"https:\/\/viggobendz.dk\/fi\/butik\/laitteet\/lapiot\/powertilt\/mekaaninen\/mekaaninen-voimansiirto-pta-45-mh30-kiinteae\/#primaryimage"},"thumbnailUrl":"https:\/\/viggobendz.dk\/wp-content\/uploads\/2025\/02\/Powertilt-hurtigtskifte-Photoroom.png","datePublished":"2025-03-11T06:52:25+00:00","breadcrumb":{"@id":"https:\/\/viggobendz.dk\/fi\/butik\/laitteet\/lapiot\/powertilt\/mekaaninen\/mekaaninen-voimansiirto-pta-45-mh30-kiinteae\/#breadcrumb"},"inLanguage":"fi","potentialAction":[{"@type":"ReadAction","target":["https:\/\/viggobendz.dk\/fi\/butik\/laitteet\/lapiot\/powertilt\/mekaaninen\/mekaaninen-voimansiirto-pta-45-mh30-kiinteae\/"]}]},{"@type":"ImageObject","inLanguage":"fi","@id":"https:\/\/viggobendz.dk\/fi\/butik\/laitteet\/lapiot\/powertilt\/mekaaninen\/mekaaninen-voimansiirto-pta-45-mh30-kiinteae\/#primaryimage","url":"https:\/\/viggobendz.dk\/wp-content\/uploads\/2025\/02\/Powertilt-hurtigtskifte-Photoroom.png","contentUrl":"https:\/\/viggobendz.dk\/wp-content\/uploads\/2025\/02\/Powertilt-hurtigtskifte-Photoroom.png","width":600,"height":600},{"@type":"BreadcrumbList","@id":"https:\/\/viggobendz.dk\/fi\/butik\/laitteet\/lapiot\/powertilt\/mekaaninen\/mekaaninen-voimansiirto-pta-45-mh30-kiinteae\/#breadcrumb","itemListElement":[{"@type":"ListItem","position":1,"name":"Hjem","item":"https:\/\/viggobendz.dk\/fi\/kotisivu\/"},{"@type":"ListItem","position":2,"name":"Shop","item":"https:\/\/viggobendz.dk\/butik\/"},{"@type":"ListItem","position":3,"name":"Laitteet","item":"https:\/\/viggobendz.dk\/fi\/vare-kategori\/laitteet\/"},{"@type":"ListItem","position":4,"name":"Lapiot","item":"https:\/\/viggobendz.dk\/fi\/vare-kategori\/laitteet\/lapiot\/"},{"@type":"ListItem","position":5,"name":"Powertilt","item":"https:\/\/viggobendz.dk\/fi\/vare-kategori\/laitteet\/lapiot\/powertilt\/"},{"@type":"ListItem","position":6,"name":"Mekaaninen","item":"https:\/\/viggobendz.dk\/fi\/vare-kategori\/laitteet\/lapiot\/powertilt\/mekaaninen\/"},{"@type":"ListItem","position":7,"name":"Mekaaninen voimansiirto &#8211; PTA 45 &#8211; MH30 kiinte\u00e4"}]},{"@type":"WebSite","@id":"https:\/\/viggobendz.dk\/fi\/#website","url":"https:\/\/viggobendz.dk\/fi\/","name":"Viggo Bendz","description":"Det ansvarlige valg","publisher":{"@id":"https:\/\/viggobendz.dk\/fi\/#organization"},"potentialAction":[{"@type":"SearchAction","target":{"@type":"EntryPoint","urlTemplate":"https:\/\/viggobendz.dk\/fi\/?s={search_term_string}"},"query-input":{"@type":"PropertyValueSpecification","valueRequired":true,"valueName":"search_term_string"}}],"inLanguage":"fi"},{"@type":"Organization","@id":"https:\/\/viggobendz.dk\/fi\/#organization","name":"Viggo Bendz A\/S","url":"https:\/\/viggobendz.dk\/fi\/","logo":{"@type":"ImageObject","inLanguage":"fi","@id":"https:\/\/viggobendz.dk\/fi\/#\/schema\/logo\/image\/","url":"https:\/\/viggobendz.dk\/wp-content\/uploads\/2020\/03\/VB-Logo.png","contentUrl":"https:\/\/viggobendz.dk\/wp-content\/uploads\/2020\/03\/VB-Logo.png","width":735,"height":776,"caption":"Viggo Bendz A\/S"},"image":{"@id":"https:\/\/viggobendz.dk\/fi\/#\/schema\/logo\/image\/"}}]}},"_links":{"self":[{"href":"https:\/\/viggobendz.dk\/fi\/wp-json\/wp\/v2\/product\/25681","targetHints":{"allow":["GET"]}}],"collection":[{"href":"https:\/\/viggobendz.dk\/fi\/wp-json\/wp\/v2\/product"}],"about":[{"href":"https:\/\/viggobendz.dk\/fi\/wp-json\/wp\/v2\/types\/product"}],"wp:featuredmedia":[{"embeddable":true,"href":"https:\/\/viggobendz.dk\/fi\/wp-json\/wp\/v2\/media\/11919"}],"wp:attachment":[{"href":"https:\/\/viggobendz.dk\/fi\/wp-json\/wp\/v2\/media?parent=25681"}],"wp:term":[{"taxonomy":"product_brand","embeddable":true,"href":"https:\/\/viggobendz.dk\/fi\/wp-json\/wp\/v2\/product_brand?post=25681"},{"taxonomy":"product_cat","embeddable":true,"href":"https:\/\/viggobendz.dk\/fi\/wp-json\/wp\/v2\/product_cat?post=25681"},{"taxonomy":"product_tag","embeddable":true,"href":"https:\/\/viggobendz.dk\/fi\/wp-json\/wp\/v2\/product_tag?post=25681"}],"curies":[{"name":"wp","href":"https:\/\/api.w.org\/{rel}","templated":true}]}}