{"id":25688,"date":"2025-03-11T07:52:25","date_gmt":"2025-03-11T06:52:25","guid":{"rendered":"https:\/\/viggobendz.dk\/butik\/Ei-luokiteltu\/puoliautomaattinen-powertilt-pta-45-s30-150-kiinteae\/"},"modified":"2025-03-11T07:52:25","modified_gmt":"2025-03-11T06:52:25","slug":"puoliautomaattinen-powertilt-pta-45-s30-150-kiinteae","status":"publish","type":"product","link":"https:\/\/viggobendz.dk\/fi\/butik\/laitteet\/lapiot\/powertilt\/puoliautomaattinen\/puoliautomaattinen-powertilt-pta-45-s30-150-kiinteae\/","title":{"rendered":"Puoliautomaattinen Powertilt &#8211; PTA 45 &#8211; S30-150 kiinte\u00e4"},"content":{"rendered":"<p data-start=\"0\" data-end=\"60\"><strong data-start=\"0\" data-end=\"58\">Puoliautomaattinen Powertilt &#8211; Joustavuutta ja tehokkuutta kaivamiseen.<\/strong><\/p>\n<p data-start=\"61\" data-end=\"200\">Puoliautomaattinen s\u00e4hk\u00f6inen kallistus antaa urakoitsijoille k\u00e4tev\u00e4n ratkaisun kauhan kulman s\u00e4\u00e4t\u00e4miseen ilman t\u00e4ytt\u00e4 hydraulista ohjausta. Pikalukitusj\u00e4rjestelm\u00e4n avulla kauha voidaan k\u00e4\u00e4nt\u00e4\u00e4 ja lukita haluttuun asentoon manuaalisesti, mik\u00e4 helpottaa ty\u00f6skentely\u00e4 rinteiss\u00e4, ojissa ja muissa haastavissa maastoissa. Vankka rakenne takaa pitk\u00e4n k\u00e4ytt\u00f6i\u00e4n ja luotettavuuden vaativissa olosuhteissa.  <\/p>\n<ul>\n<li data-start=\"201\" data-end=\"260\"><strong data-start=\"201\" data-end=\"259\">Helppo s\u00e4\u00e4t\u00f6<\/strong> &#8211; Pikalukitusj\u00e4rjestelm\u00e4n ansiosta kauhan kulmaa on helppo muuttaa.<\/li>\n<li data-start=\"261\" data-end=\"320\"><strong data-start=\"261\" data-end=\"319\">Lis\u00e4\u00e4ntynyt joustavuus<\/strong> &#8211; mahdollisuus mukauttaa kauha tarkasti erilaisiin sovelluksiin.<\/li>\n<li data-start=\"321\" data-end=\"380\"><strong data-start=\"321\" data-end=\"379\">Kest\u00e4v\u00e4 rakenne<\/strong> &#8211; Valmistettu lujatekoisesta ter\u00e4ksest\u00e4, joka takaa maksimaalisen kest\u00e4vyyden ja minimaalisen huollon.<\/li>\n<\/ul>\n<p data-start=\"381\" data-end=\"440\">Puoliautomaattisen maansiirtokoneen avulla saat luotettavan ja tehokkaan ratkaisun, joka parantaa koneesi monipuolisuutta ja optimoi kaivuty\u00f6t.<\/p>\n","protected":false},"excerpt":{"rendered":"<p>Powertilt<\/p>\n","protected":false},"featured_media":11919,"template":"","meta":{"_acf_changed":false},"product_brand":[],"product_cat":[2606,3601,4948,4982],"product_tag":[],"class_list":{"0":"post-25688","1":"product","2":"type-product","3":"status-publish","4":"has-post-thumbnail","6":"product_cat-laitteet","7":"product_cat-lapiot","8":"product_cat-powertilt","9":"product_cat-puoliautomaattinen","10":"pa_type-2-cp-pta45-s-auto-s30-150","12":"first","13":"instock","14":"taxable","15":"shipping-taxable","16":"purchasable","17":"product-type-simple"},"acf":[],"yoast_head":"<title>Puoliautomaattinen Powertilt - PTA 45 - S30-150 kiinte\u00e4 - Viggo Bendz<\/title>\n<meta name=\"robots\" content=\"index, follow, max-snippet:-1, max-image-preview:large, max-video-preview:-1\" \/>\n<link rel=\"canonical\" href=\"https:\/\/viggobendz.dk\/fi\/butik\/laitteet\/lapiot\/powertilt\/puoliautomaattinen\/puoliautomaattinen-powertilt-pta-45-s30-150-kiinteae\/\" \/>\n<meta property=\"og:locale\" content=\"fi_FI\" \/>\n<meta property=\"og:type\" content=\"article\" \/>\n<meta property=\"og:title\" content=\"Puoliautomaattinen Powertilt - PTA 45 - S30-150 kiinte\u00e4 - Viggo Bendz\" \/>\n<meta property=\"og:description\" content=\"Powertilt\" \/>\n<meta property=\"og:url\" content=\"https:\/\/viggobendz.dk\/fi\/butik\/laitteet\/lapiot\/powertilt\/puoliautomaattinen\/puoliautomaattinen-powertilt-pta-45-s30-150-kiinteae\/\" \/>\n<meta property=\"og:site_name\" content=\"Viggo Bendz\" \/>\n<meta property=\"og:image\" content=\"https:\/\/viggobendz.dk\/wp-content\/uploads\/2025\/02\/Powertilt-hurtigtskifte-Photoroom.png\" \/>\n\t<meta property=\"og:image:width\" content=\"600\" \/>\n\t<meta property=\"og:image:height\" content=\"600\" \/>\n\t<meta property=\"og:image:type\" content=\"image\/png\" \/>\n<meta name=\"twitter:card\" content=\"summary_large_image\" \/>\n<meta name=\"twitter:label1\" content=\"Arvioitu lukuaika\" \/>\n\t<meta name=\"twitter:data1\" content=\"1 minuutti\" \/>\n<script type=\"application\/ld+json\" class=\"yoast-schema-graph\">{\"@context\":\"https:\/\/schema.org\",\"@graph\":[{\"@type\":\"WebPage\",\"@id\":\"https:\/\/viggobendz.dk\/fi\/butik\/laitteet\/lapiot\/powertilt\/puoliautomaattinen\/puoliautomaattinen-powertilt-pta-45-s30-150-kiinteae\/\",\"url\":\"https:\/\/viggobendz.dk\/fi\/butik\/laitteet\/lapiot\/powertilt\/puoliautomaattinen\/puoliautomaattinen-powertilt-pta-45-s30-150-kiinteae\/\",\"name\":\"Puoliautomaattinen Powertilt - PTA 45 - S30-150 kiinte\u00e4 - Viggo Bendz\",\"isPartOf\":{\"@id\":\"https:\/\/viggobendz.dk\/fi\/#website\"},\"primaryImageOfPage\":{\"@id\":\"https:\/\/viggobendz.dk\/fi\/butik\/laitteet\/lapiot\/powertilt\/puoliautomaattinen\/puoliautomaattinen-powertilt-pta-45-s30-150-kiinteae\/#primaryimage\"},\"image\":{\"@id\":\"https:\/\/viggobendz.dk\/fi\/butik\/laitteet\/lapiot\/powertilt\/puoliautomaattinen\/puoliautomaattinen-powertilt-pta-45-s30-150-kiinteae\/#primaryimage\"},\"thumbnailUrl\":\"https:\/\/viggobendz.dk\/wp-content\/uploads\/2025\/02\/Powertilt-hurtigtskifte-Photoroom.png\",\"datePublished\":\"2025-03-11T06:52:25+00:00\",\"breadcrumb\":{\"@id\":\"https:\/\/viggobendz.dk\/fi\/butik\/laitteet\/lapiot\/powertilt\/puoliautomaattinen\/puoliautomaattinen-powertilt-pta-45-s30-150-kiinteae\/#breadcrumb\"},\"inLanguage\":\"fi\",\"potentialAction\":[{\"@type\":\"ReadAction\",\"target\":[\"https:\/\/viggobendz.dk\/fi\/butik\/laitteet\/lapiot\/powertilt\/puoliautomaattinen\/puoliautomaattinen-powertilt-pta-45-s30-150-kiinteae\/\"]}]},{\"@type\":\"ImageObject\",\"inLanguage\":\"fi\",\"@id\":\"https:\/\/viggobendz.dk\/fi\/butik\/laitteet\/lapiot\/powertilt\/puoliautomaattinen\/puoliautomaattinen-powertilt-pta-45-s30-150-kiinteae\/#primaryimage\",\"url\":\"https:\/\/viggobendz.dk\/wp-content\/uploads\/2025\/02\/Powertilt-hurtigtskifte-Photoroom.png\",\"contentUrl\":\"https:\/\/viggobendz.dk\/wp-content\/uploads\/2025\/02\/Powertilt-hurtigtskifte-Photoroom.png\",\"width\":600,\"height\":600},{\"@type\":\"BreadcrumbList\",\"@id\":\"https:\/\/viggobendz.dk\/fi\/butik\/laitteet\/lapiot\/powertilt\/puoliautomaattinen\/puoliautomaattinen-powertilt-pta-45-s30-150-kiinteae\/#breadcrumb\",\"itemListElement\":[{\"@type\":\"ListItem\",\"position\":1,\"name\":\"Hjem\",\"item\":\"https:\/\/viggobendz.dk\/fi\/kotisivu\/\"},{\"@type\":\"ListItem\",\"position\":2,\"name\":\"Shop\",\"item\":\"https:\/\/viggobendz.dk\/butik\/\"},{\"@type\":\"ListItem\",\"position\":3,\"name\":\"Laitteet\",\"item\":\"https:\/\/viggobendz.dk\/fi\/vare-kategori\/laitteet\/\"},{\"@type\":\"ListItem\",\"position\":4,\"name\":\"Lapiot\",\"item\":\"https:\/\/viggobendz.dk\/fi\/vare-kategori\/laitteet\/lapiot\/\"},{\"@type\":\"ListItem\",\"position\":5,\"name\":\"Powertilt\",\"item\":\"https:\/\/viggobendz.dk\/fi\/vare-kategori\/laitteet\/lapiot\/powertilt\/\"},{\"@type\":\"ListItem\",\"position\":6,\"name\":\"Puoliautomaattinen\",\"item\":\"https:\/\/viggobendz.dk\/fi\/vare-kategori\/laitteet\/lapiot\/powertilt\/puoliautomaattinen\/\"},{\"@type\":\"ListItem\",\"position\":7,\"name\":\"Puoliautomaattinen Powertilt &#8211; PTA 45 &#8211; S30-150 kiinte\u00e4\"}]},{\"@type\":\"WebSite\",\"@id\":\"https:\/\/viggobendz.dk\/fi\/#website\",\"url\":\"https:\/\/viggobendz.dk\/fi\/\",\"name\":\"Viggo Bendz\",\"description\":\"Det ansvarlige valg\",\"publisher\":{\"@id\":\"https:\/\/viggobendz.dk\/fi\/#organization\"},\"potentialAction\":[{\"@type\":\"SearchAction\",\"target\":{\"@type\":\"EntryPoint\",\"urlTemplate\":\"https:\/\/viggobendz.dk\/fi\/?s={search_term_string}\"},\"query-input\":{\"@type\":\"PropertyValueSpecification\",\"valueRequired\":true,\"valueName\":\"search_term_string\"}}],\"inLanguage\":\"fi\"},{\"@type\":\"Organization\",\"@id\":\"https:\/\/viggobendz.dk\/fi\/#organization\",\"name\":\"Viggo Bendz A\/S\",\"url\":\"https:\/\/viggobendz.dk\/fi\/\",\"logo\":{\"@type\":\"ImageObject\",\"inLanguage\":\"fi\",\"@id\":\"https:\/\/viggobendz.dk\/fi\/#\/schema\/logo\/image\/\",\"url\":\"https:\/\/viggobendz.dk\/wp-content\/uploads\/2020\/03\/VB-Logo.png\",\"contentUrl\":\"https:\/\/viggobendz.dk\/wp-content\/uploads\/2020\/03\/VB-Logo.png\",\"width\":735,\"height\":776,\"caption\":\"Viggo Bendz A\/S\"},\"image\":{\"@id\":\"https:\/\/viggobendz.dk\/fi\/#\/schema\/logo\/image\/\"}}]}<\/script>","yoast_head_json":{"title":"Puoliautomaattinen Powertilt - PTA 45 - S30-150 kiinte\u00e4 - Viggo Bendz","robots":{"index":"index","follow":"follow","max-snippet":"max-snippet:-1","max-image-preview":"max-image-preview:large","max-video-preview":"max-video-preview:-1"},"canonical":"https:\/\/viggobendz.dk\/fi\/butik\/laitteet\/lapiot\/powertilt\/puoliautomaattinen\/puoliautomaattinen-powertilt-pta-45-s30-150-kiinteae\/","og_locale":"fi_FI","og_type":"article","og_title":"Puoliautomaattinen Powertilt - PTA 45 - S30-150 kiinte\u00e4 - Viggo Bendz","og_description":"Powertilt","og_url":"https:\/\/viggobendz.dk\/fi\/butik\/laitteet\/lapiot\/powertilt\/puoliautomaattinen\/puoliautomaattinen-powertilt-pta-45-s30-150-kiinteae\/","og_site_name":"Viggo Bendz","og_image":[{"width":600,"height":600,"url":"https:\/\/viggobendz.dk\/wp-content\/uploads\/2025\/02\/Powertilt-hurtigtskifte-Photoroom.png","type":"image\/png"}],"twitter_card":"summary_large_image","twitter_misc":{"Arvioitu lukuaika":"1 minuutti"},"schema":{"@context":"https:\/\/schema.org","@graph":[{"@type":"WebPage","@id":"https:\/\/viggobendz.dk\/fi\/butik\/laitteet\/lapiot\/powertilt\/puoliautomaattinen\/puoliautomaattinen-powertilt-pta-45-s30-150-kiinteae\/","url":"https:\/\/viggobendz.dk\/fi\/butik\/laitteet\/lapiot\/powertilt\/puoliautomaattinen\/puoliautomaattinen-powertilt-pta-45-s30-150-kiinteae\/","name":"Puoliautomaattinen Powertilt - PTA 45 - S30-150 kiinte\u00e4 - Viggo Bendz","isPartOf":{"@id":"https:\/\/viggobendz.dk\/fi\/#website"},"primaryImageOfPage":{"@id":"https:\/\/viggobendz.dk\/fi\/butik\/laitteet\/lapiot\/powertilt\/puoliautomaattinen\/puoliautomaattinen-powertilt-pta-45-s30-150-kiinteae\/#primaryimage"},"image":{"@id":"https:\/\/viggobendz.dk\/fi\/butik\/laitteet\/lapiot\/powertilt\/puoliautomaattinen\/puoliautomaattinen-powertilt-pta-45-s30-150-kiinteae\/#primaryimage"},"thumbnailUrl":"https:\/\/viggobendz.dk\/wp-content\/uploads\/2025\/02\/Powertilt-hurtigtskifte-Photoroom.png","datePublished":"2025-03-11T06:52:25+00:00","breadcrumb":{"@id":"https:\/\/viggobendz.dk\/fi\/butik\/laitteet\/lapiot\/powertilt\/puoliautomaattinen\/puoliautomaattinen-powertilt-pta-45-s30-150-kiinteae\/#breadcrumb"},"inLanguage":"fi","potentialAction":[{"@type":"ReadAction","target":["https:\/\/viggobendz.dk\/fi\/butik\/laitteet\/lapiot\/powertilt\/puoliautomaattinen\/puoliautomaattinen-powertilt-pta-45-s30-150-kiinteae\/"]}]},{"@type":"ImageObject","inLanguage":"fi","@id":"https:\/\/viggobendz.dk\/fi\/butik\/laitteet\/lapiot\/powertilt\/puoliautomaattinen\/puoliautomaattinen-powertilt-pta-45-s30-150-kiinteae\/#primaryimage","url":"https:\/\/viggobendz.dk\/wp-content\/uploads\/2025\/02\/Powertilt-hurtigtskifte-Photoroom.png","contentUrl":"https:\/\/viggobendz.dk\/wp-content\/uploads\/2025\/02\/Powertilt-hurtigtskifte-Photoroom.png","width":600,"height":600},{"@type":"BreadcrumbList","@id":"https:\/\/viggobendz.dk\/fi\/butik\/laitteet\/lapiot\/powertilt\/puoliautomaattinen\/puoliautomaattinen-powertilt-pta-45-s30-150-kiinteae\/#breadcrumb","itemListElement":[{"@type":"ListItem","position":1,"name":"Hjem","item":"https:\/\/viggobendz.dk\/fi\/kotisivu\/"},{"@type":"ListItem","position":2,"name":"Shop","item":"https:\/\/viggobendz.dk\/butik\/"},{"@type":"ListItem","position":3,"name":"Laitteet","item":"https:\/\/viggobendz.dk\/fi\/vare-kategori\/laitteet\/"},{"@type":"ListItem","position":4,"name":"Lapiot","item":"https:\/\/viggobendz.dk\/fi\/vare-kategori\/laitteet\/lapiot\/"},{"@type":"ListItem","position":5,"name":"Powertilt","item":"https:\/\/viggobendz.dk\/fi\/vare-kategori\/laitteet\/lapiot\/powertilt\/"},{"@type":"ListItem","position":6,"name":"Puoliautomaattinen","item":"https:\/\/viggobendz.dk\/fi\/vare-kategori\/laitteet\/lapiot\/powertilt\/puoliautomaattinen\/"},{"@type":"ListItem","position":7,"name":"Puoliautomaattinen Powertilt &#8211; PTA 45 &#8211; S30-150 kiinte\u00e4"}]},{"@type":"WebSite","@id":"https:\/\/viggobendz.dk\/fi\/#website","url":"https:\/\/viggobendz.dk\/fi\/","name":"Viggo Bendz","description":"Det ansvarlige valg","publisher":{"@id":"https:\/\/viggobendz.dk\/fi\/#organization"},"potentialAction":[{"@type":"SearchAction","target":{"@type":"EntryPoint","urlTemplate":"https:\/\/viggobendz.dk\/fi\/?s={search_term_string}"},"query-input":{"@type":"PropertyValueSpecification","valueRequired":true,"valueName":"search_term_string"}}],"inLanguage":"fi"},{"@type":"Organization","@id":"https:\/\/viggobendz.dk\/fi\/#organization","name":"Viggo Bendz A\/S","url":"https:\/\/viggobendz.dk\/fi\/","logo":{"@type":"ImageObject","inLanguage":"fi","@id":"https:\/\/viggobendz.dk\/fi\/#\/schema\/logo\/image\/","url":"https:\/\/viggobendz.dk\/wp-content\/uploads\/2020\/03\/VB-Logo.png","contentUrl":"https:\/\/viggobendz.dk\/wp-content\/uploads\/2020\/03\/VB-Logo.png","width":735,"height":776,"caption":"Viggo Bendz A\/S"},"image":{"@id":"https:\/\/viggobendz.dk\/fi\/#\/schema\/logo\/image\/"}}]}},"_links":{"self":[{"href":"https:\/\/viggobendz.dk\/fi\/wp-json\/wp\/v2\/product\/25688","targetHints":{"allow":["GET"]}}],"collection":[{"href":"https:\/\/viggobendz.dk\/fi\/wp-json\/wp\/v2\/product"}],"about":[{"href":"https:\/\/viggobendz.dk\/fi\/wp-json\/wp\/v2\/types\/product"}],"wp:featuredmedia":[{"embeddable":true,"href":"https:\/\/viggobendz.dk\/fi\/wp-json\/wp\/v2\/media\/11919"}],"wp:attachment":[{"href":"https:\/\/viggobendz.dk\/fi\/wp-json\/wp\/v2\/media?parent=25688"}],"wp:term":[{"taxonomy":"product_brand","embeddable":true,"href":"https:\/\/viggobendz.dk\/fi\/wp-json\/wp\/v2\/product_brand?post=25688"},{"taxonomy":"product_cat","embeddable":true,"href":"https:\/\/viggobendz.dk\/fi\/wp-json\/wp\/v2\/product_cat?post=25688"},{"taxonomy":"product_tag","embeddable":true,"href":"https:\/\/viggobendz.dk\/fi\/wp-json\/wp\/v2\/product_tag?post=25688"}],"curies":[{"name":"wp","href":"https:\/\/api.w.org\/{rel}","templated":true}]}}