{"id":25755,"date":"2025-03-11T07:52:43","date_gmt":"2025-03-11T06:52:43","guid":{"rendered":"https:\/\/viggobendz.dk\/butik\/Ei-luokiteltu\/hydraulinen-voimansiirto-pta-050-mh50-kiinteae\/"},"modified":"2025-03-11T07:52:43","modified_gmt":"2025-03-11T06:52:43","slug":"hydraulinen-voimansiirto-pta-050-mh50-kiinteae","status":"publish","type":"product","link":"https:\/\/viggobendz.dk\/fi\/butik\/laitteet\/lapiot\/powertilt\/hydrauliikka\/hydraulinen-voimansiirto-pta-050-mh50-kiinteae\/","title":{"rendered":"Hydraulinen voimansiirto &#8211; PTA 050 &#8211; MH50 kiinte\u00e4"},"content":{"rendered":"<p data-start=\"0\" data-end=\"60\"><strong data-start=\"0\" data-end=\"58\">Hydraulinen Powertilt &#8211; Suurin mahdollinen tarkkuus ja joustavuus kaivut\u00f6iss\u00e4.<\/strong><\/p>\n<p data-start=\"61\" data-end=\"200\">Hydraulinen voimakallistin on ihanteellinen ratkaisu urakoitsijoille, jotka haluavat t\u00e4yden hallinnan ja joustavuuden kaivut\u00f6iss\u00e4\u00e4n. Tehokkaan hydraulisen kallistusmekanismin avulla kauhaa voidaan kallistaa tarkasti jopa 180\u00b0, mik\u00e4 helpottaa ty\u00f6skentely\u00e4 rinteiss\u00e4, ojissa ja muissa monimutkaisissa maastoissa. Kest\u00e4v\u00e4 rakenne takaa pitk\u00e4n k\u00e4ytt\u00f6i\u00e4n ja korkean luotettavuuden vaativimmissakin olosuhteissa.  <\/p>\n<ul>\n<li data-start=\"201\" data-end=\"260\"><strong data-start=\"201\" data-end=\"259\">Maksimaalinen liikkuvuus<\/strong> &#8211; Jopa 180\u00b0 hydraulinen kallistus tarkkaa asemointia varten.<\/li>\n<li data-start=\"261\" data-end=\"320\"><strong data-start=\"261\" data-end=\"319\">Lis\u00e4\u00e4ntynyt tehokkuus<\/strong> &#8211; V\u00e4hent\u00e4\u00e4 koneen s\u00e4\u00e4t\u00f6tarvetta ja s\u00e4\u00e4st\u00e4\u00e4 aikaa teht\u00e4viin.<\/li>\n<li data-start=\"321\" data-end=\"380\"><strong data-start=\"321\" data-end=\"379\">Kest\u00e4v\u00e4 ja vankka<\/strong> &#8211; Valmistettu lujatekoisesta ter\u00e4ksest\u00e4 maksimaalisen kest\u00e4vyyden ja luotettavuuden takaamiseksi.<\/li>\n<\/ul>\n<p data-start=\"381\" data-end=\"440\">Hydraulisella jyrsimell\u00e4 saat monipuolisen ja luotettavan ratkaisun, joka optimoi koneesi toiminnot ja parantaa tuottavuutta ty\u00f6maalla.<\/p>\n","protected":false},"excerpt":{"rendered":"<p>Powertilt<\/p>\n","protected":false},"featured_media":11919,"template":"","meta":{"_acf_changed":false},"product_brand":[],"product_cat":[4999,2606,3601,4948],"product_tag":[],"class_list":{"0":"post-25755","1":"product","2":"type-product","3":"status-publish","4":"has-post-thumbnail","6":"product_cat-hydrauliikka","7":"product_cat-laitteet","8":"product_cat-lapiot","9":"product_cat-powertilt","10":"pa_type-2-cp-pta050-hv-mh50","12":"first","13":"instock","14":"taxable","15":"shipping-taxable","16":"purchasable","17":"product-type-simple"},"acf":[],"yoast_head":"<title>Hydraulinen voimansiirto - PTA 050 - MH50 kiinte\u00e4 - Viggo Bendz<\/title>\n<meta name=\"robots\" content=\"index, follow, max-snippet:-1, max-image-preview:large, max-video-preview:-1\" \/>\n<link rel=\"canonical\" href=\"https:\/\/viggobendz.dk\/fi\/butik\/laitteet\/lapiot\/powertilt\/hydrauliikka\/hydraulinen-voimansiirto-pta-050-mh50-kiinteae\/\" \/>\n<meta property=\"og:locale\" content=\"fi_FI\" \/>\n<meta property=\"og:type\" content=\"article\" \/>\n<meta property=\"og:title\" content=\"Hydraulinen voimansiirto - PTA 050 - MH50 kiinte\u00e4 - Viggo Bendz\" \/>\n<meta property=\"og:description\" content=\"Powertilt\" \/>\n<meta property=\"og:url\" content=\"https:\/\/viggobendz.dk\/fi\/butik\/laitteet\/lapiot\/powertilt\/hydrauliikka\/hydraulinen-voimansiirto-pta-050-mh50-kiinteae\/\" \/>\n<meta property=\"og:site_name\" content=\"Viggo Bendz\" \/>\n<meta property=\"og:image\" content=\"https:\/\/viggobendz.dk\/wp-content\/uploads\/2025\/02\/Powertilt-hurtigtskifte-Photoroom.png\" \/>\n\t<meta property=\"og:image:width\" content=\"600\" \/>\n\t<meta property=\"og:image:height\" content=\"600\" \/>\n\t<meta property=\"og:image:type\" content=\"image\/png\" \/>\n<meta name=\"twitter:card\" content=\"summary_large_image\" \/>\n<meta name=\"twitter:label1\" content=\"Arvioitu lukuaika\" \/>\n\t<meta name=\"twitter:data1\" content=\"1 minuutti\" \/>\n<script type=\"application\/ld+json\" class=\"yoast-schema-graph\">{\"@context\":\"https:\/\/schema.org\",\"@graph\":[{\"@type\":\"WebPage\",\"@id\":\"https:\/\/viggobendz.dk\/fi\/butik\/laitteet\/lapiot\/powertilt\/hydrauliikka\/hydraulinen-voimansiirto-pta-050-mh50-kiinteae\/\",\"url\":\"https:\/\/viggobendz.dk\/fi\/butik\/laitteet\/lapiot\/powertilt\/hydrauliikka\/hydraulinen-voimansiirto-pta-050-mh50-kiinteae\/\",\"name\":\"Hydraulinen voimansiirto - PTA 050 - MH50 kiinte\u00e4 - Viggo Bendz\",\"isPartOf\":{\"@id\":\"https:\/\/viggobendz.dk\/fi\/#website\"},\"primaryImageOfPage\":{\"@id\":\"https:\/\/viggobendz.dk\/fi\/butik\/laitteet\/lapiot\/powertilt\/hydrauliikka\/hydraulinen-voimansiirto-pta-050-mh50-kiinteae\/#primaryimage\"},\"image\":{\"@id\":\"https:\/\/viggobendz.dk\/fi\/butik\/laitteet\/lapiot\/powertilt\/hydrauliikka\/hydraulinen-voimansiirto-pta-050-mh50-kiinteae\/#primaryimage\"},\"thumbnailUrl\":\"https:\/\/viggobendz.dk\/wp-content\/uploads\/2025\/02\/Powertilt-hurtigtskifte-Photoroom.png\",\"datePublished\":\"2025-03-11T06:52:43+00:00\",\"breadcrumb\":{\"@id\":\"https:\/\/viggobendz.dk\/fi\/butik\/laitteet\/lapiot\/powertilt\/hydrauliikka\/hydraulinen-voimansiirto-pta-050-mh50-kiinteae\/#breadcrumb\"},\"inLanguage\":\"fi\",\"potentialAction\":[{\"@type\":\"ReadAction\",\"target\":[\"https:\/\/viggobendz.dk\/fi\/butik\/laitteet\/lapiot\/powertilt\/hydrauliikka\/hydraulinen-voimansiirto-pta-050-mh50-kiinteae\/\"]}]},{\"@type\":\"ImageObject\",\"inLanguage\":\"fi\",\"@id\":\"https:\/\/viggobendz.dk\/fi\/butik\/laitteet\/lapiot\/powertilt\/hydrauliikka\/hydraulinen-voimansiirto-pta-050-mh50-kiinteae\/#primaryimage\",\"url\":\"https:\/\/viggobendz.dk\/wp-content\/uploads\/2025\/02\/Powertilt-hurtigtskifte-Photoroom.png\",\"contentUrl\":\"https:\/\/viggobendz.dk\/wp-content\/uploads\/2025\/02\/Powertilt-hurtigtskifte-Photoroom.png\",\"width\":600,\"height\":600},{\"@type\":\"BreadcrumbList\",\"@id\":\"https:\/\/viggobendz.dk\/fi\/butik\/laitteet\/lapiot\/powertilt\/hydrauliikka\/hydraulinen-voimansiirto-pta-050-mh50-kiinteae\/#breadcrumb\",\"itemListElement\":[{\"@type\":\"ListItem\",\"position\":1,\"name\":\"Hjem\",\"item\":\"https:\/\/viggobendz.dk\/fi\/kotisivu\/\"},{\"@type\":\"ListItem\",\"position\":2,\"name\":\"Shop\",\"item\":\"https:\/\/viggobendz.dk\/butik\/\"},{\"@type\":\"ListItem\",\"position\":3,\"name\":\"Laitteet\",\"item\":\"https:\/\/viggobendz.dk\/fi\/vare-kategori\/laitteet\/\"},{\"@type\":\"ListItem\",\"position\":4,\"name\":\"Lapiot\",\"item\":\"https:\/\/viggobendz.dk\/fi\/vare-kategori\/laitteet\/lapiot\/\"},{\"@type\":\"ListItem\",\"position\":5,\"name\":\"Powertilt\",\"item\":\"https:\/\/viggobendz.dk\/fi\/vare-kategori\/laitteet\/lapiot\/powertilt\/\"},{\"@type\":\"ListItem\",\"position\":6,\"name\":\"Hydrauliikka\",\"item\":\"https:\/\/viggobendz.dk\/fi\/vare-kategori\/laitteet\/lapiot\/powertilt\/hydrauliikka\/\"},{\"@type\":\"ListItem\",\"position\":7,\"name\":\"Hydraulinen voimansiirto &#8211; PTA 050 &#8211; MH50 kiinte\u00e4\"}]},{\"@type\":\"WebSite\",\"@id\":\"https:\/\/viggobendz.dk\/fi\/#website\",\"url\":\"https:\/\/viggobendz.dk\/fi\/\",\"name\":\"Viggo Bendz\",\"description\":\"Det ansvarlige valg\",\"publisher\":{\"@id\":\"https:\/\/viggobendz.dk\/fi\/#organization\"},\"potentialAction\":[{\"@type\":\"SearchAction\",\"target\":{\"@type\":\"EntryPoint\",\"urlTemplate\":\"https:\/\/viggobendz.dk\/fi\/?s={search_term_string}\"},\"query-input\":{\"@type\":\"PropertyValueSpecification\",\"valueRequired\":true,\"valueName\":\"search_term_string\"}}],\"inLanguage\":\"fi\"},{\"@type\":\"Organization\",\"@id\":\"https:\/\/viggobendz.dk\/fi\/#organization\",\"name\":\"Viggo Bendz A\/S\",\"url\":\"https:\/\/viggobendz.dk\/fi\/\",\"logo\":{\"@type\":\"ImageObject\",\"inLanguage\":\"fi\",\"@id\":\"https:\/\/viggobendz.dk\/fi\/#\/schema\/logo\/image\/\",\"url\":\"https:\/\/viggobendz.dk\/wp-content\/uploads\/2020\/03\/VB-Logo.png\",\"contentUrl\":\"https:\/\/viggobendz.dk\/wp-content\/uploads\/2020\/03\/VB-Logo.png\",\"width\":735,\"height\":776,\"caption\":\"Viggo Bendz A\/S\"},\"image\":{\"@id\":\"https:\/\/viggobendz.dk\/fi\/#\/schema\/logo\/image\/\"}}]}<\/script>","yoast_head_json":{"title":"Hydraulinen voimansiirto - PTA 050 - MH50 kiinte\u00e4 - Viggo Bendz","robots":{"index":"index","follow":"follow","max-snippet":"max-snippet:-1","max-image-preview":"max-image-preview:large","max-video-preview":"max-video-preview:-1"},"canonical":"https:\/\/viggobendz.dk\/fi\/butik\/laitteet\/lapiot\/powertilt\/hydrauliikka\/hydraulinen-voimansiirto-pta-050-mh50-kiinteae\/","og_locale":"fi_FI","og_type":"article","og_title":"Hydraulinen voimansiirto - PTA 050 - MH50 kiinte\u00e4 - Viggo Bendz","og_description":"Powertilt","og_url":"https:\/\/viggobendz.dk\/fi\/butik\/laitteet\/lapiot\/powertilt\/hydrauliikka\/hydraulinen-voimansiirto-pta-050-mh50-kiinteae\/","og_site_name":"Viggo Bendz","og_image":[{"width":600,"height":600,"url":"https:\/\/viggobendz.dk\/wp-content\/uploads\/2025\/02\/Powertilt-hurtigtskifte-Photoroom.png","type":"image\/png"}],"twitter_card":"summary_large_image","twitter_misc":{"Arvioitu lukuaika":"1 minuutti"},"schema":{"@context":"https:\/\/schema.org","@graph":[{"@type":"WebPage","@id":"https:\/\/viggobendz.dk\/fi\/butik\/laitteet\/lapiot\/powertilt\/hydrauliikka\/hydraulinen-voimansiirto-pta-050-mh50-kiinteae\/","url":"https:\/\/viggobendz.dk\/fi\/butik\/laitteet\/lapiot\/powertilt\/hydrauliikka\/hydraulinen-voimansiirto-pta-050-mh50-kiinteae\/","name":"Hydraulinen voimansiirto - PTA 050 - MH50 kiinte\u00e4 - Viggo Bendz","isPartOf":{"@id":"https:\/\/viggobendz.dk\/fi\/#website"},"primaryImageOfPage":{"@id":"https:\/\/viggobendz.dk\/fi\/butik\/laitteet\/lapiot\/powertilt\/hydrauliikka\/hydraulinen-voimansiirto-pta-050-mh50-kiinteae\/#primaryimage"},"image":{"@id":"https:\/\/viggobendz.dk\/fi\/butik\/laitteet\/lapiot\/powertilt\/hydrauliikka\/hydraulinen-voimansiirto-pta-050-mh50-kiinteae\/#primaryimage"},"thumbnailUrl":"https:\/\/viggobendz.dk\/wp-content\/uploads\/2025\/02\/Powertilt-hurtigtskifte-Photoroom.png","datePublished":"2025-03-11T06:52:43+00:00","breadcrumb":{"@id":"https:\/\/viggobendz.dk\/fi\/butik\/laitteet\/lapiot\/powertilt\/hydrauliikka\/hydraulinen-voimansiirto-pta-050-mh50-kiinteae\/#breadcrumb"},"inLanguage":"fi","potentialAction":[{"@type":"ReadAction","target":["https:\/\/viggobendz.dk\/fi\/butik\/laitteet\/lapiot\/powertilt\/hydrauliikka\/hydraulinen-voimansiirto-pta-050-mh50-kiinteae\/"]}]},{"@type":"ImageObject","inLanguage":"fi","@id":"https:\/\/viggobendz.dk\/fi\/butik\/laitteet\/lapiot\/powertilt\/hydrauliikka\/hydraulinen-voimansiirto-pta-050-mh50-kiinteae\/#primaryimage","url":"https:\/\/viggobendz.dk\/wp-content\/uploads\/2025\/02\/Powertilt-hurtigtskifte-Photoroom.png","contentUrl":"https:\/\/viggobendz.dk\/wp-content\/uploads\/2025\/02\/Powertilt-hurtigtskifte-Photoroom.png","width":600,"height":600},{"@type":"BreadcrumbList","@id":"https:\/\/viggobendz.dk\/fi\/butik\/laitteet\/lapiot\/powertilt\/hydrauliikka\/hydraulinen-voimansiirto-pta-050-mh50-kiinteae\/#breadcrumb","itemListElement":[{"@type":"ListItem","position":1,"name":"Hjem","item":"https:\/\/viggobendz.dk\/fi\/kotisivu\/"},{"@type":"ListItem","position":2,"name":"Shop","item":"https:\/\/viggobendz.dk\/butik\/"},{"@type":"ListItem","position":3,"name":"Laitteet","item":"https:\/\/viggobendz.dk\/fi\/vare-kategori\/laitteet\/"},{"@type":"ListItem","position":4,"name":"Lapiot","item":"https:\/\/viggobendz.dk\/fi\/vare-kategori\/laitteet\/lapiot\/"},{"@type":"ListItem","position":5,"name":"Powertilt","item":"https:\/\/viggobendz.dk\/fi\/vare-kategori\/laitteet\/lapiot\/powertilt\/"},{"@type":"ListItem","position":6,"name":"Hydrauliikka","item":"https:\/\/viggobendz.dk\/fi\/vare-kategori\/laitteet\/lapiot\/powertilt\/hydrauliikka\/"},{"@type":"ListItem","position":7,"name":"Hydraulinen voimansiirto &#8211; PTA 050 &#8211; MH50 kiinte\u00e4"}]},{"@type":"WebSite","@id":"https:\/\/viggobendz.dk\/fi\/#website","url":"https:\/\/viggobendz.dk\/fi\/","name":"Viggo Bendz","description":"Det ansvarlige valg","publisher":{"@id":"https:\/\/viggobendz.dk\/fi\/#organization"},"potentialAction":[{"@type":"SearchAction","target":{"@type":"EntryPoint","urlTemplate":"https:\/\/viggobendz.dk\/fi\/?s={search_term_string}"},"query-input":{"@type":"PropertyValueSpecification","valueRequired":true,"valueName":"search_term_string"}}],"inLanguage":"fi"},{"@type":"Organization","@id":"https:\/\/viggobendz.dk\/fi\/#organization","name":"Viggo Bendz A\/S","url":"https:\/\/viggobendz.dk\/fi\/","logo":{"@type":"ImageObject","inLanguage":"fi","@id":"https:\/\/viggobendz.dk\/fi\/#\/schema\/logo\/image\/","url":"https:\/\/viggobendz.dk\/wp-content\/uploads\/2020\/03\/VB-Logo.png","contentUrl":"https:\/\/viggobendz.dk\/wp-content\/uploads\/2020\/03\/VB-Logo.png","width":735,"height":776,"caption":"Viggo Bendz A\/S"},"image":{"@id":"https:\/\/viggobendz.dk\/fi\/#\/schema\/logo\/image\/"}}]}},"_links":{"self":[{"href":"https:\/\/viggobendz.dk\/fi\/wp-json\/wp\/v2\/product\/25755","targetHints":{"allow":["GET"]}}],"collection":[{"href":"https:\/\/viggobendz.dk\/fi\/wp-json\/wp\/v2\/product"}],"about":[{"href":"https:\/\/viggobendz.dk\/fi\/wp-json\/wp\/v2\/types\/product"}],"wp:featuredmedia":[{"embeddable":true,"href":"https:\/\/viggobendz.dk\/fi\/wp-json\/wp\/v2\/media\/11919"}],"wp:attachment":[{"href":"https:\/\/viggobendz.dk\/fi\/wp-json\/wp\/v2\/media?parent=25755"}],"wp:term":[{"taxonomy":"product_brand","embeddable":true,"href":"https:\/\/viggobendz.dk\/fi\/wp-json\/wp\/v2\/product_brand?post=25755"},{"taxonomy":"product_cat","embeddable":true,"href":"https:\/\/viggobendz.dk\/fi\/wp-json\/wp\/v2\/product_cat?post=25755"},{"taxonomy":"product_tag","embeddable":true,"href":"https:\/\/viggobendz.dk\/fi\/wp-json\/wp\/v2\/product_tag?post=25755"}],"curies":[{"name":"wp","href":"https:\/\/api.w.org\/{rel}","templated":true}]}}