{"id":26120,"date":"2025-03-11T07:49:59","date_gmt":"2025-03-11T06:49:59","guid":{"rendered":"https:\/\/viggobendz.dk\/butik\/Ei-luokiteltu\/140-cm-2\/"},"modified":"2025-03-11T07:49:59","modified_gmt":"2025-03-11T06:49:59","slug":"140-cm-2","status":"publish","type":"product","link":"https:\/\/viggobendz.dk\/fi\/butik\/laitteet\/lapiot\/tasoituskauhat\/kanapatukka\/3-4-tonnia-4\/140-cm-2\/","title":{"rendered":"140 cm"},"content":{"rendered":"<p data-start=\"0\" data-end=\"60\"><strong data-start=\"0\" data-end=\"58\">CP-tasauskauhat &#8211; Tarkkuutta ja kest\u00e4vyytt\u00e4 tasaukseen ja hienojakoon<\/strong><\/p>\n<p data-start=\"61\" data-end=\"200\">CP-tasauskauhat on suunniteltu urakoitsijoille, jotka tarvitsevat tarkkaa ja tehokasta tasausta, tasausta ja maanmuokkausta. CP-tasoituskauhat, joissa on leve\u00e4 leikkuureuna ja vahva rakenne, takaavat optimaalisen maank\u00e4sittelyn ja tasaisen pinnan my\u00f6s ep\u00e4tasaisessa maastossa. <\/p>\n<ul>\n<li data-start=\"201\" data-end=\"260\"><strong data-start=\"201\" data-end=\"259\">Tarkka tasoitus<\/strong> &#8211; leve\u00e4 leikkuureuna ja optimoitu muotoilu takaavat tasaisen ja yhten\u00e4isen pinnan.<\/li>\n<li data-start=\"261\" data-end=\"320\"><strong data-start=\"261\" data-end=\"319\">Kest\u00e4v\u00e4 rakenne<\/strong> &#8211; Valmistettu lujasta ter\u00e4ksest\u00e4 maksimaalisen kest\u00e4vyyden ja pitk\u00e4ik\u00e4isyyden varmistamiseksi.<\/li>\n<li data-start=\"321\" data-end=\"380\"><strong data-start=\"321\" data-end=\"379\">Joustava asennus<\/strong> &#8211; Sopii eri konetyyppeihin ja voidaan mukauttaa erityisteht\u00e4viin.<\/li>\n<\/ul>\n<p data-start=\"381\" data-end=\"440\">CP-tasauskauhalla saat luotettavan ja tehokkaan ty\u00f6kalun, joka optimoi tasausty\u00f6t ja takaa korkean tuottavuuden ty\u00f6maalla.<\/p>\n","protected":false},"excerpt":{"rendered":"<p>Tasoituskauhat<\/p>\n","protected":false},"featured_media":11935,"template":"","meta":{"_acf_changed":false},"product_brand":[],"product_cat":[6174,6068,2606,3601,5221],"product_tag":[],"class_list":{"0":"post-26120","1":"product","2":"type-product","3":"status-publish","4":"has-post-thumbnail","6":"product_cat-3-4-tonnia-4","7":"product_cat-kanapatukka","8":"product_cat-laitteet","9":"product_cat-lapiot","10":"product_cat-tasoituskauhat","11":"pa_type-2-cp-t4-kpp140","13":"first","14":"instock","15":"taxable","16":"shipping-taxable","17":"purchasable","18":"product-type-simple"},"acf":[],"yoast_head":"<title>140 cm - Viggo Bendz<\/title>\n<meta name=\"robots\" content=\"index, follow, max-snippet:-1, max-image-preview:large, max-video-preview:-1\" \/>\n<link rel=\"canonical\" href=\"https:\/\/viggobendz.dk\/fi\/butik\/laitteet\/lapiot\/tasoituskauhat\/kanapatukka\/3-4-tonnia-4\/140-cm-2\/\" \/>\n<meta property=\"og:locale\" content=\"fi_FI\" \/>\n<meta property=\"og:type\" content=\"article\" \/>\n<meta property=\"og:title\" content=\"140 cm - Viggo Bendz\" \/>\n<meta property=\"og:description\" content=\"Tasoituskauhat\" \/>\n<meta property=\"og:url\" content=\"https:\/\/viggobendz.dk\/fi\/butik\/laitteet\/lapiot\/tasoituskauhat\/kanapatukka\/3-4-tonnia-4\/140-cm-2\/\" \/>\n<meta property=\"og:site_name\" content=\"Viggo Bendz\" \/>\n<meta property=\"og:image\" content=\"https:\/\/viggobendz.dk\/wp-content\/uploads\/2025\/02\/T6-planerskovl-1-cylinder-Photoroom.png\" \/>\n\t<meta property=\"og:image:width\" content=\"600\" \/>\n\t<meta property=\"og:image:height\" content=\"600\" \/>\n\t<meta property=\"og:image:type\" content=\"image\/png\" \/>\n<meta name=\"twitter:card\" content=\"summary_large_image\" \/>\n<meta name=\"twitter:label1\" content=\"Arvioitu lukuaika\" \/>\n\t<meta name=\"twitter:data1\" content=\"1 minuutti\" \/>\n<script type=\"application\/ld+json\" class=\"yoast-schema-graph\">{\"@context\":\"https:\/\/schema.org\",\"@graph\":[{\"@type\":\"WebPage\",\"@id\":\"https:\/\/viggobendz.dk\/fi\/butik\/laitteet\/lapiot\/tasoituskauhat\/kanapatukka\/3-4-tonnia-4\/140-cm-2\/\",\"url\":\"https:\/\/viggobendz.dk\/fi\/butik\/laitteet\/lapiot\/tasoituskauhat\/kanapatukka\/3-4-tonnia-4\/140-cm-2\/\",\"name\":\"140 cm - Viggo Bendz\",\"isPartOf\":{\"@id\":\"https:\/\/viggobendz.dk\/fi\/#website\"},\"primaryImageOfPage\":{\"@id\":\"https:\/\/viggobendz.dk\/fi\/butik\/laitteet\/lapiot\/tasoituskauhat\/kanapatukka\/3-4-tonnia-4\/140-cm-2\/#primaryimage\"},\"image\":{\"@id\":\"https:\/\/viggobendz.dk\/fi\/butik\/laitteet\/lapiot\/tasoituskauhat\/kanapatukka\/3-4-tonnia-4\/140-cm-2\/#primaryimage\"},\"thumbnailUrl\":\"https:\/\/viggobendz.dk\/wp-content\/uploads\/2025\/02\/T6-planerskovl-1-cylinder-Photoroom.png\",\"datePublished\":\"2025-03-11T06:49:59+00:00\",\"breadcrumb\":{\"@id\":\"https:\/\/viggobendz.dk\/fi\/butik\/laitteet\/lapiot\/tasoituskauhat\/kanapatukka\/3-4-tonnia-4\/140-cm-2\/#breadcrumb\"},\"inLanguage\":\"fi\",\"potentialAction\":[{\"@type\":\"ReadAction\",\"target\":[\"https:\/\/viggobendz.dk\/fi\/butik\/laitteet\/lapiot\/tasoituskauhat\/kanapatukka\/3-4-tonnia-4\/140-cm-2\/\"]}]},{\"@type\":\"ImageObject\",\"inLanguage\":\"fi\",\"@id\":\"https:\/\/viggobendz.dk\/fi\/butik\/laitteet\/lapiot\/tasoituskauhat\/kanapatukka\/3-4-tonnia-4\/140-cm-2\/#primaryimage\",\"url\":\"https:\/\/viggobendz.dk\/wp-content\/uploads\/2025\/02\/T6-planerskovl-1-cylinder-Photoroom.png\",\"contentUrl\":\"https:\/\/viggobendz.dk\/wp-content\/uploads\/2025\/02\/T6-planerskovl-1-cylinder-Photoroom.png\",\"width\":600,\"height\":600},{\"@type\":\"BreadcrumbList\",\"@id\":\"https:\/\/viggobendz.dk\/fi\/butik\/laitteet\/lapiot\/tasoituskauhat\/kanapatukka\/3-4-tonnia-4\/140-cm-2\/#breadcrumb\",\"itemListElement\":[{\"@type\":\"ListItem\",\"position\":1,\"name\":\"Hjem\",\"item\":\"https:\/\/viggobendz.dk\/fi\/kotisivu\/\"},{\"@type\":\"ListItem\",\"position\":2,\"name\":\"Shop\",\"item\":\"https:\/\/viggobendz.dk\/butik\/\"},{\"@type\":\"ListItem\",\"position\":3,\"name\":\"Laitteet\",\"item\":\"https:\/\/viggobendz.dk\/fi\/vare-kategori\/laitteet\/\"},{\"@type\":\"ListItem\",\"position\":4,\"name\":\"Lapiot\",\"item\":\"https:\/\/viggobendz.dk\/fi\/vare-kategori\/laitteet\/lapiot\/\"},{\"@type\":\"ListItem\",\"position\":5,\"name\":\"Tasoituskauhat\",\"item\":\"https:\/\/viggobendz.dk\/fi\/vare-kategori\/laitteet\/lapiot\/tasoituskauhat\/\"},{\"@type\":\"ListItem\",\"position\":6,\"name\":\"Kanapatukka\",\"item\":\"https:\/\/viggobendz.dk\/fi\/vare-kategori\/laitteet\/lapiot\/tasoituskauhat\/kanapatukka\/\"},{\"@type\":\"ListItem\",\"position\":7,\"name\":\"3-4 tonnia\",\"item\":\"https:\/\/viggobendz.dk\/fi\/vare-kategori\/laitteet\/lapiot\/tasoituskauhat\/kanapatukka\/3-4-tonnia-4\/\"},{\"@type\":\"ListItem\",\"position\":8,\"name\":\"140 cm\"}]},{\"@type\":\"WebSite\",\"@id\":\"https:\/\/viggobendz.dk\/fi\/#website\",\"url\":\"https:\/\/viggobendz.dk\/fi\/\",\"name\":\"Viggo Bendz\",\"description\":\"Det ansvarlige valg\",\"publisher\":{\"@id\":\"https:\/\/viggobendz.dk\/fi\/#organization\"},\"potentialAction\":[{\"@type\":\"SearchAction\",\"target\":{\"@type\":\"EntryPoint\",\"urlTemplate\":\"https:\/\/viggobendz.dk\/fi\/?s={search_term_string}\"},\"query-input\":{\"@type\":\"PropertyValueSpecification\",\"valueRequired\":true,\"valueName\":\"search_term_string\"}}],\"inLanguage\":\"fi\"},{\"@type\":\"Organization\",\"@id\":\"https:\/\/viggobendz.dk\/fi\/#organization\",\"name\":\"Viggo Bendz A\/S\",\"url\":\"https:\/\/viggobendz.dk\/fi\/\",\"logo\":{\"@type\":\"ImageObject\",\"inLanguage\":\"fi\",\"@id\":\"https:\/\/viggobendz.dk\/fi\/#\/schema\/logo\/image\/\",\"url\":\"https:\/\/viggobendz.dk\/wp-content\/uploads\/2020\/03\/VB-Logo.png\",\"contentUrl\":\"https:\/\/viggobendz.dk\/wp-content\/uploads\/2020\/03\/VB-Logo.png\",\"width\":735,\"height\":776,\"caption\":\"Viggo Bendz A\/S\"},\"image\":{\"@id\":\"https:\/\/viggobendz.dk\/fi\/#\/schema\/logo\/image\/\"}}]}<\/script>","yoast_head_json":{"title":"140 cm - Viggo Bendz","robots":{"index":"index","follow":"follow","max-snippet":"max-snippet:-1","max-image-preview":"max-image-preview:large","max-video-preview":"max-video-preview:-1"},"canonical":"https:\/\/viggobendz.dk\/fi\/butik\/laitteet\/lapiot\/tasoituskauhat\/kanapatukka\/3-4-tonnia-4\/140-cm-2\/","og_locale":"fi_FI","og_type":"article","og_title":"140 cm - Viggo Bendz","og_description":"Tasoituskauhat","og_url":"https:\/\/viggobendz.dk\/fi\/butik\/laitteet\/lapiot\/tasoituskauhat\/kanapatukka\/3-4-tonnia-4\/140-cm-2\/","og_site_name":"Viggo Bendz","og_image":[{"width":600,"height":600,"url":"https:\/\/viggobendz.dk\/wp-content\/uploads\/2025\/02\/T6-planerskovl-1-cylinder-Photoroom.png","type":"image\/png"}],"twitter_card":"summary_large_image","twitter_misc":{"Arvioitu lukuaika":"1 minuutti"},"schema":{"@context":"https:\/\/schema.org","@graph":[{"@type":"WebPage","@id":"https:\/\/viggobendz.dk\/fi\/butik\/laitteet\/lapiot\/tasoituskauhat\/kanapatukka\/3-4-tonnia-4\/140-cm-2\/","url":"https:\/\/viggobendz.dk\/fi\/butik\/laitteet\/lapiot\/tasoituskauhat\/kanapatukka\/3-4-tonnia-4\/140-cm-2\/","name":"140 cm - Viggo Bendz","isPartOf":{"@id":"https:\/\/viggobendz.dk\/fi\/#website"},"primaryImageOfPage":{"@id":"https:\/\/viggobendz.dk\/fi\/butik\/laitteet\/lapiot\/tasoituskauhat\/kanapatukka\/3-4-tonnia-4\/140-cm-2\/#primaryimage"},"image":{"@id":"https:\/\/viggobendz.dk\/fi\/butik\/laitteet\/lapiot\/tasoituskauhat\/kanapatukka\/3-4-tonnia-4\/140-cm-2\/#primaryimage"},"thumbnailUrl":"https:\/\/viggobendz.dk\/wp-content\/uploads\/2025\/02\/T6-planerskovl-1-cylinder-Photoroom.png","datePublished":"2025-03-11T06:49:59+00:00","breadcrumb":{"@id":"https:\/\/viggobendz.dk\/fi\/butik\/laitteet\/lapiot\/tasoituskauhat\/kanapatukka\/3-4-tonnia-4\/140-cm-2\/#breadcrumb"},"inLanguage":"fi","potentialAction":[{"@type":"ReadAction","target":["https:\/\/viggobendz.dk\/fi\/butik\/laitteet\/lapiot\/tasoituskauhat\/kanapatukka\/3-4-tonnia-4\/140-cm-2\/"]}]},{"@type":"ImageObject","inLanguage":"fi","@id":"https:\/\/viggobendz.dk\/fi\/butik\/laitteet\/lapiot\/tasoituskauhat\/kanapatukka\/3-4-tonnia-4\/140-cm-2\/#primaryimage","url":"https:\/\/viggobendz.dk\/wp-content\/uploads\/2025\/02\/T6-planerskovl-1-cylinder-Photoroom.png","contentUrl":"https:\/\/viggobendz.dk\/wp-content\/uploads\/2025\/02\/T6-planerskovl-1-cylinder-Photoroom.png","width":600,"height":600},{"@type":"BreadcrumbList","@id":"https:\/\/viggobendz.dk\/fi\/butik\/laitteet\/lapiot\/tasoituskauhat\/kanapatukka\/3-4-tonnia-4\/140-cm-2\/#breadcrumb","itemListElement":[{"@type":"ListItem","position":1,"name":"Hjem","item":"https:\/\/viggobendz.dk\/fi\/kotisivu\/"},{"@type":"ListItem","position":2,"name":"Shop","item":"https:\/\/viggobendz.dk\/butik\/"},{"@type":"ListItem","position":3,"name":"Laitteet","item":"https:\/\/viggobendz.dk\/fi\/vare-kategori\/laitteet\/"},{"@type":"ListItem","position":4,"name":"Lapiot","item":"https:\/\/viggobendz.dk\/fi\/vare-kategori\/laitteet\/lapiot\/"},{"@type":"ListItem","position":5,"name":"Tasoituskauhat","item":"https:\/\/viggobendz.dk\/fi\/vare-kategori\/laitteet\/lapiot\/tasoituskauhat\/"},{"@type":"ListItem","position":6,"name":"Kanapatukka","item":"https:\/\/viggobendz.dk\/fi\/vare-kategori\/laitteet\/lapiot\/tasoituskauhat\/kanapatukka\/"},{"@type":"ListItem","position":7,"name":"3-4 tonnia","item":"https:\/\/viggobendz.dk\/fi\/vare-kategori\/laitteet\/lapiot\/tasoituskauhat\/kanapatukka\/3-4-tonnia-4\/"},{"@type":"ListItem","position":8,"name":"140 cm"}]},{"@type":"WebSite","@id":"https:\/\/viggobendz.dk\/fi\/#website","url":"https:\/\/viggobendz.dk\/fi\/","name":"Viggo Bendz","description":"Det ansvarlige valg","publisher":{"@id":"https:\/\/viggobendz.dk\/fi\/#organization"},"potentialAction":[{"@type":"SearchAction","target":{"@type":"EntryPoint","urlTemplate":"https:\/\/viggobendz.dk\/fi\/?s={search_term_string}"},"query-input":{"@type":"PropertyValueSpecification","valueRequired":true,"valueName":"search_term_string"}}],"inLanguage":"fi"},{"@type":"Organization","@id":"https:\/\/viggobendz.dk\/fi\/#organization","name":"Viggo Bendz A\/S","url":"https:\/\/viggobendz.dk\/fi\/","logo":{"@type":"ImageObject","inLanguage":"fi","@id":"https:\/\/viggobendz.dk\/fi\/#\/schema\/logo\/image\/","url":"https:\/\/viggobendz.dk\/wp-content\/uploads\/2020\/03\/VB-Logo.png","contentUrl":"https:\/\/viggobendz.dk\/wp-content\/uploads\/2020\/03\/VB-Logo.png","width":735,"height":776,"caption":"Viggo Bendz A\/S"},"image":{"@id":"https:\/\/viggobendz.dk\/fi\/#\/schema\/logo\/image\/"}}]}},"_links":{"self":[{"href":"https:\/\/viggobendz.dk\/fi\/wp-json\/wp\/v2\/product\/26120","targetHints":{"allow":["GET"]}}],"collection":[{"href":"https:\/\/viggobendz.dk\/fi\/wp-json\/wp\/v2\/product"}],"about":[{"href":"https:\/\/viggobendz.dk\/fi\/wp-json\/wp\/v2\/types\/product"}],"wp:featuredmedia":[{"embeddable":true,"href":"https:\/\/viggobendz.dk\/fi\/wp-json\/wp\/v2\/media\/11935"}],"wp:attachment":[{"href":"https:\/\/viggobendz.dk\/fi\/wp-json\/wp\/v2\/media?parent=26120"}],"wp:term":[{"taxonomy":"product_brand","embeddable":true,"href":"https:\/\/viggobendz.dk\/fi\/wp-json\/wp\/v2\/product_brand?post=26120"},{"taxonomy":"product_cat","embeddable":true,"href":"https:\/\/viggobendz.dk\/fi\/wp-json\/wp\/v2\/product_cat?post=26120"},{"taxonomy":"product_tag","embeddable":true,"href":"https:\/\/viggobendz.dk\/fi\/wp-json\/wp\/v2\/product_tag?post=26120"}],"curies":[{"name":"wp","href":"https:\/\/api.w.org\/{rel}","templated":true}]}}