{"id":26366,"date":"2025-03-11T07:50:47","date_gmt":"2025-03-11T06:50:47","guid":{"rendered":"https:\/\/viggobendz.dk\/butik\/Ei-luokiteltu\/170-cm-5\/"},"modified":"2025-03-11T07:50:47","modified_gmt":"2025-03-11T06:50:47","slug":"170-cm-5","status":"publish","type":"product","link":"https:\/\/viggobendz.dk\/fi\/butik\/laitteet\/lapiot\/tasoituskauhat\/standardi\/19-23-tonnia-2\/170-cm-5\/","title":{"rendered":"170 cm"},"content":{"rendered":"<p data-start=\"0\" data-end=\"60\"><strong data-start=\"0\" data-end=\"58\">Trevi Bennen tasauskauhat &#8211; Tarkka ja tehokas maastonmuokkausmenetelm\u00e4<\/strong><\/p>\n<p data-start=\"61\" data-end=\"200\">Trevi Benne -tasoituskauhat on suunniteltu urakoitsijoille, jotka vaativat suurta tarkkuutta ja tehokkuutta tasoituksessa ja hienojakoisessa lajittelussa. Leve\u00e4n leikkuureunan ja vankan rakenteen ansiosta n\u00e4m\u00e4 kauhat takaavat tasaiset pinnat ja optimaalisen materiaalivirtauksen my\u00f6s vaativissa olosuhteissa. <\/p>\n<ul>\n<li data-start=\"201\" data-end=\"260\"><strong data-start=\"201\" data-end=\"259\">Tarkka tasoitus<\/strong> &#8211; Optimoitu leikkuureuna takaa tasaisen ja sile\u00e4n pinnan.<\/li>\n<li data-start=\"261\" data-end=\"320\"><strong data-start=\"261\" data-end=\"319\">Kest\u00e4v\u00e4 rakenne<\/strong> &#8211; Valmistettu lujasta ter\u00e4ksest\u00e4, joka takaa pitk\u00e4n k\u00e4ytt\u00f6i\u00e4n ja minimaalisen huollon.<\/li>\n<li data-start=\"321\" data-end=\"380\"><strong data-start=\"321\" data-end=\"379\">Joustava r\u00e4\u00e4t\u00e4l\u00f6inti<\/strong> &#8211; Yhteensopiva eri konetyyppien kanssa ja mukautettu erilaisiin ty\u00f6olosuhteisiin.<\/li>\n<\/ul>\n<p data-start=\"381\" data-end=\"440\">Trevi Bennen tasauskauhalla saat luotettavan ja tehokkaan ty\u00f6kalun, joka takaa optimaalisen tasauksen ja korkean tuottavuuden ty\u00f6maalla.<\/p>\n","protected":false},"excerpt":{"rendered":"<p>Tasoituskauhat<\/p>\n","protected":false},"featured_media":11918,"template":"","meta":{"_acf_changed":false},"product_brand":[],"product_cat":[6869,2606,3601,5225,5221],"product_tag":[],"class_list":{"0":"post-26366","1":"product","2":"type-product","3":"status-publish","4":"has-post-thumbnail","6":"product_cat-19-23-tonnia-2","7":"product_cat-laitteet","8":"product_cat-lapiot","9":"product_cat-standardi","10":"product_cat-tasoituskauhat","11":"pa_type-2-wpa065-170","13":"first","14":"instock","15":"taxable","16":"shipping-taxable","17":"product-type-simple"},"acf":[],"yoast_head":"<title>170 cm - Viggo Bendz<\/title>\n<meta name=\"robots\" content=\"index, follow, max-snippet:-1, max-image-preview:large, max-video-preview:-1\" \/>\n<link rel=\"canonical\" href=\"https:\/\/viggobendz.dk\/fi\/butik\/laitteet\/lapiot\/tasoituskauhat\/standardi\/19-23-tonnia-2\/170-cm-5\/\" \/>\n<meta property=\"og:locale\" content=\"fi_FI\" \/>\n<meta property=\"og:type\" content=\"article\" \/>\n<meta property=\"og:title\" content=\"170 cm - Viggo Bendz\" \/>\n<meta property=\"og:description\" content=\"Tasoituskauhat\" \/>\n<meta property=\"og:url\" content=\"https:\/\/viggobendz.dk\/fi\/butik\/laitteet\/lapiot\/tasoituskauhat\/standardi\/19-23-tonnia-2\/170-cm-5\/\" \/>\n<meta property=\"og:site_name\" content=\"Viggo Bendz\" \/>\n<meta property=\"og:image\" content=\"https:\/\/viggobendz.dk\/wp-content\/uploads\/2025\/02\/Planerskovl-Trevi-Benne-1024x840.jpg\" \/>\n\t<meta property=\"og:image:width\" content=\"1024\" \/>\n\t<meta property=\"og:image:height\" content=\"840\" \/>\n\t<meta property=\"og:image:type\" content=\"image\/jpeg\" \/>\n<meta name=\"twitter:card\" content=\"summary_large_image\" \/>\n<meta name=\"twitter:label1\" content=\"Arvioitu lukuaika\" \/>\n\t<meta name=\"twitter:data1\" content=\"1 minuutti\" \/>\n<script type=\"application\/ld+json\" class=\"yoast-schema-graph\">{\"@context\":\"https:\/\/schema.org\",\"@graph\":[{\"@type\":\"WebPage\",\"@id\":\"https:\/\/viggobendz.dk\/fi\/butik\/laitteet\/lapiot\/tasoituskauhat\/standardi\/19-23-tonnia-2\/170-cm-5\/\",\"url\":\"https:\/\/viggobendz.dk\/fi\/butik\/laitteet\/lapiot\/tasoituskauhat\/standardi\/19-23-tonnia-2\/170-cm-5\/\",\"name\":\"170 cm - Viggo Bendz\",\"isPartOf\":{\"@id\":\"https:\/\/viggobendz.dk\/fi\/#website\"},\"primaryImageOfPage\":{\"@id\":\"https:\/\/viggobendz.dk\/fi\/butik\/laitteet\/lapiot\/tasoituskauhat\/standardi\/19-23-tonnia-2\/170-cm-5\/#primaryimage\"},\"image\":{\"@id\":\"https:\/\/viggobendz.dk\/fi\/butik\/laitteet\/lapiot\/tasoituskauhat\/standardi\/19-23-tonnia-2\/170-cm-5\/#primaryimage\"},\"thumbnailUrl\":\"https:\/\/viggobendz.dk\/wp-content\/uploads\/2025\/02\/Planerskovl-Trevi-Benne.jpg\",\"datePublished\":\"2025-03-11T06:50:47+00:00\",\"breadcrumb\":{\"@id\":\"https:\/\/viggobendz.dk\/fi\/butik\/laitteet\/lapiot\/tasoituskauhat\/standardi\/19-23-tonnia-2\/170-cm-5\/#breadcrumb\"},\"inLanguage\":\"fi\",\"potentialAction\":[{\"@type\":\"ReadAction\",\"target\":[\"https:\/\/viggobendz.dk\/fi\/butik\/laitteet\/lapiot\/tasoituskauhat\/standardi\/19-23-tonnia-2\/170-cm-5\/\"]}]},{\"@type\":\"ImageObject\",\"inLanguage\":\"fi\",\"@id\":\"https:\/\/viggobendz.dk\/fi\/butik\/laitteet\/lapiot\/tasoituskauhat\/standardi\/19-23-tonnia-2\/170-cm-5\/#primaryimage\",\"url\":\"https:\/\/viggobendz.dk\/wp-content\/uploads\/2025\/02\/Planerskovl-Trevi-Benne.jpg\",\"contentUrl\":\"https:\/\/viggobendz.dk\/wp-content\/uploads\/2025\/02\/Planerskovl-Trevi-Benne.jpg\",\"width\":4608,\"height\":3780},{\"@type\":\"BreadcrumbList\",\"@id\":\"https:\/\/viggobendz.dk\/fi\/butik\/laitteet\/lapiot\/tasoituskauhat\/standardi\/19-23-tonnia-2\/170-cm-5\/#breadcrumb\",\"itemListElement\":[{\"@type\":\"ListItem\",\"position\":1,\"name\":\"Hjem\",\"item\":\"https:\/\/viggobendz.dk\/fi\/kotisivu\/\"},{\"@type\":\"ListItem\",\"position\":2,\"name\":\"Shop\",\"item\":\"https:\/\/viggobendz.dk\/butik\/\"},{\"@type\":\"ListItem\",\"position\":3,\"name\":\"Laitteet\",\"item\":\"https:\/\/viggobendz.dk\/fi\/vare-kategori\/laitteet\/\"},{\"@type\":\"ListItem\",\"position\":4,\"name\":\"Lapiot\",\"item\":\"https:\/\/viggobendz.dk\/fi\/vare-kategori\/laitteet\/lapiot\/\"},{\"@type\":\"ListItem\",\"position\":5,\"name\":\"Tasoituskauhat\",\"item\":\"https:\/\/viggobendz.dk\/fi\/vare-kategori\/laitteet\/lapiot\/tasoituskauhat\/\"},{\"@type\":\"ListItem\",\"position\":6,\"name\":\"Standardi\",\"item\":\"https:\/\/viggobendz.dk\/fi\/vare-kategori\/laitteet\/lapiot\/tasoituskauhat\/standardi\/\"},{\"@type\":\"ListItem\",\"position\":7,\"name\":\"19-23 tonnia\",\"item\":\"https:\/\/viggobendz.dk\/fi\/vare-kategori\/laitteet\/lapiot\/tasoituskauhat\/standardi\/19-23-tonnia-2\/\"},{\"@type\":\"ListItem\",\"position\":8,\"name\":\"170 cm\"}]},{\"@type\":\"WebSite\",\"@id\":\"https:\/\/viggobendz.dk\/fi\/#website\",\"url\":\"https:\/\/viggobendz.dk\/fi\/\",\"name\":\"Viggo Bendz\",\"description\":\"Det ansvarlige valg\",\"publisher\":{\"@id\":\"https:\/\/viggobendz.dk\/fi\/#organization\"},\"potentialAction\":[{\"@type\":\"SearchAction\",\"target\":{\"@type\":\"EntryPoint\",\"urlTemplate\":\"https:\/\/viggobendz.dk\/fi\/?s={search_term_string}\"},\"query-input\":{\"@type\":\"PropertyValueSpecification\",\"valueRequired\":true,\"valueName\":\"search_term_string\"}}],\"inLanguage\":\"fi\"},{\"@type\":\"Organization\",\"@id\":\"https:\/\/viggobendz.dk\/fi\/#organization\",\"name\":\"Viggo Bendz A\/S\",\"url\":\"https:\/\/viggobendz.dk\/fi\/\",\"logo\":{\"@type\":\"ImageObject\",\"inLanguage\":\"fi\",\"@id\":\"https:\/\/viggobendz.dk\/fi\/#\/schema\/logo\/image\/\",\"url\":\"https:\/\/viggobendz.dk\/wp-content\/uploads\/2020\/03\/VB-Logo.png\",\"contentUrl\":\"https:\/\/viggobendz.dk\/wp-content\/uploads\/2020\/03\/VB-Logo.png\",\"width\":735,\"height\":776,\"caption\":\"Viggo Bendz A\/S\"},\"image\":{\"@id\":\"https:\/\/viggobendz.dk\/fi\/#\/schema\/logo\/image\/\"}}]}<\/script>","yoast_head_json":{"title":"170 cm - Viggo Bendz","robots":{"index":"index","follow":"follow","max-snippet":"max-snippet:-1","max-image-preview":"max-image-preview:large","max-video-preview":"max-video-preview:-1"},"canonical":"https:\/\/viggobendz.dk\/fi\/butik\/laitteet\/lapiot\/tasoituskauhat\/standardi\/19-23-tonnia-2\/170-cm-5\/","og_locale":"fi_FI","og_type":"article","og_title":"170 cm - Viggo Bendz","og_description":"Tasoituskauhat","og_url":"https:\/\/viggobendz.dk\/fi\/butik\/laitteet\/lapiot\/tasoituskauhat\/standardi\/19-23-tonnia-2\/170-cm-5\/","og_site_name":"Viggo Bendz","og_image":[{"width":1024,"height":840,"url":"https:\/\/viggobendz.dk\/wp-content\/uploads\/2025\/02\/Planerskovl-Trevi-Benne-1024x840.jpg","type":"image\/jpeg"}],"twitter_card":"summary_large_image","twitter_misc":{"Arvioitu lukuaika":"1 minuutti"},"schema":{"@context":"https:\/\/schema.org","@graph":[{"@type":"WebPage","@id":"https:\/\/viggobendz.dk\/fi\/butik\/laitteet\/lapiot\/tasoituskauhat\/standardi\/19-23-tonnia-2\/170-cm-5\/","url":"https:\/\/viggobendz.dk\/fi\/butik\/laitteet\/lapiot\/tasoituskauhat\/standardi\/19-23-tonnia-2\/170-cm-5\/","name":"170 cm - Viggo Bendz","isPartOf":{"@id":"https:\/\/viggobendz.dk\/fi\/#website"},"primaryImageOfPage":{"@id":"https:\/\/viggobendz.dk\/fi\/butik\/laitteet\/lapiot\/tasoituskauhat\/standardi\/19-23-tonnia-2\/170-cm-5\/#primaryimage"},"image":{"@id":"https:\/\/viggobendz.dk\/fi\/butik\/laitteet\/lapiot\/tasoituskauhat\/standardi\/19-23-tonnia-2\/170-cm-5\/#primaryimage"},"thumbnailUrl":"https:\/\/viggobendz.dk\/wp-content\/uploads\/2025\/02\/Planerskovl-Trevi-Benne.jpg","datePublished":"2025-03-11T06:50:47+00:00","breadcrumb":{"@id":"https:\/\/viggobendz.dk\/fi\/butik\/laitteet\/lapiot\/tasoituskauhat\/standardi\/19-23-tonnia-2\/170-cm-5\/#breadcrumb"},"inLanguage":"fi","potentialAction":[{"@type":"ReadAction","target":["https:\/\/viggobendz.dk\/fi\/butik\/laitteet\/lapiot\/tasoituskauhat\/standardi\/19-23-tonnia-2\/170-cm-5\/"]}]},{"@type":"ImageObject","inLanguage":"fi","@id":"https:\/\/viggobendz.dk\/fi\/butik\/laitteet\/lapiot\/tasoituskauhat\/standardi\/19-23-tonnia-2\/170-cm-5\/#primaryimage","url":"https:\/\/viggobendz.dk\/wp-content\/uploads\/2025\/02\/Planerskovl-Trevi-Benne.jpg","contentUrl":"https:\/\/viggobendz.dk\/wp-content\/uploads\/2025\/02\/Planerskovl-Trevi-Benne.jpg","width":4608,"height":3780},{"@type":"BreadcrumbList","@id":"https:\/\/viggobendz.dk\/fi\/butik\/laitteet\/lapiot\/tasoituskauhat\/standardi\/19-23-tonnia-2\/170-cm-5\/#breadcrumb","itemListElement":[{"@type":"ListItem","position":1,"name":"Hjem","item":"https:\/\/viggobendz.dk\/fi\/kotisivu\/"},{"@type":"ListItem","position":2,"name":"Shop","item":"https:\/\/viggobendz.dk\/butik\/"},{"@type":"ListItem","position":3,"name":"Laitteet","item":"https:\/\/viggobendz.dk\/fi\/vare-kategori\/laitteet\/"},{"@type":"ListItem","position":4,"name":"Lapiot","item":"https:\/\/viggobendz.dk\/fi\/vare-kategori\/laitteet\/lapiot\/"},{"@type":"ListItem","position":5,"name":"Tasoituskauhat","item":"https:\/\/viggobendz.dk\/fi\/vare-kategori\/laitteet\/lapiot\/tasoituskauhat\/"},{"@type":"ListItem","position":6,"name":"Standardi","item":"https:\/\/viggobendz.dk\/fi\/vare-kategori\/laitteet\/lapiot\/tasoituskauhat\/standardi\/"},{"@type":"ListItem","position":7,"name":"19-23 tonnia","item":"https:\/\/viggobendz.dk\/fi\/vare-kategori\/laitteet\/lapiot\/tasoituskauhat\/standardi\/19-23-tonnia-2\/"},{"@type":"ListItem","position":8,"name":"170 cm"}]},{"@type":"WebSite","@id":"https:\/\/viggobendz.dk\/fi\/#website","url":"https:\/\/viggobendz.dk\/fi\/","name":"Viggo Bendz","description":"Det ansvarlige valg","publisher":{"@id":"https:\/\/viggobendz.dk\/fi\/#organization"},"potentialAction":[{"@type":"SearchAction","target":{"@type":"EntryPoint","urlTemplate":"https:\/\/viggobendz.dk\/fi\/?s={search_term_string}"},"query-input":{"@type":"PropertyValueSpecification","valueRequired":true,"valueName":"search_term_string"}}],"inLanguage":"fi"},{"@type":"Organization","@id":"https:\/\/viggobendz.dk\/fi\/#organization","name":"Viggo Bendz A\/S","url":"https:\/\/viggobendz.dk\/fi\/","logo":{"@type":"ImageObject","inLanguage":"fi","@id":"https:\/\/viggobendz.dk\/fi\/#\/schema\/logo\/image\/","url":"https:\/\/viggobendz.dk\/wp-content\/uploads\/2020\/03\/VB-Logo.png","contentUrl":"https:\/\/viggobendz.dk\/wp-content\/uploads\/2020\/03\/VB-Logo.png","width":735,"height":776,"caption":"Viggo Bendz A\/S"},"image":{"@id":"https:\/\/viggobendz.dk\/fi\/#\/schema\/logo\/image\/"}}]}},"_links":{"self":[{"href":"https:\/\/viggobendz.dk\/fi\/wp-json\/wp\/v2\/product\/26366","targetHints":{"allow":["GET"]}}],"collection":[{"href":"https:\/\/viggobendz.dk\/fi\/wp-json\/wp\/v2\/product"}],"about":[{"href":"https:\/\/viggobendz.dk\/fi\/wp-json\/wp\/v2\/types\/product"}],"wp:featuredmedia":[{"embeddable":true,"href":"https:\/\/viggobendz.dk\/fi\/wp-json\/wp\/v2\/media\/11918"}],"wp:attachment":[{"href":"https:\/\/viggobendz.dk\/fi\/wp-json\/wp\/v2\/media?parent=26366"}],"wp:term":[{"taxonomy":"product_brand","embeddable":true,"href":"https:\/\/viggobendz.dk\/fi\/wp-json\/wp\/v2\/product_brand?post=26366"},{"taxonomy":"product_cat","embeddable":true,"href":"https:\/\/viggobendz.dk\/fi\/wp-json\/wp\/v2\/product_cat?post=26366"},{"taxonomy":"product_tag","embeddable":true,"href":"https:\/\/viggobendz.dk\/fi\/wp-json\/wp\/v2\/product_tag?post=26366"}],"curies":[{"name":"wp","href":"https:\/\/api.w.org\/{rel}","templated":true}]}}