{"id":27057,"date":"2025-03-11T07:44:36","date_gmt":"2025-03-11T06:44:36","guid":{"rendered":"https:\/\/viggobendz.dk\/butik\/Ei-luokiteltu\/5-5-lukitustappi-e378\/"},"modified":"2025-03-11T07:44:36","modified_gmt":"2025-03-11T06:44:36","slug":"5-5-lukitustappi-e378","status":"publish","type":"product","link":"https:\/\/viggobendz.dk\/fi\/butik\/kuluvat-osat\/hampaat\/cat\/lukitustappi\/5-5-lukitustappi-e378\/","title":{"rendered":"5.5&#8243; lukitustappi (E378)"},"content":{"rendered":"<p data-start=\"0\" data-end=\"61\"><strong data-start=\"0\" data-end=\"59\">Lukitustappi &#8211; Hammassuojuksen ja hammastelineen turvallinen kiinnitys.<\/strong><\/p>\n<p data-start=\"63\" data-end=\"309\">Lukitustappi on CAT-j\u00e4rjestelm\u00e4n olennainen osa, joka varmistaa hammassuojuksen vahvan ja vakaan kiinnityksen hammaskannattimeen. Se est\u00e4\u00e4 ei-toivotun liikkeen ja varmistaa, ett\u00e4 hampaat pysyv\u00e4t oikein paikoillaan my\u00f6s \u00e4\u00e4rimm\u00e4isiss\u00e4 kuormituksissa. <\/p>\n<p data-start=\"311\" data-end=\"536\">  <strong data-start=\"314\" data-end=\"332\">Turvallinen lukitus<\/strong> &#8211; Pit\u00e4\u00e4 hammassuojan paikallaan kovan ty\u00f6n aikana.<br data-start=\"382\" data-end=\"385\"> <strong data-start=\"388\" data-end=\"420\">Helppo asentaa ja vaihtaa<\/strong> &#8211; Suunniteltu nopeaa asennusta varten.<br data-start=\"456\" data-end=\"459\"> <strong data-start=\"462\" data-end=\"486\">Kest\u00e4v\u00e4 ja pitk\u00e4ik\u00e4inen<\/strong> &#8211; Kest\u00e4\u00e4 iskuja ja t\u00e4rin\u00e4\u00e4.<\/p>\n<p data-start=\"538\" data-end=\"654\" data-is-last-node=\"&gt;&lt;a href=\" https:=\"\"><span style=\"color: #bf8c2f;\"><strong>Tietolehti<\/strong><\/span><\/p>\n","protected":false},"excerpt":{"rendered":"<p>Lukitustappi &#8211; Turvallinen kiinnitys hammassuojuksen ja hammastelineen v\u00e4lille<\/p>\n<p>Sopii 5,5\u2033 CAT-hammassuojukseen.<\/p>\n","protected":false},"featured_media":11512,"template":"","meta":{"_acf_changed":false},"product_brand":[],"product_cat":[8746,2668,2671,8748],"product_tag":[],"class_list":{"0":"post-27057","1":"product","2":"type-product","3":"status-publish","4":"has-post-thumbnail","6":"product_cat-cat","7":"product_cat-hampaat","8":"product_cat-kuluvat-osat","9":"product_cat-lukitustappi","11":"first","12":"instock","13":"taxable","14":"shipping-taxable","15":"purchasable","16":"product-type-simple"},"acf":[],"yoast_head":"<title>5.5&quot; lukitustappi (E378) - Viggo Bendz<\/title>\n<meta name=\"robots\" content=\"index, follow, max-snippet:-1, max-image-preview:large, max-video-preview:-1\" \/>\n<link rel=\"canonical\" href=\"https:\/\/viggobendz.dk\/fi\/butik\/kuluvat-osat\/hampaat\/cat\/lukitustappi\/5-5-lukitustappi-e378\/\" \/>\n<meta property=\"og:locale\" content=\"fi_FI\" \/>\n<meta property=\"og:type\" content=\"article\" \/>\n<meta property=\"og:title\" content=\"5.5&quot; lukitustappi (E378) - Viggo Bendz\" \/>\n<meta property=\"og:description\" content=\"Lukitustappi - Turvallinen kiinnitys hammassuojuksen ja hammastelineen v\u00e4lille Sopii 5,5\u2033 CAT-hammassuojukseen.\" \/>\n<meta property=\"og:url\" content=\"https:\/\/viggobendz.dk\/fi\/butik\/kuluvat-osat\/hampaat\/cat\/lukitustappi\/5-5-lukitustappi-e378\/\" \/>\n<meta property=\"og:site_name\" content=\"Viggo Bendz\" \/>\n<meta property=\"og:image\" content=\"https:\/\/viggobendz.dk\/wp-content\/uploads\/2025\/02\/laasepin-cat-system-1.png\" \/>\n\t<meta property=\"og:image:width\" content=\"1200\" \/>\n\t<meta property=\"og:image:height\" content=\"800\" \/>\n\t<meta property=\"og:image:type\" content=\"image\/png\" \/>\n<meta name=\"twitter:card\" content=\"summary_large_image\" \/>\n<script type=\"application\/ld+json\" class=\"yoast-schema-graph\">{\"@context\":\"https:\/\/schema.org\",\"@graph\":[{\"@type\":\"WebPage\",\"@id\":\"https:\/\/viggobendz.dk\/fi\/butik\/kuluvat-osat\/hampaat\/cat\/lukitustappi\/5-5-lukitustappi-e378\/\",\"url\":\"https:\/\/viggobendz.dk\/fi\/butik\/kuluvat-osat\/hampaat\/cat\/lukitustappi\/5-5-lukitustappi-e378\/\",\"name\":\"5.5\\\" lukitustappi (E378) - Viggo Bendz\",\"isPartOf\":{\"@id\":\"https:\/\/viggobendz.dk\/fi\/#website\"},\"primaryImageOfPage\":{\"@id\":\"https:\/\/viggobendz.dk\/fi\/butik\/kuluvat-osat\/hampaat\/cat\/lukitustappi\/5-5-lukitustappi-e378\/#primaryimage\"},\"image\":{\"@id\":\"https:\/\/viggobendz.dk\/fi\/butik\/kuluvat-osat\/hampaat\/cat\/lukitustappi\/5-5-lukitustappi-e378\/#primaryimage\"},\"thumbnailUrl\":\"https:\/\/viggobendz.dk\/wp-content\/uploads\/2025\/02\/laasepin-cat-system-1.png\",\"datePublished\":\"2025-03-11T06:44:36+00:00\",\"breadcrumb\":{\"@id\":\"https:\/\/viggobendz.dk\/fi\/butik\/kuluvat-osat\/hampaat\/cat\/lukitustappi\/5-5-lukitustappi-e378\/#breadcrumb\"},\"inLanguage\":\"fi\",\"potentialAction\":[{\"@type\":\"ReadAction\",\"target\":[\"https:\/\/viggobendz.dk\/fi\/butik\/kuluvat-osat\/hampaat\/cat\/lukitustappi\/5-5-lukitustappi-e378\/\"]}]},{\"@type\":\"ImageObject\",\"inLanguage\":\"fi\",\"@id\":\"https:\/\/viggobendz.dk\/fi\/butik\/kuluvat-osat\/hampaat\/cat\/lukitustappi\/5-5-lukitustappi-e378\/#primaryimage\",\"url\":\"https:\/\/viggobendz.dk\/wp-content\/uploads\/2025\/02\/laasepin-cat-system-1.png\",\"contentUrl\":\"https:\/\/viggobendz.dk\/wp-content\/uploads\/2025\/02\/laasepin-cat-system-1.png\",\"width\":1200,\"height\":800},{\"@type\":\"BreadcrumbList\",\"@id\":\"https:\/\/viggobendz.dk\/fi\/butik\/kuluvat-osat\/hampaat\/cat\/lukitustappi\/5-5-lukitustappi-e378\/#breadcrumb\",\"itemListElement\":[{\"@type\":\"ListItem\",\"position\":1,\"name\":\"Hjem\",\"item\":\"https:\/\/viggobendz.dk\/fi\/kotisivu\/\"},{\"@type\":\"ListItem\",\"position\":2,\"name\":\"Shop\",\"item\":\"https:\/\/viggobendz.dk\/butik\/\"},{\"@type\":\"ListItem\",\"position\":3,\"name\":\"Kuluvat osat\",\"item\":\"https:\/\/viggobendz.dk\/fi\/vare-kategori\/kuluvat-osat\/\"},{\"@type\":\"ListItem\",\"position\":4,\"name\":\"Hampaat\",\"item\":\"https:\/\/viggobendz.dk\/fi\/vare-kategori\/kuluvat-osat\/hampaat\/\"},{\"@type\":\"ListItem\",\"position\":5,\"name\":\"CAT\",\"item\":\"https:\/\/viggobendz.dk\/fi\/vare-kategori\/kuluvat-osat\/hampaat\/cat\/\"},{\"@type\":\"ListItem\",\"position\":6,\"name\":\"Lukitustappi\",\"item\":\"https:\/\/viggobendz.dk\/fi\/vare-kategori\/kuluvat-osat\/hampaat\/cat\/lukitustappi\/\"},{\"@type\":\"ListItem\",\"position\":7,\"name\":\"5.5&#8243; lukitustappi (E378)\"}]},{\"@type\":\"WebSite\",\"@id\":\"https:\/\/viggobendz.dk\/fi\/#website\",\"url\":\"https:\/\/viggobendz.dk\/fi\/\",\"name\":\"Viggo Bendz\",\"description\":\"Det ansvarlige valg\",\"publisher\":{\"@id\":\"https:\/\/viggobendz.dk\/fi\/#organization\"},\"potentialAction\":[{\"@type\":\"SearchAction\",\"target\":{\"@type\":\"EntryPoint\",\"urlTemplate\":\"https:\/\/viggobendz.dk\/fi\/?s={search_term_string}\"},\"query-input\":{\"@type\":\"PropertyValueSpecification\",\"valueRequired\":true,\"valueName\":\"search_term_string\"}}],\"inLanguage\":\"fi\"},{\"@type\":\"Organization\",\"@id\":\"https:\/\/viggobendz.dk\/fi\/#organization\",\"name\":\"Viggo Bendz A\/S\",\"url\":\"https:\/\/viggobendz.dk\/fi\/\",\"logo\":{\"@type\":\"ImageObject\",\"inLanguage\":\"fi\",\"@id\":\"https:\/\/viggobendz.dk\/fi\/#\/schema\/logo\/image\/\",\"url\":\"https:\/\/viggobendz.dk\/wp-content\/uploads\/2020\/03\/VB-Logo.png\",\"contentUrl\":\"https:\/\/viggobendz.dk\/wp-content\/uploads\/2020\/03\/VB-Logo.png\",\"width\":735,\"height\":776,\"caption\":\"Viggo Bendz A\/S\"},\"image\":{\"@id\":\"https:\/\/viggobendz.dk\/fi\/#\/schema\/logo\/image\/\"}}]}<\/script>","yoast_head_json":{"title":"5.5\" lukitustappi (E378) - Viggo Bendz","robots":{"index":"index","follow":"follow","max-snippet":"max-snippet:-1","max-image-preview":"max-image-preview:large","max-video-preview":"max-video-preview:-1"},"canonical":"https:\/\/viggobendz.dk\/fi\/butik\/kuluvat-osat\/hampaat\/cat\/lukitustappi\/5-5-lukitustappi-e378\/","og_locale":"fi_FI","og_type":"article","og_title":"5.5\" lukitustappi (E378) - Viggo Bendz","og_description":"Lukitustappi - Turvallinen kiinnitys hammassuojuksen ja hammastelineen v\u00e4lille Sopii 5,5\u2033 CAT-hammassuojukseen.","og_url":"https:\/\/viggobendz.dk\/fi\/butik\/kuluvat-osat\/hampaat\/cat\/lukitustappi\/5-5-lukitustappi-e378\/","og_site_name":"Viggo Bendz","og_image":[{"width":1200,"height":800,"url":"https:\/\/viggobendz.dk\/wp-content\/uploads\/2025\/02\/laasepin-cat-system-1.png","type":"image\/png"}],"twitter_card":"summary_large_image","schema":{"@context":"https:\/\/schema.org","@graph":[{"@type":"WebPage","@id":"https:\/\/viggobendz.dk\/fi\/butik\/kuluvat-osat\/hampaat\/cat\/lukitustappi\/5-5-lukitustappi-e378\/","url":"https:\/\/viggobendz.dk\/fi\/butik\/kuluvat-osat\/hampaat\/cat\/lukitustappi\/5-5-lukitustappi-e378\/","name":"5.5\" lukitustappi (E378) - Viggo Bendz","isPartOf":{"@id":"https:\/\/viggobendz.dk\/fi\/#website"},"primaryImageOfPage":{"@id":"https:\/\/viggobendz.dk\/fi\/butik\/kuluvat-osat\/hampaat\/cat\/lukitustappi\/5-5-lukitustappi-e378\/#primaryimage"},"image":{"@id":"https:\/\/viggobendz.dk\/fi\/butik\/kuluvat-osat\/hampaat\/cat\/lukitustappi\/5-5-lukitustappi-e378\/#primaryimage"},"thumbnailUrl":"https:\/\/viggobendz.dk\/wp-content\/uploads\/2025\/02\/laasepin-cat-system-1.png","datePublished":"2025-03-11T06:44:36+00:00","breadcrumb":{"@id":"https:\/\/viggobendz.dk\/fi\/butik\/kuluvat-osat\/hampaat\/cat\/lukitustappi\/5-5-lukitustappi-e378\/#breadcrumb"},"inLanguage":"fi","potentialAction":[{"@type":"ReadAction","target":["https:\/\/viggobendz.dk\/fi\/butik\/kuluvat-osat\/hampaat\/cat\/lukitustappi\/5-5-lukitustappi-e378\/"]}]},{"@type":"ImageObject","inLanguage":"fi","@id":"https:\/\/viggobendz.dk\/fi\/butik\/kuluvat-osat\/hampaat\/cat\/lukitustappi\/5-5-lukitustappi-e378\/#primaryimage","url":"https:\/\/viggobendz.dk\/wp-content\/uploads\/2025\/02\/laasepin-cat-system-1.png","contentUrl":"https:\/\/viggobendz.dk\/wp-content\/uploads\/2025\/02\/laasepin-cat-system-1.png","width":1200,"height":800},{"@type":"BreadcrumbList","@id":"https:\/\/viggobendz.dk\/fi\/butik\/kuluvat-osat\/hampaat\/cat\/lukitustappi\/5-5-lukitustappi-e378\/#breadcrumb","itemListElement":[{"@type":"ListItem","position":1,"name":"Hjem","item":"https:\/\/viggobendz.dk\/fi\/kotisivu\/"},{"@type":"ListItem","position":2,"name":"Shop","item":"https:\/\/viggobendz.dk\/butik\/"},{"@type":"ListItem","position":3,"name":"Kuluvat osat","item":"https:\/\/viggobendz.dk\/fi\/vare-kategori\/kuluvat-osat\/"},{"@type":"ListItem","position":4,"name":"Hampaat","item":"https:\/\/viggobendz.dk\/fi\/vare-kategori\/kuluvat-osat\/hampaat\/"},{"@type":"ListItem","position":5,"name":"CAT","item":"https:\/\/viggobendz.dk\/fi\/vare-kategori\/kuluvat-osat\/hampaat\/cat\/"},{"@type":"ListItem","position":6,"name":"Lukitustappi","item":"https:\/\/viggobendz.dk\/fi\/vare-kategori\/kuluvat-osat\/hampaat\/cat\/lukitustappi\/"},{"@type":"ListItem","position":7,"name":"5.5&#8243; lukitustappi (E378)"}]},{"@type":"WebSite","@id":"https:\/\/viggobendz.dk\/fi\/#website","url":"https:\/\/viggobendz.dk\/fi\/","name":"Viggo Bendz","description":"Det ansvarlige valg","publisher":{"@id":"https:\/\/viggobendz.dk\/fi\/#organization"},"potentialAction":[{"@type":"SearchAction","target":{"@type":"EntryPoint","urlTemplate":"https:\/\/viggobendz.dk\/fi\/?s={search_term_string}"},"query-input":{"@type":"PropertyValueSpecification","valueRequired":true,"valueName":"search_term_string"}}],"inLanguage":"fi"},{"@type":"Organization","@id":"https:\/\/viggobendz.dk\/fi\/#organization","name":"Viggo Bendz A\/S","url":"https:\/\/viggobendz.dk\/fi\/","logo":{"@type":"ImageObject","inLanguage":"fi","@id":"https:\/\/viggobendz.dk\/fi\/#\/schema\/logo\/image\/","url":"https:\/\/viggobendz.dk\/wp-content\/uploads\/2020\/03\/VB-Logo.png","contentUrl":"https:\/\/viggobendz.dk\/wp-content\/uploads\/2020\/03\/VB-Logo.png","width":735,"height":776,"caption":"Viggo Bendz A\/S"},"image":{"@id":"https:\/\/viggobendz.dk\/fi\/#\/schema\/logo\/image\/"}}]}},"_links":{"self":[{"href":"https:\/\/viggobendz.dk\/fi\/wp-json\/wp\/v2\/product\/27057","targetHints":{"allow":["GET"]}}],"collection":[{"href":"https:\/\/viggobendz.dk\/fi\/wp-json\/wp\/v2\/product"}],"about":[{"href":"https:\/\/viggobendz.dk\/fi\/wp-json\/wp\/v2\/types\/product"}],"wp:featuredmedia":[{"embeddable":true,"href":"https:\/\/viggobendz.dk\/fi\/wp-json\/wp\/v2\/media\/11512"}],"wp:attachment":[{"href":"https:\/\/viggobendz.dk\/fi\/wp-json\/wp\/v2\/media?parent=27057"}],"wp:term":[{"taxonomy":"product_brand","embeddable":true,"href":"https:\/\/viggobendz.dk\/fi\/wp-json\/wp\/v2\/product_brand?post=27057"},{"taxonomy":"product_cat","embeddable":true,"href":"https:\/\/viggobendz.dk\/fi\/wp-json\/wp\/v2\/product_cat?post=27057"},{"taxonomy":"product_tag","embeddable":true,"href":"https:\/\/viggobendz.dk\/fi\/wp-json\/wp\/v2\/product_tag?post=27057"}],"curies":[{"name":"wp","href":"https:\/\/api.w.org\/{rel}","templated":true}]}}