{"id":27097,"date":"2025-03-11T07:44:48","date_gmt":"2025-03-11T06:44:48","guid":{"rendered":"https:\/\/viggobendz.dk\/butik\/Ei-luokiteltu\/lukko-e251\/"},"modified":"2025-03-11T07:44:48","modified_gmt":"2025-03-11T06:44:48","slug":"lukko-e251","status":"publish","type":"product","link":"https:\/\/viggobendz.dk\/fi\/butik\/kuluvat-osat\/hampaat\/lukko-e251\/","title":{"rendered":"Lukko (E251)"},"content":{"rendered":"<p data-start=\"0\" data-end=\"60\"><strong data-start=\"0\" data-end=\"58\">Bofors Lock &#8211; Turvallinen ja kest\u00e4v\u00e4 lukitusmekanismi kauhan hampaille.<\/strong><\/p>\n<p data-start=\"62\" data-end=\"312\">Boforsin lukko on t\u00e4rke\u00e4 osa Boforsin hammastusj\u00e4rjestelm\u00e4\u00e4, jolla varmistetaan hampaiden vahva ja vakaa kiinnitys kaivinkoneiden ja kuormaajien kauhoihin. Se on suunniteltu kest\u00e4m\u00e4\u00e4n raskaita kuormituksia ja t\u00e4rin\u00e4\u00e4 ja est\u00e4\u00e4 hampaiden l\u00f6ystymisen vaativissa ty\u00f6olosuhteissa. <\/p>\n<p data-start=\"314\" data-end=\"541\">  <strong data-start=\"317\" data-end=\"342\">Turvallinen lukitus<\/strong> &#8211; Pit\u00e4\u00e4 hampaat tukevasti hammastelineess\u00e4.<br data-start=\"380\" data-end=\"383\"> <strong data-start=\"386\" data-end=\"418\">Kest\u00e4v\u00e4 rakenne<\/strong> &#8211; Suunniteltu kest\u00e4m\u00e4\u00e4n kovaa kulutusta ja \u00e4\u00e4rimm\u00e4isi\u00e4 kuormituksia.<br data-start=\"453\" data-end=\"456\"> <strong data-start=\"459\" data-end=\"485\">Sopii Bofors-j\u00e4rjestelm\u00e4\u00e4n<\/strong> &#8211; Varmistaa kauhan hampaiden helpon ja vakaan kiinnityksen.<\/p>\n","protected":false},"excerpt":{"rendered":"<p>Boforsin lukko<br \/>\nSopii E150 ja E205 Boforsin hampaisiin.<\/p>\n","protected":false},"featured_media":1781,"template":"","meta":{"_acf_changed":false},"product_brand":[],"product_cat":[2670,2668,2671,8766],"product_tag":[],"class_list":{"0":"post-27097","1":"product","2":"type-product","3":"status-publish","4":"has-post-thumbnail","6":"product_cat-bofors","7":"product_cat-hampaat","8":"product_cat-kuluvat-osat","9":"product_cat-lukot","11":"first","12":"instock","13":"taxable","14":"shipping-taxable","15":"purchasable","16":"product-type-simple"},"acf":[],"yoast_head":"<title>Lukko (E251) - Viggo Bendz<\/title>\n<meta name=\"robots\" content=\"index, follow, max-snippet:-1, max-image-preview:large, max-video-preview:-1\" \/>\n<link rel=\"canonical\" href=\"https:\/\/viggobendz.dk\/fi\/butik\/kuluvat-osat\/hampaat\/lukko-e251\/\" \/>\n<meta property=\"og:locale\" content=\"fi_FI\" \/>\n<meta property=\"og:type\" content=\"article\" \/>\n<meta property=\"og:title\" content=\"Lukko (E251) - Viggo Bendz\" \/>\n<meta property=\"og:description\" content=\"Boforsin lukko Sopii E150 ja E205 Boforsin hampaisiin.\" \/>\n<meta property=\"og:url\" content=\"https:\/\/viggobendz.dk\/fi\/butik\/kuluvat-osat\/hampaat\/lukko-e251\/\" \/>\n<meta property=\"og:site_name\" content=\"Viggo Bendz\" \/>\n<meta property=\"og:image\" content=\"https:\/\/viggobendz.dk\/wp-content\/uploads\/2020\/11\/bofors-laas-scaled-e1639393899140.jpg\" \/>\n\t<meta property=\"og:image:width\" content=\"800\" \/>\n\t<meta property=\"og:image:height\" content=\"450\" \/>\n\t<meta property=\"og:image:type\" content=\"image\/jpeg\" \/>\n<meta name=\"twitter:card\" content=\"summary_large_image\" \/>\n<script type=\"application\/ld+json\" class=\"yoast-schema-graph\">{\"@context\":\"https:\/\/schema.org\",\"@graph\":[{\"@type\":\"WebPage\",\"@id\":\"https:\/\/viggobendz.dk\/fi\/butik\/kuluvat-osat\/hampaat\/lukko-e251\/\",\"url\":\"https:\/\/viggobendz.dk\/fi\/butik\/kuluvat-osat\/hampaat\/lukko-e251\/\",\"name\":\"Lukko (E251) - Viggo Bendz\",\"isPartOf\":{\"@id\":\"https:\/\/viggobendz.dk\/fi\/#website\"},\"primaryImageOfPage\":{\"@id\":\"https:\/\/viggobendz.dk\/fi\/butik\/kuluvat-osat\/hampaat\/lukko-e251\/#primaryimage\"},\"image\":{\"@id\":\"https:\/\/viggobendz.dk\/fi\/butik\/kuluvat-osat\/hampaat\/lukko-e251\/#primaryimage\"},\"thumbnailUrl\":\"https:\/\/viggobendz.dk\/wp-content\/uploads\/2020\/11\/bofors-laas-scaled-e1639393899140.jpg\",\"datePublished\":\"2025-03-11T06:44:48+00:00\",\"breadcrumb\":{\"@id\":\"https:\/\/viggobendz.dk\/fi\/butik\/kuluvat-osat\/hampaat\/lukko-e251\/#breadcrumb\"},\"inLanguage\":\"fi\",\"potentialAction\":[{\"@type\":\"ReadAction\",\"target\":[\"https:\/\/viggobendz.dk\/fi\/butik\/kuluvat-osat\/hampaat\/lukko-e251\/\"]}]},{\"@type\":\"ImageObject\",\"inLanguage\":\"fi\",\"@id\":\"https:\/\/viggobendz.dk\/fi\/butik\/kuluvat-osat\/hampaat\/lukko-e251\/#primaryimage\",\"url\":\"https:\/\/viggobendz.dk\/wp-content\/uploads\/2020\/11\/bofors-laas-scaled-e1639393899140.jpg\",\"contentUrl\":\"https:\/\/viggobendz.dk\/wp-content\/uploads\/2020\/11\/bofors-laas-scaled-e1639393899140.jpg\",\"width\":800,\"height\":450,\"caption\":\"En l\u00e5s til bofors system\"},{\"@type\":\"BreadcrumbList\",\"@id\":\"https:\/\/viggobendz.dk\/fi\/butik\/kuluvat-osat\/hampaat\/lukko-e251\/#breadcrumb\",\"itemListElement\":[{\"@type\":\"ListItem\",\"position\":1,\"name\":\"Hjem\",\"item\":\"https:\/\/viggobendz.dk\/fi\/kotisivu\/\"},{\"@type\":\"ListItem\",\"position\":2,\"name\":\"Shop\",\"item\":\"https:\/\/viggobendz.dk\/butik\/\"},{\"@type\":\"ListItem\",\"position\":3,\"name\":\"Kuluvat osat\",\"item\":\"https:\/\/viggobendz.dk\/fi\/vare-kategori\/kuluvat-osat\/\"},{\"@type\":\"ListItem\",\"position\":4,\"name\":\"Hampaat\",\"item\":\"https:\/\/viggobendz.dk\/fi\/vare-kategori\/kuluvat-osat\/hampaat\/\"},{\"@type\":\"ListItem\",\"position\":5,\"name\":\"Bofors\",\"item\":\"https:\/\/viggobendz.dk\/fi\/vare-kategori\/kuluvat-osat\/hampaat\/bofors\/\"},{\"@type\":\"ListItem\",\"position\":6,\"name\":\"Lukot\",\"item\":\"https:\/\/viggobendz.dk\/fi\/vare-kategori\/kuluvat-osat\/hampaat\/bofors\/lukot\/\"},{\"@type\":\"ListItem\",\"position\":7,\"name\":\"Lukko (E251)\"}]},{\"@type\":\"WebSite\",\"@id\":\"https:\/\/viggobendz.dk\/fi\/#website\",\"url\":\"https:\/\/viggobendz.dk\/fi\/\",\"name\":\"Viggo Bendz\",\"description\":\"Det ansvarlige valg\",\"publisher\":{\"@id\":\"https:\/\/viggobendz.dk\/fi\/#organization\"},\"potentialAction\":[{\"@type\":\"SearchAction\",\"target\":{\"@type\":\"EntryPoint\",\"urlTemplate\":\"https:\/\/viggobendz.dk\/fi\/?s={search_term_string}\"},\"query-input\":{\"@type\":\"PropertyValueSpecification\",\"valueRequired\":true,\"valueName\":\"search_term_string\"}}],\"inLanguage\":\"fi\"},{\"@type\":\"Organization\",\"@id\":\"https:\/\/viggobendz.dk\/fi\/#organization\",\"name\":\"Viggo Bendz A\/S\",\"url\":\"https:\/\/viggobendz.dk\/fi\/\",\"logo\":{\"@type\":\"ImageObject\",\"inLanguage\":\"fi\",\"@id\":\"https:\/\/viggobendz.dk\/fi\/#\/schema\/logo\/image\/\",\"url\":\"https:\/\/viggobendz.dk\/wp-content\/uploads\/2020\/03\/VB-Logo.png\",\"contentUrl\":\"https:\/\/viggobendz.dk\/wp-content\/uploads\/2020\/03\/VB-Logo.png\",\"width\":735,\"height\":776,\"caption\":\"Viggo Bendz A\/S\"},\"image\":{\"@id\":\"https:\/\/viggobendz.dk\/fi\/#\/schema\/logo\/image\/\"}}]}<\/script>","yoast_head_json":{"title":"Lukko (E251) - Viggo Bendz","robots":{"index":"index","follow":"follow","max-snippet":"max-snippet:-1","max-image-preview":"max-image-preview:large","max-video-preview":"max-video-preview:-1"},"canonical":"https:\/\/viggobendz.dk\/fi\/butik\/kuluvat-osat\/hampaat\/lukko-e251\/","og_locale":"fi_FI","og_type":"article","og_title":"Lukko (E251) - Viggo Bendz","og_description":"Boforsin lukko Sopii E150 ja E205 Boforsin hampaisiin.","og_url":"https:\/\/viggobendz.dk\/fi\/butik\/kuluvat-osat\/hampaat\/lukko-e251\/","og_site_name":"Viggo Bendz","og_image":[{"width":800,"height":450,"url":"https:\/\/viggobendz.dk\/wp-content\/uploads\/2020\/11\/bofors-laas-scaled-e1639393899140.jpg","type":"image\/jpeg"}],"twitter_card":"summary_large_image","schema":{"@context":"https:\/\/schema.org","@graph":[{"@type":"WebPage","@id":"https:\/\/viggobendz.dk\/fi\/butik\/kuluvat-osat\/hampaat\/lukko-e251\/","url":"https:\/\/viggobendz.dk\/fi\/butik\/kuluvat-osat\/hampaat\/lukko-e251\/","name":"Lukko (E251) - Viggo Bendz","isPartOf":{"@id":"https:\/\/viggobendz.dk\/fi\/#website"},"primaryImageOfPage":{"@id":"https:\/\/viggobendz.dk\/fi\/butik\/kuluvat-osat\/hampaat\/lukko-e251\/#primaryimage"},"image":{"@id":"https:\/\/viggobendz.dk\/fi\/butik\/kuluvat-osat\/hampaat\/lukko-e251\/#primaryimage"},"thumbnailUrl":"https:\/\/viggobendz.dk\/wp-content\/uploads\/2020\/11\/bofors-laas-scaled-e1639393899140.jpg","datePublished":"2025-03-11T06:44:48+00:00","breadcrumb":{"@id":"https:\/\/viggobendz.dk\/fi\/butik\/kuluvat-osat\/hampaat\/lukko-e251\/#breadcrumb"},"inLanguage":"fi","potentialAction":[{"@type":"ReadAction","target":["https:\/\/viggobendz.dk\/fi\/butik\/kuluvat-osat\/hampaat\/lukko-e251\/"]}]},{"@type":"ImageObject","inLanguage":"fi","@id":"https:\/\/viggobendz.dk\/fi\/butik\/kuluvat-osat\/hampaat\/lukko-e251\/#primaryimage","url":"https:\/\/viggobendz.dk\/wp-content\/uploads\/2020\/11\/bofors-laas-scaled-e1639393899140.jpg","contentUrl":"https:\/\/viggobendz.dk\/wp-content\/uploads\/2020\/11\/bofors-laas-scaled-e1639393899140.jpg","width":800,"height":450,"caption":"En l\u00e5s til bofors system"},{"@type":"BreadcrumbList","@id":"https:\/\/viggobendz.dk\/fi\/butik\/kuluvat-osat\/hampaat\/lukko-e251\/#breadcrumb","itemListElement":[{"@type":"ListItem","position":1,"name":"Hjem","item":"https:\/\/viggobendz.dk\/fi\/kotisivu\/"},{"@type":"ListItem","position":2,"name":"Shop","item":"https:\/\/viggobendz.dk\/butik\/"},{"@type":"ListItem","position":3,"name":"Kuluvat osat","item":"https:\/\/viggobendz.dk\/fi\/vare-kategori\/kuluvat-osat\/"},{"@type":"ListItem","position":4,"name":"Hampaat","item":"https:\/\/viggobendz.dk\/fi\/vare-kategori\/kuluvat-osat\/hampaat\/"},{"@type":"ListItem","position":5,"name":"Bofors","item":"https:\/\/viggobendz.dk\/fi\/vare-kategori\/kuluvat-osat\/hampaat\/bofors\/"},{"@type":"ListItem","position":6,"name":"Lukot","item":"https:\/\/viggobendz.dk\/fi\/vare-kategori\/kuluvat-osat\/hampaat\/bofors\/lukot\/"},{"@type":"ListItem","position":7,"name":"Lukko (E251)"}]},{"@type":"WebSite","@id":"https:\/\/viggobendz.dk\/fi\/#website","url":"https:\/\/viggobendz.dk\/fi\/","name":"Viggo Bendz","description":"Det ansvarlige valg","publisher":{"@id":"https:\/\/viggobendz.dk\/fi\/#organization"},"potentialAction":[{"@type":"SearchAction","target":{"@type":"EntryPoint","urlTemplate":"https:\/\/viggobendz.dk\/fi\/?s={search_term_string}"},"query-input":{"@type":"PropertyValueSpecification","valueRequired":true,"valueName":"search_term_string"}}],"inLanguage":"fi"},{"@type":"Organization","@id":"https:\/\/viggobendz.dk\/fi\/#organization","name":"Viggo Bendz A\/S","url":"https:\/\/viggobendz.dk\/fi\/","logo":{"@type":"ImageObject","inLanguage":"fi","@id":"https:\/\/viggobendz.dk\/fi\/#\/schema\/logo\/image\/","url":"https:\/\/viggobendz.dk\/wp-content\/uploads\/2020\/03\/VB-Logo.png","contentUrl":"https:\/\/viggobendz.dk\/wp-content\/uploads\/2020\/03\/VB-Logo.png","width":735,"height":776,"caption":"Viggo Bendz A\/S"},"image":{"@id":"https:\/\/viggobendz.dk\/fi\/#\/schema\/logo\/image\/"}}]}},"_links":{"self":[{"href":"https:\/\/viggobendz.dk\/fi\/wp-json\/wp\/v2\/product\/27097","targetHints":{"allow":["GET"]}}],"collection":[{"href":"https:\/\/viggobendz.dk\/fi\/wp-json\/wp\/v2\/product"}],"about":[{"href":"https:\/\/viggobendz.dk\/fi\/wp-json\/wp\/v2\/types\/product"}],"wp:featuredmedia":[{"embeddable":true,"href":"https:\/\/viggobendz.dk\/fi\/wp-json\/wp\/v2\/media\/1781"}],"wp:attachment":[{"href":"https:\/\/viggobendz.dk\/fi\/wp-json\/wp\/v2\/media?parent=27097"}],"wp:term":[{"taxonomy":"product_brand","embeddable":true,"href":"https:\/\/viggobendz.dk\/fi\/wp-json\/wp\/v2\/product_brand?post=27097"},{"taxonomy":"product_cat","embeddable":true,"href":"https:\/\/viggobendz.dk\/fi\/wp-json\/wp\/v2\/product_cat?post=27097"},{"taxonomy":"product_tag","embeddable":true,"href":"https:\/\/viggobendz.dk\/fi\/wp-json\/wp\/v2\/product_tag?post=27097"}],"curies":[{"name":"wp","href":"https:\/\/api.w.org\/{rel}","templated":true}]}}