{"id":27139,"date":"2025-03-11T07:45:12","date_gmt":"2025-03-11T06:45:12","guid":{"rendered":"https:\/\/viggobendz.dk\/butik\/Ei-luokiteltu\/koneen-koko-4-5-tonnia\/"},"modified":"2025-03-11T07:45:12","modified_gmt":"2025-03-11T06:45:12","slug":"koneen-koko-4-5-tonnia","status":"publish","type":"product","link":"https:\/\/viggobendz.dk\/fi\/butik\/purkaminen\/sakset-ja-murskaimet\/hc-standard\/koneen-koko-4-5-tonnia\/","title":{"rendered":"Koneen koko: 4 &#8211; 5 tonnia"},"content":{"rendered":"<p data-start=\"0\" data-end=\"60\"><strong data-start=\"0\" data-end=\"58\">Trevi Bennen betonimurskain &#8211; Tehokas betonin purku ja kierr\u00e4tys<\/strong><\/p>\n<p data-start=\"62\" data-end=\"312\">Trevi Benne -betonimurskain on tehokas ja luotettava ratkaisu betonin purkuun rakennusteollisuudessa. Se on suunniteltu murskaamaan betonia tehokkaasti, erottelemaan raudoitustankoja ja optimoimaan materiaalin kierr\u00e4tys, joten se on ihanteellinen sek\u00e4 kokonaispurkuun ett\u00e4 valikoivaan purkamiseen. <\/p>\n<p data-start=\"314\" data-end=\"541\"><strong data-start=\"317\" data-end=\"342\">Tehokas murskaus<\/strong> &#8211; Hajottaa tehokkaasti betonin ja erottaa raudoitustangot.<br data-start=\"380\" data-end=\"383\"> Kest\u00e4v\u00e4<strong data-start=\"386\" data-end=\"418\">rakenne<\/strong> &#8211; Suunniteltu intensiiviseen k\u00e4ytt\u00f6\u00f6n vaativissa ymp\u00e4rist\u00f6iss\u00e4.<br data-start=\"453\" data-end=\"456\"><strong data-start=\"459\" data-end=\"485\">Maksimaalinen kierr\u00e4tys<\/strong> &#8211; Optimoi materiaalien erottelun ja v\u00e4hent\u00e4\u00e4 j\u00e4tett\u00e4.<\/p>\n","protected":false},"excerpt":{"rendered":"<p>HC betonimurskain Trevi Benneilt\u00e4<\/p>\n","protected":false},"featured_media":19903,"template":"","meta":{"_acf_changed":false},"product_brand":[],"product_cat":[2814,2812,2813],"product_tag":[],"class_list":{"0":"post-27139","1":"product","2":"type-product","3":"status-publish","4":"has-post-thumbnail","6":"product_cat-hc-standard","7":"product_cat-purkaminen","8":"product_cat-sakset-ja-murskaimet","9":"pa_type-2-ensisijainen-purku","11":"first","12":"instock","13":"taxable","14":"shipping-taxable","15":"product-type-simple"},"acf":[],"yoast_head":"<title>Koneen koko: 4 - 5 tonnia - Viggo Bendz<\/title>\n<meta name=\"robots\" content=\"index, follow, max-snippet:-1, max-image-preview:large, max-video-preview:-1\" \/>\n<link rel=\"canonical\" href=\"https:\/\/viggobendz.dk\/fi\/butik\/purkaminen\/sakset-ja-murskaimet\/hc-standard\/koneen-koko-4-5-tonnia\/\" \/>\n<meta property=\"og:locale\" content=\"fi_FI\" \/>\n<meta property=\"og:type\" content=\"article\" \/>\n<meta property=\"og:title\" content=\"Koneen koko: 4 - 5 tonnia - Viggo Bendz\" \/>\n<meta property=\"og:description\" content=\"HC betonimurskain Trevi Benneilt\u00e4\" \/>\n<meta property=\"og:url\" content=\"https:\/\/viggobendz.dk\/fi\/butik\/purkaminen\/sakset-ja-murskaimet\/hc-standard\/koneen-koko-4-5-tonnia\/\" \/>\n<meta property=\"og:site_name\" content=\"Viggo Bendz\" \/>\n<meta property=\"og:image\" content=\"https:\/\/viggobendz.dk\/wp-content\/uploads\/2025\/02\/HC_SERIES-1.jpg\" \/>\n\t<meta property=\"og:image:width\" content=\"650\" \/>\n\t<meta property=\"og:image:height\" content=\"492\" \/>\n\t<meta property=\"og:image:type\" content=\"image\/jpeg\" \/>\n<meta name=\"twitter:card\" content=\"summary_large_image\" \/>\n<script type=\"application\/ld+json\" class=\"yoast-schema-graph\">{\"@context\":\"https:\/\/schema.org\",\"@graph\":[{\"@type\":\"WebPage\",\"@id\":\"https:\/\/viggobendz.dk\/fi\/butik\/purkaminen\/sakset-ja-murskaimet\/hc-standard\/koneen-koko-4-5-tonnia\/\",\"url\":\"https:\/\/viggobendz.dk\/fi\/butik\/purkaminen\/sakset-ja-murskaimet\/hc-standard\/koneen-koko-4-5-tonnia\/\",\"name\":\"Koneen koko: 4 - 5 tonnia - Viggo Bendz\",\"isPartOf\":{\"@id\":\"https:\/\/viggobendz.dk\/fi\/#website\"},\"primaryImageOfPage\":{\"@id\":\"https:\/\/viggobendz.dk\/fi\/butik\/purkaminen\/sakset-ja-murskaimet\/hc-standard\/koneen-koko-4-5-tonnia\/#primaryimage\"},\"image\":{\"@id\":\"https:\/\/viggobendz.dk\/fi\/butik\/purkaminen\/sakset-ja-murskaimet\/hc-standard\/koneen-koko-4-5-tonnia\/#primaryimage\"},\"thumbnailUrl\":\"https:\/\/viggobendz.dk\/wp-content\/uploads\/2025\/02\/HC_SERIES-1.jpg\",\"datePublished\":\"2025-03-11T06:45:12+00:00\",\"breadcrumb\":{\"@id\":\"https:\/\/viggobendz.dk\/fi\/butik\/purkaminen\/sakset-ja-murskaimet\/hc-standard\/koneen-koko-4-5-tonnia\/#breadcrumb\"},\"inLanguage\":\"fi\",\"potentialAction\":[{\"@type\":\"ReadAction\",\"target\":[\"https:\/\/viggobendz.dk\/fi\/butik\/purkaminen\/sakset-ja-murskaimet\/hc-standard\/koneen-koko-4-5-tonnia\/\"]}]},{\"@type\":\"ImageObject\",\"inLanguage\":\"fi\",\"@id\":\"https:\/\/viggobendz.dk\/fi\/butik\/purkaminen\/sakset-ja-murskaimet\/hc-standard\/koneen-koko-4-5-tonnia\/#primaryimage\",\"url\":\"https:\/\/viggobendz.dk\/wp-content\/uploads\/2025\/02\/HC_SERIES-1.jpg\",\"contentUrl\":\"https:\/\/viggobendz.dk\/wp-content\/uploads\/2025\/02\/HC_SERIES-1.jpg\",\"width\":650,\"height\":492},{\"@type\":\"BreadcrumbList\",\"@id\":\"https:\/\/viggobendz.dk\/fi\/butik\/purkaminen\/sakset-ja-murskaimet\/hc-standard\/koneen-koko-4-5-tonnia\/#breadcrumb\",\"itemListElement\":[{\"@type\":\"ListItem\",\"position\":1,\"name\":\"Hjem\",\"item\":\"https:\/\/viggobendz.dk\/fi\/kotisivu\/\"},{\"@type\":\"ListItem\",\"position\":2,\"name\":\"Shop\",\"item\":\"https:\/\/viggobendz.dk\/butik\/\"},{\"@type\":\"ListItem\",\"position\":3,\"name\":\"Koneen koko: 4 &#8211; 5 tonnia\"}]},{\"@type\":\"WebSite\",\"@id\":\"https:\/\/viggobendz.dk\/fi\/#website\",\"url\":\"https:\/\/viggobendz.dk\/fi\/\",\"name\":\"Viggo Bendz\",\"description\":\"Det ansvarlige valg\",\"publisher\":{\"@id\":\"https:\/\/viggobendz.dk\/fi\/#organization\"},\"potentialAction\":[{\"@type\":\"SearchAction\",\"target\":{\"@type\":\"EntryPoint\",\"urlTemplate\":\"https:\/\/viggobendz.dk\/fi\/?s={search_term_string}\"},\"query-input\":{\"@type\":\"PropertyValueSpecification\",\"valueRequired\":true,\"valueName\":\"search_term_string\"}}],\"inLanguage\":\"fi\"},{\"@type\":\"Organization\",\"@id\":\"https:\/\/viggobendz.dk\/fi\/#organization\",\"name\":\"Viggo Bendz A\/S\",\"url\":\"https:\/\/viggobendz.dk\/fi\/\",\"logo\":{\"@type\":\"ImageObject\",\"inLanguage\":\"fi\",\"@id\":\"https:\/\/viggobendz.dk\/fi\/#\/schema\/logo\/image\/\",\"url\":\"https:\/\/viggobendz.dk\/wp-content\/uploads\/2020\/03\/VB-Logo.png\",\"contentUrl\":\"https:\/\/viggobendz.dk\/wp-content\/uploads\/2020\/03\/VB-Logo.png\",\"width\":735,\"height\":776,\"caption\":\"Viggo Bendz A\/S\"},\"image\":{\"@id\":\"https:\/\/viggobendz.dk\/fi\/#\/schema\/logo\/image\/\"}}]}<\/script>","yoast_head_json":{"title":"Koneen koko: 4 - 5 tonnia - Viggo Bendz","robots":{"index":"index","follow":"follow","max-snippet":"max-snippet:-1","max-image-preview":"max-image-preview:large","max-video-preview":"max-video-preview:-1"},"canonical":"https:\/\/viggobendz.dk\/fi\/butik\/purkaminen\/sakset-ja-murskaimet\/hc-standard\/koneen-koko-4-5-tonnia\/","og_locale":"fi_FI","og_type":"article","og_title":"Koneen koko: 4 - 5 tonnia - Viggo Bendz","og_description":"HC betonimurskain Trevi Benneilt\u00e4","og_url":"https:\/\/viggobendz.dk\/fi\/butik\/purkaminen\/sakset-ja-murskaimet\/hc-standard\/koneen-koko-4-5-tonnia\/","og_site_name":"Viggo Bendz","og_image":[{"width":650,"height":492,"url":"https:\/\/viggobendz.dk\/wp-content\/uploads\/2025\/02\/HC_SERIES-1.jpg","type":"image\/jpeg"}],"twitter_card":"summary_large_image","schema":{"@context":"https:\/\/schema.org","@graph":[{"@type":"WebPage","@id":"https:\/\/viggobendz.dk\/fi\/butik\/purkaminen\/sakset-ja-murskaimet\/hc-standard\/koneen-koko-4-5-tonnia\/","url":"https:\/\/viggobendz.dk\/fi\/butik\/purkaminen\/sakset-ja-murskaimet\/hc-standard\/koneen-koko-4-5-tonnia\/","name":"Koneen koko: 4 - 5 tonnia - Viggo Bendz","isPartOf":{"@id":"https:\/\/viggobendz.dk\/fi\/#website"},"primaryImageOfPage":{"@id":"https:\/\/viggobendz.dk\/fi\/butik\/purkaminen\/sakset-ja-murskaimet\/hc-standard\/koneen-koko-4-5-tonnia\/#primaryimage"},"image":{"@id":"https:\/\/viggobendz.dk\/fi\/butik\/purkaminen\/sakset-ja-murskaimet\/hc-standard\/koneen-koko-4-5-tonnia\/#primaryimage"},"thumbnailUrl":"https:\/\/viggobendz.dk\/wp-content\/uploads\/2025\/02\/HC_SERIES-1.jpg","datePublished":"2025-03-11T06:45:12+00:00","breadcrumb":{"@id":"https:\/\/viggobendz.dk\/fi\/butik\/purkaminen\/sakset-ja-murskaimet\/hc-standard\/koneen-koko-4-5-tonnia\/#breadcrumb"},"inLanguage":"fi","potentialAction":[{"@type":"ReadAction","target":["https:\/\/viggobendz.dk\/fi\/butik\/purkaminen\/sakset-ja-murskaimet\/hc-standard\/koneen-koko-4-5-tonnia\/"]}]},{"@type":"ImageObject","inLanguage":"fi","@id":"https:\/\/viggobendz.dk\/fi\/butik\/purkaminen\/sakset-ja-murskaimet\/hc-standard\/koneen-koko-4-5-tonnia\/#primaryimage","url":"https:\/\/viggobendz.dk\/wp-content\/uploads\/2025\/02\/HC_SERIES-1.jpg","contentUrl":"https:\/\/viggobendz.dk\/wp-content\/uploads\/2025\/02\/HC_SERIES-1.jpg","width":650,"height":492},{"@type":"BreadcrumbList","@id":"https:\/\/viggobendz.dk\/fi\/butik\/purkaminen\/sakset-ja-murskaimet\/hc-standard\/koneen-koko-4-5-tonnia\/#breadcrumb","itemListElement":[{"@type":"ListItem","position":1,"name":"Hjem","item":"https:\/\/viggobendz.dk\/fi\/kotisivu\/"},{"@type":"ListItem","position":2,"name":"Shop","item":"https:\/\/viggobendz.dk\/butik\/"},{"@type":"ListItem","position":3,"name":"Koneen koko: 4 &#8211; 5 tonnia"}]},{"@type":"WebSite","@id":"https:\/\/viggobendz.dk\/fi\/#website","url":"https:\/\/viggobendz.dk\/fi\/","name":"Viggo Bendz","description":"Det ansvarlige valg","publisher":{"@id":"https:\/\/viggobendz.dk\/fi\/#organization"},"potentialAction":[{"@type":"SearchAction","target":{"@type":"EntryPoint","urlTemplate":"https:\/\/viggobendz.dk\/fi\/?s={search_term_string}"},"query-input":{"@type":"PropertyValueSpecification","valueRequired":true,"valueName":"search_term_string"}}],"inLanguage":"fi"},{"@type":"Organization","@id":"https:\/\/viggobendz.dk\/fi\/#organization","name":"Viggo Bendz A\/S","url":"https:\/\/viggobendz.dk\/fi\/","logo":{"@type":"ImageObject","inLanguage":"fi","@id":"https:\/\/viggobendz.dk\/fi\/#\/schema\/logo\/image\/","url":"https:\/\/viggobendz.dk\/wp-content\/uploads\/2020\/03\/VB-Logo.png","contentUrl":"https:\/\/viggobendz.dk\/wp-content\/uploads\/2020\/03\/VB-Logo.png","width":735,"height":776,"caption":"Viggo Bendz A\/S"},"image":{"@id":"https:\/\/viggobendz.dk\/fi\/#\/schema\/logo\/image\/"}}]}},"_links":{"self":[{"href":"https:\/\/viggobendz.dk\/fi\/wp-json\/wp\/v2\/product\/27139","targetHints":{"allow":["GET"]}}],"collection":[{"href":"https:\/\/viggobendz.dk\/fi\/wp-json\/wp\/v2\/product"}],"about":[{"href":"https:\/\/viggobendz.dk\/fi\/wp-json\/wp\/v2\/types\/product"}],"wp:featuredmedia":[{"embeddable":true,"href":"https:\/\/viggobendz.dk\/fi\/wp-json\/wp\/v2\/media\/19903"}],"wp:attachment":[{"href":"https:\/\/viggobendz.dk\/fi\/wp-json\/wp\/v2\/media?parent=27139"}],"wp:term":[{"taxonomy":"product_brand","embeddable":true,"href":"https:\/\/viggobendz.dk\/fi\/wp-json\/wp\/v2\/product_brand?post=27139"},{"taxonomy":"product_cat","embeddable":true,"href":"https:\/\/viggobendz.dk\/fi\/wp-json\/wp\/v2\/product_cat?post=27139"},{"taxonomy":"product_tag","embeddable":true,"href":"https:\/\/viggobendz.dk\/fi\/wp-json\/wp\/v2\/product_tag?post=27139"}],"curies":[{"name":"wp","href":"https:\/\/api.w.org\/{rel}","templated":true}]}}