{"id":27305,"date":"2025-03-11T07:46:11","date_gmt":"2025-03-11T06:46:11","guid":{"rendered":"https:\/\/viggobendz.dk\/butik\/Ei-luokiteltu\/70-90-tonnia\/"},"modified":"2025-03-11T07:46:11","modified_gmt":"2025-03-11T06:46:11","slug":"70-90-tonnia","status":"publish","type":"product","link":"https:\/\/viggobendz.dk\/fi\/butik\/purkaminen\/sakset-ja-murskaimet\/cs-sarja\/70-90-tonnia\/","title":{"rendered":"70-90 tonnia"},"content":{"rendered":"<p data-start=\"0\" data-end=\"60\"><strong data-start=\"0\" data-end=\"58\">Trevi Bennen CS-sarjan rautasakset &#8211; Ter\u00e4ksen ja raudoitustangon tehokas leikkaus.<\/strong><\/p>\n<p data-start=\"61\" data-end=\"200\">Trevi Benne CS-sarja on tehokas ja kompakti rautaleikkuri, joka on kehitetty vaativiin romutus- ja purkusovelluksiin. Se on suunniteltu leikkaamaan ter\u00e4st\u00e4, betoniter\u00e4st\u00e4 ja muita metallirakenteita suurella tarkkuudella ja teholla. Kest\u00e4v\u00e4n rakenteensa ja tehokkaan hydrauliikkansa ansiosta CS-sarja takaa nopean ja luotettavan materiaalink\u00e4sittelyn.  <\/p>\n<ul>\n<li data-start=\"201\" data-end=\"260\"><strong data-start=\"201\" data-end=\"259\">\u00c4\u00e4rimm\u00e4inen leikkuuteho<\/strong> &#8211; Tehokas ter\u00e4ksen ja raudoitustangon leikkaus kaikissa paksuuksissa.<\/li>\n<li data-start=\"261\" data-end=\"320\"><strong data-start=\"261\" data-end=\"319\">Kompakti muotoilu<\/strong> &#8211; Ihanteellinen ty\u00f6skentelyyn ahtaissa tiloissa suorituskyvyst\u00e4 tinkim\u00e4tt\u00e4.<\/li>\n<li data-start=\"321\" data-end=\"380\"><strong data-start=\"321\" data-end=\"379\">Kest\u00e4v\u00e4 rakenne<\/strong> &#8211; Vahvistetut ter\u00e4t ja vankka runko takaavat pitk\u00e4n k\u00e4ytt\u00f6i\u00e4n.<\/li>\n<\/ul>\n<p data-start=\"381\" data-end=\"440\">Trevi Benne CS -sarjan rautaleikkurilla saat luotettavan ja suorituskykyisen ratkaisun, joka optimoi romutus- ja purkuty\u00f6t.<\/p>\n","protected":false},"excerpt":{"rendered":"<p>Rautasakset Trevi Benneilt\u00e4<\/p>\n","protected":false},"featured_media":11112,"template":"","meta":{"_acf_changed":false},"product_brand":[],"product_cat":[6993,2812,2813],"product_tag":[],"class_list":{"0":"post-27305","1":"product","2":"type-product","3":"status-publish","4":"has-post-thumbnail","6":"product_cat-cs-sarja","7":"product_cat-purkaminen","8":"product_cat-sakset-ja-murskaimet","9":"pa_type-2-standardi","11":"first","12":"instock","13":"taxable","14":"shipping-taxable","15":"product-type-simple"},"acf":[],"yoast_head":"<title>70-90 tonnia - Viggo Bendz<\/title>\n<meta name=\"robots\" content=\"index, follow, max-snippet:-1, max-image-preview:large, max-video-preview:-1\" \/>\n<link rel=\"canonical\" href=\"https:\/\/viggobendz.dk\/fi\/butik\/purkaminen\/sakset-ja-murskaimet\/cs-sarja\/70-90-tonnia\/\" \/>\n<meta property=\"og:locale\" content=\"fi_FI\" \/>\n<meta property=\"og:type\" content=\"article\" \/>\n<meta property=\"og:title\" content=\"70-90 tonnia - Viggo Bendz\" \/>\n<meta property=\"og:description\" content=\"Rautasakset Trevi Benneilt\u00e4\" \/>\n<meta property=\"og:url\" content=\"https:\/\/viggobendz.dk\/fi\/butik\/purkaminen\/sakset-ja-murskaimet\/cs-sarja\/70-90-tonnia\/\" \/>\n<meta property=\"og:site_name\" content=\"Viggo Bendz\" \/>\n<meta property=\"og:image\" content=\"https:\/\/viggobendz.dk\/wp-content\/uploads\/2024\/11\/CS-SERIES-Photoroom.png\" \/>\n\t<meta property=\"og:image:width\" content=\"1414\" \/>\n\t<meta property=\"og:image:height\" content=\"2000\" \/>\n\t<meta property=\"og:image:type\" content=\"image\/png\" \/>\n<meta name=\"twitter:card\" content=\"summary_large_image\" \/>\n<meta name=\"twitter:label1\" content=\"Arvioitu lukuaika\" \/>\n\t<meta name=\"twitter:data1\" content=\"1 minuutti\" \/>\n<script type=\"application\/ld+json\" class=\"yoast-schema-graph\">{\"@context\":\"https:\/\/schema.org\",\"@graph\":[{\"@type\":\"WebPage\",\"@id\":\"https:\/\/viggobendz.dk\/fi\/butik\/purkaminen\/sakset-ja-murskaimet\/cs-sarja\/70-90-tonnia\/\",\"url\":\"https:\/\/viggobendz.dk\/fi\/butik\/purkaminen\/sakset-ja-murskaimet\/cs-sarja\/70-90-tonnia\/\",\"name\":\"70-90 tonnia - Viggo Bendz\",\"isPartOf\":{\"@id\":\"https:\/\/viggobendz.dk\/fi\/#website\"},\"primaryImageOfPage\":{\"@id\":\"https:\/\/viggobendz.dk\/fi\/butik\/purkaminen\/sakset-ja-murskaimet\/cs-sarja\/70-90-tonnia\/#primaryimage\"},\"image\":{\"@id\":\"https:\/\/viggobendz.dk\/fi\/butik\/purkaminen\/sakset-ja-murskaimet\/cs-sarja\/70-90-tonnia\/#primaryimage\"},\"thumbnailUrl\":\"https:\/\/viggobendz.dk\/wp-content\/uploads\/2024\/11\/CS-SERIES-Photoroom.png\",\"datePublished\":\"2025-03-11T06:46:11+00:00\",\"breadcrumb\":{\"@id\":\"https:\/\/viggobendz.dk\/fi\/butik\/purkaminen\/sakset-ja-murskaimet\/cs-sarja\/70-90-tonnia\/#breadcrumb\"},\"inLanguage\":\"fi\",\"potentialAction\":[{\"@type\":\"ReadAction\",\"target\":[\"https:\/\/viggobendz.dk\/fi\/butik\/purkaminen\/sakset-ja-murskaimet\/cs-sarja\/70-90-tonnia\/\"]}]},{\"@type\":\"ImageObject\",\"inLanguage\":\"fi\",\"@id\":\"https:\/\/viggobendz.dk\/fi\/butik\/purkaminen\/sakset-ja-murskaimet\/cs-sarja\/70-90-tonnia\/#primaryimage\",\"url\":\"https:\/\/viggobendz.dk\/wp-content\/uploads\/2024\/11\/CS-SERIES-Photoroom.png\",\"contentUrl\":\"https:\/\/viggobendz.dk\/wp-content\/uploads\/2024\/11\/CS-SERIES-Photoroom.png\",\"width\":1414,\"height\":2000},{\"@type\":\"BreadcrumbList\",\"@id\":\"https:\/\/viggobendz.dk\/fi\/butik\/purkaminen\/sakset-ja-murskaimet\/cs-sarja\/70-90-tonnia\/#breadcrumb\",\"itemListElement\":[{\"@type\":\"ListItem\",\"position\":1,\"name\":\"Hjem\",\"item\":\"https:\/\/viggobendz.dk\/fi\/kotisivu\/\"},{\"@type\":\"ListItem\",\"position\":2,\"name\":\"Shop\",\"item\":\"https:\/\/viggobendz.dk\/butik\/\"},{\"@type\":\"ListItem\",\"position\":3,\"name\":\"Purkaminen\",\"item\":\"https:\/\/viggobendz.dk\/fi\/vare-kategori\/purkaminen\/\"},{\"@type\":\"ListItem\",\"position\":4,\"name\":\"Sakset ja murskaimet\",\"item\":\"https:\/\/viggobendz.dk\/fi\/vare-kategori\/purkaminen\/sakset-ja-murskaimet\/\"},{\"@type\":\"ListItem\",\"position\":5,\"name\":\"CS-sarja\",\"item\":\"https:\/\/viggobendz.dk\/fi\/vare-kategori\/purkaminen\/sakset-ja-murskaimet\/cs-sarja\/\"},{\"@type\":\"ListItem\",\"position\":6,\"name\":\"70-90 tonnia\"}]},{\"@type\":\"WebSite\",\"@id\":\"https:\/\/viggobendz.dk\/fi\/#website\",\"url\":\"https:\/\/viggobendz.dk\/fi\/\",\"name\":\"Viggo Bendz\",\"description\":\"Det ansvarlige valg\",\"publisher\":{\"@id\":\"https:\/\/viggobendz.dk\/fi\/#organization\"},\"potentialAction\":[{\"@type\":\"SearchAction\",\"target\":{\"@type\":\"EntryPoint\",\"urlTemplate\":\"https:\/\/viggobendz.dk\/fi\/?s={search_term_string}\"},\"query-input\":{\"@type\":\"PropertyValueSpecification\",\"valueRequired\":true,\"valueName\":\"search_term_string\"}}],\"inLanguage\":\"fi\"},{\"@type\":\"Organization\",\"@id\":\"https:\/\/viggobendz.dk\/fi\/#organization\",\"name\":\"Viggo Bendz A\/S\",\"url\":\"https:\/\/viggobendz.dk\/fi\/\",\"logo\":{\"@type\":\"ImageObject\",\"inLanguage\":\"fi\",\"@id\":\"https:\/\/viggobendz.dk\/fi\/#\/schema\/logo\/image\/\",\"url\":\"https:\/\/viggobendz.dk\/wp-content\/uploads\/2020\/03\/VB-Logo.png\",\"contentUrl\":\"https:\/\/viggobendz.dk\/wp-content\/uploads\/2020\/03\/VB-Logo.png\",\"width\":735,\"height\":776,\"caption\":\"Viggo Bendz A\/S\"},\"image\":{\"@id\":\"https:\/\/viggobendz.dk\/fi\/#\/schema\/logo\/image\/\"}}]}<\/script>","yoast_head_json":{"title":"70-90 tonnia - Viggo Bendz","robots":{"index":"index","follow":"follow","max-snippet":"max-snippet:-1","max-image-preview":"max-image-preview:large","max-video-preview":"max-video-preview:-1"},"canonical":"https:\/\/viggobendz.dk\/fi\/butik\/purkaminen\/sakset-ja-murskaimet\/cs-sarja\/70-90-tonnia\/","og_locale":"fi_FI","og_type":"article","og_title":"70-90 tonnia - Viggo Bendz","og_description":"Rautasakset Trevi Benneilt\u00e4","og_url":"https:\/\/viggobendz.dk\/fi\/butik\/purkaminen\/sakset-ja-murskaimet\/cs-sarja\/70-90-tonnia\/","og_site_name":"Viggo Bendz","og_image":[{"width":1414,"height":2000,"url":"https:\/\/viggobendz.dk\/wp-content\/uploads\/2024\/11\/CS-SERIES-Photoroom.png","type":"image\/png"}],"twitter_card":"summary_large_image","twitter_misc":{"Arvioitu lukuaika":"1 minuutti"},"schema":{"@context":"https:\/\/schema.org","@graph":[{"@type":"WebPage","@id":"https:\/\/viggobendz.dk\/fi\/butik\/purkaminen\/sakset-ja-murskaimet\/cs-sarja\/70-90-tonnia\/","url":"https:\/\/viggobendz.dk\/fi\/butik\/purkaminen\/sakset-ja-murskaimet\/cs-sarja\/70-90-tonnia\/","name":"70-90 tonnia - Viggo Bendz","isPartOf":{"@id":"https:\/\/viggobendz.dk\/fi\/#website"},"primaryImageOfPage":{"@id":"https:\/\/viggobendz.dk\/fi\/butik\/purkaminen\/sakset-ja-murskaimet\/cs-sarja\/70-90-tonnia\/#primaryimage"},"image":{"@id":"https:\/\/viggobendz.dk\/fi\/butik\/purkaminen\/sakset-ja-murskaimet\/cs-sarja\/70-90-tonnia\/#primaryimage"},"thumbnailUrl":"https:\/\/viggobendz.dk\/wp-content\/uploads\/2024\/11\/CS-SERIES-Photoroom.png","datePublished":"2025-03-11T06:46:11+00:00","breadcrumb":{"@id":"https:\/\/viggobendz.dk\/fi\/butik\/purkaminen\/sakset-ja-murskaimet\/cs-sarja\/70-90-tonnia\/#breadcrumb"},"inLanguage":"fi","potentialAction":[{"@type":"ReadAction","target":["https:\/\/viggobendz.dk\/fi\/butik\/purkaminen\/sakset-ja-murskaimet\/cs-sarja\/70-90-tonnia\/"]}]},{"@type":"ImageObject","inLanguage":"fi","@id":"https:\/\/viggobendz.dk\/fi\/butik\/purkaminen\/sakset-ja-murskaimet\/cs-sarja\/70-90-tonnia\/#primaryimage","url":"https:\/\/viggobendz.dk\/wp-content\/uploads\/2024\/11\/CS-SERIES-Photoroom.png","contentUrl":"https:\/\/viggobendz.dk\/wp-content\/uploads\/2024\/11\/CS-SERIES-Photoroom.png","width":1414,"height":2000},{"@type":"BreadcrumbList","@id":"https:\/\/viggobendz.dk\/fi\/butik\/purkaminen\/sakset-ja-murskaimet\/cs-sarja\/70-90-tonnia\/#breadcrumb","itemListElement":[{"@type":"ListItem","position":1,"name":"Hjem","item":"https:\/\/viggobendz.dk\/fi\/kotisivu\/"},{"@type":"ListItem","position":2,"name":"Shop","item":"https:\/\/viggobendz.dk\/butik\/"},{"@type":"ListItem","position":3,"name":"Purkaminen","item":"https:\/\/viggobendz.dk\/fi\/vare-kategori\/purkaminen\/"},{"@type":"ListItem","position":4,"name":"Sakset ja murskaimet","item":"https:\/\/viggobendz.dk\/fi\/vare-kategori\/purkaminen\/sakset-ja-murskaimet\/"},{"@type":"ListItem","position":5,"name":"CS-sarja","item":"https:\/\/viggobendz.dk\/fi\/vare-kategori\/purkaminen\/sakset-ja-murskaimet\/cs-sarja\/"},{"@type":"ListItem","position":6,"name":"70-90 tonnia"}]},{"@type":"WebSite","@id":"https:\/\/viggobendz.dk\/fi\/#website","url":"https:\/\/viggobendz.dk\/fi\/","name":"Viggo Bendz","description":"Det ansvarlige valg","publisher":{"@id":"https:\/\/viggobendz.dk\/fi\/#organization"},"potentialAction":[{"@type":"SearchAction","target":{"@type":"EntryPoint","urlTemplate":"https:\/\/viggobendz.dk\/fi\/?s={search_term_string}"},"query-input":{"@type":"PropertyValueSpecification","valueRequired":true,"valueName":"search_term_string"}}],"inLanguage":"fi"},{"@type":"Organization","@id":"https:\/\/viggobendz.dk\/fi\/#organization","name":"Viggo Bendz A\/S","url":"https:\/\/viggobendz.dk\/fi\/","logo":{"@type":"ImageObject","inLanguage":"fi","@id":"https:\/\/viggobendz.dk\/fi\/#\/schema\/logo\/image\/","url":"https:\/\/viggobendz.dk\/wp-content\/uploads\/2020\/03\/VB-Logo.png","contentUrl":"https:\/\/viggobendz.dk\/wp-content\/uploads\/2020\/03\/VB-Logo.png","width":735,"height":776,"caption":"Viggo Bendz A\/S"},"image":{"@id":"https:\/\/viggobendz.dk\/fi\/#\/schema\/logo\/image\/"}}]}},"_links":{"self":[{"href":"https:\/\/viggobendz.dk\/fi\/wp-json\/wp\/v2\/product\/27305","targetHints":{"allow":["GET"]}}],"collection":[{"href":"https:\/\/viggobendz.dk\/fi\/wp-json\/wp\/v2\/product"}],"about":[{"href":"https:\/\/viggobendz.dk\/fi\/wp-json\/wp\/v2\/types\/product"}],"wp:featuredmedia":[{"embeddable":true,"href":"https:\/\/viggobendz.dk\/fi\/wp-json\/wp\/v2\/media\/11112"}],"wp:attachment":[{"href":"https:\/\/viggobendz.dk\/fi\/wp-json\/wp\/v2\/media?parent=27305"}],"wp:term":[{"taxonomy":"product_brand","embeddable":true,"href":"https:\/\/viggobendz.dk\/fi\/wp-json\/wp\/v2\/product_brand?post=27305"},{"taxonomy":"product_cat","embeddable":true,"href":"https:\/\/viggobendz.dk\/fi\/wp-json\/wp\/v2\/product_cat?post=27305"},{"taxonomy":"product_tag","embeddable":true,"href":"https:\/\/viggobendz.dk\/fi\/wp-json\/wp\/v2\/product_tag?post=27305"}],"curies":[{"name":"wp","href":"https:\/\/api.w.org\/{rel}","templated":true}]}}