{"id":27637,"date":"2025-03-11T07:44:06","date_gmt":"2025-03-11T06:44:06","guid":{"rendered":"https:\/\/viggobendz.dk\/butik\/Ei-luokiteltu\/254\/"},"modified":"2025-03-11T07:44:06","modified_gmt":"2025-03-11T06:44:06","slug":"254","status":"publish","type":"product","link":"https:\/\/viggobendz.dk\/fi\/butik\/kuluvat-osat\/teraes\/nuolen-terae\/254\/","title":{"rendered":"254"},"content":{"rendered":"<p data-start=\"69\" data-end=\"343\">Nuoliter\u00e4 on suunniteltu varmistamaan optimaalinen tunkeutuminen koviin materiaaleihin ja suojaamaan kauhan etuosaa kulumiselta. Se hitsataan suoraan kauhaan, ja sit\u00e4 k\u00e4ytet\u00e4\u00e4n yleens\u00e4 kaivinkoneissa ja kuormaajissa, jotka ty\u00f6skentelev\u00e4t vaikeissa olosuhteissa, joissa on tiivist\u00e4 maata, kalliota tai muuta raskasta materiaalia. <\/p>\n<p data-start=\"345\" data-end=\"609\">  <strong data-start=\"348\" data-end=\"376\">Tehokas tunkeutuminen<\/strong> &#8211; Leikkaa kovat pinnat helpommin.<br data-start=\"418\" data-end=\"421\"> <strong data-start=\"424\" data-end=\"462\">Hitsautettu maksimaalista kest\u00e4vyytt\u00e4 varten<\/strong> &#8211; Vankka ratkaisu pitk\u00e4aikaiseen suojaukseen.<br data-start=\"508\" data-end=\"511\"> <strong data-start=\"514\" data-end=\"543\">V\u00e4hent\u00e4\u00e4 kauhan kulumista<\/strong> &#8211; Pident\u00e4\u00e4 k\u00e4ytt\u00f6ik\u00e4\u00e4 ja v\u00e4hent\u00e4\u00e4 huoltokustannuksia.<\/p>\n<p data-start=\"611\" data-end=\"708\" data-is-last-node=\"&gt;Med pilesk\u00e6r sikrer du bedre ydeevne og mindre slid p\u00e5 din skovl, selv under de h\u00e5rdeste forhold.&lt;\/p&gt; &lt;p data-start=\" https:=\"\"><span style=\"color: #bf8c2f;\"><strong>Tietolehti<\/strong><\/span><\/p>\n","protected":false},"excerpt":{"rendered":"<p>Nuoliter\u00e4 on suunniteltu varmistamaan optimaalinen tunkeutuminen koviin materiaaleihin ja suojaamaan kauhan etuosaa kulumiselta. Se hitsataan suoraan kauhaan, ja sit\u00e4 k\u00e4ytet\u00e4\u00e4n yleens\u00e4 kaivinkoneissa ja kuormaajissa, jotka ty\u00f6skentelev\u00e4t vaikeissa olosuhteissa, joissa on tiivist\u00e4 maata, kalliota tai muuta raskasta materiaalia. <\/p>\n","protected":false},"featured_media":16491,"template":"","meta":{"_acf_changed":false},"product_brand":[],"product_cat":[2671,9564,9546],"product_tag":[],"class_list":{"0":"post-27637","1":"product","2":"type-product","3":"status-publish","4":"has-post-thumbnail","6":"product_cat-kuluvat-osat","7":"product_cat-nuolen-terae","8":"product_cat-teraes","10":"first","11":"instock","12":"taxable","13":"shipping-taxable","14":"purchasable","15":"product-type-simple"},"acf":[],"yoast_head":"<title>254 - Viggo Bendz<\/title>\n<meta name=\"robots\" content=\"index, follow, max-snippet:-1, max-image-preview:large, max-video-preview:-1\" \/>\n<link rel=\"canonical\" href=\"https:\/\/viggobendz.dk\/fi\/butik\/kuluvat-osat\/teraes\/nuolen-terae\/254\/\" \/>\n<meta property=\"og:locale\" content=\"fi_FI\" \/>\n<meta property=\"og:type\" content=\"article\" \/>\n<meta property=\"og:title\" content=\"254 - Viggo Bendz\" \/>\n<meta property=\"og:description\" content=\"Nuoliter\u00e4 on suunniteltu varmistamaan optimaalinen tunkeutuminen koviin materiaaleihin ja suojaamaan kauhan etuosaa kulumiselta. Se hitsataan suoraan kauhaan, ja sit\u00e4 k\u00e4ytet\u00e4\u00e4n yleens\u00e4 kaivinkoneissa ja kuormaajissa, jotka ty\u00f6skentelev\u00e4t vaikeissa olosuhteissa, joissa on tiivist\u00e4 maata, kalliota tai muuta raskasta materiaalia.\" \/>\n<meta property=\"og:url\" content=\"https:\/\/viggobendz.dk\/fi\/butik\/kuluvat-osat\/teraes\/nuolen-terae\/254\/\" \/>\n<meta property=\"og:site_name\" content=\"Viggo Bendz\" \/>\n<meta property=\"og:image\" content=\"https:\/\/viggobendz.dk\/wp-content\/uploads\/2020\/10\/hb500-pileskaer-viggo-bendz-scaled.jpg\" \/>\n\t<meta property=\"og:image:width\" content=\"2560\" \/>\n\t<meta property=\"og:image:height\" content=\"1440\" \/>\n\t<meta property=\"og:image:type\" content=\"image\/jpeg\" \/>\n<meta name=\"twitter:card\" content=\"summary_large_image\" \/>\n<script type=\"application\/ld+json\" class=\"yoast-schema-graph\">{\"@context\":\"https:\/\/schema.org\",\"@graph\":[{\"@type\":\"WebPage\",\"@id\":\"https:\/\/viggobendz.dk\/fi\/butik\/kuluvat-osat\/teraes\/nuolen-terae\/254\/\",\"url\":\"https:\/\/viggobendz.dk\/fi\/butik\/kuluvat-osat\/teraes\/nuolen-terae\/254\/\",\"name\":\"254 - Viggo Bendz\",\"isPartOf\":{\"@id\":\"https:\/\/viggobendz.dk\/fi\/#website\"},\"primaryImageOfPage\":{\"@id\":\"https:\/\/viggobendz.dk\/fi\/butik\/kuluvat-osat\/teraes\/nuolen-terae\/254\/#primaryimage\"},\"image\":{\"@id\":\"https:\/\/viggobendz.dk\/fi\/butik\/kuluvat-osat\/teraes\/nuolen-terae\/254\/#primaryimage\"},\"thumbnailUrl\":\"https:\/\/viggobendz.dk\/wp-content\/uploads\/2020\/10\/hb500-pileskaer-viggo-bendz-scaled.jpg\",\"datePublished\":\"2025-03-11T06:44:06+00:00\",\"breadcrumb\":{\"@id\":\"https:\/\/viggobendz.dk\/fi\/butik\/kuluvat-osat\/teraes\/nuolen-terae\/254\/#breadcrumb\"},\"inLanguage\":\"fi\",\"potentialAction\":[{\"@type\":\"ReadAction\",\"target\":[\"https:\/\/viggobendz.dk\/fi\/butik\/kuluvat-osat\/teraes\/nuolen-terae\/254\/\"]}]},{\"@type\":\"ImageObject\",\"inLanguage\":\"fi\",\"@id\":\"https:\/\/viggobendz.dk\/fi\/butik\/kuluvat-osat\/teraes\/nuolen-terae\/254\/#primaryimage\",\"url\":\"https:\/\/viggobendz.dk\/wp-content\/uploads\/2020\/10\/hb500-pileskaer-viggo-bendz-scaled.jpg\",\"contentUrl\":\"https:\/\/viggobendz.dk\/wp-content\/uploads\/2020\/10\/hb500-pileskaer-viggo-bendz-scaled.jpg\",\"width\":2560,\"height\":1440,\"caption\":\"hb500-pileskaer-viggo-bendz\"},{\"@type\":\"BreadcrumbList\",\"@id\":\"https:\/\/viggobendz.dk\/fi\/butik\/kuluvat-osat\/teraes\/nuolen-terae\/254\/#breadcrumb\",\"itemListElement\":[{\"@type\":\"ListItem\",\"position\":1,\"name\":\"Hjem\",\"item\":\"https:\/\/viggobendz.dk\/fi\/kotisivu\/\"},{\"@type\":\"ListItem\",\"position\":2,\"name\":\"Shop\",\"item\":\"https:\/\/viggobendz.dk\/butik\/\"},{\"@type\":\"ListItem\",\"position\":3,\"name\":\"Kuluvat osat\",\"item\":\"https:\/\/viggobendz.dk\/fi\/vare-kategori\/kuluvat-osat\/\"},{\"@type\":\"ListItem\",\"position\":4,\"name\":\"Ter\u00e4s\",\"item\":\"https:\/\/viggobendz.dk\/fi\/vare-kategori\/kuluvat-osat\/teraes\/\"},{\"@type\":\"ListItem\",\"position\":5,\"name\":\"Nuolen ter\u00e4\",\"item\":\"https:\/\/viggobendz.dk\/fi\/vare-kategori\/kuluvat-osat\/teraes\/nuolen-terae\/\"},{\"@type\":\"ListItem\",\"position\":6,\"name\":\"254\"}]},{\"@type\":\"WebSite\",\"@id\":\"https:\/\/viggobendz.dk\/fi\/#website\",\"url\":\"https:\/\/viggobendz.dk\/fi\/\",\"name\":\"Viggo Bendz\",\"description\":\"Det ansvarlige valg\",\"publisher\":{\"@id\":\"https:\/\/viggobendz.dk\/fi\/#organization\"},\"potentialAction\":[{\"@type\":\"SearchAction\",\"target\":{\"@type\":\"EntryPoint\",\"urlTemplate\":\"https:\/\/viggobendz.dk\/fi\/?s={search_term_string}\"},\"query-input\":{\"@type\":\"PropertyValueSpecification\",\"valueRequired\":true,\"valueName\":\"search_term_string\"}}],\"inLanguage\":\"fi\"},{\"@type\":\"Organization\",\"@id\":\"https:\/\/viggobendz.dk\/fi\/#organization\",\"name\":\"Viggo Bendz A\/S\",\"url\":\"https:\/\/viggobendz.dk\/fi\/\",\"logo\":{\"@type\":\"ImageObject\",\"inLanguage\":\"fi\",\"@id\":\"https:\/\/viggobendz.dk\/fi\/#\/schema\/logo\/image\/\",\"url\":\"https:\/\/viggobendz.dk\/wp-content\/uploads\/2020\/03\/VB-Logo.png\",\"contentUrl\":\"https:\/\/viggobendz.dk\/wp-content\/uploads\/2020\/03\/VB-Logo.png\",\"width\":735,\"height\":776,\"caption\":\"Viggo Bendz A\/S\"},\"image\":{\"@id\":\"https:\/\/viggobendz.dk\/fi\/#\/schema\/logo\/image\/\"}}]}<\/script>","yoast_head_json":{"title":"254 - Viggo Bendz","robots":{"index":"index","follow":"follow","max-snippet":"max-snippet:-1","max-image-preview":"max-image-preview:large","max-video-preview":"max-video-preview:-1"},"canonical":"https:\/\/viggobendz.dk\/fi\/butik\/kuluvat-osat\/teraes\/nuolen-terae\/254\/","og_locale":"fi_FI","og_type":"article","og_title":"254 - Viggo Bendz","og_description":"Nuoliter\u00e4 on suunniteltu varmistamaan optimaalinen tunkeutuminen koviin materiaaleihin ja suojaamaan kauhan etuosaa kulumiselta. Se hitsataan suoraan kauhaan, ja sit\u00e4 k\u00e4ytet\u00e4\u00e4n yleens\u00e4 kaivinkoneissa ja kuormaajissa, jotka ty\u00f6skentelev\u00e4t vaikeissa olosuhteissa, joissa on tiivist\u00e4 maata, kalliota tai muuta raskasta materiaalia.","og_url":"https:\/\/viggobendz.dk\/fi\/butik\/kuluvat-osat\/teraes\/nuolen-terae\/254\/","og_site_name":"Viggo Bendz","og_image":[{"width":2560,"height":1440,"url":"https:\/\/viggobendz.dk\/wp-content\/uploads\/2020\/10\/hb500-pileskaer-viggo-bendz-scaled.jpg","type":"image\/jpeg"}],"twitter_card":"summary_large_image","schema":{"@context":"https:\/\/schema.org","@graph":[{"@type":"WebPage","@id":"https:\/\/viggobendz.dk\/fi\/butik\/kuluvat-osat\/teraes\/nuolen-terae\/254\/","url":"https:\/\/viggobendz.dk\/fi\/butik\/kuluvat-osat\/teraes\/nuolen-terae\/254\/","name":"254 - Viggo Bendz","isPartOf":{"@id":"https:\/\/viggobendz.dk\/fi\/#website"},"primaryImageOfPage":{"@id":"https:\/\/viggobendz.dk\/fi\/butik\/kuluvat-osat\/teraes\/nuolen-terae\/254\/#primaryimage"},"image":{"@id":"https:\/\/viggobendz.dk\/fi\/butik\/kuluvat-osat\/teraes\/nuolen-terae\/254\/#primaryimage"},"thumbnailUrl":"https:\/\/viggobendz.dk\/wp-content\/uploads\/2020\/10\/hb500-pileskaer-viggo-bendz-scaled.jpg","datePublished":"2025-03-11T06:44:06+00:00","breadcrumb":{"@id":"https:\/\/viggobendz.dk\/fi\/butik\/kuluvat-osat\/teraes\/nuolen-terae\/254\/#breadcrumb"},"inLanguage":"fi","potentialAction":[{"@type":"ReadAction","target":["https:\/\/viggobendz.dk\/fi\/butik\/kuluvat-osat\/teraes\/nuolen-terae\/254\/"]}]},{"@type":"ImageObject","inLanguage":"fi","@id":"https:\/\/viggobendz.dk\/fi\/butik\/kuluvat-osat\/teraes\/nuolen-terae\/254\/#primaryimage","url":"https:\/\/viggobendz.dk\/wp-content\/uploads\/2020\/10\/hb500-pileskaer-viggo-bendz-scaled.jpg","contentUrl":"https:\/\/viggobendz.dk\/wp-content\/uploads\/2020\/10\/hb500-pileskaer-viggo-bendz-scaled.jpg","width":2560,"height":1440,"caption":"hb500-pileskaer-viggo-bendz"},{"@type":"BreadcrumbList","@id":"https:\/\/viggobendz.dk\/fi\/butik\/kuluvat-osat\/teraes\/nuolen-terae\/254\/#breadcrumb","itemListElement":[{"@type":"ListItem","position":1,"name":"Hjem","item":"https:\/\/viggobendz.dk\/fi\/kotisivu\/"},{"@type":"ListItem","position":2,"name":"Shop","item":"https:\/\/viggobendz.dk\/butik\/"},{"@type":"ListItem","position":3,"name":"Kuluvat osat","item":"https:\/\/viggobendz.dk\/fi\/vare-kategori\/kuluvat-osat\/"},{"@type":"ListItem","position":4,"name":"Ter\u00e4s","item":"https:\/\/viggobendz.dk\/fi\/vare-kategori\/kuluvat-osat\/teraes\/"},{"@type":"ListItem","position":5,"name":"Nuolen ter\u00e4","item":"https:\/\/viggobendz.dk\/fi\/vare-kategori\/kuluvat-osat\/teraes\/nuolen-terae\/"},{"@type":"ListItem","position":6,"name":"254"}]},{"@type":"WebSite","@id":"https:\/\/viggobendz.dk\/fi\/#website","url":"https:\/\/viggobendz.dk\/fi\/","name":"Viggo Bendz","description":"Det ansvarlige valg","publisher":{"@id":"https:\/\/viggobendz.dk\/fi\/#organization"},"potentialAction":[{"@type":"SearchAction","target":{"@type":"EntryPoint","urlTemplate":"https:\/\/viggobendz.dk\/fi\/?s={search_term_string}"},"query-input":{"@type":"PropertyValueSpecification","valueRequired":true,"valueName":"search_term_string"}}],"inLanguage":"fi"},{"@type":"Organization","@id":"https:\/\/viggobendz.dk\/fi\/#organization","name":"Viggo Bendz A\/S","url":"https:\/\/viggobendz.dk\/fi\/","logo":{"@type":"ImageObject","inLanguage":"fi","@id":"https:\/\/viggobendz.dk\/fi\/#\/schema\/logo\/image\/","url":"https:\/\/viggobendz.dk\/wp-content\/uploads\/2020\/03\/VB-Logo.png","contentUrl":"https:\/\/viggobendz.dk\/wp-content\/uploads\/2020\/03\/VB-Logo.png","width":735,"height":776,"caption":"Viggo Bendz A\/S"},"image":{"@id":"https:\/\/viggobendz.dk\/fi\/#\/schema\/logo\/image\/"}}]}},"_links":{"self":[{"href":"https:\/\/viggobendz.dk\/fi\/wp-json\/wp\/v2\/product\/27637","targetHints":{"allow":["GET"]}}],"collection":[{"href":"https:\/\/viggobendz.dk\/fi\/wp-json\/wp\/v2\/product"}],"about":[{"href":"https:\/\/viggobendz.dk\/fi\/wp-json\/wp\/v2\/types\/product"}],"wp:featuredmedia":[{"embeddable":true,"href":"https:\/\/viggobendz.dk\/fi\/wp-json\/wp\/v2\/media\/16491"}],"wp:attachment":[{"href":"https:\/\/viggobendz.dk\/fi\/wp-json\/wp\/v2\/media?parent=27637"}],"wp:term":[{"taxonomy":"product_brand","embeddable":true,"href":"https:\/\/viggobendz.dk\/fi\/wp-json\/wp\/v2\/product_brand?post=27637"},{"taxonomy":"product_cat","embeddable":true,"href":"https:\/\/viggobendz.dk\/fi\/wp-json\/wp\/v2\/product_cat?post=27637"},{"taxonomy":"product_tag","embeddable":true,"href":"https:\/\/viggobendz.dk\/fi\/wp-json\/wp\/v2\/product_tag?post=27637"}],"curies":[{"name":"wp","href":"https:\/\/api.w.org\/{rel}","templated":true}]}}