{"id":27653,"date":"2025-03-11T07:44:18","date_gmt":"2025-03-11T06:44:18","guid":{"rendered":"https:\/\/viggobendz.dk\/butik\/Ei-luokiteltu\/kampaprofiili-92\/"},"modified":"2025-03-11T07:44:18","modified_gmt":"2025-03-11T06:44:18","slug":"kampaprofiili-92","status":"publish","type":"product","link":"https:\/\/viggobendz.dk\/fi\/butik\/kuluvat-osat\/teraes\/kampaprofiili\/kampaprofiili-92\/","title":{"rendered":"Kampaprofiili 92"},"content":{"rendered":"<p data-start=\"76\" data-end=\"333\">Kampaprofiiliter\u00e4s on suositeltava ratkaisu monille, jotka haluavat optimoida kouransa pidon ja kulutuskest\u00e4vyyden. Pisaran muotoinen profiili takaa paremman pidon ja v\u00e4hent\u00e4\u00e4 kulumista, joten se sopii erinomaisesti vaativiin sovelluksiin muun muassa j\u00e4te- ja romuteollisuudessa. <\/p>\n<p data-start=\"335\" data-end=\"578\">  <strong data-start=\"338\" data-end=\"356\">Parempi pito<\/strong> &#8211; Profiilipinta takaa paremman materiaalien k\u00e4sittelyn.<br data-start=\"423\" data-end=\"426\"> <strong data-start=\"429\" data-end=\"462\">Hitsattu suoraan tarttujaan<\/strong> &#8211; Tarjoaa vahvan ja kest\u00e4v\u00e4n ratkaisun.<br data-start=\"499\" data-end=\"502\"> <strong data-start=\"505\" data-end=\"523\">Korkea kulutuskest\u00e4vyys<\/strong> &#8211; Kest\u00e4\u00e4 raskaita kuormia ja pident\u00e4\u00e4 k\u00e4ytt\u00f6ik\u00e4\u00e4.<\/p>\n<p data-start=\"335\" data-end=\"578\"><a href=\"https:\/\/viggobendz.dk\/wp-content\/uploads\/2020\/09\/hb500_kamprofil.pdf\"><span style=\"color: #bf8c2f;\"><strong>Tietolehti<\/strong><\/span><\/a><\/p>\n","protected":false},"excerpt":{"rendered":"<p>Kammiprofiiliter\u00e4s on suositeltava ratkaisu monille, jotka haluavat optimoida kouransa pidon ja kulutuskest\u00e4vyyden. Pisaran muotoinen profiili takaa paremman pidon ja v\u00e4hent\u00e4\u00e4 kulumista, joten se sopii erinomaisesti vaativiin sovelluksiin muun muassa j\u00e4te- ja romuteollisuudessa. <\/p>\n","protected":false},"featured_media":16739,"template":"","meta":{"_acf_changed":false},"product_brand":[],"product_cat":[9568,2671,9546],"product_tag":[],"class_list":{"0":"post-27653","1":"product","2":"type-product","3":"status-publish","4":"has-post-thumbnail","6":"product_cat-kampaprofiili","7":"product_cat-kuluvat-osat","8":"product_cat-teraes","10":"first","11":"instock","12":"taxable","13":"shipping-taxable","14":"purchasable","15":"product-type-simple"},"acf":[],"yoast_head":"<title>Kampaprofiili 92 - Viggo Bendz<\/title>\n<meta name=\"robots\" content=\"index, follow, max-snippet:-1, max-image-preview:large, max-video-preview:-1\" \/>\n<link rel=\"canonical\" href=\"https:\/\/viggobendz.dk\/fi\/butik\/kuluvat-osat\/teraes\/kampaprofiili\/kampaprofiili-92\/\" \/>\n<meta property=\"og:locale\" content=\"fi_FI\" \/>\n<meta property=\"og:type\" content=\"article\" \/>\n<meta property=\"og:title\" content=\"Kampaprofiili 92 - Viggo Bendz\" \/>\n<meta property=\"og:description\" content=\"Kammiprofiiliter\u00e4s on suositeltava ratkaisu monille, jotka haluavat optimoida kouransa pidon ja kulutuskest\u00e4vyyden. Pisaran muotoinen profiili takaa paremman pidon ja v\u00e4hent\u00e4\u00e4 kulumista, joten se sopii erinomaisesti vaativiin sovelluksiin muun muassa j\u00e4te- ja romuteollisuudessa.\" \/>\n<meta property=\"og:url\" content=\"https:\/\/viggobendz.dk\/fi\/butik\/kuluvat-osat\/teraes\/kampaprofiili\/kampaprofiili-92\/\" \/>\n<meta property=\"og:site_name\" content=\"Viggo Bendz\" \/>\n<meta property=\"og:image\" content=\"https:\/\/viggobendz.dk\/wp-content\/uploads\/2020\/09\/Kamprofil-scaled-e1639393387617.jpg\" \/>\n\t<meta property=\"og:image:width\" content=\"1000\" \/>\n\t<meta property=\"og:image:height\" content=\"667\" \/>\n\t<meta property=\"og:image:type\" content=\"image\/jpeg\" \/>\n<meta name=\"twitter:card\" content=\"summary_large_image\" \/>\n<script type=\"application\/ld+json\" class=\"yoast-schema-graph\">{\"@context\":\"https:\/\/schema.org\",\"@graph\":[{\"@type\":\"WebPage\",\"@id\":\"https:\/\/viggobendz.dk\/fi\/butik\/kuluvat-osat\/teraes\/kampaprofiili\/kampaprofiili-92\/\",\"url\":\"https:\/\/viggobendz.dk\/fi\/butik\/kuluvat-osat\/teraes\/kampaprofiili\/kampaprofiili-92\/\",\"name\":\"Kampaprofiili 92 - Viggo Bendz\",\"isPartOf\":{\"@id\":\"https:\/\/viggobendz.dk\/fi\/#website\"},\"primaryImageOfPage\":{\"@id\":\"https:\/\/viggobendz.dk\/fi\/butik\/kuluvat-osat\/teraes\/kampaprofiili\/kampaprofiili-92\/#primaryimage\"},\"image\":{\"@id\":\"https:\/\/viggobendz.dk\/fi\/butik\/kuluvat-osat\/teraes\/kampaprofiili\/kampaprofiili-92\/#primaryimage\"},\"thumbnailUrl\":\"https:\/\/viggobendz.dk\/wp-content\/uploads\/2020\/09\/Kamprofil-scaled-e1639393387617.jpg\",\"datePublished\":\"2025-03-11T06:44:18+00:00\",\"breadcrumb\":{\"@id\":\"https:\/\/viggobendz.dk\/fi\/butik\/kuluvat-osat\/teraes\/kampaprofiili\/kampaprofiili-92\/#breadcrumb\"},\"inLanguage\":\"fi\",\"potentialAction\":[{\"@type\":\"ReadAction\",\"target\":[\"https:\/\/viggobendz.dk\/fi\/butik\/kuluvat-osat\/teraes\/kampaprofiili\/kampaprofiili-92\/\"]}]},{\"@type\":\"ImageObject\",\"inLanguage\":\"fi\",\"@id\":\"https:\/\/viggobendz.dk\/fi\/butik\/kuluvat-osat\/teraes\/kampaprofiili\/kampaprofiili-92\/#primaryimage\",\"url\":\"https:\/\/viggobendz.dk\/wp-content\/uploads\/2020\/09\/Kamprofil-scaled-e1639393387617.jpg\",\"contentUrl\":\"https:\/\/viggobendz.dk\/wp-content\/uploads\/2020\/09\/Kamprofil-scaled-e1639393387617.jpg\",\"width\":1000,\"height\":667,\"caption\":\"Taisteluprofiiliter\u00e4ksen esittely\"},{\"@type\":\"BreadcrumbList\",\"@id\":\"https:\/\/viggobendz.dk\/fi\/butik\/kuluvat-osat\/teraes\/kampaprofiili\/kampaprofiili-92\/#breadcrumb\",\"itemListElement\":[{\"@type\":\"ListItem\",\"position\":1,\"name\":\"Hjem\",\"item\":\"https:\/\/viggobendz.dk\/fi\/kotisivu\/\"},{\"@type\":\"ListItem\",\"position\":2,\"name\":\"Shop\",\"item\":\"https:\/\/viggobendz.dk\/butik\/\"},{\"@type\":\"ListItem\",\"position\":3,\"name\":\"Kuluvat osat\",\"item\":\"https:\/\/viggobendz.dk\/fi\/vare-kategori\/kuluvat-osat\/\"},{\"@type\":\"ListItem\",\"position\":4,\"name\":\"Ter\u00e4s\",\"item\":\"https:\/\/viggobendz.dk\/fi\/vare-kategori\/kuluvat-osat\/teraes\/\"},{\"@type\":\"ListItem\",\"position\":5,\"name\":\"Kampaprofiili\",\"item\":\"https:\/\/viggobendz.dk\/fi\/vare-kategori\/kuluvat-osat\/teraes\/kampaprofiili\/\"},{\"@type\":\"ListItem\",\"position\":6,\"name\":\"Kampaprofiili 92\"}]},{\"@type\":\"WebSite\",\"@id\":\"https:\/\/viggobendz.dk\/fi\/#website\",\"url\":\"https:\/\/viggobendz.dk\/fi\/\",\"name\":\"Viggo Bendz\",\"description\":\"Det ansvarlige valg\",\"publisher\":{\"@id\":\"https:\/\/viggobendz.dk\/fi\/#organization\"},\"potentialAction\":[{\"@type\":\"SearchAction\",\"target\":{\"@type\":\"EntryPoint\",\"urlTemplate\":\"https:\/\/viggobendz.dk\/fi\/?s={search_term_string}\"},\"query-input\":{\"@type\":\"PropertyValueSpecification\",\"valueRequired\":true,\"valueName\":\"search_term_string\"}}],\"inLanguage\":\"fi\"},{\"@type\":\"Organization\",\"@id\":\"https:\/\/viggobendz.dk\/fi\/#organization\",\"name\":\"Viggo Bendz A\/S\",\"url\":\"https:\/\/viggobendz.dk\/fi\/\",\"logo\":{\"@type\":\"ImageObject\",\"inLanguage\":\"fi\",\"@id\":\"https:\/\/viggobendz.dk\/fi\/#\/schema\/logo\/image\/\",\"url\":\"https:\/\/viggobendz.dk\/wp-content\/uploads\/2020\/03\/VB-Logo.png\",\"contentUrl\":\"https:\/\/viggobendz.dk\/wp-content\/uploads\/2020\/03\/VB-Logo.png\",\"width\":735,\"height\":776,\"caption\":\"Viggo Bendz A\/S\"},\"image\":{\"@id\":\"https:\/\/viggobendz.dk\/fi\/#\/schema\/logo\/image\/\"}}]}<\/script>","yoast_head_json":{"title":"Kampaprofiili 92 - Viggo Bendz","robots":{"index":"index","follow":"follow","max-snippet":"max-snippet:-1","max-image-preview":"max-image-preview:large","max-video-preview":"max-video-preview:-1"},"canonical":"https:\/\/viggobendz.dk\/fi\/butik\/kuluvat-osat\/teraes\/kampaprofiili\/kampaprofiili-92\/","og_locale":"fi_FI","og_type":"article","og_title":"Kampaprofiili 92 - Viggo Bendz","og_description":"Kammiprofiiliter\u00e4s on suositeltava ratkaisu monille, jotka haluavat optimoida kouransa pidon ja kulutuskest\u00e4vyyden. Pisaran muotoinen profiili takaa paremman pidon ja v\u00e4hent\u00e4\u00e4 kulumista, joten se sopii erinomaisesti vaativiin sovelluksiin muun muassa j\u00e4te- ja romuteollisuudessa.","og_url":"https:\/\/viggobendz.dk\/fi\/butik\/kuluvat-osat\/teraes\/kampaprofiili\/kampaprofiili-92\/","og_site_name":"Viggo Bendz","og_image":[{"width":1000,"height":667,"url":"https:\/\/viggobendz.dk\/wp-content\/uploads\/2020\/09\/Kamprofil-scaled-e1639393387617.jpg","type":"image\/jpeg"}],"twitter_card":"summary_large_image","schema":{"@context":"https:\/\/schema.org","@graph":[{"@type":"WebPage","@id":"https:\/\/viggobendz.dk\/fi\/butik\/kuluvat-osat\/teraes\/kampaprofiili\/kampaprofiili-92\/","url":"https:\/\/viggobendz.dk\/fi\/butik\/kuluvat-osat\/teraes\/kampaprofiili\/kampaprofiili-92\/","name":"Kampaprofiili 92 - Viggo Bendz","isPartOf":{"@id":"https:\/\/viggobendz.dk\/fi\/#website"},"primaryImageOfPage":{"@id":"https:\/\/viggobendz.dk\/fi\/butik\/kuluvat-osat\/teraes\/kampaprofiili\/kampaprofiili-92\/#primaryimage"},"image":{"@id":"https:\/\/viggobendz.dk\/fi\/butik\/kuluvat-osat\/teraes\/kampaprofiili\/kampaprofiili-92\/#primaryimage"},"thumbnailUrl":"https:\/\/viggobendz.dk\/wp-content\/uploads\/2020\/09\/Kamprofil-scaled-e1639393387617.jpg","datePublished":"2025-03-11T06:44:18+00:00","breadcrumb":{"@id":"https:\/\/viggobendz.dk\/fi\/butik\/kuluvat-osat\/teraes\/kampaprofiili\/kampaprofiili-92\/#breadcrumb"},"inLanguage":"fi","potentialAction":[{"@type":"ReadAction","target":["https:\/\/viggobendz.dk\/fi\/butik\/kuluvat-osat\/teraes\/kampaprofiili\/kampaprofiili-92\/"]}]},{"@type":"ImageObject","inLanguage":"fi","@id":"https:\/\/viggobendz.dk\/fi\/butik\/kuluvat-osat\/teraes\/kampaprofiili\/kampaprofiili-92\/#primaryimage","url":"https:\/\/viggobendz.dk\/wp-content\/uploads\/2020\/09\/Kamprofil-scaled-e1639393387617.jpg","contentUrl":"https:\/\/viggobendz.dk\/wp-content\/uploads\/2020\/09\/Kamprofil-scaled-e1639393387617.jpg","width":1000,"height":667,"caption":"Taisteluprofiiliter\u00e4ksen esittely"},{"@type":"BreadcrumbList","@id":"https:\/\/viggobendz.dk\/fi\/butik\/kuluvat-osat\/teraes\/kampaprofiili\/kampaprofiili-92\/#breadcrumb","itemListElement":[{"@type":"ListItem","position":1,"name":"Hjem","item":"https:\/\/viggobendz.dk\/fi\/kotisivu\/"},{"@type":"ListItem","position":2,"name":"Shop","item":"https:\/\/viggobendz.dk\/butik\/"},{"@type":"ListItem","position":3,"name":"Kuluvat osat","item":"https:\/\/viggobendz.dk\/fi\/vare-kategori\/kuluvat-osat\/"},{"@type":"ListItem","position":4,"name":"Ter\u00e4s","item":"https:\/\/viggobendz.dk\/fi\/vare-kategori\/kuluvat-osat\/teraes\/"},{"@type":"ListItem","position":5,"name":"Kampaprofiili","item":"https:\/\/viggobendz.dk\/fi\/vare-kategori\/kuluvat-osat\/teraes\/kampaprofiili\/"},{"@type":"ListItem","position":6,"name":"Kampaprofiili 92"}]},{"@type":"WebSite","@id":"https:\/\/viggobendz.dk\/fi\/#website","url":"https:\/\/viggobendz.dk\/fi\/","name":"Viggo Bendz","description":"Det ansvarlige valg","publisher":{"@id":"https:\/\/viggobendz.dk\/fi\/#organization"},"potentialAction":[{"@type":"SearchAction","target":{"@type":"EntryPoint","urlTemplate":"https:\/\/viggobendz.dk\/fi\/?s={search_term_string}"},"query-input":{"@type":"PropertyValueSpecification","valueRequired":true,"valueName":"search_term_string"}}],"inLanguage":"fi"},{"@type":"Organization","@id":"https:\/\/viggobendz.dk\/fi\/#organization","name":"Viggo Bendz A\/S","url":"https:\/\/viggobendz.dk\/fi\/","logo":{"@type":"ImageObject","inLanguage":"fi","@id":"https:\/\/viggobendz.dk\/fi\/#\/schema\/logo\/image\/","url":"https:\/\/viggobendz.dk\/wp-content\/uploads\/2020\/03\/VB-Logo.png","contentUrl":"https:\/\/viggobendz.dk\/wp-content\/uploads\/2020\/03\/VB-Logo.png","width":735,"height":776,"caption":"Viggo Bendz A\/S"},"image":{"@id":"https:\/\/viggobendz.dk\/fi\/#\/schema\/logo\/image\/"}}]}},"_links":{"self":[{"href":"https:\/\/viggobendz.dk\/fi\/wp-json\/wp\/v2\/product\/27653","targetHints":{"allow":["GET"]}}],"collection":[{"href":"https:\/\/viggobendz.dk\/fi\/wp-json\/wp\/v2\/product"}],"about":[{"href":"https:\/\/viggobendz.dk\/fi\/wp-json\/wp\/v2\/types\/product"}],"wp:featuredmedia":[{"embeddable":true,"href":"https:\/\/viggobendz.dk\/fi\/wp-json\/wp\/v2\/media\/16739"}],"wp:attachment":[{"href":"https:\/\/viggobendz.dk\/fi\/wp-json\/wp\/v2\/media?parent=27653"}],"wp:term":[{"taxonomy":"product_brand","embeddable":true,"href":"https:\/\/viggobendz.dk\/fi\/wp-json\/wp\/v2\/product_brand?post=27653"},{"taxonomy":"product_cat","embeddable":true,"href":"https:\/\/viggobendz.dk\/fi\/wp-json\/wp\/v2\/product_cat?post=27653"},{"taxonomy":"product_tag","embeddable":true,"href":"https:\/\/viggobendz.dk\/fi\/wp-json\/wp\/v2\/product_tag?post=27653"}],"curies":[{"name":"wp","href":"https:\/\/api.w.org\/{rel}","templated":true}]}}