{"id":27675,"date":"2025-03-11T07:44:18","date_gmt":"2025-03-11T06:44:18","guid":{"rendered":"https:\/\/viggobendz.dk\/butik\/Ei-luokiteltu\/3-hammaskorkki-3\/"},"modified":"2025-03-11T07:44:18","modified_gmt":"2025-03-11T06:44:18","slug":"3-hammaskorkki-3","status":"publish","type":"product","link":"https:\/\/viggobendz.dk\/fi\/butik\/kuluvat-osat\/hampaat\/cat\/cat-hammaskorkit\/3-hammaskorkki-3\/","title":{"rendered":"3&#8243; hammaskorkki"},"content":{"rendered":"<p data-start=\"0\" data-end=\"60\"><strong data-start=\"0\" data-end=\"58\">Hammaskorkki CAT-j\u00e4rjestelm\u00e4\u00e4 varten<\/strong><\/p>\n<p data-start=\"62\" data-end=\"314\">CAT-j\u00e4rjestelm\u00e4n hammassuojus on kest\u00e4v\u00e4 ja tehokas ratkaisu vaativissa olosuhteissa ty\u00f6skentelevien kaivinkoneiden ja kuormaajien kauhoihin. Rakenne takaa optimaalisen materiaalin tunkeutumisen ja pitk\u00e4n kest\u00e4vyyden, mik\u00e4 v\u00e4hent\u00e4\u00e4 tarvetta vaihtaa se usein. <\/p>\n<p data-start=\"316\" data-end=\"550\">  <strong data-start=\"319\" data-end=\"345\">Kest\u00e4v\u00e4 rakenne<\/strong> &#8211; Kest\u00e4\u00e4 raskaita kuormia ja kulutusta.<br data-start=\"383\" data-end=\"386\"> <strong data-start=\"389\" data-end=\"410\">Tehokas kaivuosa<\/strong> &#8211; Varmistaa optimaalisen tunkeutumisen maahan.<br data-start=\"450\" data-end=\"453\"> <strong data-start=\"456\" data-end=\"497\">Lukittuu piikkitelineeseen<\/strong> &#8211; Sopii CAT-j\u00e4rjestelm\u00e4\u00e4n turvallista kiinnityst\u00e4 varten.<\/p>\n<p data-start=\"552\" data-end=\"641\" data-is-last-node=\"&gt;V\u00e6lg en tandh\u00e6tte til CAT-systemet for maksimal ydeevne og holdbarhed i dit arbejde.&lt;\/p&gt; &lt;p data-start=\" https:=\"\"><strong><span style=\"color: #bf8c2f;\">Tietolehti<\/span><\/strong><\/p>\n","protected":false},"excerpt":{"rendered":"<p>Hammaskorkki CAT-j\u00e4rjestelm\u00e4\u00e4 varten<\/p>\n","protected":false},"featured_media":393,"template":"","meta":{"_acf_changed":false},"product_brand":[],"product_cat":[8746,9572,2668,2671],"product_tag":[],"class_list":{"0":"post-27675","1":"product","2":"type-product","3":"status-publish","4":"has-post-thumbnail","6":"product_cat-cat","7":"product_cat-cat-hammaskorkit","8":"product_cat-hampaat","9":"product_cat-kuluvat-osat","11":"first","12":"instock","13":"taxable","14":"shipping-taxable","15":"purchasable","16":"product-type-simple"},"acf":[],"yoast_head":"<title>3&quot; hammaskorkki - Viggo Bendz<\/title>\n<meta name=\"robots\" content=\"index, follow, max-snippet:-1, max-image-preview:large, max-video-preview:-1\" \/>\n<link rel=\"canonical\" href=\"https:\/\/viggobendz.dk\/fi\/butik\/kuluvat-osat\/hampaat\/cat\/cat-hammaskorkit\/3-hammaskorkki-3\/\" \/>\n<meta property=\"og:locale\" content=\"fi_FI\" \/>\n<meta property=\"og:type\" content=\"article\" \/>\n<meta property=\"og:title\" content=\"3&quot; hammaskorkki - Viggo Bendz\" \/>\n<meta property=\"og:description\" content=\"Hammaskorkki CAT-j\u00e4rjestelm\u00e4\u00e4 varten\" \/>\n<meta property=\"og:url\" content=\"https:\/\/viggobendz.dk\/fi\/butik\/kuluvat-osat\/hampaat\/cat\/cat-hammaskorkit\/3-hammaskorkki-3\/\" \/>\n<meta property=\"og:site_name\" content=\"Viggo Bendz\" \/>\n<meta property=\"og:image\" content=\"https:\/\/viggobendz.dk\/wp-content\/uploads\/2020\/08\/tandhaette-catsystem-1U3552-1-scaled.jpg\" \/>\n\t<meta property=\"og:image:width\" content=\"2560\" \/>\n\t<meta property=\"og:image:height\" content=\"1707\" \/>\n\t<meta property=\"og:image:type\" content=\"image\/jpeg\" \/>\n<meta name=\"twitter:card\" content=\"summary_large_image\" \/>\n<script type=\"application\/ld+json\" class=\"yoast-schema-graph\">{\"@context\":\"https:\/\/schema.org\",\"@graph\":[{\"@type\":\"WebPage\",\"@id\":\"https:\/\/viggobendz.dk\/fi\/butik\/kuluvat-osat\/hampaat\/cat\/cat-hammaskorkit\/3-hammaskorkki-3\/\",\"url\":\"https:\/\/viggobendz.dk\/fi\/butik\/kuluvat-osat\/hampaat\/cat\/cat-hammaskorkit\/3-hammaskorkki-3\/\",\"name\":\"3\\\" hammaskorkki - Viggo Bendz\",\"isPartOf\":{\"@id\":\"https:\/\/viggobendz.dk\/fi\/#website\"},\"primaryImageOfPage\":{\"@id\":\"https:\/\/viggobendz.dk\/fi\/butik\/kuluvat-osat\/hampaat\/cat\/cat-hammaskorkit\/3-hammaskorkki-3\/#primaryimage\"},\"image\":{\"@id\":\"https:\/\/viggobendz.dk\/fi\/butik\/kuluvat-osat\/hampaat\/cat\/cat-hammaskorkit\/3-hammaskorkki-3\/#primaryimage\"},\"thumbnailUrl\":\"https:\/\/viggobendz.dk\/wp-content\/uploads\/2020\/08\/tandhaette-catsystem-1U3552-1-scaled.jpg\",\"datePublished\":\"2025-03-11T06:44:18+00:00\",\"breadcrumb\":{\"@id\":\"https:\/\/viggobendz.dk\/fi\/butik\/kuluvat-osat\/hampaat\/cat\/cat-hammaskorkit\/3-hammaskorkki-3\/#breadcrumb\"},\"inLanguage\":\"fi\",\"potentialAction\":[{\"@type\":\"ReadAction\",\"target\":[\"https:\/\/viggobendz.dk\/fi\/butik\/kuluvat-osat\/hampaat\/cat\/cat-hammaskorkit\/3-hammaskorkki-3\/\"]}]},{\"@type\":\"ImageObject\",\"inLanguage\":\"fi\",\"@id\":\"https:\/\/viggobendz.dk\/fi\/butik\/kuluvat-osat\/hampaat\/cat\/cat-hammaskorkit\/3-hammaskorkki-3\/#primaryimage\",\"url\":\"https:\/\/viggobendz.dk\/wp-content\/uploads\/2020\/08\/tandhaette-catsystem-1U3552-1-scaled.jpg\",\"contentUrl\":\"https:\/\/viggobendz.dk\/wp-content\/uploads\/2020\/08\/tandhaette-catsystem-1U3552-1-scaled.jpg\",\"width\":2560,\"height\":1707},{\"@type\":\"BreadcrumbList\",\"@id\":\"https:\/\/viggobendz.dk\/fi\/butik\/kuluvat-osat\/hampaat\/cat\/cat-hammaskorkit\/3-hammaskorkki-3\/#breadcrumb\",\"itemListElement\":[{\"@type\":\"ListItem\",\"position\":1,\"name\":\"Hjem\",\"item\":\"https:\/\/viggobendz.dk\/fi\/kotisivu\/\"},{\"@type\":\"ListItem\",\"position\":2,\"name\":\"Shop\",\"item\":\"https:\/\/viggobendz.dk\/butik\/\"},{\"@type\":\"ListItem\",\"position\":3,\"name\":\"Kuluvat osat\",\"item\":\"https:\/\/viggobendz.dk\/fi\/vare-kategori\/kuluvat-osat\/\"},{\"@type\":\"ListItem\",\"position\":4,\"name\":\"Hampaat\",\"item\":\"https:\/\/viggobendz.dk\/fi\/vare-kategori\/kuluvat-osat\/hampaat\/\"},{\"@type\":\"ListItem\",\"position\":5,\"name\":\"CAT\",\"item\":\"https:\/\/viggobendz.dk\/fi\/vare-kategori\/kuluvat-osat\/hampaat\/cat\/\"},{\"@type\":\"ListItem\",\"position\":6,\"name\":\"CAT Hammaskorkit\",\"item\":\"https:\/\/viggobendz.dk\/fi\/vare-kategori\/kuluvat-osat\/hampaat\/cat\/cat-hammaskorkit\/\"},{\"@type\":\"ListItem\",\"position\":7,\"name\":\"3&#8243; hammaskorkki\"}]},{\"@type\":\"WebSite\",\"@id\":\"https:\/\/viggobendz.dk\/fi\/#website\",\"url\":\"https:\/\/viggobendz.dk\/fi\/\",\"name\":\"Viggo Bendz\",\"description\":\"Det ansvarlige valg\",\"publisher\":{\"@id\":\"https:\/\/viggobendz.dk\/fi\/#organization\"},\"potentialAction\":[{\"@type\":\"SearchAction\",\"target\":{\"@type\":\"EntryPoint\",\"urlTemplate\":\"https:\/\/viggobendz.dk\/fi\/?s={search_term_string}\"},\"query-input\":{\"@type\":\"PropertyValueSpecification\",\"valueRequired\":true,\"valueName\":\"search_term_string\"}}],\"inLanguage\":\"fi\"},{\"@type\":\"Organization\",\"@id\":\"https:\/\/viggobendz.dk\/fi\/#organization\",\"name\":\"Viggo Bendz A\/S\",\"url\":\"https:\/\/viggobendz.dk\/fi\/\",\"logo\":{\"@type\":\"ImageObject\",\"inLanguage\":\"fi\",\"@id\":\"https:\/\/viggobendz.dk\/fi\/#\/schema\/logo\/image\/\",\"url\":\"https:\/\/viggobendz.dk\/wp-content\/uploads\/2020\/03\/VB-Logo.png\",\"contentUrl\":\"https:\/\/viggobendz.dk\/wp-content\/uploads\/2020\/03\/VB-Logo.png\",\"width\":735,\"height\":776,\"caption\":\"Viggo Bendz A\/S\"},\"image\":{\"@id\":\"https:\/\/viggobendz.dk\/fi\/#\/schema\/logo\/image\/\"}}]}<\/script>","yoast_head_json":{"title":"3\" hammaskorkki - Viggo Bendz","robots":{"index":"index","follow":"follow","max-snippet":"max-snippet:-1","max-image-preview":"max-image-preview:large","max-video-preview":"max-video-preview:-1"},"canonical":"https:\/\/viggobendz.dk\/fi\/butik\/kuluvat-osat\/hampaat\/cat\/cat-hammaskorkit\/3-hammaskorkki-3\/","og_locale":"fi_FI","og_type":"article","og_title":"3\" hammaskorkki - Viggo Bendz","og_description":"Hammaskorkki CAT-j\u00e4rjestelm\u00e4\u00e4 varten","og_url":"https:\/\/viggobendz.dk\/fi\/butik\/kuluvat-osat\/hampaat\/cat\/cat-hammaskorkit\/3-hammaskorkki-3\/","og_site_name":"Viggo Bendz","og_image":[{"width":2560,"height":1707,"url":"https:\/\/viggobendz.dk\/wp-content\/uploads\/2020\/08\/tandhaette-catsystem-1U3552-1-scaled.jpg","type":"image\/jpeg"}],"twitter_card":"summary_large_image","schema":{"@context":"https:\/\/schema.org","@graph":[{"@type":"WebPage","@id":"https:\/\/viggobendz.dk\/fi\/butik\/kuluvat-osat\/hampaat\/cat\/cat-hammaskorkit\/3-hammaskorkki-3\/","url":"https:\/\/viggobendz.dk\/fi\/butik\/kuluvat-osat\/hampaat\/cat\/cat-hammaskorkit\/3-hammaskorkki-3\/","name":"3\" hammaskorkki - Viggo Bendz","isPartOf":{"@id":"https:\/\/viggobendz.dk\/fi\/#website"},"primaryImageOfPage":{"@id":"https:\/\/viggobendz.dk\/fi\/butik\/kuluvat-osat\/hampaat\/cat\/cat-hammaskorkit\/3-hammaskorkki-3\/#primaryimage"},"image":{"@id":"https:\/\/viggobendz.dk\/fi\/butik\/kuluvat-osat\/hampaat\/cat\/cat-hammaskorkit\/3-hammaskorkki-3\/#primaryimage"},"thumbnailUrl":"https:\/\/viggobendz.dk\/wp-content\/uploads\/2020\/08\/tandhaette-catsystem-1U3552-1-scaled.jpg","datePublished":"2025-03-11T06:44:18+00:00","breadcrumb":{"@id":"https:\/\/viggobendz.dk\/fi\/butik\/kuluvat-osat\/hampaat\/cat\/cat-hammaskorkit\/3-hammaskorkki-3\/#breadcrumb"},"inLanguage":"fi","potentialAction":[{"@type":"ReadAction","target":["https:\/\/viggobendz.dk\/fi\/butik\/kuluvat-osat\/hampaat\/cat\/cat-hammaskorkit\/3-hammaskorkki-3\/"]}]},{"@type":"ImageObject","inLanguage":"fi","@id":"https:\/\/viggobendz.dk\/fi\/butik\/kuluvat-osat\/hampaat\/cat\/cat-hammaskorkit\/3-hammaskorkki-3\/#primaryimage","url":"https:\/\/viggobendz.dk\/wp-content\/uploads\/2020\/08\/tandhaette-catsystem-1U3552-1-scaled.jpg","contentUrl":"https:\/\/viggobendz.dk\/wp-content\/uploads\/2020\/08\/tandhaette-catsystem-1U3552-1-scaled.jpg","width":2560,"height":1707},{"@type":"BreadcrumbList","@id":"https:\/\/viggobendz.dk\/fi\/butik\/kuluvat-osat\/hampaat\/cat\/cat-hammaskorkit\/3-hammaskorkki-3\/#breadcrumb","itemListElement":[{"@type":"ListItem","position":1,"name":"Hjem","item":"https:\/\/viggobendz.dk\/fi\/kotisivu\/"},{"@type":"ListItem","position":2,"name":"Shop","item":"https:\/\/viggobendz.dk\/butik\/"},{"@type":"ListItem","position":3,"name":"Kuluvat osat","item":"https:\/\/viggobendz.dk\/fi\/vare-kategori\/kuluvat-osat\/"},{"@type":"ListItem","position":4,"name":"Hampaat","item":"https:\/\/viggobendz.dk\/fi\/vare-kategori\/kuluvat-osat\/hampaat\/"},{"@type":"ListItem","position":5,"name":"CAT","item":"https:\/\/viggobendz.dk\/fi\/vare-kategori\/kuluvat-osat\/hampaat\/cat\/"},{"@type":"ListItem","position":6,"name":"CAT Hammaskorkit","item":"https:\/\/viggobendz.dk\/fi\/vare-kategori\/kuluvat-osat\/hampaat\/cat\/cat-hammaskorkit\/"},{"@type":"ListItem","position":7,"name":"3&#8243; hammaskorkki"}]},{"@type":"WebSite","@id":"https:\/\/viggobendz.dk\/fi\/#website","url":"https:\/\/viggobendz.dk\/fi\/","name":"Viggo Bendz","description":"Det ansvarlige valg","publisher":{"@id":"https:\/\/viggobendz.dk\/fi\/#organization"},"potentialAction":[{"@type":"SearchAction","target":{"@type":"EntryPoint","urlTemplate":"https:\/\/viggobendz.dk\/fi\/?s={search_term_string}"},"query-input":{"@type":"PropertyValueSpecification","valueRequired":true,"valueName":"search_term_string"}}],"inLanguage":"fi"},{"@type":"Organization","@id":"https:\/\/viggobendz.dk\/fi\/#organization","name":"Viggo Bendz A\/S","url":"https:\/\/viggobendz.dk\/fi\/","logo":{"@type":"ImageObject","inLanguage":"fi","@id":"https:\/\/viggobendz.dk\/fi\/#\/schema\/logo\/image\/","url":"https:\/\/viggobendz.dk\/wp-content\/uploads\/2020\/03\/VB-Logo.png","contentUrl":"https:\/\/viggobendz.dk\/wp-content\/uploads\/2020\/03\/VB-Logo.png","width":735,"height":776,"caption":"Viggo Bendz A\/S"},"image":{"@id":"https:\/\/viggobendz.dk\/fi\/#\/schema\/logo\/image\/"}}]}},"_links":{"self":[{"href":"https:\/\/viggobendz.dk\/fi\/wp-json\/wp\/v2\/product\/27675","targetHints":{"allow":["GET"]}}],"collection":[{"href":"https:\/\/viggobendz.dk\/fi\/wp-json\/wp\/v2\/product"}],"about":[{"href":"https:\/\/viggobendz.dk\/fi\/wp-json\/wp\/v2\/types\/product"}],"wp:featuredmedia":[{"embeddable":true,"href":"https:\/\/viggobendz.dk\/fi\/wp-json\/wp\/v2\/media\/393"}],"wp:attachment":[{"href":"https:\/\/viggobendz.dk\/fi\/wp-json\/wp\/v2\/media?parent=27675"}],"wp:term":[{"taxonomy":"product_brand","embeddable":true,"href":"https:\/\/viggobendz.dk\/fi\/wp-json\/wp\/v2\/product_brand?post=27675"},{"taxonomy":"product_cat","embeddable":true,"href":"https:\/\/viggobendz.dk\/fi\/wp-json\/wp\/v2\/product_cat?post=27675"},{"taxonomy":"product_tag","embeddable":true,"href":"https:\/\/viggobendz.dk\/fi\/wp-json\/wp\/v2\/product_tag?post=27675"}],"curies":[{"name":"wp","href":"https:\/\/api.w.org\/{rel}","templated":true}]}}