{"id":27723,"date":"2025-03-11T07:44:18","date_gmt":"2025-03-11T06:44:18","guid":{"rendered":"https:\/\/viggobendz.dk\/butik\/Ei-luokiteltu\/2-2-hammasteline-e321\/"},"modified":"2025-03-11T07:44:18","modified_gmt":"2025-03-11T06:44:18","slug":"2-2-hammasteline-e321","status":"publish","type":"product","link":"https:\/\/viggobendz.dk\/fi\/butik\/kuluvat-osat\/hampaat\/cat\/kaivukoneiden-piikkiteline\/2-2-hammasteline-e321\/","title":{"rendered":"2.2&#8243; hammasteline (E321)"},"content":{"rendered":"<p data-start=\"0\" data-end=\"58\"><strong data-start=\"0\" data-end=\"56\">CAT Piikkiteline &#8211; Kaivut\u00f6ihin<\/strong><\/p>\n<p data-start=\"60\" data-end=\"353\">CAT-hampaanpidin varmistaa hammassuojusten tukevan ja luotettavan kiinnityksen kauhaan. Se on suunniteltu kest\u00e4m\u00e4\u00e4n raskaita kuormituksia, ja se tarjoaa optimaalisen yhteyden kauhan ja hampaiden v\u00e4lille, mik\u00e4 takaa parhaan mahdollisen suorituskyvyn kaivut\u00f6iden aikana. <\/p>\n<p data-start=\"355\" data-end=\"604\">  <strong data-start=\"358\" data-end=\"380\">Turvallinen kiinnitys<\/strong> &#8211; Pit\u00e4\u00e4 hammassuojan tukevasti paikallaan kovan ty\u00f6n aikana.<br data-start=\"438\" data-end=\"441\"> <strong data-start=\"444\" data-end=\"468\">Kest\u00e4v\u00e4 ja pitk\u00e4ik\u00e4inen<\/strong> &#8211; Suunniteltu kest\u00e4m\u00e4\u00e4n raskaita kuormia.<br data-start=\"519\" data-end=\"522\"> <strong data-start=\"525\" data-end=\"552\">Sopii CAT-j\u00e4rjestelm\u00e4\u00e4n<\/strong> &#8211; Varmistaa optimaalisen yhteensopivuuden ja helpon asennuksen.<\/p>\n<p data-start=\"606\" data-end=\"728\" data-is-last-node=\"&gt;Med en CAT tandholder f\u00e5r du en st\u00e6rk og driftssikker l\u00f8sning til gravearbejde, der forl\u00e6nger udstyrets levetid og ydeevne.&lt;\/p&gt; &lt;p data-start=\" https:=\"\"><span style=\"color: #bf8c2f;\"><strong>Tietolehti<\/strong><\/span><\/p>\n","protected":false},"excerpt":{"rendered":"<p>CAT Piikkiteline &#8211; Kaivamiseen<\/p>\n<p>Sopii 25 mm:n terille.<\/p>\n","protected":false},"featured_media":3155,"template":"","meta":{"_acf_changed":false},"product_brand":[],"product_cat":[8746,2668,9580,2671],"product_tag":[],"class_list":{"0":"post-27723","1":"product","2":"type-product","3":"status-publish","4":"has-post-thumbnail","6":"product_cat-cat","7":"product_cat-hampaat","8":"product_cat-kaivukoneiden-piikkiteline","9":"product_cat-kuluvat-osat","11":"first","12":"instock","13":"taxable","14":"shipping-taxable","15":"purchasable","16":"product-type-simple"},"acf":[],"yoast_head":"<title>2.2&quot; hammasteline (E321) - Viggo Bendz<\/title>\n<meta name=\"robots\" content=\"index, follow, max-snippet:-1, max-image-preview:large, max-video-preview:-1\" \/>\n<link rel=\"canonical\" href=\"https:\/\/viggobendz.dk\/fi\/butik\/kuluvat-osat\/hampaat\/cat\/kaivukoneiden-piikkiteline\/2-2-hammasteline-e321\/\" \/>\n<meta property=\"og:locale\" content=\"fi_FI\" \/>\n<meta property=\"og:type\" content=\"article\" \/>\n<meta property=\"og:title\" content=\"2.2&quot; hammasteline (E321) - Viggo Bendz\" \/>\n<meta property=\"og:description\" content=\"CAT Piikkiteline - Kaivamiseen Sopii 25 mm:n terille.\" \/>\n<meta property=\"og:url\" content=\"https:\/\/viggobendz.dk\/fi\/butik\/kuluvat-osat\/hampaat\/cat\/kaivukoneiden-piikkiteline\/2-2-hammasteline-e321\/\" \/>\n<meta property=\"og:site_name\" content=\"Viggo Bendz\" \/>\n<meta property=\"og:image\" content=\"https:\/\/viggobendz.dk\/wp-content\/uploads\/2021\/04\/tandholder-cat-system-3G8354-2_google-shopping-scaled-e1639061993480.jpg\" \/>\n\t<meta property=\"og:image:width\" content=\"750\" \/>\n\t<meta property=\"og:image:height\" content=\"500\" \/>\n\t<meta property=\"og:image:type\" content=\"image\/jpeg\" \/>\n<meta name=\"twitter:card\" content=\"summary_large_image\" \/>\n<script type=\"application\/ld+json\" class=\"yoast-schema-graph\">{\"@context\":\"https:\/\/schema.org\",\"@graph\":[{\"@type\":\"WebPage\",\"@id\":\"https:\/\/viggobendz.dk\/fi\/butik\/kuluvat-osat\/hampaat\/cat\/kaivukoneiden-piikkiteline\/2-2-hammasteline-e321\/\",\"url\":\"https:\/\/viggobendz.dk\/fi\/butik\/kuluvat-osat\/hampaat\/cat\/kaivukoneiden-piikkiteline\/2-2-hammasteline-e321\/\",\"name\":\"2.2\\\" hammasteline (E321) - Viggo Bendz\",\"isPartOf\":{\"@id\":\"https:\/\/viggobendz.dk\/fi\/#website\"},\"primaryImageOfPage\":{\"@id\":\"https:\/\/viggobendz.dk\/fi\/butik\/kuluvat-osat\/hampaat\/cat\/kaivukoneiden-piikkiteline\/2-2-hammasteline-e321\/#primaryimage\"},\"image\":{\"@id\":\"https:\/\/viggobendz.dk\/fi\/butik\/kuluvat-osat\/hampaat\/cat\/kaivukoneiden-piikkiteline\/2-2-hammasteline-e321\/#primaryimage\"},\"thumbnailUrl\":\"https:\/\/viggobendz.dk\/wp-content\/uploads\/2021\/04\/tandholder-cat-system-3G8354-2_google-shopping-scaled-e1639061993480.jpg\",\"datePublished\":\"2025-03-11T06:44:18+00:00\",\"breadcrumb\":{\"@id\":\"https:\/\/viggobendz.dk\/fi\/butik\/kuluvat-osat\/hampaat\/cat\/kaivukoneiden-piikkiteline\/2-2-hammasteline-e321\/#breadcrumb\"},\"inLanguage\":\"fi\",\"potentialAction\":[{\"@type\":\"ReadAction\",\"target\":[\"https:\/\/viggobendz.dk\/fi\/butik\/kuluvat-osat\/hampaat\/cat\/kaivukoneiden-piikkiteline\/2-2-hammasteline-e321\/\"]}]},{\"@type\":\"ImageObject\",\"inLanguage\":\"fi\",\"@id\":\"https:\/\/viggobendz.dk\/fi\/butik\/kuluvat-osat\/hampaat\/cat\/kaivukoneiden-piikkiteline\/2-2-hammasteline-e321\/#primaryimage\",\"url\":\"https:\/\/viggobendz.dk\/wp-content\/uploads\/2021\/04\/tandholder-cat-system-3G8354-2_google-shopping-scaled-e1639061993480.jpg\",\"contentUrl\":\"https:\/\/viggobendz.dk\/wp-content\/uploads\/2021\/04\/tandholder-cat-system-3G8354-2_google-shopping-scaled-e1639061993480.jpg\",\"width\":750,\"height\":500},{\"@type\":\"BreadcrumbList\",\"@id\":\"https:\/\/viggobendz.dk\/fi\/butik\/kuluvat-osat\/hampaat\/cat\/kaivukoneiden-piikkiteline\/2-2-hammasteline-e321\/#breadcrumb\",\"itemListElement\":[{\"@type\":\"ListItem\",\"position\":1,\"name\":\"Hjem\",\"item\":\"https:\/\/viggobendz.dk\/fi\/kotisivu\/\"},{\"@type\":\"ListItem\",\"position\":2,\"name\":\"Shop\",\"item\":\"https:\/\/viggobendz.dk\/butik\/\"},{\"@type\":\"ListItem\",\"position\":3,\"name\":\"Kuluvat osat\",\"item\":\"https:\/\/viggobendz.dk\/fi\/vare-kategori\/kuluvat-osat\/\"},{\"@type\":\"ListItem\",\"position\":4,\"name\":\"Hampaat\",\"item\":\"https:\/\/viggobendz.dk\/fi\/vare-kategori\/kuluvat-osat\/hampaat\/\"},{\"@type\":\"ListItem\",\"position\":5,\"name\":\"CAT\",\"item\":\"https:\/\/viggobendz.dk\/fi\/vare-kategori\/kuluvat-osat\/hampaat\/cat\/\"},{\"@type\":\"ListItem\",\"position\":6,\"name\":\"Kaivukoneiden piikkiteline\",\"item\":\"https:\/\/viggobendz.dk\/fi\/vare-kategori\/kuluvat-osat\/hampaat\/cat\/kaivukoneiden-piikkiteline\/\"},{\"@type\":\"ListItem\",\"position\":7,\"name\":\"2.2&#8243; hammasteline (E321)\"}]},{\"@type\":\"WebSite\",\"@id\":\"https:\/\/viggobendz.dk\/fi\/#website\",\"url\":\"https:\/\/viggobendz.dk\/fi\/\",\"name\":\"Viggo Bendz\",\"description\":\"Det ansvarlige valg\",\"publisher\":{\"@id\":\"https:\/\/viggobendz.dk\/fi\/#organization\"},\"potentialAction\":[{\"@type\":\"SearchAction\",\"target\":{\"@type\":\"EntryPoint\",\"urlTemplate\":\"https:\/\/viggobendz.dk\/fi\/?s={search_term_string}\"},\"query-input\":{\"@type\":\"PropertyValueSpecification\",\"valueRequired\":true,\"valueName\":\"search_term_string\"}}],\"inLanguage\":\"fi\"},{\"@type\":\"Organization\",\"@id\":\"https:\/\/viggobendz.dk\/fi\/#organization\",\"name\":\"Viggo Bendz A\/S\",\"url\":\"https:\/\/viggobendz.dk\/fi\/\",\"logo\":{\"@type\":\"ImageObject\",\"inLanguage\":\"fi\",\"@id\":\"https:\/\/viggobendz.dk\/fi\/#\/schema\/logo\/image\/\",\"url\":\"https:\/\/viggobendz.dk\/wp-content\/uploads\/2020\/03\/VB-Logo.png\",\"contentUrl\":\"https:\/\/viggobendz.dk\/wp-content\/uploads\/2020\/03\/VB-Logo.png\",\"width\":735,\"height\":776,\"caption\":\"Viggo Bendz A\/S\"},\"image\":{\"@id\":\"https:\/\/viggobendz.dk\/fi\/#\/schema\/logo\/image\/\"}}]}<\/script>","yoast_head_json":{"title":"2.2\" hammasteline (E321) - Viggo Bendz","robots":{"index":"index","follow":"follow","max-snippet":"max-snippet:-1","max-image-preview":"max-image-preview:large","max-video-preview":"max-video-preview:-1"},"canonical":"https:\/\/viggobendz.dk\/fi\/butik\/kuluvat-osat\/hampaat\/cat\/kaivukoneiden-piikkiteline\/2-2-hammasteline-e321\/","og_locale":"fi_FI","og_type":"article","og_title":"2.2\" hammasteline (E321) - Viggo Bendz","og_description":"CAT Piikkiteline - Kaivamiseen Sopii 25 mm:n terille.","og_url":"https:\/\/viggobendz.dk\/fi\/butik\/kuluvat-osat\/hampaat\/cat\/kaivukoneiden-piikkiteline\/2-2-hammasteline-e321\/","og_site_name":"Viggo Bendz","og_image":[{"width":750,"height":500,"url":"https:\/\/viggobendz.dk\/wp-content\/uploads\/2021\/04\/tandholder-cat-system-3G8354-2_google-shopping-scaled-e1639061993480.jpg","type":"image\/jpeg"}],"twitter_card":"summary_large_image","schema":{"@context":"https:\/\/schema.org","@graph":[{"@type":"WebPage","@id":"https:\/\/viggobendz.dk\/fi\/butik\/kuluvat-osat\/hampaat\/cat\/kaivukoneiden-piikkiteline\/2-2-hammasteline-e321\/","url":"https:\/\/viggobendz.dk\/fi\/butik\/kuluvat-osat\/hampaat\/cat\/kaivukoneiden-piikkiteline\/2-2-hammasteline-e321\/","name":"2.2\" hammasteline (E321) - Viggo Bendz","isPartOf":{"@id":"https:\/\/viggobendz.dk\/fi\/#website"},"primaryImageOfPage":{"@id":"https:\/\/viggobendz.dk\/fi\/butik\/kuluvat-osat\/hampaat\/cat\/kaivukoneiden-piikkiteline\/2-2-hammasteline-e321\/#primaryimage"},"image":{"@id":"https:\/\/viggobendz.dk\/fi\/butik\/kuluvat-osat\/hampaat\/cat\/kaivukoneiden-piikkiteline\/2-2-hammasteline-e321\/#primaryimage"},"thumbnailUrl":"https:\/\/viggobendz.dk\/wp-content\/uploads\/2021\/04\/tandholder-cat-system-3G8354-2_google-shopping-scaled-e1639061993480.jpg","datePublished":"2025-03-11T06:44:18+00:00","breadcrumb":{"@id":"https:\/\/viggobendz.dk\/fi\/butik\/kuluvat-osat\/hampaat\/cat\/kaivukoneiden-piikkiteline\/2-2-hammasteline-e321\/#breadcrumb"},"inLanguage":"fi","potentialAction":[{"@type":"ReadAction","target":["https:\/\/viggobendz.dk\/fi\/butik\/kuluvat-osat\/hampaat\/cat\/kaivukoneiden-piikkiteline\/2-2-hammasteline-e321\/"]}]},{"@type":"ImageObject","inLanguage":"fi","@id":"https:\/\/viggobendz.dk\/fi\/butik\/kuluvat-osat\/hampaat\/cat\/kaivukoneiden-piikkiteline\/2-2-hammasteline-e321\/#primaryimage","url":"https:\/\/viggobendz.dk\/wp-content\/uploads\/2021\/04\/tandholder-cat-system-3G8354-2_google-shopping-scaled-e1639061993480.jpg","contentUrl":"https:\/\/viggobendz.dk\/wp-content\/uploads\/2021\/04\/tandholder-cat-system-3G8354-2_google-shopping-scaled-e1639061993480.jpg","width":750,"height":500},{"@type":"BreadcrumbList","@id":"https:\/\/viggobendz.dk\/fi\/butik\/kuluvat-osat\/hampaat\/cat\/kaivukoneiden-piikkiteline\/2-2-hammasteline-e321\/#breadcrumb","itemListElement":[{"@type":"ListItem","position":1,"name":"Hjem","item":"https:\/\/viggobendz.dk\/fi\/kotisivu\/"},{"@type":"ListItem","position":2,"name":"Shop","item":"https:\/\/viggobendz.dk\/butik\/"},{"@type":"ListItem","position":3,"name":"Kuluvat osat","item":"https:\/\/viggobendz.dk\/fi\/vare-kategori\/kuluvat-osat\/"},{"@type":"ListItem","position":4,"name":"Hampaat","item":"https:\/\/viggobendz.dk\/fi\/vare-kategori\/kuluvat-osat\/hampaat\/"},{"@type":"ListItem","position":5,"name":"CAT","item":"https:\/\/viggobendz.dk\/fi\/vare-kategori\/kuluvat-osat\/hampaat\/cat\/"},{"@type":"ListItem","position":6,"name":"Kaivukoneiden piikkiteline","item":"https:\/\/viggobendz.dk\/fi\/vare-kategori\/kuluvat-osat\/hampaat\/cat\/kaivukoneiden-piikkiteline\/"},{"@type":"ListItem","position":7,"name":"2.2&#8243; hammasteline (E321)"}]},{"@type":"WebSite","@id":"https:\/\/viggobendz.dk\/fi\/#website","url":"https:\/\/viggobendz.dk\/fi\/","name":"Viggo Bendz","description":"Det ansvarlige valg","publisher":{"@id":"https:\/\/viggobendz.dk\/fi\/#organization"},"potentialAction":[{"@type":"SearchAction","target":{"@type":"EntryPoint","urlTemplate":"https:\/\/viggobendz.dk\/fi\/?s={search_term_string}"},"query-input":{"@type":"PropertyValueSpecification","valueRequired":true,"valueName":"search_term_string"}}],"inLanguage":"fi"},{"@type":"Organization","@id":"https:\/\/viggobendz.dk\/fi\/#organization","name":"Viggo Bendz A\/S","url":"https:\/\/viggobendz.dk\/fi\/","logo":{"@type":"ImageObject","inLanguage":"fi","@id":"https:\/\/viggobendz.dk\/fi\/#\/schema\/logo\/image\/","url":"https:\/\/viggobendz.dk\/wp-content\/uploads\/2020\/03\/VB-Logo.png","contentUrl":"https:\/\/viggobendz.dk\/wp-content\/uploads\/2020\/03\/VB-Logo.png","width":735,"height":776,"caption":"Viggo Bendz A\/S"},"image":{"@id":"https:\/\/viggobendz.dk\/fi\/#\/schema\/logo\/image\/"}}]}},"_links":{"self":[{"href":"https:\/\/viggobendz.dk\/fi\/wp-json\/wp\/v2\/product\/27723","targetHints":{"allow":["GET"]}}],"collection":[{"href":"https:\/\/viggobendz.dk\/fi\/wp-json\/wp\/v2\/product"}],"about":[{"href":"https:\/\/viggobendz.dk\/fi\/wp-json\/wp\/v2\/types\/product"}],"wp:featuredmedia":[{"embeddable":true,"href":"https:\/\/viggobendz.dk\/fi\/wp-json\/wp\/v2\/media\/3155"}],"wp:attachment":[{"href":"https:\/\/viggobendz.dk\/fi\/wp-json\/wp\/v2\/media?parent=27723"}],"wp:term":[{"taxonomy":"product_brand","embeddable":true,"href":"https:\/\/viggobendz.dk\/fi\/wp-json\/wp\/v2\/product_brand?post=27723"},{"taxonomy":"product_cat","embeddable":true,"href":"https:\/\/viggobendz.dk\/fi\/wp-json\/wp\/v2\/product_cat?post=27723"},{"taxonomy":"product_tag","embeddable":true,"href":"https:\/\/viggobendz.dk\/fi\/wp-json\/wp\/v2\/product_tag?post=27723"}],"curies":[{"name":"wp","href":"https:\/\/api.w.org\/{rel}","templated":true}]}}