{"id":27758,"date":"2025-03-11T07:44:36","date_gmt":"2025-03-11T06:44:36","guid":{"rendered":"https:\/\/viggobendz.dk\/butik\/Ei-luokiteltu\/45-hammasteline-e314-1\/"},"modified":"2025-03-11T07:44:36","modified_gmt":"2025-03-11T06:44:36","slug":"45-hammasteline-e314-1","status":"publish","type":"product","link":"https:\/\/viggobendz.dk\/fi\/butik\/kuluvat-osat\/hampaat\/cat\/kuormaajien-piikkiteline\/45-hammasteline-e314-1\/","title":{"rendered":"4,5&#8243; hammasteline (E314.1)"},"content":{"rendered":"<p data-start=\"0\" data-end=\"58\"><strong data-start=\"0\" data-end=\"56\">CAT Piikkiteline &#8211; Kuormausty\u00f6h\u00f6n<\/strong><\/p>\n<p data-start=\"81\" data-end=\"354\">Py\u00f6r\u00e4kuormaajien CAT-hampaanpidin takaa vahvan ja vakaan hammassuojien kiinnityksen, jotta koneesi voi k\u00e4sitell\u00e4 raskaita kuormia mahdollisimman v\u00e4h\u00e4n kuluen. Se on suunniteltu kest\u00e4m\u00e4\u00e4n raskaita kuormia, ja se varmistaa, ett\u00e4 hampaat pysyv\u00e4t tukevasti kauhassa my\u00f6s intensiivisen k\u00e4yt\u00f6n aikana. <\/p>\n<p data-start=\"356\" data-end=\"592\">  <strong data-start=\"359\" data-end=\"381\">\u00c4\u00e4rimm\u00e4inen kest\u00e4vyys<\/strong> &#8211; Rakennettu kest\u00e4m\u00e4\u00e4n raskaita kuormia ja kovia iskuja.<br data-start=\"432\" data-end=\"435\"> <strong data-start=\"438\" data-end=\"458\">Turvallinen kiinnitys<\/strong> &#8211; Pit\u00e4\u00e4 hammassuojan tukevasti paikallaan optimaalisen suorituskyvyn varmistamiseksi.<br data-start=\"513\" data-end=\"516\"> <strong data-start=\"519\" data-end=\"546\">Sopii CAT-j\u00e4rjestelm\u00e4\u00e4n<\/strong> &#8211; Varmistaa yhteensopivuuden ja helpon vaihdon.<\/p>\n<p data-start=\"594\" data-end=\"725\" data-is-last-node=\"&gt;V\u00e6lg en CAT tandholder til din l\u00e6ssemaskine for en driftssikker og slidst\u00e6rk l\u00f8sning, der sikrer effektiv h\u00e5ndtering af materialer.&lt;\/p&gt; &lt;p data-start=\" https:=\"\"><span style=\"color: #bf8c2f;\"><strong>Tietolehti<\/strong><\/span><\/p>\n","protected":false},"excerpt":{"rendered":"<p>CAT Piikkiteline &#8211; Kuormausty\u00f6h\u00f6n<\/p>\n","protected":false},"featured_media":1108,"template":"","meta":{"_acf_changed":false},"product_brand":[],"product_cat":[8746,2668,2671,9584],"product_tag":[],"class_list":{"0":"post-27758","1":"product","2":"type-product","3":"status-publish","4":"has-post-thumbnail","6":"product_cat-cat","7":"product_cat-hampaat","8":"product_cat-kuluvat-osat","9":"product_cat-kuormaajien-piikkiteline","11":"first","12":"instock","13":"taxable","14":"shipping-taxable","15":"purchasable","16":"product-type-simple"},"acf":[],"yoast_head":"<title>4,5&quot; hammasteline (E314.1) - Viggo Bendz<\/title>\n<meta name=\"robots\" content=\"index, follow, max-snippet:-1, max-image-preview:large, max-video-preview:-1\" \/>\n<link rel=\"canonical\" href=\"https:\/\/viggobendz.dk\/fi\/butik\/kuluvat-osat\/hampaat\/cat\/kuormaajien-piikkiteline\/45-hammasteline-e314-1\/\" \/>\n<meta property=\"og:locale\" content=\"fi_FI\" \/>\n<meta property=\"og:type\" content=\"article\" \/>\n<meta property=\"og:title\" content=\"4,5&quot; hammasteline (E314.1) - Viggo Bendz\" \/>\n<meta property=\"og:description\" content=\"CAT Piikkiteline - Kuormausty\u00f6h\u00f6n\" \/>\n<meta property=\"og:url\" content=\"https:\/\/viggobendz.dk\/fi\/butik\/kuluvat-osat\/hampaat\/cat\/kuormaajien-piikkiteline\/45-hammasteline-e314-1\/\" \/>\n<meta property=\"og:site_name\" content=\"Viggo Bendz\" \/>\n<meta property=\"og:image\" content=\"https:\/\/viggobendz.dk\/wp-content\/uploads\/2020\/09\/tandholder-cat-system-1U1304-2-scaled.jpg\" \/>\n\t<meta property=\"og:image:width\" content=\"2560\" \/>\n\t<meta property=\"og:image:height\" content=\"1707\" \/>\n\t<meta property=\"og:image:type\" content=\"image\/jpeg\" \/>\n<meta name=\"twitter:card\" content=\"summary_large_image\" \/>\n<script type=\"application\/ld+json\" class=\"yoast-schema-graph\">{\"@context\":\"https:\/\/schema.org\",\"@graph\":[{\"@type\":\"WebPage\",\"@id\":\"https:\/\/viggobendz.dk\/fi\/butik\/kuluvat-osat\/hampaat\/cat\/kuormaajien-piikkiteline\/45-hammasteline-e314-1\/\",\"url\":\"https:\/\/viggobendz.dk\/fi\/butik\/kuluvat-osat\/hampaat\/cat\/kuormaajien-piikkiteline\/45-hammasteline-e314-1\/\",\"name\":\"4,5\\\" hammasteline (E314.1) - Viggo Bendz\",\"isPartOf\":{\"@id\":\"https:\/\/viggobendz.dk\/fi\/#website\"},\"primaryImageOfPage\":{\"@id\":\"https:\/\/viggobendz.dk\/fi\/butik\/kuluvat-osat\/hampaat\/cat\/kuormaajien-piikkiteline\/45-hammasteline-e314-1\/#primaryimage\"},\"image\":{\"@id\":\"https:\/\/viggobendz.dk\/fi\/butik\/kuluvat-osat\/hampaat\/cat\/kuormaajien-piikkiteline\/45-hammasteline-e314-1\/#primaryimage\"},\"thumbnailUrl\":\"https:\/\/viggobendz.dk\/wp-content\/uploads\/2020\/09\/tandholder-cat-system-1U1304-2-scaled.jpg\",\"datePublished\":\"2025-03-11T06:44:36+00:00\",\"breadcrumb\":{\"@id\":\"https:\/\/viggobendz.dk\/fi\/butik\/kuluvat-osat\/hampaat\/cat\/kuormaajien-piikkiteline\/45-hammasteline-e314-1\/#breadcrumb\"},\"inLanguage\":\"fi\",\"potentialAction\":[{\"@type\":\"ReadAction\",\"target\":[\"https:\/\/viggobendz.dk\/fi\/butik\/kuluvat-osat\/hampaat\/cat\/kuormaajien-piikkiteline\/45-hammasteline-e314-1\/\"]}]},{\"@type\":\"ImageObject\",\"inLanguage\":\"fi\",\"@id\":\"https:\/\/viggobendz.dk\/fi\/butik\/kuluvat-osat\/hampaat\/cat\/kuormaajien-piikkiteline\/45-hammasteline-e314-1\/#primaryimage\",\"url\":\"https:\/\/viggobendz.dk\/wp-content\/uploads\/2020\/09\/tandholder-cat-system-1U1304-2-scaled.jpg\",\"contentUrl\":\"https:\/\/viggobendz.dk\/wp-content\/uploads\/2020\/09\/tandholder-cat-system-1U1304-2-scaled.jpg\",\"width\":2560,\"height\":1707},{\"@type\":\"BreadcrumbList\",\"@id\":\"https:\/\/viggobendz.dk\/fi\/butik\/kuluvat-osat\/hampaat\/cat\/kuormaajien-piikkiteline\/45-hammasteline-e314-1\/#breadcrumb\",\"itemListElement\":[{\"@type\":\"ListItem\",\"position\":1,\"name\":\"Hjem\",\"item\":\"https:\/\/viggobendz.dk\/fi\/kotisivu\/\"},{\"@type\":\"ListItem\",\"position\":2,\"name\":\"Shop\",\"item\":\"https:\/\/viggobendz.dk\/butik\/\"},{\"@type\":\"ListItem\",\"position\":3,\"name\":\"Kuluvat osat\",\"item\":\"https:\/\/viggobendz.dk\/fi\/vare-kategori\/kuluvat-osat\/\"},{\"@type\":\"ListItem\",\"position\":4,\"name\":\"Hampaat\",\"item\":\"https:\/\/viggobendz.dk\/fi\/vare-kategori\/kuluvat-osat\/hampaat\/\"},{\"@type\":\"ListItem\",\"position\":5,\"name\":\"CAT\",\"item\":\"https:\/\/viggobendz.dk\/fi\/vare-kategori\/kuluvat-osat\/hampaat\/cat\/\"},{\"@type\":\"ListItem\",\"position\":6,\"name\":\"Kuormaajien piikkiteline\",\"item\":\"https:\/\/viggobendz.dk\/fi\/vare-kategori\/kuluvat-osat\/hampaat\/cat\/kuormaajien-piikkiteline\/\"},{\"@type\":\"ListItem\",\"position\":7,\"name\":\"4,5&#8243; hammasteline (E314.1)\"}]},{\"@type\":\"WebSite\",\"@id\":\"https:\/\/viggobendz.dk\/fi\/#website\",\"url\":\"https:\/\/viggobendz.dk\/fi\/\",\"name\":\"Viggo Bendz\",\"description\":\"Det ansvarlige valg\",\"publisher\":{\"@id\":\"https:\/\/viggobendz.dk\/fi\/#organization\"},\"potentialAction\":[{\"@type\":\"SearchAction\",\"target\":{\"@type\":\"EntryPoint\",\"urlTemplate\":\"https:\/\/viggobendz.dk\/fi\/?s={search_term_string}\"},\"query-input\":{\"@type\":\"PropertyValueSpecification\",\"valueRequired\":true,\"valueName\":\"search_term_string\"}}],\"inLanguage\":\"fi\"},{\"@type\":\"Organization\",\"@id\":\"https:\/\/viggobendz.dk\/fi\/#organization\",\"name\":\"Viggo Bendz A\/S\",\"url\":\"https:\/\/viggobendz.dk\/fi\/\",\"logo\":{\"@type\":\"ImageObject\",\"inLanguage\":\"fi\",\"@id\":\"https:\/\/viggobendz.dk\/fi\/#\/schema\/logo\/image\/\",\"url\":\"https:\/\/viggobendz.dk\/wp-content\/uploads\/2020\/03\/VB-Logo.png\",\"contentUrl\":\"https:\/\/viggobendz.dk\/wp-content\/uploads\/2020\/03\/VB-Logo.png\",\"width\":735,\"height\":776,\"caption\":\"Viggo Bendz A\/S\"},\"image\":{\"@id\":\"https:\/\/viggobendz.dk\/fi\/#\/schema\/logo\/image\/\"}}]}<\/script>","yoast_head_json":{"title":"4,5\" hammasteline (E314.1) - Viggo Bendz","robots":{"index":"index","follow":"follow","max-snippet":"max-snippet:-1","max-image-preview":"max-image-preview:large","max-video-preview":"max-video-preview:-1"},"canonical":"https:\/\/viggobendz.dk\/fi\/butik\/kuluvat-osat\/hampaat\/cat\/kuormaajien-piikkiteline\/45-hammasteline-e314-1\/","og_locale":"fi_FI","og_type":"article","og_title":"4,5\" hammasteline (E314.1) - Viggo Bendz","og_description":"CAT Piikkiteline - Kuormausty\u00f6h\u00f6n","og_url":"https:\/\/viggobendz.dk\/fi\/butik\/kuluvat-osat\/hampaat\/cat\/kuormaajien-piikkiteline\/45-hammasteline-e314-1\/","og_site_name":"Viggo Bendz","og_image":[{"width":2560,"height":1707,"url":"https:\/\/viggobendz.dk\/wp-content\/uploads\/2020\/09\/tandholder-cat-system-1U1304-2-scaled.jpg","type":"image\/jpeg"}],"twitter_card":"summary_large_image","schema":{"@context":"https:\/\/schema.org","@graph":[{"@type":"WebPage","@id":"https:\/\/viggobendz.dk\/fi\/butik\/kuluvat-osat\/hampaat\/cat\/kuormaajien-piikkiteline\/45-hammasteline-e314-1\/","url":"https:\/\/viggobendz.dk\/fi\/butik\/kuluvat-osat\/hampaat\/cat\/kuormaajien-piikkiteline\/45-hammasteline-e314-1\/","name":"4,5\" hammasteline (E314.1) - Viggo Bendz","isPartOf":{"@id":"https:\/\/viggobendz.dk\/fi\/#website"},"primaryImageOfPage":{"@id":"https:\/\/viggobendz.dk\/fi\/butik\/kuluvat-osat\/hampaat\/cat\/kuormaajien-piikkiteline\/45-hammasteline-e314-1\/#primaryimage"},"image":{"@id":"https:\/\/viggobendz.dk\/fi\/butik\/kuluvat-osat\/hampaat\/cat\/kuormaajien-piikkiteline\/45-hammasteline-e314-1\/#primaryimage"},"thumbnailUrl":"https:\/\/viggobendz.dk\/wp-content\/uploads\/2020\/09\/tandholder-cat-system-1U1304-2-scaled.jpg","datePublished":"2025-03-11T06:44:36+00:00","breadcrumb":{"@id":"https:\/\/viggobendz.dk\/fi\/butik\/kuluvat-osat\/hampaat\/cat\/kuormaajien-piikkiteline\/45-hammasteline-e314-1\/#breadcrumb"},"inLanguage":"fi","potentialAction":[{"@type":"ReadAction","target":["https:\/\/viggobendz.dk\/fi\/butik\/kuluvat-osat\/hampaat\/cat\/kuormaajien-piikkiteline\/45-hammasteline-e314-1\/"]}]},{"@type":"ImageObject","inLanguage":"fi","@id":"https:\/\/viggobendz.dk\/fi\/butik\/kuluvat-osat\/hampaat\/cat\/kuormaajien-piikkiteline\/45-hammasteline-e314-1\/#primaryimage","url":"https:\/\/viggobendz.dk\/wp-content\/uploads\/2020\/09\/tandholder-cat-system-1U1304-2-scaled.jpg","contentUrl":"https:\/\/viggobendz.dk\/wp-content\/uploads\/2020\/09\/tandholder-cat-system-1U1304-2-scaled.jpg","width":2560,"height":1707},{"@type":"BreadcrumbList","@id":"https:\/\/viggobendz.dk\/fi\/butik\/kuluvat-osat\/hampaat\/cat\/kuormaajien-piikkiteline\/45-hammasteline-e314-1\/#breadcrumb","itemListElement":[{"@type":"ListItem","position":1,"name":"Hjem","item":"https:\/\/viggobendz.dk\/fi\/kotisivu\/"},{"@type":"ListItem","position":2,"name":"Shop","item":"https:\/\/viggobendz.dk\/butik\/"},{"@type":"ListItem","position":3,"name":"Kuluvat osat","item":"https:\/\/viggobendz.dk\/fi\/vare-kategori\/kuluvat-osat\/"},{"@type":"ListItem","position":4,"name":"Hampaat","item":"https:\/\/viggobendz.dk\/fi\/vare-kategori\/kuluvat-osat\/hampaat\/"},{"@type":"ListItem","position":5,"name":"CAT","item":"https:\/\/viggobendz.dk\/fi\/vare-kategori\/kuluvat-osat\/hampaat\/cat\/"},{"@type":"ListItem","position":6,"name":"Kuormaajien piikkiteline","item":"https:\/\/viggobendz.dk\/fi\/vare-kategori\/kuluvat-osat\/hampaat\/cat\/kuormaajien-piikkiteline\/"},{"@type":"ListItem","position":7,"name":"4,5&#8243; hammasteline (E314.1)"}]},{"@type":"WebSite","@id":"https:\/\/viggobendz.dk\/fi\/#website","url":"https:\/\/viggobendz.dk\/fi\/","name":"Viggo Bendz","description":"Det ansvarlige valg","publisher":{"@id":"https:\/\/viggobendz.dk\/fi\/#organization"},"potentialAction":[{"@type":"SearchAction","target":{"@type":"EntryPoint","urlTemplate":"https:\/\/viggobendz.dk\/fi\/?s={search_term_string}"},"query-input":{"@type":"PropertyValueSpecification","valueRequired":true,"valueName":"search_term_string"}}],"inLanguage":"fi"},{"@type":"Organization","@id":"https:\/\/viggobendz.dk\/fi\/#organization","name":"Viggo Bendz A\/S","url":"https:\/\/viggobendz.dk\/fi\/","logo":{"@type":"ImageObject","inLanguage":"fi","@id":"https:\/\/viggobendz.dk\/fi\/#\/schema\/logo\/image\/","url":"https:\/\/viggobendz.dk\/wp-content\/uploads\/2020\/03\/VB-Logo.png","contentUrl":"https:\/\/viggobendz.dk\/wp-content\/uploads\/2020\/03\/VB-Logo.png","width":735,"height":776,"caption":"Viggo Bendz A\/S"},"image":{"@id":"https:\/\/viggobendz.dk\/fi\/#\/schema\/logo\/image\/"}}]}},"_links":{"self":[{"href":"https:\/\/viggobendz.dk\/fi\/wp-json\/wp\/v2\/product\/27758","targetHints":{"allow":["GET"]}}],"collection":[{"href":"https:\/\/viggobendz.dk\/fi\/wp-json\/wp\/v2\/product"}],"about":[{"href":"https:\/\/viggobendz.dk\/fi\/wp-json\/wp\/v2\/types\/product"}],"wp:featuredmedia":[{"embeddable":true,"href":"https:\/\/viggobendz.dk\/fi\/wp-json\/wp\/v2\/media\/1108"}],"wp:attachment":[{"href":"https:\/\/viggobendz.dk\/fi\/wp-json\/wp\/v2\/media?parent=27758"}],"wp:term":[{"taxonomy":"product_brand","embeddable":true,"href":"https:\/\/viggobendz.dk\/fi\/wp-json\/wp\/v2\/product_brand?post=27758"},{"taxonomy":"product_cat","embeddable":true,"href":"https:\/\/viggobendz.dk\/fi\/wp-json\/wp\/v2\/product_cat?post=27758"},{"taxonomy":"product_tag","embeddable":true,"href":"https:\/\/viggobendz.dk\/fi\/wp-json\/wp\/v2\/product_tag?post=27758"}],"curies":[{"name":"wp","href":"https:\/\/api.w.org\/{rel}","templated":true}]}}