{"id":27835,"date":"2025-03-11T07:42:21","date_gmt":"2025-03-11T06:42:21","guid":{"rendered":"https:\/\/viggobendz.dk\/butik\/Ei-luokiteltu\/hammaskorkki-ja-sovitin-minikaivinkoneisiin\/"},"modified":"2025-03-11T07:42:21","modified_gmt":"2025-03-11T06:42:21","slug":"hammaskorkki-ja-sovitin-minikaivinkoneisiin","status":"publish","type":"product","link":"https:\/\/viggobendz.dk\/fi\/butik\/kuluvat-osat\/hampaat\/hammaskorkki-ja-sovitin-minikaivinkoneisiin\/","title":{"rendered":"Hammaskorkki ja sovitin minikaivinkoneisiin"},"content":{"rendered":"<h2>Kest\u00e4v\u00e4t huput ja sovittimet minikaivinkoneeseen ja liukupy\u00f6r\u00e4kuormaajaan.<\/h2>\n<p><em>Sovitin m\u00e4\u00e4r\u00e4\u00e4, onko kyseess\u00e4 kaivamis- vai lastausty\u00f6.<\/em><\/p>\n<ul>\n<li>K\u00e4yt\u00e4 kaivaessa kaivaussovitinta.<\/li>\n<li>K\u00e4yt\u00e4 kuormausty\u00f6ss\u00e4 kuormausty\u00f6h\u00f6n tarkoitettua sovitinta.<\/li>\n<li>Hammassuojusta k\u00e4ytet\u00e4\u00e4n sek\u00e4 kaivu- ett\u00e4 kuormausty\u00f6ss\u00e4.<\/li>\n<li>\u00c4l\u00e4 unohda tilata lukitusnastoja hammassuojuksia varten.<\/li>\n<\/ul>\n<h4><strong><a href=\"https:\/\/viggobendz.dk\/wp-content\/uploads\/2022\/01\/datablad-mini-taender.jpg\">Tietolehti<\/a><\/strong><\/h4>\n","protected":false},"excerpt":{"rendered":"<h2>Kest\u00e4v\u00e4t huput ja sovittimet minikaivinkoneeseen ja liukupy\u00f6r\u00e4kuormaajaan.<\/h2>\n<p><em>Sovitin m\u00e4\u00e4r\u00e4\u00e4, onko kyseess\u00e4 kaivamis- vai lastausty\u00f6.<\/em><\/p>\n<ul>\n<li>K\u00e4yt\u00e4 kaivaessa kaivaussovitinta.<\/li>\n<li>K\u00e4yt\u00e4 kuormausty\u00f6ss\u00e4 kuormausty\u00f6h\u00f6n tarkoitettua sovitinta.<\/li>\n<li>Hammassuojusta k\u00e4ytet\u00e4\u00e4n sek\u00e4 kaivu- ett\u00e4 kuormausty\u00f6ss\u00e4.<\/li>\n<li>\u00c4l\u00e4 unohda tilata lukitusnastoja hammassuojuksia varten.<\/li>\n<\/ul>\n<h4><strong><a href=\"https:\/\/viggobendz.dk\/wp-content\/uploads\/2022\/01\/datablad-mini-taender.jpg\">Tietolehti<\/a><\/strong><\/h4>\n","protected":false},"featured_media":5285,"template":"","meta":{"_acf_changed":false},"product_brand":[],"product_cat":[2668,2671,9661],"product_tag":[],"class_list":{"0":"post-27835","1":"product","2":"type-product","3":"status-publish","4":"has-post-thumbnail","6":"product_cat-hampaat","7":"product_cat-kuluvat-osat","8":"product_cat-minikaivukoneen-hampaat","10":"first","11":"instock","12":"taxable","13":"shipping-taxable","14":"purchasable","15":"product-type-variable"},"acf":[],"yoast_head":"<title>Hammaskorkki ja sovitin minikaivinkoneisiin - Viggo Bendz<\/title>\n<meta name=\"robots\" content=\"index, follow, max-snippet:-1, max-image-preview:large, max-video-preview:-1\" \/>\n<link rel=\"canonical\" href=\"https:\/\/viggobendz.dk\/fi\/butik\/kuluvat-osat\/hampaat\/hammaskorkki-ja-sovitin-minikaivinkoneisiin\/\" \/>\n<meta property=\"og:locale\" content=\"fi_FI\" \/>\n<meta property=\"og:type\" content=\"article\" \/>\n<meta property=\"og:title\" content=\"Hammaskorkki ja sovitin minikaivinkoneisiin - Viggo Bendz\" \/>\n<meta property=\"og:description\" content=\"Kest\u00e4v\u00e4t huput ja sovittimet minikaivinkoneeseen ja liukupy\u00f6r\u00e4kuormaajaan. Sovitin m\u00e4\u00e4r\u00e4\u00e4, onko kyseess\u00e4 kaivamis- vai lastausty\u00f6.  K\u00e4yt\u00e4 kaivaessa kaivaussovitinta.  K\u00e4yt\u00e4 kuormausty\u00f6ss\u00e4 kuormausty\u00f6h\u00f6n tarkoitettua sovitinta.  Hammassuojusta k\u00e4ytet\u00e4\u00e4n sek\u00e4 kaivu- ett\u00e4 kuormausty\u00f6ss\u00e4.  \u00c4l\u00e4 unohda tilata lukitusnastoja hammassuojuksia varten. Tietolehti\" \/>\n<meta property=\"og:url\" content=\"https:\/\/viggobendz.dk\/fi\/butik\/kuluvat-osat\/hampaat\/hammaskorkki-ja-sovitin-minikaivinkoneisiin\/\" \/>\n<meta property=\"og:site_name\" content=\"Viggo Bendz\" \/>\n<meta property=\"og:image\" content=\"https:\/\/viggobendz.dk\/wp-content\/uploads\/2022\/01\/E501-1.jpg\" \/>\n\t<meta property=\"og:image:width\" content=\"750\" \/>\n\t<meta property=\"og:image:height\" content=\"500\" \/>\n\t<meta property=\"og:image:type\" content=\"image\/jpeg\" \/>\n<meta name=\"twitter:card\" content=\"summary_large_image\" \/>\n<script type=\"application\/ld+json\" class=\"yoast-schema-graph\">{\"@context\":\"https:\/\/schema.org\",\"@graph\":[{\"@type\":\"WebPage\",\"@id\":\"https:\/\/viggobendz.dk\/fi\/butik\/kuluvat-osat\/hampaat\/hammaskorkki-ja-sovitin-minikaivinkoneisiin\/\",\"url\":\"https:\/\/viggobendz.dk\/fi\/butik\/kuluvat-osat\/hampaat\/hammaskorkki-ja-sovitin-minikaivinkoneisiin\/\",\"name\":\"Hammaskorkki ja sovitin minikaivinkoneisiin - Viggo Bendz\",\"isPartOf\":{\"@id\":\"https:\/\/viggobendz.dk\/fi\/#website\"},\"primaryImageOfPage\":{\"@id\":\"https:\/\/viggobendz.dk\/fi\/butik\/kuluvat-osat\/hampaat\/hammaskorkki-ja-sovitin-minikaivinkoneisiin\/#primaryimage\"},\"image\":{\"@id\":\"https:\/\/viggobendz.dk\/fi\/butik\/kuluvat-osat\/hampaat\/hammaskorkki-ja-sovitin-minikaivinkoneisiin\/#primaryimage\"},\"thumbnailUrl\":\"https:\/\/viggobendz.dk\/wp-content\/uploads\/2022\/01\/E501-1.jpg\",\"datePublished\":\"2025-03-11T06:42:21+00:00\",\"breadcrumb\":{\"@id\":\"https:\/\/viggobendz.dk\/fi\/butik\/kuluvat-osat\/hampaat\/hammaskorkki-ja-sovitin-minikaivinkoneisiin\/#breadcrumb\"},\"inLanguage\":\"fi\",\"potentialAction\":[{\"@type\":\"ReadAction\",\"target\":[\"https:\/\/viggobendz.dk\/fi\/butik\/kuluvat-osat\/hampaat\/hammaskorkki-ja-sovitin-minikaivinkoneisiin\/\"]}]},{\"@type\":\"ImageObject\",\"inLanguage\":\"fi\",\"@id\":\"https:\/\/viggobendz.dk\/fi\/butik\/kuluvat-osat\/hampaat\/hammaskorkki-ja-sovitin-minikaivinkoneisiin\/#primaryimage\",\"url\":\"https:\/\/viggobendz.dk\/wp-content\/uploads\/2022\/01\/E501-1.jpg\",\"contentUrl\":\"https:\/\/viggobendz.dk\/wp-content\/uploads\/2022\/01\/E501-1.jpg\",\"width\":750,\"height\":500,\"caption\":\"produktfremvisning tandh\u00e6tte\"},{\"@type\":\"BreadcrumbList\",\"@id\":\"https:\/\/viggobendz.dk\/fi\/butik\/kuluvat-osat\/hampaat\/hammaskorkki-ja-sovitin-minikaivinkoneisiin\/#breadcrumb\",\"itemListElement\":[{\"@type\":\"ListItem\",\"position\":1,\"name\":\"Hjem\",\"item\":\"https:\/\/viggobendz.dk\/fi\/kotisivu\/\"},{\"@type\":\"ListItem\",\"position\":2,\"name\":\"Shop\",\"item\":\"https:\/\/viggobendz.dk\/butik\/\"},{\"@type\":\"ListItem\",\"position\":3,\"name\":\"Kuluvat osat\",\"item\":\"https:\/\/viggobendz.dk\/fi\/vare-kategori\/kuluvat-osat\/\"},{\"@type\":\"ListItem\",\"position\":4,\"name\":\"Hampaat\",\"item\":\"https:\/\/viggobendz.dk\/fi\/vare-kategori\/kuluvat-osat\/hampaat\/\"},{\"@type\":\"ListItem\",\"position\":5,\"name\":\"Minikaivukoneen hampaat\",\"item\":\"https:\/\/viggobendz.dk\/fi\/vare-kategori\/kuluvat-osat\/hampaat\/minikaivukoneen-hampaat\/\"},{\"@type\":\"ListItem\",\"position\":6,\"name\":\"Hammaskorkki ja sovitin minikaivinkoneisiin\"}]},{\"@type\":\"WebSite\",\"@id\":\"https:\/\/viggobendz.dk\/fi\/#website\",\"url\":\"https:\/\/viggobendz.dk\/fi\/\",\"name\":\"Viggo Bendz\",\"description\":\"Det ansvarlige valg\",\"publisher\":{\"@id\":\"https:\/\/viggobendz.dk\/fi\/#organization\"},\"potentialAction\":[{\"@type\":\"SearchAction\",\"target\":{\"@type\":\"EntryPoint\",\"urlTemplate\":\"https:\/\/viggobendz.dk\/fi\/?s={search_term_string}\"},\"query-input\":{\"@type\":\"PropertyValueSpecification\",\"valueRequired\":true,\"valueName\":\"search_term_string\"}}],\"inLanguage\":\"fi\"},{\"@type\":\"Organization\",\"@id\":\"https:\/\/viggobendz.dk\/fi\/#organization\",\"name\":\"Viggo Bendz A\/S\",\"url\":\"https:\/\/viggobendz.dk\/fi\/\",\"logo\":{\"@type\":\"ImageObject\",\"inLanguage\":\"fi\",\"@id\":\"https:\/\/viggobendz.dk\/fi\/#\/schema\/logo\/image\/\",\"url\":\"https:\/\/viggobendz.dk\/wp-content\/uploads\/2020\/03\/VB-Logo.png\",\"contentUrl\":\"https:\/\/viggobendz.dk\/wp-content\/uploads\/2020\/03\/VB-Logo.png\",\"width\":735,\"height\":776,\"caption\":\"Viggo Bendz A\/S\"},\"image\":{\"@id\":\"https:\/\/viggobendz.dk\/fi\/#\/schema\/logo\/image\/\"}}]}<\/script>","yoast_head_json":{"title":"Hammaskorkki ja sovitin minikaivinkoneisiin - Viggo Bendz","robots":{"index":"index","follow":"follow","max-snippet":"max-snippet:-1","max-image-preview":"max-image-preview:large","max-video-preview":"max-video-preview:-1"},"canonical":"https:\/\/viggobendz.dk\/fi\/butik\/kuluvat-osat\/hampaat\/hammaskorkki-ja-sovitin-minikaivinkoneisiin\/","og_locale":"fi_FI","og_type":"article","og_title":"Hammaskorkki ja sovitin minikaivinkoneisiin - Viggo Bendz","og_description":"Kest\u00e4v\u00e4t huput ja sovittimet minikaivinkoneeseen ja liukupy\u00f6r\u00e4kuormaajaan. Sovitin m\u00e4\u00e4r\u00e4\u00e4, onko kyseess\u00e4 kaivamis- vai lastausty\u00f6.  K\u00e4yt\u00e4 kaivaessa kaivaussovitinta.  K\u00e4yt\u00e4 kuormausty\u00f6ss\u00e4 kuormausty\u00f6h\u00f6n tarkoitettua sovitinta.  Hammassuojusta k\u00e4ytet\u00e4\u00e4n sek\u00e4 kaivu- ett\u00e4 kuormausty\u00f6ss\u00e4.  \u00c4l\u00e4 unohda tilata lukitusnastoja hammassuojuksia varten. Tietolehti","og_url":"https:\/\/viggobendz.dk\/fi\/butik\/kuluvat-osat\/hampaat\/hammaskorkki-ja-sovitin-minikaivinkoneisiin\/","og_site_name":"Viggo Bendz","og_image":[{"width":750,"height":500,"url":"https:\/\/viggobendz.dk\/wp-content\/uploads\/2022\/01\/E501-1.jpg","type":"image\/jpeg"}],"twitter_card":"summary_large_image","schema":{"@context":"https:\/\/schema.org","@graph":[{"@type":"WebPage","@id":"https:\/\/viggobendz.dk\/fi\/butik\/kuluvat-osat\/hampaat\/hammaskorkki-ja-sovitin-minikaivinkoneisiin\/","url":"https:\/\/viggobendz.dk\/fi\/butik\/kuluvat-osat\/hampaat\/hammaskorkki-ja-sovitin-minikaivinkoneisiin\/","name":"Hammaskorkki ja sovitin minikaivinkoneisiin - Viggo Bendz","isPartOf":{"@id":"https:\/\/viggobendz.dk\/fi\/#website"},"primaryImageOfPage":{"@id":"https:\/\/viggobendz.dk\/fi\/butik\/kuluvat-osat\/hampaat\/hammaskorkki-ja-sovitin-minikaivinkoneisiin\/#primaryimage"},"image":{"@id":"https:\/\/viggobendz.dk\/fi\/butik\/kuluvat-osat\/hampaat\/hammaskorkki-ja-sovitin-minikaivinkoneisiin\/#primaryimage"},"thumbnailUrl":"https:\/\/viggobendz.dk\/wp-content\/uploads\/2022\/01\/E501-1.jpg","datePublished":"2025-03-11T06:42:21+00:00","breadcrumb":{"@id":"https:\/\/viggobendz.dk\/fi\/butik\/kuluvat-osat\/hampaat\/hammaskorkki-ja-sovitin-minikaivinkoneisiin\/#breadcrumb"},"inLanguage":"fi","potentialAction":[{"@type":"ReadAction","target":["https:\/\/viggobendz.dk\/fi\/butik\/kuluvat-osat\/hampaat\/hammaskorkki-ja-sovitin-minikaivinkoneisiin\/"]}]},{"@type":"ImageObject","inLanguage":"fi","@id":"https:\/\/viggobendz.dk\/fi\/butik\/kuluvat-osat\/hampaat\/hammaskorkki-ja-sovitin-minikaivinkoneisiin\/#primaryimage","url":"https:\/\/viggobendz.dk\/wp-content\/uploads\/2022\/01\/E501-1.jpg","contentUrl":"https:\/\/viggobendz.dk\/wp-content\/uploads\/2022\/01\/E501-1.jpg","width":750,"height":500,"caption":"produktfremvisning tandh\u00e6tte"},{"@type":"BreadcrumbList","@id":"https:\/\/viggobendz.dk\/fi\/butik\/kuluvat-osat\/hampaat\/hammaskorkki-ja-sovitin-minikaivinkoneisiin\/#breadcrumb","itemListElement":[{"@type":"ListItem","position":1,"name":"Hjem","item":"https:\/\/viggobendz.dk\/fi\/kotisivu\/"},{"@type":"ListItem","position":2,"name":"Shop","item":"https:\/\/viggobendz.dk\/butik\/"},{"@type":"ListItem","position":3,"name":"Kuluvat osat","item":"https:\/\/viggobendz.dk\/fi\/vare-kategori\/kuluvat-osat\/"},{"@type":"ListItem","position":4,"name":"Hampaat","item":"https:\/\/viggobendz.dk\/fi\/vare-kategori\/kuluvat-osat\/hampaat\/"},{"@type":"ListItem","position":5,"name":"Minikaivukoneen hampaat","item":"https:\/\/viggobendz.dk\/fi\/vare-kategori\/kuluvat-osat\/hampaat\/minikaivukoneen-hampaat\/"},{"@type":"ListItem","position":6,"name":"Hammaskorkki ja sovitin minikaivinkoneisiin"}]},{"@type":"WebSite","@id":"https:\/\/viggobendz.dk\/fi\/#website","url":"https:\/\/viggobendz.dk\/fi\/","name":"Viggo Bendz","description":"Det ansvarlige valg","publisher":{"@id":"https:\/\/viggobendz.dk\/fi\/#organization"},"potentialAction":[{"@type":"SearchAction","target":{"@type":"EntryPoint","urlTemplate":"https:\/\/viggobendz.dk\/fi\/?s={search_term_string}"},"query-input":{"@type":"PropertyValueSpecification","valueRequired":true,"valueName":"search_term_string"}}],"inLanguage":"fi"},{"@type":"Organization","@id":"https:\/\/viggobendz.dk\/fi\/#organization","name":"Viggo Bendz A\/S","url":"https:\/\/viggobendz.dk\/fi\/","logo":{"@type":"ImageObject","inLanguage":"fi","@id":"https:\/\/viggobendz.dk\/fi\/#\/schema\/logo\/image\/","url":"https:\/\/viggobendz.dk\/wp-content\/uploads\/2020\/03\/VB-Logo.png","contentUrl":"https:\/\/viggobendz.dk\/wp-content\/uploads\/2020\/03\/VB-Logo.png","width":735,"height":776,"caption":"Viggo Bendz A\/S"},"image":{"@id":"https:\/\/viggobendz.dk\/fi\/#\/schema\/logo\/image\/"}}]}},"_links":{"self":[{"href":"https:\/\/viggobendz.dk\/fi\/wp-json\/wp\/v2\/product\/27835","targetHints":{"allow":["GET"]}}],"collection":[{"href":"https:\/\/viggobendz.dk\/fi\/wp-json\/wp\/v2\/product"}],"about":[{"href":"https:\/\/viggobendz.dk\/fi\/wp-json\/wp\/v2\/types\/product"}],"wp:featuredmedia":[{"embeddable":true,"href":"https:\/\/viggobendz.dk\/fi\/wp-json\/wp\/v2\/media\/5285"}],"wp:attachment":[{"href":"https:\/\/viggobendz.dk\/fi\/wp-json\/wp\/v2\/media?parent=27835"}],"wp:term":[{"taxonomy":"product_brand","embeddable":true,"href":"https:\/\/viggobendz.dk\/fi\/wp-json\/wp\/v2\/product_brand?post=27835"},{"taxonomy":"product_cat","embeddable":true,"href":"https:\/\/viggobendz.dk\/fi\/wp-json\/wp\/v2\/product_cat?post=27835"},{"taxonomy":"product_tag","embeddable":true,"href":"https:\/\/viggobendz.dk\/fi\/wp-json\/wp\/v2\/product_tag?post=27835"}],"curies":[{"name":"wp","href":"https:\/\/api.w.org\/{rel}","templated":true}]}}