{"id":28082,"date":"2025-03-11T07:42:42","date_gmt":"2025-03-11T06:42:42","guid":{"rendered":"https:\/\/viggobendz.dk\/butik\/Ei-luokiteltu\/caterpillar-teraevae-taltta\/"},"modified":"2025-03-11T07:42:42","modified_gmt":"2025-03-11T06:42:42","slug":"caterpillar-teraevae-taltta","status":"publish","type":"product","link":"https:\/\/viggobendz.dk\/fi\/butik\/kuluvat-osat\/chiselling\/caterpillar\/caterpillar-teraevae-taltta\/","title":{"rendered":"Caterpillar &#8211; Ter\u00e4v\u00e4 taltta"},"content":{"rendered":"","protected":false},"excerpt":{"rendered":"<p><strong>Valitse vasaramallisi luettelosta.<\/strong><\/p>\n<p>Etk\u00f6 l\u00f6yd\u00e4 vasaraan sopivaa talttaa?<br \/>\nSoita meille p. +45 <a href=\"callto:\">43 96 41 22<\/a>, niin tarkistamme varastot tai tilaamme sen sinulle mahdollisimman pian.<\/p>\n","protected":false},"featured_media":16855,"template":"","meta":{"_acf_changed":false},"product_brand":[],"product_cat":[9848,9399,2671],"product_tag":[],"class_list":{"0":"post-28082","1":"product","2":"type-product","3":"status-publish","4":"has-post-thumbnail","6":"product_cat-caterpillar","7":"product_cat-chiselling","8":"product_cat-kuluvat-osat","10":"first","11":"instock","12":"taxable","13":"shipping-taxable","14":"purchasable","15":"product-type-variable"},"acf":[],"yoast_head":"<title>Caterpillar - Ter\u00e4v\u00e4 taltta - Viggo Bendz<\/title>\n<meta name=\"robots\" content=\"index, follow, max-snippet:-1, max-image-preview:large, max-video-preview:-1\" \/>\n<link rel=\"canonical\" href=\"https:\/\/viggobendz.dk\/fi\/butik\/kuluvat-osat\/chiselling\/caterpillar\/caterpillar-teraevae-taltta\/\" \/>\n<meta property=\"og:locale\" content=\"fi_FI\" \/>\n<meta property=\"og:type\" content=\"article\" \/>\n<meta property=\"og:title\" content=\"Caterpillar - Ter\u00e4v\u00e4 taltta - Viggo Bendz\" \/>\n<meta property=\"og:description\" content=\"Valitse vasaramallisi luettelosta. Etk\u00f6 l\u00f6yd\u00e4 vasaraan sopivaa talttaa? Soita meille p. +45 43 96 41 22, niin tarkistamme varastot tai tilaamme sen sinulle mahdollisimman pian.\" \/>\n<meta property=\"og:url\" content=\"https:\/\/viggobendz.dk\/fi\/butik\/kuluvat-osat\/chiselling\/caterpillar\/caterpillar-teraevae-taltta\/\" \/>\n<meta property=\"og:site_name\" content=\"Viggo Bendz\" \/>\n<meta property=\"og:image\" content=\"https:\/\/viggobendz.dk\/wp-content\/uploads\/2020\/11\/spidsmejsel-scaled-e1639392817346.jpg\" \/>\n\t<meta property=\"og:image:width\" content=\"800\" \/>\n\t<meta property=\"og:image:height\" content=\"457\" \/>\n\t<meta property=\"og:image:type\" content=\"image\/jpeg\" \/>\n<meta name=\"twitter:card\" content=\"summary_large_image\" \/>\n<script type=\"application\/ld+json\" class=\"yoast-schema-graph\">{\"@context\":\"https:\/\/schema.org\",\"@graph\":[{\"@type\":\"WebPage\",\"@id\":\"https:\/\/viggobendz.dk\/fi\/butik\/kuluvat-osat\/chiselling\/caterpillar\/caterpillar-teraevae-taltta\/\",\"url\":\"https:\/\/viggobendz.dk\/fi\/butik\/kuluvat-osat\/chiselling\/caterpillar\/caterpillar-teraevae-taltta\/\",\"name\":\"Caterpillar - Ter\u00e4v\u00e4 taltta - Viggo Bendz\",\"isPartOf\":{\"@id\":\"https:\/\/viggobendz.dk\/fi\/#website\"},\"primaryImageOfPage\":{\"@id\":\"https:\/\/viggobendz.dk\/fi\/butik\/kuluvat-osat\/chiselling\/caterpillar\/caterpillar-teraevae-taltta\/#primaryimage\"},\"image\":{\"@id\":\"https:\/\/viggobendz.dk\/fi\/butik\/kuluvat-osat\/chiselling\/caterpillar\/caterpillar-teraevae-taltta\/#primaryimage\"},\"thumbnailUrl\":\"https:\/\/viggobendz.dk\/wp-content\/uploads\/2020\/11\/spidsmejsel-scaled-e1639392817346.jpg\",\"datePublished\":\"2025-03-11T06:42:42+00:00\",\"breadcrumb\":{\"@id\":\"https:\/\/viggobendz.dk\/fi\/butik\/kuluvat-osat\/chiselling\/caterpillar\/caterpillar-teraevae-taltta\/#breadcrumb\"},\"inLanguage\":\"fi\",\"potentialAction\":[{\"@type\":\"ReadAction\",\"target\":[\"https:\/\/viggobendz.dk\/fi\/butik\/kuluvat-osat\/chiselling\/caterpillar\/caterpillar-teraevae-taltta\/\"]}]},{\"@type\":\"ImageObject\",\"inLanguage\":\"fi\",\"@id\":\"https:\/\/viggobendz.dk\/fi\/butik\/kuluvat-osat\/chiselling\/caterpillar\/caterpillar-teraevae-taltta\/#primaryimage\",\"url\":\"https:\/\/viggobendz.dk\/wp-content\/uploads\/2020\/11\/spidsmejsel-scaled-e1639392817346.jpg\",\"contentUrl\":\"https:\/\/viggobendz.dk\/wp-content\/uploads\/2020\/11\/spidsmejsel-scaled-e1639392817346.jpg\",\"width\":800,\"height\":457,\"caption\":\"ter\u00e4v\u00e4 taltta\"},{\"@type\":\"BreadcrumbList\",\"@id\":\"https:\/\/viggobendz.dk\/fi\/butik\/kuluvat-osat\/chiselling\/caterpillar\/caterpillar-teraevae-taltta\/#breadcrumb\",\"itemListElement\":[{\"@type\":\"ListItem\",\"position\":1,\"name\":\"Hjem\",\"item\":\"https:\/\/viggobendz.dk\/fi\/kotisivu\/\"},{\"@type\":\"ListItem\",\"position\":2,\"name\":\"Shop\",\"item\":\"https:\/\/viggobendz.dk\/butik\/\"},{\"@type\":\"ListItem\",\"position\":3,\"name\":\"Caterpillar &#8211; Ter\u00e4v\u00e4 taltta\"}]},{\"@type\":\"WebSite\",\"@id\":\"https:\/\/viggobendz.dk\/fi\/#website\",\"url\":\"https:\/\/viggobendz.dk\/fi\/\",\"name\":\"Viggo Bendz\",\"description\":\"Det ansvarlige valg\",\"publisher\":{\"@id\":\"https:\/\/viggobendz.dk\/fi\/#organization\"},\"potentialAction\":[{\"@type\":\"SearchAction\",\"target\":{\"@type\":\"EntryPoint\",\"urlTemplate\":\"https:\/\/viggobendz.dk\/fi\/?s={search_term_string}\"},\"query-input\":{\"@type\":\"PropertyValueSpecification\",\"valueRequired\":true,\"valueName\":\"search_term_string\"}}],\"inLanguage\":\"fi\"},{\"@type\":\"Organization\",\"@id\":\"https:\/\/viggobendz.dk\/fi\/#organization\",\"name\":\"Viggo Bendz A\/S\",\"url\":\"https:\/\/viggobendz.dk\/fi\/\",\"logo\":{\"@type\":\"ImageObject\",\"inLanguage\":\"fi\",\"@id\":\"https:\/\/viggobendz.dk\/fi\/#\/schema\/logo\/image\/\",\"url\":\"https:\/\/viggobendz.dk\/wp-content\/uploads\/2020\/03\/VB-Logo.png\",\"contentUrl\":\"https:\/\/viggobendz.dk\/wp-content\/uploads\/2020\/03\/VB-Logo.png\",\"width\":735,\"height\":776,\"caption\":\"Viggo Bendz A\/S\"},\"image\":{\"@id\":\"https:\/\/viggobendz.dk\/fi\/#\/schema\/logo\/image\/\"}}]}<\/script>","yoast_head_json":{"title":"Caterpillar - Ter\u00e4v\u00e4 taltta - Viggo Bendz","robots":{"index":"index","follow":"follow","max-snippet":"max-snippet:-1","max-image-preview":"max-image-preview:large","max-video-preview":"max-video-preview:-1"},"canonical":"https:\/\/viggobendz.dk\/fi\/butik\/kuluvat-osat\/chiselling\/caterpillar\/caterpillar-teraevae-taltta\/","og_locale":"fi_FI","og_type":"article","og_title":"Caterpillar - Ter\u00e4v\u00e4 taltta - Viggo Bendz","og_description":"Valitse vasaramallisi luettelosta. Etk\u00f6 l\u00f6yd\u00e4 vasaraan sopivaa talttaa? Soita meille p. +45 43 96 41 22, niin tarkistamme varastot tai tilaamme sen sinulle mahdollisimman pian.","og_url":"https:\/\/viggobendz.dk\/fi\/butik\/kuluvat-osat\/chiselling\/caterpillar\/caterpillar-teraevae-taltta\/","og_site_name":"Viggo Bendz","og_image":[{"width":800,"height":457,"url":"https:\/\/viggobendz.dk\/wp-content\/uploads\/2020\/11\/spidsmejsel-scaled-e1639392817346.jpg","type":"image\/jpeg"}],"twitter_card":"summary_large_image","schema":{"@context":"https:\/\/schema.org","@graph":[{"@type":"WebPage","@id":"https:\/\/viggobendz.dk\/fi\/butik\/kuluvat-osat\/chiselling\/caterpillar\/caterpillar-teraevae-taltta\/","url":"https:\/\/viggobendz.dk\/fi\/butik\/kuluvat-osat\/chiselling\/caterpillar\/caterpillar-teraevae-taltta\/","name":"Caterpillar - Ter\u00e4v\u00e4 taltta - Viggo Bendz","isPartOf":{"@id":"https:\/\/viggobendz.dk\/fi\/#website"},"primaryImageOfPage":{"@id":"https:\/\/viggobendz.dk\/fi\/butik\/kuluvat-osat\/chiselling\/caterpillar\/caterpillar-teraevae-taltta\/#primaryimage"},"image":{"@id":"https:\/\/viggobendz.dk\/fi\/butik\/kuluvat-osat\/chiselling\/caterpillar\/caterpillar-teraevae-taltta\/#primaryimage"},"thumbnailUrl":"https:\/\/viggobendz.dk\/wp-content\/uploads\/2020\/11\/spidsmejsel-scaled-e1639392817346.jpg","datePublished":"2025-03-11T06:42:42+00:00","breadcrumb":{"@id":"https:\/\/viggobendz.dk\/fi\/butik\/kuluvat-osat\/chiselling\/caterpillar\/caterpillar-teraevae-taltta\/#breadcrumb"},"inLanguage":"fi","potentialAction":[{"@type":"ReadAction","target":["https:\/\/viggobendz.dk\/fi\/butik\/kuluvat-osat\/chiselling\/caterpillar\/caterpillar-teraevae-taltta\/"]}]},{"@type":"ImageObject","inLanguage":"fi","@id":"https:\/\/viggobendz.dk\/fi\/butik\/kuluvat-osat\/chiselling\/caterpillar\/caterpillar-teraevae-taltta\/#primaryimage","url":"https:\/\/viggobendz.dk\/wp-content\/uploads\/2020\/11\/spidsmejsel-scaled-e1639392817346.jpg","contentUrl":"https:\/\/viggobendz.dk\/wp-content\/uploads\/2020\/11\/spidsmejsel-scaled-e1639392817346.jpg","width":800,"height":457,"caption":"ter\u00e4v\u00e4 taltta"},{"@type":"BreadcrumbList","@id":"https:\/\/viggobendz.dk\/fi\/butik\/kuluvat-osat\/chiselling\/caterpillar\/caterpillar-teraevae-taltta\/#breadcrumb","itemListElement":[{"@type":"ListItem","position":1,"name":"Hjem","item":"https:\/\/viggobendz.dk\/fi\/kotisivu\/"},{"@type":"ListItem","position":2,"name":"Shop","item":"https:\/\/viggobendz.dk\/butik\/"},{"@type":"ListItem","position":3,"name":"Caterpillar &#8211; Ter\u00e4v\u00e4 taltta"}]},{"@type":"WebSite","@id":"https:\/\/viggobendz.dk\/fi\/#website","url":"https:\/\/viggobendz.dk\/fi\/","name":"Viggo Bendz","description":"Det ansvarlige valg","publisher":{"@id":"https:\/\/viggobendz.dk\/fi\/#organization"},"potentialAction":[{"@type":"SearchAction","target":{"@type":"EntryPoint","urlTemplate":"https:\/\/viggobendz.dk\/fi\/?s={search_term_string}"},"query-input":{"@type":"PropertyValueSpecification","valueRequired":true,"valueName":"search_term_string"}}],"inLanguage":"fi"},{"@type":"Organization","@id":"https:\/\/viggobendz.dk\/fi\/#organization","name":"Viggo Bendz A\/S","url":"https:\/\/viggobendz.dk\/fi\/","logo":{"@type":"ImageObject","inLanguage":"fi","@id":"https:\/\/viggobendz.dk\/fi\/#\/schema\/logo\/image\/","url":"https:\/\/viggobendz.dk\/wp-content\/uploads\/2020\/03\/VB-Logo.png","contentUrl":"https:\/\/viggobendz.dk\/wp-content\/uploads\/2020\/03\/VB-Logo.png","width":735,"height":776,"caption":"Viggo Bendz A\/S"},"image":{"@id":"https:\/\/viggobendz.dk\/fi\/#\/schema\/logo\/image\/"}}]}},"_links":{"self":[{"href":"https:\/\/viggobendz.dk\/fi\/wp-json\/wp\/v2\/product\/28082","targetHints":{"allow":["GET"]}}],"collection":[{"href":"https:\/\/viggobendz.dk\/fi\/wp-json\/wp\/v2\/product"}],"about":[{"href":"https:\/\/viggobendz.dk\/fi\/wp-json\/wp\/v2\/types\/product"}],"wp:featuredmedia":[{"embeddable":true,"href":"https:\/\/viggobendz.dk\/fi\/wp-json\/wp\/v2\/media\/16855"}],"wp:attachment":[{"href":"https:\/\/viggobendz.dk\/fi\/wp-json\/wp\/v2\/media?parent=28082"}],"wp:term":[{"taxonomy":"product_brand","embeddable":true,"href":"https:\/\/viggobendz.dk\/fi\/wp-json\/wp\/v2\/product_brand?post=28082"},{"taxonomy":"product_cat","embeddable":true,"href":"https:\/\/viggobendz.dk\/fi\/wp-json\/wp\/v2\/product_cat?post=28082"},{"taxonomy":"product_tag","embeddable":true,"href":"https:\/\/viggobendz.dk\/fi\/wp-json\/wp\/v2\/product_tag?post=28082"}],"curies":[{"name":"wp","href":"https:\/\/api.w.org\/{rel}","templated":true}]}}