{"id":23312,"date":"2020-05-19T10:39:44","date_gmt":"2020-05-19T08:39:44","guid":{"rendered":"https:\/\/viggobendz.dk\/vanlige-spoersmaal\/"},"modified":"2026-02-11T10:06:06","modified_gmt":"2026-02-11T09:06:06","slug":"vanlige-spoersmaal","status":"publish","type":"page","link":"https:\/\/viggobendz.dk\/no\/vanlige-spoersmaal\/","title":{"rendered":"VANLIGE SP\u00d8RSM\u00c5L"},"content":{"rendered":"\t\t<div data-elementor-type=\"wp-page\" data-elementor-id=\"23312\" class=\"elementor elementor-23312 elementor-152\" data-elementor-post-type=\"page\">\n\t\t\t\t<div class=\"elementor-element elementor-element-fd854d1 e-flex e-con-boxed e-con e-parent\" data-id=\"fd854d1\" data-element_type=\"container\" data-e-type=\"container\">\n\t\t\t\t\t<div class=\"e-con-inner\">\n\t\t<div class=\"elementor-element elementor-element-dfb237f e-con-full e-flex e-con e-child\" data-id=\"dfb237f\" data-element_type=\"container\" data-e-type=\"container\">\n\t\t\t\t<div class=\"elementor-element elementor-element-43bf44c elementor-widget elementor-widget-toggle\" data-id=\"43bf44c\" data-element_type=\"widget\" data-e-type=\"widget\" id=\"faq-wrapper\" data-widget_type=\"toggle.default\">\n\t\t\t\t<div class=\"elementor-widget-container\">\n\t\t\t\t\t\t\t<div class=\"elementor-toggle\">\n\t\t\t\t\t\t\t<div class=\"elementor-toggle-item\">\n\t\t\t\t\t<h2 id=\"elementor-tab-title-7101\" class=\"elementor-tab-title\" data-tab=\"1\" role=\"button\" aria-controls=\"elementor-tab-content-7101\" aria-expanded=\"false\">\n\t\t\t\t\t\t\t\t\t\t\t\t<span class=\"elementor-toggle-icon elementor-toggle-icon-right\" aria-hidden=\"true\">\n\t\t\t\t\t\t\t\t\t\t\t\t\t\t\t<span class=\"elementor-toggle-icon-closed\"><i class=\"fas fa-angle-down\"><\/i><\/span>\n\t\t\t\t\t\t\t\t<span class=\"elementor-toggle-icon-opened\"><i class=\"elementor-toggle-icon-opened fas fa-angle-up\"><\/i><\/span>\n\t\t\t\t\t\t\t\t\t\t\t\t\t<\/span>\n\t\t\t\t\t\t\t\t\t\t\t\t<a class=\"elementor-toggle-title\" tabindex=\"0\">Hvordan oppretter jeg en konto for nettbutikken?<\/a>\n\t\t\t\t\t<\/h2>\n\n\t\t\t\t\t<div id=\"elementor-tab-content-7101\" class=\"elementor-tab-content elementor-clearfix\" data-tab=\"1\" role=\"region\" aria-labelledby=\"elementor-tab-title-7101\"><p>Fyll ut opplysningene dine i skjemaet: <a href=\"https:\/\/viggobendz.dk\/anmod-om-log-ind\/\">Be om innlogging &#8211; Viggo Bendz<\/a><\/p>\n<p>Du vil deretter motta en e-post med en lenke for \u00e5 opprette passordet ditt (husk \u00e5 sjekke for s\u00f8ppelpost).<\/p>\n<p>Da er du klar til \u00e5 bestille!<\/p>\n<\/div>\n\t\t\t\t<\/div>\n\t\t\t\t\t\t\t<div class=\"elementor-toggle-item\">\n\t\t\t\t\t<h2 id=\"elementor-tab-title-7102\" class=\"elementor-tab-title\" data-tab=\"2\" role=\"button\" aria-controls=\"elementor-tab-content-7102\" aria-expanded=\"false\">\n\t\t\t\t\t\t\t\t\t\t\t\t<span class=\"elementor-toggle-icon elementor-toggle-icon-right\" aria-hidden=\"true\">\n\t\t\t\t\t\t\t\t\t\t\t\t\t\t\t<span class=\"elementor-toggle-icon-closed\"><i class=\"fas fa-angle-down\"><\/i><\/span>\n\t\t\t\t\t\t\t\t<span class=\"elementor-toggle-icon-opened\"><i class=\"elementor-toggle-icon-opened fas fa-angle-up\"><\/i><\/span>\n\t\t\t\t\t\t\t\t\t\t\t\t\t<\/span>\n\t\t\t\t\t\t\t\t\t\t\t\t<a class=\"elementor-toggle-title\" tabindex=\"0\">Hvordan oppretter jeg en Expander-p\u00e5logging?<\/a>\n\t\t\t\t\t<\/h2>\n\n\t\t\t\t\t<div id=\"elementor-tab-content-7102\" class=\"elementor-tab-content elementor-clearfix\" data-tab=\"2\" role=\"region\" aria-labelledby=\"elementor-tab-title-7102\"><p>F\u00f8lg denne lenken: <a href=\"http:\/\/portal.expandersystem.com\/public\/application.aspx\" target=\"_blank\" rel=\"noopener\">http:\/\/portal.expandersystem.com\/public\/application.aspx<\/a><\/p>\n<p>Skriv inn den n\u00f8dvendige informasjonen.<\/p>\n<p>Trykk p\u00e5 &laquo;Apply&raquo;-knappen<\/p>\n<p>Viggo Bendz vil deretter motta en e-post om at du har opprettet en Expander, og godkjenne den.<\/p>\n<\/div>\n\t\t\t\t<\/div>\n\t\t\t\t\t\t\t<div class=\"elementor-toggle-item\">\n\t\t\t\t\t<h2 id=\"elementor-tab-title-7103\" class=\"elementor-tab-title\" data-tab=\"3\" role=\"button\" aria-controls=\"elementor-tab-content-7103\" aria-expanded=\"false\">\n\t\t\t\t\t\t\t\t\t\t\t\t<span class=\"elementor-toggle-icon elementor-toggle-icon-right\" aria-hidden=\"true\">\n\t\t\t\t\t\t\t\t\t\t\t\t\t\t\t<span class=\"elementor-toggle-icon-closed\"><i class=\"fas fa-angle-down\"><\/i><\/span>\n\t\t\t\t\t\t\t\t<span class=\"elementor-toggle-icon-opened\"><i class=\"elementor-toggle-icon-opened fas fa-angle-up\"><\/i><\/span>\n\t\t\t\t\t\t\t\t\t\t\t\t\t<\/span>\n\t\t\t\t\t\t\t\t\t\t\t\t<a class=\"elementor-toggle-title\" tabindex=\"0\">Jeg finner ikke det jeg trenger?<\/a>\n\t\t\t\t\t<\/h2>\n\n\t\t\t\t\t<div id=\"elementor-tab-content-7103\" class=\"elementor-tab-content elementor-clearfix\" data-tab=\"3\" role=\"region\" aria-labelledby=\"elementor-tab-title-7103\"><p>Vi jobber kontinuerlig med \u00e5 legge til nye varer i nettbutikken v\u00e5r, s\u00e5 det vil selvf\u00f8lgelig alltid v\u00e6re varer som enn\u00e5 ikke er lagt inn. Ikke n\u00f8l med \u00e5 sp\u00f8rre, det er sv\u00e6rt sjelden at vi ikke kan levere det kundene v\u00e5re \u00f8nsker. <\/p>\n<p>Kontakt oss p\u00e5:<br \/>Tel: +45 43 96 41 22 22<br \/>Mail: vb@viggobendz.dk<\/p>\n<\/div>\n\t\t\t\t<\/div>\n\t\t\t\t\t\t\t<div class=\"elementor-toggle-item\">\n\t\t\t\t\t<h2 id=\"elementor-tab-title-7104\" class=\"elementor-tab-title\" data-tab=\"4\" role=\"button\" aria-controls=\"elementor-tab-content-7104\" aria-expanded=\"false\">\n\t\t\t\t\t\t\t\t\t\t\t\t<span class=\"elementor-toggle-icon elementor-toggle-icon-right\" aria-hidden=\"true\">\n\t\t\t\t\t\t\t\t\t\t\t\t\t\t\t<span class=\"elementor-toggle-icon-closed\"><i class=\"fas fa-angle-down\"><\/i><\/span>\n\t\t\t\t\t\t\t\t<span class=\"elementor-toggle-icon-opened\"><i class=\"elementor-toggle-icon-opened fas fa-angle-up\"><\/i><\/span>\n\t\t\t\t\t\t\t\t\t\t\t\t\t<\/span>\n\t\t\t\t\t\t\t\t\t\t\t\t<a class=\"elementor-toggle-title\" tabindex=\"0\">Kan jeg hente varene mine selv?<\/a>\n\t\t\t\t\t<\/h2>\n\n\t\t\t\t\t<div id=\"elementor-tab-content-7104\" class=\"elementor-tab-content elementor-clearfix\" data-tab=\"4\" role=\"region\" aria-labelledby=\"elementor-tab-title-7104\"><p>I de fleste tilfeller kan du hente varene dine p\u00e5 v\u00e5r adresse i H\u00f8ng p\u00e5 Vestsj\u00e6lland hvis du \u00f8nsker det. Industriparken 42, 4270 H\u00f8ng. <\/p>\n<p>Husk \u00e5 sjekke \u00e5pningstidene v\u00e5re.<\/p>\n<\/div>\n\t\t\t\t<\/div>\n\t\t\t\t\t\t\t<div class=\"elementor-toggle-item\">\n\t\t\t\t\t<h2 id=\"elementor-tab-title-7105\" class=\"elementor-tab-title\" data-tab=\"5\" role=\"button\" aria-controls=\"elementor-tab-content-7105\" aria-expanded=\"false\">\n\t\t\t\t\t\t\t\t\t\t\t\t<span class=\"elementor-toggle-icon elementor-toggle-icon-right\" aria-hidden=\"true\">\n\t\t\t\t\t\t\t\t\t\t\t\t\t\t\t<span class=\"elementor-toggle-icon-closed\"><i class=\"fas fa-angle-down\"><\/i><\/span>\n\t\t\t\t\t\t\t\t<span class=\"elementor-toggle-icon-opened\"><i class=\"elementor-toggle-icon-opened fas fa-angle-up\"><\/i><\/span>\n\t\t\t\t\t\t\t\t\t\t\t\t\t<\/span>\n\t\t\t\t\t\t\t\t\t\t\t\t<a class=\"elementor-toggle-title\" tabindex=\"0\">N\u00e5r vil varene mine bli levert?<\/a>\n\t\t\t\t\t<\/h2>\n\n\t\t\t\t\t<div id=\"elementor-tab-content-7105\" class=\"elementor-tab-content elementor-clearfix\" data-tab=\"5\" role=\"region\" aria-labelledby=\"elementor-tab-title-7105\"><p>Vi vet hvor viktig det kan v\u00e6re \u00e5 motta varene dine s\u00e5 raskt som mulig. Hvis bestillingen er mottatt f\u00f8r kl. 11.00, varene er p\u00e5 lager og transport\u00f8ren er i rute, vil du motta varene dine neste virkedag. <\/p>\n<p>Hvis du mot formodning ikke skulle ha mottatt varene dine, er du alltid velkommen til \u00e5 kontakte oss, s\u00e5 f\u00f8lger vi opp bestillingen din.<\/p>\n<\/div>\n\t\t\t\t<\/div>\n\t\t\t\t\t\t\t<div class=\"elementor-toggle-item\">\n\t\t\t\t\t<h2 id=\"elementor-tab-title-7106\" class=\"elementor-tab-title\" data-tab=\"6\" role=\"button\" aria-controls=\"elementor-tab-content-7106\" aria-expanded=\"false\">\n\t\t\t\t\t\t\t\t\t\t\t\t<span class=\"elementor-toggle-icon elementor-toggle-icon-right\" aria-hidden=\"true\">\n\t\t\t\t\t\t\t\t\t\t\t\t\t\t\t<span class=\"elementor-toggle-icon-closed\"><i class=\"fas fa-angle-down\"><\/i><\/span>\n\t\t\t\t\t\t\t\t<span class=\"elementor-toggle-icon-opened\"><i class=\"elementor-toggle-icon-opened fas fa-angle-up\"><\/i><\/span>\n\t\t\t\t\t\t\t\t\t\t\t\t\t<\/span>\n\t\t\t\t\t\t\t\t\t\t\t\t<a class=\"elementor-toggle-title\" tabindex=\"0\">Kan jeg betale med kredittkort eller MobilePay?<\/a>\n\t\t\t\t\t<\/h2>\n\n\t\t\t\t\t<div id=\"elementor-tab-content-7106\" class=\"elementor-tab-content elementor-clearfix\" data-tab=\"6\" role=\"region\" aria-labelledby=\"elementor-tab-title-7106\"><p>Det er dessverre ikke mulig \u00e5 betale med kredittkort eller MobilePay p\u00e5 n\u00e5v\u00e6rende tidspunkt.<\/p>\n<p>For lagervarer sender vi vanligvis en faktura n\u00e5r varene har forlatt v\u00e5re lokaler.<\/p>\n<p>N\u00e5r vi kj\u00f8per varer fra utlandet, fors\u00f8ker vi \u00e5 sende en faktura n\u00e5r varene er levert til deg.<\/p>\n<\/div>\n\t\t\t\t<\/div>\n\t\t\t\t\t\t\t<div class=\"elementor-toggle-item\">\n\t\t\t\t\t<h2 id=\"elementor-tab-title-7107\" class=\"elementor-tab-title\" data-tab=\"7\" role=\"button\" aria-controls=\"elementor-tab-content-7107\" aria-expanded=\"false\">\n\t\t\t\t\t\t\t\t\t\t\t\t<span class=\"elementor-toggle-icon elementor-toggle-icon-right\" aria-hidden=\"true\">\n\t\t\t\t\t\t\t\t\t\t\t\t\t\t\t<span class=\"elementor-toggle-icon-closed\"><i class=\"fas fa-angle-down\"><\/i><\/span>\n\t\t\t\t\t\t\t\t<span class=\"elementor-toggle-icon-opened\"><i class=\"elementor-toggle-icon-opened fas fa-angle-up\"><\/i><\/span>\n\t\t\t\t\t\t\t\t\t\t\t\t\t<\/span>\n\t\t\t\t\t\t\t\t\t\t\t\t<a class=\"elementor-toggle-title\" tabindex=\"0\">Hvordan finner jeg st\u00f8rrelsen p\u00e5 CAT-tannen min?<\/a>\n\t\t\t\t\t<\/h2>\n\n\t\t\t\t\t<div id=\"elementor-tab-content-7107\" class=\"elementor-tab-content elementor-clearfix\" data-tab=\"7\" role=\"region\" aria-labelledby=\"elementor-tab-title-7107\"><p>Den enkleste m\u00e5ten \u00e5 finne st\u00f8rrelsen p\u00e5 CAT-tannen din, og alle andre typer tenner, er \u00e5 m\u00e5le selve l\u00e5sen (l\u00e5sestiften), ettersom selve tannen kan v\u00e6re slitt og derfor ikke er nyttig \u00e5 m\u00e5le.<\/p>\n<p>Sjekk ut st\u00f8rrelsesguiden v\u00e5r her: <a href=\"https:\/\/viggobendz.dk\/nyheder\/tips-og-tricks-til-taenderne\/\">St\u00f8rrelsesguide for CAT-tenner<\/a><\/p>\n<\/div>\n\t\t\t\t<\/div>\n\t\t\t\t\t\t\t<div class=\"elementor-toggle-item\">\n\t\t\t\t\t<h2 id=\"elementor-tab-title-7108\" class=\"elementor-tab-title\" data-tab=\"8\" role=\"button\" aria-controls=\"elementor-tab-content-7108\" aria-expanded=\"false\">\n\t\t\t\t\t\t\t\t\t\t\t\t<span class=\"elementor-toggle-icon elementor-toggle-icon-right\" aria-hidden=\"true\">\n\t\t\t\t\t\t\t\t\t\t\t\t\t\t\t<span class=\"elementor-toggle-icon-closed\"><i class=\"fas fa-angle-down\"><\/i><\/span>\n\t\t\t\t\t\t\t\t<span class=\"elementor-toggle-icon-opened\"><i class=\"elementor-toggle-icon-opened fas fa-angle-up\"><\/i><\/span>\n\t\t\t\t\t\t\t\t\t\t\t\t\t<\/span>\n\t\t\t\t\t\t\t\t\t\t\t\t<a class=\"elementor-toggle-title\" tabindex=\"0\">Slik tilbakestiller du passordet ditt<\/a>\n\t\t\t\t\t<\/h2>\n\n\t\t\t\t\t<div id=\"elementor-tab-content-7108\" class=\"elementor-tab-content elementor-clearfix\" data-tab=\"8\" role=\"region\" aria-labelledby=\"elementor-tab-title-7108\"><p>1. G\u00e5 til <a href=\"https:\/\/viggobendz.dk\/min-konto\/\">https:\/\/viggobendz.dk\/min-konto\/<\/a> for \u00e5 tilbakestille passordet ditt.<\/p>\n<p>2. Klikk p\u00e5 &laquo;Har du mistet passordet ditt?&raquo;.<\/p>\n<p>3. Skriv inn brukernavnet eller e-postadressen din, og trykk p\u00e5 &laquo;Tilbakestill passord&raquo;.<\/p>\n<p>4. Du vil da motta en e-post med emnet &laquo;Password reset request&raquo; som inneholder en lenke som heter &laquo;Click here to reset your password&raquo;, som du klikker p\u00e5.<br \/>(Sjekk s\u00f8ppelpostmappen din hvis du ikke har mottatt den i l\u00f8pet av f\u00e5 minutter)<\/p>\n<p>5. Skriv inn det nye passordet, og trykk p\u00e5 lagre.<\/p>\n<\/div>\n\t\t\t\t<\/div>\n\t\t\t\t\t\t\t\t<\/div>\n\t\t\t\t\t\t<\/div>\n\t\t\t\t<\/div>\n\t\t\t\t<\/div>\n\t\t\t\t\t<\/div>\n\t\t\t\t<\/div>\n\t\t\t\t<\/div>\n\t\t","protected":false},"excerpt":{"rendered":"<p>Hvordan oppretter jeg en konto for nettbutikken? Fyll ut opplysningene dine i skjemaet: Be om innlogging &#8211; Viggo Bendz Du vil deretter motta en e-post med en lenke for \u00e5 opprette passordet ditt (husk \u00e5 sjekke for s\u00f8ppelpost). Da er du klar til \u00e5 bestille! Hvordan oppretter jeg en Expander-p\u00e5logging? F\u00f8lg denne lenken: http:\/\/portal.expandersystem.com\/public\/application.aspx Skriv<\/p>\n","protected":false},"author":2,"featured_media":22934,"parent":0,"menu_order":0,"comment_status":"closed","ping_status":"closed","template":"","meta":{"_acf_changed":false,"footnotes":""},"class_list":["post-23312","page","type-page","status-publish","has-post-thumbnail","hentry"],"acf":[],"yoast_head":"<title>VANLIGE SP\u00d8RSM\u00c5L - Viggo Bendz<\/title>\n<meta name=\"robots\" content=\"index, follow, max-snippet:-1, max-image-preview:large, max-video-preview:-1\" \/>\n<link rel=\"canonical\" href=\"https:\/\/viggobendz.dk\/no\/vanlige-spoersmaal\/\" \/>\n<meta property=\"og:locale\" content=\"nb_NO\" \/>\n<meta property=\"og:type\" content=\"article\" \/>\n<meta property=\"og:title\" content=\"VANLIGE SP\u00d8RSM\u00c5L - Viggo Bendz\" \/>\n<meta property=\"og:description\" content=\"Hvordan oppretter jeg en konto for nettbutikken? Fyll ut opplysningene dine i skjemaet: Be om innlogging &#8211; Viggo Bendz Du vil deretter motta en e-post med en lenke for \u00e5 opprette passordet ditt (husk \u00e5 sjekke for s\u00f8ppelpost). Da er du klar til \u00e5 bestille! Hvordan oppretter jeg en Expander-p\u00e5logging? F\u00f8lg denne lenken: http:\/\/portal.expandersystem.com\/public\/application.aspx Skriv\" \/>\n<meta property=\"og:url\" content=\"https:\/\/viggobendz.dk\/no\/vanlige-spoersmaal\/\" \/>\n<meta property=\"og:site_name\" content=\"Viggo Bendz\" \/>\n<meta property=\"article:modified_time\" content=\"2026-02-11T09:06:06+00:00\" \/>\n<meta property=\"og:image\" content=\"https:\/\/viggobendz.dk\/wp-content\/uploads\/2025\/07\/bygning-1-1024x469.png\" \/>\n\t<meta property=\"og:image:width\" content=\"1024\" \/>\n\t<meta property=\"og:image:height\" content=\"469\" \/>\n\t<meta property=\"og:image:type\" content=\"image\/png\" \/>\n<meta name=\"twitter:card\" content=\"summary_large_image\" \/>\n<meta name=\"twitter:label1\" content=\"Ansl. lesetid\" \/>\n\t<meta name=\"twitter:data1\" content=\"2 minutter\" \/>\n<script type=\"application\/ld+json\" class=\"yoast-schema-graph\">{\"@context\":\"https:\/\/schema.org\",\"@graph\":[{\"@type\":\"WebPage\",\"@id\":\"https:\/\/viggobendz.dk\/no\/vanlige-spoersmaal\/\",\"url\":\"https:\/\/viggobendz.dk\/no\/vanlige-spoersmaal\/\",\"name\":\"VANLIGE SP\u00d8RSM\u00c5L - Viggo Bendz\",\"isPartOf\":{\"@id\":\"https:\/\/viggobendz.dk\/no\/#website\"},\"primaryImageOfPage\":{\"@id\":\"https:\/\/viggobendz.dk\/no\/vanlige-spoersmaal\/#primaryimage\"},\"image\":{\"@id\":\"https:\/\/viggobendz.dk\/no\/vanlige-spoersmaal\/#primaryimage\"},\"thumbnailUrl\":\"https:\/\/viggobendz.dk\/wp-content\/uploads\/2025\/07\/bygning-1.png\",\"datePublished\":\"2020-05-19T08:39:44+00:00\",\"dateModified\":\"2026-02-11T09:06:06+00:00\",\"breadcrumb\":{\"@id\":\"https:\/\/viggobendz.dk\/no\/vanlige-spoersmaal\/#breadcrumb\"},\"inLanguage\":\"nb-NO\",\"potentialAction\":[{\"@type\":\"ReadAction\",\"target\":[\"https:\/\/viggobendz.dk\/no\/vanlige-spoersmaal\/\"]}]},{\"@type\":\"ImageObject\",\"inLanguage\":\"nb-NO\",\"@id\":\"https:\/\/viggobendz.dk\/no\/vanlige-spoersmaal\/#primaryimage\",\"url\":\"https:\/\/viggobendz.dk\/wp-content\/uploads\/2025\/07\/bygning-1.png\",\"contentUrl\":\"https:\/\/viggobendz.dk\/wp-content\/uploads\/2025\/07\/bygning-1.png\",\"width\":2463,\"height\":1127},{\"@type\":\"BreadcrumbList\",\"@id\":\"https:\/\/viggobendz.dk\/no\/vanlige-spoersmaal\/#breadcrumb\",\"itemListElement\":[{\"@type\":\"ListItem\",\"position\":1,\"name\":\"Hjem\",\"item\":\"https:\/\/viggobendz.dk\/no\/startside\/\"},{\"@type\":\"ListItem\",\"position\":2,\"name\":\"VANLIGE SP\u00d8RSM\u00c5L\"}]},{\"@type\":\"WebSite\",\"@id\":\"https:\/\/viggobendz.dk\/no\/#website\",\"url\":\"https:\/\/viggobendz.dk\/no\/\",\"name\":\"Viggo Bendz\",\"description\":\"Det ansvarlige valg\",\"publisher\":{\"@id\":\"https:\/\/viggobendz.dk\/no\/#organization\"},\"potentialAction\":[{\"@type\":\"SearchAction\",\"target\":{\"@type\":\"EntryPoint\",\"urlTemplate\":\"https:\/\/viggobendz.dk\/no\/?s={search_term_string}\"},\"query-input\":{\"@type\":\"PropertyValueSpecification\",\"valueRequired\":true,\"valueName\":\"search_term_string\"}}],\"inLanguage\":\"nb-NO\"},{\"@type\":\"Organization\",\"@id\":\"https:\/\/viggobendz.dk\/no\/#organization\",\"name\":\"Viggo Bendz A\/S\",\"url\":\"https:\/\/viggobendz.dk\/no\/\",\"logo\":{\"@type\":\"ImageObject\",\"inLanguage\":\"nb-NO\",\"@id\":\"https:\/\/viggobendz.dk\/no\/#\/schema\/logo\/image\/\",\"url\":\"https:\/\/viggobendz.dk\/wp-content\/uploads\/2020\/03\/VB-Logo.png\",\"contentUrl\":\"https:\/\/viggobendz.dk\/wp-content\/uploads\/2020\/03\/VB-Logo.png\",\"width\":735,\"height\":776,\"caption\":\"Viggo Bendz A\/S\"},\"image\":{\"@id\":\"https:\/\/viggobendz.dk\/no\/#\/schema\/logo\/image\/\"}}]}<\/script>","yoast_head_json":{"title":"VANLIGE SP\u00d8RSM\u00c5L - Viggo Bendz","robots":{"index":"index","follow":"follow","max-snippet":"max-snippet:-1","max-image-preview":"max-image-preview:large","max-video-preview":"max-video-preview:-1"},"canonical":"https:\/\/viggobendz.dk\/no\/vanlige-spoersmaal\/","og_locale":"nb_NO","og_type":"article","og_title":"VANLIGE SP\u00d8RSM\u00c5L - Viggo Bendz","og_description":"Hvordan oppretter jeg en konto for nettbutikken? Fyll ut opplysningene dine i skjemaet: Be om innlogging &#8211; Viggo Bendz Du vil deretter motta en e-post med en lenke for \u00e5 opprette passordet ditt (husk \u00e5 sjekke for s\u00f8ppelpost). Da er du klar til \u00e5 bestille! Hvordan oppretter jeg en Expander-p\u00e5logging? F\u00f8lg denne lenken: http:\/\/portal.expandersystem.com\/public\/application.aspx Skriv","og_url":"https:\/\/viggobendz.dk\/no\/vanlige-spoersmaal\/","og_site_name":"Viggo Bendz","article_modified_time":"2026-02-11T09:06:06+00:00","og_image":[{"width":1024,"height":469,"url":"https:\/\/viggobendz.dk\/wp-content\/uploads\/2025\/07\/bygning-1-1024x469.png","type":"image\/png"}],"twitter_card":"summary_large_image","twitter_misc":{"Ansl. lesetid":"2 minutter"},"schema":{"@context":"https:\/\/schema.org","@graph":[{"@type":"WebPage","@id":"https:\/\/viggobendz.dk\/no\/vanlige-spoersmaal\/","url":"https:\/\/viggobendz.dk\/no\/vanlige-spoersmaal\/","name":"VANLIGE SP\u00d8RSM\u00c5L - Viggo Bendz","isPartOf":{"@id":"https:\/\/viggobendz.dk\/no\/#website"},"primaryImageOfPage":{"@id":"https:\/\/viggobendz.dk\/no\/vanlige-spoersmaal\/#primaryimage"},"image":{"@id":"https:\/\/viggobendz.dk\/no\/vanlige-spoersmaal\/#primaryimage"},"thumbnailUrl":"https:\/\/viggobendz.dk\/wp-content\/uploads\/2025\/07\/bygning-1.png","datePublished":"2020-05-19T08:39:44+00:00","dateModified":"2026-02-11T09:06:06+00:00","breadcrumb":{"@id":"https:\/\/viggobendz.dk\/no\/vanlige-spoersmaal\/#breadcrumb"},"inLanguage":"nb-NO","potentialAction":[{"@type":"ReadAction","target":["https:\/\/viggobendz.dk\/no\/vanlige-spoersmaal\/"]}]},{"@type":"ImageObject","inLanguage":"nb-NO","@id":"https:\/\/viggobendz.dk\/no\/vanlige-spoersmaal\/#primaryimage","url":"https:\/\/viggobendz.dk\/wp-content\/uploads\/2025\/07\/bygning-1.png","contentUrl":"https:\/\/viggobendz.dk\/wp-content\/uploads\/2025\/07\/bygning-1.png","width":2463,"height":1127},{"@type":"BreadcrumbList","@id":"https:\/\/viggobendz.dk\/no\/vanlige-spoersmaal\/#breadcrumb","itemListElement":[{"@type":"ListItem","position":1,"name":"Hjem","item":"https:\/\/viggobendz.dk\/no\/startside\/"},{"@type":"ListItem","position":2,"name":"VANLIGE SP\u00d8RSM\u00c5L"}]},{"@type":"WebSite","@id":"https:\/\/viggobendz.dk\/no\/#website","url":"https:\/\/viggobendz.dk\/no\/","name":"Viggo Bendz","description":"Det ansvarlige valg","publisher":{"@id":"https:\/\/viggobendz.dk\/no\/#organization"},"potentialAction":[{"@type":"SearchAction","target":{"@type":"EntryPoint","urlTemplate":"https:\/\/viggobendz.dk\/no\/?s={search_term_string}"},"query-input":{"@type":"PropertyValueSpecification","valueRequired":true,"valueName":"search_term_string"}}],"inLanguage":"nb-NO"},{"@type":"Organization","@id":"https:\/\/viggobendz.dk\/no\/#organization","name":"Viggo Bendz A\/S","url":"https:\/\/viggobendz.dk\/no\/","logo":{"@type":"ImageObject","inLanguage":"nb-NO","@id":"https:\/\/viggobendz.dk\/no\/#\/schema\/logo\/image\/","url":"https:\/\/viggobendz.dk\/wp-content\/uploads\/2020\/03\/VB-Logo.png","contentUrl":"https:\/\/viggobendz.dk\/wp-content\/uploads\/2020\/03\/VB-Logo.png","width":735,"height":776,"caption":"Viggo Bendz A\/S"},"image":{"@id":"https:\/\/viggobendz.dk\/no\/#\/schema\/logo\/image\/"}}]}},"_links":{"self":[{"href":"https:\/\/viggobendz.dk\/no\/wp-json\/wp\/v2\/pages\/23312","targetHints":{"allow":["GET"]}}],"collection":[{"href":"https:\/\/viggobendz.dk\/no\/wp-json\/wp\/v2\/pages"}],"about":[{"href":"https:\/\/viggobendz.dk\/no\/wp-json\/wp\/v2\/types\/page"}],"author":[{"embeddable":true,"href":"https:\/\/viggobendz.dk\/no\/wp-json\/wp\/v2\/users\/2"}],"replies":[{"embeddable":true,"href":"https:\/\/viggobendz.dk\/no\/wp-json\/wp\/v2\/comments?post=23312"}],"version-history":[{"count":2,"href":"https:\/\/viggobendz.dk\/no\/wp-json\/wp\/v2\/pages\/23312\/revisions"}],"predecessor-version":[{"id":23315,"href":"https:\/\/viggobendz.dk\/no\/wp-json\/wp\/v2\/pages\/23312\/revisions\/23315"}],"wp:featuredmedia":[{"embeddable":true,"href":"https:\/\/viggobendz.dk\/no\/wp-json\/wp\/v2\/media\/22934"}],"wp:attachment":[{"href":"https:\/\/viggobendz.dk\/no\/wp-json\/wp\/v2\/media?parent=23312"}],"curies":[{"name":"wp","href":"https:\/\/api.w.org\/{rel}","templated":true}]}}