{"id":23445,"date":"2020-02-29T14:14:07","date_gmt":"2020-02-29T13:14:07","guid":{"rendered":"https:\/\/viggobendz.dk\/retningslinjer-for-personvern\/"},"modified":"2026-02-11T10:09:47","modified_gmt":"2026-02-11T09:09:47","slug":"retningslinjer-for-personvern","status":"publish","type":"page","link":"https:\/\/viggobendz.dk\/no\/retningslinjer-for-personvern\/","title":{"rendered":"Retningslinjer for personvern"},"content":{"rendered":"\t\t<div data-elementor-type=\"wp-page\" data-elementor-id=\"23445\" class=\"elementor elementor-23445 elementor-3\" data-elementor-post-type=\"page\">\n\t\t\t\t<div class=\"elementor-element elementor-element-ebd7f36 e-flex e-con-boxed e-con e-parent\" data-id=\"ebd7f36\" data-element_type=\"container\" data-e-type=\"container\">\n\t\t\t\t\t<div class=\"e-con-inner\">\n\t\t<div class=\"elementor-element elementor-element-37ec90c e-con-full e-flex e-con e-child\" data-id=\"37ec90c\" data-element_type=\"container\" data-e-type=\"container\">\n\t\t\t\t<div class=\"elementor-element elementor-element-c662203 elementor-widget elementor-widget-text-editor\" data-id=\"c662203\" data-element_type=\"widget\" data-e-type=\"widget\" data-widget_type=\"text-editor.default\">\n\t\t\t\t<div class=\"elementor-widget-container\">\n\t\t\t\t\t\t\t\t\t<p>N\u00e5r du bruker nettbutikken v\u00e5r via nettstedet www.viggobendz.dk, f.eks. hvis du registrerer deg som bruker, sender inn en foresp\u00f8rsel eller registrerer deg for en tjeneste, samler Viggo Bendz A\/S inn de personopplysningene som du frivillig oppgir. De personopplysningene som Viggo Bendz A\/S samler inn og behandler i denne forbindelse, er navn, telefonnummer og e-postadresse. Vi samler ogs\u00e5 inn opplysninger om firmaets adresse og CVR-nummer.  <\/p><p>N\u00e5r du kommuniserer med Viggo Bendz A\/S p\u00e5 en annen m\u00e5te enn gjennom nettbutikken, samler vi inn tilsvarende opplysninger hvis form\u00e5let med eller konsekvensen av kommunikasjonen er en samarbeidsavtale.<\/p><p>Personopplysninger behandles bare hvis du har oppgitt dem frivillig, enten direkte til oss eller p\u00e5 annen m\u00e5te. Opplysningene du oppgir, brukes til \u00e5 svare p\u00e5 henvendelsen din eller som en del av en samarbeidsavtale. Ved \u00e5 oppgi personopplysningene dine frivillig, samtykker du til at vi behandler dem.  <\/p><p>Form\u00e5let med bruken er \u00e5 gi deg den best mulige opplevelsen og servicen n\u00e5r du handler hos Viggo Bendz A\/S, herunder \u00e5 kunne tilby deg de tjenestene du ettersp\u00f8r. Personopplysningene kan ogs\u00e5 brukes til \u00e5 sikre at du mottar informasjon om f.eks. produkter som er av interesse for deg. <\/p><p> <\/p><h3>Det juridiske grunnlaget for behandlingen<\/h3><p>Vanlige personopplysninger behandles p\u00e5 grunnlag av:<\/p><ul><li>Artikkel 6(1)(a) GDPR &#8211; ditt samtykke.<\/li><li>GDPR artikkel 6(1)(b) &#8211; n\u00f8dvendig for inng\u00e5else eller oppfyllelse av en avtale som du er part i.<\/li><li>GDPR artikkel 6 nr. 1 bokstav f &#8211; n\u00f8dvendig for Viggo Bendz A\/S for \u00e5 forf\u00f8lge en berettiget interesse.<\/li><\/ul><h2> <\/h2><h3>Utlevering av informasjonen din<\/h3><p>Viggo Bendz A\/S vil i noen tilfeller utlevere de personopplysningene du oppgir via nettstedet. Videregivelsen skjer kun i det omfang og til dem som det er n\u00f8dvendig \u00e5 utlevere opplysningene til for \u00e5 kunne oppfylle den tjenesten\/leveransen du ber om. Utlevering vil for eksempel skje til v\u00e5re leverand\u00f8rer eller til produksjonsselskaper og distribusjonsselskaper som vi bruker. Utleveringen er basert p\u00e5 personvernforordningen artikkel 6 nr. 1 bokstav b).    <\/p><p> <\/p><h3>Beskyttelse av opplysningene dine<\/h3><p>Vi bruker tekniske og organisatoriske sikkerhetstiltak for \u00e5 beskytte personopplysningene dine mot manipulering, tap, \u00f8deleggelse eller tilgang fra uautoriserte personer.<\/p><p>Til tross for v\u00e5re sikkerhetstiltak kan vi imidlertid ikke garantere at ingen kan komme seg inn bak systemet og f\u00e5 tilgang til opplysningene dine. Viggo Bendz A\/S sikrer og gjennomg\u00e5r kontinuerlig sine sikkerhetsprosedyrer for \u00e5 forhindre uautorisert tilgang. <\/p><p> <\/p><h3>Dine rettigheter som registrert<\/h3><p>Du har rett til \u00e5 bli informert om at vi behandler personopplysningene dine. Vi behandler personopplysningene dine i samsvar med artikkel 6(1)(a), (b) og (f) i GDPR.<\/p><p> <\/p><h4>Rett til \u00e5 trekke tilbake samtykket ditt<\/h4><p>Du kan n\u00e5r som helst trekke tilbake samtykket ditt. Hvis du trekker tilbake samtykket ditt, vil det ikke p\u00e5virke lovligheten av den behandlingen som allerede er utf\u00f8rt p\u00e5 grunnlag av samtykket. Personopplysningene vi har samlet inn p\u00e5 grunnlag av det tilbaketrukne samtykket, vil bli slettet fra systemet slik at ingen fremtidig behandling kan finne sted.  <\/p><p> <\/p><h4>Rett til innsyn i opplysninger (innsynsrett) og rett til \u00e5 protestere (innsigelsesrett)<\/h4><p>Du har rett til innsyn i de opplysningene vi behandler om deg, herunder rett til \u00e5 f\u00e5 informasjon om behandlingen som utf\u00f8res. Du har ogs\u00e5 rett til \u00e5 protestere mot v\u00e5r ellers lovlige behandling av personopplysningene dine. <\/p><p> <\/p><h4>Rett til retting og rett til sletting<\/h4><p>Du har rett til \u00e5 f\u00e5 uriktige opplysninger om deg selv rettet.<br>I visse tilfeller har du rett til \u00e5 f\u00e5 slettet dine personopplysninger f\u00f8r tidspunktet for v\u00e5r generelle sletting. Du m\u00e5 kontakte Viggo Bendz A\/S hvis du vil ha opplysningene dine slettet. <\/p><p> <\/p><h3>Lagring av informasjonen din<\/h3><p>Viggo Bendz A\/S lagrer personopplysningene dine s\u00e5 lenge det er n\u00f8dvendig for \u00e5 kunne levere den tjenesten\/leveransen du har bedt om, og i opptil 10 \u00e5r etter v\u00e5r siste korrespondanse. Lagringsperiodens lengde er basert p\u00e5 v\u00e5r berettigede interesse i \u00e5 kunne kontakte deg i forbindelse med fremtidige avtaler og v\u00e5r felles interesse i \u00e5 ha opplysningene dine hvis du skulle kontakte oss igjen for \u00e5 be om en tjeneste\/leveranse. <\/p><p>Hvis du har sp\u00f8rsm\u00e5l om v\u00e5r behandling av personopplysningene dine, kan du alltid kontakte oss. Du har ogs\u00e5 rett til \u00e5 klage til Datatilsynet hvis du mener at det er behov for det. <br>Du kan n\u00e5r som helst kontakte oss p\u00e5 <a href=\"mailto:vb@viggobendz.dk\">vb@viggobendz.dk<\/a> eller p\u00e5 +45 43 96 41 22 mandag-torsdag mellom kl. 07.30 og 16.00 og fredag mellom kl. 07.30 og 13.00 hvis du har sp\u00f8rsm\u00e5l eller rettelser til v\u00e5r behandling av personopplysningene dine. <\/p><p> <\/p><h3>Endringer i Viggo Bendz A\/S&#8217; retningslinjer for personvern<\/h3><p>Vi har rett til n\u00e5r som helst \u00e5 gj\u00f8re endringer i v\u00e5r personvernerkl\u00e6ring. Personvernerkl\u00e6ringen publiseres og oppdateres p\u00e5 v\u00e5r nettside www.viggobendz.dk. Du b\u00f8r derfor jevnlig g\u00e5 inn p\u00e5 denne siden for \u00e5 sjekke om det har skjedd endringer i v\u00e5r personvernerkl\u00e6ring. Ved \u00e5 fortsette \u00e5 bruke nettstedet v\u00e5rt og samarbeide med oss uten \u00e5 kommentere v\u00e5r h\u00e5ndtering av personopplysninger, aksepterer du v\u00e5r personvernerkl\u00e6ring og eventuelle endringer.   <\/p>\t\t\t\t\t\t\t\t<\/div>\n\t\t\t\t<\/div>\n\t\t\t\t<\/div>\n\t\t\t\t\t<\/div>\n\t\t\t\t<\/div>\n\t\t\t\t<\/div>\n\t\t","protected":false},"excerpt":{"rendered":"<p>N\u00e5r du bruker nettbutikken v\u00e5r via nettstedet www.viggobendz.dk, f.eks. hvis du registrerer deg som bruker, sender inn en foresp\u00f8rsel eller registrerer deg for en tjeneste, samler Viggo Bendz A\/S inn de personopplysningene som du frivillig oppgir. De personopplysningene som Viggo Bendz A\/S samler inn og behandler i denne forbindelse, er navn, telefonnummer og e-postadresse. Vi<\/p>\n","protected":false},"author":716,"featured_media":15716,"parent":0,"menu_order":0,"comment_status":"closed","ping_status":"closed","template":"","meta":{"_acf_changed":false,"footnotes":""},"class_list":["post-23445","page","type-page","status-publish","has-post-thumbnail","hentry"],"acf":[],"yoast_head":"<title>Retningslinjer for personvern - Viggo Bendz<\/title>\n<meta name=\"robots\" content=\"index, follow, max-snippet:-1, max-image-preview:large, max-video-preview:-1\" \/>\n<link rel=\"canonical\" href=\"https:\/\/viggobendz.dk\/no\/retningslinjer-for-personvern\/\" \/>\n<meta property=\"og:locale\" content=\"nb_NO\" \/>\n<meta property=\"og:type\" content=\"article\" \/>\n<meta property=\"og:title\" content=\"Retningslinjer for personvern - Viggo Bendz\" \/>\n<meta property=\"og:description\" content=\"N\u00e5r du bruker nettbutikken v\u00e5r via nettstedet www.viggobendz.dk, f.eks. hvis du registrerer deg som bruker, sender inn en foresp\u00f8rsel eller registrerer deg for en tjeneste, samler Viggo Bendz A\/S inn de personopplysningene som du frivillig oppgir. De personopplysningene som Viggo Bendz A\/S samler inn og behandler i denne forbindelse, er navn, telefonnummer og e-postadresse. Vi\" \/>\n<meta property=\"og:url\" content=\"https:\/\/viggobendz.dk\/no\/retningslinjer-for-personvern\/\" \/>\n<meta property=\"og:site_name\" content=\"Viggo Bendz\" \/>\n<meta property=\"article:modified_time\" content=\"2026-02-11T09:09:47+00:00\" \/>\n<meta property=\"og:image\" content=\"https:\/\/viggobendz.dk\/wp-content\/uploads\/2020\/09\/viggo-bendz-facade-scaled.jpg\" \/>\n\t<meta property=\"og:image:width\" content=\"2560\" \/>\n\t<meta property=\"og:image:height\" content=\"1707\" \/>\n\t<meta property=\"og:image:type\" content=\"image\/jpeg\" \/>\n<meta name=\"twitter:card\" content=\"summary_large_image\" \/>\n<meta name=\"twitter:label1\" content=\"Ansl. lesetid\" \/>\n\t<meta name=\"twitter:data1\" content=\"4 minutter\" \/>\n<script type=\"application\/ld+json\" class=\"yoast-schema-graph\">{\"@context\":\"https:\/\/schema.org\",\"@graph\":[{\"@type\":\"WebPage\",\"@id\":\"https:\/\/viggobendz.dk\/no\/retningslinjer-for-personvern\/\",\"url\":\"https:\/\/viggobendz.dk\/no\/retningslinjer-for-personvern\/\",\"name\":\"Retningslinjer for personvern - Viggo Bendz\",\"isPartOf\":{\"@id\":\"https:\/\/viggobendz.dk\/no\/#website\"},\"primaryImageOfPage\":{\"@id\":\"https:\/\/viggobendz.dk\/no\/retningslinjer-for-personvern\/#primaryimage\"},\"image\":{\"@id\":\"https:\/\/viggobendz.dk\/no\/retningslinjer-for-personvern\/#primaryimage\"},\"thumbnailUrl\":\"https:\/\/viggobendz.dk\/wp-content\/uploads\/2020\/09\/viggo-bendz-facade-scaled.jpg\",\"datePublished\":\"2020-02-29T13:14:07+00:00\",\"dateModified\":\"2026-02-11T09:09:47+00:00\",\"breadcrumb\":{\"@id\":\"https:\/\/viggobendz.dk\/no\/retningslinjer-for-personvern\/#breadcrumb\"},\"inLanguage\":\"nb-NO\",\"potentialAction\":[{\"@type\":\"ReadAction\",\"target\":[\"https:\/\/viggobendz.dk\/no\/retningslinjer-for-personvern\/\"]}]},{\"@type\":\"ImageObject\",\"inLanguage\":\"nb-NO\",\"@id\":\"https:\/\/viggobendz.dk\/no\/retningslinjer-for-personvern\/#primaryimage\",\"url\":\"https:\/\/viggobendz.dk\/wp-content\/uploads\/2020\/09\/viggo-bendz-facade-scaled.jpg\",\"contentUrl\":\"https:\/\/viggobendz.dk\/wp-content\/uploads\/2020\/09\/viggo-bendz-facade-scaled.jpg\",\"width\":2560,\"height\":1707},{\"@type\":\"BreadcrumbList\",\"@id\":\"https:\/\/viggobendz.dk\/no\/retningslinjer-for-personvern\/#breadcrumb\",\"itemListElement\":[{\"@type\":\"ListItem\",\"position\":1,\"name\":\"Hjem\",\"item\":\"https:\/\/viggobendz.dk\/no\/startside\/\"},{\"@type\":\"ListItem\",\"position\":2,\"name\":\"Retningslinjer for personvern\"}]},{\"@type\":\"WebSite\",\"@id\":\"https:\/\/viggobendz.dk\/no\/#website\",\"url\":\"https:\/\/viggobendz.dk\/no\/\",\"name\":\"Viggo Bendz\",\"description\":\"Det ansvarlige valg\",\"publisher\":{\"@id\":\"https:\/\/viggobendz.dk\/no\/#organization\"},\"potentialAction\":[{\"@type\":\"SearchAction\",\"target\":{\"@type\":\"EntryPoint\",\"urlTemplate\":\"https:\/\/viggobendz.dk\/no\/?s={search_term_string}\"},\"query-input\":{\"@type\":\"PropertyValueSpecification\",\"valueRequired\":true,\"valueName\":\"search_term_string\"}}],\"inLanguage\":\"nb-NO\"},{\"@type\":\"Organization\",\"@id\":\"https:\/\/viggobendz.dk\/no\/#organization\",\"name\":\"Viggo Bendz A\/S\",\"url\":\"https:\/\/viggobendz.dk\/no\/\",\"logo\":{\"@type\":\"ImageObject\",\"inLanguage\":\"nb-NO\",\"@id\":\"https:\/\/viggobendz.dk\/no\/#\/schema\/logo\/image\/\",\"url\":\"https:\/\/viggobendz.dk\/wp-content\/uploads\/2020\/03\/VB-Logo.png\",\"contentUrl\":\"https:\/\/viggobendz.dk\/wp-content\/uploads\/2020\/03\/VB-Logo.png\",\"width\":735,\"height\":776,\"caption\":\"Viggo Bendz A\/S\"},\"image\":{\"@id\":\"https:\/\/viggobendz.dk\/no\/#\/schema\/logo\/image\/\"}}]}<\/script>","yoast_head_json":{"title":"Retningslinjer for personvern - Viggo Bendz","robots":{"index":"index","follow":"follow","max-snippet":"max-snippet:-1","max-image-preview":"max-image-preview:large","max-video-preview":"max-video-preview:-1"},"canonical":"https:\/\/viggobendz.dk\/no\/retningslinjer-for-personvern\/","og_locale":"nb_NO","og_type":"article","og_title":"Retningslinjer for personvern - Viggo Bendz","og_description":"N\u00e5r du bruker nettbutikken v\u00e5r via nettstedet www.viggobendz.dk, f.eks. hvis du registrerer deg som bruker, sender inn en foresp\u00f8rsel eller registrerer deg for en tjeneste, samler Viggo Bendz A\/S inn de personopplysningene som du frivillig oppgir. De personopplysningene som Viggo Bendz A\/S samler inn og behandler i denne forbindelse, er navn, telefonnummer og e-postadresse. Vi","og_url":"https:\/\/viggobendz.dk\/no\/retningslinjer-for-personvern\/","og_site_name":"Viggo Bendz","article_modified_time":"2026-02-11T09:09:47+00:00","og_image":[{"width":2560,"height":1707,"url":"https:\/\/viggobendz.dk\/wp-content\/uploads\/2020\/09\/viggo-bendz-facade-scaled.jpg","type":"image\/jpeg"}],"twitter_card":"summary_large_image","twitter_misc":{"Ansl. lesetid":"4 minutter"},"schema":{"@context":"https:\/\/schema.org","@graph":[{"@type":"WebPage","@id":"https:\/\/viggobendz.dk\/no\/retningslinjer-for-personvern\/","url":"https:\/\/viggobendz.dk\/no\/retningslinjer-for-personvern\/","name":"Retningslinjer for personvern - Viggo Bendz","isPartOf":{"@id":"https:\/\/viggobendz.dk\/no\/#website"},"primaryImageOfPage":{"@id":"https:\/\/viggobendz.dk\/no\/retningslinjer-for-personvern\/#primaryimage"},"image":{"@id":"https:\/\/viggobendz.dk\/no\/retningslinjer-for-personvern\/#primaryimage"},"thumbnailUrl":"https:\/\/viggobendz.dk\/wp-content\/uploads\/2020\/09\/viggo-bendz-facade-scaled.jpg","datePublished":"2020-02-29T13:14:07+00:00","dateModified":"2026-02-11T09:09:47+00:00","breadcrumb":{"@id":"https:\/\/viggobendz.dk\/no\/retningslinjer-for-personvern\/#breadcrumb"},"inLanguage":"nb-NO","potentialAction":[{"@type":"ReadAction","target":["https:\/\/viggobendz.dk\/no\/retningslinjer-for-personvern\/"]}]},{"@type":"ImageObject","inLanguage":"nb-NO","@id":"https:\/\/viggobendz.dk\/no\/retningslinjer-for-personvern\/#primaryimage","url":"https:\/\/viggobendz.dk\/wp-content\/uploads\/2020\/09\/viggo-bendz-facade-scaled.jpg","contentUrl":"https:\/\/viggobendz.dk\/wp-content\/uploads\/2020\/09\/viggo-bendz-facade-scaled.jpg","width":2560,"height":1707},{"@type":"BreadcrumbList","@id":"https:\/\/viggobendz.dk\/no\/retningslinjer-for-personvern\/#breadcrumb","itemListElement":[{"@type":"ListItem","position":1,"name":"Hjem","item":"https:\/\/viggobendz.dk\/no\/startside\/"},{"@type":"ListItem","position":2,"name":"Retningslinjer for personvern"}]},{"@type":"WebSite","@id":"https:\/\/viggobendz.dk\/no\/#website","url":"https:\/\/viggobendz.dk\/no\/","name":"Viggo Bendz","description":"Det ansvarlige valg","publisher":{"@id":"https:\/\/viggobendz.dk\/no\/#organization"},"potentialAction":[{"@type":"SearchAction","target":{"@type":"EntryPoint","urlTemplate":"https:\/\/viggobendz.dk\/no\/?s={search_term_string}"},"query-input":{"@type":"PropertyValueSpecification","valueRequired":true,"valueName":"search_term_string"}}],"inLanguage":"nb-NO"},{"@type":"Organization","@id":"https:\/\/viggobendz.dk\/no\/#organization","name":"Viggo Bendz A\/S","url":"https:\/\/viggobendz.dk\/no\/","logo":{"@type":"ImageObject","inLanguage":"nb-NO","@id":"https:\/\/viggobendz.dk\/no\/#\/schema\/logo\/image\/","url":"https:\/\/viggobendz.dk\/wp-content\/uploads\/2020\/03\/VB-Logo.png","contentUrl":"https:\/\/viggobendz.dk\/wp-content\/uploads\/2020\/03\/VB-Logo.png","width":735,"height":776,"caption":"Viggo Bendz A\/S"},"image":{"@id":"https:\/\/viggobendz.dk\/no\/#\/schema\/logo\/image\/"}}]}},"_links":{"self":[{"href":"https:\/\/viggobendz.dk\/no\/wp-json\/wp\/v2\/pages\/23445","targetHints":{"allow":["GET"]}}],"collection":[{"href":"https:\/\/viggobendz.dk\/no\/wp-json\/wp\/v2\/pages"}],"about":[{"href":"https:\/\/viggobendz.dk\/no\/wp-json\/wp\/v2\/types\/page"}],"author":[{"embeddable":true,"href":"https:\/\/viggobendz.dk\/no\/wp-json\/wp\/v2\/users\/716"}],"replies":[{"embeddable":true,"href":"https:\/\/viggobendz.dk\/no\/wp-json\/wp\/v2\/comments?post=23445"}],"version-history":[{"count":1,"href":"https:\/\/viggobendz.dk\/no\/wp-json\/wp\/v2\/pages\/23445\/revisions"}],"predecessor-version":[{"id":23447,"href":"https:\/\/viggobendz.dk\/no\/wp-json\/wp\/v2\/pages\/23445\/revisions\/23447"}],"wp:featuredmedia":[{"embeddable":true,"href":"https:\/\/viggobendz.dk\/no\/wp-json\/wp\/v2\/media\/15716"}],"wp:attachment":[{"href":"https:\/\/viggobendz.dk\/no\/wp-json\/wp\/v2\/media?parent=23445"}],"curies":[{"name":"wp","href":"https:\/\/api.w.org\/{rel}","templated":true}]}}