{"id":23562,"date":"2020-09-10T08:14:13","date_gmt":"2020-09-10T06:14:13","guid":{"rendered":"https:\/\/viggobendz.dk\/vilkaar-og-betingelser-for-salg-og-levering\/"},"modified":"2026-02-11T10:12:02","modified_gmt":"2026-02-11T09:12:02","slug":"vilkaar-og-betingelser-for-salg-og-levering","status":"publish","type":"page","link":"https:\/\/viggobendz.dk\/no\/vilkaar-og-betingelser-for-salg-og-levering\/","title":{"rendered":"Vilk\u00e5r og betingelser for salg og levering"},"content":{"rendered":"\t\t<div data-elementor-type=\"wp-page\" data-elementor-id=\"23562\" class=\"elementor elementor-23562 elementor-523\" data-elementor-post-type=\"page\">\n\t\t\t\t<div class=\"elementor-element elementor-element-6e38e2a e-flex e-con-boxed e-con e-parent\" data-id=\"6e38e2a\" data-element_type=\"container\" data-e-type=\"container\">\n\t\t\t\t\t<div class=\"e-con-inner\">\n\t\t<div class=\"elementor-element elementor-element-33217b0 e-con-full e-flex e-con e-child\" data-id=\"33217b0\" data-element_type=\"container\" data-e-type=\"container\">\n\t\t\t\t<div class=\"elementor-element elementor-element-f031195 elementor-widget elementor-widget-text-editor\" data-id=\"f031195\" data-element_type=\"widget\" data-e-type=\"widget\" data-widget_type=\"text-editor.default\">\n\t\t\t\t<div class=\"elementor-widget-container\">\n\t\t\t\t\t\t\t\t\t<h2>1. Innledning<\/h2><p>Disse salgs- og leveringsbetingelsene gjelder for alle tilbud, bestillinger og leveranser fra Viggo Bendz (heretter &laquo;Selger&raquo;), med mindre annet er skriftlig avtalt mellom Kunden og Selger. Salgs- og leveringsbetingelsene anses akseptert ved aksept av Selgers tilbud. <\/p><p> <\/p><h2>2. Priser<\/h2><p><strong>2.1<\/strong> Alle priser er oppgitt i danske kroner og er eksklusive merverdiavgift.<\/p><p><strong>2.2<\/strong> Selger har frem til leveringstidspunktet rett til \u00e5 endre prisen p\u00e5 det\/de bestilte produktet\/produktene i tilfelle uforutsette offentlige reguleringer.<\/p><p><b>2.3<\/b> <span style=\"font-size: 15px; color: var( --e-global-color-text ); font-family: var( --e-global-typography-text-font-family ), Sans-serif;\">Selger har frem til tidspunktet for levering av den skriftlige ordrebekreftelsen rett til \u00e5 endre prisen p\u00e5 de(t) bestilte produkt(er) i samsvar med gjeldende r\u00e5varepriser (herunder jern, st\u00e5l, metaller etc.). Ved prisendringer etter at bestillingen er lagt inn og frem til tidspunktet for den skriftlige ordrebekreftelsen, skal Kunden informeres om dette. <\/span><\/p><p> <\/p><h2>3. Betaling og betalingsbetingelser<\/h2><p><strong>3.1<\/strong> Ved bestillinger der kj\u00f8pesummen skal betales i rater, avtales betalingsbetingelsene og betalingsfristene individuelt mellom kunden og selgeren.<\/p><p><strong>3.2<\/strong> Ved bestillinger der kj\u00f8pesummen ikke skal betales i avdrag, skal betaling av hele kj\u00f8pesummen skje i henhold til de avtalte betalingsbetingelsene som er trykt p\u00e5 ordrebekreftelsen.<\/p><p><strong>3.3<\/strong> Dersom kunden ikke betaler i rett tid, har selgeren rett til forsinkelsesrente fra forfallsdato med den rentesats som gjelder etter dansk retts regler om renter og andre forhold ved forsinket betaling. Selgeren har ogs\u00e5 rett til erstatning for de omkostninger som er p\u00e5l\u00f8pt i forbindelse med den forsinkede betalingen. <\/p><p> <\/p><h2>4. Forbehold om eiendomsrett<\/h2><p><strong>4.1<\/strong> <span style=\"text-decoration: underline;\">Selger forbeholder seg retten til de leverte varer inntil full betaling har funnet sted.<\/span> <br>Full betaling anses \u00e5 ha skjedd n\u00e5r alle avdrag er betalt eller n\u00e5r hele bel\u00f8pet er betalt.<\/p><p><strong>4.2<\/strong> Som f\u00f8lge av retten til \u00e5 gj\u00f8re eiendomsforbeholdet gjeldende, skal Kunden erstatte ethvert tap og enhver kostnad som Selger p\u00e5f\u00f8res i denne forbindelse.<\/p><p><strong>4.3<\/strong> Retten til \u00e5 gj\u00f8re eiendomsforbeholdet gjeldende er i samsvar med lov om kredittavtaler av 6. august 2019 nr. 817<\/p><p> <\/p><h2>5. Returbetingelser<\/h2><p><strong>5.1<\/strong> Ved kj\u00f8p av lagervarer kan Kunden returnere produktet til Selger i Selgers lokaler innen 5 virkedager.<\/p><p><strong>5.2<\/strong> Hvis kunden ikke kan returnere varene i selgerens lokaler, skal kunden b\u00e6re alle kostnader og risiko forbundet med returen.<\/p><p><strong>5.3<\/strong> Ved tilbakebetaling av produktet trekkes 30 % av kj\u00f8pesummen fra, med mindre annet er avtalt mellom kunden og selgeren.<\/p><p><strong>5.4<\/strong> <span style=\"text-decoration: underline;\">Ved kj\u00f8p av bestillingsvarer kan Kunden ikke returnere de kj\u00f8pte produktene.<\/span><\/p><p> <\/p><h2>6. Leveringsmetode og risikooverf\u00f8ring<\/h2><p><strong>6.1<\/strong> Hvis produktet skal transporteres til kunden, utf\u00f8res transporten av en transport\u00f8r utpekt av selgeren. Risikoen for utilsiktet tap av produktet g\u00e5r over p\u00e5 kunden p\u00e5 det tidspunktet produktet overleveres til transport\u00f8ren som er utpekt av selgeren. <\/p><p><strong>6.2<\/strong> Ved ovennevnte leveringsm\u00e5te forplikter selgeren seg til \u00e5 betale de fulle fraktkostnadene frem til det tidspunktet produktet har ankommet det avtalte leveringsstedet.<\/p><p><strong>6.3<\/strong> Vilk\u00e5rene nevnt i punktene 6.1-6.2 tilsvarer CPT-klausulen, jf. INCOTERMS 2020. <\/p><p><strong>6.4<\/strong> I alle andre tilfeller enn de som er nevnt i punktene 6.1-6.3, skjer levering Ex Works. Risikoen for at produktet \u00f8delegges ved et uhell, g\u00e5r over p\u00e5 Kunden p\u00e5 det tidspunkt produktet er gjort tilgjengelig for Kunden p\u00e5 den adressen som er oppgitt i ordrebekreftelsen\/fakturaen. <\/p><p><strong>6.5<\/strong> Fraktkostnadene som f\u00f8lge av levering Ex Works skal b\u00e6res av kunden.<\/p><p><strong>6.6<\/strong> Vilk\u00e5rene nevnt i punktene 6.4-6.5 tilsvarer Ex Works-klausulen, jf. INCOTERMS 2020. <\/p><p><strong>6.7<\/strong> Selger kan avtale andre leveringsm\u00e5ter med kunden enn de som er nevnt ovenfor.<\/p><p> <\/p><h2>7. Leveringstid og leveringssted<\/h2><p><strong>7.1<\/strong> Som leveringssted anses det sted hvor Kunden og Selger har avtalt i henhold til den valgte INCOTERMS-klausul som nevnt i punkt 6.<\/p><p><strong>7.2<\/strong> Som leveringstidspunkt regnes det tidspunkt da risikoen for produktet g\u00e5r over p\u00e5 kunden, jf. punkt 6, eller n\u00e5r eventuell installasjon har funnet sted og er overf\u00f8rt.<\/p><p><strong>7.3 <\/strong>Leveringstidspunktet kan avtales til en bestemt dato eller innenfor en bestemt fastsatt periode.<\/p><p><strong>7.4<\/strong> Vi forbeholder oss retten til \u00e5 endre leveringstidspunktet i tilfeller der forsinkelsen skyldes forhold som Selger ikke er ansvarlig for og som Selger ikke kunne forutse, jf. ogs\u00e5 punkt 11.<\/p><p><strong>7.5<\/strong> Levering inntil 5 virkedager etter avtalt leveringstid mellom Kunden og Selger anses som rettidig.<\/p><p><strong>7.6<\/strong> Dersom det oppst\u00e5r forsinkelse utover fristen i punkt 7.5 og Selger er ansvarlig for dette, m\u00e5 Kunden varsle Selger<br>om en rimelig frist for levering dersom<br>Kunden \u00f8nsker \u00e5 gj\u00f8re gjeldende eventuelle misligholdsbef\u00f8yelser<br>. <br>Dersom slik rimelig frist ikke er meddelt innen 5 dager etter at forsinkelsen inntraff, <span style=\"text-decoration: underline;\">taper Kunden sin rett til \u00e5 heve kj\u00f8pet<\/span>. Dersom Kunden har satt en leveringsfrist i god tid og levering ikke har skjedd innen denne fristen, har Kunden rett til \u00e5 gj\u00f8re misligholdsbef\u00f8yelser gjeldende ved \u00e5 gi klart varsel til Selger. <\/p><p> <\/p><h2>8. Inspeksjons- og reklamasjonsplikt<\/h2><p><strong>8.1<\/strong> Ved mottak av produktet plikter Kunden straks \u00e5 foreta en tilstrekkelig grundig unders\u00f8kelse for \u00e5 bli oppmerksom p\u00e5 eventuelle mangler ved produktet. Dersom Kunden innser eller burde innse at leveransen er mangelfull eller feilaktig, skal Kunden straks reklamere skriftlig til Selger. <\/p><p><strong>8.2<\/strong> Dersom Kunden senere blir oppmerksom p\u00e5 skjulte mangler ved produktet, m\u00e5 Kunden straks reklamere skriftlig til Selger.<\/p><p><strong>8.3<\/strong> Dersom Kunden ikke reklamerer umiddelbart som foreskrevet i punktene 8.1-8.2, <span style=\"text-decoration: underline;\">mister Kunden retten til \u00e5 gj\u00f8re krav gjeldende<\/span> i forbindelse med den aktuelle mangelen.<\/p><p><strong>8.4<\/strong> Uavhengig av de frister som er nevnt i punktene 8.1-8.2, er Selger kun ansvarlig i en periode p\u00e5 to \u00e5r for mangler ved produktet, eller mangler ved eventuell installasjon, fra det tidspunkt produktet er levert eller fra det tidspunkt installasjonen har funnet sted og prosjektet er overlevert.<\/p><p> <\/p><h2>9. Ansvar for mangler<\/h2><p><strong>9.1<\/strong> Dersom det foreligger en mangel ved produktet eller dersom Selgers installasjon er mangelfull, har Selger rett til \u00e5 utbedre mangelen ved reparasjon eller omlevering etter eget valg, forutsatt at det foreligger en berettiget og rettidig reklamasjon fra Kunden.<\/p><p><strong>9.2<\/strong> Selger forplikter seg til \u00e5 utbedre mangelen innen rimelig tid. Stedet for utbedring av mangelen skal avtales mellom kunden og selgeren. <\/p><p><strong>9.3<\/strong> Dersom Selger ikke oppfyller sine forpliktelser til \u00e5 utbedre mangelen innen rimelig tid, skal Kunden sette en siste rimelig frist for utbedring. Dersom Selger ikke utbedrer mangelen innen denne fristen, kan Kunden etter eget valg enten a) kreve at Selger utbedrer mangelen, b) kreve forholdsmessig prisavslag, dog ikke mer enn 5 % av kj\u00f8pesummen eller, dersom mangelen er vesentlig, c) heve den mangelfulle del av leveransen.    <\/p><p><strong>9.4<\/strong> Hvis utbedring av mangelen krever demontering og montering i et annet produkt, skal denne kostnaden b\u00e6res av kunden.<\/p><p><strong>9.5<\/strong> Dersom Selger foretar rettidig og adekvat retting, har Kunden ikke rett til \u00e5 heve avtalen eller kreve erstatning. Selger har rett til \u00e5 foreta ett eller flere fors\u00f8k p\u00e5 retting. <\/p><p><strong>9.6<\/strong> Dersom Kundens reklamasjon viser seg \u00e5 v\u00e6re uberettiget, er Kunden forpliktet til \u00e5 betale de kostnader Selger har p\u00e5dratt seg i forbindelse med Selgers fors\u00f8k p\u00e5 \u00e5 rette opp forholdet.<\/p><p> <\/p><h2>10 Produktansvar<\/h2><p><strong>10.1<\/strong> Selger er ansvarlig for produktansvar i den utstrekning det f\u00f8lger av ufravikelige lovbestemmelser i den danske produktansvarsloven, jf. lovbekendtg\u00f8relse nr. 261 av 20. mars 2007, og i henhold til de regler om produktansvar som er utviklet i rettspraksis.<\/p><p><strong>10.2<\/strong> Selger er ikke ansvarlig for skade p\u00e5 selve det mangelfulle produktet.<\/p><p><strong>10.3<\/strong> Selgerens ansvar er videre begrenset som angitt i punkt 11 nedenfor.<\/p><p> <\/p><h2>11 Ansvarsbegrensninger<\/h2><p><strong>11.1<\/strong> Selger er ikke ansvarlig for feil og mangler dersom feilen eller mangelen skyldes Kundens feilaktige bruk av produktet eller dersom Kunden har tilsidesatt en retningslinje som Selger har gitt for bruk og vedlikehold av produktet.<\/p><p><strong>11.2<\/strong> Selger kan under ingen omstendighet holdes ansvarlig for indirekte tap, f\u00f8lgeskader og lignende, herunder for eksempel Kundens driftstap eller tapt fortjeneste.<\/p><p><strong>11.3<\/strong> Selger er ikke ansvarlig for om produktet er egnet til det form\u00e5l Kunden har tiltenkt, med mindre dette form\u00e5let er skriftlig avtalt mellom Kunden og Selger.<\/p><p><strong>11.4<\/strong> Dersom Selger er ansvarlig for reparasjon av produkter som ikke er kj\u00f8pt hos Selger, er Selger kun ansvarlig for den reparasjon som Selger har utf\u00f8rt. Selger er s\u00e5ledes ikke ansvarlig for eventuelle andre skader p\u00e5 det aktuelle produktet, og Selger er heller ikke ansvarlig for skader p\u00e5 det opprinnelige produktet. <\/p><p><strong>11.5<\/strong> Tilfeller av force majeure fritar Selger for ansvar dersom disse omstendighetene hindrer levering eller gj\u00f8r oppfyllelse urimelig byrdefull.<\/p><p><strong>11.6<\/strong> Selger er forpliktet til \u00e5 varsle Kunden dersom forhold som nevnt i punkt 11.5 inntrer.<\/p><p><strong>11.7<\/strong> Dersom leveringsforsinkelsen skyldes force majeure, jf. pkt. 11.5, har begge parter rett til \u00e5 heve avtalen n\u00e5r hindringen har vart i mer enn tre m\u00e5neder.<\/p><p><strong>11.8<\/strong> Ansvarsbegrensningene gjelder ikke dersom Selger har opptr\u00e5dt forsettlig eller utvist grov uaktsomhet.<\/p><p> <\/p><h2>12. Lovvalg og jurisdiksjon<\/h2><p><strong>12.1<\/strong> Disse salgs- og leveringsbetingelsene er underlagt dansk rett uten hensyn til lovvalgsregler. Tvister som ikke kan l\u00f8ses mellom partene, skal bringes inn for retten i Holb\u00e6k. <\/p>\t\t\t\t\t\t\t\t<\/div>\n\t\t\t\t<\/div>\n\t\t\t\t<\/div>\n\t\t\t\t\t<\/div>\n\t\t\t\t<\/div>\n\t\t\t\t<\/div>\n\t\t","protected":false},"excerpt":{"rendered":"<p>1. Innledning Disse salgs- og leveringsbetingelsene gjelder for alle tilbud, bestillinger og leveranser fra Viggo Bendz (heretter &laquo;Selger&raquo;), med mindre annet er skriftlig avtalt mellom Kunden og Selger. Salgs- og leveringsbetingelsene anses akseptert ved aksept av Selgers tilbud. 2. Priser 2.1 Alle priser er oppgitt i danske kroner og er eksklusive merverdiavgift. 2.2 Selger har<\/p>\n","protected":false},"author":2,"featured_media":0,"parent":0,"menu_order":0,"comment_status":"closed","ping_status":"closed","template":"","meta":{"_acf_changed":false,"footnotes":""},"class_list":["post-23562","page","type-page","status-publish","hentry"],"acf":[],"yoast_head":"<title>Vilk\u00e5r og betingelser for salg og levering - Viggo Bendz<\/title>\n<meta name=\"robots\" content=\"index, follow, max-snippet:-1, max-image-preview:large, max-video-preview:-1\" \/>\n<link rel=\"canonical\" href=\"https:\/\/viggobendz.dk\/no\/vilkaar-og-betingelser-for-salg-og-levering\/\" \/>\n<meta property=\"og:locale\" content=\"nb_NO\" \/>\n<meta property=\"og:type\" content=\"article\" \/>\n<meta property=\"og:title\" content=\"Vilk\u00e5r og betingelser for salg og levering - Viggo Bendz\" \/>\n<meta property=\"og:description\" content=\"1. Innledning Disse salgs- og leveringsbetingelsene gjelder for alle tilbud, bestillinger og leveranser fra Viggo Bendz (heretter &laquo;Selger&raquo;), med mindre annet er skriftlig avtalt mellom Kunden og Selger. Salgs- og leveringsbetingelsene anses akseptert ved aksept av Selgers tilbud. 2. Priser 2.1 Alle priser er oppgitt i danske kroner og er eksklusive merverdiavgift. 2.2 Selger har\" \/>\n<meta property=\"og:url\" content=\"https:\/\/viggobendz.dk\/no\/vilkaar-og-betingelser-for-salg-og-levering\/\" \/>\n<meta property=\"og:site_name\" content=\"Viggo Bendz\" \/>\n<meta property=\"article:modified_time\" content=\"2026-02-11T09:12:02+00:00\" \/>\n<meta property=\"og:image\" content=\"https:\/\/viggobendz.dk\/wp-content\/uploads\/2020\/09\/viggo-bendz-facade-scaled.jpg\" \/>\n\t<meta property=\"og:image:width\" content=\"2560\" \/>\n\t<meta property=\"og:image:height\" content=\"1707\" \/>\n\t<meta property=\"og:image:type\" content=\"image\/jpeg\" \/>\n<meta name=\"twitter:card\" content=\"summary_large_image\" \/>\n<meta name=\"twitter:label1\" content=\"Ansl. lesetid\" \/>\n\t<meta name=\"twitter:data1\" content=\"7 minutter\" \/>\n<script type=\"application\/ld+json\" class=\"yoast-schema-graph\">{\"@context\":\"https:\/\/schema.org\",\"@graph\":[{\"@type\":\"WebPage\",\"@id\":\"https:\/\/viggobendz.dk\/no\/vilkaar-og-betingelser-for-salg-og-levering\/\",\"url\":\"https:\/\/viggobendz.dk\/no\/vilkaar-og-betingelser-for-salg-og-levering\/\",\"name\":\"Vilk\u00e5r og betingelser for salg og levering - Viggo Bendz\",\"isPartOf\":{\"@id\":\"https:\/\/viggobendz.dk\/no\/#website\"},\"datePublished\":\"2020-09-10T06:14:13+00:00\",\"dateModified\":\"2026-02-11T09:12:02+00:00\",\"breadcrumb\":{\"@id\":\"https:\/\/viggobendz.dk\/no\/vilkaar-og-betingelser-for-salg-og-levering\/#breadcrumb\"},\"inLanguage\":\"nb-NO\",\"potentialAction\":[{\"@type\":\"ReadAction\",\"target\":[\"https:\/\/viggobendz.dk\/no\/vilkaar-og-betingelser-for-salg-og-levering\/\"]}]},{\"@type\":\"BreadcrumbList\",\"@id\":\"https:\/\/viggobendz.dk\/no\/vilkaar-og-betingelser-for-salg-og-levering\/#breadcrumb\",\"itemListElement\":[{\"@type\":\"ListItem\",\"position\":1,\"name\":\"Hjem\",\"item\":\"https:\/\/viggobendz.dk\/no\/startside\/\"},{\"@type\":\"ListItem\",\"position\":2,\"name\":\"Vilk\u00e5r og betingelser for salg og levering\"}]},{\"@type\":\"WebSite\",\"@id\":\"https:\/\/viggobendz.dk\/no\/#website\",\"url\":\"https:\/\/viggobendz.dk\/no\/\",\"name\":\"Viggo Bendz\",\"description\":\"Det ansvarlige valg\",\"publisher\":{\"@id\":\"https:\/\/viggobendz.dk\/no\/#organization\"},\"potentialAction\":[{\"@type\":\"SearchAction\",\"target\":{\"@type\":\"EntryPoint\",\"urlTemplate\":\"https:\/\/viggobendz.dk\/no\/?s={search_term_string}\"},\"query-input\":{\"@type\":\"PropertyValueSpecification\",\"valueRequired\":true,\"valueName\":\"search_term_string\"}}],\"inLanguage\":\"nb-NO\"},{\"@type\":\"Organization\",\"@id\":\"https:\/\/viggobendz.dk\/no\/#organization\",\"name\":\"Viggo Bendz A\/S\",\"url\":\"https:\/\/viggobendz.dk\/no\/\",\"logo\":{\"@type\":\"ImageObject\",\"inLanguage\":\"nb-NO\",\"@id\":\"https:\/\/viggobendz.dk\/no\/#\/schema\/logo\/image\/\",\"url\":\"https:\/\/viggobendz.dk\/wp-content\/uploads\/2020\/03\/VB-Logo.png\",\"contentUrl\":\"https:\/\/viggobendz.dk\/wp-content\/uploads\/2020\/03\/VB-Logo.png\",\"width\":735,\"height\":776,\"caption\":\"Viggo Bendz A\/S\"},\"image\":{\"@id\":\"https:\/\/viggobendz.dk\/no\/#\/schema\/logo\/image\/\"}}]}<\/script>","yoast_head_json":{"title":"Vilk\u00e5r og betingelser for salg og levering - Viggo Bendz","robots":{"index":"index","follow":"follow","max-snippet":"max-snippet:-1","max-image-preview":"max-image-preview:large","max-video-preview":"max-video-preview:-1"},"canonical":"https:\/\/viggobendz.dk\/no\/vilkaar-og-betingelser-for-salg-og-levering\/","og_locale":"nb_NO","og_type":"article","og_title":"Vilk\u00e5r og betingelser for salg og levering - Viggo Bendz","og_description":"1. Innledning Disse salgs- og leveringsbetingelsene gjelder for alle tilbud, bestillinger og leveranser fra Viggo Bendz (heretter &laquo;Selger&raquo;), med mindre annet er skriftlig avtalt mellom Kunden og Selger. Salgs- og leveringsbetingelsene anses akseptert ved aksept av Selgers tilbud. 2. Priser 2.1 Alle priser er oppgitt i danske kroner og er eksklusive merverdiavgift. 2.2 Selger har","og_url":"https:\/\/viggobendz.dk\/no\/vilkaar-og-betingelser-for-salg-og-levering\/","og_site_name":"Viggo Bendz","article_modified_time":"2026-02-11T09:12:02+00:00","og_image":[{"width":2560,"height":1707,"url":"https:\/\/viggobendz.dk\/wp-content\/uploads\/2020\/09\/viggo-bendz-facade-scaled.jpg","type":"image\/jpeg"}],"twitter_card":"summary_large_image","twitter_misc":{"Ansl. lesetid":"7 minutter"},"schema":{"@context":"https:\/\/schema.org","@graph":[{"@type":"WebPage","@id":"https:\/\/viggobendz.dk\/no\/vilkaar-og-betingelser-for-salg-og-levering\/","url":"https:\/\/viggobendz.dk\/no\/vilkaar-og-betingelser-for-salg-og-levering\/","name":"Vilk\u00e5r og betingelser for salg og levering - Viggo Bendz","isPartOf":{"@id":"https:\/\/viggobendz.dk\/no\/#website"},"datePublished":"2020-09-10T06:14:13+00:00","dateModified":"2026-02-11T09:12:02+00:00","breadcrumb":{"@id":"https:\/\/viggobendz.dk\/no\/vilkaar-og-betingelser-for-salg-og-levering\/#breadcrumb"},"inLanguage":"nb-NO","potentialAction":[{"@type":"ReadAction","target":["https:\/\/viggobendz.dk\/no\/vilkaar-og-betingelser-for-salg-og-levering\/"]}]},{"@type":"BreadcrumbList","@id":"https:\/\/viggobendz.dk\/no\/vilkaar-og-betingelser-for-salg-og-levering\/#breadcrumb","itemListElement":[{"@type":"ListItem","position":1,"name":"Hjem","item":"https:\/\/viggobendz.dk\/no\/startside\/"},{"@type":"ListItem","position":2,"name":"Vilk\u00e5r og betingelser for salg og levering"}]},{"@type":"WebSite","@id":"https:\/\/viggobendz.dk\/no\/#website","url":"https:\/\/viggobendz.dk\/no\/","name":"Viggo Bendz","description":"Det ansvarlige valg","publisher":{"@id":"https:\/\/viggobendz.dk\/no\/#organization"},"potentialAction":[{"@type":"SearchAction","target":{"@type":"EntryPoint","urlTemplate":"https:\/\/viggobendz.dk\/no\/?s={search_term_string}"},"query-input":{"@type":"PropertyValueSpecification","valueRequired":true,"valueName":"search_term_string"}}],"inLanguage":"nb-NO"},{"@type":"Organization","@id":"https:\/\/viggobendz.dk\/no\/#organization","name":"Viggo Bendz A\/S","url":"https:\/\/viggobendz.dk\/no\/","logo":{"@type":"ImageObject","inLanguage":"nb-NO","@id":"https:\/\/viggobendz.dk\/no\/#\/schema\/logo\/image\/","url":"https:\/\/viggobendz.dk\/wp-content\/uploads\/2020\/03\/VB-Logo.png","contentUrl":"https:\/\/viggobendz.dk\/wp-content\/uploads\/2020\/03\/VB-Logo.png","width":735,"height":776,"caption":"Viggo Bendz A\/S"},"image":{"@id":"https:\/\/viggobendz.dk\/no\/#\/schema\/logo\/image\/"}}]}},"_links":{"self":[{"href":"https:\/\/viggobendz.dk\/no\/wp-json\/wp\/v2\/pages\/23562","targetHints":{"allow":["GET"]}}],"collection":[{"href":"https:\/\/viggobendz.dk\/no\/wp-json\/wp\/v2\/pages"}],"about":[{"href":"https:\/\/viggobendz.dk\/no\/wp-json\/wp\/v2\/types\/page"}],"author":[{"embeddable":true,"href":"https:\/\/viggobendz.dk\/no\/wp-json\/wp\/v2\/users\/2"}],"replies":[{"embeddable":true,"href":"https:\/\/viggobendz.dk\/no\/wp-json\/wp\/v2\/comments?post=23562"}],"version-history":[{"count":1,"href":"https:\/\/viggobendz.dk\/no\/wp-json\/wp\/v2\/pages\/23562\/revisions"}],"predecessor-version":[{"id":23565,"href":"https:\/\/viggobendz.dk\/no\/wp-json\/wp\/v2\/pages\/23562\/revisions\/23565"}],"wp:attachment":[{"href":"https:\/\/viggobendz.dk\/no\/wp-json\/wp\/v2\/media?parent=23562"}],"curies":[{"name":"wp","href":"https:\/\/api.w.org\/{rel}","templated":true}]}}