{"id":23588,"date":"2020-10-01T11:21:23","date_gmt":"2020-10-01T09:21:23","guid":{"rendered":"https:\/\/viggobendz.dk\/sorteringsteknologi\/"},"modified":"2026-02-11T10:12:26","modified_gmt":"2026-02-11T09:12:26","slug":"sorteringsteknologi","status":"publish","type":"page","link":"https:\/\/viggobendz.dk\/no\/sorteringsteknologi\/","title":{"rendered":"Sorteringsteknologi"},"content":{"rendered":"\t\t<div data-elementor-type=\"wp-page\" data-elementor-id=\"23588\" class=\"elementor elementor-23588 elementor-1443\" data-elementor-post-type=\"page\">\n\t\t\t\t<div class=\"elementor-element elementor-element-cecf942 e-con-full e-flex e-con e-parent\" data-id=\"cecf942\" data-element_type=\"container\" data-e-type=\"container\">\n\t\t<div class=\"elementor-element elementor-element-75c1f54 e-con-full e-flex e-con e-child\" data-id=\"75c1f54\" data-element_type=\"container\" data-e-type=\"container\" data-settings=\"{&quot;background_background&quot;:&quot;classic&quot;}\">\n\t\t\t\t<div class=\"elementor-element elementor-element-5c180fc elementor-widget elementor-widget-image\" data-id=\"5c180fc\" data-element_type=\"widget\" data-e-type=\"widget\" data-widget_type=\"image.default\">\n\t\t\t\t<div class=\"elementor-widget-container\">\n\t\t\t\t\t\t\t\t\t\t\t\t\t\t\t\t<a href=\"https:\/\/viggobendz.dk\/miljoe-metaller\/steinert\/\">\n\t\t\t\t\t\t\t<img decoding=\"async\" width=\"300\" height=\"96\" src=\"https:\/\/viggobendz.dk\/wp-content\/uploads\/2020\/10\/steinert-logo-300x96.png\" class=\"attachment-medium size-medium wp-image-16572\" alt=\"\" srcset=\"https:\/\/viggobendz.dk\/wp-content\/uploads\/2020\/10\/steinert-logo-300x96.png 300w, https:\/\/viggobendz.dk\/wp-content\/uploads\/2020\/10\/steinert-logo.png 768w\" sizes=\"(max-width: 300px) 100vw, 300px\" \/>\t\t\t\t\t\t\t\t<\/a>\n\t\t\t\t\t\t\t\t\t\t\t\t\t\t\t<\/div>\n\t\t\t\t<\/div>\n\t\t\t\t<\/div>\n\t\t<div class=\"elementor-element elementor-element-2c16600 e-con-full e-flex e-con e-child\" data-id=\"2c16600\" data-element_type=\"container\" data-e-type=\"container\" data-settings=\"{&quot;background_background&quot;:&quot;classic&quot;}\">\n\t\t\t\t<div class=\"elementor-element elementor-element-049b54e elementor-widget elementor-widget-image\" data-id=\"049b54e\" data-element_type=\"widget\" data-e-type=\"widget\" data-widget_type=\"image.default\">\n\t\t\t\t<div class=\"elementor-widget-container\">\n\t\t\t\t\t\t\t\t\t\t\t\t\t\t\t\t<a href=\"https:\/\/viggobendz.dk\/miljoe-metaller\/affaldssortering-westeria\/\">\n\t\t\t\t\t\t\t<img decoding=\"async\" width=\"300\" height=\"80\" src=\"https:\/\/viggobendz.dk\/wp-content\/uploads\/2020\/10\/Logowesteria-300x80.png\" class=\"attachment-medium size-medium wp-image-16636\" alt=\"\" srcset=\"https:\/\/viggobendz.dk\/wp-content\/uploads\/2020\/10\/Logowesteria-300x80.png 300w, https:\/\/viggobendz.dk\/wp-content\/uploads\/2020\/10\/Logowesteria-1024x273.png 1024w, https:\/\/viggobendz.dk\/wp-content\/uploads\/2020\/10\/Logowesteria-768x204.png 768w, https:\/\/viggobendz.dk\/wp-content\/uploads\/2020\/10\/Logowesteria-1320x351.png 1320w, https:\/\/viggobendz.dk\/wp-content\/uploads\/2020\/10\/Logowesteria-800x213.png 800w, https:\/\/viggobendz.dk\/wp-content\/uploads\/2020\/10\/Logowesteria.png 1503w\" sizes=\"(max-width: 300px) 100vw, 300px\" \/>\t\t\t\t\t\t\t\t<\/a>\n\t\t\t\t\t\t\t\t\t\t\t\t\t\t\t<\/div>\n\t\t\t\t<\/div>\n\t\t\t\t<\/div>\n\t\t<div class=\"elementor-element elementor-element-3e892e2 e-con-full e-flex e-con e-child\" data-id=\"3e892e2\" data-element_type=\"container\" data-e-type=\"container\" data-settings=\"{&quot;background_background&quot;:&quot;classic&quot;}\">\n\t\t\t\t<div class=\"elementor-element elementor-element-9ba37f4 elementor-widget elementor-widget-image\" data-id=\"9ba37f4\" data-element_type=\"widget\" data-e-type=\"widget\" data-widget_type=\"image.default\">\n\t\t\t\t<div class=\"elementor-widget-container\">\n\t\t\t\t\t\t\t\t\t\t\t\t\t\t\t\t<a href=\"https:\/\/viggobendz.dk\/miljoe-metaller\/trennso-technik\/\">\n\t\t\t\t\t\t\t<img fetchpriority=\"high\" decoding=\"async\" width=\"300\" height=\"172\" src=\"https:\/\/viggobendz.dk\/wp-content\/uploads\/2021\/07\/Trennso-Technik-logo-300x172.png\" class=\"attachment-medium size-medium wp-image-17556\" alt=\"Trennso Technik-logo\" srcset=\"https:\/\/viggobendz.dk\/wp-content\/uploads\/2021\/07\/Trennso-Technik-logo-300x172.png 300w, https:\/\/viggobendz.dk\/wp-content\/uploads\/2021\/07\/Trennso-Technik-logo.png 542w\" sizes=\"(max-width: 300px) 100vw, 300px\" \/>\t\t\t\t\t\t\t\t<\/a>\n\t\t\t\t\t\t\t\t\t\t\t\t\t\t\t<\/div>\n\t\t\t\t<\/div>\n\t\t\t\t<\/div>\n\t\t\t\t<\/div>\n\t\t<div class=\"elementor-element elementor-element-2bd30d1 e-flex e-con-boxed e-con e-parent\" data-id=\"2bd30d1\" data-element_type=\"container\" data-e-type=\"container\">\n\t\t\t\t\t<div class=\"e-con-inner\">\n\t\t<div class=\"elementor-element elementor-element-f97c869 e-con-full e-flex e-con e-child\" data-id=\"f97c869\" data-element_type=\"container\" data-e-type=\"container\">\n\t\t\t\t<div class=\"elementor-element elementor-element-1f82e99 elementor-widget elementor-widget-text-editor\" data-id=\"1f82e99\" data-element_type=\"widget\" data-e-type=\"widget\" data-widget_type=\"text-editor.default\">\n\t\t\t\t<div class=\"elementor-widget-container\">\n\t\t\t\t\t\t\t\t\t<h1>Maskiner og komplette anlegg for sorteringsprosjekter<\/h1><p>\u00d8kende avfallsmengder, redusert energiforbruk, CO2-utslipp og begrensede r\u00e5materialer setter fokus p\u00e5 \u00e5 utnytte og gjenvinne verdifulle materialer.<\/p><p>Viggo Bendz er en distribut\u00f8r av markedsledende utstyr og maskiner for sortering av resirkulerbare materialer som kan foredles og inng\u00e5 i den sirkul\u00e6re \u00f8konomien. Vi hjelper deg med alle prosesser fra kverning til det ferdige sluttproduktet.   <\/p><p>Enten det gjelder sortering av metaller med virvelstr\u00f8msutskillere, sortering av plast med sensorteknologi, sortering av lette materialer med vindskjermer, sortering av finfraksjoner med separasjonsbord eller andre sorteringsproblemer, kan Viggo Bendz tilby de riktige l\u00f8sningene.<\/p><p>Vi vet at l\u00f8sningen m\u00e5 v\u00e6re l\u00f8nnsom i overskuelig fremtid, og derfor prioriterer vi alltid \u00e5 levere systemer som er kostnadseffektive, kapasitetstilpassede og ikke minst sikrer h\u00f8y kvalitet p\u00e5 sluttproduktet ditt.<\/p><p><i>Du kan l\u00e6re mer om prosjektprosessen i videoen nedenfor.<\/i><\/p>\t\t\t\t\t\t\t\t<\/div>\n\t\t\t\t<\/div>\n\t\t\t\t<div class=\"elementor-element elementor-element-938f3ae elementor-widget elementor-widget-video\" data-id=\"938f3ae\" data-element_type=\"widget\" data-e-type=\"widget\" data-settings=\"{&quot;youtube_url&quot;:&quot;https:\\\/\\\/youtu.be\\\/Mu4Fo4c1bc4&quot;,&quot;video_type&quot;:&quot;youtube&quot;,&quot;controls&quot;:&quot;yes&quot;}\" data-widget_type=\"video.default\">\n\t\t\t\t<div class=\"elementor-widget-container\">\n\t\t\t\t\t\t\t<div class=\"elementor-wrapper elementor-open-inline\">\n\t\t\t<div class=\"elementor-video\"><\/div>\t\t<\/div>\n\t\t\t\t\t\t<\/div>\n\t\t\t\t<\/div>\n\t\t\t\t<\/div>\n\t\t\t\t\t<\/div>\n\t\t\t\t<\/div>\n\t\t<div class=\"elementor-element elementor-element-2ae4cb4 elementor-hidden-desktop elementor-hidden-tablet elementor-hidden-mobile e-flex e-con-boxed e-con e-parent\" data-id=\"2ae4cb4\" data-element_type=\"container\" data-e-type=\"container\">\n\t\t\t\t\t<div class=\"e-con-inner\">\n\t\t<div class=\"elementor-element elementor-element-c8f6cae e-con-full e-flex e-con e-child\" data-id=\"c8f6cae\" data-element_type=\"container\" data-e-type=\"container\">\n\t\t\t\t<div class=\"elementor-element elementor-element-4975755 elementor-align-right elementor-mobile-align-center elementor-widget elementor-widget-button\" data-id=\"4975755\" data-element_type=\"widget\" data-e-type=\"widget\" data-widget_type=\"button.default\">\n\t\t\t\t<div class=\"elementor-widget-container\">\n\t\t\t\t\t\t\t\t\t<div class=\"elementor-button-wrapper\">\n\t\t\t\t\t<a class=\"elementor-button elementor-size-sm\" role=\"button\">\n\t\t\t\t\t\t<span class=\"elementor-button-content-wrapper\">\n\t\t\t\t\t\t\t\t\t<span class=\"elementor-button-text\">STEINERT<\/span>\n\t\t\t\t\t<\/span>\n\t\t\t\t\t<\/a>\n\t\t\t\t<\/div>\n\t\t\t\t\t\t\t\t<\/div>\n\t\t\t\t<\/div>\n\t\t\t\t<\/div>\n\t\t<div class=\"elementor-element elementor-element-b1226a6 e-con-full e-flex e-con e-child\" data-id=\"b1226a6\" data-element_type=\"container\" data-e-type=\"container\">\n\t\t\t\t<div class=\"elementor-element elementor-element-aae672a elementor-align-center elementor-widget elementor-widget-button\" data-id=\"aae672a\" data-element_type=\"widget\" data-e-type=\"widget\" data-widget_type=\"button.default\">\n\t\t\t\t<div class=\"elementor-widget-container\">\n\t\t\t\t\t\t\t\t\t<div class=\"elementor-button-wrapper\">\n\t\t\t\t\t<a class=\"elementor-button elementor-size-sm\" role=\"button\">\n\t\t\t\t\t\t<span class=\"elementor-button-content-wrapper\">\n\t\t\t\t\t\t\t\t\t<span class=\"elementor-button-text\">SEPARASJONSTEKNOLOGI<\/span>\n\t\t\t\t\t<\/span>\n\t\t\t\t\t<\/a>\n\t\t\t\t<\/div>\n\t\t\t\t\t\t\t\t<\/div>\n\t\t\t\t<\/div>\n\t\t\t\t<\/div>\n\t\t<div class=\"elementor-element elementor-element-6c98dce e-con-full e-flex e-con e-child\" data-id=\"6c98dce\" data-element_type=\"container\" data-e-type=\"container\">\n\t\t\t\t<div class=\"elementor-element elementor-element-77a0156 elementor-align-left elementor-mobile-align-center elementor-widget elementor-widget-button\" data-id=\"77a0156\" data-element_type=\"widget\" data-e-type=\"widget\" data-widget_type=\"button.default\">\n\t\t\t\t<div class=\"elementor-widget-container\">\n\t\t\t\t\t\t\t\t\t<div class=\"elementor-button-wrapper\">\n\t\t\t\t\t<a class=\"elementor-button elementor-button-link elementor-size-sm\" href=\"https:\/\/viggobendz.dk\/miljoe-metaller\/affaldssortering-westeria\/\">\n\t\t\t\t\t\t<span class=\"elementor-button-content-wrapper\">\n\t\t\t\t\t\t\t\t\t<span class=\"elementor-button-text\">WESTERIA<\/span>\n\t\t\t\t\t<\/span>\n\t\t\t\t\t<\/a>\n\t\t\t\t<\/div>\n\t\t\t\t\t\t\t\t<\/div>\n\t\t\t\t<\/div>\n\t\t\t\t<\/div>\n\t\t\t\t\t<\/div>\n\t\t\t\t<\/div>\n\t\t<div class=\"elementor-element elementor-element-2d86946 elementor-hidden-desktop elementor-hidden-tablet elementor-hidden-mobile e-flex e-con-boxed e-con e-parent\" data-id=\"2d86946\" data-element_type=\"container\" data-e-type=\"container\">\n\t\t\t\t\t<div class=\"e-con-inner\">\n\t\t<div class=\"elementor-element elementor-element-ffb7f34 e-con-full e-flex e-con e-child\" data-id=\"ffb7f34\" data-element_type=\"container\" data-e-type=\"container\">\n\t\t\t\t<\/div>\n\t\t\t\t\t<\/div>\n\t\t\t\t<\/div>\n\t\t\t\t<\/div>\n\t\t","protected":false},"excerpt":{"rendered":"<p>Maskiner og komplette anlegg for sorteringsprosjekter \u00d8kende avfallsmengder, redusert energiforbruk, CO2-utslipp og begrensede r\u00e5materialer setter fokus p\u00e5 \u00e5 utnytte og gjenvinne verdifulle materialer. Viggo Bendz er en distribut\u00f8r av markedsledende utstyr og maskiner for sortering av resirkulerbare materialer som kan foredles og inng\u00e5 i den sirkul\u00e6re \u00f8konomien. Vi hjelper deg med alle prosesser fra kverning<\/p>\n","protected":false},"author":2,"featured_media":16388,"parent":0,"menu_order":0,"comment_status":"closed","ping_status":"closed","template":"","meta":{"_acf_changed":false,"footnotes":""},"class_list":["post-23588","page","type-page","status-publish","has-post-thumbnail","hentry"],"acf":[],"yoast_head":"<title>Sorteringsteknologi - Viggo Bendz<\/title>\n<meta name=\"robots\" content=\"index, follow, max-snippet:-1, max-image-preview:large, max-video-preview:-1\" \/>\n<link rel=\"canonical\" href=\"https:\/\/viggobendz.dk\/no\/sorteringsteknologi\/\" \/>\n<meta property=\"og:locale\" content=\"nb_NO\" \/>\n<meta property=\"og:type\" content=\"article\" \/>\n<meta property=\"og:title\" content=\"Sorteringsteknologi - Viggo Bendz\" \/>\n<meta property=\"og:description\" content=\"Maskiner og komplette anlegg for sorteringsprosjekter \u00d8kende avfallsmengder, redusert energiforbruk, CO2-utslipp og begrensede r\u00e5materialer setter fokus p\u00e5 \u00e5 utnytte og gjenvinne verdifulle materialer. Viggo Bendz er en distribut\u00f8r av markedsledende utstyr og maskiner for sortering av resirkulerbare materialer som kan foredles og inng\u00e5 i den sirkul\u00e6re \u00f8konomien. Vi hjelper deg med alle prosesser fra kverning\" \/>\n<meta property=\"og:url\" content=\"https:\/\/viggobendz.dk\/no\/sorteringsteknologi\/\" \/>\n<meta property=\"og:site_name\" content=\"Viggo Bendz\" \/>\n<meta property=\"article:modified_time\" content=\"2026-02-11T09:12:26+00:00\" \/>\n<meta property=\"og:image\" content=\"https:\/\/viggobendz.dk\/wp-content\/uploads\/2020\/09\/steinert-viggo-bendz-scaled.jpg\" \/>\n\t<meta property=\"og:image:width\" content=\"2560\" \/>\n\t<meta property=\"og:image:height\" content=\"960\" \/>\n\t<meta property=\"og:image:type\" content=\"image\/jpeg\" \/>\n<meta name=\"twitter:card\" content=\"summary_large_image\" \/>\n<meta name=\"twitter:label1\" content=\"Ansl. lesetid\" \/>\n\t<meta name=\"twitter:data1\" content=\"1 minutt\" \/>\n<script type=\"application\/ld+json\" class=\"yoast-schema-graph\">{\"@context\":\"https:\/\/schema.org\",\"@graph\":[{\"@type\":\"WebPage\",\"@id\":\"https:\/\/viggobendz.dk\/no\/sorteringsteknologi\/\",\"url\":\"https:\/\/viggobendz.dk\/no\/sorteringsteknologi\/\",\"name\":\"Sorteringsteknologi - Viggo Bendz\",\"isPartOf\":{\"@id\":\"https:\/\/viggobendz.dk\/no\/#website\"},\"primaryImageOfPage\":{\"@id\":\"https:\/\/viggobendz.dk\/no\/sorteringsteknologi\/#primaryimage\"},\"image\":{\"@id\":\"https:\/\/viggobendz.dk\/no\/sorteringsteknologi\/#primaryimage\"},\"thumbnailUrl\":\"https:\/\/viggobendz.dk\/wp-content\/uploads\/2020\/09\/steinert-viggo-bendz-scaled.jpg\",\"datePublished\":\"2020-10-01T09:21:23+00:00\",\"dateModified\":\"2026-02-11T09:12:26+00:00\",\"breadcrumb\":{\"@id\":\"https:\/\/viggobendz.dk\/no\/sorteringsteknologi\/#breadcrumb\"},\"inLanguage\":\"nb-NO\",\"potentialAction\":[{\"@type\":\"ReadAction\",\"target\":[\"https:\/\/viggobendz.dk\/no\/sorteringsteknologi\/\"]}]},{\"@type\":\"ImageObject\",\"inLanguage\":\"nb-NO\",\"@id\":\"https:\/\/viggobendz.dk\/no\/sorteringsteknologi\/#primaryimage\",\"url\":\"https:\/\/viggobendz.dk\/wp-content\/uploads\/2020\/09\/steinert-viggo-bendz-scaled.jpg\",\"contentUrl\":\"https:\/\/viggobendz.dk\/wp-content\/uploads\/2020\/09\/steinert-viggo-bendz-scaled.jpg\",\"width\":2560,\"height\":960},{\"@type\":\"BreadcrumbList\",\"@id\":\"https:\/\/viggobendz.dk\/no\/sorteringsteknologi\/#breadcrumb\",\"itemListElement\":[{\"@type\":\"ListItem\",\"position\":1,\"name\":\"Hjem\",\"item\":\"https:\/\/viggobendz.dk\/no\/startside\/\"},{\"@type\":\"ListItem\",\"position\":2,\"name\":\"Sorteringsteknologi\"}]},{\"@type\":\"WebSite\",\"@id\":\"https:\/\/viggobendz.dk\/no\/#website\",\"url\":\"https:\/\/viggobendz.dk\/no\/\",\"name\":\"Viggo Bendz\",\"description\":\"Det ansvarlige valg\",\"publisher\":{\"@id\":\"https:\/\/viggobendz.dk\/no\/#organization\"},\"potentialAction\":[{\"@type\":\"SearchAction\",\"target\":{\"@type\":\"EntryPoint\",\"urlTemplate\":\"https:\/\/viggobendz.dk\/no\/?s={search_term_string}\"},\"query-input\":{\"@type\":\"PropertyValueSpecification\",\"valueRequired\":true,\"valueName\":\"search_term_string\"}}],\"inLanguage\":\"nb-NO\"},{\"@type\":\"Organization\",\"@id\":\"https:\/\/viggobendz.dk\/no\/#organization\",\"name\":\"Viggo Bendz A\/S\",\"url\":\"https:\/\/viggobendz.dk\/no\/\",\"logo\":{\"@type\":\"ImageObject\",\"inLanguage\":\"nb-NO\",\"@id\":\"https:\/\/viggobendz.dk\/no\/#\/schema\/logo\/image\/\",\"url\":\"https:\/\/viggobendz.dk\/wp-content\/uploads\/2020\/03\/VB-Logo.png\",\"contentUrl\":\"https:\/\/viggobendz.dk\/wp-content\/uploads\/2020\/03\/VB-Logo.png\",\"width\":735,\"height\":776,\"caption\":\"Viggo Bendz A\/S\"},\"image\":{\"@id\":\"https:\/\/viggobendz.dk\/no\/#\/schema\/logo\/image\/\"}}]}<\/script>","yoast_head_json":{"title":"Sorteringsteknologi - Viggo Bendz","robots":{"index":"index","follow":"follow","max-snippet":"max-snippet:-1","max-image-preview":"max-image-preview:large","max-video-preview":"max-video-preview:-1"},"canonical":"https:\/\/viggobendz.dk\/no\/sorteringsteknologi\/","og_locale":"nb_NO","og_type":"article","og_title":"Sorteringsteknologi - Viggo Bendz","og_description":"Maskiner og komplette anlegg for sorteringsprosjekter \u00d8kende avfallsmengder, redusert energiforbruk, CO2-utslipp og begrensede r\u00e5materialer setter fokus p\u00e5 \u00e5 utnytte og gjenvinne verdifulle materialer. Viggo Bendz er en distribut\u00f8r av markedsledende utstyr og maskiner for sortering av resirkulerbare materialer som kan foredles og inng\u00e5 i den sirkul\u00e6re \u00f8konomien. Vi hjelper deg med alle prosesser fra kverning","og_url":"https:\/\/viggobendz.dk\/no\/sorteringsteknologi\/","og_site_name":"Viggo Bendz","article_modified_time":"2026-02-11T09:12:26+00:00","og_image":[{"width":2560,"height":960,"url":"https:\/\/viggobendz.dk\/wp-content\/uploads\/2020\/09\/steinert-viggo-bendz-scaled.jpg","type":"image\/jpeg"}],"twitter_card":"summary_large_image","twitter_misc":{"Ansl. lesetid":"1 minutt"},"schema":{"@context":"https:\/\/schema.org","@graph":[{"@type":"WebPage","@id":"https:\/\/viggobendz.dk\/no\/sorteringsteknologi\/","url":"https:\/\/viggobendz.dk\/no\/sorteringsteknologi\/","name":"Sorteringsteknologi - Viggo Bendz","isPartOf":{"@id":"https:\/\/viggobendz.dk\/no\/#website"},"primaryImageOfPage":{"@id":"https:\/\/viggobendz.dk\/no\/sorteringsteknologi\/#primaryimage"},"image":{"@id":"https:\/\/viggobendz.dk\/no\/sorteringsteknologi\/#primaryimage"},"thumbnailUrl":"https:\/\/viggobendz.dk\/wp-content\/uploads\/2020\/09\/steinert-viggo-bendz-scaled.jpg","datePublished":"2020-10-01T09:21:23+00:00","dateModified":"2026-02-11T09:12:26+00:00","breadcrumb":{"@id":"https:\/\/viggobendz.dk\/no\/sorteringsteknologi\/#breadcrumb"},"inLanguage":"nb-NO","potentialAction":[{"@type":"ReadAction","target":["https:\/\/viggobendz.dk\/no\/sorteringsteknologi\/"]}]},{"@type":"ImageObject","inLanguage":"nb-NO","@id":"https:\/\/viggobendz.dk\/no\/sorteringsteknologi\/#primaryimage","url":"https:\/\/viggobendz.dk\/wp-content\/uploads\/2020\/09\/steinert-viggo-bendz-scaled.jpg","contentUrl":"https:\/\/viggobendz.dk\/wp-content\/uploads\/2020\/09\/steinert-viggo-bendz-scaled.jpg","width":2560,"height":960},{"@type":"BreadcrumbList","@id":"https:\/\/viggobendz.dk\/no\/sorteringsteknologi\/#breadcrumb","itemListElement":[{"@type":"ListItem","position":1,"name":"Hjem","item":"https:\/\/viggobendz.dk\/no\/startside\/"},{"@type":"ListItem","position":2,"name":"Sorteringsteknologi"}]},{"@type":"WebSite","@id":"https:\/\/viggobendz.dk\/no\/#website","url":"https:\/\/viggobendz.dk\/no\/","name":"Viggo Bendz","description":"Det ansvarlige valg","publisher":{"@id":"https:\/\/viggobendz.dk\/no\/#organization"},"potentialAction":[{"@type":"SearchAction","target":{"@type":"EntryPoint","urlTemplate":"https:\/\/viggobendz.dk\/no\/?s={search_term_string}"},"query-input":{"@type":"PropertyValueSpecification","valueRequired":true,"valueName":"search_term_string"}}],"inLanguage":"nb-NO"},{"@type":"Organization","@id":"https:\/\/viggobendz.dk\/no\/#organization","name":"Viggo Bendz A\/S","url":"https:\/\/viggobendz.dk\/no\/","logo":{"@type":"ImageObject","inLanguage":"nb-NO","@id":"https:\/\/viggobendz.dk\/no\/#\/schema\/logo\/image\/","url":"https:\/\/viggobendz.dk\/wp-content\/uploads\/2020\/03\/VB-Logo.png","contentUrl":"https:\/\/viggobendz.dk\/wp-content\/uploads\/2020\/03\/VB-Logo.png","width":735,"height":776,"caption":"Viggo Bendz A\/S"},"image":{"@id":"https:\/\/viggobendz.dk\/no\/#\/schema\/logo\/image\/"}}]}},"_links":{"self":[{"href":"https:\/\/viggobendz.dk\/no\/wp-json\/wp\/v2\/pages\/23588","targetHints":{"allow":["GET"]}}],"collection":[{"href":"https:\/\/viggobendz.dk\/no\/wp-json\/wp\/v2\/pages"}],"about":[{"href":"https:\/\/viggobendz.dk\/no\/wp-json\/wp\/v2\/types\/page"}],"author":[{"embeddable":true,"href":"https:\/\/viggobendz.dk\/no\/wp-json\/wp\/v2\/users\/2"}],"replies":[{"embeddable":true,"href":"https:\/\/viggobendz.dk\/no\/wp-json\/wp\/v2\/comments?post=23588"}],"version-history":[{"count":1,"href":"https:\/\/viggobendz.dk\/no\/wp-json\/wp\/v2\/pages\/23588\/revisions"}],"predecessor-version":[{"id":23590,"href":"https:\/\/viggobendz.dk\/no\/wp-json\/wp\/v2\/pages\/23588\/revisions\/23590"}],"wp:featuredmedia":[{"embeddable":true,"href":"https:\/\/viggobendz.dk\/no\/wp-json\/wp\/v2\/media\/16388"}],"wp:attachment":[{"href":"https:\/\/viggobendz.dk\/no\/wp-json\/wp\/v2\/media?parent=23588"}],"curies":[{"name":"wp","href":"https:\/\/api.w.org\/{rel}","templated":true}]}}