{"id":24527,"date":"2025-03-25T08:29:54","date_gmt":"2025-03-25T07:29:54","guid":{"rendered":"https:\/\/viggobendz.dk\/butik\/ukategorisert\/maskinstoerrelse-33-45-tonn\/"},"modified":"2025-03-25T08:29:54","modified_gmt":"2025-03-25T07:29:54","slug":"maskinstoerrelse-33-45-tonn","status":"publish","type":"product","link":"https:\/\/viggobendz.dk\/no\/butik\/riving\/sakser-og-knusere\/f-standard\/maskinstoerrelse-33-45-tonn\/","title":{"rendered":"Maskinst\u00f8rrelse: 33-45 tonn"},"content":{"rendered":"<p data-start=\"0\" data-end=\"60\"><strong data-start=\"0\" data-end=\"58\">Trevi Benne F-Series frontknuser &#8211; Effektiv og kraftig for riving<\/strong><\/p>\n<p data-start=\"61\" data-end=\"200\">Trevi Benne F-serien er en h\u00f8ytytende betongknuser som er utviklet for krevende rivningsoppgaver. Med sin kraftige hydraulikk og robuste konstruksjon s\u00f8rger den for presis og effektiv knusing av betong, samtidig som armeringsjern separeres effektivt. F-serien er ideell for sekund\u00e6r riving og gir maksimal produktivitet p\u00e5 byggeplassen.  <\/p>\n<ul>\n<li data-start=\"201\" data-end=\"260\"><strong data-start=\"201\" data-end=\"259\">H\u00f8y knusekraft<\/strong> &#8211; bryter effektivt ned betong og skiller ut armeringsjern.<\/li>\n<li data-start=\"261\" data-end=\"320\"><strong data-start=\"261\" data-end=\"319\">Slitesterk design<\/strong> &#8211; forsterket konstruksjon for intensiv bruk i krevende milj\u00f8er.<\/li>\n<li data-start=\"321\" data-end=\"380\"><strong data-start=\"321\" data-end=\"379\">Optimal kontroll<\/strong> &#8211; Presis h\u00e5ndtering sikrer rask og effektiv riving.<\/li>\n<\/ul>\n<p data-start=\"381\" data-end=\"440\">Med en betongsaks fra Trevi Benne F-serien f\u00e5r du en kraftig l\u00f8sning som optimaliserer rivningsarbeidet og forbedrer effektiviteten p\u00e5 byggeplassen.<\/p>\n","protected":false},"excerpt":{"rendered":"<p>Betongknuser fra Trevi Benne<\/p>\n","protected":false},"featured_media":20920,"template":"","meta":{"_acf_changed":false},"product_brand":[],"product_cat":[3065,2801,2802],"product_tag":[],"class_list":{"0":"post-24527","1":"product","2":"type-product","3":"status-publish","4":"has-post-thumbnail","6":"product_cat-f-standard","7":"product_cat-riving","8":"product_cat-sakser-og-knusere","9":"pa_type-2-sekundaer-riving","11":"first","12":"instock","13":"taxable","14":"shipping-taxable","15":"product-type-simple"},"acf":[],"yoast_head":"<title>Maskinst\u00f8rrelse: 33-45 tonn - Viggo Bendz<\/title>\n<meta name=\"robots\" content=\"index, follow, max-snippet:-1, max-image-preview:large, max-video-preview:-1\" \/>\n<link rel=\"canonical\" href=\"https:\/\/viggobendz.dk\/no\/butik\/riving\/sakser-og-knusere\/f-standard\/maskinstoerrelse-33-45-tonn\/\" \/>\n<meta property=\"og:locale\" content=\"nb_NO\" \/>\n<meta property=\"og:type\" content=\"article\" \/>\n<meta property=\"og:title\" content=\"Maskinst\u00f8rrelse: 33-45 tonn - Viggo Bendz\" \/>\n<meta property=\"og:description\" content=\"Betongknuser fra Trevi Benne\" \/>\n<meta property=\"og:url\" content=\"https:\/\/viggobendz.dk\/no\/butik\/riving\/sakser-og-knusere\/f-standard\/maskinstoerrelse-33-45-tonn\/\" \/>\n<meta property=\"og:site_name\" content=\"Viggo Bendz\" \/>\n<meta property=\"og:image\" content=\"https:\/\/viggobendz.dk\/wp-content\/uploads\/2025\/03\/F-SERIES-1.png\" \/>\n\t<meta property=\"og:image:width\" content=\"655\" \/>\n\t<meta property=\"og:image:height\" content=\"542\" \/>\n\t<meta property=\"og:image:type\" content=\"image\/png\" \/>\n<meta name=\"twitter:card\" content=\"summary_large_image\" \/>\n<meta name=\"twitter:label1\" content=\"Ansl. lesetid\" \/>\n\t<meta name=\"twitter:data1\" content=\"1 minutt\" \/>\n<script type=\"application\/ld+json\" class=\"yoast-schema-graph\">{\"@context\":\"https:\/\/schema.org\",\"@graph\":[{\"@type\":\"WebPage\",\"@id\":\"https:\/\/viggobendz.dk\/no\/butik\/riving\/sakser-og-knusere\/f-standard\/maskinstoerrelse-33-45-tonn\/\",\"url\":\"https:\/\/viggobendz.dk\/no\/butik\/riving\/sakser-og-knusere\/f-standard\/maskinstoerrelse-33-45-tonn\/\",\"name\":\"Maskinst\u00f8rrelse: 33-45 tonn - Viggo Bendz\",\"isPartOf\":{\"@id\":\"https:\/\/viggobendz.dk\/no\/#website\"},\"primaryImageOfPage\":{\"@id\":\"https:\/\/viggobendz.dk\/no\/butik\/riving\/sakser-og-knusere\/f-standard\/maskinstoerrelse-33-45-tonn\/#primaryimage\"},\"image\":{\"@id\":\"https:\/\/viggobendz.dk\/no\/butik\/riving\/sakser-og-knusere\/f-standard\/maskinstoerrelse-33-45-tonn\/#primaryimage\"},\"thumbnailUrl\":\"https:\/\/viggobendz.dk\/wp-content\/uploads\/2025\/03\/F-SERIES-1.png\",\"datePublished\":\"2025-03-25T07:29:54+00:00\",\"breadcrumb\":{\"@id\":\"https:\/\/viggobendz.dk\/no\/butik\/riving\/sakser-og-knusere\/f-standard\/maskinstoerrelse-33-45-tonn\/#breadcrumb\"},\"inLanguage\":\"nb-NO\",\"potentialAction\":[{\"@type\":\"ReadAction\",\"target\":[\"https:\/\/viggobendz.dk\/no\/butik\/riving\/sakser-og-knusere\/f-standard\/maskinstoerrelse-33-45-tonn\/\"]}]},{\"@type\":\"ImageObject\",\"inLanguage\":\"nb-NO\",\"@id\":\"https:\/\/viggobendz.dk\/no\/butik\/riving\/sakser-og-knusere\/f-standard\/maskinstoerrelse-33-45-tonn\/#primaryimage\",\"url\":\"https:\/\/viggobendz.dk\/wp-content\/uploads\/2025\/03\/F-SERIES-1.png\",\"contentUrl\":\"https:\/\/viggobendz.dk\/wp-content\/uploads\/2025\/03\/F-SERIES-1.png\",\"width\":655,\"height\":542},{\"@type\":\"BreadcrumbList\",\"@id\":\"https:\/\/viggobendz.dk\/no\/butik\/riving\/sakser-og-knusere\/f-standard\/maskinstoerrelse-33-45-tonn\/#breadcrumb\",\"itemListElement\":[{\"@type\":\"ListItem\",\"position\":1,\"name\":\"Hjem\",\"item\":\"https:\/\/viggobendz.dk\/no\/startside\/\"},{\"@type\":\"ListItem\",\"position\":2,\"name\":\"Shop\",\"item\":\"https:\/\/viggobendz.dk\/butik\/\"},{\"@type\":\"ListItem\",\"position\":3,\"name\":\"Maskinst\u00f8rrelse: 33-45 tonn\"}]},{\"@type\":\"WebSite\",\"@id\":\"https:\/\/viggobendz.dk\/no\/#website\",\"url\":\"https:\/\/viggobendz.dk\/no\/\",\"name\":\"Viggo Bendz\",\"description\":\"Det ansvarlige valg\",\"publisher\":{\"@id\":\"https:\/\/viggobendz.dk\/no\/#organization\"},\"potentialAction\":[{\"@type\":\"SearchAction\",\"target\":{\"@type\":\"EntryPoint\",\"urlTemplate\":\"https:\/\/viggobendz.dk\/no\/?s={search_term_string}\"},\"query-input\":{\"@type\":\"PropertyValueSpecification\",\"valueRequired\":true,\"valueName\":\"search_term_string\"}}],\"inLanguage\":\"nb-NO\"},{\"@type\":\"Organization\",\"@id\":\"https:\/\/viggobendz.dk\/no\/#organization\",\"name\":\"Viggo Bendz A\/S\",\"url\":\"https:\/\/viggobendz.dk\/no\/\",\"logo\":{\"@type\":\"ImageObject\",\"inLanguage\":\"nb-NO\",\"@id\":\"https:\/\/viggobendz.dk\/no\/#\/schema\/logo\/image\/\",\"url\":\"https:\/\/viggobendz.dk\/wp-content\/uploads\/2020\/03\/VB-Logo.png\",\"contentUrl\":\"https:\/\/viggobendz.dk\/wp-content\/uploads\/2020\/03\/VB-Logo.png\",\"width\":735,\"height\":776,\"caption\":\"Viggo Bendz A\/S\"},\"image\":{\"@id\":\"https:\/\/viggobendz.dk\/no\/#\/schema\/logo\/image\/\"}}]}<\/script>","yoast_head_json":{"title":"Maskinst\u00f8rrelse: 33-45 tonn - Viggo Bendz","robots":{"index":"index","follow":"follow","max-snippet":"max-snippet:-1","max-image-preview":"max-image-preview:large","max-video-preview":"max-video-preview:-1"},"canonical":"https:\/\/viggobendz.dk\/no\/butik\/riving\/sakser-og-knusere\/f-standard\/maskinstoerrelse-33-45-tonn\/","og_locale":"nb_NO","og_type":"article","og_title":"Maskinst\u00f8rrelse: 33-45 tonn - Viggo Bendz","og_description":"Betongknuser fra Trevi Benne","og_url":"https:\/\/viggobendz.dk\/no\/butik\/riving\/sakser-og-knusere\/f-standard\/maskinstoerrelse-33-45-tonn\/","og_site_name":"Viggo Bendz","og_image":[{"width":655,"height":542,"url":"https:\/\/viggobendz.dk\/wp-content\/uploads\/2025\/03\/F-SERIES-1.png","type":"image\/png"}],"twitter_card":"summary_large_image","twitter_misc":{"Ansl. lesetid":"1 minutt"},"schema":{"@context":"https:\/\/schema.org","@graph":[{"@type":"WebPage","@id":"https:\/\/viggobendz.dk\/no\/butik\/riving\/sakser-og-knusere\/f-standard\/maskinstoerrelse-33-45-tonn\/","url":"https:\/\/viggobendz.dk\/no\/butik\/riving\/sakser-og-knusere\/f-standard\/maskinstoerrelse-33-45-tonn\/","name":"Maskinst\u00f8rrelse: 33-45 tonn - Viggo Bendz","isPartOf":{"@id":"https:\/\/viggobendz.dk\/no\/#website"},"primaryImageOfPage":{"@id":"https:\/\/viggobendz.dk\/no\/butik\/riving\/sakser-og-knusere\/f-standard\/maskinstoerrelse-33-45-tonn\/#primaryimage"},"image":{"@id":"https:\/\/viggobendz.dk\/no\/butik\/riving\/sakser-og-knusere\/f-standard\/maskinstoerrelse-33-45-tonn\/#primaryimage"},"thumbnailUrl":"https:\/\/viggobendz.dk\/wp-content\/uploads\/2025\/03\/F-SERIES-1.png","datePublished":"2025-03-25T07:29:54+00:00","breadcrumb":{"@id":"https:\/\/viggobendz.dk\/no\/butik\/riving\/sakser-og-knusere\/f-standard\/maskinstoerrelse-33-45-tonn\/#breadcrumb"},"inLanguage":"nb-NO","potentialAction":[{"@type":"ReadAction","target":["https:\/\/viggobendz.dk\/no\/butik\/riving\/sakser-og-knusere\/f-standard\/maskinstoerrelse-33-45-tonn\/"]}]},{"@type":"ImageObject","inLanguage":"nb-NO","@id":"https:\/\/viggobendz.dk\/no\/butik\/riving\/sakser-og-knusere\/f-standard\/maskinstoerrelse-33-45-tonn\/#primaryimage","url":"https:\/\/viggobendz.dk\/wp-content\/uploads\/2025\/03\/F-SERIES-1.png","contentUrl":"https:\/\/viggobendz.dk\/wp-content\/uploads\/2025\/03\/F-SERIES-1.png","width":655,"height":542},{"@type":"BreadcrumbList","@id":"https:\/\/viggobendz.dk\/no\/butik\/riving\/sakser-og-knusere\/f-standard\/maskinstoerrelse-33-45-tonn\/#breadcrumb","itemListElement":[{"@type":"ListItem","position":1,"name":"Hjem","item":"https:\/\/viggobendz.dk\/no\/startside\/"},{"@type":"ListItem","position":2,"name":"Shop","item":"https:\/\/viggobendz.dk\/butik\/"},{"@type":"ListItem","position":3,"name":"Maskinst\u00f8rrelse: 33-45 tonn"}]},{"@type":"WebSite","@id":"https:\/\/viggobendz.dk\/no\/#website","url":"https:\/\/viggobendz.dk\/no\/","name":"Viggo Bendz","description":"Det ansvarlige valg","publisher":{"@id":"https:\/\/viggobendz.dk\/no\/#organization"},"potentialAction":[{"@type":"SearchAction","target":{"@type":"EntryPoint","urlTemplate":"https:\/\/viggobendz.dk\/no\/?s={search_term_string}"},"query-input":{"@type":"PropertyValueSpecification","valueRequired":true,"valueName":"search_term_string"}}],"inLanguage":"nb-NO"},{"@type":"Organization","@id":"https:\/\/viggobendz.dk\/no\/#organization","name":"Viggo Bendz A\/S","url":"https:\/\/viggobendz.dk\/no\/","logo":{"@type":"ImageObject","inLanguage":"nb-NO","@id":"https:\/\/viggobendz.dk\/no\/#\/schema\/logo\/image\/","url":"https:\/\/viggobendz.dk\/wp-content\/uploads\/2020\/03\/VB-Logo.png","contentUrl":"https:\/\/viggobendz.dk\/wp-content\/uploads\/2020\/03\/VB-Logo.png","width":735,"height":776,"caption":"Viggo Bendz A\/S"},"image":{"@id":"https:\/\/viggobendz.dk\/no\/#\/schema\/logo\/image\/"}}]}},"_links":{"self":[{"href":"https:\/\/viggobendz.dk\/no\/wp-json\/wp\/v2\/product\/24527","targetHints":{"allow":["GET"]}}],"collection":[{"href":"https:\/\/viggobendz.dk\/no\/wp-json\/wp\/v2\/product"}],"about":[{"href":"https:\/\/viggobendz.dk\/no\/wp-json\/wp\/v2\/types\/product"}],"wp:featuredmedia":[{"embeddable":true,"href":"https:\/\/viggobendz.dk\/no\/wp-json\/wp\/v2\/media\/20920"}],"wp:attachment":[{"href":"https:\/\/viggobendz.dk\/no\/wp-json\/wp\/v2\/media?parent=24527"}],"wp:term":[{"taxonomy":"product_brand","embeddable":true,"href":"https:\/\/viggobendz.dk\/no\/wp-json\/wp\/v2\/product_brand?post=24527"},{"taxonomy":"product_cat","embeddable":true,"href":"https:\/\/viggobendz.dk\/no\/wp-json\/wp\/v2\/product_cat?post=24527"},{"taxonomy":"product_tag","embeddable":true,"href":"https:\/\/viggobendz.dk\/no\/wp-json\/wp\/v2\/product_tag?post=24527"}],"curies":[{"name":"wp","href":"https:\/\/api.w.org\/{rel}","templated":true}]}}