{"id":24565,"date":"2025-03-25T08:30:11","date_gmt":"2025-03-25T07:30:11","guid":{"rendered":"https:\/\/viggobendz.dk\/butik\/ukategorisert\/maskinstoerrelse-25-32-tonn-2\/"},"modified":"2025-03-25T08:30:11","modified_gmt":"2025-03-25T07:30:11","slug":"maskinstoerrelse-25-32-tonn-2","status":"publish","type":"product","link":"https:\/\/viggobendz.dk\/no\/butik\/riving\/sakser-og-knusere\/f-premium\/maskinstoerrelse-25-32-tonn-2\/","title":{"rendered":"Maskinst\u00f8rrelse: 25-32 tonn"},"content":{"rendered":"<p data-start=\"0\" data-end=\"60\"><strong data-start=\"0\" data-end=\"58\">Frontknuser med BOOSTER-funksjon &#8211; maksimal ytelse for profesjonell riving<\/strong><\/p>\n<p data-start=\"61\" data-end=\"200\">Trevi Benne F-Premium er en avansert betongknuser som er utviklet for entrepren\u00f8rer som krever maksimal styrke, presisjon og holdbarhet ved rivningsarbeid. Den kraftige hydraulikken s\u00f8rger for effektiv betongknusing, mens den forsterkede konstruksjonen gj\u00f8r den ideell for intensiv bruk p\u00e5 byggeplasser. <\/p>\n<p data-start=\"48\" data-end=\"262\"><strong data-start=\"48\" data-end=\"75\">Impact BOOSTER-ventilen<\/strong>, som kjennetegner hele PREMIUM-rivningsserien, gj\u00f8r det mulig \u00e5 <strong data-start=\"152\" data-end=\"170\">\u00f8ke kraften<\/strong> &#8211; forst\u00e5tt som arbeidstrykket fra gravemaskinen &#8211; opp til <strong data-start=\"236\" data-end=\"259\">maksimalt 750 bar<\/strong>.<\/p>\n<p data-start=\"264\" data-end=\"362\">Ventilen aktiveres <strong data-start=\"283\" data-end=\"297\">automatisk<\/strong> n\u00e5r materialet som skal rives, har h\u00f8y motstand.<\/p>\n<p data-start=\"364\" data-end=\"524\" data-is-last-node=\"\" data-is-only-node=\"\">I et n\u00f8tteskall: N\u00e5r rivningsverkt\u00f8yet st\u00f8ter p\u00e5 hardt materiale, sl\u00e5r BOOSTER-ventilen inn og gir ekstra kraft for \u00e5 f\u00e5 jobben gjort raskere og mer effektivt.<\/p>\n<ul>\n<li data-start=\"201\" data-end=\"260\"><strong data-start=\"201\" data-end=\"259\">Ekstrem knusingskraft<\/strong> &#8211; Effektiv knusing av betong med presis separasjon av armeringsjern.<\/li>\n<li data-start=\"261\" data-end=\"320\"><strong data-start=\"261\" data-end=\"319\">Robust premiumdesign<\/strong> &#8211; forsterket konstruksjon for de mest krevende rivningsjobbene.<\/li>\n<li data-start=\"321\" data-end=\"380\"><strong data-start=\"321\" data-end=\"379\">\u00d8kt driftstid<\/strong> &#8211; Slitesterke materialer og optimalisert hydraulikk gir lengre levetid.<\/li>\n<\/ul>\n<p data-start=\"381\" data-end=\"440\">Med Trevi Benne F-Premium betongsaks f\u00e5r du en p\u00e5litelig l\u00f8sning som sikrer h\u00f8y effektivitet og reduserte driftskostnader i rivingsprosjektene dine.<\/p>\n","protected":false},"excerpt":{"rendered":"<p>Betongknuser med slagforsterker fra Trevi Benne<\/p>\n","protected":false},"featured_media":21620,"template":"","meta":{"_acf_changed":false},"product_brand":[],"product_cat":[3199,2801,2802],"product_tag":[],"class_list":{"0":"post-24565","1":"product","2":"type-product","3":"status-publish","4":"has-post-thumbnail","6":"product_cat-f-premium","7":"product_cat-riving","8":"product_cat-sakser-og-knusere","9":"pa_type-2-sekundaer-riving","11":"first","12":"instock","13":"taxable","14":"shipping-taxable","15":"product-type-simple"},"acf":[],"yoast_head":"<title>Maskinst\u00f8rrelse: 25-32 tonn - Viggo Bendz<\/title>\n<meta name=\"robots\" content=\"index, follow, max-snippet:-1, max-image-preview:large, max-video-preview:-1\" \/>\n<link rel=\"canonical\" href=\"https:\/\/viggobendz.dk\/no\/butik\/riving\/sakser-og-knusere\/f-premium\/maskinstoerrelse-25-32-tonn-2\/\" \/>\n<meta property=\"og:locale\" content=\"nb_NO\" \/>\n<meta property=\"og:type\" content=\"article\" \/>\n<meta property=\"og:title\" content=\"Maskinst\u00f8rrelse: 25-32 tonn - Viggo Bendz\" \/>\n<meta property=\"og:description\" content=\"Betongknuser med slagforsterker fra Trevi Benne\" \/>\n<meta property=\"og:url\" content=\"https:\/\/viggobendz.dk\/no\/butik\/riving\/sakser-og-knusere\/f-premium\/maskinstoerrelse-25-32-tonn-2\/\" \/>\n<meta property=\"og:site_name\" content=\"Viggo Bendz\" \/>\n<meta property=\"og:image\" content=\"https:\/\/viggobendz.dk\/wp-content\/uploads\/2025\/03\/F-premium-u-magnet.png\" \/>\n\t<meta property=\"og:image:width\" content=\"706\" \/>\n\t<meta property=\"og:image:height\" content=\"579\" \/>\n\t<meta property=\"og:image:type\" content=\"image\/png\" \/>\n<meta name=\"twitter:card\" content=\"summary_large_image\" \/>\n<meta name=\"twitter:label1\" content=\"Ansl. lesetid\" \/>\n\t<meta name=\"twitter:data1\" content=\"1 minutt\" \/>\n<script type=\"application\/ld+json\" class=\"yoast-schema-graph\">{\"@context\":\"https:\/\/schema.org\",\"@graph\":[{\"@type\":\"WebPage\",\"@id\":\"https:\/\/viggobendz.dk\/no\/butik\/riving\/sakser-og-knusere\/f-premium\/maskinstoerrelse-25-32-tonn-2\/\",\"url\":\"https:\/\/viggobendz.dk\/no\/butik\/riving\/sakser-og-knusere\/f-premium\/maskinstoerrelse-25-32-tonn-2\/\",\"name\":\"Maskinst\u00f8rrelse: 25-32 tonn - Viggo Bendz\",\"isPartOf\":{\"@id\":\"https:\/\/viggobendz.dk\/no\/#website\"},\"primaryImageOfPage\":{\"@id\":\"https:\/\/viggobendz.dk\/no\/butik\/riving\/sakser-og-knusere\/f-premium\/maskinstoerrelse-25-32-tonn-2\/#primaryimage\"},\"image\":{\"@id\":\"https:\/\/viggobendz.dk\/no\/butik\/riving\/sakser-og-knusere\/f-premium\/maskinstoerrelse-25-32-tonn-2\/#primaryimage\"},\"thumbnailUrl\":\"https:\/\/viggobendz.dk\/wp-content\/uploads\/2025\/03\/F-premium-u-magnet.png\",\"datePublished\":\"2025-03-25T07:30:11+00:00\",\"breadcrumb\":{\"@id\":\"https:\/\/viggobendz.dk\/no\/butik\/riving\/sakser-og-knusere\/f-premium\/maskinstoerrelse-25-32-tonn-2\/#breadcrumb\"},\"inLanguage\":\"nb-NO\",\"potentialAction\":[{\"@type\":\"ReadAction\",\"target\":[\"https:\/\/viggobendz.dk\/no\/butik\/riving\/sakser-og-knusere\/f-premium\/maskinstoerrelse-25-32-tonn-2\/\"]}]},{\"@type\":\"ImageObject\",\"inLanguage\":\"nb-NO\",\"@id\":\"https:\/\/viggobendz.dk\/no\/butik\/riving\/sakser-og-knusere\/f-premium\/maskinstoerrelse-25-32-tonn-2\/#primaryimage\",\"url\":\"https:\/\/viggobendz.dk\/wp-content\/uploads\/2025\/03\/F-premium-u-magnet.png\",\"contentUrl\":\"https:\/\/viggobendz.dk\/wp-content\/uploads\/2025\/03\/F-premium-u-magnet.png\",\"width\":706,\"height\":579},{\"@type\":\"BreadcrumbList\",\"@id\":\"https:\/\/viggobendz.dk\/no\/butik\/riving\/sakser-og-knusere\/f-premium\/maskinstoerrelse-25-32-tonn-2\/#breadcrumb\",\"itemListElement\":[{\"@type\":\"ListItem\",\"position\":1,\"name\":\"Hjem\",\"item\":\"https:\/\/viggobendz.dk\/no\/startside\/\"},{\"@type\":\"ListItem\",\"position\":2,\"name\":\"Shop\",\"item\":\"https:\/\/viggobendz.dk\/butik\/\"},{\"@type\":\"ListItem\",\"position\":3,\"name\":\"Maskinst\u00f8rrelse: 25-32 tonn\"}]},{\"@type\":\"WebSite\",\"@id\":\"https:\/\/viggobendz.dk\/no\/#website\",\"url\":\"https:\/\/viggobendz.dk\/no\/\",\"name\":\"Viggo Bendz\",\"description\":\"Det ansvarlige valg\",\"publisher\":{\"@id\":\"https:\/\/viggobendz.dk\/no\/#organization\"},\"potentialAction\":[{\"@type\":\"SearchAction\",\"target\":{\"@type\":\"EntryPoint\",\"urlTemplate\":\"https:\/\/viggobendz.dk\/no\/?s={search_term_string}\"},\"query-input\":{\"@type\":\"PropertyValueSpecification\",\"valueRequired\":true,\"valueName\":\"search_term_string\"}}],\"inLanguage\":\"nb-NO\"},{\"@type\":\"Organization\",\"@id\":\"https:\/\/viggobendz.dk\/no\/#organization\",\"name\":\"Viggo Bendz A\/S\",\"url\":\"https:\/\/viggobendz.dk\/no\/\",\"logo\":{\"@type\":\"ImageObject\",\"inLanguage\":\"nb-NO\",\"@id\":\"https:\/\/viggobendz.dk\/no\/#\/schema\/logo\/image\/\",\"url\":\"https:\/\/viggobendz.dk\/wp-content\/uploads\/2020\/03\/VB-Logo.png\",\"contentUrl\":\"https:\/\/viggobendz.dk\/wp-content\/uploads\/2020\/03\/VB-Logo.png\",\"width\":735,\"height\":776,\"caption\":\"Viggo Bendz A\/S\"},\"image\":{\"@id\":\"https:\/\/viggobendz.dk\/no\/#\/schema\/logo\/image\/\"}}]}<\/script>","yoast_head_json":{"title":"Maskinst\u00f8rrelse: 25-32 tonn - Viggo Bendz","robots":{"index":"index","follow":"follow","max-snippet":"max-snippet:-1","max-image-preview":"max-image-preview:large","max-video-preview":"max-video-preview:-1"},"canonical":"https:\/\/viggobendz.dk\/no\/butik\/riving\/sakser-og-knusere\/f-premium\/maskinstoerrelse-25-32-tonn-2\/","og_locale":"nb_NO","og_type":"article","og_title":"Maskinst\u00f8rrelse: 25-32 tonn - Viggo Bendz","og_description":"Betongknuser med slagforsterker fra Trevi Benne","og_url":"https:\/\/viggobendz.dk\/no\/butik\/riving\/sakser-og-knusere\/f-premium\/maskinstoerrelse-25-32-tonn-2\/","og_site_name":"Viggo Bendz","og_image":[{"width":706,"height":579,"url":"https:\/\/viggobendz.dk\/wp-content\/uploads\/2025\/03\/F-premium-u-magnet.png","type":"image\/png"}],"twitter_card":"summary_large_image","twitter_misc":{"Ansl. lesetid":"1 minutt"},"schema":{"@context":"https:\/\/schema.org","@graph":[{"@type":"WebPage","@id":"https:\/\/viggobendz.dk\/no\/butik\/riving\/sakser-og-knusere\/f-premium\/maskinstoerrelse-25-32-tonn-2\/","url":"https:\/\/viggobendz.dk\/no\/butik\/riving\/sakser-og-knusere\/f-premium\/maskinstoerrelse-25-32-tonn-2\/","name":"Maskinst\u00f8rrelse: 25-32 tonn - Viggo Bendz","isPartOf":{"@id":"https:\/\/viggobendz.dk\/no\/#website"},"primaryImageOfPage":{"@id":"https:\/\/viggobendz.dk\/no\/butik\/riving\/sakser-og-knusere\/f-premium\/maskinstoerrelse-25-32-tonn-2\/#primaryimage"},"image":{"@id":"https:\/\/viggobendz.dk\/no\/butik\/riving\/sakser-og-knusere\/f-premium\/maskinstoerrelse-25-32-tonn-2\/#primaryimage"},"thumbnailUrl":"https:\/\/viggobendz.dk\/wp-content\/uploads\/2025\/03\/F-premium-u-magnet.png","datePublished":"2025-03-25T07:30:11+00:00","breadcrumb":{"@id":"https:\/\/viggobendz.dk\/no\/butik\/riving\/sakser-og-knusere\/f-premium\/maskinstoerrelse-25-32-tonn-2\/#breadcrumb"},"inLanguage":"nb-NO","potentialAction":[{"@type":"ReadAction","target":["https:\/\/viggobendz.dk\/no\/butik\/riving\/sakser-og-knusere\/f-premium\/maskinstoerrelse-25-32-tonn-2\/"]}]},{"@type":"ImageObject","inLanguage":"nb-NO","@id":"https:\/\/viggobendz.dk\/no\/butik\/riving\/sakser-og-knusere\/f-premium\/maskinstoerrelse-25-32-tonn-2\/#primaryimage","url":"https:\/\/viggobendz.dk\/wp-content\/uploads\/2025\/03\/F-premium-u-magnet.png","contentUrl":"https:\/\/viggobendz.dk\/wp-content\/uploads\/2025\/03\/F-premium-u-magnet.png","width":706,"height":579},{"@type":"BreadcrumbList","@id":"https:\/\/viggobendz.dk\/no\/butik\/riving\/sakser-og-knusere\/f-premium\/maskinstoerrelse-25-32-tonn-2\/#breadcrumb","itemListElement":[{"@type":"ListItem","position":1,"name":"Hjem","item":"https:\/\/viggobendz.dk\/no\/startside\/"},{"@type":"ListItem","position":2,"name":"Shop","item":"https:\/\/viggobendz.dk\/butik\/"},{"@type":"ListItem","position":3,"name":"Maskinst\u00f8rrelse: 25-32 tonn"}]},{"@type":"WebSite","@id":"https:\/\/viggobendz.dk\/no\/#website","url":"https:\/\/viggobendz.dk\/no\/","name":"Viggo Bendz","description":"Det ansvarlige valg","publisher":{"@id":"https:\/\/viggobendz.dk\/no\/#organization"},"potentialAction":[{"@type":"SearchAction","target":{"@type":"EntryPoint","urlTemplate":"https:\/\/viggobendz.dk\/no\/?s={search_term_string}"},"query-input":{"@type":"PropertyValueSpecification","valueRequired":true,"valueName":"search_term_string"}}],"inLanguage":"nb-NO"},{"@type":"Organization","@id":"https:\/\/viggobendz.dk\/no\/#organization","name":"Viggo Bendz A\/S","url":"https:\/\/viggobendz.dk\/no\/","logo":{"@type":"ImageObject","inLanguage":"nb-NO","@id":"https:\/\/viggobendz.dk\/no\/#\/schema\/logo\/image\/","url":"https:\/\/viggobendz.dk\/wp-content\/uploads\/2020\/03\/VB-Logo.png","contentUrl":"https:\/\/viggobendz.dk\/wp-content\/uploads\/2020\/03\/VB-Logo.png","width":735,"height":776,"caption":"Viggo Bendz A\/S"},"image":{"@id":"https:\/\/viggobendz.dk\/no\/#\/schema\/logo\/image\/"}}]}},"_links":{"self":[{"href":"https:\/\/viggobendz.dk\/no\/wp-json\/wp\/v2\/product\/24565","targetHints":{"allow":["GET"]}}],"collection":[{"href":"https:\/\/viggobendz.dk\/no\/wp-json\/wp\/v2\/product"}],"about":[{"href":"https:\/\/viggobendz.dk\/no\/wp-json\/wp\/v2\/types\/product"}],"wp:featuredmedia":[{"embeddable":true,"href":"https:\/\/viggobendz.dk\/no\/wp-json\/wp\/v2\/media\/21620"}],"wp:attachment":[{"href":"https:\/\/viggobendz.dk\/no\/wp-json\/wp\/v2\/media?parent=24565"}],"wp:term":[{"taxonomy":"product_brand","embeddable":true,"href":"https:\/\/viggobendz.dk\/no\/wp-json\/wp\/v2\/product_brand?post=24565"},{"taxonomy":"product_cat","embeddable":true,"href":"https:\/\/viggobendz.dk\/no\/wp-json\/wp\/v2\/product_cat?post=24565"},{"taxonomy":"product_tag","embeddable":true,"href":"https:\/\/viggobendz.dk\/no\/wp-json\/wp\/v2\/product_tag?post=24565"}],"curies":[{"name":"wp","href":"https:\/\/api.w.org\/{rel}","templated":true}]}}