{"id":24732,"date":"2025-03-20T09:34:27","date_gmt":"2025-03-20T08:34:27","guid":{"rendered":"https:\/\/viggobendz.dk\/butik\/ukategorisert\/20-m-x-256-m\/"},"modified":"2025-03-20T09:34:27","modified_gmt":"2025-03-20T08:34:27","slug":"20-m-x-256-m","status":"publish","type":"product","link":"https:\/\/viggobendz.dk\/no\/butik\/utstyr\/gravekasser\/vb-100-120\/basisenheter-2\/20-m-x-256-m\/","title":{"rendered":"2,0 m x 2,56 m"},"content":{"rendered":"<p data-start=\"0\" data-end=\"60\"><strong data-start=\"0\" data-end=\"58\">Gravekasser LTW VB100-120 &#8211; Maksimal sikkerhet for store og dype utgravninger<\/strong><\/p>\n<p data-start=\"61\" data-end=\"200\">LTW VB100-120 gravemaskinbokser er utformet for \u00e5 sikre stabilitet og sikkerhet i store og dype utgravninger. Med en sterk st\u00e5lkonstruksjon og optimal beskyttelse mot marktrykk beskytter VB100-120 gravekasser arbeiderne mot kollaps og skaper et trygt arbeidsmilj\u00f8 ved installasjon av forsyningsledninger, kloakkr\u00f8r og andre store underjordiske prosjekter. <\/p>\n<ul>\n<li data-start=\"201\" data-end=\"260\"><strong data-start=\"201\" data-end=\"259\">H\u00f8y styrke og stabilitet<\/strong> &#8211; sikrer maksimal beskyttelse i dype og brede utgravninger.<\/li>\n<li data-start=\"261\" data-end=\"320\"><strong data-start=\"261\" data-end=\"319\">Modul\u00e6r design<\/strong> &#8211; Kan kombineres med overskap for ekstra dybde.<\/li>\n<li data-start=\"321\" data-end=\"380\"><strong data-start=\"321\" data-end=\"379\">Slitesterk og robust<\/strong> &#8211; Laget av h\u00f8ykvalitetsst\u00e5l for lang levetid og minimalt vedlikehold.<\/li>\n<\/ul>\n<p data-start=\"381\" data-end=\"440\">Med en LTW VB100-120 traktorgraver f\u00e5r du en p\u00e5litelig og fleksibel l\u00f8sning som optimaliserer sikkerheten og effektiviteten i selv de mest krevende graveprosjektene.<\/p>\n","protected":false},"excerpt":{"rendered":"<p>Gravekasser VB100-120<\/p>\n","protected":false},"featured_media":21419,"template":"","meta":{"_acf_changed":false},"product_brand":[],"product_cat":[3328,2596,2594,2598],"product_tag":[],"class_list":{"0":"post-24732","1":"product","2":"type-product","3":"status-publish","4":"has-post-thumbnail","6":"product_cat-basisenheter-2","7":"product_cat-gravekasser","8":"product_cat-utstyr","9":"product_cat-vb-100-120","10":"pa_type-2-vb-100","12":"first","13":"instock","14":"taxable","15":"shipping-taxable","16":"purchasable","17":"product-type-simple"},"acf":[],"yoast_head":"<title>2,0 m x 2,56 m - Viggo Bendz<\/title>\n<meta name=\"robots\" content=\"index, follow, max-snippet:-1, max-image-preview:large, max-video-preview:-1\" \/>\n<link rel=\"canonical\" href=\"https:\/\/viggobendz.dk\/no\/butik\/utstyr\/gravekasser\/vb-100-120\/basisenheter-2\/20-m-x-256-m\/\" \/>\n<meta property=\"og:locale\" content=\"nb_NO\" \/>\n<meta property=\"og:type\" content=\"article\" \/>\n<meta property=\"og:title\" content=\"2,0 m x 2,56 m - Viggo Bendz\" \/>\n<meta property=\"og:description\" content=\"Gravekasser VB100-120\" \/>\n<meta property=\"og:url\" content=\"https:\/\/viggobendz.dk\/no\/butik\/utstyr\/gravekasser\/vb-100-120\/basisenheter-2\/20-m-x-256-m\/\" \/>\n<meta property=\"og:site_name\" content=\"Viggo Bendz\" \/>\n<meta property=\"og:image\" content=\"https:\/\/viggobendz.dk\/wp-content\/uploads\/2025\/03\/base-unit-Photoroom.jpg\" \/>\n\t<meta property=\"og:image:width\" content=\"600\" \/>\n\t<meta property=\"og:image:height\" content=\"450\" \/>\n\t<meta property=\"og:image:type\" content=\"image\/jpeg\" \/>\n<meta name=\"twitter:card\" content=\"summary_large_image\" \/>\n<meta name=\"twitter:label1\" content=\"Ansl. lesetid\" \/>\n\t<meta name=\"twitter:data1\" content=\"1 minutt\" \/>\n<script type=\"application\/ld+json\" class=\"yoast-schema-graph\">{\"@context\":\"https:\/\/schema.org\",\"@graph\":[{\"@type\":\"WebPage\",\"@id\":\"https:\/\/viggobendz.dk\/no\/butik\/utstyr\/gravekasser\/vb-100-120\/basisenheter-2\/20-m-x-256-m\/\",\"url\":\"https:\/\/viggobendz.dk\/no\/butik\/utstyr\/gravekasser\/vb-100-120\/basisenheter-2\/20-m-x-256-m\/\",\"name\":\"2,0 m x 2,56 m - Viggo Bendz\",\"isPartOf\":{\"@id\":\"https:\/\/viggobendz.dk\/no\/#website\"},\"primaryImageOfPage\":{\"@id\":\"https:\/\/viggobendz.dk\/no\/butik\/utstyr\/gravekasser\/vb-100-120\/basisenheter-2\/20-m-x-256-m\/#primaryimage\"},\"image\":{\"@id\":\"https:\/\/viggobendz.dk\/no\/butik\/utstyr\/gravekasser\/vb-100-120\/basisenheter-2\/20-m-x-256-m\/#primaryimage\"},\"thumbnailUrl\":\"https:\/\/viggobendz.dk\/wp-content\/uploads\/2025\/03\/base-unit-Photoroom.jpg\",\"datePublished\":\"2025-03-20T08:34:27+00:00\",\"breadcrumb\":{\"@id\":\"https:\/\/viggobendz.dk\/no\/butik\/utstyr\/gravekasser\/vb-100-120\/basisenheter-2\/20-m-x-256-m\/#breadcrumb\"},\"inLanguage\":\"nb-NO\",\"potentialAction\":[{\"@type\":\"ReadAction\",\"target\":[\"https:\/\/viggobendz.dk\/no\/butik\/utstyr\/gravekasser\/vb-100-120\/basisenheter-2\/20-m-x-256-m\/\"]}]},{\"@type\":\"ImageObject\",\"inLanguage\":\"nb-NO\",\"@id\":\"https:\/\/viggobendz.dk\/no\/butik\/utstyr\/gravekasser\/vb-100-120\/basisenheter-2\/20-m-x-256-m\/#primaryimage\",\"url\":\"https:\/\/viggobendz.dk\/wp-content\/uploads\/2025\/03\/base-unit-Photoroom.jpg\",\"contentUrl\":\"https:\/\/viggobendz.dk\/wp-content\/uploads\/2025\/03\/base-unit-Photoroom.jpg\",\"width\":600,\"height\":450},{\"@type\":\"BreadcrumbList\",\"@id\":\"https:\/\/viggobendz.dk\/no\/butik\/utstyr\/gravekasser\/vb-100-120\/basisenheter-2\/20-m-x-256-m\/#breadcrumb\",\"itemListElement\":[{\"@type\":\"ListItem\",\"position\":1,\"name\":\"Hjem\",\"item\":\"https:\/\/viggobendz.dk\/no\/startside\/\"},{\"@type\":\"ListItem\",\"position\":2,\"name\":\"Shop\",\"item\":\"https:\/\/viggobendz.dk\/butik\/\"},{\"@type\":\"ListItem\",\"position\":3,\"name\":\"Utstyr\",\"item\":\"https:\/\/viggobendz.dk\/no\/vare-kategori\/utstyr\/\"},{\"@type\":\"ListItem\",\"position\":4,\"name\":\"Gravekasser\",\"item\":\"https:\/\/viggobendz.dk\/no\/vare-kategori\/utstyr\/gravekasser\/\"},{\"@type\":\"ListItem\",\"position\":5,\"name\":\"VB 100-120\",\"item\":\"https:\/\/viggobendz.dk\/no\/vare-kategori\/utstyr\/gravekasser\/vb-100-120\/\"},{\"@type\":\"ListItem\",\"position\":6,\"name\":\"Basisenheter\",\"item\":\"https:\/\/viggobendz.dk\/no\/vare-kategori\/utstyr\/gravekasser\/vb-100-120\/basisenheter-2\/\"},{\"@type\":\"ListItem\",\"position\":7,\"name\":\"2,0 m x 2,56 m\"}]},{\"@type\":\"WebSite\",\"@id\":\"https:\/\/viggobendz.dk\/no\/#website\",\"url\":\"https:\/\/viggobendz.dk\/no\/\",\"name\":\"Viggo Bendz\",\"description\":\"Det ansvarlige valg\",\"publisher\":{\"@id\":\"https:\/\/viggobendz.dk\/no\/#organization\"},\"potentialAction\":[{\"@type\":\"SearchAction\",\"target\":{\"@type\":\"EntryPoint\",\"urlTemplate\":\"https:\/\/viggobendz.dk\/no\/?s={search_term_string}\"},\"query-input\":{\"@type\":\"PropertyValueSpecification\",\"valueRequired\":true,\"valueName\":\"search_term_string\"}}],\"inLanguage\":\"nb-NO\"},{\"@type\":\"Organization\",\"@id\":\"https:\/\/viggobendz.dk\/no\/#organization\",\"name\":\"Viggo Bendz A\/S\",\"url\":\"https:\/\/viggobendz.dk\/no\/\",\"logo\":{\"@type\":\"ImageObject\",\"inLanguage\":\"nb-NO\",\"@id\":\"https:\/\/viggobendz.dk\/no\/#\/schema\/logo\/image\/\",\"url\":\"https:\/\/viggobendz.dk\/wp-content\/uploads\/2020\/03\/VB-Logo.png\",\"contentUrl\":\"https:\/\/viggobendz.dk\/wp-content\/uploads\/2020\/03\/VB-Logo.png\",\"width\":735,\"height\":776,\"caption\":\"Viggo Bendz A\/S\"},\"image\":{\"@id\":\"https:\/\/viggobendz.dk\/no\/#\/schema\/logo\/image\/\"}}]}<\/script>","yoast_head_json":{"title":"2,0 m x 2,56 m - Viggo Bendz","robots":{"index":"index","follow":"follow","max-snippet":"max-snippet:-1","max-image-preview":"max-image-preview:large","max-video-preview":"max-video-preview:-1"},"canonical":"https:\/\/viggobendz.dk\/no\/butik\/utstyr\/gravekasser\/vb-100-120\/basisenheter-2\/20-m-x-256-m\/","og_locale":"nb_NO","og_type":"article","og_title":"2,0 m x 2,56 m - Viggo Bendz","og_description":"Gravekasser VB100-120","og_url":"https:\/\/viggobendz.dk\/no\/butik\/utstyr\/gravekasser\/vb-100-120\/basisenheter-2\/20-m-x-256-m\/","og_site_name":"Viggo Bendz","og_image":[{"width":600,"height":450,"url":"https:\/\/viggobendz.dk\/wp-content\/uploads\/2025\/03\/base-unit-Photoroom.jpg","type":"image\/jpeg"}],"twitter_card":"summary_large_image","twitter_misc":{"Ansl. lesetid":"1 minutt"},"schema":{"@context":"https:\/\/schema.org","@graph":[{"@type":"WebPage","@id":"https:\/\/viggobendz.dk\/no\/butik\/utstyr\/gravekasser\/vb-100-120\/basisenheter-2\/20-m-x-256-m\/","url":"https:\/\/viggobendz.dk\/no\/butik\/utstyr\/gravekasser\/vb-100-120\/basisenheter-2\/20-m-x-256-m\/","name":"2,0 m x 2,56 m - Viggo Bendz","isPartOf":{"@id":"https:\/\/viggobendz.dk\/no\/#website"},"primaryImageOfPage":{"@id":"https:\/\/viggobendz.dk\/no\/butik\/utstyr\/gravekasser\/vb-100-120\/basisenheter-2\/20-m-x-256-m\/#primaryimage"},"image":{"@id":"https:\/\/viggobendz.dk\/no\/butik\/utstyr\/gravekasser\/vb-100-120\/basisenheter-2\/20-m-x-256-m\/#primaryimage"},"thumbnailUrl":"https:\/\/viggobendz.dk\/wp-content\/uploads\/2025\/03\/base-unit-Photoroom.jpg","datePublished":"2025-03-20T08:34:27+00:00","breadcrumb":{"@id":"https:\/\/viggobendz.dk\/no\/butik\/utstyr\/gravekasser\/vb-100-120\/basisenheter-2\/20-m-x-256-m\/#breadcrumb"},"inLanguage":"nb-NO","potentialAction":[{"@type":"ReadAction","target":["https:\/\/viggobendz.dk\/no\/butik\/utstyr\/gravekasser\/vb-100-120\/basisenheter-2\/20-m-x-256-m\/"]}]},{"@type":"ImageObject","inLanguage":"nb-NO","@id":"https:\/\/viggobendz.dk\/no\/butik\/utstyr\/gravekasser\/vb-100-120\/basisenheter-2\/20-m-x-256-m\/#primaryimage","url":"https:\/\/viggobendz.dk\/wp-content\/uploads\/2025\/03\/base-unit-Photoroom.jpg","contentUrl":"https:\/\/viggobendz.dk\/wp-content\/uploads\/2025\/03\/base-unit-Photoroom.jpg","width":600,"height":450},{"@type":"BreadcrumbList","@id":"https:\/\/viggobendz.dk\/no\/butik\/utstyr\/gravekasser\/vb-100-120\/basisenheter-2\/20-m-x-256-m\/#breadcrumb","itemListElement":[{"@type":"ListItem","position":1,"name":"Hjem","item":"https:\/\/viggobendz.dk\/no\/startside\/"},{"@type":"ListItem","position":2,"name":"Shop","item":"https:\/\/viggobendz.dk\/butik\/"},{"@type":"ListItem","position":3,"name":"Utstyr","item":"https:\/\/viggobendz.dk\/no\/vare-kategori\/utstyr\/"},{"@type":"ListItem","position":4,"name":"Gravekasser","item":"https:\/\/viggobendz.dk\/no\/vare-kategori\/utstyr\/gravekasser\/"},{"@type":"ListItem","position":5,"name":"VB 100-120","item":"https:\/\/viggobendz.dk\/no\/vare-kategori\/utstyr\/gravekasser\/vb-100-120\/"},{"@type":"ListItem","position":6,"name":"Basisenheter","item":"https:\/\/viggobendz.dk\/no\/vare-kategori\/utstyr\/gravekasser\/vb-100-120\/basisenheter-2\/"},{"@type":"ListItem","position":7,"name":"2,0 m x 2,56 m"}]},{"@type":"WebSite","@id":"https:\/\/viggobendz.dk\/no\/#website","url":"https:\/\/viggobendz.dk\/no\/","name":"Viggo Bendz","description":"Det ansvarlige valg","publisher":{"@id":"https:\/\/viggobendz.dk\/no\/#organization"},"potentialAction":[{"@type":"SearchAction","target":{"@type":"EntryPoint","urlTemplate":"https:\/\/viggobendz.dk\/no\/?s={search_term_string}"},"query-input":{"@type":"PropertyValueSpecification","valueRequired":true,"valueName":"search_term_string"}}],"inLanguage":"nb-NO"},{"@type":"Organization","@id":"https:\/\/viggobendz.dk\/no\/#organization","name":"Viggo Bendz A\/S","url":"https:\/\/viggobendz.dk\/no\/","logo":{"@type":"ImageObject","inLanguage":"nb-NO","@id":"https:\/\/viggobendz.dk\/no\/#\/schema\/logo\/image\/","url":"https:\/\/viggobendz.dk\/wp-content\/uploads\/2020\/03\/VB-Logo.png","contentUrl":"https:\/\/viggobendz.dk\/wp-content\/uploads\/2020\/03\/VB-Logo.png","width":735,"height":776,"caption":"Viggo Bendz A\/S"},"image":{"@id":"https:\/\/viggobendz.dk\/no\/#\/schema\/logo\/image\/"}}]}},"_links":{"self":[{"href":"https:\/\/viggobendz.dk\/no\/wp-json\/wp\/v2\/product\/24732","targetHints":{"allow":["GET"]}}],"collection":[{"href":"https:\/\/viggobendz.dk\/no\/wp-json\/wp\/v2\/product"}],"about":[{"href":"https:\/\/viggobendz.dk\/no\/wp-json\/wp\/v2\/types\/product"}],"wp:featuredmedia":[{"embeddable":true,"href":"https:\/\/viggobendz.dk\/no\/wp-json\/wp\/v2\/media\/21419"}],"wp:attachment":[{"href":"https:\/\/viggobendz.dk\/no\/wp-json\/wp\/v2\/media?parent=24732"}],"wp:term":[{"taxonomy":"product_brand","embeddable":true,"href":"https:\/\/viggobendz.dk\/no\/wp-json\/wp\/v2\/product_brand?post=24732"},{"taxonomy":"product_cat","embeddable":true,"href":"https:\/\/viggobendz.dk\/no\/wp-json\/wp\/v2\/product_cat?post=24732"},{"taxonomy":"product_tag","embeddable":true,"href":"https:\/\/viggobendz.dk\/no\/wp-json\/wp\/v2\/product_tag?post=24732"}],"curies":[{"name":"wp","href":"https:\/\/api.w.org\/{rel}","templated":true}]}}