{"id":24848,"date":"2025-03-20T09:34:42","date_gmt":"2025-03-20T08:34:42","guid":{"rendered":"https:\/\/viggobendz.dk\/butik\/ukategorisert\/375-m-x-13-m\/"},"modified":"2025-03-20T09:34:42","modified_gmt":"2025-03-20T08:34:42","slug":"375-m-x-13-m","status":"publish","type":"product","link":"https:\/\/viggobendz.dk\/no\/butik\/utstyr\/gravekasser\/vb-100-120\/topp-enheter-2\/375-m-x-13-m\/","title":{"rendered":"3,75 m x 1,3 m"},"content":{"rendered":"<p data-start=\"0\" data-end=\"60\"><strong data-start=\"0\" data-end=\"58\">Toppenheter LTW VB100-120 &#8211; Fleksibel forlengelse for dype utgravninger<\/strong><\/p>\n<p data-start=\"61\" data-end=\"200\">LTW VB100-120-toppenheter er designet for \u00e5 forlenge dybden p\u00e5 VB100-120-gr\u00f8ftekasser og sikre maksimal stabilitet i store utgravninger. Med en sterk st\u00e5lkonstruksjon og modul\u00e6r design gir disse toppenhetene ekstra beskyttelse mot marktrykk og forbedrer sikkerheten ved installasjon av forsyningsledninger, kloakkr\u00f8r og andre store infrastrukturprosjekter. <\/p>\n<ul>\n<li data-start=\"201\" data-end=\"260\"><strong data-start=\"201\" data-end=\"259\">\u00d8kt gravedybde &#8211; \u00f8ker<\/strong> kapasiteten og stabiliteten til VB100-120-gravemaskinens kasse.<\/li>\n<li data-start=\"261\" data-end=\"320\"><strong data-start=\"261\" data-end=\"319\">Modul\u00e6rt system<\/strong> &#8211; enkelt \u00e5 installere og kombinere med eksisterende basisenheter.<\/li>\n<li data-start=\"321\" data-end=\"380\"><strong data-start=\"321\" data-end=\"379\">Ekstrem holdbarhet<\/strong> &#8211; Laget av slitesterkt st\u00e5l for lang levetid og maksimal sikkerhet.<\/li>\n<\/ul>\n<p data-start=\"381\" data-end=\"440\">Med LTW VB100-120 Top Units f\u00e5r du en fleksibel og trygg l\u00f8sning som optimaliserer sikkerheten og effektiviteten i selv de mest krevende graveprosjektene.<\/p>\n","protected":false},"excerpt":{"rendered":"<p>Gravekasser VB100-148<\/p>\n","protected":false},"featured_media":21414,"template":"","meta":{"_acf_changed":false},"product_brand":[],"product_cat":[2596,3427,2594,2598],"product_tag":[],"class_list":{"0":"post-24848","1":"product","2":"type-product","3":"status-publish","4":"has-post-thumbnail","6":"product_cat-gravekasser","7":"product_cat-topp-enheter-2","8":"product_cat-utstyr","9":"product_cat-vb-100-120","10":"pa_type-2-vb100","12":"first","13":"instock","14":"taxable","15":"shipping-taxable","16":"purchasable","17":"product-type-simple"},"acf":[],"yoast_head":"<title>3,75 m x 1,3 m - Viggo Bendz<\/title>\n<meta name=\"robots\" content=\"index, follow, max-snippet:-1, max-image-preview:large, max-video-preview:-1\" \/>\n<link rel=\"canonical\" href=\"https:\/\/viggobendz.dk\/no\/butik\/utstyr\/gravekasser\/vb-100-120\/topp-enheter-2\/375-m-x-13-m\/\" \/>\n<meta property=\"og:locale\" content=\"nb_NO\" \/>\n<meta property=\"og:type\" content=\"article\" \/>\n<meta property=\"og:title\" content=\"3,75 m x 1,3 m - Viggo Bendz\" \/>\n<meta property=\"og:description\" content=\"Gravekasser VB100-148\" \/>\n<meta property=\"og:url\" content=\"https:\/\/viggobendz.dk\/no\/butik\/utstyr\/gravekasser\/vb-100-120\/topp-enheter-2\/375-m-x-13-m\/\" \/>\n<meta property=\"og:site_name\" content=\"Viggo Bendz\" \/>\n<meta property=\"og:image\" content=\"https:\/\/viggobendz.dk\/wp-content\/uploads\/2025\/03\/Top-unit-Photoroom.jpg\" \/>\n\t<meta property=\"og:image:width\" content=\"600\" \/>\n\t<meta property=\"og:image:height\" content=\"450\" \/>\n\t<meta property=\"og:image:type\" content=\"image\/jpeg\" \/>\n<meta name=\"twitter:card\" content=\"summary_large_image\" \/>\n<meta name=\"twitter:label1\" content=\"Ansl. lesetid\" \/>\n\t<meta name=\"twitter:data1\" content=\"1 minutt\" \/>\n<script type=\"application\/ld+json\" class=\"yoast-schema-graph\">{\"@context\":\"https:\/\/schema.org\",\"@graph\":[{\"@type\":\"WebPage\",\"@id\":\"https:\/\/viggobendz.dk\/no\/butik\/utstyr\/gravekasser\/vb-100-120\/topp-enheter-2\/375-m-x-13-m\/\",\"url\":\"https:\/\/viggobendz.dk\/no\/butik\/utstyr\/gravekasser\/vb-100-120\/topp-enheter-2\/375-m-x-13-m\/\",\"name\":\"3,75 m x 1,3 m - Viggo Bendz\",\"isPartOf\":{\"@id\":\"https:\/\/viggobendz.dk\/no\/#website\"},\"primaryImageOfPage\":{\"@id\":\"https:\/\/viggobendz.dk\/no\/butik\/utstyr\/gravekasser\/vb-100-120\/topp-enheter-2\/375-m-x-13-m\/#primaryimage\"},\"image\":{\"@id\":\"https:\/\/viggobendz.dk\/no\/butik\/utstyr\/gravekasser\/vb-100-120\/topp-enheter-2\/375-m-x-13-m\/#primaryimage\"},\"thumbnailUrl\":\"https:\/\/viggobendz.dk\/wp-content\/uploads\/2025\/03\/Top-unit-Photoroom.jpg\",\"datePublished\":\"2025-03-20T08:34:42+00:00\",\"breadcrumb\":{\"@id\":\"https:\/\/viggobendz.dk\/no\/butik\/utstyr\/gravekasser\/vb-100-120\/topp-enheter-2\/375-m-x-13-m\/#breadcrumb\"},\"inLanguage\":\"nb-NO\",\"potentialAction\":[{\"@type\":\"ReadAction\",\"target\":[\"https:\/\/viggobendz.dk\/no\/butik\/utstyr\/gravekasser\/vb-100-120\/topp-enheter-2\/375-m-x-13-m\/\"]}]},{\"@type\":\"ImageObject\",\"inLanguage\":\"nb-NO\",\"@id\":\"https:\/\/viggobendz.dk\/no\/butik\/utstyr\/gravekasser\/vb-100-120\/topp-enheter-2\/375-m-x-13-m\/#primaryimage\",\"url\":\"https:\/\/viggobendz.dk\/wp-content\/uploads\/2025\/03\/Top-unit-Photoroom.jpg\",\"contentUrl\":\"https:\/\/viggobendz.dk\/wp-content\/uploads\/2025\/03\/Top-unit-Photoroom.jpg\",\"width\":600,\"height\":450},{\"@type\":\"BreadcrumbList\",\"@id\":\"https:\/\/viggobendz.dk\/no\/butik\/utstyr\/gravekasser\/vb-100-120\/topp-enheter-2\/375-m-x-13-m\/#breadcrumb\",\"itemListElement\":[{\"@type\":\"ListItem\",\"position\":1,\"name\":\"Hjem\",\"item\":\"https:\/\/viggobendz.dk\/no\/startside\/\"},{\"@type\":\"ListItem\",\"position\":2,\"name\":\"Shop\",\"item\":\"https:\/\/viggobendz.dk\/butik\/\"},{\"@type\":\"ListItem\",\"position\":3,\"name\":\"Utstyr\",\"item\":\"https:\/\/viggobendz.dk\/no\/vare-kategori\/utstyr\/\"},{\"@type\":\"ListItem\",\"position\":4,\"name\":\"Gravekasser\",\"item\":\"https:\/\/viggobendz.dk\/no\/vare-kategori\/utstyr\/gravekasser\/\"},{\"@type\":\"ListItem\",\"position\":5,\"name\":\"VB 100-120\",\"item\":\"https:\/\/viggobendz.dk\/no\/vare-kategori\/utstyr\/gravekasser\/vb-100-120\/\"},{\"@type\":\"ListItem\",\"position\":6,\"name\":\"Topp enheter\",\"item\":\"https:\/\/viggobendz.dk\/no\/vare-kategori\/utstyr\/gravekasser\/vb-100-120\/topp-enheter-2\/\"},{\"@type\":\"ListItem\",\"position\":7,\"name\":\"3,75 m x 1,3 m\"}]},{\"@type\":\"WebSite\",\"@id\":\"https:\/\/viggobendz.dk\/no\/#website\",\"url\":\"https:\/\/viggobendz.dk\/no\/\",\"name\":\"Viggo Bendz\",\"description\":\"Det ansvarlige valg\",\"publisher\":{\"@id\":\"https:\/\/viggobendz.dk\/no\/#organization\"},\"potentialAction\":[{\"@type\":\"SearchAction\",\"target\":{\"@type\":\"EntryPoint\",\"urlTemplate\":\"https:\/\/viggobendz.dk\/no\/?s={search_term_string}\"},\"query-input\":{\"@type\":\"PropertyValueSpecification\",\"valueRequired\":true,\"valueName\":\"search_term_string\"}}],\"inLanguage\":\"nb-NO\"},{\"@type\":\"Organization\",\"@id\":\"https:\/\/viggobendz.dk\/no\/#organization\",\"name\":\"Viggo Bendz A\/S\",\"url\":\"https:\/\/viggobendz.dk\/no\/\",\"logo\":{\"@type\":\"ImageObject\",\"inLanguage\":\"nb-NO\",\"@id\":\"https:\/\/viggobendz.dk\/no\/#\/schema\/logo\/image\/\",\"url\":\"https:\/\/viggobendz.dk\/wp-content\/uploads\/2020\/03\/VB-Logo.png\",\"contentUrl\":\"https:\/\/viggobendz.dk\/wp-content\/uploads\/2020\/03\/VB-Logo.png\",\"width\":735,\"height\":776,\"caption\":\"Viggo Bendz A\/S\"},\"image\":{\"@id\":\"https:\/\/viggobendz.dk\/no\/#\/schema\/logo\/image\/\"}}]}<\/script>","yoast_head_json":{"title":"3,75 m x 1,3 m - Viggo Bendz","robots":{"index":"index","follow":"follow","max-snippet":"max-snippet:-1","max-image-preview":"max-image-preview:large","max-video-preview":"max-video-preview:-1"},"canonical":"https:\/\/viggobendz.dk\/no\/butik\/utstyr\/gravekasser\/vb-100-120\/topp-enheter-2\/375-m-x-13-m\/","og_locale":"nb_NO","og_type":"article","og_title":"3,75 m x 1,3 m - Viggo Bendz","og_description":"Gravekasser VB100-148","og_url":"https:\/\/viggobendz.dk\/no\/butik\/utstyr\/gravekasser\/vb-100-120\/topp-enheter-2\/375-m-x-13-m\/","og_site_name":"Viggo Bendz","og_image":[{"width":600,"height":450,"url":"https:\/\/viggobendz.dk\/wp-content\/uploads\/2025\/03\/Top-unit-Photoroom.jpg","type":"image\/jpeg"}],"twitter_card":"summary_large_image","twitter_misc":{"Ansl. lesetid":"1 minutt"},"schema":{"@context":"https:\/\/schema.org","@graph":[{"@type":"WebPage","@id":"https:\/\/viggobendz.dk\/no\/butik\/utstyr\/gravekasser\/vb-100-120\/topp-enheter-2\/375-m-x-13-m\/","url":"https:\/\/viggobendz.dk\/no\/butik\/utstyr\/gravekasser\/vb-100-120\/topp-enheter-2\/375-m-x-13-m\/","name":"3,75 m x 1,3 m - Viggo Bendz","isPartOf":{"@id":"https:\/\/viggobendz.dk\/no\/#website"},"primaryImageOfPage":{"@id":"https:\/\/viggobendz.dk\/no\/butik\/utstyr\/gravekasser\/vb-100-120\/topp-enheter-2\/375-m-x-13-m\/#primaryimage"},"image":{"@id":"https:\/\/viggobendz.dk\/no\/butik\/utstyr\/gravekasser\/vb-100-120\/topp-enheter-2\/375-m-x-13-m\/#primaryimage"},"thumbnailUrl":"https:\/\/viggobendz.dk\/wp-content\/uploads\/2025\/03\/Top-unit-Photoroom.jpg","datePublished":"2025-03-20T08:34:42+00:00","breadcrumb":{"@id":"https:\/\/viggobendz.dk\/no\/butik\/utstyr\/gravekasser\/vb-100-120\/topp-enheter-2\/375-m-x-13-m\/#breadcrumb"},"inLanguage":"nb-NO","potentialAction":[{"@type":"ReadAction","target":["https:\/\/viggobendz.dk\/no\/butik\/utstyr\/gravekasser\/vb-100-120\/topp-enheter-2\/375-m-x-13-m\/"]}]},{"@type":"ImageObject","inLanguage":"nb-NO","@id":"https:\/\/viggobendz.dk\/no\/butik\/utstyr\/gravekasser\/vb-100-120\/topp-enheter-2\/375-m-x-13-m\/#primaryimage","url":"https:\/\/viggobendz.dk\/wp-content\/uploads\/2025\/03\/Top-unit-Photoroom.jpg","contentUrl":"https:\/\/viggobendz.dk\/wp-content\/uploads\/2025\/03\/Top-unit-Photoroom.jpg","width":600,"height":450},{"@type":"BreadcrumbList","@id":"https:\/\/viggobendz.dk\/no\/butik\/utstyr\/gravekasser\/vb-100-120\/topp-enheter-2\/375-m-x-13-m\/#breadcrumb","itemListElement":[{"@type":"ListItem","position":1,"name":"Hjem","item":"https:\/\/viggobendz.dk\/no\/startside\/"},{"@type":"ListItem","position":2,"name":"Shop","item":"https:\/\/viggobendz.dk\/butik\/"},{"@type":"ListItem","position":3,"name":"Utstyr","item":"https:\/\/viggobendz.dk\/no\/vare-kategori\/utstyr\/"},{"@type":"ListItem","position":4,"name":"Gravekasser","item":"https:\/\/viggobendz.dk\/no\/vare-kategori\/utstyr\/gravekasser\/"},{"@type":"ListItem","position":5,"name":"VB 100-120","item":"https:\/\/viggobendz.dk\/no\/vare-kategori\/utstyr\/gravekasser\/vb-100-120\/"},{"@type":"ListItem","position":6,"name":"Topp enheter","item":"https:\/\/viggobendz.dk\/no\/vare-kategori\/utstyr\/gravekasser\/vb-100-120\/topp-enheter-2\/"},{"@type":"ListItem","position":7,"name":"3,75 m x 1,3 m"}]},{"@type":"WebSite","@id":"https:\/\/viggobendz.dk\/no\/#website","url":"https:\/\/viggobendz.dk\/no\/","name":"Viggo Bendz","description":"Det ansvarlige valg","publisher":{"@id":"https:\/\/viggobendz.dk\/no\/#organization"},"potentialAction":[{"@type":"SearchAction","target":{"@type":"EntryPoint","urlTemplate":"https:\/\/viggobendz.dk\/no\/?s={search_term_string}"},"query-input":{"@type":"PropertyValueSpecification","valueRequired":true,"valueName":"search_term_string"}}],"inLanguage":"nb-NO"},{"@type":"Organization","@id":"https:\/\/viggobendz.dk\/no\/#organization","name":"Viggo Bendz A\/S","url":"https:\/\/viggobendz.dk\/no\/","logo":{"@type":"ImageObject","inLanguage":"nb-NO","@id":"https:\/\/viggobendz.dk\/no\/#\/schema\/logo\/image\/","url":"https:\/\/viggobendz.dk\/wp-content\/uploads\/2020\/03\/VB-Logo.png","contentUrl":"https:\/\/viggobendz.dk\/wp-content\/uploads\/2020\/03\/VB-Logo.png","width":735,"height":776,"caption":"Viggo Bendz A\/S"},"image":{"@id":"https:\/\/viggobendz.dk\/no\/#\/schema\/logo\/image\/"}}]}},"_links":{"self":[{"href":"https:\/\/viggobendz.dk\/no\/wp-json\/wp\/v2\/product\/24848","targetHints":{"allow":["GET"]}}],"collection":[{"href":"https:\/\/viggobendz.dk\/no\/wp-json\/wp\/v2\/product"}],"about":[{"href":"https:\/\/viggobendz.dk\/no\/wp-json\/wp\/v2\/types\/product"}],"wp:featuredmedia":[{"embeddable":true,"href":"https:\/\/viggobendz.dk\/no\/wp-json\/wp\/v2\/media\/21414"}],"wp:attachment":[{"href":"https:\/\/viggobendz.dk\/no\/wp-json\/wp\/v2\/media?parent=24848"}],"wp:term":[{"taxonomy":"product_brand","embeddable":true,"href":"https:\/\/viggobendz.dk\/no\/wp-json\/wp\/v2\/product_brand?post=24848"},{"taxonomy":"product_cat","embeddable":true,"href":"https:\/\/viggobendz.dk\/no\/wp-json\/wp\/v2\/product_cat?post=24848"},{"taxonomy":"product_tag","embeddable":true,"href":"https:\/\/viggobendz.dk\/no\/wp-json\/wp\/v2\/product_tag?post=24848"}],"curies":[{"name":"wp","href":"https:\/\/api.w.org\/{rel}","templated":true}]}}