{"id":25007,"date":"2025-03-20T09:33:33","date_gmt":"2025-03-20T08:33:33","guid":{"rendered":"https:\/\/viggobendz.dk\/butik\/ukategorisert\/d-35-m-x-15-m\/"},"modified":"2025-03-20T09:33:33","modified_gmt":"2025-03-20T08:33:33","slug":"d-35-m-x-15-m","status":"publish","type":"product","link":"https:\/\/viggobendz.dk\/no\/butik\/utstyr\/gravekasser\/minibox\/basisenhet\/d-35-m-x-15-m\/","title":{"rendered":"D 3,5 m x 1,5 m"},"content":{"rendered":"<p data-start=\"0\" data-end=\"60\"><strong data-start=\"0\" data-end=\"58\">LTW Minibox Baseunit &#8211; kompakt og effektiv l\u00f8sning for beskyttelse av utgravninger<\/strong><\/p>\n<p data-start=\"61\" data-end=\"200\">LTW Minibox Baseunit er en solid og fleksibel gravekasse som er utviklet for sikker utgraving i trange og begrensede arbeidsomr\u00e5der. Den lette, men likevel sterke konstruksjonen sikrer optimal stabilitet og beskyttelse mot marktrykk, samtidig som den er enkel \u00e5 h\u00e5ndtere og installere. Den er ideell for entrepren\u00f8rer som arbeider med forsyningsledninger, r\u00f8rinstallasjoner og andre mindre utgravninger.  <\/p>\n<ul>\n<li data-start=\"201\" data-end=\"260\"><strong data-start=\"201\" data-end=\"259\">Kompakt og allsidig<\/strong> &#8211; ideell for trange utgravninger og trange arbeidsomr\u00e5der.<\/li>\n<li data-start=\"261\" data-end=\"320\"><strong data-start=\"261\" data-end=\"319\">Sterk og lett konstruksjon<\/strong> &#8211; Robust design for optimal beskyttelse og enkel h\u00e5ndtering.<\/li>\n<li data-start=\"321\" data-end=\"380\"><strong data-start=\"321\" data-end=\"379\">Effektiv beskyttelse mot marktrykk<\/strong> &#8211; reduserer risikoen for kollaps og \u00f8ker sikkerheten p\u00e5 arbeidsplassen.<\/li>\n<\/ul>\n<p data-start=\"381\" data-end=\"440\">Med LTW Minibox Baseunit f\u00e5r du en p\u00e5litelig og plassbesparende l\u00f8sning som forbedrer sikkerheten og effektiviteten i graveprosjektene dine.<\/p>\n","protected":false},"excerpt":{"rendered":"<p>Gravekasser<\/p>\n","protected":false},"featured_media":21419,"template":"","meta":{"_acf_changed":false},"product_brand":[],"product_cat":[3472,2596,3260,2594],"product_tag":[],"class_list":{"0":"post-25007","1":"product","2":"type-product","3":"status-publish","4":"has-post-thumbnail","6":"product_cat-basisenhet","7":"product_cat-gravekasser","8":"product_cat-minibox","9":"product_cat-utstyr","10":"pa_type-2-minibox-baseenhetd","12":"first","13":"instock","14":"taxable","15":"shipping-taxable","16":"purchasable","17":"product-type-simple"},"acf":[],"yoast_head":"<title>D 3,5 m x 1,5 m - Viggo Bendz<\/title>\n<meta name=\"robots\" content=\"index, follow, max-snippet:-1, max-image-preview:large, max-video-preview:-1\" \/>\n<link rel=\"canonical\" href=\"https:\/\/viggobendz.dk\/no\/butik\/utstyr\/gravekasser\/minibox\/basisenhet\/d-35-m-x-15-m\/\" \/>\n<meta property=\"og:locale\" content=\"nb_NO\" \/>\n<meta property=\"og:type\" content=\"article\" \/>\n<meta property=\"og:title\" content=\"D 3,5 m x 1,5 m - Viggo Bendz\" \/>\n<meta property=\"og:description\" content=\"Gravekasser\" \/>\n<meta property=\"og:url\" content=\"https:\/\/viggobendz.dk\/no\/butik\/utstyr\/gravekasser\/minibox\/basisenhet\/d-35-m-x-15-m\/\" \/>\n<meta property=\"og:site_name\" content=\"Viggo Bendz\" \/>\n<meta property=\"og:image\" content=\"https:\/\/viggobendz.dk\/wp-content\/uploads\/2025\/03\/base-unit-Photoroom.jpg\" \/>\n\t<meta property=\"og:image:width\" content=\"600\" \/>\n\t<meta property=\"og:image:height\" content=\"450\" \/>\n\t<meta property=\"og:image:type\" content=\"image\/jpeg\" \/>\n<meta name=\"twitter:card\" content=\"summary_large_image\" \/>\n<meta name=\"twitter:label1\" content=\"Ansl. lesetid\" \/>\n\t<meta name=\"twitter:data1\" content=\"1 minutt\" \/>\n<script type=\"application\/ld+json\" class=\"yoast-schema-graph\">{\"@context\":\"https:\/\/schema.org\",\"@graph\":[{\"@type\":\"WebPage\",\"@id\":\"https:\/\/viggobendz.dk\/no\/butik\/utstyr\/gravekasser\/minibox\/basisenhet\/d-35-m-x-15-m\/\",\"url\":\"https:\/\/viggobendz.dk\/no\/butik\/utstyr\/gravekasser\/minibox\/basisenhet\/d-35-m-x-15-m\/\",\"name\":\"D 3,5 m x 1,5 m - Viggo Bendz\",\"isPartOf\":{\"@id\":\"https:\/\/viggobendz.dk\/no\/#website\"},\"primaryImageOfPage\":{\"@id\":\"https:\/\/viggobendz.dk\/no\/butik\/utstyr\/gravekasser\/minibox\/basisenhet\/d-35-m-x-15-m\/#primaryimage\"},\"image\":{\"@id\":\"https:\/\/viggobendz.dk\/no\/butik\/utstyr\/gravekasser\/minibox\/basisenhet\/d-35-m-x-15-m\/#primaryimage\"},\"thumbnailUrl\":\"https:\/\/viggobendz.dk\/wp-content\/uploads\/2025\/03\/base-unit-Photoroom.jpg\",\"datePublished\":\"2025-03-20T08:33:33+00:00\",\"breadcrumb\":{\"@id\":\"https:\/\/viggobendz.dk\/no\/butik\/utstyr\/gravekasser\/minibox\/basisenhet\/d-35-m-x-15-m\/#breadcrumb\"},\"inLanguage\":\"nb-NO\",\"potentialAction\":[{\"@type\":\"ReadAction\",\"target\":[\"https:\/\/viggobendz.dk\/no\/butik\/utstyr\/gravekasser\/minibox\/basisenhet\/d-35-m-x-15-m\/\"]}]},{\"@type\":\"ImageObject\",\"inLanguage\":\"nb-NO\",\"@id\":\"https:\/\/viggobendz.dk\/no\/butik\/utstyr\/gravekasser\/minibox\/basisenhet\/d-35-m-x-15-m\/#primaryimage\",\"url\":\"https:\/\/viggobendz.dk\/wp-content\/uploads\/2025\/03\/base-unit-Photoroom.jpg\",\"contentUrl\":\"https:\/\/viggobendz.dk\/wp-content\/uploads\/2025\/03\/base-unit-Photoroom.jpg\",\"width\":600,\"height\":450},{\"@type\":\"BreadcrumbList\",\"@id\":\"https:\/\/viggobendz.dk\/no\/butik\/utstyr\/gravekasser\/minibox\/basisenhet\/d-35-m-x-15-m\/#breadcrumb\",\"itemListElement\":[{\"@type\":\"ListItem\",\"position\":1,\"name\":\"Hjem\",\"item\":\"https:\/\/viggobendz.dk\/no\/startside\/\"},{\"@type\":\"ListItem\",\"position\":2,\"name\":\"Shop\",\"item\":\"https:\/\/viggobendz.dk\/butik\/\"},{\"@type\":\"ListItem\",\"position\":3,\"name\":\"Utstyr\",\"item\":\"https:\/\/viggobendz.dk\/no\/vare-kategori\/utstyr\/\"},{\"@type\":\"ListItem\",\"position\":4,\"name\":\"Gravekasser\",\"item\":\"https:\/\/viggobendz.dk\/no\/vare-kategori\/utstyr\/gravekasser\/\"},{\"@type\":\"ListItem\",\"position\":5,\"name\":\"Minibox\",\"item\":\"https:\/\/viggobendz.dk\/no\/vare-kategori\/utstyr\/gravekasser\/minibox\/\"},{\"@type\":\"ListItem\",\"position\":6,\"name\":\"Basisenhet\",\"item\":\"https:\/\/viggobendz.dk\/no\/vare-kategori\/utstyr\/gravekasser\/minibox\/basisenhet\/\"},{\"@type\":\"ListItem\",\"position\":7,\"name\":\"D 3,5 m x 1,5 m\"}]},{\"@type\":\"WebSite\",\"@id\":\"https:\/\/viggobendz.dk\/no\/#website\",\"url\":\"https:\/\/viggobendz.dk\/no\/\",\"name\":\"Viggo Bendz\",\"description\":\"Det ansvarlige valg\",\"publisher\":{\"@id\":\"https:\/\/viggobendz.dk\/no\/#organization\"},\"potentialAction\":[{\"@type\":\"SearchAction\",\"target\":{\"@type\":\"EntryPoint\",\"urlTemplate\":\"https:\/\/viggobendz.dk\/no\/?s={search_term_string}\"},\"query-input\":{\"@type\":\"PropertyValueSpecification\",\"valueRequired\":true,\"valueName\":\"search_term_string\"}}],\"inLanguage\":\"nb-NO\"},{\"@type\":\"Organization\",\"@id\":\"https:\/\/viggobendz.dk\/no\/#organization\",\"name\":\"Viggo Bendz A\/S\",\"url\":\"https:\/\/viggobendz.dk\/no\/\",\"logo\":{\"@type\":\"ImageObject\",\"inLanguage\":\"nb-NO\",\"@id\":\"https:\/\/viggobendz.dk\/no\/#\/schema\/logo\/image\/\",\"url\":\"https:\/\/viggobendz.dk\/wp-content\/uploads\/2020\/03\/VB-Logo.png\",\"contentUrl\":\"https:\/\/viggobendz.dk\/wp-content\/uploads\/2020\/03\/VB-Logo.png\",\"width\":735,\"height\":776,\"caption\":\"Viggo Bendz A\/S\"},\"image\":{\"@id\":\"https:\/\/viggobendz.dk\/no\/#\/schema\/logo\/image\/\"}}]}<\/script>","yoast_head_json":{"title":"D 3,5 m x 1,5 m - Viggo Bendz","robots":{"index":"index","follow":"follow","max-snippet":"max-snippet:-1","max-image-preview":"max-image-preview:large","max-video-preview":"max-video-preview:-1"},"canonical":"https:\/\/viggobendz.dk\/no\/butik\/utstyr\/gravekasser\/minibox\/basisenhet\/d-35-m-x-15-m\/","og_locale":"nb_NO","og_type":"article","og_title":"D 3,5 m x 1,5 m - Viggo Bendz","og_description":"Gravekasser","og_url":"https:\/\/viggobendz.dk\/no\/butik\/utstyr\/gravekasser\/minibox\/basisenhet\/d-35-m-x-15-m\/","og_site_name":"Viggo Bendz","og_image":[{"width":600,"height":450,"url":"https:\/\/viggobendz.dk\/wp-content\/uploads\/2025\/03\/base-unit-Photoroom.jpg","type":"image\/jpeg"}],"twitter_card":"summary_large_image","twitter_misc":{"Ansl. lesetid":"1 minutt"},"schema":{"@context":"https:\/\/schema.org","@graph":[{"@type":"WebPage","@id":"https:\/\/viggobendz.dk\/no\/butik\/utstyr\/gravekasser\/minibox\/basisenhet\/d-35-m-x-15-m\/","url":"https:\/\/viggobendz.dk\/no\/butik\/utstyr\/gravekasser\/minibox\/basisenhet\/d-35-m-x-15-m\/","name":"D 3,5 m x 1,5 m - Viggo Bendz","isPartOf":{"@id":"https:\/\/viggobendz.dk\/no\/#website"},"primaryImageOfPage":{"@id":"https:\/\/viggobendz.dk\/no\/butik\/utstyr\/gravekasser\/minibox\/basisenhet\/d-35-m-x-15-m\/#primaryimage"},"image":{"@id":"https:\/\/viggobendz.dk\/no\/butik\/utstyr\/gravekasser\/minibox\/basisenhet\/d-35-m-x-15-m\/#primaryimage"},"thumbnailUrl":"https:\/\/viggobendz.dk\/wp-content\/uploads\/2025\/03\/base-unit-Photoroom.jpg","datePublished":"2025-03-20T08:33:33+00:00","breadcrumb":{"@id":"https:\/\/viggobendz.dk\/no\/butik\/utstyr\/gravekasser\/minibox\/basisenhet\/d-35-m-x-15-m\/#breadcrumb"},"inLanguage":"nb-NO","potentialAction":[{"@type":"ReadAction","target":["https:\/\/viggobendz.dk\/no\/butik\/utstyr\/gravekasser\/minibox\/basisenhet\/d-35-m-x-15-m\/"]}]},{"@type":"ImageObject","inLanguage":"nb-NO","@id":"https:\/\/viggobendz.dk\/no\/butik\/utstyr\/gravekasser\/minibox\/basisenhet\/d-35-m-x-15-m\/#primaryimage","url":"https:\/\/viggobendz.dk\/wp-content\/uploads\/2025\/03\/base-unit-Photoroom.jpg","contentUrl":"https:\/\/viggobendz.dk\/wp-content\/uploads\/2025\/03\/base-unit-Photoroom.jpg","width":600,"height":450},{"@type":"BreadcrumbList","@id":"https:\/\/viggobendz.dk\/no\/butik\/utstyr\/gravekasser\/minibox\/basisenhet\/d-35-m-x-15-m\/#breadcrumb","itemListElement":[{"@type":"ListItem","position":1,"name":"Hjem","item":"https:\/\/viggobendz.dk\/no\/startside\/"},{"@type":"ListItem","position":2,"name":"Shop","item":"https:\/\/viggobendz.dk\/butik\/"},{"@type":"ListItem","position":3,"name":"Utstyr","item":"https:\/\/viggobendz.dk\/no\/vare-kategori\/utstyr\/"},{"@type":"ListItem","position":4,"name":"Gravekasser","item":"https:\/\/viggobendz.dk\/no\/vare-kategori\/utstyr\/gravekasser\/"},{"@type":"ListItem","position":5,"name":"Minibox","item":"https:\/\/viggobendz.dk\/no\/vare-kategori\/utstyr\/gravekasser\/minibox\/"},{"@type":"ListItem","position":6,"name":"Basisenhet","item":"https:\/\/viggobendz.dk\/no\/vare-kategori\/utstyr\/gravekasser\/minibox\/basisenhet\/"},{"@type":"ListItem","position":7,"name":"D 3,5 m x 1,5 m"}]},{"@type":"WebSite","@id":"https:\/\/viggobendz.dk\/no\/#website","url":"https:\/\/viggobendz.dk\/no\/","name":"Viggo Bendz","description":"Det ansvarlige valg","publisher":{"@id":"https:\/\/viggobendz.dk\/no\/#organization"},"potentialAction":[{"@type":"SearchAction","target":{"@type":"EntryPoint","urlTemplate":"https:\/\/viggobendz.dk\/no\/?s={search_term_string}"},"query-input":{"@type":"PropertyValueSpecification","valueRequired":true,"valueName":"search_term_string"}}],"inLanguage":"nb-NO"},{"@type":"Organization","@id":"https:\/\/viggobendz.dk\/no\/#organization","name":"Viggo Bendz A\/S","url":"https:\/\/viggobendz.dk\/no\/","logo":{"@type":"ImageObject","inLanguage":"nb-NO","@id":"https:\/\/viggobendz.dk\/no\/#\/schema\/logo\/image\/","url":"https:\/\/viggobendz.dk\/wp-content\/uploads\/2020\/03\/VB-Logo.png","contentUrl":"https:\/\/viggobendz.dk\/wp-content\/uploads\/2020\/03\/VB-Logo.png","width":735,"height":776,"caption":"Viggo Bendz A\/S"},"image":{"@id":"https:\/\/viggobendz.dk\/no\/#\/schema\/logo\/image\/"}}]}},"_links":{"self":[{"href":"https:\/\/viggobendz.dk\/no\/wp-json\/wp\/v2\/product\/25007","targetHints":{"allow":["GET"]}}],"collection":[{"href":"https:\/\/viggobendz.dk\/no\/wp-json\/wp\/v2\/product"}],"about":[{"href":"https:\/\/viggobendz.dk\/no\/wp-json\/wp\/v2\/types\/product"}],"wp:featuredmedia":[{"embeddable":true,"href":"https:\/\/viggobendz.dk\/no\/wp-json\/wp\/v2\/media\/21419"}],"wp:attachment":[{"href":"https:\/\/viggobendz.dk\/no\/wp-json\/wp\/v2\/media?parent=25007"}],"wp:term":[{"taxonomy":"product_brand","embeddable":true,"href":"https:\/\/viggobendz.dk\/no\/wp-json\/wp\/v2\/product_brand?post=25007"},{"taxonomy":"product_cat","embeddable":true,"href":"https:\/\/viggobendz.dk\/no\/wp-json\/wp\/v2\/product_cat?post=25007"},{"taxonomy":"product_tag","embeddable":true,"href":"https:\/\/viggobendz.dk\/no\/wp-json\/wp\/v2\/product_tag?post=25007"}],"curies":[{"name":"wp","href":"https:\/\/api.w.org\/{rel}","templated":true}]}}