{"id":25133,"date":"2025-03-20T09:33:59","date_gmt":"2025-03-20T08:33:59","guid":{"rendered":"https:\/\/viggobendz.dk\/butik\/ukategorisert\/b-25-m-x-05-m\/"},"modified":"2025-03-20T09:33:59","modified_gmt":"2025-03-20T08:33:59","slug":"b-25-m-x-05-m","status":"publish","type":"product","link":"https:\/\/viggobendz.dk\/no\/butik\/utstyr\/gravekasser\/minibox\/oeverste-enhet\/b-25-m-x-05-m\/","title":{"rendered":"B 2,5 m x 0,5 m"},"content":{"rendered":"<p data-start=\"0\" data-end=\"60\"><strong data-start=\"0\" data-end=\"58\">LTW Minibox Top Unit &#8211; Fleksibel forlengelse for sikker utgraving<\/strong><\/p>\n<p data-start=\"61\" data-end=\"200\">LTW Minibox Top Unit er en effektiv utvidelse av Minibox Base Unit, som gir ekstra dybde og fleksibilitet ved sikring av utgravninger. Den robuste, men lette konstruksjonen gj\u00f8r at enhetene kan stables, noe som gir en fleksibel og sikker l\u00f8sning for dypere utgravninger. Perfekt for entrepren\u00f8rer som arbeider med ledningsnett, r\u00f8rinstallasjoner og andre krevende oppgaver i trange arbeidsomr\u00e5der.  <\/p>\n<ul>\n<li data-start=\"201\" data-end=\"260\"><strong data-start=\"201\" data-end=\"259\">Forlenget dybde<\/strong> &#8211; \u00d8ker gravemaskinens kapasitet for dypere utgravninger.<\/li>\n<li data-start=\"261\" data-end=\"320\"><strong data-start=\"261\" data-end=\"319\">Lett, men sterk konstruksjon<\/strong> &#8211; enkel \u00e5 h\u00e5ndtere uten at det g\u00e5r p\u00e5 bekostning av stabiliteten.<\/li>\n<li data-start=\"321\" data-end=\"380\"><strong data-start=\"321\" data-end=\"379\">Sikker og fleksibel<\/strong> &#8211; Kompatibel med LTW Minibox Baseunit for optimal beskyttelse av utgravningen.<\/li>\n<\/ul>\n<p data-start=\"381\" data-end=\"440\">Med LTW Minibox Top Unit f\u00e5r du en p\u00e5litelig og modulbasert l\u00f8sning som \u00f8ker sikkerheten og effektiviteten i graveprosjektene dine.<\/p>\n","protected":false},"excerpt":{"rendered":"<p>Gravekasser<\/p>\n","protected":false},"featured_media":21414,"template":"","meta":{"_acf_changed":false},"product_brand":[],"product_cat":[2596,3260,3262,2594],"product_tag":[],"class_list":{"0":"post-25133","1":"product","2":"type-product","3":"status-publish","4":"has-post-thumbnail","6":"product_cat-gravekasser","7":"product_cat-minibox","8":"product_cat-oeverste-enhet","9":"product_cat-utstyr","10":"pa_type-2-miniboxtopunitb","12":"first","13":"instock","14":"taxable","15":"shipping-taxable","16":"purchasable","17":"product-type-simple"},"acf":[],"yoast_head":"<title>B 2,5 m x 0,5 m - Viggo Bendz<\/title>\n<meta name=\"robots\" content=\"index, follow, max-snippet:-1, max-image-preview:large, max-video-preview:-1\" \/>\n<link rel=\"canonical\" href=\"https:\/\/viggobendz.dk\/no\/butik\/utstyr\/gravekasser\/minibox\/oeverste-enhet\/b-25-m-x-05-m\/\" \/>\n<meta property=\"og:locale\" content=\"nb_NO\" \/>\n<meta property=\"og:type\" content=\"article\" \/>\n<meta property=\"og:title\" content=\"B 2,5 m x 0,5 m - Viggo Bendz\" \/>\n<meta property=\"og:description\" content=\"Gravekasser\" \/>\n<meta property=\"og:url\" content=\"https:\/\/viggobendz.dk\/no\/butik\/utstyr\/gravekasser\/minibox\/oeverste-enhet\/b-25-m-x-05-m\/\" \/>\n<meta property=\"og:site_name\" content=\"Viggo Bendz\" \/>\n<meta property=\"og:image\" content=\"https:\/\/viggobendz.dk\/wp-content\/uploads\/2025\/03\/Top-unit-Photoroom.jpg\" \/>\n\t<meta property=\"og:image:width\" content=\"600\" \/>\n\t<meta property=\"og:image:height\" content=\"450\" \/>\n\t<meta property=\"og:image:type\" content=\"image\/jpeg\" \/>\n<meta name=\"twitter:card\" content=\"summary_large_image\" \/>\n<meta name=\"twitter:label1\" content=\"Ansl. lesetid\" \/>\n\t<meta name=\"twitter:data1\" content=\"1 minutt\" \/>\n<script type=\"application\/ld+json\" class=\"yoast-schema-graph\">{\"@context\":\"https:\/\/schema.org\",\"@graph\":[{\"@type\":\"WebPage\",\"@id\":\"https:\/\/viggobendz.dk\/no\/butik\/utstyr\/gravekasser\/minibox\/oeverste-enhet\/b-25-m-x-05-m\/\",\"url\":\"https:\/\/viggobendz.dk\/no\/butik\/utstyr\/gravekasser\/minibox\/oeverste-enhet\/b-25-m-x-05-m\/\",\"name\":\"B 2,5 m x 0,5 m - Viggo Bendz\",\"isPartOf\":{\"@id\":\"https:\/\/viggobendz.dk\/no\/#website\"},\"primaryImageOfPage\":{\"@id\":\"https:\/\/viggobendz.dk\/no\/butik\/utstyr\/gravekasser\/minibox\/oeverste-enhet\/b-25-m-x-05-m\/#primaryimage\"},\"image\":{\"@id\":\"https:\/\/viggobendz.dk\/no\/butik\/utstyr\/gravekasser\/minibox\/oeverste-enhet\/b-25-m-x-05-m\/#primaryimage\"},\"thumbnailUrl\":\"https:\/\/viggobendz.dk\/wp-content\/uploads\/2025\/03\/Top-unit-Photoroom.jpg\",\"datePublished\":\"2025-03-20T08:33:59+00:00\",\"breadcrumb\":{\"@id\":\"https:\/\/viggobendz.dk\/no\/butik\/utstyr\/gravekasser\/minibox\/oeverste-enhet\/b-25-m-x-05-m\/#breadcrumb\"},\"inLanguage\":\"nb-NO\",\"potentialAction\":[{\"@type\":\"ReadAction\",\"target\":[\"https:\/\/viggobendz.dk\/no\/butik\/utstyr\/gravekasser\/minibox\/oeverste-enhet\/b-25-m-x-05-m\/\"]}]},{\"@type\":\"ImageObject\",\"inLanguage\":\"nb-NO\",\"@id\":\"https:\/\/viggobendz.dk\/no\/butik\/utstyr\/gravekasser\/minibox\/oeverste-enhet\/b-25-m-x-05-m\/#primaryimage\",\"url\":\"https:\/\/viggobendz.dk\/wp-content\/uploads\/2025\/03\/Top-unit-Photoroom.jpg\",\"contentUrl\":\"https:\/\/viggobendz.dk\/wp-content\/uploads\/2025\/03\/Top-unit-Photoroom.jpg\",\"width\":600,\"height\":450},{\"@type\":\"BreadcrumbList\",\"@id\":\"https:\/\/viggobendz.dk\/no\/butik\/utstyr\/gravekasser\/minibox\/oeverste-enhet\/b-25-m-x-05-m\/#breadcrumb\",\"itemListElement\":[{\"@type\":\"ListItem\",\"position\":1,\"name\":\"Hjem\",\"item\":\"https:\/\/viggobendz.dk\/no\/startside\/\"},{\"@type\":\"ListItem\",\"position\":2,\"name\":\"Shop\",\"item\":\"https:\/\/viggobendz.dk\/butik\/\"},{\"@type\":\"ListItem\",\"position\":3,\"name\":\"Utstyr\",\"item\":\"https:\/\/viggobendz.dk\/no\/vare-kategori\/utstyr\/\"},{\"@type\":\"ListItem\",\"position\":4,\"name\":\"Gravekasser\",\"item\":\"https:\/\/viggobendz.dk\/no\/vare-kategori\/utstyr\/gravekasser\/\"},{\"@type\":\"ListItem\",\"position\":5,\"name\":\"Minibox\",\"item\":\"https:\/\/viggobendz.dk\/no\/vare-kategori\/utstyr\/gravekasser\/minibox\/\"},{\"@type\":\"ListItem\",\"position\":6,\"name\":\"\u00d8verste enhet\",\"item\":\"https:\/\/viggobendz.dk\/no\/vare-kategori\/utstyr\/gravekasser\/minibox\/oeverste-enhet\/\"},{\"@type\":\"ListItem\",\"position\":7,\"name\":\"B 2,5 m x 0,5 m\"}]},{\"@type\":\"WebSite\",\"@id\":\"https:\/\/viggobendz.dk\/no\/#website\",\"url\":\"https:\/\/viggobendz.dk\/no\/\",\"name\":\"Viggo Bendz\",\"description\":\"Det ansvarlige valg\",\"publisher\":{\"@id\":\"https:\/\/viggobendz.dk\/no\/#organization\"},\"potentialAction\":[{\"@type\":\"SearchAction\",\"target\":{\"@type\":\"EntryPoint\",\"urlTemplate\":\"https:\/\/viggobendz.dk\/no\/?s={search_term_string}\"},\"query-input\":{\"@type\":\"PropertyValueSpecification\",\"valueRequired\":true,\"valueName\":\"search_term_string\"}}],\"inLanguage\":\"nb-NO\"},{\"@type\":\"Organization\",\"@id\":\"https:\/\/viggobendz.dk\/no\/#organization\",\"name\":\"Viggo Bendz A\/S\",\"url\":\"https:\/\/viggobendz.dk\/no\/\",\"logo\":{\"@type\":\"ImageObject\",\"inLanguage\":\"nb-NO\",\"@id\":\"https:\/\/viggobendz.dk\/no\/#\/schema\/logo\/image\/\",\"url\":\"https:\/\/viggobendz.dk\/wp-content\/uploads\/2020\/03\/VB-Logo.png\",\"contentUrl\":\"https:\/\/viggobendz.dk\/wp-content\/uploads\/2020\/03\/VB-Logo.png\",\"width\":735,\"height\":776,\"caption\":\"Viggo Bendz A\/S\"},\"image\":{\"@id\":\"https:\/\/viggobendz.dk\/no\/#\/schema\/logo\/image\/\"}}]}<\/script>","yoast_head_json":{"title":"B 2,5 m x 0,5 m - Viggo Bendz","robots":{"index":"index","follow":"follow","max-snippet":"max-snippet:-1","max-image-preview":"max-image-preview:large","max-video-preview":"max-video-preview:-1"},"canonical":"https:\/\/viggobendz.dk\/no\/butik\/utstyr\/gravekasser\/minibox\/oeverste-enhet\/b-25-m-x-05-m\/","og_locale":"nb_NO","og_type":"article","og_title":"B 2,5 m x 0,5 m - Viggo Bendz","og_description":"Gravekasser","og_url":"https:\/\/viggobendz.dk\/no\/butik\/utstyr\/gravekasser\/minibox\/oeverste-enhet\/b-25-m-x-05-m\/","og_site_name":"Viggo Bendz","og_image":[{"width":600,"height":450,"url":"https:\/\/viggobendz.dk\/wp-content\/uploads\/2025\/03\/Top-unit-Photoroom.jpg","type":"image\/jpeg"}],"twitter_card":"summary_large_image","twitter_misc":{"Ansl. lesetid":"1 minutt"},"schema":{"@context":"https:\/\/schema.org","@graph":[{"@type":"WebPage","@id":"https:\/\/viggobendz.dk\/no\/butik\/utstyr\/gravekasser\/minibox\/oeverste-enhet\/b-25-m-x-05-m\/","url":"https:\/\/viggobendz.dk\/no\/butik\/utstyr\/gravekasser\/minibox\/oeverste-enhet\/b-25-m-x-05-m\/","name":"B 2,5 m x 0,5 m - Viggo Bendz","isPartOf":{"@id":"https:\/\/viggobendz.dk\/no\/#website"},"primaryImageOfPage":{"@id":"https:\/\/viggobendz.dk\/no\/butik\/utstyr\/gravekasser\/minibox\/oeverste-enhet\/b-25-m-x-05-m\/#primaryimage"},"image":{"@id":"https:\/\/viggobendz.dk\/no\/butik\/utstyr\/gravekasser\/minibox\/oeverste-enhet\/b-25-m-x-05-m\/#primaryimage"},"thumbnailUrl":"https:\/\/viggobendz.dk\/wp-content\/uploads\/2025\/03\/Top-unit-Photoroom.jpg","datePublished":"2025-03-20T08:33:59+00:00","breadcrumb":{"@id":"https:\/\/viggobendz.dk\/no\/butik\/utstyr\/gravekasser\/minibox\/oeverste-enhet\/b-25-m-x-05-m\/#breadcrumb"},"inLanguage":"nb-NO","potentialAction":[{"@type":"ReadAction","target":["https:\/\/viggobendz.dk\/no\/butik\/utstyr\/gravekasser\/minibox\/oeverste-enhet\/b-25-m-x-05-m\/"]}]},{"@type":"ImageObject","inLanguage":"nb-NO","@id":"https:\/\/viggobendz.dk\/no\/butik\/utstyr\/gravekasser\/minibox\/oeverste-enhet\/b-25-m-x-05-m\/#primaryimage","url":"https:\/\/viggobendz.dk\/wp-content\/uploads\/2025\/03\/Top-unit-Photoroom.jpg","contentUrl":"https:\/\/viggobendz.dk\/wp-content\/uploads\/2025\/03\/Top-unit-Photoroom.jpg","width":600,"height":450},{"@type":"BreadcrumbList","@id":"https:\/\/viggobendz.dk\/no\/butik\/utstyr\/gravekasser\/minibox\/oeverste-enhet\/b-25-m-x-05-m\/#breadcrumb","itemListElement":[{"@type":"ListItem","position":1,"name":"Hjem","item":"https:\/\/viggobendz.dk\/no\/startside\/"},{"@type":"ListItem","position":2,"name":"Shop","item":"https:\/\/viggobendz.dk\/butik\/"},{"@type":"ListItem","position":3,"name":"Utstyr","item":"https:\/\/viggobendz.dk\/no\/vare-kategori\/utstyr\/"},{"@type":"ListItem","position":4,"name":"Gravekasser","item":"https:\/\/viggobendz.dk\/no\/vare-kategori\/utstyr\/gravekasser\/"},{"@type":"ListItem","position":5,"name":"Minibox","item":"https:\/\/viggobendz.dk\/no\/vare-kategori\/utstyr\/gravekasser\/minibox\/"},{"@type":"ListItem","position":6,"name":"\u00d8verste enhet","item":"https:\/\/viggobendz.dk\/no\/vare-kategori\/utstyr\/gravekasser\/minibox\/oeverste-enhet\/"},{"@type":"ListItem","position":7,"name":"B 2,5 m x 0,5 m"}]},{"@type":"WebSite","@id":"https:\/\/viggobendz.dk\/no\/#website","url":"https:\/\/viggobendz.dk\/no\/","name":"Viggo Bendz","description":"Det ansvarlige valg","publisher":{"@id":"https:\/\/viggobendz.dk\/no\/#organization"},"potentialAction":[{"@type":"SearchAction","target":{"@type":"EntryPoint","urlTemplate":"https:\/\/viggobendz.dk\/no\/?s={search_term_string}"},"query-input":{"@type":"PropertyValueSpecification","valueRequired":true,"valueName":"search_term_string"}}],"inLanguage":"nb-NO"},{"@type":"Organization","@id":"https:\/\/viggobendz.dk\/no\/#organization","name":"Viggo Bendz A\/S","url":"https:\/\/viggobendz.dk\/no\/","logo":{"@type":"ImageObject","inLanguage":"nb-NO","@id":"https:\/\/viggobendz.dk\/no\/#\/schema\/logo\/image\/","url":"https:\/\/viggobendz.dk\/wp-content\/uploads\/2020\/03\/VB-Logo.png","contentUrl":"https:\/\/viggobendz.dk\/wp-content\/uploads\/2020\/03\/VB-Logo.png","width":735,"height":776,"caption":"Viggo Bendz A\/S"},"image":{"@id":"https:\/\/viggobendz.dk\/no\/#\/schema\/logo\/image\/"}}]}},"_links":{"self":[{"href":"https:\/\/viggobendz.dk\/no\/wp-json\/wp\/v2\/product\/25133","targetHints":{"allow":["GET"]}}],"collection":[{"href":"https:\/\/viggobendz.dk\/no\/wp-json\/wp\/v2\/product"}],"about":[{"href":"https:\/\/viggobendz.dk\/no\/wp-json\/wp\/v2\/types\/product"}],"wp:featuredmedia":[{"embeddable":true,"href":"https:\/\/viggobendz.dk\/no\/wp-json\/wp\/v2\/media\/21414"}],"wp:attachment":[{"href":"https:\/\/viggobendz.dk\/no\/wp-json\/wp\/v2\/media?parent=25133"}],"wp:term":[{"taxonomy":"product_brand","embeddable":true,"href":"https:\/\/viggobendz.dk\/no\/wp-json\/wp\/v2\/product_brand?post=25133"},{"taxonomy":"product_cat","embeddable":true,"href":"https:\/\/viggobendz.dk\/no\/wp-json\/wp\/v2\/product_cat?post=25133"},{"taxonomy":"product_tag","embeddable":true,"href":"https:\/\/viggobendz.dk\/no\/wp-json\/wp\/v2\/product_tag?post=25133"}],"curies":[{"name":"wp","href":"https:\/\/api.w.org\/{rel}","templated":true}]}}