{"id":25312,"date":"2025-03-11T07:53:25","date_gmt":"2025-03-11T06:53:25","guid":{"rendered":"https:\/\/viggobendz.dk\/butik\/ukategorisert\/b-0-62-0-81\/"},"modified":"2025-03-11T07:53:25","modified_gmt":"2025-03-11T06:53:25","slug":"b-0-62-0-81","status":"publish","type":"product","link":"https:\/\/viggobendz.dk\/no\/butik\/utstyr\/gravekasser\/minibox\/avstandsstykker-3\/b-0-62-0-81\/","title":{"rendered":"B 0.62-0.81"},"content":{"rendered":"<p data-start=\"0\" data-end=\"60\"><strong data-start=\"0\" data-end=\"58\">Avstandsstykker (Struts) LTW Minibox &#8211; Stabil og sikker st\u00f8tte for gravekasser<\/strong><\/p>\n<p data-start=\"61\" data-end=\"200\">LTW Minibox-avstandsstykker (struts) er utviklet for \u00e5 sikre optimal stabilitet og sikkerhet ved bruk av gravekasser. Disse robuste avstandsstykkene forhindrer sidetrykk fra bakken og s\u00f8rger for riktig avstand mellom veggene i gravekassen, noe som forbedrer sikkerheten og effektiviteten under utgravingen. <\/p>\n<ul>\n<li data-start=\"201\" data-end=\"260\"><strong data-start=\"201\" data-end=\"259\">Sterk og stabil konstruksjon<\/strong> &#8211; Sikrer sikker og holdbar st\u00f8tte for gravekasser.<\/li>\n<li data-start=\"261\" data-end=\"320\"><strong data-start=\"261\" data-end=\"319\">Justerbare lengder<\/strong> &#8211; Fleksible tilpasningsmuligheter for ulike utgravningsbredder.<\/li>\n<li data-start=\"321\" data-end=\"380\"><strong data-start=\"321\" data-end=\"379\">Korrosjonsbestandig materiale<\/strong> &#8211; lang levetid og minimalt med vedlikehold i krevende milj\u00f8er.<\/li>\n<\/ul>\n<p data-start=\"381\" data-end=\"440\">Med LTW Minibox-avstandsstykker f\u00e5r du en p\u00e5litelig og fleksibel l\u00f8sning som optimaliserer sikkerheten og effektiviteten i gravearbeidet.<\/p>\n","protected":false},"excerpt":{"rendered":"<p>Avstandsstykker<\/p>\n","protected":false},"featured_media":12462,"template":"","meta":{"_acf_changed":false},"product_brand":[],"product_cat":[3960,2596,3260,2594],"product_tag":[],"class_list":{"0":"post-25312","1":"product","2":"type-product","3":"status-publish","4":"has-post-thumbnail","6":"product_cat-avstandsstykker-3","7":"product_cat-gravekasser","8":"product_cat-minibox","9":"product_cat-utstyr","10":"pa_type-2-minibox-stiver-b","12":"first","13":"instock","14":"taxable","15":"shipping-taxable","16":"purchasable","17":"product-type-simple"},"acf":[],"yoast_head":"<title>B 0.62-0.81 - Viggo Bendz<\/title>\n<meta name=\"robots\" content=\"index, follow, max-snippet:-1, max-image-preview:large, max-video-preview:-1\" \/>\n<link rel=\"canonical\" href=\"https:\/\/viggobendz.dk\/no\/butik\/utstyr\/gravekasser\/minibox\/avstandsstykker-3\/b-0-62-0-81\/\" \/>\n<meta property=\"og:locale\" content=\"nb_NO\" \/>\n<meta property=\"og:type\" content=\"article\" \/>\n<meta property=\"og:title\" content=\"B 0.62-0.81 - Viggo Bendz\" \/>\n<meta property=\"og:description\" content=\"Avstandsstykker\" \/>\n<meta property=\"og:url\" content=\"https:\/\/viggobendz.dk\/no\/butik\/utstyr\/gravekasser\/minibox\/avstandsstykker-3\/b-0-62-0-81\/\" \/>\n<meta property=\"og:site_name\" content=\"Viggo Bendz\" \/>\n<meta property=\"og:image\" content=\"https:\/\/viggobendz.dk\/wp-content\/uploads\/2025\/03\/Load-diagramm-standard-stut.jpg\" \/>\n\t<meta property=\"og:image:width\" content=\"937\" \/>\n\t<meta property=\"og:image:height\" content=\"608\" \/>\n\t<meta property=\"og:image:type\" content=\"image\/jpeg\" \/>\n<meta name=\"twitter:card\" content=\"summary_large_image\" \/>\n<meta name=\"twitter:label1\" content=\"Ansl. lesetid\" \/>\n\t<meta name=\"twitter:data1\" content=\"1 minutt\" \/>\n<script type=\"application\/ld+json\" class=\"yoast-schema-graph\">{\"@context\":\"https:\/\/schema.org\",\"@graph\":[{\"@type\":\"WebPage\",\"@id\":\"https:\/\/viggobendz.dk\/no\/butik\/utstyr\/gravekasser\/minibox\/avstandsstykker-3\/b-0-62-0-81\/\",\"url\":\"https:\/\/viggobendz.dk\/no\/butik\/utstyr\/gravekasser\/minibox\/avstandsstykker-3\/b-0-62-0-81\/\",\"name\":\"B 0.62-0.81 - Viggo Bendz\",\"isPartOf\":{\"@id\":\"https:\/\/viggobendz.dk\/no\/#website\"},\"primaryImageOfPage\":{\"@id\":\"https:\/\/viggobendz.dk\/no\/butik\/utstyr\/gravekasser\/minibox\/avstandsstykker-3\/b-0-62-0-81\/#primaryimage\"},\"image\":{\"@id\":\"https:\/\/viggobendz.dk\/no\/butik\/utstyr\/gravekasser\/minibox\/avstandsstykker-3\/b-0-62-0-81\/#primaryimage\"},\"thumbnailUrl\":\"https:\/\/viggobendz.dk\/wp-content\/uploads\/2025\/03\/Load-diagramm-standard-stut.jpg\",\"datePublished\":\"2025-03-11T06:53:25+00:00\",\"breadcrumb\":{\"@id\":\"https:\/\/viggobendz.dk\/no\/butik\/utstyr\/gravekasser\/minibox\/avstandsstykker-3\/b-0-62-0-81\/#breadcrumb\"},\"inLanguage\":\"nb-NO\",\"potentialAction\":[{\"@type\":\"ReadAction\",\"target\":[\"https:\/\/viggobendz.dk\/no\/butik\/utstyr\/gravekasser\/minibox\/avstandsstykker-3\/b-0-62-0-81\/\"]}]},{\"@type\":\"ImageObject\",\"inLanguage\":\"nb-NO\",\"@id\":\"https:\/\/viggobendz.dk\/no\/butik\/utstyr\/gravekasser\/minibox\/avstandsstykker-3\/b-0-62-0-81\/#primaryimage\",\"url\":\"https:\/\/viggobendz.dk\/wp-content\/uploads\/2025\/03\/Load-diagramm-standard-stut.jpg\",\"contentUrl\":\"https:\/\/viggobendz.dk\/wp-content\/uploads\/2025\/03\/Load-diagramm-standard-stut.jpg\",\"width\":937,\"height\":608},{\"@type\":\"BreadcrumbList\",\"@id\":\"https:\/\/viggobendz.dk\/no\/butik\/utstyr\/gravekasser\/minibox\/avstandsstykker-3\/b-0-62-0-81\/#breadcrumb\",\"itemListElement\":[{\"@type\":\"ListItem\",\"position\":1,\"name\":\"Hjem\",\"item\":\"https:\/\/viggobendz.dk\/no\/startside\/\"},{\"@type\":\"ListItem\",\"position\":2,\"name\":\"Shop\",\"item\":\"https:\/\/viggobendz.dk\/butik\/\"},{\"@type\":\"ListItem\",\"position\":3,\"name\":\"Utstyr\",\"item\":\"https:\/\/viggobendz.dk\/no\/vare-kategori\/utstyr\/\"},{\"@type\":\"ListItem\",\"position\":4,\"name\":\"Gravekasser\",\"item\":\"https:\/\/viggobendz.dk\/no\/vare-kategori\/utstyr\/gravekasser\/\"},{\"@type\":\"ListItem\",\"position\":5,\"name\":\"Minibox\",\"item\":\"https:\/\/viggobendz.dk\/no\/vare-kategori\/utstyr\/gravekasser\/minibox\/\"},{\"@type\":\"ListItem\",\"position\":6,\"name\":\"Avstandsstykker\",\"item\":\"https:\/\/viggobendz.dk\/no\/vare-kategori\/utstyr\/gravekasser\/minibox\/avstandsstykker-3\/\"},{\"@type\":\"ListItem\",\"position\":7,\"name\":\"B 0.62-0.81\"}]},{\"@type\":\"WebSite\",\"@id\":\"https:\/\/viggobendz.dk\/no\/#website\",\"url\":\"https:\/\/viggobendz.dk\/no\/\",\"name\":\"Viggo Bendz\",\"description\":\"Det ansvarlige valg\",\"publisher\":{\"@id\":\"https:\/\/viggobendz.dk\/no\/#organization\"},\"potentialAction\":[{\"@type\":\"SearchAction\",\"target\":{\"@type\":\"EntryPoint\",\"urlTemplate\":\"https:\/\/viggobendz.dk\/no\/?s={search_term_string}\"},\"query-input\":{\"@type\":\"PropertyValueSpecification\",\"valueRequired\":true,\"valueName\":\"search_term_string\"}}],\"inLanguage\":\"nb-NO\"},{\"@type\":\"Organization\",\"@id\":\"https:\/\/viggobendz.dk\/no\/#organization\",\"name\":\"Viggo Bendz A\/S\",\"url\":\"https:\/\/viggobendz.dk\/no\/\",\"logo\":{\"@type\":\"ImageObject\",\"inLanguage\":\"nb-NO\",\"@id\":\"https:\/\/viggobendz.dk\/no\/#\/schema\/logo\/image\/\",\"url\":\"https:\/\/viggobendz.dk\/wp-content\/uploads\/2020\/03\/VB-Logo.png\",\"contentUrl\":\"https:\/\/viggobendz.dk\/wp-content\/uploads\/2020\/03\/VB-Logo.png\",\"width\":735,\"height\":776,\"caption\":\"Viggo Bendz A\/S\"},\"image\":{\"@id\":\"https:\/\/viggobendz.dk\/no\/#\/schema\/logo\/image\/\"}}]}<\/script>","yoast_head_json":{"title":"B 0.62-0.81 - Viggo Bendz","robots":{"index":"index","follow":"follow","max-snippet":"max-snippet:-1","max-image-preview":"max-image-preview:large","max-video-preview":"max-video-preview:-1"},"canonical":"https:\/\/viggobendz.dk\/no\/butik\/utstyr\/gravekasser\/minibox\/avstandsstykker-3\/b-0-62-0-81\/","og_locale":"nb_NO","og_type":"article","og_title":"B 0.62-0.81 - Viggo Bendz","og_description":"Avstandsstykker","og_url":"https:\/\/viggobendz.dk\/no\/butik\/utstyr\/gravekasser\/minibox\/avstandsstykker-3\/b-0-62-0-81\/","og_site_name":"Viggo Bendz","og_image":[{"width":937,"height":608,"url":"https:\/\/viggobendz.dk\/wp-content\/uploads\/2025\/03\/Load-diagramm-standard-stut.jpg","type":"image\/jpeg"}],"twitter_card":"summary_large_image","twitter_misc":{"Ansl. lesetid":"1 minutt"},"schema":{"@context":"https:\/\/schema.org","@graph":[{"@type":"WebPage","@id":"https:\/\/viggobendz.dk\/no\/butik\/utstyr\/gravekasser\/minibox\/avstandsstykker-3\/b-0-62-0-81\/","url":"https:\/\/viggobendz.dk\/no\/butik\/utstyr\/gravekasser\/minibox\/avstandsstykker-3\/b-0-62-0-81\/","name":"B 0.62-0.81 - Viggo Bendz","isPartOf":{"@id":"https:\/\/viggobendz.dk\/no\/#website"},"primaryImageOfPage":{"@id":"https:\/\/viggobendz.dk\/no\/butik\/utstyr\/gravekasser\/minibox\/avstandsstykker-3\/b-0-62-0-81\/#primaryimage"},"image":{"@id":"https:\/\/viggobendz.dk\/no\/butik\/utstyr\/gravekasser\/minibox\/avstandsstykker-3\/b-0-62-0-81\/#primaryimage"},"thumbnailUrl":"https:\/\/viggobendz.dk\/wp-content\/uploads\/2025\/03\/Load-diagramm-standard-stut.jpg","datePublished":"2025-03-11T06:53:25+00:00","breadcrumb":{"@id":"https:\/\/viggobendz.dk\/no\/butik\/utstyr\/gravekasser\/minibox\/avstandsstykker-3\/b-0-62-0-81\/#breadcrumb"},"inLanguage":"nb-NO","potentialAction":[{"@type":"ReadAction","target":["https:\/\/viggobendz.dk\/no\/butik\/utstyr\/gravekasser\/minibox\/avstandsstykker-3\/b-0-62-0-81\/"]}]},{"@type":"ImageObject","inLanguage":"nb-NO","@id":"https:\/\/viggobendz.dk\/no\/butik\/utstyr\/gravekasser\/minibox\/avstandsstykker-3\/b-0-62-0-81\/#primaryimage","url":"https:\/\/viggobendz.dk\/wp-content\/uploads\/2025\/03\/Load-diagramm-standard-stut.jpg","contentUrl":"https:\/\/viggobendz.dk\/wp-content\/uploads\/2025\/03\/Load-diagramm-standard-stut.jpg","width":937,"height":608},{"@type":"BreadcrumbList","@id":"https:\/\/viggobendz.dk\/no\/butik\/utstyr\/gravekasser\/minibox\/avstandsstykker-3\/b-0-62-0-81\/#breadcrumb","itemListElement":[{"@type":"ListItem","position":1,"name":"Hjem","item":"https:\/\/viggobendz.dk\/no\/startside\/"},{"@type":"ListItem","position":2,"name":"Shop","item":"https:\/\/viggobendz.dk\/butik\/"},{"@type":"ListItem","position":3,"name":"Utstyr","item":"https:\/\/viggobendz.dk\/no\/vare-kategori\/utstyr\/"},{"@type":"ListItem","position":4,"name":"Gravekasser","item":"https:\/\/viggobendz.dk\/no\/vare-kategori\/utstyr\/gravekasser\/"},{"@type":"ListItem","position":5,"name":"Minibox","item":"https:\/\/viggobendz.dk\/no\/vare-kategori\/utstyr\/gravekasser\/minibox\/"},{"@type":"ListItem","position":6,"name":"Avstandsstykker","item":"https:\/\/viggobendz.dk\/no\/vare-kategori\/utstyr\/gravekasser\/minibox\/avstandsstykker-3\/"},{"@type":"ListItem","position":7,"name":"B 0.62-0.81"}]},{"@type":"WebSite","@id":"https:\/\/viggobendz.dk\/no\/#website","url":"https:\/\/viggobendz.dk\/no\/","name":"Viggo Bendz","description":"Det ansvarlige valg","publisher":{"@id":"https:\/\/viggobendz.dk\/no\/#organization"},"potentialAction":[{"@type":"SearchAction","target":{"@type":"EntryPoint","urlTemplate":"https:\/\/viggobendz.dk\/no\/?s={search_term_string}"},"query-input":{"@type":"PropertyValueSpecification","valueRequired":true,"valueName":"search_term_string"}}],"inLanguage":"nb-NO"},{"@type":"Organization","@id":"https:\/\/viggobendz.dk\/no\/#organization","name":"Viggo Bendz A\/S","url":"https:\/\/viggobendz.dk\/no\/","logo":{"@type":"ImageObject","inLanguage":"nb-NO","@id":"https:\/\/viggobendz.dk\/no\/#\/schema\/logo\/image\/","url":"https:\/\/viggobendz.dk\/wp-content\/uploads\/2020\/03\/VB-Logo.png","contentUrl":"https:\/\/viggobendz.dk\/wp-content\/uploads\/2020\/03\/VB-Logo.png","width":735,"height":776,"caption":"Viggo Bendz A\/S"},"image":{"@id":"https:\/\/viggobendz.dk\/no\/#\/schema\/logo\/image\/"}}]}},"_links":{"self":[{"href":"https:\/\/viggobendz.dk\/no\/wp-json\/wp\/v2\/product\/25312","targetHints":{"allow":["GET"]}}],"collection":[{"href":"https:\/\/viggobendz.dk\/no\/wp-json\/wp\/v2\/product"}],"about":[{"href":"https:\/\/viggobendz.dk\/no\/wp-json\/wp\/v2\/types\/product"}],"wp:featuredmedia":[{"embeddable":true,"href":"https:\/\/viggobendz.dk\/no\/wp-json\/wp\/v2\/media\/12462"}],"wp:attachment":[{"href":"https:\/\/viggobendz.dk\/no\/wp-json\/wp\/v2\/media?parent=25312"}],"wp:term":[{"taxonomy":"product_brand","embeddable":true,"href":"https:\/\/viggobendz.dk\/no\/wp-json\/wp\/v2\/product_brand?post=25312"},{"taxonomy":"product_cat","embeddable":true,"href":"https:\/\/viggobendz.dk\/no\/wp-json\/wp\/v2\/product_cat?post=25312"},{"taxonomy":"product_tag","embeddable":true,"href":"https:\/\/viggobendz.dk\/no\/wp-json\/wp\/v2\/product_tag?post=25312"}],"curies":[{"name":"wp","href":"https:\/\/api.w.org\/{rel}","templated":true}]}}