{"id":25373,"date":"2025-03-20T09:32:51","date_gmt":"2025-03-20T08:32:51","guid":{"rendered":"https:\/\/viggobendz.dk\/butik\/ukategorisert\/maskinstoerrelse-35-50-tonn\/"},"modified":"2025-03-20T09:32:51","modified_gmt":"2025-03-20T08:32:51","slug":"maskinstoerrelse-35-50-tonn","status":"publish","type":"product","link":"https:\/\/viggobendz.dk\/no\/butik\/riving\/ta-tak\/sorteringsgrep\/maskinstoerrelse-35-50-tonn\/","title":{"rendered":"Maskinst\u00f8rrelse: 35-50 tonn"},"content":{"rendered":"<h3 data-start=\"270\" data-end=\"329\">PMZ grab fra Trevi Benne &#8211; N\u00e5r presisjon m\u00f8ter r\u00e5 kraft<\/h3>\n<p data-start=\"331\" data-end=\"619\">N\u00e5r du st\u00e5r overfor krevende arbeid innen riving, gjenvinning eller avfallsh\u00e5ndtering, trenger du en gripeklo som ikke bare holder lenge &#8211; men som ogs\u00e5 gj\u00f8r arbeidet enklere og raskere. Trevi Benne PMZ-serien er utviklet for \u00e5 gj\u00f8re nettopp dette: kombinere kraft og presisjon i \u00e9n p\u00e5litelig l\u00f8sning. <\/p>\n<p data-start=\"621\" data-end=\"891\">Den kraftige hydrauliske rotasjonen gir deg full kontroll og gj\u00f8r det enkelt \u00e5 plassere og sortere materialer n\u00f8yaktig, uansett oppgave. Samtidig kan gripen leveres med \u00e5pne skall (rister\/ribber) for enklere gjennomstr\u00f8mning og effektiv sortering av mindre fraksjoner. <\/p>\n<ul data-start=\"893\" data-end=\"1246\">\n<li data-start=\"893\" data-end=\"968\">\n<p data-start=\"895\" data-end=\"968\"><strong data-start=\"895\" data-end=\"914\">Kraftig grep<\/strong> &#8211; H\u00e5ndterer betong, skrot og rusk uten \u00e5 slippe taket.<\/p>\n<\/li>\n<li data-start=\"969\" data-end=\"1047\">\n<p data-start=\"971\" data-end=\"1047\"><strong data-start=\"971\" data-end=\"994\">Robust og slitesterk<\/strong> &#8211; bygget for \u00e5 t\u00e5le selv de t\u00f8ffeste arbeidsdagene.<\/p>\n<\/li>\n<li data-start=\"1048\" data-end=\"1129\">\n<p data-start=\"1050\" data-end=\"1129\">N\u00f8yaktig <strong data-start=\"1050\" data-end=\"1082\">hydraulikk og rotasjon<\/strong> &#8211; sikrer jevn styring og n\u00f8yaktig posisjonering.<\/p>\n<\/li>\n<li data-start=\"1130\" data-end=\"1246\">\n<p data-start=\"1132\" data-end=\"1246\"><strong data-start=\"1132\" data-end=\"1163\">Fleksibel skallkonfigurasjon<\/strong> &#8211; Velg \u00e5pne skall hvis du vil ha bedre oversikt over materialet og raskere drenering.<\/p>\n<\/li>\n<\/ul>\n<p data-start=\"1248\" data-end=\"1380\">Med en PMZ-grip fra Trevi Benne f\u00e5r du en p\u00e5litelig partner som \u00f8ker effektiviteten og gir deg et forsprang p\u00e5 arbeidsplassen &#8211; hver dag.<\/p>\n","protected":false},"excerpt":{"rendered":"<p>Sortering av grav fra Trevi Benne<\/p>\n","protected":false},"featured_media":20296,"template":"","meta":{"_acf_changed":false},"product_brand":[],"product_cat":[2801,4004,3245],"product_tag":[],"class_list":{"0":"post-25373","1":"product","2":"type-product","3":"status-publish","4":"has-post-thumbnail","6":"product_cat-riving","7":"product_cat-sorteringsgrep","8":"product_cat-ta-tak","9":"pa_type-2-standard","11":"first","12":"instock","13":"taxable","14":"shipping-taxable","15":"product-type-simple"},"acf":[],"yoast_head":"<title>Maskinst\u00f8rrelse: 35-50 tonn - Viggo Bendz<\/title>\n<meta name=\"robots\" content=\"index, follow, max-snippet:-1, max-image-preview:large, max-video-preview:-1\" \/>\n<link rel=\"canonical\" href=\"https:\/\/viggobendz.dk\/no\/butik\/riving\/ta-tak\/sorteringsgrep\/maskinstoerrelse-35-50-tonn\/\" \/>\n<meta property=\"og:locale\" content=\"nb_NO\" \/>\n<meta property=\"og:type\" content=\"article\" \/>\n<meta property=\"og:title\" content=\"Maskinst\u00f8rrelse: 35-50 tonn - Viggo Bendz\" \/>\n<meta property=\"og:description\" content=\"Sortering av grav fra Trevi Benne\" \/>\n<meta property=\"og:url\" content=\"https:\/\/viggobendz.dk\/no\/butik\/riving\/ta-tak\/sorteringsgrep\/maskinstoerrelse-35-50-tonn\/\" \/>\n<meta property=\"og:site_name\" content=\"Viggo Bendz\" \/>\n<meta property=\"og:image\" content=\"https:\/\/viggobendz.dk\/wp-content\/uploads\/2025\/02\/PMZ_SERIES_1-1.jpg\" \/>\n\t<meta property=\"og:image:width\" content=\"650\" \/>\n\t<meta property=\"og:image:height\" content=\"492\" \/>\n\t<meta property=\"og:image:type\" content=\"image\/jpeg\" \/>\n<meta name=\"twitter:card\" content=\"summary_large_image\" \/>\n<meta name=\"twitter:label1\" content=\"Ansl. lesetid\" \/>\n\t<meta name=\"twitter:data1\" content=\"1 minutt\" \/>\n<script type=\"application\/ld+json\" class=\"yoast-schema-graph\">{\"@context\":\"https:\/\/schema.org\",\"@graph\":[{\"@type\":\"WebPage\",\"@id\":\"https:\/\/viggobendz.dk\/no\/butik\/riving\/ta-tak\/sorteringsgrep\/maskinstoerrelse-35-50-tonn\/\",\"url\":\"https:\/\/viggobendz.dk\/no\/butik\/riving\/ta-tak\/sorteringsgrep\/maskinstoerrelse-35-50-tonn\/\",\"name\":\"Maskinst\u00f8rrelse: 35-50 tonn - Viggo Bendz\",\"isPartOf\":{\"@id\":\"https:\/\/viggobendz.dk\/no\/#website\"},\"primaryImageOfPage\":{\"@id\":\"https:\/\/viggobendz.dk\/no\/butik\/riving\/ta-tak\/sorteringsgrep\/maskinstoerrelse-35-50-tonn\/#primaryimage\"},\"image\":{\"@id\":\"https:\/\/viggobendz.dk\/no\/butik\/riving\/ta-tak\/sorteringsgrep\/maskinstoerrelse-35-50-tonn\/#primaryimage\"},\"thumbnailUrl\":\"https:\/\/viggobendz.dk\/wp-content\/uploads\/2025\/02\/PMZ_SERIES_1-1.jpg\",\"datePublished\":\"2025-03-20T08:32:51+00:00\",\"breadcrumb\":{\"@id\":\"https:\/\/viggobendz.dk\/no\/butik\/riving\/ta-tak\/sorteringsgrep\/maskinstoerrelse-35-50-tonn\/#breadcrumb\"},\"inLanguage\":\"nb-NO\",\"potentialAction\":[{\"@type\":\"ReadAction\",\"target\":[\"https:\/\/viggobendz.dk\/no\/butik\/riving\/ta-tak\/sorteringsgrep\/maskinstoerrelse-35-50-tonn\/\"]}]},{\"@type\":\"ImageObject\",\"inLanguage\":\"nb-NO\",\"@id\":\"https:\/\/viggobendz.dk\/no\/butik\/riving\/ta-tak\/sorteringsgrep\/maskinstoerrelse-35-50-tonn\/#primaryimage\",\"url\":\"https:\/\/viggobendz.dk\/wp-content\/uploads\/2025\/02\/PMZ_SERIES_1-1.jpg\",\"contentUrl\":\"https:\/\/viggobendz.dk\/wp-content\/uploads\/2025\/02\/PMZ_SERIES_1-1.jpg\",\"width\":650,\"height\":492},{\"@type\":\"BreadcrumbList\",\"@id\":\"https:\/\/viggobendz.dk\/no\/butik\/riving\/ta-tak\/sorteringsgrep\/maskinstoerrelse-35-50-tonn\/#breadcrumb\",\"itemListElement\":[{\"@type\":\"ListItem\",\"position\":1,\"name\":\"Hjem\",\"item\":\"https:\/\/viggobendz.dk\/no\/startside\/\"},{\"@type\":\"ListItem\",\"position\":2,\"name\":\"Shop\",\"item\":\"https:\/\/viggobendz.dk\/butik\/\"},{\"@type\":\"ListItem\",\"position\":3,\"name\":\"Maskinst\u00f8rrelse: 35-50 tonn\"}]},{\"@type\":\"WebSite\",\"@id\":\"https:\/\/viggobendz.dk\/no\/#website\",\"url\":\"https:\/\/viggobendz.dk\/no\/\",\"name\":\"Viggo Bendz\",\"description\":\"Det ansvarlige valg\",\"publisher\":{\"@id\":\"https:\/\/viggobendz.dk\/no\/#organization\"},\"potentialAction\":[{\"@type\":\"SearchAction\",\"target\":{\"@type\":\"EntryPoint\",\"urlTemplate\":\"https:\/\/viggobendz.dk\/no\/?s={search_term_string}\"},\"query-input\":{\"@type\":\"PropertyValueSpecification\",\"valueRequired\":true,\"valueName\":\"search_term_string\"}}],\"inLanguage\":\"nb-NO\"},{\"@type\":\"Organization\",\"@id\":\"https:\/\/viggobendz.dk\/no\/#organization\",\"name\":\"Viggo Bendz A\/S\",\"url\":\"https:\/\/viggobendz.dk\/no\/\",\"logo\":{\"@type\":\"ImageObject\",\"inLanguage\":\"nb-NO\",\"@id\":\"https:\/\/viggobendz.dk\/no\/#\/schema\/logo\/image\/\",\"url\":\"https:\/\/viggobendz.dk\/wp-content\/uploads\/2020\/03\/VB-Logo.png\",\"contentUrl\":\"https:\/\/viggobendz.dk\/wp-content\/uploads\/2020\/03\/VB-Logo.png\",\"width\":735,\"height\":776,\"caption\":\"Viggo Bendz A\/S\"},\"image\":{\"@id\":\"https:\/\/viggobendz.dk\/no\/#\/schema\/logo\/image\/\"}}]}<\/script>","yoast_head_json":{"title":"Maskinst\u00f8rrelse: 35-50 tonn - Viggo Bendz","robots":{"index":"index","follow":"follow","max-snippet":"max-snippet:-1","max-image-preview":"max-image-preview:large","max-video-preview":"max-video-preview:-1"},"canonical":"https:\/\/viggobendz.dk\/no\/butik\/riving\/ta-tak\/sorteringsgrep\/maskinstoerrelse-35-50-tonn\/","og_locale":"nb_NO","og_type":"article","og_title":"Maskinst\u00f8rrelse: 35-50 tonn - Viggo Bendz","og_description":"Sortering av grav fra Trevi Benne","og_url":"https:\/\/viggobendz.dk\/no\/butik\/riving\/ta-tak\/sorteringsgrep\/maskinstoerrelse-35-50-tonn\/","og_site_name":"Viggo Bendz","og_image":[{"width":650,"height":492,"url":"https:\/\/viggobendz.dk\/wp-content\/uploads\/2025\/02\/PMZ_SERIES_1-1.jpg","type":"image\/jpeg"}],"twitter_card":"summary_large_image","twitter_misc":{"Ansl. lesetid":"1 minutt"},"schema":{"@context":"https:\/\/schema.org","@graph":[{"@type":"WebPage","@id":"https:\/\/viggobendz.dk\/no\/butik\/riving\/ta-tak\/sorteringsgrep\/maskinstoerrelse-35-50-tonn\/","url":"https:\/\/viggobendz.dk\/no\/butik\/riving\/ta-tak\/sorteringsgrep\/maskinstoerrelse-35-50-tonn\/","name":"Maskinst\u00f8rrelse: 35-50 tonn - Viggo Bendz","isPartOf":{"@id":"https:\/\/viggobendz.dk\/no\/#website"},"primaryImageOfPage":{"@id":"https:\/\/viggobendz.dk\/no\/butik\/riving\/ta-tak\/sorteringsgrep\/maskinstoerrelse-35-50-tonn\/#primaryimage"},"image":{"@id":"https:\/\/viggobendz.dk\/no\/butik\/riving\/ta-tak\/sorteringsgrep\/maskinstoerrelse-35-50-tonn\/#primaryimage"},"thumbnailUrl":"https:\/\/viggobendz.dk\/wp-content\/uploads\/2025\/02\/PMZ_SERIES_1-1.jpg","datePublished":"2025-03-20T08:32:51+00:00","breadcrumb":{"@id":"https:\/\/viggobendz.dk\/no\/butik\/riving\/ta-tak\/sorteringsgrep\/maskinstoerrelse-35-50-tonn\/#breadcrumb"},"inLanguage":"nb-NO","potentialAction":[{"@type":"ReadAction","target":["https:\/\/viggobendz.dk\/no\/butik\/riving\/ta-tak\/sorteringsgrep\/maskinstoerrelse-35-50-tonn\/"]}]},{"@type":"ImageObject","inLanguage":"nb-NO","@id":"https:\/\/viggobendz.dk\/no\/butik\/riving\/ta-tak\/sorteringsgrep\/maskinstoerrelse-35-50-tonn\/#primaryimage","url":"https:\/\/viggobendz.dk\/wp-content\/uploads\/2025\/02\/PMZ_SERIES_1-1.jpg","contentUrl":"https:\/\/viggobendz.dk\/wp-content\/uploads\/2025\/02\/PMZ_SERIES_1-1.jpg","width":650,"height":492},{"@type":"BreadcrumbList","@id":"https:\/\/viggobendz.dk\/no\/butik\/riving\/ta-tak\/sorteringsgrep\/maskinstoerrelse-35-50-tonn\/#breadcrumb","itemListElement":[{"@type":"ListItem","position":1,"name":"Hjem","item":"https:\/\/viggobendz.dk\/no\/startside\/"},{"@type":"ListItem","position":2,"name":"Shop","item":"https:\/\/viggobendz.dk\/butik\/"},{"@type":"ListItem","position":3,"name":"Maskinst\u00f8rrelse: 35-50 tonn"}]},{"@type":"WebSite","@id":"https:\/\/viggobendz.dk\/no\/#website","url":"https:\/\/viggobendz.dk\/no\/","name":"Viggo Bendz","description":"Det ansvarlige valg","publisher":{"@id":"https:\/\/viggobendz.dk\/no\/#organization"},"potentialAction":[{"@type":"SearchAction","target":{"@type":"EntryPoint","urlTemplate":"https:\/\/viggobendz.dk\/no\/?s={search_term_string}"},"query-input":{"@type":"PropertyValueSpecification","valueRequired":true,"valueName":"search_term_string"}}],"inLanguage":"nb-NO"},{"@type":"Organization","@id":"https:\/\/viggobendz.dk\/no\/#organization","name":"Viggo Bendz A\/S","url":"https:\/\/viggobendz.dk\/no\/","logo":{"@type":"ImageObject","inLanguage":"nb-NO","@id":"https:\/\/viggobendz.dk\/no\/#\/schema\/logo\/image\/","url":"https:\/\/viggobendz.dk\/wp-content\/uploads\/2020\/03\/VB-Logo.png","contentUrl":"https:\/\/viggobendz.dk\/wp-content\/uploads\/2020\/03\/VB-Logo.png","width":735,"height":776,"caption":"Viggo Bendz A\/S"},"image":{"@id":"https:\/\/viggobendz.dk\/no\/#\/schema\/logo\/image\/"}}]}},"_links":{"self":[{"href":"https:\/\/viggobendz.dk\/no\/wp-json\/wp\/v2\/product\/25373","targetHints":{"allow":["GET"]}}],"collection":[{"href":"https:\/\/viggobendz.dk\/no\/wp-json\/wp\/v2\/product"}],"about":[{"href":"https:\/\/viggobendz.dk\/no\/wp-json\/wp\/v2\/types\/product"}],"wp:featuredmedia":[{"embeddable":true,"href":"https:\/\/viggobendz.dk\/no\/wp-json\/wp\/v2\/media\/20296"}],"wp:attachment":[{"href":"https:\/\/viggobendz.dk\/no\/wp-json\/wp\/v2\/media?parent=25373"}],"wp:term":[{"taxonomy":"product_brand","embeddable":true,"href":"https:\/\/viggobendz.dk\/no\/wp-json\/wp\/v2\/product_brand?post=25373"},{"taxonomy":"product_cat","embeddable":true,"href":"https:\/\/viggobendz.dk\/no\/wp-json\/wp\/v2\/product_cat?post=25373"},{"taxonomy":"product_tag","embeddable":true,"href":"https:\/\/viggobendz.dk\/no\/wp-json\/wp\/v2\/product_tag?post=25373"}],"curies":[{"name":"wp","href":"https:\/\/api.w.org\/{rel}","templated":true}]}}