{"id":25394,"date":"2025-03-20T09:32:51","date_gmt":"2025-03-20T08:32:51","guid":{"rendered":"https:\/\/viggobendz.dk\/butik\/ukategorisert\/6-9-tonn-2\/"},"modified":"2025-03-20T09:32:51","modified_gmt":"2025-03-20T08:32:51","slug":"6-9-tonn-2","status":"publish","type":"product","link":"https:\/\/viggobendz.dk\/no\/butik\/riving\/ta-tak\/mekanisk-gripeklo\/6-9-tonn-2\/","title":{"rendered":"6-9 tonn"},"content":{"rendered":"<p data-start=\"0\" data-end=\"60\"><strong data-start=\"0\" data-end=\"58\">RG-serien fra Trevi Benne &#8211; Robust og presis sorteringsgrabb for krevende bruksomr\u00e5der<\/strong><\/p>\n<p data-start=\"61\" data-end=\"200\">Trevi Benne RG-serien er en kraftig og presis sorteringsgrabb som er ideell for riving, resirkulering og materialh\u00e5ndtering. Den robuste konstruksjonen og den avanserte hydraulikken sikrer et godt grep og effektiv h\u00e5ndtering av avfall, skrap og byggeavfall, selv under de mest krevende forhold. <\/p>\n<ul>\n<li data-start=\"201\" data-end=\"260\"><strong data-start=\"201\" data-end=\"259\">Sterkt og presist grep<\/strong> &#8211; sikrer optimal h\u00e5ndtering av ulike materialer.<\/li>\n<li data-start=\"261\" data-end=\"320\"><strong data-start=\"261\" data-end=\"319\">Slitesterk design<\/strong> &#8211; forsterket konstruksjon for intensiv bruk i t\u00f8ffe omgivelser.<\/li>\n<li data-start=\"321\" data-end=\"380\"><strong data-start=\"321\" data-end=\"379\">H\u00f8y fleksibilitet<\/strong> &#8211; Hydraulisk styring for presis og effektiv materialseparasjon.<\/li>\n<\/ul>\n<p data-start=\"381\" data-end=\"440\">Med en sorteringsgrabb fra Trevi Benne RG-serien f\u00e5r du en p\u00e5litelig og allsidig l\u00f8sning som optimaliserer arbeidsprosessene og \u00f8ker produktiviteten p\u00e5 byggeplassen.<\/p>\n","protected":false},"excerpt":{"rendered":"<p>Grab fra Trevibenne<\/p>\n","protected":false},"featured_media":11827,"template":"","meta":{"_acf_changed":false},"product_brand":[],"product_cat":[4142,2801,3245],"product_tag":[],"class_list":{"0":"post-25394","1":"product","2":"type-product","3":"status-publish","4":"has-post-thumbnail","6":"product_cat-mekanisk-gripeklo","7":"product_cat-riving","8":"product_cat-ta-tak","9":"pa_type-2-standard","11":"first","12":"instock","13":"taxable","14":"shipping-taxable","15":"product-type-simple"},"acf":[],"yoast_head":"<title>6-9 tonn - Viggo Bendz<\/title>\n<meta name=\"robots\" content=\"index, follow, max-snippet:-1, max-image-preview:large, max-video-preview:-1\" \/>\n<link rel=\"canonical\" href=\"https:\/\/viggobendz.dk\/no\/butik\/riving\/ta-tak\/mekanisk-gripeklo\/6-9-tonn-2\/\" \/>\n<meta property=\"og:locale\" content=\"nb_NO\" \/>\n<meta property=\"og:type\" content=\"article\" \/>\n<meta property=\"og:title\" content=\"6-9 tonn - Viggo Bendz\" \/>\n<meta property=\"og:description\" content=\"Grab fra Trevibenne\" \/>\n<meta property=\"og:url\" content=\"https:\/\/viggobendz.dk\/no\/butik\/riving\/ta-tak\/mekanisk-gripeklo\/6-9-tonn-2\/\" \/>\n<meta property=\"og:site_name\" content=\"Viggo Bendz\" \/>\n<meta property=\"og:image\" content=\"https:\/\/viggobendz.dk\/wp-content\/uploads\/2025\/02\/RG_SERIES-1.jpg\" \/>\n\t<meta property=\"og:image:width\" content=\"650\" \/>\n\t<meta property=\"og:image:height\" content=\"492\" \/>\n\t<meta property=\"og:image:type\" content=\"image\/jpeg\" \/>\n<meta name=\"twitter:card\" content=\"summary_large_image\" \/>\n<meta name=\"twitter:label1\" content=\"Ansl. lesetid\" \/>\n\t<meta name=\"twitter:data1\" content=\"1 minutt\" \/>\n<script type=\"application\/ld+json\" class=\"yoast-schema-graph\">{\"@context\":\"https:\/\/schema.org\",\"@graph\":[{\"@type\":\"WebPage\",\"@id\":\"https:\/\/viggobendz.dk\/no\/butik\/riving\/ta-tak\/mekanisk-gripeklo\/6-9-tonn-2\/\",\"url\":\"https:\/\/viggobendz.dk\/no\/butik\/riving\/ta-tak\/mekanisk-gripeklo\/6-9-tonn-2\/\",\"name\":\"6-9 tonn - Viggo Bendz\",\"isPartOf\":{\"@id\":\"https:\/\/viggobendz.dk\/no\/#website\"},\"primaryImageOfPage\":{\"@id\":\"https:\/\/viggobendz.dk\/no\/butik\/riving\/ta-tak\/mekanisk-gripeklo\/6-9-tonn-2\/#primaryimage\"},\"image\":{\"@id\":\"https:\/\/viggobendz.dk\/no\/butik\/riving\/ta-tak\/mekanisk-gripeklo\/6-9-tonn-2\/#primaryimage\"},\"thumbnailUrl\":\"https:\/\/viggobendz.dk\/wp-content\/uploads\/2025\/02\/RG_SERIES-1.jpg\",\"datePublished\":\"2025-03-20T08:32:51+00:00\",\"breadcrumb\":{\"@id\":\"https:\/\/viggobendz.dk\/no\/butik\/riving\/ta-tak\/mekanisk-gripeklo\/6-9-tonn-2\/#breadcrumb\"},\"inLanguage\":\"nb-NO\",\"potentialAction\":[{\"@type\":\"ReadAction\",\"target\":[\"https:\/\/viggobendz.dk\/no\/butik\/riving\/ta-tak\/mekanisk-gripeklo\/6-9-tonn-2\/\"]}]},{\"@type\":\"ImageObject\",\"inLanguage\":\"nb-NO\",\"@id\":\"https:\/\/viggobendz.dk\/no\/butik\/riving\/ta-tak\/mekanisk-gripeklo\/6-9-tonn-2\/#primaryimage\",\"url\":\"https:\/\/viggobendz.dk\/wp-content\/uploads\/2025\/02\/RG_SERIES-1.jpg\",\"contentUrl\":\"https:\/\/viggobendz.dk\/wp-content\/uploads\/2025\/02\/RG_SERIES-1.jpg\",\"width\":650,\"height\":492},{\"@type\":\"BreadcrumbList\",\"@id\":\"https:\/\/viggobendz.dk\/no\/butik\/riving\/ta-tak\/mekanisk-gripeklo\/6-9-tonn-2\/#breadcrumb\",\"itemListElement\":[{\"@type\":\"ListItem\",\"position\":1,\"name\":\"Hjem\",\"item\":\"https:\/\/viggobendz.dk\/no\/startside\/\"},{\"@type\":\"ListItem\",\"position\":2,\"name\":\"Shop\",\"item\":\"https:\/\/viggobendz.dk\/butik\/\"},{\"@type\":\"ListItem\",\"position\":3,\"name\":\"Riving\",\"item\":\"https:\/\/viggobendz.dk\/no\/vare-kategori\/riving\/\"},{\"@type\":\"ListItem\",\"position\":4,\"name\":\"Ta tak\",\"item\":\"https:\/\/viggobendz.dk\/no\/vare-kategori\/riving\/ta-tak\/\"},{\"@type\":\"ListItem\",\"position\":5,\"name\":\"Mekanisk gripeklo\",\"item\":\"https:\/\/viggobendz.dk\/no\/vare-kategori\/riving\/ta-tak\/mekanisk-gripeklo\/\"},{\"@type\":\"ListItem\",\"position\":6,\"name\":\"6-9 tonn\"}]},{\"@type\":\"WebSite\",\"@id\":\"https:\/\/viggobendz.dk\/no\/#website\",\"url\":\"https:\/\/viggobendz.dk\/no\/\",\"name\":\"Viggo Bendz\",\"description\":\"Det ansvarlige valg\",\"publisher\":{\"@id\":\"https:\/\/viggobendz.dk\/no\/#organization\"},\"potentialAction\":[{\"@type\":\"SearchAction\",\"target\":{\"@type\":\"EntryPoint\",\"urlTemplate\":\"https:\/\/viggobendz.dk\/no\/?s={search_term_string}\"},\"query-input\":{\"@type\":\"PropertyValueSpecification\",\"valueRequired\":true,\"valueName\":\"search_term_string\"}}],\"inLanguage\":\"nb-NO\"},{\"@type\":\"Organization\",\"@id\":\"https:\/\/viggobendz.dk\/no\/#organization\",\"name\":\"Viggo Bendz A\/S\",\"url\":\"https:\/\/viggobendz.dk\/no\/\",\"logo\":{\"@type\":\"ImageObject\",\"inLanguage\":\"nb-NO\",\"@id\":\"https:\/\/viggobendz.dk\/no\/#\/schema\/logo\/image\/\",\"url\":\"https:\/\/viggobendz.dk\/wp-content\/uploads\/2020\/03\/VB-Logo.png\",\"contentUrl\":\"https:\/\/viggobendz.dk\/wp-content\/uploads\/2020\/03\/VB-Logo.png\",\"width\":735,\"height\":776,\"caption\":\"Viggo Bendz A\/S\"},\"image\":{\"@id\":\"https:\/\/viggobendz.dk\/no\/#\/schema\/logo\/image\/\"}}]}<\/script>","yoast_head_json":{"title":"6-9 tonn - Viggo Bendz","robots":{"index":"index","follow":"follow","max-snippet":"max-snippet:-1","max-image-preview":"max-image-preview:large","max-video-preview":"max-video-preview:-1"},"canonical":"https:\/\/viggobendz.dk\/no\/butik\/riving\/ta-tak\/mekanisk-gripeklo\/6-9-tonn-2\/","og_locale":"nb_NO","og_type":"article","og_title":"6-9 tonn - Viggo Bendz","og_description":"Grab fra Trevibenne","og_url":"https:\/\/viggobendz.dk\/no\/butik\/riving\/ta-tak\/mekanisk-gripeklo\/6-9-tonn-2\/","og_site_name":"Viggo Bendz","og_image":[{"width":650,"height":492,"url":"https:\/\/viggobendz.dk\/wp-content\/uploads\/2025\/02\/RG_SERIES-1.jpg","type":"image\/jpeg"}],"twitter_card":"summary_large_image","twitter_misc":{"Ansl. lesetid":"1 minutt"},"schema":{"@context":"https:\/\/schema.org","@graph":[{"@type":"WebPage","@id":"https:\/\/viggobendz.dk\/no\/butik\/riving\/ta-tak\/mekanisk-gripeklo\/6-9-tonn-2\/","url":"https:\/\/viggobendz.dk\/no\/butik\/riving\/ta-tak\/mekanisk-gripeklo\/6-9-tonn-2\/","name":"6-9 tonn - Viggo Bendz","isPartOf":{"@id":"https:\/\/viggobendz.dk\/no\/#website"},"primaryImageOfPage":{"@id":"https:\/\/viggobendz.dk\/no\/butik\/riving\/ta-tak\/mekanisk-gripeklo\/6-9-tonn-2\/#primaryimage"},"image":{"@id":"https:\/\/viggobendz.dk\/no\/butik\/riving\/ta-tak\/mekanisk-gripeklo\/6-9-tonn-2\/#primaryimage"},"thumbnailUrl":"https:\/\/viggobendz.dk\/wp-content\/uploads\/2025\/02\/RG_SERIES-1.jpg","datePublished":"2025-03-20T08:32:51+00:00","breadcrumb":{"@id":"https:\/\/viggobendz.dk\/no\/butik\/riving\/ta-tak\/mekanisk-gripeklo\/6-9-tonn-2\/#breadcrumb"},"inLanguage":"nb-NO","potentialAction":[{"@type":"ReadAction","target":["https:\/\/viggobendz.dk\/no\/butik\/riving\/ta-tak\/mekanisk-gripeklo\/6-9-tonn-2\/"]}]},{"@type":"ImageObject","inLanguage":"nb-NO","@id":"https:\/\/viggobendz.dk\/no\/butik\/riving\/ta-tak\/mekanisk-gripeklo\/6-9-tonn-2\/#primaryimage","url":"https:\/\/viggobendz.dk\/wp-content\/uploads\/2025\/02\/RG_SERIES-1.jpg","contentUrl":"https:\/\/viggobendz.dk\/wp-content\/uploads\/2025\/02\/RG_SERIES-1.jpg","width":650,"height":492},{"@type":"BreadcrumbList","@id":"https:\/\/viggobendz.dk\/no\/butik\/riving\/ta-tak\/mekanisk-gripeklo\/6-9-tonn-2\/#breadcrumb","itemListElement":[{"@type":"ListItem","position":1,"name":"Hjem","item":"https:\/\/viggobendz.dk\/no\/startside\/"},{"@type":"ListItem","position":2,"name":"Shop","item":"https:\/\/viggobendz.dk\/butik\/"},{"@type":"ListItem","position":3,"name":"Riving","item":"https:\/\/viggobendz.dk\/no\/vare-kategori\/riving\/"},{"@type":"ListItem","position":4,"name":"Ta tak","item":"https:\/\/viggobendz.dk\/no\/vare-kategori\/riving\/ta-tak\/"},{"@type":"ListItem","position":5,"name":"Mekanisk gripeklo","item":"https:\/\/viggobendz.dk\/no\/vare-kategori\/riving\/ta-tak\/mekanisk-gripeklo\/"},{"@type":"ListItem","position":6,"name":"6-9 tonn"}]},{"@type":"WebSite","@id":"https:\/\/viggobendz.dk\/no\/#website","url":"https:\/\/viggobendz.dk\/no\/","name":"Viggo Bendz","description":"Det ansvarlige valg","publisher":{"@id":"https:\/\/viggobendz.dk\/no\/#organization"},"potentialAction":[{"@type":"SearchAction","target":{"@type":"EntryPoint","urlTemplate":"https:\/\/viggobendz.dk\/no\/?s={search_term_string}"},"query-input":{"@type":"PropertyValueSpecification","valueRequired":true,"valueName":"search_term_string"}}],"inLanguage":"nb-NO"},{"@type":"Organization","@id":"https:\/\/viggobendz.dk\/no\/#organization","name":"Viggo Bendz A\/S","url":"https:\/\/viggobendz.dk\/no\/","logo":{"@type":"ImageObject","inLanguage":"nb-NO","@id":"https:\/\/viggobendz.dk\/no\/#\/schema\/logo\/image\/","url":"https:\/\/viggobendz.dk\/wp-content\/uploads\/2020\/03\/VB-Logo.png","contentUrl":"https:\/\/viggobendz.dk\/wp-content\/uploads\/2020\/03\/VB-Logo.png","width":735,"height":776,"caption":"Viggo Bendz A\/S"},"image":{"@id":"https:\/\/viggobendz.dk\/no\/#\/schema\/logo\/image\/"}}]}},"_links":{"self":[{"href":"https:\/\/viggobendz.dk\/no\/wp-json\/wp\/v2\/product\/25394","targetHints":{"allow":["GET"]}}],"collection":[{"href":"https:\/\/viggobendz.dk\/no\/wp-json\/wp\/v2\/product"}],"about":[{"href":"https:\/\/viggobendz.dk\/no\/wp-json\/wp\/v2\/types\/product"}],"wp:featuredmedia":[{"embeddable":true,"href":"https:\/\/viggobendz.dk\/no\/wp-json\/wp\/v2\/media\/11827"}],"wp:attachment":[{"href":"https:\/\/viggobendz.dk\/no\/wp-json\/wp\/v2\/media?parent=25394"}],"wp:term":[{"taxonomy":"product_brand","embeddable":true,"href":"https:\/\/viggobendz.dk\/no\/wp-json\/wp\/v2\/product_brand?post=25394"},{"taxonomy":"product_cat","embeddable":true,"href":"https:\/\/viggobendz.dk\/no\/wp-json\/wp\/v2\/product_cat?post=25394"},{"taxonomy":"product_tag","embeddable":true,"href":"https:\/\/viggobendz.dk\/no\/wp-json\/wp\/v2\/product_tag?post=25394"}],"curies":[{"name":"wp","href":"https:\/\/api.w.org\/{rel}","templated":true}]}}