{"id":25452,"date":"2025-03-20T09:33:06","date_gmt":"2025-03-20T08:33:06","guid":{"rendered":"https:\/\/viggobendz.dk\/butik\/ukategorisert\/maskinstoerrelse-20-30-tonn\/"},"modified":"2025-03-20T09:33:06","modified_gmt":"2025-03-20T08:33:06","slug":"maskinstoerrelse-20-30-tonn","status":"publish","type":"product","link":"https:\/\/viggobendz.dk\/no\/butik\/riving\/ta-tak\/hydraulisk-gripeklo\/maskinstoerrelse-20-30-tonn\/","title":{"rendered":"Maskinst\u00f8rrelse: 20-30 tonn"},"content":{"rendered":"<h3 data-start=\"342\" data-end=\"412\">PM-serien fra Trevi Benne &#8211; Kraftig hydraulisk gripeklo med full kontroll<\/h3>\n<p data-start=\"414\" data-end=\"650\">N\u00e5r du arbeider med skrap, avfall eller resirkulerbare materialer, er det avgj\u00f8rende \u00e5 kunne stole p\u00e5 utstyret ditt. PM-serien fra Trevi Benne er en hydraulisk gripeklo som er laget for deg som krever b\u00e5de r\u00e5 styrke og presisjon i ett og samme verkt\u00f8y. <\/p>\n<p data-start=\"652\" data-end=\"895\">Den kraftige hydraulikken og den jevne rotasjonen gir deg maksimal kontroll enten du laster, sorterer eller flytter tunge materialer. De robuste kl\u00f8rne sikrer et godt grep, slik at du kan arbeide effektivt og sikkert, selv under krevende forhold. <\/p>\n<ul data-start=\"897\" data-end=\"1147\">\n<li data-start=\"897\" data-end=\"991\">\n<p data-start=\"899\" data-end=\"991\"><strong data-start=\"899\" data-end=\"923\">Ekstremt sterkt grep<\/strong> &#8211; holder materialet sikkert fast, selv i utfordrende situasjoner.<\/p>\n<\/li>\n<li data-start=\"992\" data-end=\"1061\">\n<p data-start=\"994\" data-end=\"1061\"><strong data-start=\"994\" data-end=\"1017\">Robust konstruksjon<\/strong> &#8211; bygget for intensiv bruk og lang levetid.<\/p>\n<\/li>\n<li data-start=\"1062\" data-end=\"1147\">\n<p data-start=\"1064\" data-end=\"1147\"><strong data-start=\"1064\" data-end=\"1105\">Presis hydraulisk styring og rotasjon<\/strong> &#8211; gir deg rask og smidig man\u00f8vrering.<\/p>\n<\/li>\n<\/ul>\n<p data-start=\"1149\" data-end=\"1342\">Med en hydraulisk gripeklo i PM-serien f\u00e5r du ikke bare et p\u00e5litelig verkt\u00f8y &#8211; du f\u00e5r en solid f\u00f8lgesvenn som \u00f8ker effektiviteten og hjelper deg med \u00e5 holde byggeplassen ryddet og arbeidet flytende.<\/p>\n","protected":false},"excerpt":{"rendered":"<p>Hydraulisk grabb fra Trevi Benne<\/p>\n","protected":false},"featured_media":19784,"template":"","meta":{"_acf_changed":false},"product_brand":[],"product_cat":[3246,2801,3245],"product_tag":[],"class_list":{"0":"post-25452","1":"product","2":"type-product","3":"status-publish","4":"has-post-thumbnail","6":"product_cat-hydraulisk-gripeklo","7":"product_cat-riving","8":"product_cat-ta-tak","9":"pa_type-2-standard","11":"first","12":"instock","13":"taxable","14":"shipping-taxable","15":"product-type-simple"},"acf":[],"yoast_head":"<title>Maskinst\u00f8rrelse: 20-30 tonn - Viggo Bendz<\/title>\n<meta name=\"robots\" content=\"index, follow, max-snippet:-1, max-image-preview:large, max-video-preview:-1\" \/>\n<link rel=\"canonical\" href=\"https:\/\/viggobendz.dk\/no\/butik\/riving\/ta-tak\/hydraulisk-gripeklo\/maskinstoerrelse-20-30-tonn\/\" \/>\n<meta property=\"og:locale\" content=\"nb_NO\" \/>\n<meta property=\"og:type\" content=\"article\" \/>\n<meta property=\"og:title\" content=\"Maskinst\u00f8rrelse: 20-30 tonn - Viggo Bendz\" \/>\n<meta property=\"og:description\" content=\"Hydraulisk grabb fra Trevi Benne\" \/>\n<meta property=\"og:url\" content=\"https:\/\/viggobendz.dk\/no\/butik\/riving\/ta-tak\/hydraulisk-gripeklo\/maskinstoerrelse-20-30-tonn\/\" \/>\n<meta property=\"og:site_name\" content=\"Viggo Bendz\" \/>\n<meta property=\"og:image\" content=\"https:\/\/viggobendz.dk\/wp-content\/uploads\/2025\/02\/PM_SERIES_1.jpg\" \/>\n\t<meta property=\"og:image:width\" content=\"650\" \/>\n\t<meta property=\"og:image:height\" content=\"492\" \/>\n\t<meta property=\"og:image:type\" content=\"image\/jpeg\" \/>\n<meta name=\"twitter:card\" content=\"summary_large_image\" \/>\n<meta name=\"twitter:label1\" content=\"Ansl. lesetid\" \/>\n\t<meta name=\"twitter:data1\" content=\"1 minutt\" \/>\n<script type=\"application\/ld+json\" class=\"yoast-schema-graph\">{\"@context\":\"https:\/\/schema.org\",\"@graph\":[{\"@type\":\"WebPage\",\"@id\":\"https:\/\/viggobendz.dk\/no\/butik\/riving\/ta-tak\/hydraulisk-gripeklo\/maskinstoerrelse-20-30-tonn\/\",\"url\":\"https:\/\/viggobendz.dk\/no\/butik\/riving\/ta-tak\/hydraulisk-gripeklo\/maskinstoerrelse-20-30-tonn\/\",\"name\":\"Maskinst\u00f8rrelse: 20-30 tonn - Viggo Bendz\",\"isPartOf\":{\"@id\":\"https:\/\/viggobendz.dk\/no\/#website\"},\"primaryImageOfPage\":{\"@id\":\"https:\/\/viggobendz.dk\/no\/butik\/riving\/ta-tak\/hydraulisk-gripeklo\/maskinstoerrelse-20-30-tonn\/#primaryimage\"},\"image\":{\"@id\":\"https:\/\/viggobendz.dk\/no\/butik\/riving\/ta-tak\/hydraulisk-gripeklo\/maskinstoerrelse-20-30-tonn\/#primaryimage\"},\"thumbnailUrl\":\"https:\/\/viggobendz.dk\/wp-content\/uploads\/2025\/02\/PM_SERIES_1.jpg\",\"datePublished\":\"2025-03-20T08:33:06+00:00\",\"breadcrumb\":{\"@id\":\"https:\/\/viggobendz.dk\/no\/butik\/riving\/ta-tak\/hydraulisk-gripeklo\/maskinstoerrelse-20-30-tonn\/#breadcrumb\"},\"inLanguage\":\"nb-NO\",\"potentialAction\":[{\"@type\":\"ReadAction\",\"target\":[\"https:\/\/viggobendz.dk\/no\/butik\/riving\/ta-tak\/hydraulisk-gripeklo\/maskinstoerrelse-20-30-tonn\/\"]}]},{\"@type\":\"ImageObject\",\"inLanguage\":\"nb-NO\",\"@id\":\"https:\/\/viggobendz.dk\/no\/butik\/riving\/ta-tak\/hydraulisk-gripeklo\/maskinstoerrelse-20-30-tonn\/#primaryimage\",\"url\":\"https:\/\/viggobendz.dk\/wp-content\/uploads\/2025\/02\/PM_SERIES_1.jpg\",\"contentUrl\":\"https:\/\/viggobendz.dk\/wp-content\/uploads\/2025\/02\/PM_SERIES_1.jpg\",\"width\":650,\"height\":492},{\"@type\":\"BreadcrumbList\",\"@id\":\"https:\/\/viggobendz.dk\/no\/butik\/riving\/ta-tak\/hydraulisk-gripeklo\/maskinstoerrelse-20-30-tonn\/#breadcrumb\",\"itemListElement\":[{\"@type\":\"ListItem\",\"position\":1,\"name\":\"Hjem\",\"item\":\"https:\/\/viggobendz.dk\/no\/startside\/\"},{\"@type\":\"ListItem\",\"position\":2,\"name\":\"Shop\",\"item\":\"https:\/\/viggobendz.dk\/butik\/\"},{\"@type\":\"ListItem\",\"position\":3,\"name\":\"Maskinst\u00f8rrelse: 20-30 tonn\"}]},{\"@type\":\"WebSite\",\"@id\":\"https:\/\/viggobendz.dk\/no\/#website\",\"url\":\"https:\/\/viggobendz.dk\/no\/\",\"name\":\"Viggo Bendz\",\"description\":\"Det ansvarlige valg\",\"publisher\":{\"@id\":\"https:\/\/viggobendz.dk\/no\/#organization\"},\"potentialAction\":[{\"@type\":\"SearchAction\",\"target\":{\"@type\":\"EntryPoint\",\"urlTemplate\":\"https:\/\/viggobendz.dk\/no\/?s={search_term_string}\"},\"query-input\":{\"@type\":\"PropertyValueSpecification\",\"valueRequired\":true,\"valueName\":\"search_term_string\"}}],\"inLanguage\":\"nb-NO\"},{\"@type\":\"Organization\",\"@id\":\"https:\/\/viggobendz.dk\/no\/#organization\",\"name\":\"Viggo Bendz A\/S\",\"url\":\"https:\/\/viggobendz.dk\/no\/\",\"logo\":{\"@type\":\"ImageObject\",\"inLanguage\":\"nb-NO\",\"@id\":\"https:\/\/viggobendz.dk\/no\/#\/schema\/logo\/image\/\",\"url\":\"https:\/\/viggobendz.dk\/wp-content\/uploads\/2020\/03\/VB-Logo.png\",\"contentUrl\":\"https:\/\/viggobendz.dk\/wp-content\/uploads\/2020\/03\/VB-Logo.png\",\"width\":735,\"height\":776,\"caption\":\"Viggo Bendz A\/S\"},\"image\":{\"@id\":\"https:\/\/viggobendz.dk\/no\/#\/schema\/logo\/image\/\"}}]}<\/script>","yoast_head_json":{"title":"Maskinst\u00f8rrelse: 20-30 tonn - Viggo Bendz","robots":{"index":"index","follow":"follow","max-snippet":"max-snippet:-1","max-image-preview":"max-image-preview:large","max-video-preview":"max-video-preview:-1"},"canonical":"https:\/\/viggobendz.dk\/no\/butik\/riving\/ta-tak\/hydraulisk-gripeklo\/maskinstoerrelse-20-30-tonn\/","og_locale":"nb_NO","og_type":"article","og_title":"Maskinst\u00f8rrelse: 20-30 tonn - Viggo Bendz","og_description":"Hydraulisk grabb fra Trevi Benne","og_url":"https:\/\/viggobendz.dk\/no\/butik\/riving\/ta-tak\/hydraulisk-gripeklo\/maskinstoerrelse-20-30-tonn\/","og_site_name":"Viggo Bendz","og_image":[{"width":650,"height":492,"url":"https:\/\/viggobendz.dk\/wp-content\/uploads\/2025\/02\/PM_SERIES_1.jpg","type":"image\/jpeg"}],"twitter_card":"summary_large_image","twitter_misc":{"Ansl. lesetid":"1 minutt"},"schema":{"@context":"https:\/\/schema.org","@graph":[{"@type":"WebPage","@id":"https:\/\/viggobendz.dk\/no\/butik\/riving\/ta-tak\/hydraulisk-gripeklo\/maskinstoerrelse-20-30-tonn\/","url":"https:\/\/viggobendz.dk\/no\/butik\/riving\/ta-tak\/hydraulisk-gripeklo\/maskinstoerrelse-20-30-tonn\/","name":"Maskinst\u00f8rrelse: 20-30 tonn - Viggo Bendz","isPartOf":{"@id":"https:\/\/viggobendz.dk\/no\/#website"},"primaryImageOfPage":{"@id":"https:\/\/viggobendz.dk\/no\/butik\/riving\/ta-tak\/hydraulisk-gripeklo\/maskinstoerrelse-20-30-tonn\/#primaryimage"},"image":{"@id":"https:\/\/viggobendz.dk\/no\/butik\/riving\/ta-tak\/hydraulisk-gripeklo\/maskinstoerrelse-20-30-tonn\/#primaryimage"},"thumbnailUrl":"https:\/\/viggobendz.dk\/wp-content\/uploads\/2025\/02\/PM_SERIES_1.jpg","datePublished":"2025-03-20T08:33:06+00:00","breadcrumb":{"@id":"https:\/\/viggobendz.dk\/no\/butik\/riving\/ta-tak\/hydraulisk-gripeklo\/maskinstoerrelse-20-30-tonn\/#breadcrumb"},"inLanguage":"nb-NO","potentialAction":[{"@type":"ReadAction","target":["https:\/\/viggobendz.dk\/no\/butik\/riving\/ta-tak\/hydraulisk-gripeklo\/maskinstoerrelse-20-30-tonn\/"]}]},{"@type":"ImageObject","inLanguage":"nb-NO","@id":"https:\/\/viggobendz.dk\/no\/butik\/riving\/ta-tak\/hydraulisk-gripeklo\/maskinstoerrelse-20-30-tonn\/#primaryimage","url":"https:\/\/viggobendz.dk\/wp-content\/uploads\/2025\/02\/PM_SERIES_1.jpg","contentUrl":"https:\/\/viggobendz.dk\/wp-content\/uploads\/2025\/02\/PM_SERIES_1.jpg","width":650,"height":492},{"@type":"BreadcrumbList","@id":"https:\/\/viggobendz.dk\/no\/butik\/riving\/ta-tak\/hydraulisk-gripeklo\/maskinstoerrelse-20-30-tonn\/#breadcrumb","itemListElement":[{"@type":"ListItem","position":1,"name":"Hjem","item":"https:\/\/viggobendz.dk\/no\/startside\/"},{"@type":"ListItem","position":2,"name":"Shop","item":"https:\/\/viggobendz.dk\/butik\/"},{"@type":"ListItem","position":3,"name":"Maskinst\u00f8rrelse: 20-30 tonn"}]},{"@type":"WebSite","@id":"https:\/\/viggobendz.dk\/no\/#website","url":"https:\/\/viggobendz.dk\/no\/","name":"Viggo Bendz","description":"Det ansvarlige valg","publisher":{"@id":"https:\/\/viggobendz.dk\/no\/#organization"},"potentialAction":[{"@type":"SearchAction","target":{"@type":"EntryPoint","urlTemplate":"https:\/\/viggobendz.dk\/no\/?s={search_term_string}"},"query-input":{"@type":"PropertyValueSpecification","valueRequired":true,"valueName":"search_term_string"}}],"inLanguage":"nb-NO"},{"@type":"Organization","@id":"https:\/\/viggobendz.dk\/no\/#organization","name":"Viggo Bendz A\/S","url":"https:\/\/viggobendz.dk\/no\/","logo":{"@type":"ImageObject","inLanguage":"nb-NO","@id":"https:\/\/viggobendz.dk\/no\/#\/schema\/logo\/image\/","url":"https:\/\/viggobendz.dk\/wp-content\/uploads\/2020\/03\/VB-Logo.png","contentUrl":"https:\/\/viggobendz.dk\/wp-content\/uploads\/2020\/03\/VB-Logo.png","width":735,"height":776,"caption":"Viggo Bendz A\/S"},"image":{"@id":"https:\/\/viggobendz.dk\/no\/#\/schema\/logo\/image\/"}}]}},"_links":{"self":[{"href":"https:\/\/viggobendz.dk\/no\/wp-json\/wp\/v2\/product\/25452","targetHints":{"allow":["GET"]}}],"collection":[{"href":"https:\/\/viggobendz.dk\/no\/wp-json\/wp\/v2\/product"}],"about":[{"href":"https:\/\/viggobendz.dk\/no\/wp-json\/wp\/v2\/types\/product"}],"wp:featuredmedia":[{"embeddable":true,"href":"https:\/\/viggobendz.dk\/no\/wp-json\/wp\/v2\/media\/19784"}],"wp:attachment":[{"href":"https:\/\/viggobendz.dk\/no\/wp-json\/wp\/v2\/media?parent=25452"}],"wp:term":[{"taxonomy":"product_brand","embeddable":true,"href":"https:\/\/viggobendz.dk\/no\/wp-json\/wp\/v2\/product_brand?post=25452"},{"taxonomy":"product_cat","embeddable":true,"href":"https:\/\/viggobendz.dk\/no\/wp-json\/wp\/v2\/product_cat?post=25452"},{"taxonomy":"product_tag","embeddable":true,"href":"https:\/\/viggobendz.dk\/no\/wp-json\/wp\/v2\/product_tag?post=25452"}],"curies":[{"name":"wp","href":"https:\/\/api.w.org\/{rel}","templated":true}]}}