{"id":25739,"date":"2025-03-11T07:52:43","date_gmt":"2025-03-11T06:52:43","guid":{"rendered":"https:\/\/viggobendz.dk\/butik\/ukategorisert\/hydraulisk-powertilt-pta-050-s40-fastmontert\/"},"modified":"2025-03-11T07:52:43","modified_gmt":"2025-03-11T06:52:43","slug":"hydraulisk-powertilt-pta-050-s40-fastmontert","status":"publish","type":"product","link":"https:\/\/viggobendz.dk\/no\/butik\/utstyr\/spader\/powertilt\/hydraulikk\/hydraulisk-powertilt-pta-050-s40-fastmontert\/","title":{"rendered":"Hydraulisk Powertilt &#8211; PTA 050 &#8211; S40 fastmontert"},"content":{"rendered":"<p data-start=\"0\" data-end=\"60\"><strong data-start=\"0\" data-end=\"58\">Hydraulisk Powertilt &#8211; maksimal presisjon og fleksibilitet for gravearbeid<\/strong><\/p>\n<p data-start=\"61\" data-end=\"200\">Hydraulisk tilt er den ideelle l\u00f8sningen for entrepren\u00f8rer som \u00f8nsker full kontroll og fleksibilitet i gravearbeidet. Med en kraftig hydraulisk tiltmekanisme kan skuffen vinkles n\u00f8yaktig opptil 180\u00b0, noe som gj\u00f8r det enklere \u00e5 arbeide i skr\u00e5ninger, gr\u00f8fter og annet komplekst terreng. Den slitesterke konstruksjonen sikrer lang levetid og h\u00f8y p\u00e5litelighet, selv under de mest krevende forhold.  <\/p>\n<ul>\n<li data-start=\"201\" data-end=\"260\"><strong data-start=\"201\" data-end=\"259\">Maksimal mobilitet<\/strong> &#8211; opptil 180\u00b0 hydraulisk tilt for presis posisjonering.<\/li>\n<li data-start=\"261\" data-end=\"320\"><strong data-start=\"261\" data-end=\"319\">\u00d8kt effektivitet<\/strong> &#8211; Reduserer behovet for maskinjustering og sparer tid p\u00e5 oppgaver.<\/li>\n<li data-start=\"321\" data-end=\"380\"><strong data-start=\"321\" data-end=\"379\">Holdbar og robust<\/strong> &#8211; Laget av h\u00f8yfast st\u00e5l for maksimal holdbarhet og p\u00e5litelighet.<\/li>\n<\/ul>\n<p data-start=\"381\" data-end=\"440\">Med en hydraulisk jordfreser f\u00e5r du en allsidig og p\u00e5litelig l\u00f8sning som optimaliserer maskinens funksjonalitet og forbedrer produktiviteten p\u00e5 arbeidsplassen.<\/p>\n","protected":false},"excerpt":{"rendered":"<p>Powertilt<\/p>\n","protected":false},"featured_media":11919,"template":"","meta":{"_acf_changed":false},"product_brand":[],"product_cat":[4993,4926,3588,2594],"product_tag":[],"class_list":{"0":"post-25739","1":"product","2":"type-product","3":"status-publish","4":"has-post-thumbnail","6":"product_cat-hydraulikk","7":"product_cat-powertilt","8":"product_cat-spader","9":"product_cat-utstyr","10":"pa_type-2-cp-pta050-hv-s40","12":"first","13":"instock","14":"taxable","15":"shipping-taxable","16":"purchasable","17":"product-type-simple"},"acf":[],"yoast_head":"<title>Hydraulisk Powertilt - PTA 050 - S40 fastmontert - Viggo Bendz<\/title>\n<meta name=\"robots\" content=\"index, follow, max-snippet:-1, max-image-preview:large, max-video-preview:-1\" \/>\n<link rel=\"canonical\" href=\"https:\/\/viggobendz.dk\/no\/butik\/utstyr\/spader\/powertilt\/hydraulikk\/hydraulisk-powertilt-pta-050-s40-fastmontert\/\" \/>\n<meta property=\"og:locale\" content=\"nb_NO\" \/>\n<meta property=\"og:type\" content=\"article\" \/>\n<meta property=\"og:title\" content=\"Hydraulisk Powertilt - PTA 050 - S40 fastmontert - Viggo Bendz\" \/>\n<meta property=\"og:description\" content=\"Powertilt\" \/>\n<meta property=\"og:url\" content=\"https:\/\/viggobendz.dk\/no\/butik\/utstyr\/spader\/powertilt\/hydraulikk\/hydraulisk-powertilt-pta-050-s40-fastmontert\/\" \/>\n<meta property=\"og:site_name\" content=\"Viggo Bendz\" \/>\n<meta property=\"og:image\" content=\"https:\/\/viggobendz.dk\/wp-content\/uploads\/2025\/02\/Powertilt-hurtigtskifte-Photoroom.png\" \/>\n\t<meta property=\"og:image:width\" content=\"600\" \/>\n\t<meta property=\"og:image:height\" content=\"600\" \/>\n\t<meta property=\"og:image:type\" content=\"image\/png\" \/>\n<meta name=\"twitter:card\" content=\"summary_large_image\" \/>\n<meta name=\"twitter:label1\" content=\"Ansl. lesetid\" \/>\n\t<meta name=\"twitter:data1\" content=\"1 minutt\" \/>\n<script type=\"application\/ld+json\" class=\"yoast-schema-graph\">{\"@context\":\"https:\/\/schema.org\",\"@graph\":[{\"@type\":\"WebPage\",\"@id\":\"https:\/\/viggobendz.dk\/no\/butik\/utstyr\/spader\/powertilt\/hydraulikk\/hydraulisk-powertilt-pta-050-s40-fastmontert\/\",\"url\":\"https:\/\/viggobendz.dk\/no\/butik\/utstyr\/spader\/powertilt\/hydraulikk\/hydraulisk-powertilt-pta-050-s40-fastmontert\/\",\"name\":\"Hydraulisk Powertilt - PTA 050 - S40 fastmontert - Viggo Bendz\",\"isPartOf\":{\"@id\":\"https:\/\/viggobendz.dk\/no\/#website\"},\"primaryImageOfPage\":{\"@id\":\"https:\/\/viggobendz.dk\/no\/butik\/utstyr\/spader\/powertilt\/hydraulikk\/hydraulisk-powertilt-pta-050-s40-fastmontert\/#primaryimage\"},\"image\":{\"@id\":\"https:\/\/viggobendz.dk\/no\/butik\/utstyr\/spader\/powertilt\/hydraulikk\/hydraulisk-powertilt-pta-050-s40-fastmontert\/#primaryimage\"},\"thumbnailUrl\":\"https:\/\/viggobendz.dk\/wp-content\/uploads\/2025\/02\/Powertilt-hurtigtskifte-Photoroom.png\",\"datePublished\":\"2025-03-11T06:52:43+00:00\",\"breadcrumb\":{\"@id\":\"https:\/\/viggobendz.dk\/no\/butik\/utstyr\/spader\/powertilt\/hydraulikk\/hydraulisk-powertilt-pta-050-s40-fastmontert\/#breadcrumb\"},\"inLanguage\":\"nb-NO\",\"potentialAction\":[{\"@type\":\"ReadAction\",\"target\":[\"https:\/\/viggobendz.dk\/no\/butik\/utstyr\/spader\/powertilt\/hydraulikk\/hydraulisk-powertilt-pta-050-s40-fastmontert\/\"]}]},{\"@type\":\"ImageObject\",\"inLanguage\":\"nb-NO\",\"@id\":\"https:\/\/viggobendz.dk\/no\/butik\/utstyr\/spader\/powertilt\/hydraulikk\/hydraulisk-powertilt-pta-050-s40-fastmontert\/#primaryimage\",\"url\":\"https:\/\/viggobendz.dk\/wp-content\/uploads\/2025\/02\/Powertilt-hurtigtskifte-Photoroom.png\",\"contentUrl\":\"https:\/\/viggobendz.dk\/wp-content\/uploads\/2025\/02\/Powertilt-hurtigtskifte-Photoroom.png\",\"width\":600,\"height\":600},{\"@type\":\"BreadcrumbList\",\"@id\":\"https:\/\/viggobendz.dk\/no\/butik\/utstyr\/spader\/powertilt\/hydraulikk\/hydraulisk-powertilt-pta-050-s40-fastmontert\/#breadcrumb\",\"itemListElement\":[{\"@type\":\"ListItem\",\"position\":1,\"name\":\"Hjem\",\"item\":\"https:\/\/viggobendz.dk\/no\/startside\/\"},{\"@type\":\"ListItem\",\"position\":2,\"name\":\"Shop\",\"item\":\"https:\/\/viggobendz.dk\/butik\/\"},{\"@type\":\"ListItem\",\"position\":3,\"name\":\"Utstyr\",\"item\":\"https:\/\/viggobendz.dk\/no\/vare-kategori\/utstyr\/\"},{\"@type\":\"ListItem\",\"position\":4,\"name\":\"Spader\",\"item\":\"https:\/\/viggobendz.dk\/no\/vare-kategori\/utstyr\/spader\/\"},{\"@type\":\"ListItem\",\"position\":5,\"name\":\"Powertilt\",\"item\":\"https:\/\/viggobendz.dk\/no\/vare-kategori\/utstyr\/spader\/powertilt\/\"},{\"@type\":\"ListItem\",\"position\":6,\"name\":\"Hydraulikk\",\"item\":\"https:\/\/viggobendz.dk\/no\/vare-kategori\/utstyr\/spader\/powertilt\/hydraulikk\/\"},{\"@type\":\"ListItem\",\"position\":7,\"name\":\"Hydraulisk Powertilt &#8211; PTA 050 &#8211; S40 fastmontert\"}]},{\"@type\":\"WebSite\",\"@id\":\"https:\/\/viggobendz.dk\/no\/#website\",\"url\":\"https:\/\/viggobendz.dk\/no\/\",\"name\":\"Viggo Bendz\",\"description\":\"Det ansvarlige valg\",\"publisher\":{\"@id\":\"https:\/\/viggobendz.dk\/no\/#organization\"},\"potentialAction\":[{\"@type\":\"SearchAction\",\"target\":{\"@type\":\"EntryPoint\",\"urlTemplate\":\"https:\/\/viggobendz.dk\/no\/?s={search_term_string}\"},\"query-input\":{\"@type\":\"PropertyValueSpecification\",\"valueRequired\":true,\"valueName\":\"search_term_string\"}}],\"inLanguage\":\"nb-NO\"},{\"@type\":\"Organization\",\"@id\":\"https:\/\/viggobendz.dk\/no\/#organization\",\"name\":\"Viggo Bendz A\/S\",\"url\":\"https:\/\/viggobendz.dk\/no\/\",\"logo\":{\"@type\":\"ImageObject\",\"inLanguage\":\"nb-NO\",\"@id\":\"https:\/\/viggobendz.dk\/no\/#\/schema\/logo\/image\/\",\"url\":\"https:\/\/viggobendz.dk\/wp-content\/uploads\/2020\/03\/VB-Logo.png\",\"contentUrl\":\"https:\/\/viggobendz.dk\/wp-content\/uploads\/2020\/03\/VB-Logo.png\",\"width\":735,\"height\":776,\"caption\":\"Viggo Bendz A\/S\"},\"image\":{\"@id\":\"https:\/\/viggobendz.dk\/no\/#\/schema\/logo\/image\/\"}}]}<\/script>","yoast_head_json":{"title":"Hydraulisk Powertilt - PTA 050 - S40 fastmontert - Viggo Bendz","robots":{"index":"index","follow":"follow","max-snippet":"max-snippet:-1","max-image-preview":"max-image-preview:large","max-video-preview":"max-video-preview:-1"},"canonical":"https:\/\/viggobendz.dk\/no\/butik\/utstyr\/spader\/powertilt\/hydraulikk\/hydraulisk-powertilt-pta-050-s40-fastmontert\/","og_locale":"nb_NO","og_type":"article","og_title":"Hydraulisk Powertilt - PTA 050 - S40 fastmontert - Viggo Bendz","og_description":"Powertilt","og_url":"https:\/\/viggobendz.dk\/no\/butik\/utstyr\/spader\/powertilt\/hydraulikk\/hydraulisk-powertilt-pta-050-s40-fastmontert\/","og_site_name":"Viggo Bendz","og_image":[{"width":600,"height":600,"url":"https:\/\/viggobendz.dk\/wp-content\/uploads\/2025\/02\/Powertilt-hurtigtskifte-Photoroom.png","type":"image\/png"}],"twitter_card":"summary_large_image","twitter_misc":{"Ansl. lesetid":"1 minutt"},"schema":{"@context":"https:\/\/schema.org","@graph":[{"@type":"WebPage","@id":"https:\/\/viggobendz.dk\/no\/butik\/utstyr\/spader\/powertilt\/hydraulikk\/hydraulisk-powertilt-pta-050-s40-fastmontert\/","url":"https:\/\/viggobendz.dk\/no\/butik\/utstyr\/spader\/powertilt\/hydraulikk\/hydraulisk-powertilt-pta-050-s40-fastmontert\/","name":"Hydraulisk Powertilt - PTA 050 - S40 fastmontert - Viggo Bendz","isPartOf":{"@id":"https:\/\/viggobendz.dk\/no\/#website"},"primaryImageOfPage":{"@id":"https:\/\/viggobendz.dk\/no\/butik\/utstyr\/spader\/powertilt\/hydraulikk\/hydraulisk-powertilt-pta-050-s40-fastmontert\/#primaryimage"},"image":{"@id":"https:\/\/viggobendz.dk\/no\/butik\/utstyr\/spader\/powertilt\/hydraulikk\/hydraulisk-powertilt-pta-050-s40-fastmontert\/#primaryimage"},"thumbnailUrl":"https:\/\/viggobendz.dk\/wp-content\/uploads\/2025\/02\/Powertilt-hurtigtskifte-Photoroom.png","datePublished":"2025-03-11T06:52:43+00:00","breadcrumb":{"@id":"https:\/\/viggobendz.dk\/no\/butik\/utstyr\/spader\/powertilt\/hydraulikk\/hydraulisk-powertilt-pta-050-s40-fastmontert\/#breadcrumb"},"inLanguage":"nb-NO","potentialAction":[{"@type":"ReadAction","target":["https:\/\/viggobendz.dk\/no\/butik\/utstyr\/spader\/powertilt\/hydraulikk\/hydraulisk-powertilt-pta-050-s40-fastmontert\/"]}]},{"@type":"ImageObject","inLanguage":"nb-NO","@id":"https:\/\/viggobendz.dk\/no\/butik\/utstyr\/spader\/powertilt\/hydraulikk\/hydraulisk-powertilt-pta-050-s40-fastmontert\/#primaryimage","url":"https:\/\/viggobendz.dk\/wp-content\/uploads\/2025\/02\/Powertilt-hurtigtskifte-Photoroom.png","contentUrl":"https:\/\/viggobendz.dk\/wp-content\/uploads\/2025\/02\/Powertilt-hurtigtskifte-Photoroom.png","width":600,"height":600},{"@type":"BreadcrumbList","@id":"https:\/\/viggobendz.dk\/no\/butik\/utstyr\/spader\/powertilt\/hydraulikk\/hydraulisk-powertilt-pta-050-s40-fastmontert\/#breadcrumb","itemListElement":[{"@type":"ListItem","position":1,"name":"Hjem","item":"https:\/\/viggobendz.dk\/no\/startside\/"},{"@type":"ListItem","position":2,"name":"Shop","item":"https:\/\/viggobendz.dk\/butik\/"},{"@type":"ListItem","position":3,"name":"Utstyr","item":"https:\/\/viggobendz.dk\/no\/vare-kategori\/utstyr\/"},{"@type":"ListItem","position":4,"name":"Spader","item":"https:\/\/viggobendz.dk\/no\/vare-kategori\/utstyr\/spader\/"},{"@type":"ListItem","position":5,"name":"Powertilt","item":"https:\/\/viggobendz.dk\/no\/vare-kategori\/utstyr\/spader\/powertilt\/"},{"@type":"ListItem","position":6,"name":"Hydraulikk","item":"https:\/\/viggobendz.dk\/no\/vare-kategori\/utstyr\/spader\/powertilt\/hydraulikk\/"},{"@type":"ListItem","position":7,"name":"Hydraulisk Powertilt &#8211; PTA 050 &#8211; S40 fastmontert"}]},{"@type":"WebSite","@id":"https:\/\/viggobendz.dk\/no\/#website","url":"https:\/\/viggobendz.dk\/no\/","name":"Viggo Bendz","description":"Det ansvarlige valg","publisher":{"@id":"https:\/\/viggobendz.dk\/no\/#organization"},"potentialAction":[{"@type":"SearchAction","target":{"@type":"EntryPoint","urlTemplate":"https:\/\/viggobendz.dk\/no\/?s={search_term_string}"},"query-input":{"@type":"PropertyValueSpecification","valueRequired":true,"valueName":"search_term_string"}}],"inLanguage":"nb-NO"},{"@type":"Organization","@id":"https:\/\/viggobendz.dk\/no\/#organization","name":"Viggo Bendz A\/S","url":"https:\/\/viggobendz.dk\/no\/","logo":{"@type":"ImageObject","inLanguage":"nb-NO","@id":"https:\/\/viggobendz.dk\/no\/#\/schema\/logo\/image\/","url":"https:\/\/viggobendz.dk\/wp-content\/uploads\/2020\/03\/VB-Logo.png","contentUrl":"https:\/\/viggobendz.dk\/wp-content\/uploads\/2020\/03\/VB-Logo.png","width":735,"height":776,"caption":"Viggo Bendz A\/S"},"image":{"@id":"https:\/\/viggobendz.dk\/no\/#\/schema\/logo\/image\/"}}]}},"_links":{"self":[{"href":"https:\/\/viggobendz.dk\/no\/wp-json\/wp\/v2\/product\/25739","targetHints":{"allow":["GET"]}}],"collection":[{"href":"https:\/\/viggobendz.dk\/no\/wp-json\/wp\/v2\/product"}],"about":[{"href":"https:\/\/viggobendz.dk\/no\/wp-json\/wp\/v2\/types\/product"}],"wp:featuredmedia":[{"embeddable":true,"href":"https:\/\/viggobendz.dk\/no\/wp-json\/wp\/v2\/media\/11919"}],"wp:attachment":[{"href":"https:\/\/viggobendz.dk\/no\/wp-json\/wp\/v2\/media?parent=25739"}],"wp:term":[{"taxonomy":"product_brand","embeddable":true,"href":"https:\/\/viggobendz.dk\/no\/wp-json\/wp\/v2\/product_brand?post=25739"},{"taxonomy":"product_cat","embeddable":true,"href":"https:\/\/viggobendz.dk\/no\/wp-json\/wp\/v2\/product_cat?post=25739"},{"taxonomy":"product_tag","embeddable":true,"href":"https:\/\/viggobendz.dk\/no\/wp-json\/wp\/v2\/product_tag?post=25739"}],"curies":[{"name":"wp","href":"https:\/\/api.w.org\/{rel}","templated":true}]}}